{"id":4927,"date":"2021-12-07T00:34:26","date_gmt":"2021-12-06T21:34:26","guid":{"rendered":"http:\/\/holidayexcursion.com\/ueber-uns\/"},"modified":"2023-11-08T18:52:53","modified_gmt":"2023-11-08T15:52:53","slug":"ueber-uns","status":"publish","type":"page","link":"https:\/\/holidayexcursion.com\/de\/ueber-uns\/","title":{"rendered":"\u00fcber uns"},"content":{"rendered":"\n\n\t<section class=\"section dark\" id=\"section_1260579071\">\n\t\t<div class=\"section-bg fill\" >\n\t\t\t<img loading=\"lazy\" decoding=\"async\" width=\"1500\" height=\"600\" src=\"https:\/\/holidayexcursion.com\/wp-content\/uploads\/2021\/12\/FS-background-01.png\" class=\"bg\" alt=\"Alanya Kalesi\" srcset=\"https:\/\/holidayexcursion.com\/wp-content\/uploads\/2021\/12\/FS-background-01.png 1500w, https:\/\/holidayexcursion.com\/wp-content\/uploads\/2021\/12\/FS-background-01-300x120.png 300w, https:\/\/holidayexcursion.com\/wp-content\/uploads\/2021\/12\/FS-background-01-1024x410.png 1024w, https:\/\/holidayexcursion.com\/wp-content\/uploads\/2021\/12\/FS-background-01-768x307.png 768w, https:\/\/holidayexcursion.com\/wp-content\/uploads\/2021\/12\/FS-background-01-600x240.png 600w\" sizes=\"auto, (max-width: 1500px) 100vw, 1500px\" title=\"\">\n\t\t\t\n\t\t\t\n\t\t\t\n\n\t\t<\/div>\n\n\t\t\n\n\t\t<div class=\"section-content relative\">\n\t\t\t\n\n<div class=\"row align-center\"  id=\"row-1658563973\">\n\n\n\t<div id=\"col-1273805660\" class=\"col medium-7 small-12 large-8\"  >\n\t\t\t\t<div class=\"col-inner\"  >\n\t\t\t\n\t\t\t\n\n\t<div id=\"text-3602079750\" class=\"text\">\n\t\t\n\n<h1 style=\"text-align: center;\"><span style=\"font-size: 250%;\">\u00fcber uns<\/span><\/h1>\n\t\t\n<style>\n#text-3602079750 {\n  text-align: center;\n}\n<\/style>\n\t<\/div>\n\t\n<div class=\"text-center\"><div class=\"is-divider divider clearfix\" style=\"max-width:100px;height:5px;background-color:rgb(17, 75, 108);\"><\/div><\/div>\n\n\t<div id=\"text-2559474505\" class=\"text\">\n\t\t\n\n<p style=\"text-align: center;\">Willkommen auf unserer Seite. Wir sind ein Unternehmen der (A)-Gruppe, das Mitglied im Verband t\u00fcrkischer Reiseb\u00fcros ist. Alle Ihre Buchungen unterliegen der Garantie unseres Unternehmens namens BUGRA TUR\u0130ZM mit der Lizenznummer (2368). Wir akzeptieren Online-Buchungen am 24\/07<\/p>\n\t\t\n<style>\n#text-2559474505 {\n  text-align: center;\n}\n<\/style>\n\t<\/div>\n\t\n\n\t\t<\/div>\n\t\t\t\t\t<\/div>\n\n\t\n\n<\/div>\n\n\t\t<\/div>\n\n\t\t\n<style>\n#section_1260579071 {\n  padding-top: 30px;\n  padding-bottom: 30px;\n  min-height: 350px;\n  background-color: #f09c08;\n}\n#section_1260579071 .bg {\n  object-position: 46% 59%;\n}\n@media (min-width:550px) {\n  #section_1260579071 {\n    min-height: 213px;\n  }\n}\n<\/style>\n\t<\/section>\n\t\n\n\t<section class=\"section\" id=\"section_2041319167\">\n\t\t<div class=\"section-bg fill\" >\n\t\t\t\n\t\t\t\n\t\t\t\n\t\t\t\n\n\t\t<\/div>\n\n\t\t\n\n\t\t<div class=\"section-content relative\">\n\t\t\t\n\n\t<div id=\"gap-1108328147\" class=\"gap-element clearfix\" style=\"display:block; height:auto;\">\n\t\t\n<style>\n#gap-1108328147 {\n  padding-top: 30px;\n}\n<\/style>\n\t<\/div>\n\t\n\n<div class=\"row row-large align-middle\" style=\"max-width:1300px\" id=\"row-53558014\">\n\n\n\t<div id=\"col-1546564042\" class=\"col medium-12 small-12 large-6\"  >\n\t\t\t\t<div class=\"col-inner\"  >\n\t\t\t\n\t\t\t\n\n\t<div class=\"img has-hover x md-x lg-x y md-y lg-y\" id=\"image_1863140159\">\n\t\t\t\t\t\t<div data-animate=\"bounceInLeft\">\t\t<div class=\"img-inner dark\" >\n\t\t\t<img loading=\"lazy\" decoding=\"async\" width=\"619\" height=\"284\" src=\"https:\/\/holidayexcursion.com\/wp-content\/uploads\/2021\/11\/Holiday-Excursion-Alanya-logo.webp\" class=\"attachment-original size-original\" alt=\"Urlaubsausflug Alanya\" srcset=\"https:\/\/holidayexcursion.com\/wp-content\/uploads\/2021\/11\/Holiday-Excursion-Alanya-logo.webp 619w, https:\/\/holidayexcursion.com\/wp-content\/uploads\/2021\/11\/Holiday-Excursion-Alanya-logo-300x138.webp 300w, https:\/\/holidayexcursion.com\/wp-content\/uploads\/2021\/11\/Holiday-Excursion-Alanya-logo-600x275.webp 600w\" sizes=\"auto, (max-width: 619px) 100vw, 619px\" title=\"\">\t\t\t\t\t\t\n\t\t\t\t\t<\/div>\n\t\t<\/div>\t\t\t\t\t\t\n<style>\n#image_1863140159 {\n  width: 100%;\n}\n<\/style>\n\t<\/div>\n\t\n\n\n\t\t<\/div>\n\t\t\t\t\t<\/div>\n\n\t\n\n\t<div id=\"col-828833031\" class=\"col medium-12 small-12 large-6\"  >\n\t\t\t\t<div class=\"col-inner\"  >\n\t\t\t\n\t\t\t\n\n\t<div id=\"gap-1383349110\" class=\"gap-element clearfix\" style=\"display:block; height:auto;\">\n\t\t\n<style>\n#gap-1383349110 {\n  padding-top: 30px;\n}\n<\/style>\n\t<\/div>\n\t\n\n\t<div id=\"text-1026822598\" class=\"text\">\n\t\t\n\n<h2>Holiday Excursion Tourismusb\u00fcro<\/h2>\n\t\t\n<style>\n#text-1026822598 {\n  font-size: 1.75rem;\n  text-align: center;\n}\n@media (min-width:550px) {\n  #text-1026822598 {\n    text-align: center;\n  }\n}\n<\/style>\n\t<\/div>\n\t\n<div class=\"text-center\"><div class=\"is-divider divider clearfix\" style=\"max-width:100px;height:4px;background-color:rgb(51, 95, 36);\"><\/div><\/div>\n\n\t<div id=\"text-3884925006\" class=\"text\">\n\t\t\n\n<p>Willkommen auf unserer Seite. Wir sind ein Unternehmen der (A)-Gruppe, das Mitglied des Verbandes t\u00fcrkischer Reiseb\u00fcros ist. Alle Ihre Buchungen unterliegen der Garantie unseres Unternehmens namens BUGRA TUR\u0130ZM mit der Lizenznummer (2368). Wir akzeptieren Online-Buchungen am 24.07. Sie k\u00f6nnen Reservierungen auf verschiedene Weise vornehmen, z. B. indem Sie das Reservierungsformular WhatsApp ausf\u00fcllen, eine E-Mail senden, anrufen oder per SMS. Wir haben Ihre Adresse und Daten f\u00fcr die Reservierung. Je nach Wunsch holt Sie unser Informationspersonal in Ihrer Sprache in Ihrem Hotel oder Ihrer Wohnadresse ab und gibt Ihnen alle Informationen zu unseren Touren. Einige der Touraktivit\u00e4ten wie T\u00fcrkisches Bad, T\u00fcrkische Nacht und Quad-Tour k\u00f6nnen am selben Tag gebucht werden. Sie k\u00f6nnen die Tourgeb\u00fchr bei der Buchung an den Reiseleiter oder das Informationspersonal zahlen, es ist m\u00f6glich, in allen W\u00e4hrungen an unser Personal zu zahlen. Wir w\u00fcnschen Ihnen eine unvergessliche Reise und genussvolle Momente bei unseren Ausfl\u00fcgen.<\/p>\n\t\t\n<style>\n#text-3884925006 {\n  text-align: center;\n}\n@media (min-width:550px) {\n  #text-3884925006 {\n    text-align: center;\n  }\n}\n<\/style>\n\t<\/div>\n\t\n\n\t\t<\/div>\n\t\t\t\t\n<style>\n#col-828833031 > .col-inner {\n  padding: 0px 0px 0px 0;\n}\n@media (min-width:550px) {\n  #col-828833031 > .col-inner {\n    padding: 0px 0px 0px 30px;\n  }\n}\n<\/style>\n\t<\/div>\n\n\t\n\n<\/div>\n\t<div id=\"gap-2065761494\" class=\"gap-element clearfix\" style=\"display:block; height:auto;\">\n\t\t\n<style>\n#gap-2065761494 {\n  padding-top: 40px;\n}\n@media (min-width:550px) {\n  #gap-2065761494 {\n    padding-top: 80px;\n  }\n}\n<\/style>\n\t<\/div>\n\t\n\n<div class=\"row row-solid\" style=\"max-width:1300px\" id=\"row-60319748\">\n\n\n\t<div id=\"col-1986541293\" class=\"col medium-4 small-12 large-4\"  >\n\t\t\t\t<div class=\"col-inner\"  >\n\t\t\t\n\t\t\t\n\n\t<div id=\"text-2486028474\" class=\"text\">\n\t\t\n\n<h2><span class=\"count-up\">35<\/span>+<\/h2>\n\t\t\n<style>\n#text-2486028474 {\n  font-size: 2.5rem;\n  text-align: center;\n}\n<\/style>\n\t<\/div>\n\t\n\t<div id=\"text-3882772709\" class=\"text\">\n\t\t\n\n<p>Touren<\/p>\n\t\t\n<style>\n#text-3882772709 {\n  text-align: center;\n}\n<\/style>\n\t<\/div>\n\t\n\n\t\t<\/div>\n\t\t\t\t\t<\/div>\n\n\t\n\n\t<div id=\"col-653537444\" class=\"col medium-4 small-12 large-4\"  >\n\t\t\t\t<div class=\"col-inner\"  >\n\t\t\t\n\t\t\t\n\n\t<div id=\"text-635908097\" class=\"text\">\n\t\t\n\n<h2><span class=\"count-up\">2563<\/span>+<\/h2>\n\t\t\n<style>\n#text-635908097 {\n  font-size: 2.5rem;\n  text-align: center;\n}\n<\/style>\n\t<\/div>\n\t\n\t<div id=\"text-1496946499\" class=\"text\">\n\t\t\n\n<p>Zufriedener Kunde<\/p>\n\t\t\n<style>\n#text-1496946499 {\n  text-align: center;\n}\n<\/style>\n\t<\/div>\n\t\n\n\t\t<\/div>\n\t\t\t\t\t<\/div>\n\n\t\n\n\t<div id=\"col-1226595430\" class=\"col medium-4 small-12 large-4\"  >\n\t\t\t\t<div class=\"col-inner\"  >\n\t\t\t\n\t\t\t\n\n\t<div id=\"text-2279318856\" class=\"text\">\n\t\t\n\n<h2><span class=\"count-up\">13<\/span><\/h2>\n\t\t\n<style>\n#text-2279318856 {\n  font-size: 2.5rem;\n  text-align: center;\n}\n<\/style>\n\t<\/div>\n\t\n\t<div id=\"text-4239551082\" class=\"text\">\n\t\t\n\n<p>Erfahrungen des Jahres<\/p>\n\t\t\n<style>\n#text-4239551082 {\n  text-align: center;\n}\n<\/style>\n\t<\/div>\n\t\n\n\t\t<\/div>\n\t\t\t\t\t<\/div>\n\n\t\n\n<\/div>\n\n\t\t<\/div>\n\n\t\t\n<style>\n#section_2041319167 {\n  padding-top: 50px;\n  padding-bottom: 50px;\n}\n@media (min-width:550px) {\n  #section_2041319167 {\n    padding-top: 110px;\n    padding-bottom: 110px;\n  }\n}\n<\/style>\n\t<\/section>\n\t\n","protected":false},"excerpt":{"rendered":"","protected":false},"author":4,"featured_media":0,"parent":0,"menu_order":0,"comment_status":"closed","ping_status":"closed","template":"page-blank.php","meta":{"footnotes":""},"class_list":["post-4927","page","type-page","status-publish","hentry"],"_links":{"self":[{"href":"https:\/\/holidayexcursion.com\/de\/wp-json\/wp\/v2\/pages\/4927","targetHints":{"allow":["GET"]}}],"collection":[{"href":"https:\/\/holidayexcursion.com\/de\/wp-json\/wp\/v2\/pages"}],"about":[{"href":"https:\/\/holidayexcursion.com\/de\/wp-json\/wp\/v2\/types\/page"}],"author":[{"embeddable":true,"href":"https:\/\/holidayexcursion.com\/de\/wp-json\/wp\/v2\/users\/4"}],"replies":[{"embeddable":true,"href":"https:\/\/holidayexcursion.com\/de\/wp-json\/wp\/v2\/comments?post=4927"}],"version-history":[{"count":0,"href":"https:\/\/holidayexcursion.com\/de\/wp-json\/wp\/v2\/pages\/4927\/revisions"}],"wp:attachment":[{"href":"https:\/\/holidayexcursion.com\/de\/wp-json\/wp\/v2\/media?parent=4927"}],"curies":[{"name":"wp","href":"https:\/\/api.w.org\/{rel}","templated":true}]}}