{"id":19323,"date":"2022-01-04T22:52:47","date_gmt":"2022-01-04T19:52:47","guid":{"rendered":"https:\/\/holidayexcursion.com\/excursions-in-alanya\/bicycle-for-rent\/"},"modified":"2024-07-30T15:51:04","modified_gmt":"2024-07-30T12:51:04","slug":"bikes","status":"publish","type":"product","link":"https:\/\/holidayexcursion.com\/de\/tours-in-alanya\/rent-a-car-de\/bikes\/","title":{"rendered":"FAHRR\u00c4DER ZU VERMIETEN"},"content":{"rendered":"<h2 style=\"text-align: center;\"><strong>FAHRR\u00c4DER ZU VERMIETEN<\/strong><\/h2>\n<p style=\"text-align: center;\"><span style=\"vertical-align: inherit;\"><span style=\"vertical-align: inherit;\">Fahrr\u00e4der<\/span><\/span><\/p>\n<p style=\"text-align: center;\"><span style=\"vertical-align: inherit;\"><span style=\"vertical-align: inherit;\">1-7 Tage Preis: 7 \u20ac<\/span><\/span><\/p>\n<p style=\"text-align: center;\"><span style=\"vertical-align: inherit;\"><span style=\"vertical-align: inherit;\"> 7-14 Tage Preis: 5 \u20ac<\/span><\/span><span style=\"vertical-align: inherit;\"><span style=\"vertical-align: inherit;\">                   <\/span><\/span><\/p>\n<p style=\"text-align: center;\">Entdecken Sie die Vorteile der Nutzung von Fahrr\u00e4dern<\/p>\n<p style=\"text-align: center;\">In den letzten Jahren erfreuen sich Fahrr\u00e4der zunehmender Beliebtheit als bevorzugtes Fortbewegungsmittel sowohl f\u00fcr kurze Arbeitswege als auch f\u00fcr Freizeitzwecke. Die Nutzung von Fahrr\u00e4dern bietet zahlreiche Vorteile, nicht nur f\u00fcr den Einzelnen, sondern auch f\u00fcr die Gesellschaft und die Umwelt. In diesem Artikel gehen wir auf einige der wichtigsten Vorteile ein, die das Radfahren mit sich bringt.<\/p>\n<p style=\"text-align: center;\">  <img loading=\"lazy\" decoding=\"async\" class=\"alignnone size-medium wp-image-24734\" src=\"https:\/\/holidayexcursion.com\/wp-content\/uploads\/2022\/01\/Kiralik-bisiklet-alanya-300x188.png\" alt=\"\" width=\"300\" height=\"188\" title=\"\" srcset=\"https:\/\/holidayexcursion.com\/wp-content\/uploads\/2022\/01\/Kiralik-bisiklet-alanya-300x188.png 300w, https:\/\/holidayexcursion.com\/wp-content\/uploads\/2022\/01\/Kiralik-bisiklet-alanya.png 360w\" sizes=\"auto, (max-width: 300px) 100vw, 300px\" \/><\/p>\n<p style=\"text-align: center;\">1. Gesundheit und Fitness: Radfahren ist eine fantastische M\u00f6glichkeit, Bewegung in unseren Alltag zu integrieren. Regelm\u00e4\u00dfiges Radfahren tr\u00e4gt zur Herz-Kreislauf-Fitness, Muskelkraft und Flexibilit\u00e4t bei. Es verbessert die Beweglichkeit der Gelenke und hilft uns, ein gesundes Gewicht zu halten. Im Gegensatz zu anderen Trainingsformen ist Radfahren belastungsarm und verringert das Risiko von \u00dcberlastungen und Verletzungen. Als Bonus kommen wir beim Radfahren im Freien an die frische Luft und spenden Sonnenlicht f\u00fcr die Synthese von Vitamin D.<\/p>\n<p style=\"text-align: center;\"><img loading=\"lazy\" decoding=\"async\" class=\"alignnone size-medium wp-image-24728\" src=\"https:\/\/holidayexcursion.com\/wp-content\/uploads\/2022\/01\/Kiralik-bisiklet-alanya-1-300x225.png\" alt=\"\" width=\"300\" height=\"225\" title=\"\" srcset=\"https:\/\/holidayexcursion.com\/wp-content\/uploads\/2022\/01\/Kiralik-bisiklet-alanya-1-300x225.png 300w, https:\/\/holidayexcursion.com\/wp-content\/uploads\/2022\/01\/Kiralik-bisiklet-alanya-1-768x576.png 768w, https:\/\/holidayexcursion.com\/wp-content\/uploads\/2022\/01\/Kiralik-bisiklet-alanya-1-600x450.png 600w, https:\/\/holidayexcursion.com\/wp-content\/uploads\/2022\/01\/Kiralik-bisiklet-alanya-1.png 920w\" sizes=\"auto, (max-width: 300px) 100vw, 300px\" \/><\/p>\n<p style=\"text-align: center;\">2. Environmentally Friendly: One of the most significant advantages of using <a href=\"https:\/\/holidayexcursion.com\/tours-in-alanya\/rent-a-car\/scooter\/\">bikes<\/a> is their positive impact on the environment. Im Gegensatz zu Kraftfahrzeugen sind Fahrr\u00e4der emissionsfrei, was zu einem geringeren CO2-Aussto\u00df und einer geringeren Luftverschmutzung f\u00fchrt. Indem wir f\u00fcr kurze Wege das Fahrrad dem Auto vorziehen, k\u00f6nnen wir aktiv dazu beitragen, den Klimawandel einzud\u00e4mmen und die Luftqualit\u00e4t in unseren Gemeinden zu verbessern. Dar\u00fcber hinaus nehmen Fahrr\u00e4der deutlich weniger Platz ein, was den Bedarf an Parkpl\u00e4tzen verringert und st\u00e4dtische Gebiete lebenswerter und gr\u00fcner macht.<\/p>\n<p style=\"text-align: center;\">  <img loading=\"lazy\" decoding=\"async\" class=\"alignnone size-medium wp-image-6895\" src=\"https:\/\/holidayexcursion.com\/wp-content\/uploads\/2022\/01\/rent-a-city-bike.jpg\" alt=\"\" width=\"300\" height=\"300\" title=\"\" srcset=\"https:\/\/holidayexcursion.com\/wp-content\/uploads\/2022\/01\/rent-a-city-bike.jpg 375w, https:\/\/holidayexcursion.com\/wp-content\/uploads\/2022\/01\/rent-a-city-bike-300x300.jpg 300w, https:\/\/holidayexcursion.com\/wp-content\/uploads\/2022\/01\/rent-a-city-bike-100x100.jpg 100w, https:\/\/holidayexcursion.com\/wp-content\/uploads\/2022\/01\/rent-a-city-bike-150x150.jpg 150w\" sizes=\"auto, (max-width: 300px) 100vw, 300px\" \/><\/p>\n<p style=\"text-align: center;\">3. Kosteng\u00fcnstig: Der Besitz und Betrieb eines Autos kann finanziell belastend sein, wenn man Treibstoffkosten, Parkgeb\u00fchren, Wartung und Versicherung ber\u00fccksichtigt. Andererseits sind Fahrr\u00e4der relativ g\u00fcnstig in der Anschaffung und im Unterhalt. Abgesehen von der Anfangsinvestition in das Fahrrad und wichtiges Zubeh\u00f6r wie Helm und Beleuchtung fallen bis auf gelegentliche Wartungs- und Reparaturarbeiten keine laufenden Kosten an. Durch regelm\u00e4\u00dfiges Radfahren k\u00f6nnen Einzelpersonen im Laufe der Zeit eine erhebliche Menge Geld sparen, was es zu einer wirtschaftlichen Option macht.<\/p>\n<p style=\"text-align: center;\"><img loading=\"lazy\" decoding=\"async\" class=\"alignnone size-medium wp-image-6870\" src=\"https:\/\/holidayexcursion.com\/wp-content\/uploads\/2022\/01\/alanya-bike-rental.jpg\" alt=\"\" width=\"300\" height=\"300\" title=\"\" srcset=\"https:\/\/holidayexcursion.com\/wp-content\/uploads\/2022\/01\/alanya-bike-rental.jpg 1500w, https:\/\/holidayexcursion.com\/wp-content\/uploads\/2022\/01\/alanya-bike-rental-300x300.jpg 300w, https:\/\/holidayexcursion.com\/wp-content\/uploads\/2022\/01\/alanya-bike-rental-768x768.jpg 768w, https:\/\/holidayexcursion.com\/wp-content\/uploads\/2022\/01\/alanya-bike-rental-1024x1024.jpg 1024w, https:\/\/holidayexcursion.com\/wp-content\/uploads\/2022\/01\/alanya-bike-rental-600x600.jpg 600w, https:\/\/holidayexcursion.com\/wp-content\/uploads\/2022\/01\/alanya-bike-rental-100x100.jpg 100w, https:\/\/holidayexcursion.com\/wp-content\/uploads\/2022\/01\/alanya-bike-rental-150x150.jpg 150w\" sizes=\"auto, (max-width: 300px) 100vw, 300px\" \/><\/p>\n<p style=\"text-align: center;\">4. Effizient und flexibel: In verkehrsreichen st\u00e4dtischen Gebieten sind Fahrr\u00e4der im Vergleich zu Autos oder \u00f6ffentlichen Verkehrsmitteln oft eine schnellere M\u00f6glichkeit, sich durch den Verkehr zu bewegen. Da spezielle Radwege und Infrastruktur immer h\u00e4ufiger genutzt werden, k\u00f6nnen Radfahrer Staus umgehen und ihr Ziel zeiteffizienter erreichen. Dar\u00fcber hinaus bieten Fahrr\u00e4der die Flexibilit\u00e4t, an Orte zu gelangen, die mit dem Auto m\u00f6glicherweise nicht leicht erreichbar sind, wie zum Beispiel enge Gassen, Parks und Fu\u00dfg\u00e4ngerzonen.<\/p>\n<p style=\"text-align: center;\"><img loading=\"lazy\" decoding=\"async\" class=\"alignnone size-full wp-image-6880\" src=\"https:\/\/holidayexcursion.com\/wp-content\/uploads\/2022\/01\/bike-for-rent-in-alanya-bike-service.jpg\" alt=\"\" width=\"225\" height=\"225\" title=\"\" srcset=\"https:\/\/holidayexcursion.com\/wp-content\/uploads\/2022\/01\/bike-for-rent-in-alanya-bike-service.jpg 225w, https:\/\/holidayexcursion.com\/wp-content\/uploads\/2022\/01\/bike-for-rent-in-alanya-bike-service-150x150.jpg 150w, https:\/\/holidayexcursion.com\/wp-content\/uploads\/2022\/01\/bike-for-rent-in-alanya-bike-service-100x100.jpg 100w\" sizes=\"auto, (max-width: 225px) 100vw, 225px\" \/><\/p>\n<p style=\"text-align: center;\">5. Stress reduzierung und geistiges Wohlbefinden: Radfahren hat bekannterma\u00dfen zahlreiche Vorteile f\u00fcr die psychische Gesundheit. Es wurde mit Stressabbau, verbesserter Stimmung und gesteigertem geistigem Wohlbefinden in Verbindung gebracht. Regelm\u00e4\u00dfige Bewegung wie Radfahren regt die Aussch\u00fcttung von Endorphinen an, die nat\u00fcrliche Stimmungsaufheller sind. Radfahren bietet auch die M\u00f6glichkeit, sich mit der Natur zu verbinden und die Umgebung zu genie\u00dfen, was Entspannung und Achtsamkeit f\u00f6rdert.<\/p>\n<p style=\"text-align: center;\">6. <a href=\"https:\/\/www.facebook.com\/Alanyaholidayexcursion\" rel=\"nofollow noopener\" target=\"_blank\">Soziale<\/a> Interaktion und Gemeinschaftsaufbau: Das Mieten von Fahrr\u00e4dern in Alanya kann die soziale Interaktion und den Gemeinschaftsaufbau erleichtern. Cycling clubs, group rides, and events bring people with shared interests together, promoting a sense of belonging and camaraderie. Dar\u00fcber hinaus sorgen Fahrr\u00e4der f\u00fcr ein zug\u00e4nglicheres und freundlicheres Image und f\u00f6rdern spontane Gespr\u00e4che und Interaktionen unter Radfahrern. Dadurch wird das Gemeinschaftsgef\u00fchl gest\u00e4rkt und der soziale Zusammenhalt gef\u00f6rdert.<\/p>\n<p style=\"text-align: center;\"><img loading=\"lazy\" decoding=\"async\" class=\"alignnone size-medium wp-image-24722\" src=\"https:\/\/holidayexcursion.com\/wp-content\/uploads\/2022\/01\/Bike-for-rent-alanya-300x175.png\" alt=\"\" width=\"300\" height=\"175\" title=\"\" srcset=\"https:\/\/holidayexcursion.com\/wp-content\/uploads\/2022\/01\/Bike-for-rent-alanya-300x175.png 300w, https:\/\/holidayexcursion.com\/wp-content\/uploads\/2022\/01\/Bike-for-rent-alanya.png 600w\" sizes=\"auto, (max-width: 300px) 100vw, 300px\" \/><\/p>\n<p style=\"text-align: center;\">Die Vorteile der Nutzung von Fahrr\u00e4dern gehen weit \u00fcber die individuelle Fitness und das Wohlbefinden hinaus. Sie haben tiefgreifende Auswirkungen auf die Umwelt, tragen zu Kosteneinsparungen bei, bieten praktische Transportl\u00f6sungen und verbessern die soziale Interaktion. Durch die Nutzung des Fahrrads als Fortbewegungsmittel k\u00f6nnen Einzelpersonen eine aktive Rolle bei der Schaffung nachhaltiger und lebenswerter Gemeinschaften spielen. Also los, entstauben Sie Ihr altes Fahrrad oder \u00fcberlegen Sie, in ein neues zu investieren, und profitieren Sie von diesen Vorteilen, w\u00e4hrend Sie gleichzeitig die Freiheit und Freude genie\u00dfen, die das Radfahren mit sich bringt.<\/p>\n<p style=\"text-align: center;\"><span style=\"vertical-align: inherit;\"><span style=\"vertical-align: inherit;\">Wir w\u00fcnschen Ihnen unvergessliche Momente w\u00e4hrend Ihres Urlaubs in Alanya.<\/span><\/span><\/p>\n<p style=\"text-align: center;\"><span style=\"vertical-align: inherit;\"><span style=\"vertical-align: inherit;\">Ps: F\u00fcr weitere Informationen und Ihre Fragen k\u00f6nnen Sie sich direkt per Whats-App-Anruf oder Nachricht an uns wenden.<\/span><\/span><\/p>\n<p style=\"text-align: center;\"><span style=\"vertical-align: inherit;\"><span style=\"vertical-align: inherit;\">Holiday Excursion Team,<\/span><\/span><\/p>\n<p> https:\/\/www.youtube.com\/watch?v=VJG2dNAMnWo https:\/\/www.youtube.com\/watch?v=7RHIqX4sALo https:\/\/www.youtube.com\/watch?v=0YAbL0DZQ3M<\/p>\n","protected":false},"excerpt":{"rendered":"<p><span style=\"vertical-align: inherit;\"><span style=\"vertical-align: inherit;\">Wir verf\u00fcgen \u00fcber Fahrr\u00e4der, die Sie t\u00e4glich, f\u00fcr ein paar Stunden oder f\u00fcr l\u00e4ngere Zeitr\u00e4ume mieten k\u00f6nnen. <\/span><span style=\"vertical-align: inherit;\">F\u00fcr weitere Informationen kontaktieren Sie uns bitte<\/span><\/span><\/p>\n<p><span style=\"vertical-align: inherit;\"><span style=\"vertical-align: inherit;\">Verf\u00fcgbarkeit. <\/span><span style=\"vertical-align: inherit;\">F\u00fcr die Anmietung gen\u00fcgen Geld und ein Ausweisdokument. <\/span><span style=\"vertical-align: inherit;\">Sie m\u00fcssen \u00fcber 15 Jahre alt sein oder von einem Erwachsenen begleitet werden<\/span><\/span><\/p>\n","protected":false},"featured_media":6871,"comment_status":"open","ping_status":"closed","template":"","meta":[],"product_brand":[],"product_cat":[105],"product_tag":[],"class_list":{"0":"post-19323","1":"product","2":"type-product","3":"status-publish","4":"has-post-thumbnail","6":"product_cat-rent-a-car-de","8":"first","9":"instock","10":"featured","11":"virtual","12":"sold-individually","13":"purchasable","14":"product-type-booking"},"_links":{"self":[{"href":"https:\/\/holidayexcursion.com\/de\/wp-json\/wp\/v2\/product\/19323","targetHints":{"allow":["GET"]}}],"collection":[{"href":"https:\/\/holidayexcursion.com\/de\/wp-json\/wp\/v2\/product"}],"about":[{"href":"https:\/\/holidayexcursion.com\/de\/wp-json\/wp\/v2\/types\/product"}],"replies":[{"embeddable":true,"href":"https:\/\/holidayexcursion.com\/de\/wp-json\/wp\/v2\/comments?post=19323"}],"wp:featuredmedia":[{"embeddable":true,"href":"https:\/\/holidayexcursion.com\/de\/wp-json\/wp\/v2\/media\/6871"}],"wp:attachment":[{"href":"https:\/\/holidayexcursion.com\/de\/wp-json\/wp\/v2\/media?parent=19323"}],"wp:term":[{"taxonomy":"product_brand","embeddable":true,"href":"https:\/\/holidayexcursion.com\/de\/wp-json\/wp\/v2\/product_brand?post=19323"},{"taxonomy":"product_cat","embeddable":true,"href":"https:\/\/holidayexcursion.com\/de\/wp-json\/wp\/v2\/product_cat?post=19323"},{"taxonomy":"product_tag","embeddable":true,"href":"https:\/\/holidayexcursion.com\/de\/wp-json\/wp\/v2\/product_tag?post=19323"}],"curies":[{"name":"wp","href":"https:\/\/api.w.org\/{rel}","templated":true}]}}