{"id":20124,"date":"2022-01-11T12:26:10","date_gmt":"2022-01-11T09:26:10","guid":{"rendered":"https:\/\/holidayexcursion.com\/excursions-in-alanya\/unkategorisiert\/the-land-of-legends-tour\/"},"modified":"2023-11-28T14:29:04","modified_gmt":"2023-11-28T11:29:04","slug":"land-of-legends","status":"publish","type":"product","link":"https:\/\/holidayexcursion.com\/de\/tours-in-alanya\/touren\/land-of-legends\/","title":{"rendered":"Land of Legends"},"content":{"rendered":"<ul>\n<li style=\"text-align: center;\">\n \t<\/li>\n<li style=\"text-align: center;\">\n<h2 style=\"text-align: center;\"><strong>LAND OF LEGENDS<\/strong><\/h2>\n<\/li>\n<li style=\"text-align: center;\">\n<p style=\"text-align: center;\">Erleben Sie Abenteuer und Wunder mit der Land of Legends Tour<\/p>\n<p style=\"text-align: center;\"><a href=\"https:\/\/en.wikipedia.org\/wiki\/Belek\" rel=\"nofollow noopener\" target=\"_blank\">Belek<\/a> liegt an der atemberaubenden t\u00fcrkischen K\u00fcste und bietet eine faszinierende Mischung aus Geschichte, Kultur und nat\u00fcrlicher Sch\u00f6nheit. Unter seinen vielen Attraktionen ist das Land der Legenden ein Muss f\u00fcr Reisende, die ein au\u00dfergew\u00f6hnliches und umfassendes Erlebnis suchen. Dieses Holiday Excursion programm f\u00fchrt Sie in das Land der Legenden Belek ein und zeichnet ein lebendiges Bild des Abenteuers und der Wunder, die Sie erwarten.<\/p>\n<\/li>\n<li style=\"text-align: center;\">\n<p style=\"text-align: center;\"><img loading=\"lazy\" decoding=\"async\" class=\"alignnone size-medium wp-image-7015\" src=\"https:\/\/holidayexcursion.com\/wp-content\/uploads\/2022\/01\/theme-park-efsane-olacak-ek-fotograflar_3313_dhaphoto1-640x420-1-300x197.jpg\" alt=\"\" width=\"300\" height=\"197\" title=\"\" srcset=\"https:\/\/holidayexcursion.com\/wp-content\/uploads\/2022\/01\/theme-park-efsane-olacak-ek-fotograflar_3313_dhaphoto1-640x420-1-300x197.jpg 300w, https:\/\/holidayexcursion.com\/wp-content\/uploads\/2022\/01\/theme-park-efsane-olacak-ek-fotograflar_3313_dhaphoto1-640x420-1-600x394.jpg 600w, https:\/\/holidayexcursion.com\/wp-content\/uploads\/2022\/01\/theme-park-efsane-olacak-ek-fotograflar_3313_dhaphoto1-640x420-1.jpg 640w\" sizes=\"auto, (max-width: 300px) 100vw, 300px\" \/><\/p>\n<\/li>\n<li style=\"text-align: center;\">\n<p style=\"text-align: center;\">1. Ein legend\u00e4rer Themenpark wie kein anderer:<br \/>\nLand of Legends ist viel mehr als nur ein Themenpark; Es ist ein Reich voller Zauber und Aufregung. Auf einer Fl\u00e4che von \u00fcber 2,5 Millionen Quadratmetern bietet dieser weitl\u00e4ufige Komplex eine Reihe aufregender Fahrgesch\u00e4fte, Abenteuer auf dem Wasser und unglaubliche Unterhaltung f\u00fcr Besucher jeden Alters. Von aufregenden Achterbahnen bis hin zu simulierten tropischen Regenw\u00e4ldern \u2013 das Land der Legenden regt die Fantasie an und hinterl\u00e4sst unvergessliche Erinnerungen.<\/p>\n<\/li>\n<li style=\"text-align: center;\">\n<p style=\"text-align: center;\"><img loading=\"lazy\" decoding=\"async\" class=\"alignnone size-medium wp-image-7005\" src=\"https:\/\/holidayexcursion.com\/wp-content\/uploads\/2022\/01\/theme-park-efsane-olacak-ek-fotograflar-alanya-kemer-belek-antalya-300x197.jpg\" alt=\"\" width=\"300\" height=\"197\" title=\"\" srcset=\"https:\/\/holidayexcursion.com\/wp-content\/uploads\/2022\/01\/theme-park-efsane-olacak-ek-fotograflar-alanya-kemer-belek-antalya-300x197.jpg 300w, https:\/\/holidayexcursion.com\/wp-content\/uploads\/2022\/01\/theme-park-efsane-olacak-ek-fotograflar-alanya-kemer-belek-antalya-600x394.jpg 600w, https:\/\/holidayexcursion.com\/wp-content\/uploads\/2022\/01\/theme-park-efsane-olacak-ek-fotograflar-alanya-kemer-belek-antalya.jpg 640w\" sizes=\"auto, (max-width: 300px) 100vw, 300px\" \/><\/p>\n<\/li>\n<li style=\"text-align: center;\">\n<p style=\"text-align: center;\">2. Reise in die Mythologie:<br \/>\nTreten Sie ein in eine Welt, in der Mythologie im Land der Legenden lebendig wird. Der Park ist von antiken Mythen und Legenden inspiriert und bietet Besuchern ein umfassendes Erlebnis in die Welt der griechischen, r\u00f6mischen und t\u00fcrkischen Folklore. Treffen Sie bei Ihrer Erkundung des Parks auf legend\u00e4re Figuren wie Herkules oder Midas und erleben Sie epische Live-Auftritte, die diese mythischen Geschichten zum Leben erwecken.<\/p>\n<\/li>\n<li style=\"text-align: center;\">\n<p style=\"text-align: center;\"><img loading=\"lazy\" decoding=\"async\" class=\"alignnone size-medium wp-image-7000\" src=\"https:\/\/holidayexcursion.com\/wp-content\/uploads\/2022\/01\/the-land-of-legends-kingdom-300x204.jpg\" alt=\"\" width=\"300\" height=\"204\" title=\"\" srcset=\"https:\/\/holidayexcursion.com\/wp-content\/uploads\/2022\/01\/the-land-of-legends-kingdom-300x204.jpg 300w, https:\/\/holidayexcursion.com\/wp-content\/uploads\/2022\/01\/the-land-of-legends-kingdom-768x522.jpg 768w, https:\/\/holidayexcursion.com\/wp-content\/uploads\/2022\/01\/the-land-of-legends-kingdom-1024x696.jpg 1024w, https:\/\/holidayexcursion.com\/wp-content\/uploads\/2022\/01\/the-land-of-legends-kingdom-600x408.jpg 600w, https:\/\/holidayexcursion.com\/wp-content\/uploads\/2022\/01\/the-land-of-legends-kingdom.jpg 1280w\" sizes=\"auto, (max-width: 300px) 100vw, 300px\" \/><\/p>\n<\/li>\n<li style=\"text-align: center;\">\n<p style=\"text-align: center;\">3. Wasserabenteuer f\u00fcr alle:<br \/>\nEiner der H\u00f6hepunkte der Land of Legends Tour ist der au\u00dfergew\u00f6hnliche <a href=\"https:\/\/holidayexcursion.com\/tours-in-alanya\/tours\/aquapark\/\">Wasserpark<\/a>. Tauchen Sie ein in einen weitl\u00e4ufigen Wasserspielplatz mit aufregenden Rutschen, Wellenbecken, Str\u00f6mungskan\u00e4len und lebhaften Lagunen. Ganz gleich, ob Sie auf der Suche nach einem Adrenalinkick oder einem entspannenden Bad inmitten tropischer Landschaft sind, der Wasserpark bietet f\u00fcr alle Vorlieben und Interessen etwas.<\/p>\n<\/li>\n<li style=\"text-align: center;\">                                                        <img loading=\"lazy\" decoding=\"async\" class=\"alignnone size-medium wp-image-6995 aligncenter\" src=\"https:\/\/holidayexcursion.com\/wp-content\/uploads\/2022\/01\/the-land-of-legends-1-300x162.jpg\" alt=\"\" width=\"300\" height=\"162\" title=\"\" srcset=\"https:\/\/holidayexcursion.com\/wp-content\/uploads\/2022\/01\/the-land-of-legends-1-300x162.jpg 300w, https:\/\/holidayexcursion.com\/wp-content\/uploads\/2022\/01\/the-land-of-legends-1-600x323.jpg 600w, https:\/\/holidayexcursion.com\/wp-content\/uploads\/2022\/01\/the-land-of-legends-1.jpg 705w\" sizes=\"auto, (max-width: 300px) 100vw, 300px\" \/><\/li>\n<li style=\"text-align: center;\">\n<p style=\"text-align: center;\">4. Interaktionen zwischen Delfinen und Belugas:<br \/>\nF\u00fcr Tierl ieb haber bietet Land of Legends einzigartige M\u00f6glichkeiten zur Interaktion mit Delfinen und Belugawalen. Erleben Sie die Freude und Magie, diesen intelligenten, sanften Meeresbewohnern aus n\u00e4chster N\u00e4he zu begegnen, und erfahren Sie von professionellen Trainern mehr \u00fcber ihr faszinierendes Verhalten. Eine Begegnung mit diesen majest\u00e4tischen Tieren schafft unvergessliche Erinnerungen.<\/p>\n<\/li>\n<li style=\"text-align: center;\">\n<p style=\"text-align: center;\"><img loading=\"lazy\" decoding=\"async\" class=\"alignnone size-medium wp-image-6990\" src=\"https:\/\/holidayexcursion.com\/wp-content\/uploads\/2022\/01\/The-land-off-legends-night-300x200.jpg\" alt=\"\" width=\"300\" height=\"200\" title=\"\" srcset=\"https:\/\/holidayexcursion.com\/wp-content\/uploads\/2022\/01\/The-land-off-legends-night-300x200.jpg 300w, https:\/\/holidayexcursion.com\/wp-content\/uploads\/2022\/01\/The-land-off-legends-night-768x512.jpg 768w, https:\/\/holidayexcursion.com\/wp-content\/uploads\/2022\/01\/The-land-off-legends-night-1024x683.jpg 1024w, https:\/\/holidayexcursion.com\/wp-content\/uploads\/2022\/01\/The-land-off-legends-night-600x400.jpg 600w, https:\/\/holidayexcursion.com\/wp-content\/uploads\/2022\/01\/The-land-off-legends-night.jpg 1050w\" sizes=\"auto, (max-width: 300px) 100vw, 300px\" \/><\/p>\n<\/li>\n<li style=\"text-align: center;\">\n<p style=\"text-align: center;\">5. Shopping- und Unterhaltungs-Extravaganz:<br \/>\n\u00dcber seine fesselnden Abenteuer hinaus zeichnet sich Land of Legends durch ein allumfassendes Unterhaltungserlebnis aus. G\u00f6nnen Sie sich erstklassiges Shopping in der luxuri\u00f6sen Avenue, wo eine F\u00fclle internationaler Marken auf Sie wartet. Von hochwertiger Mode bis hin zu kulinarischen K\u00f6stlichkeiten \u2013 dieser Open-Air-Einkaufsbereich verleiht Ihrem Besuch einen zus\u00e4tzlichen Hauch von Glamour.<\/p>\n<\/li>\n<li style=\"text-align: center;\">\n<p style=\"text-align: center;\"><img loading=\"lazy\" decoding=\"async\" class=\"alignnone size-medium wp-image-6975\" src=\"https:\/\/holidayexcursion.com\/wp-content\/uploads\/2022\/01\/The-land-of-legends-belek-300x225.jpg\" alt=\"\" width=\"300\" height=\"225\" title=\"\" srcset=\"https:\/\/holidayexcursion.com\/wp-content\/uploads\/2022\/01\/The-land-of-legends-belek-300x225.jpg 300w, https:\/\/holidayexcursion.com\/wp-content\/uploads\/2022\/01\/The-land-of-legends-belek-768x576.jpg 768w, https:\/\/holidayexcursion.com\/wp-content\/uploads\/2022\/01\/The-land-of-legends-belek-600x450.jpg 600w, https:\/\/holidayexcursion.com\/wp-content\/uploads\/2022\/01\/The-land-of-legends-belek.jpg 1024w\" sizes=\"auto, (max-width: 300px) 100vw, 300px\" \/><\/p>\n<\/li>\n<li style=\"text-align: center;\">\n<p style=\"text-align: center;\">6. Traumhafte Unterk\u00fcnfte:<br \/>\nMachen Sie Ihr Land of Legends-Erlebnis noch unvergesslicher, indem Sie sich f\u00fcr einen Aufenthalt im hoteleigenen Hotel des Parks, dem Kingdom Hotel, entscheiden. Diese k\u00f6nigliche Unterkunft bietet luxuri\u00f6se Zimmer, erstklassige Annehmlichkeiten und einfachen Zugang zu allen Attraktionen des Parks. Stellen Sie sich vor, Sie wachen auf und genie\u00dfen den Blick aus der Vogelperspektive auf den Park, bereit f\u00fcr einen weiteren Tag voller Abenteuer.<img loading=\"lazy\" decoding=\"async\" class=\"alignnone size-medium wp-image-6970\" src=\"https:\/\/holidayexcursion.com\/wp-content\/uploads\/2022\/01\/the-land-o-flegends-tour-from-alanya.jpeg-2-300x169.jpg\" alt=\"\" width=\"300\" height=\"169\" title=\"\" srcset=\"https:\/\/holidayexcursion.com\/wp-content\/uploads\/2022\/01\/the-land-o-flegends-tour-from-alanya.jpeg-2-300x169.jpg 300w, https:\/\/holidayexcursion.com\/wp-content\/uploads\/2022\/01\/the-land-o-flegends-tour-from-alanya.jpeg-2-768x432.jpg 768w, https:\/\/holidayexcursion.com\/wp-content\/uploads\/2022\/01\/the-land-o-flegends-tour-from-alanya.jpeg-2-1024x576.jpg 1024w, https:\/\/holidayexcursion.com\/wp-content\/uploads\/2022\/01\/the-land-o-flegends-tour-from-alanya.jpeg-2-600x338.jpg 600w, https:\/\/holidayexcursion.com\/wp-content\/uploads\/2022\/01\/the-land-o-flegends-tour-from-alanya.jpeg-2.jpg 1280w\" sizes=\"auto, (max-width: 300px) 100vw, 300px\" \/><\/p>\n<\/li>\n<li style=\"text-align: center;\">\n<p style=\"text-align: center;\">7. Abendshows und spektakul\u00e4res Feuerwerk:<br \/>\nWenn das Tageslicht dem Abend weicht, verwandelt sich Land of Legends in ein magisches Wunderland. Genie\u00dfen Sie atemberaubende Live-Shows mit der Schwerkraft trotzenden Stunts, Akrobatik und umwerfenden Darbietungen. Der Nachthimmel erwacht mit einem atemberaubenden Feuerwerk zum Leben und kr\u00f6nt Ihr Land of Legends-Erlebnis zum kr\u00f6nenden Abschluss.<\/p>\n<\/li>\n<li style=\"text-align: center;\">\n<p style=\"text-align: center;\"><img loading=\"lazy\" decoding=\"async\" class=\"alignnone size-medium wp-image-6985\" src=\"https:\/\/holidayexcursion.com\/wp-content\/uploads\/2022\/01\/the-land-of-legends-roller-coaster-300x200.jpg\" alt=\"\" width=\"300\" height=\"200\" title=\"\" srcset=\"https:\/\/holidayexcursion.com\/wp-content\/uploads\/2022\/01\/the-land-of-legends-roller-coaster-300x200.jpg 300w, https:\/\/holidayexcursion.com\/wp-content\/uploads\/2022\/01\/the-land-of-legends-roller-coaster-768x513.jpg 768w, https:\/\/holidayexcursion.com\/wp-content\/uploads\/2022\/01\/the-land-of-legends-roller-coaster-600x401.jpg 600w, https:\/\/holidayexcursion.com\/wp-content\/uploads\/2022\/01\/the-land-of-legends-roller-coaster.jpg 1023w\" sizes=\"auto, (max-width: 300px) 100vw, 300px\" \/><\/p>\n<\/li>\n<li style=\"text-align: center;\">\n<p style=\"text-align: center;\"> Die Land of Legends-Tour in Belek l\u00e4dt Sie ein, Fantasie, Abenteuer und Wunder in einer spektakul\u00e4ren Umgebung zu erleben. Von aufregenden Fahrgesch\u00e4ften und fesselnder Mythologie bis hin zu Begegnungen mit Delfinen und Belugawalen bietet der Park eine F\u00fclle fesselnder Erlebnisse. Ganz gleich, ob Sie diese Reise mit Familie, Freunden oder geliebten Menschen unternehmen, das Land der Legenden verspricht Erinnerungen, die ein Leben lang anhalten. Planen Sie also Ihren Besuch in diesem au\u00dfergew\u00f6hnlichen Reich und entfesseln Sie den Abenteurer in Ihnen.<\/p>\n<\/li>\n<\/ul>\n<div style=\"text-align: center;\"><\/div>\n<div style=\"text-align: center;\"><strong>IM PREIS INBEGRIFFEN:<\/strong><\/div>\n<div style=\"text-align: center;\">*Abhol- und Bring service vom Hotel<\/div>\n<div style=\"text-align: center;\">*Das Land der Legenden Themenpark Eintrittsgeb\u00fchr<\/div>\n<div style=\"text-align: center;\">*Delfin- und Seel\u00f6wenshow<\/div>\n<div style=\"text-align: center;\">* Aktivit\u00e4ten, Rutschen, Pools<\/div>\n<div style=\"text-align: center;\">*5D-Kino<\/div>\n<div style=\"text-align: center;\"><\/div>\n<div style=\"text-align: center;\"><strong>OPTIONALE EXTRAS:<\/strong><\/div>\n<div style=\"text-align: center;\">*Essen, Getr\u00e4nke<\/div>\n<div style=\"text-align: center;\">*Pers\u00f6nliche Ausgaben<\/div>\n<div style=\"text-align: center;\">*Mit Delphinen schwimmen<\/div>\n<div style=\"text-align: center;\"><\/div>\n<div style=\"text-align: center;\"><strong>ZUS\u00c4TZLICHE INFOS &amp; TIPPS:<\/strong><\/div>\n<div style=\"text-align: center;\">*Nehmen Sie Ihre Badesachen und Sonnencreme mit.<\/div>\n<div style=\"text-align: center;\">*Die Mitnahme von Handy und Kamera ist erlaubt.<\/div>\n<div style=\"text-align: center;\">\n<p><iframe loading=\"lazy\" title=\"Legends of Aqua at The Land of Legends Theme Park, Antalya, Turkey\" width=\"1020\" height=\"574\" src=\"https:\/\/www.youtube.com\/embed\/5Mx14y6IuIE?feature=oembed\" frameborder=\"0\" allow=\"accelerometer; autoplay; clipboard-write; encrypted-media; gyroscope; picture-in-picture; web-share\" allowfullscreen><\/iframe><\/p>\n<\/div>\n<div style=\"text-align: center;\">\n<p><iframe loading=\"lazy\" title=\"RIXOS Land of legends \u0441\u043f\u0443\u0441\u043a \u0441 \u0433\u043e\u0440\u043a\u0438 2\" width=\"1020\" height=\"574\" src=\"https:\/\/www.youtube.com\/embed\/WWSKd876fAw?feature=oembed\" frameborder=\"0\" allow=\"accelerometer; autoplay; clipboard-write; encrypted-media; gyroscope; picture-in-picture; web-share\" allowfullscreen><\/iframe><\/p>\n<\/div>\n<div style=\"text-align: center;\"><\/div>\n<div style=\"text-align: center;\"><\/div>\n","protected":false},"excerpt":{"rendered":"<p>LAND OF LEGENDS Erleben Sie Abenteuer und Wunder mit der Land of Legends Tour Belek liegt an der atemberaubenden t\u00fcrkischen K\u00fcste und bietet eine faszinierende Mischung aus Geschichte, Kultur und nat\u00fcrlicher Sch\u00f6nheit. Unter seinen vielen Attraktionen ist das Land der Legenden ein Muss f\u00fcr Reisende, die ein au\u00dfergew\u00f6hnliches und umfassendes Erlebnis suchen. Dieses Holiday Excursion<\/p>\n","protected":false},"featured_media":6996,"comment_status":"open","ping_status":"closed","template":"","meta":[],"product_brand":[],"product_cat":[110],"product_tag":[],"class_list":{"0":"post-20124","1":"product","2":"type-product","3":"status-publish","4":"has-post-thumbnail","6":"product_cat-touren","8":"first","9":"instock","10":"featured","11":"virtual","12":"sold-individually","13":"purchasable","14":"product-type-booking"},"_links":{"self":[{"href":"https:\/\/holidayexcursion.com\/de\/wp-json\/wp\/v2\/product\/20124","targetHints":{"allow":["GET"]}}],"collection":[{"href":"https:\/\/holidayexcursion.com\/de\/wp-json\/wp\/v2\/product"}],"about":[{"href":"https:\/\/holidayexcursion.com\/de\/wp-json\/wp\/v2\/types\/product"}],"replies":[{"embeddable":true,"href":"https:\/\/holidayexcursion.com\/de\/wp-json\/wp\/v2\/comments?post=20124"}],"wp:featuredmedia":[{"embeddable":true,"href":"https:\/\/holidayexcursion.com\/de\/wp-json\/wp\/v2\/media\/6996"}],"wp:attachment":[{"href":"https:\/\/holidayexcursion.com\/de\/wp-json\/wp\/v2\/media?parent=20124"}],"wp:term":[{"taxonomy":"product_brand","embeddable":true,"href":"https:\/\/holidayexcursion.com\/de\/wp-json\/wp\/v2\/product_brand?post=20124"},{"taxonomy":"product_cat","embeddable":true,"href":"https:\/\/holidayexcursion.com\/de\/wp-json\/wp\/v2\/product_cat?post=20124"},{"taxonomy":"product_tag","embeddable":true,"href":"https:\/\/holidayexcursion.com\/de\/wp-json\/wp\/v2\/product_tag?post=20124"}],"curies":[{"name":"wp","href":"https:\/\/api.w.org\/{rel}","templated":true}]}}