{"id":21636,"date":"2023-11-11T19:46:52","date_gmt":"2023-11-11T16:46:53","guid":{"rendered":"https:\/\/holidayexcursion.com\/?post_type=product&#038;p=21636"},"modified":"2024-04-20T11:34:49","modified_gmt":"2024-04-20T08:34:49","slug":"green-canyon","status":"publish","type":"product","link":"https:\/\/holidayexcursion.com\/de\/tours-in-alanya\/touren\/green-canyon\/","title":{"rendered":"MANAVGAT GREEN CANYON"},"content":{"rendered":"<h2 style=\"text-align: center;\"><\/h2>\n<h2 style=\"text-align: center;\"><strong> MANAVGAT GREEN CANYON<\/strong><\/h2>\n<p style=\"text-align: center;\"> Der Manavgat Green Canyon, ein Naturwunder in der t\u00fcrkischen Provinz <a href=\"https:\/\/tr.wikipedia.org\/wiki\/Antalya\" rel=\"nofollow noopener\" target=\"_blank\">Antalya<\/a>, ist ein atemberaubendes Reiseziel, das Besucher mit seiner atemberaubenden Sch\u00f6nheit und ruhigen Atmosph\u00e4re in seinen Bann zieht. Diese malerische Schlucht, auch bekannt als Oymapinar-Staudamm, ist ein beliebtes Ausflugsziel f\u00fcr Urlauber und bietet eine einzigartige Gelegenheit, die Naturwunder der Region zu erkunden.<\/p>\n<p style=\"text-align: center;\"><img loading=\"lazy\" decoding=\"async\" class=\"alignnone size-medium wp-image-21869\" src=\"https:\/\/holidayexcursion.com\/wp-content\/uploads\/2023\/11\/Manavgat-green-kanyon-holiday-excursion-300x159.jpg\" alt=\"\" width=\"300\" height=\"159\" title=\"\" srcset=\"https:\/\/holidayexcursion.com\/wp-content\/uploads\/2023\/11\/Manavgat-green-kanyon-holiday-excursion-300x159.jpg 300w, https:\/\/holidayexcursion.com\/wp-content\/uploads\/2023\/11\/Manavgat-green-kanyon-holiday-excursion-768x407.jpg 768w, https:\/\/holidayexcursion.com\/wp-content\/uploads\/2023\/11\/Manavgat-green-kanyon-holiday-excursion-600x318.jpg 600w, https:\/\/holidayexcursion.com\/wp-content\/uploads\/2023\/11\/Manavgat-green-kanyon-holiday-excursion.jpg 850w\" sizes=\"auto, (max-width: 300px) 100vw, 300px\" \/><\/p>\n<p style=\"text-align: center;\">Der <a href=\"https:\/\/tr.wikipedia.org\/wiki\/Manavgat\" rel=\"nofollow noopener\" target=\"_blank\">Manavgat<\/a> Green Canyon ist ber\u00fchmt f\u00fcr sein smaragdgr\u00fcnes Wasser mit einer sehr freundlichen Atmosph\u00e4re und dem lokalen Leben, \u00fcppiger Vegetation und hoch aufragenden Klippen, die eine ruhige und jenseitige Umgebung schaffen. Besucher k\u00f6nnen eine entspannende Bootstour entlang der Schlucht unternehmen und dabei die spektakul\u00e4re Landschaft genie\u00dfen, w\u00e4hrend sie durch das kristallklare Wasser fahren. Die Bootstouren beinhalten oft Stopps an Badestellen, wo Besucher ein erfrischendes Bad im k\u00fchlen, unber\u00fchrten Wasser des Canyons nehmen k\u00f6nnen.<\/p>\n<p style=\"text-align: center;\">Einer der H\u00f6hepunkte beim Besuch des <a href=\"https:\/\/holidayexcursion.com\/tours-in-alanya\/tours\/side-aspendos-manavgat\/\"> Manavgat Green Canyon<\/a> ist die M\u00f6glichkeit, in die unber\u00fchrte Natur einzutauchen. Das unber\u00fchrte Wasser und die raue Landschaft der gr\u00fcnen Schlucht von Manavgat bilden einen idealen Rahmen f\u00fcr Outdoor-Aktivit\u00e4ten wie Wandern, Vogelbeobachtung und Fotografie. Bei der Erkundung des Green Canyon zu Fu\u00df k\u00f6nnen Besucher die vielf\u00e4ltige Flora und Fauna, die diese Gegend ihr Zuhause nennt, sowie die atemberaubende Aussicht von verschiedenen Aussichtspunkten genie\u00dfen.<\/p>\n<p style=\"text-align: center;\"><img loading=\"lazy\" decoding=\"async\" class=\"alignnone size-medium wp-image-21863\" src=\"https:\/\/holidayexcursion.com\/wp-content\/uploads\/2023\/11\/manavgat-yesil-kanyon-holiday-excursion-300x159.jpg\" alt=\"\" width=\"300\" height=\"159\" title=\"\" srcset=\"https:\/\/holidayexcursion.com\/wp-content\/uploads\/2023\/11\/manavgat-yesil-kanyon-holiday-excursion-300x159.jpg 300w, https:\/\/holidayexcursion.com\/wp-content\/uploads\/2023\/11\/manavgat-yesil-kanyon-holiday-excursion-768x407.jpg 768w, https:\/\/holidayexcursion.com\/wp-content\/uploads\/2023\/11\/manavgat-yesil-kanyon-holiday-excursion-600x318.jpg 600w, https:\/\/holidayexcursion.com\/wp-content\/uploads\/2023\/11\/manavgat-yesil-kanyon-holiday-excursion.jpg 850w\" sizes=\"auto, (max-width: 300px) 100vw, 300px\" \/><\/p>\n<p style=\"text-align: center;\">F\u00fcr diejenigen, die einen Adrenalinsto\u00df suchen, bietet die gr\u00fcne Schlucht von Manavgat M\u00f6glichkeiten f\u00fcr Abenteueraktivit\u00e4ten wie Kanufahren und Rafting. Bei diesen aufregenden Erlebnissen k\u00f6nnen Besucher durch die gewundenen Wasserwege des Canyons navigieren und den Nervenkitzel der Stromschnellen erleben, was zu einem unvergesslichen und actionreichen Abenteuer f\u00fchrt.<\/p>\n<p style=\"text-align: center;\">Abgesehen von seiner nat\u00fcrlichen Sch\u00f6nheit bietet der Manavgat Green Canyon auch einen ruhigen R\u00fcckzugsort von der Hektik des Alltags. Die friedliche Atmosph\u00e4re und die idyllische Umgebung machen es zu einem idealen Ort zum Entspannen und Erholen. Besucher k\u00f6nnen sich entspannen und die Ruhe des Canyons genie\u00dfen, w\u00e4hrend sie ein gem\u00fctliches Picknick genie\u00dfen, sich am Ufer sonnen oder einfach die atemberaubende Aussicht genie\u00dfen.<\/p>\n<p style=\"text-align: center;\"><img loading=\"lazy\" decoding=\"async\" class=\"alignnone size-medium wp-image-21851\" src=\"https:\/\/holidayexcursion.com\/wp-content\/uploads\/2023\/11\/Green-Canyon-Boat-Tour_Holiday-Excursion-300x169.jpeg\" alt=\"\" width=\"300\" height=\"169\" title=\"\" srcset=\"https:\/\/holidayexcursion.com\/wp-content\/uploads\/2023\/11\/Green-Canyon-Boat-Tour_Holiday-Excursion-300x169.jpeg 300w, https:\/\/holidayexcursion.com\/wp-content\/uploads\/2023\/11\/Green-Canyon-Boat-Tour_Holiday-Excursion.jpeg 400w\" sizes=\"auto, (max-width: 300px) 100vw, 300px\" \/><\/p>\n<p style=\"text-align: center;\">Die Umgebung des Green Canyon ist zudem reich an kulturellen und historischen Attraktionen und bietet Besuchern die M\u00f6glichkeit, in das Erbe der Region einzutauchen. Von antiken Ruinen bis hin zu traditionellen D\u00f6rfern ist die Gegend um Manavgat reich an Geschichte und bietet einen Einblick in die reiche Vergangenheit der T\u00fcrkei.<\/p>\n<p style=\"text-align: center;\">Neben seinen nat\u00fcrlichen und kulturellen Attraktionen ist der Manavgat Green <a href=\"https:\/\/holidayexcursion.com\/tours-in-alanya\/tours\/sapadere-canyon\/\">Canyon<\/a> auch f\u00fcr seine vielf\u00e4ltige Tierwelt bekannt. Vogelliebhaber k\u00f6nnen sich darauf freuen, eine Vielzahl von Vogelarten zu beobachten, darunter Adler, Falken und Reiher, was es zu einem Paradies f\u00fcr Vogelbeobachter macht.<\/p>\n<p style=\"text-align: center;\"><img loading=\"lazy\" decoding=\"async\" class=\"alignnone size-medium wp-image-21857\" src=\"https:\/\/holidayexcursion.com\/wp-content\/uploads\/2023\/11\/Holiday-excursion-green-canyon-300x210.jpg\" alt=\"\" width=\"300\" height=\"210\" title=\"\" srcset=\"https:\/\/holidayexcursion.com\/wp-content\/uploads\/2023\/11\/Holiday-excursion-green-canyon-300x210.jpg 300w, https:\/\/holidayexcursion.com\/wp-content\/uploads\/2023\/11\/Holiday-excursion-green-canyon-768x538.jpg 768w, https:\/\/holidayexcursion.com\/wp-content\/uploads\/2023\/11\/Holiday-excursion-green-canyon-1024x717.jpg 1024w, https:\/\/holidayexcursion.com\/wp-content\/uploads\/2023\/11\/Holiday-excursion-green-canyon-600x420.jpg 600w, https:\/\/holidayexcursion.com\/wp-content\/uploads\/2023\/11\/Holiday-excursion-green-canyon.jpg 1200w\" sizes=\"auto, (max-width: 300px) 100vw, 300px\" \/><\/p>\n<p style=\"text-align: center;\">Insgesamt ist der Manavgat Green Canyon ein Reiseziel, das Naturliebhaber, Abenteuersuchende und diejenigen auf der Suche nach einem ruhigen R\u00fcckzugsort anspricht. Ob Sie das unber\u00fchrte Wasser des Canyons erkunden, sich auf Outdoor-Abenteuer begeben oder einfach nur die Sch\u00f6nheit der Umgebung genie\u00dfen m\u00f6chten \u2013 ein Besuch im Green Canyon verspricht ein unvergessliches Erlebnis, das die unvergleichliche Sch\u00f6nheit der Natur zeigt.<\/p>\n<p style=\"text-align: center;\"> Der Manavgat Green Canyon in der T\u00fcrkei ist ein Naturwunder, das Besucher mit atemberaubenden Landschaften, ruhigen Gew\u00e4ssern und vielf\u00e4ltigen Outdoor-Aktivit\u00e4ten lockt. Ganz gleich, ob es sich um eine gem\u00fctliche Bootstour, ein adrenalingeladenes Abenteuer oder einfach um das Genie\u00dfen der ruhigen Sch\u00f6nheit der Umgebung handelt, der Green Canyon bietet ein einzigartiges und unvergessliches Erlebnis f\u00fcr alle, die sich in den gr\u00fcnen Canyon von Manavgat wagen. Wenn Sie Ihren Urlaub in Antalya verbringen ist eine gute Wahl f\u00fcr einen sch\u00f6nen Tagesausflug mit Ihrer Familie. Von fast allen Standorten in Antalya aus gibt es M\u00f6glichkeiten, diesen Ausflug zu diesem atemberaubenden Reiseziel zu unternehmen.<\/p>\n<p style=\"text-align: center;\"><img loading=\"lazy\" decoding=\"async\" class=\"alignnone size-medium wp-image-21845\" src=\"https:\/\/holidayexcursion.com\/wp-content\/uploads\/2023\/11\/Green-Canyon-tour-300x210.jpeg\" alt=\"\" width=\"300\" height=\"210\" title=\"\" srcset=\"https:\/\/holidayexcursion.com\/wp-content\/uploads\/2023\/11\/Green-Canyon-tour-300x210.jpeg 300w, https:\/\/holidayexcursion.com\/wp-content\/uploads\/2023\/11\/Green-Canyon-tour-768x538.jpeg 768w, https:\/\/holidayexcursion.com\/wp-content\/uploads\/2023\/11\/Green-Canyon-tour-600x420.jpeg 600w, https:\/\/holidayexcursion.com\/wp-content\/uploads\/2023\/11\/Green-Canyon-tour.jpeg 800w\" sizes=\"auto, (max-width: 300px) 100vw, 300px\" \/><\/p>\n<div style=\"text-align: center;\">Die Green-Canyon-Cabrio-Tour ab Alanya ist voller Abenteuer, Natur und unterhaltsamer Ausfl\u00fcge, die von offenen Cabrio-Bussen im Bereich des Oymap\u0131nar-Staudamms, der Green Canyon genannt wird, organisiert werden. Die gr\u00fcne Schlucht, die 80 km von Alanya entfernt liegt, bietet eine fantastische Landschaft mit den mit Kiefern bedeckten H\u00fcgeln des Taurus gebirges und einem gr\u00fcn gef\u00e4rbten Stausee. Eine Green-Canyon-Tour ist eine gro\u00dfartige M\u00f6glichkeit, diese wundervolle Natur zu erkunden und Spa\u00df zu haben. Ein Besuch in einem kleinen Zoo, Angeln, Schwimmen und Kanu fahren im Gr\u00fcnen See sind weitere H\u00f6hepunkte der Tour. Im Restaurant mit Blick auf den gr\u00fcnen See wird ein k\u00f6stliches Mittagessen serviert. Die Green-Canyon-Safari ab Alanya wird Naturliebhabern empfohlen, die gerne neue Routen und Abenteuer erleben m\u00f6chten!<\/div>\n<div style=\"text-align: center;\"><img loading=\"lazy\" decoding=\"async\" class=\"alignnone size-medium wp-image-21833\" src=\"https:\/\/holidayexcursion.com\/wp-content\/uploads\/2023\/11\/green-canyon-holiday-excursion-300x150.jpg\" alt=\"\" width=\"300\" height=\"150\" title=\"\" srcset=\"https:\/\/holidayexcursion.com\/wp-content\/uploads\/2023\/11\/green-canyon-holiday-excursion-300x150.jpg 300w, https:\/\/holidayexcursion.com\/wp-content\/uploads\/2023\/11\/green-canyon-holiday-excursion.jpg 318w\" sizes=\"auto, (max-width: 300px) 100vw, 300px\" \/><\/div>\n<div style=\"text-align: center;\"><\/div>\n<div style=\"text-align: center;\"><strong>GREEN CANYON TOUR FROM ALANYA<\/strong><\/div>\n<div style=\"text-align: center;\">* Abholung von Hotels und Apartments in Alanya und Umgebung<\/div>\n<div style=\"text-align: center;\">* Transport Manavgat Green Canyon Region auf der Autobahn mit Cabriobussen<\/div>\n<div style=\"text-align: center;\">* Erreichen Sie das Green-Canyon-Gebiet und beginnen Sie den ersten Teil der Stra\u00dfe um den Damm herum und an den H\u00e4ngen des Taurus-Gebirges<\/div>\n<div style=\"text-align: center;\">* Fotopause an antiken r\u00f6mischen Aqu\u00e4dukten. Besuchen Sie ein t\u00fcrkisches Normandendorf, einen Obstgarten und einen kleinen Zoo<\/div>\n<div style=\"text-align: center;\">* Fotopause auf dem H\u00fcgel mit Blick auf das Mittelmeer und das Green-Canyon-Gebiet. Mittagessen in einem Picknick-Restaurant neben dem Green Lake. Freizeit zum Schwimmen, Kanufahren und Tretradfahren im See. R\u00fcckfahrt zu Ihren Hotels und Apartments in Alanya und Umgebung.<\/div>\n<div><\/div>\n<div style=\"text-align: center;\"><span style=\"font-size: 110%;\"><strong>Art der Preise<\/strong><\/span><\/div>\n<div style=\"text-align: center;\"><span style=\"font-size: 110%;\"> Eine Person Erwachsener( &gt;10 )30<\/span><br \/>\n<span style=\"font-size: 110%;\"> Eine Person Kind ( 4-9 ) 15 \u20ac<\/span><\/div>\n<div style=\"text-align: center;\"><span style=\"font-size: 110%;\"> Eine Person Kleinkind ( 0-3 ) For free<\/span><\/div>\n<div style=\"text-align: center;\"><span style=\"font-size: 110%;\"> F\u00fcr Gruppenpreise fragen Sie bitte nach.<\/span><\/div>\n<div style=\"text-align: center;\"><\/div>\n<div style=\"text-align: center;\"><strong>IM PREIS INBEGRIFFEN:<\/strong><\/div>\n<div style=\"text-align: center;\">* Abholung\/R\u00fcckgabe von Hotels und Apartments in Alanya und Umgebung, Reisef\u00fchrer, Mittagessen<\/div>\n<div style=\"text-align: center;\"><\/div>\n<div style=\"text-align: center;\"><strong>OPTIONALE EXTRAS:<\/strong><\/div>\n<div style=\"text-align: center;\">* Getr\u00e4nke, Fotos, DVD, Personalausgaben<\/div>\n<div style=\"text-align: center;\"><\/div>\n<div style=\"text-align: center;\"><strong>ZUS\u00c4TZLICHE INFOS &amp; TIPPS:<\/strong><\/div>\n<div style=\"text-align: center;\">* Nehmen Sie Badesachen, Handtuch, Sonnencreme und Kamera mit<\/div>\n<div style=\"text-align: center;\"><\/div>\n<p style=\"text-align: center;\">Wir w\u00fcnschen Ihnen unvergessliche Erinnerungen w\u00e4hrend Ihres Urlaubs in der T\u00fcrkei.<\/p>\n<p style=\"text-align: center;\">Ps: F\u00fcr weitere Informationen k\u00f6nnen Sie uns auch per Whats-App-Anruf oder Nachricht kontaktieren.<\/p>\n<p style=\"text-align: center;\"><a href=\"https:\/\/www.instagram.com\/\" rel=\"nofollow noopener\" target=\"_blank\">Holiday Excursion team,<\/a><\/p>\n<p><iframe loading=\"lazy\" title=\"Green Canyon, Turkey 2021\/ Manavgat, Side\" width=\"1020\" height=\"574\" src=\"https:\/\/www.youtube.com\/embed\/mmaFZq404ng?feature=oembed\" frameborder=\"0\" allow=\"accelerometer; autoplay; clipboard-write; encrypted-media; gyroscope; picture-in-picture; web-share\" allowfullscreen><\/iframe><\/p>\n<p><iframe loading=\"lazy\" title=\"Green Canyon Manavgat\" width=\"1020\" height=\"574\" src=\"https:\/\/www.youtube.com\/embed\/hHfLr8FOLPo?feature=oembed\" frameborder=\"0\" allow=\"accelerometer; autoplay; clipboard-write; encrypted-media; gyroscope; picture-in-picture; web-share\" allowfullscreen><\/iframe><\/p>\n<p><iframe loading=\"lazy\" title=\"Orginal Green Canyon Boat Trip 2023 #greencanyon #greencanyontour\" width=\"1020\" height=\"574\" src=\"https:\/\/www.youtube.com\/embed\/an1J2x_Buiw?feature=oembed\" frameborder=\"0\" allow=\"accelerometer; autoplay; clipboard-write; encrypted-media; gyroscope; picture-in-picture; web-share\" allowfullscreen><\/iframe><\/p>\n","protected":false},"excerpt":{"rendered":"<p>MANAVGAT GREEN CANYON Der Manavgat Green Canyon, ein Naturwunder in der t\u00fcrkischen Provinz Antalya, ist ein atemberaubendes Reiseziel, das Besucher mit seiner atemberaubenden Sch\u00f6nheit und ruhigen Atmosph\u00e4re in seinen Bann zieht. Diese malerische Schlucht, auch bekannt als Oymapinar-Staudamm, ist ein beliebtes Ausflugsziel f\u00fcr Urlauber und bietet eine einzigartige Gelegenheit, die Naturwunder der Region zu erkunden.<\/p>\n","protected":false},"featured_media":21847,"comment_status":"open","ping_status":"closed","template":"","meta":[],"product_brand":[],"product_cat":[110],"product_tag":[],"class_list":{"0":"post-21636","1":"product","2":"type-product","3":"status-publish","4":"has-post-thumbnail","6":"product_cat-touren","8":"first","9":"instock","10":"featured","11":"virtual","12":"sold-individually","13":"purchasable","14":"product-type-booking"},"_links":{"self":[{"href":"https:\/\/holidayexcursion.com\/de\/wp-json\/wp\/v2\/product\/21636","targetHints":{"allow":["GET"]}}],"collection":[{"href":"https:\/\/holidayexcursion.com\/de\/wp-json\/wp\/v2\/product"}],"about":[{"href":"https:\/\/holidayexcursion.com\/de\/wp-json\/wp\/v2\/types\/product"}],"replies":[{"embeddable":true,"href":"https:\/\/holidayexcursion.com\/de\/wp-json\/wp\/v2\/comments?post=21636"}],"wp:featuredmedia":[{"embeddable":true,"href":"https:\/\/holidayexcursion.com\/de\/wp-json\/wp\/v2\/media\/21847"}],"wp:attachment":[{"href":"https:\/\/holidayexcursion.com\/de\/wp-json\/wp\/v2\/media?parent=21636"}],"wp:term":[{"taxonomy":"product_brand","embeddable":true,"href":"https:\/\/holidayexcursion.com\/de\/wp-json\/wp\/v2\/product_brand?post=21636"},{"taxonomy":"product_cat","embeddable":true,"href":"https:\/\/holidayexcursion.com\/de\/wp-json\/wp\/v2\/product_cat?post=21636"},{"taxonomy":"product_tag","embeddable":true,"href":"https:\/\/holidayexcursion.com\/de\/wp-json\/wp\/v2\/product_tag?post=21636"}],"curies":[{"name":"wp","href":"https:\/\/api.w.org\/{rel}","templated":true}]}}