{"id":21738,"date":"2023-11-11T20:24:28","date_gmt":"2023-11-11T17:24:28","guid":{"rendered":"https:\/\/holidayexcursion.com\/?post_type=product&#038;p=21738"},"modified":"2025-01-20T04:21:31","modified_gmt":"2025-01-20T01:21:31","slug":"go-kart","status":"publish","type":"product","link":"https:\/\/holidayexcursion.com\/de\/tours-in-alanya\/rent-a-car-de\/go-kart\/","title":{"rendered":"ALANYA GO-KART"},"content":{"rendered":"<h2 style=\"text-align: center;\"><strong>ALANYA GO-KART <\/strong><\/h2>\n<p style=\"text-align: center;\">Go-Kart-Fahren in Alanya ist seit langem ein fester Bestandteil des aufregenden Hochgeschwindigkeitsspa\u00dfes f\u00fcr Einzelpersonen und Familien gleicherma\u00dfen.<\/p>\n<p style=\"text-align: center;\">Urspr\u00fcnglich als spannender Zeitvertreib f\u00fcr Rennsportbegeisterte gedacht, hat sich Go-Kart-Fahren in Alanya zu einer beliebten Freizeitbesch\u00e4ftigung entwickelt und bietet eine zug\u00e4ngliche und aufregende M\u00f6glichkeit, den Nervenkitzel des Kart-Rennens zu erleben. Ganz gleich, ob es sich um Freizeitvergn\u00fcgen, Wettkampfrennen oder Teambuilding-Events handelt, Go-Kartfahren in Alanya bietet ein adrenalingeladenes Erlebnis, das ein breites Spektrum von Enthusiasten anspricht.<\/p>\n<p style=\"text-align: center;\">Dar\u00fcber hinaus ist Go-Kart-Fahren eine fantastische M\u00f6glichkeit, Ihre Fahrk\u00fcnste zu verbessern und etwas \u00fcber die Renndynamik zu lernen. Angehende Rennfahrer k\u00f6nnen ihre F\u00e4higkeiten in einer sicheren und kontrollierten Umgebung entwickeln und die Kunst des Bremsens, Beschleunigens und Navigierens in anspruchsvollen Kurven erlernen.<\/p>\n<p style=\"text-align: center;\"><img loading=\"lazy\" decoding=\"async\" class=\"alignnone wp-image-24647\" src=\"https:\/\/holidayexcursion.com\/wp-content\/uploads\/2023\/11\/Go-kart-alanya-300x189.png\" alt=\"\" width=\"400\" height=\"252\" title=\"\" srcset=\"https:\/\/holidayexcursion.com\/wp-content\/uploads\/2023\/11\/Go-kart-alanya-300x189.png 300w, https:\/\/holidayexcursion.com\/wp-content\/uploads\/2023\/11\/Go-kart-alanya-768x483.png 768w, https:\/\/holidayexcursion.com\/wp-content\/uploads\/2023\/11\/Go-kart-alanya-1024x644.png 1024w, https:\/\/holidayexcursion.com\/wp-content\/uploads\/2023\/11\/Go-kart-alanya-600x377.png 600w, https:\/\/holidayexcursion.com\/wp-content\/uploads\/2023\/11\/Go-kart-alanya.png 1100w\" sizes=\"auto, (max-width: 400px) 100vw, 400px\" \/><\/p>\n<p style=\"text-align: center;\">Der Reiz des Kartfahrens liegt in seiner Zug\u00e4nglichkeit und Vielseitigkeit. Von Indoor-Kart-Einrichtungen bis hin zu <a href=\"https:\/\/holidayexcursion.com\/tours-in-alanya\/rent-a-car\/utv\/\">Outdoor-Strecken<\/a> richten sich Go-Kart-Veranstaltungen sowohl an Fahranf\u00e4nger als auch an erfahrene Rennfahrer und bieten ein integratives Umfeld f\u00fcr alle K\u00f6nnensstufen. Mit verschiedenen verf\u00fcgbaren Kart-Optionen, darunter Elektro-Karts, gasbetriebene Karts und speziell entwickelte Jugend-Karts, bietet Go-Kart-Fahren ein altersgerechtes und sicheres Erlebnis f\u00fcr Menschen jeden Alters.<\/p>\n<p style=\"text-align: center;\">F\u00fcr viele ist Kartfahren eine aufregende Freizeit besch\u00e4ftigung, die den Adrenalin sto\u00df von Geschwindigkeit und Wettbewerb mit der Freude an freundschaftlicher Rivalit\u00e4t verbindet. Ganz gleich, ob es sich um einen Wochenend ausflug mit Freunden oder ein Familien abenteuer handelt, Kartfahren in Alanya bietet ein aufregendes und unterhaltsames Erlebnis, das Kameradschaft und freund schaftlichen Wettbewerb f\u00f6rdert. Dar\u00fcber hinaus bieten Go-Kart-Einrichtungen h\u00e4ufig Annehmlichkeiten wie Zeitmesssysteme, Rennligen und Sonderveranstaltungen f\u00fcr Enthusiasten, die ein wettbewerbsf\u00e4higeres und intensiveres Erlebnis suchen.<\/p>\n<p style=\"text-align: center;\"><img loading=\"lazy\" decoding=\"async\" class=\"alignnone wp-image-24641\" src=\"https:\/\/holidayexcursion.com\/wp-content\/uploads\/2023\/11\/Go-kart-alanya-1-300x300.jpg\" alt=\"\" width=\"399\" height=\"399\" title=\"\" srcset=\"https:\/\/holidayexcursion.com\/wp-content\/uploads\/2023\/11\/Go-kart-alanya-1-300x300.jpg 300w, https:\/\/holidayexcursion.com\/wp-content\/uploads\/2023\/11\/Go-kart-alanya-1-100x100.jpg 100w, https:\/\/holidayexcursion.com\/wp-content\/uploads\/2023\/11\/Go-kart-alanya-1-150x150.jpg 150w, https:\/\/holidayexcursion.com\/wp-content\/uploads\/2023\/11\/Go-kart-alanya-1.jpg 600w\" sizes=\"auto, (max-width: 399px) 100vw, 399px\" \/><\/p>\n<p style=\"text-align: center;\">Neben dem Freizeitvergn\u00fcgen ist das <a href=\"https:\/\/tr.wikipedia.org\/wiki\/Alanya\" rel=\"nofollow noopener\" target=\"_blank\">Kartfahren in Alanya<\/a> f\u00fcr alle Besucher eine beliebte Option f\u00fcr Teambuilding-Aktivit\u00e4ten und Firmenveranstaltungen. Viele Unternehmen und Organisationen nutzen Kartfahren als eine einzigartige und ansprechende M\u00f6glichkeit, Teamarbeit, Kommunikation und freundschaftlichen Wettbewerb unter Kollegen zu f\u00f6rdern. Teammitglieder k\u00f6nnen an Kopf-an-Kopf-<a href=\"https:\/\/www.fiakarting.com\/page\/home\" rel=\"nofollow noopener\" target=\"_blank\">Rennen<\/a>, Staffell\u00e4ufen und Teamherausforderungen teilnehmen und so ein unvergessliches und interaktives Erlebnis schaffen, das die Zusammenarbeit und Kameradschaft zwischen den Teilnehmern f\u00f6rdert.<\/p>\n<p style=\"text-align: center;\">Beim Kartfahren in Alanya steht die Sicherheit an erster Stelle und seri\u00f6se Einrichtungen legen Wert auf das Wohlergehen ihrer Fahrer. Moderne <a href=\"https:\/\/tr.wikipedia.org\/wiki\/Go_kart\" rel=\"nofollow noopener\" target=\"_blank\">Go-Karts<\/a> sind mit Sicherheitsfunktionen wie \u00dcberrollb\u00fcgeln, Sicherheitsgurten und fortschrittlichen Bremssystemen ausgestattet, um ein sicheres und angenehmes Erlebnis zu gew\u00e4hrleisten. Dar\u00fcber hinaus bieten die Mitarbeiter der Go-Kart-Einrichtungen Sicherheitsunterweisungen, Streckenregeln und Anleitungen an, um sicherzustellen, dass die Teilnehmer gut informiert und auf ihr Kart-Erlebnis vorbereitet sind.<\/p>\n<p style=\"text-align: center;\"><img loading=\"lazy\" decoding=\"async\" class=\"alignnone wp-image-24635\" src=\"https:\/\/holidayexcursion.com\/wp-content\/uploads\/2023\/11\/Go-kart-Alanya-Holiday-1-225x300.jpg\" alt=\"\" width=\"257\" height=\"343\" title=\"\" srcset=\"https:\/\/holidayexcursion.com\/wp-content\/uploads\/2023\/11\/Go-kart-Alanya-Holiday-1-225x300.jpg 225w, https:\/\/holidayexcursion.com\/wp-content\/uploads\/2023\/11\/Go-kart-Alanya-Holiday-1-768x1024.jpg 768w, https:\/\/holidayexcursion.com\/wp-content\/uploads\/2023\/11\/Go-kart-Alanya-Holiday-1-1152x1536.jpg 1152w, https:\/\/holidayexcursion.com\/wp-content\/uploads\/2023\/11\/Go-kart-Alanya-Holiday-1-600x800.jpg 600w, https:\/\/holidayexcursion.com\/wp-content\/uploads\/2023\/11\/Go-kart-Alanya-Holiday-1.jpg 1200w\" sizes=\"auto, (max-width: 257px) 100vw, 257px\" \/><\/p>\n<p style=\"text-align: center;\">Der Prozess der Teilnahme am Go-Kart-Fahren in Alanya ist in der Regel unkompliziert. Die Einrichtungen bieten Walk-In-Erlebnisse, Gruppenbuchungen und Veranstaltungsreservierungen an, um unterschiedlichen Vorlieben gerecht zu werden. Ganz gleich, ob es sich um einen spontanen Ausflug oder eine geplante Veranstaltung handelt, die Kart-Einrichtungen in Alanya zielen darauf ab, allen Teilnehmern ein nahtloses und angenehmes Erlebnis zu bieten. Viele Veranstaltungsorte bieten auch zus\u00e4tzliche Annehmlichkeiten wie Vor-Ort-Restaurants, Arcade-Spiele und Veranstaltungsr\u00e4ume, um das Gesamterlebnis f\u00fcr Besucher zu verbessern.<\/p>\n<p style=\"text-align: center;\">Dar\u00fcber hinaus hat sich Go-Kart-Fahren zu einem Sprungbrett f\u00fcr Personen entwickelt, die sich f\u00fcr Kart- und Motorsport-Wettbewerbe interessieren. Amateur- und Profi-Rennstrecken dienen h\u00e4ufig als Trainingsgel\u00e4nde f\u00fcr angehende Motorsport-Enthusiasten und erm\u00f6glichen ihnen, ihre Fahrk\u00fcnste zu verbessern, Rennsport zu erlernen und schlie\u00dflich in fortgeschrittenere Motorsport-Disziplinen \u00fcberzugehen. Daher spielt Go-Kart-Fahren eine entscheidende Rolle bei der Kultivierung der Leidenschaft f\u00fcr den Motorsport und dient als Tor zu zuk\u00fcnftigen Rennsportaktivit\u00e4ten.<\/p>\n<p style=\"text-align: center;\"><img loading=\"lazy\" decoding=\"async\" class=\"alignnone wp-image-24653\" src=\"https:\/\/holidayexcursion.com\/wp-content\/uploads\/2023\/11\/Go-kart-holiday-excursion-300x169.jpg\" alt=\"\" width=\"403\" height=\"227\" title=\"\" srcset=\"https:\/\/holidayexcursion.com\/wp-content\/uploads\/2023\/11\/Go-kart-holiday-excursion-300x169.jpg 300w, https:\/\/holidayexcursion.com\/wp-content\/uploads\/2023\/11\/Go-kart-holiday-excursion-768x431.jpg 768w, https:\/\/holidayexcursion.com\/wp-content\/uploads\/2023\/11\/Go-kart-holiday-excursion-1024x575.jpg 1024w, https:\/\/holidayexcursion.com\/wp-content\/uploads\/2023\/11\/Go-kart-holiday-excursion-600x337.jpg 600w, https:\/\/holidayexcursion.com\/wp-content\/uploads\/2023\/11\/Go-kart-holiday-excursion.jpg 1100w\" sizes=\"auto, (max-width: 403px) 100vw, 403px\" \/><\/p>\n<p style=\"text-align: center;\">Kartfahren in Alanya ist der Inbegriff von rasantem Spa\u00df und freund schaftlichem Wettbewerb. Ganz gleich, ob Sie auf der Suche nach einem Adrenalinsto\u00df sind oder Ihre Rennf\u00e4higkeiten verbessern m\u00f6chten: Go-Kart-Fahren bietet ein unvergessliches Erlebnis, das Lust auf weitere Runden auf der Rennstrecke macht.<\/p>\n<p style=\"text-align: center;\">Go-Kart-Fahren fasziniert weiterhin Enthusiasten mit seiner zug\u00e4nglichen, aufregenden und integrativen Natur. Ob Freizeitvergn\u00fcgen, Wettkampfrennen oder Teambuilding-Aktivit\u00e4ten: Kartfahren bietet ein adrenalingeladenes Erlebnis, das f\u00fcr Menschen jeden Alters und K\u00f6nnens geeignet ist. Da Sicherheit, Zug\u00e4nglichkeit und Unterhaltung im Vordergrund stehen, ist Kartfahren nach wie vor ein beliebter Zeitvertreib f\u00fcr Rennsportbegeisterte und Gelegenheitsteilnehmer gleicherma\u00dfen und bietet ein dynamisches und unvergessliches Erlebnis, das weiterhin ein vielf\u00e4ltiges und enthusiastisches Publikum anzieht. Z\u00f6gern Sie nicht, uns f\u00fcr weitere Informationen zu kontaktieren Abenteuer und Spa\u00df in Alanya.<\/p>\n<div style=\"text-align: center;\"><strong>ALANYA GO-KART-TOUR-PROGRAMM:<\/strong><\/div>\n<div style=\"text-align: center;\">* Abholung von Hotels und Apartments in Alanya, Transfer zum GO-KART-Park in einem privaten Auto<\/div>\n<div style=\"text-align: center;\">* Ankunft im GO-KART-Park, 15 Minuten Kartfahren, Entspannung und Freizeit<\/div>\n<div style=\"text-align: center;\">* R\u00fccktransfer zu Ihren Hotels und Apartments in Alanya<\/div>\n<div style=\"text-align: center;\"><\/div>\n<div style=\"text-align: center;\"><strong>IM PREIS INBEGRIFFEN:<\/strong><\/div>\n<div style=\"text-align: center;\">* Service geb\u00fchr von Hotels und Apartments in Alanya: 15-min\u00fctige Go-Kart-Fahrt, F\u00fchrer, Lehrer<\/div>\n<div style=\"text-align: center;\"><\/div>\n<div style=\"text-align: center;\"><strong>OPTIONALE EXTRAS:<\/strong><\/div>\n<div style=\"text-align: center;\">* Pers\u00f6nliche Ausgaben aus der <a href=\"https:\/\/www.tripadvisor.com.tr\/Restaurants-g297961-c8-Alanya_Turkish_Mediterranean_Coast.html\" rel=\"nofollow noopener\" target=\"_blank\">Cafeteria<\/a> der Einrichtung<\/div>\n<div style=\"text-align: center;\"><\/div>\n<div style=\"text-align: center;\"><strong>ZUS\u00c4TZLICHE INFORMATIONEN &amp; TIPPS<\/strong><\/div>\n<div style=\"text-align: center;\">* Kinder unter 9 Jahren d\u00fcrfen nicht mitfahren und m\u00fcssen keine besondere Kleidung tragen.<\/div>\n<div style=\"text-align: center;\">* Die Buchung ist jederzeit zwischen 10:00 und 20:00 Uhr m\u00f6glich. Ein F\u00fchrerschein ist nicht erforderlich<\/div>\n<p style=\"text-align: center;\">Wir w\u00fcnschen Ihnen unvergessliche Erinnerungen w\u00e4hrend Ihres Urlaubs in Alanya, T\u00fcrkei.<\/p>\n<p style=\"text-align: center;\">Ps: F\u00fcr weitere Informationen k\u00f6nnen Sie uns auch per Whats-App-Anruf oder Nachricht kontaktieren.<\/p>\n<p style=\"text-align: center;\"><a href=\"https:\/\/www.instagram.com\/\" rel=\"nofollow noopener\" target=\"_blank\">Holiday Excursion team,<\/a><\/p>\n<p><iframe loading=\"lazy\" title=\"Go Kart Alanya\" width=\"1020\" height=\"574\" src=\"https:\/\/www.youtube.com\/embed\/CX5Q9VZU3g4?feature=oembed\" frameborder=\"0\" allow=\"accelerometer; autoplay; clipboard-write; encrypted-media; gyroscope; picture-in-picture; web-share\" allowfullscreen><\/iframe><\/p>\n<p><iframe loading=\"lazy\" title=\"GO KART ALANYA VLOGU \/ E\u011flence Makinas\u0131\" width=\"1020\" height=\"574\" src=\"https:\/\/www.youtube.com\/embed\/_WggGj7dr0I?feature=oembed\" frameborder=\"0\" allow=\"accelerometer; autoplay; clipboard-write; encrypted-media; gyroscope; picture-in-picture; web-share\" allowfullscreen><\/iframe><\/p>\n<p><iframe loading=\"lazy\" title=\"ALANYA PARK CART\u0130NK GO CART \u0130\u015eLETMES\u0130\" width=\"1020\" height=\"574\" src=\"https:\/\/www.youtube.com\/embed\/DmEEWEhqKUw?feature=oembed\" frameborder=\"0\" allow=\"accelerometer; autoplay; clipboard-write; encrypted-media; gyroscope; picture-in-picture; web-share\" allowfullscreen><\/iframe><\/p>\n","protected":false},"excerpt":{"rendered":"<p>ALANYA GO-KART Go-Kart-Fahren in Alanya ist seit langem ein fester Bestandteil des aufregenden Hochgeschwindigkeitsspa\u00dfes f\u00fcr Einzelpersonen und Familien gleicherma\u00dfen. Urspr\u00fcnglich als spannender Zeitvertreib f\u00fcr Rennsportbegeisterte gedacht, hat sich Go-Kart-Fahren in Alanya zu einer beliebten Freizeitbesch\u00e4ftigung entwickelt und bietet eine zug\u00e4ngliche und aufregende M\u00f6glichkeit, den Nervenkitzel des Kart-Rennens zu erleben. Ganz gleich, ob es sich um<\/p>\n","protected":false},"featured_media":21757,"comment_status":"open","ping_status":"closed","template":"","meta":[],"product_brand":[],"product_cat":[105],"product_tag":[],"class_list":{"0":"post-21738","1":"product","2":"type-product","3":"status-publish","4":"has-post-thumbnail","6":"product_cat-rent-a-car-de","8":"first","9":"instock","10":"featured","11":"virtual","12":"sold-individually","13":"purchasable","14":"product-type-booking"},"_links":{"self":[{"href":"https:\/\/holidayexcursion.com\/de\/wp-json\/wp\/v2\/product\/21738","targetHints":{"allow":["GET"]}}],"collection":[{"href":"https:\/\/holidayexcursion.com\/de\/wp-json\/wp\/v2\/product"}],"about":[{"href":"https:\/\/holidayexcursion.com\/de\/wp-json\/wp\/v2\/types\/product"}],"replies":[{"embeddable":true,"href":"https:\/\/holidayexcursion.com\/de\/wp-json\/wp\/v2\/comments?post=21738"}],"wp:featuredmedia":[{"embeddable":true,"href":"https:\/\/holidayexcursion.com\/de\/wp-json\/wp\/v2\/media\/21757"}],"wp:attachment":[{"href":"https:\/\/holidayexcursion.com\/de\/wp-json\/wp\/v2\/media?parent=21738"}],"wp:term":[{"taxonomy":"product_brand","embeddable":true,"href":"https:\/\/holidayexcursion.com\/de\/wp-json\/wp\/v2\/product_brand?post=21738"},{"taxonomy":"product_cat","embeddable":true,"href":"https:\/\/holidayexcursion.com\/de\/wp-json\/wp\/v2\/product_cat?post=21738"},{"taxonomy":"product_tag","embeddable":true,"href":"https:\/\/holidayexcursion.com\/de\/wp-json\/wp\/v2\/product_tag?post=21738"}],"curies":[{"name":"wp","href":"https:\/\/api.w.org\/{rel}","templated":true}]}}