{"id":22844,"date":"2023-11-12T15:26:07","date_gmt":"2023-11-12T12:26:08","guid":{"rendered":"https:\/\/holidayexcursion.com\/?post_type=product&#038;p=22844"},"modified":"2023-11-27T23:53:02","modified_gmt":"2023-11-27T20:53:02","slug":"katamaran","status":"publish","type":"product","link":"https:\/\/holidayexcursion.com\/de\/tours-in-alanya\/touren\/katamaran\/","title":{"rendered":"ALANYA KATAMARAN BOOTS TOUR"},"content":{"rendered":"<h2 style=\"text-align: center;\"><strong>ALANYA KATAMARAN BOOTS TOUR<\/strong><\/h2>\n<p style=\"text-align: center;\"><strong>Segeln Sie ins Abenteuer: Erkunden Sie Alanyas Katamaran-Tour<\/strong><\/p>\n<p style=\"text-align: center;\">Erleben Sie das atemberaubende t\u00fcrkisfarbene Wasser des <a href=\"https:\/\/simple.wikipedia.org\/wiki\/Mediterranean_Sea\" rel=\"nofollow noopener\" target=\"_blank\">Mittelmeers<\/a> gepaart mit der faszinierenden Sch\u00f6nheit von <a href=\"https:\/\/tr.wikipedia.org\/wiki\/Alanya\" rel=\"nofollow noopener\" target=\"_blank\">Alanya<\/a> in der T\u00fcrkei auf einer unvergesslichen Katamaran-Tour. Wenn Sie sich auf eine Katamaran-Tour durch Alanya begeben, k\u00f6nnen Sie nicht nur der gesch\u00e4ftigen Stadt entfliehen, sondern erhalten auch eine einzigartige Perspektive auf die atemberaubende K\u00fcste, versteckte H\u00f6hlen und Panoramablicke der Region. Begleiten Sie uns auf dieser Urlaubsausflugstour, w\u00e4hrend wir in die aufregende Welt der Alanya-Katamarantouren eintauchen und das Abenteuer entdecken, das Sie erwartet.<\/p>\n<p style=\"text-align: center;\">1. Segel ins Paradies setzen:<\/p>\n<p style=\"text-align: center;\">Wenn Sie an Bord des Katamarans gehen und vom malerischen Hafen von Alanya aus in See stechen, werden Sie von einer warmen Meeresbrise begr\u00fc\u00dft und versprechen einen Tag voller Entspannung und Entdeckungen. Das kristallklare Wasser gl\u00e4nzt unter der prallen Sonne und bietet einen Einblick in eine Welt voller Meereslebewesen und Naturwunder.<\/p>\n<p style=\"text-align: center;\"><img loading=\"lazy\" decoding=\"async\" class=\"alignnone size-medium wp-image-24517\" src=\"https:\/\/holidayexcursion.com\/wp-content\/uploads\/2023\/11\/Alanya-Catamaran-holiday-excursion-300x225.jpg\" alt=\"\" width=\"300\" height=\"225\" title=\"\" srcset=\"https:\/\/holidayexcursion.com\/wp-content\/uploads\/2023\/11\/Alanya-Catamaran-holiday-excursion-300x225.jpg 300w, https:\/\/holidayexcursion.com\/wp-content\/uploads\/2023\/11\/Alanya-Catamaran-holiday-excursion-768x576.jpg 768w, https:\/\/holidayexcursion.com\/wp-content\/uploads\/2023\/11\/Alanya-Catamaran-holiday-excursion-600x450.jpg 600w, https:\/\/holidayexcursion.com\/wp-content\/uploads\/2023\/11\/Alanya-Catamaran-holiday-excursion.jpg 1000w\" sizes=\"auto, (max-width: 300px) 100vw, 300px\" \/><\/p>\n<p style=\"text-align: center;\">2. Entdecken Sie die K\u00fcstenpracht:<\/p>\n<p style=\"text-align: center;\">W\u00e4hrend Ihr Katamaran entlang der K\u00fcste gleitet, haben Sie die M\u00f6glichkeit, die verborgenen Sch\u00e4tze zu entdecken, die Alanya zu bieten hat. Bewundern Sie die dramatischen Klippen, goldenen Sandstr\u00e4nde und einsamen Buchten, die diese Region so faszinierend machen. Ihr sachkundiger Reisef\u00fchrer wird Ihnen faszinierende Einblicke in die Geschichte, Kultur und Naturmerkmale der Region geben und Ihre Reise mit interessanten Fakten und Geschichten bereichern.<\/p>\n<p style=\"text-align: center;\">3. Erkunden Sie die bezaubernden H\u00f6hlen:<\/p>\n<p style=\"text-align: center;\">Einer der H\u00f6hepunkte einer Alanya-Katamaran-Tour ist die M\u00f6glichkeit, die herrlichen Meeresh\u00f6hlen entlang der K\u00fcste zu erkunden. Bestaunen Sie, wie Ihr <a href=\"https:\/\/holidayexcursion.com\/tours-in-alanya\/tours\/boat-tour\/\">Katamaran<\/a> m\u00fchelos durch die Sand str\u00e4nde navigiert und funkelnde Stalaktiten, t\u00fcrkis schimmerndes Wasser und bezaubernde Felsformationen zum Vorschein bringt. Diese Naturwunder verleihen Ihrem Abenteuer einen Hauch von Geheimnis und Wunder und bieten die perfekte Kulisse f\u00fcr unvergessliche Fotos und unvergessliche Erlebnisse.<\/p>\n<p style=\"text-align: center;\"><img loading=\"lazy\" decoding=\"async\" class=\"alignnone size-medium wp-image-22877\" src=\"https:\/\/holidayexcursion.com\/wp-content\/uploads\/2023\/11\/alanya-katamaran-boat-tour-hatch-2.jpg-300x190.webp\" alt=\"\" width=\"300\" height=\"190\" title=\"\" srcset=\"https:\/\/holidayexcursion.com\/wp-content\/uploads\/2023\/11\/alanya-katamaran-boat-tour-hatch-2.jpg-300x190.webp 300w, https:\/\/holidayexcursion.com\/wp-content\/uploads\/2023\/11\/alanya-katamaran-boat-tour-hatch-2.jpg-768x487.webp 768w, https:\/\/holidayexcursion.com\/wp-content\/uploads\/2023\/11\/alanya-katamaran-boat-tour-hatch-2.jpg-600x380.webp 600w, https:\/\/holidayexcursion.com\/wp-content\/uploads\/2023\/11\/alanya-katamaran-boat-tour-hatch-2.jpg.webp 820w\" sizes=\"auto, (max-width: 300px) 100vw, 300px\" \/><\/p>\n<p style=\"text-align: center;\">4. Eintauchen ins Mittelmeer:<\/p>\n<p style=\"text-align: center;\">Sp\u00fcren Sie den Reiz des Mittelmeers, wenn das Boot an abgelegenen Orten ankert und Sie zum Eintauchen in das erfrischende Wasser einl\u00e4dt. Unabh\u00e4ngig davon, ob Sie ein erfahrener Schwimmer oder ein Anf\u00e4nger sind, wird Ihnen h\u00e4ufig Schnorchelausr\u00fcstung zur Verf\u00fcgung gestellt, sodass Sie Zeuge der Unterwasserwelt voller lebendiger Meereslebewesen werden k\u00f6nnen. Schwimmen Sie neben bunten Fischen und begegnen Sie anderen faszinierenden Meeresbewohnern und schaffen Sie so bleibende Erinnerungen an Ihre Zeit in Alanya.<\/p>\n<p style=\"text-align: center;\">5. Genie\u00dfen Sie K\u00f6stlichkeiten an Bord:<\/p>\n<p style=\"text-align: center;\">Bei einer Alanya-Katamaran-Tour geht es nicht nur um das Abenteuer; Es ist auch eine Gelegenheit, k\u00f6stliche lokale K\u00fcche zu genie\u00dfen. Auf vielen Touren werden ein k\u00f6stliches Mittagessen oder Getr\u00e4nke an Bord angeboten, sodass Sie die Aromen der T\u00fcrkei genie\u00dfen und gleichzeitig die malerische Aussicht genie\u00dfen k\u00f6nnen. Lehnen Sie sich zur\u00fcck, entspannen Sie sich und lassen Sie die Aromen des Mittelmeers Ihren Gaumen verw\u00f6hnen, w\u00e4hrend Sie die atemberaubende Umgebung genie\u00dfen.<\/p>\n<p style=\"text-align: center;\"><img loading=\"lazy\" decoding=\"async\" class=\"alignnone size-medium wp-image-22871\" src=\"https:\/\/holidayexcursion.com\/wp-content\/uploads\/2023\/11\/alanya-catamaran-tour-5--300x166.webp\" alt=\"\" width=\"300\" height=\"166\" title=\"\" srcset=\"https:\/\/holidayexcursion.com\/wp-content\/uploads\/2023\/11\/alanya-catamaran-tour-5--300x166.webp 300w, https:\/\/holidayexcursion.com\/wp-content\/uploads\/2023\/11\/alanya-catamaran-tour-5--768x424.webp 768w, https:\/\/holidayexcursion.com\/wp-content\/uploads\/2023\/11\/alanya-catamaran-tour-5--600x331.webp 600w, https:\/\/holidayexcursion.com\/wp-content\/uploads\/2023\/11\/alanya-catamaran-tour-5-.webp 870w\" sizes=\"auto, (max-width: 300px) 100vw, 300px\" \/><\/p>\n<p style=\"text-align: center;\">Wenn Sie sich auf eine <a href=\"https:\/\/en.wikipedia.org\/wiki\/Catamaran\" rel=\"nofollow noopener\" target=\"_blank\">Katamaran-Tour durch Alanya<\/a> begeben, haben Sie die M\u00f6glichkeit, die Wunder von Land und Meer zu entdecken. Sie k\u00f6nnen die atemberaubende K\u00fcste erkunden, sich an versteckten H\u00f6hlen erfreuen und in das kristallklare Wasser des Mittelmeers eintauchen. Es ist ein Erlebnis, das Abenteuer, Entspannung und kulturelles Eintauchen in das K\u00fcstenparadies Alanya vereint. Begeben Sie sich also auf eine Katamaran-Tour, genie\u00dfen Sie die Sonne und lassen Sie diese unvergessliche Reise zu einem H\u00f6hepunkt Ihrer Zeit in der T\u00fcrkei werden.<\/p>\n<p style=\"text-align: center;\"><img loading=\"lazy\" decoding=\"async\" class=\"alignnone size-medium wp-image-22859\" src=\"https:\/\/holidayexcursion.com\/wp-content\/uploads\/2023\/11\/Alanya-catamaran-tour-300x200.jpg\" alt=\"\" width=\"300\" height=\"200\" title=\"\" srcset=\"https:\/\/holidayexcursion.com\/wp-content\/uploads\/2023\/11\/Alanya-catamaran-tour-300x200.jpg 300w, https:\/\/holidayexcursion.com\/wp-content\/uploads\/2023\/11\/Alanya-catamaran-tour-600x401.jpg 600w, https:\/\/holidayexcursion.com\/wp-content\/uploads\/2023\/11\/Alanya-catamaran-tour.jpg 668w\" sizes=\"auto, (max-width: 300px) 100vw, 300px\" \/>,<\/p>\n<div style=\"text-align: center;\"><strong>ALANYA BOOTS AUSFLUG PROGRAMM:<\/strong><\/div>\n<div style=\"text-align: center;\">* Abholung von Hotels\/Apartments in Alanya und Umgebung<\/div>\n<div style=\"text-align: center;\">* Transport zum Hafen von Alanya, Abfahrt vom Hafen von Alanya um 10:00 Uhr<\/div>\n<div style=\"text-align: center;\">* Beobachten Sie die alte Werft von Alanya, den Roten Turm vom Schiff aus, Schwimmen in der N\u00e4he der Werft<\/div>\n<div style=\"text-align: center;\">* Sie werden die Piratenh\u00f6hle, die Liebesh\u00f6hle, die Phosphorh\u00f6hle und den Kleopatra-Strand sehen<\/div>\n<div style=\"text-align: center;\">* Mittagessen, Schwimmen am Strand von Ulaslar, Teufelsh\u00f6hle, Badepausen,<\/div>\n<div style=\"text-align: center;\">* Wenn Sie Gl\u00fcck haben, k\u00f6nnen Sie manchmal auch Delfine sehen.<\/div>\n<div style=\"text-align: center;\">* Vom offenen Meer zur\u00fcck zum Hafen von Alanya, R\u00fcckfahrt zu Ihren Zielorten in Alanya und Umgebung.<\/div>\n<div><\/div>\n<div style=\"text-align: center;\"><img loading=\"lazy\" decoding=\"async\" class=\"alignnone size-medium wp-image-22883\" src=\"https:\/\/holidayexcursion.com\/wp-content\/uploads\/2023\/11\/Katamaran-alanya-300x292.jpeg\" alt=\"\" width=\"300\" height=\"292\" title=\"\" srcset=\"https:\/\/holidayexcursion.com\/wp-content\/uploads\/2023\/11\/Katamaran-alanya-300x292.jpeg 300w, https:\/\/holidayexcursion.com\/wp-content\/uploads\/2023\/11\/Katamaran-alanya-600x584.jpeg 600w, https:\/\/holidayexcursion.com\/wp-content\/uploads\/2023\/11\/Katamaran-alanya.jpeg 730w\" sizes=\"auto, (max-width: 300px) 100vw, 300px\" \/><\/div>\n<div style=\"text-align: center;\"><strong>IM PREIS INBEGRIFFEN:<\/strong><\/div>\n<div style=\"text-align: center;\">* Abholung und R\u00fccktransfer von Hotels und Apartments in Alanya, Reisef\u00fchrer, Mittagessen (gegrilltes H\u00e4hnchen, 3 Salatsorten, Reis)<\/div>\n<div style=\"text-align: center;\">* Erfrischungsgetr\u00e4nke (Wasser, Cola, Fanta, Mineralwasser extern) Animationen, Unterhaltung Schaumparty.<\/div>\n<div style=\"text-align: center;\"><\/div>\n<div style=\"text-align: center;\"><strong>OPTIONALE EXTRAS:<\/strong><\/div>\n<div style=\"text-align: center;\">* Alkoholische Getr\u00e4nke, Eis, Fotos<\/div>\n<div style=\"text-align: center;\"><\/div>\n<div style=\"text-align: center;\"><strong>ZUS\u00c4TZLICHE INFOS &amp; TIPPS:<\/strong><\/div>\n<div style=\"text-align: center;\">* Auf unserer Yacht stehen Umkleidekabinen, Toiletten, WC und Duschen zur Verf\u00fcgung.<\/div>\n<div style=\"text-align: center;\">* Vereinzelt sind Schwimmpausen m\u00f6glich. Wenn Sie schwimmen m\u00f6chten,<\/div>\n<div style=\"text-align: center;\">* Sie sollten Badekleidung, Sonnencreme und Strandtuch mitnehmen.<\/div>\n<div style=\"text-align: center;\">* Im Falle einer Seekrankheit wird den G\u00e4sten empfohlen, w\u00e4hrend der Tour entsprechende Medikamente mitzubringen.<\/div>\n<p style=\"text-align: center;\">Wir w\u00fcnschen Ihnen unvergessliche Erinnerungen w\u00e4hrend Ihres Urlaubs in Alanya, T\u00fcrkei.<\/p>\n<p style=\"text-align: center;\">Ps: F\u00fcr weitere Informationen k\u00f6nnen Sie uns auch per Whats-App-Anruf oder Nachricht kontaktieren.<\/p>\n<p style=\"text-align: center;\">Holiday Excursion team,<\/p>\n<p><iframe loading=\"lazy\" title=\"Alanya Brothers Five Catamaran (4K UHD)\" width=\"1020\" height=\"574\" src=\"https:\/\/www.youtube.com\/embed\/BZzzrSpKWfY?feature=oembed\" frameborder=\"0\" allow=\"accelerometer; autoplay; clipboard-write; encrypted-media; gyroscope; picture-in-picture; web-share\" allowfullscreen><\/iframe><\/p>\n<p><iframe loading=\"lazy\" title=\"Alanya Pirate Ship Boat Trip Turkey 2023 || Big Karal Boat || Manoo Creations\" width=\"1020\" height=\"574\" src=\"https:\/\/www.youtube.com\/embed\/erkiZF0HrCs?feature=oembed\" frameborder=\"0\" allow=\"accelerometer; autoplay; clipboard-write; encrypted-media; gyroscope; picture-in-picture; web-share\" allowfullscreen><\/iframe><\/p>\n<p><iframe loading=\"lazy\" title=\"Alanya&#039;da tekne turu ve k\u00f6p\u00fck partisi\" width=\"1020\" height=\"574\" src=\"https:\/\/www.youtube.com\/embed\/2te7VbiBwpA?feature=oembed\" frameborder=\"0\" allow=\"accelerometer; autoplay; clipboard-write; encrypted-media; gyroscope; picture-in-picture; web-share\" allowfullscreen><\/iframe><\/p>\n","protected":false},"excerpt":{"rendered":"<p>ALANYA KATAMARAN BOOTS TOUR Segeln Sie ins Abenteuer: Erkunden Sie Alanyas Katamaran-Tour Erleben Sie das atemberaubende t\u00fcrkisfarbene Wasser des Mittelmeers gepaart mit der faszinierenden Sch\u00f6nheit von Alanya in der T\u00fcrkei auf einer unvergesslichen Katamaran-Tour. Wenn Sie sich auf eine Katamaran-Tour durch Alanya begeben, k\u00f6nnen Sie nicht nur der gesch\u00e4ftigen Stadt entfliehen, sondern erhalten auch eine<\/p>\n","protected":false},"featured_media":24519,"comment_status":"open","ping_status":"closed","template":"","meta":[],"product_brand":[],"product_cat":[110],"product_tag":[],"class_list":{"0":"post-22844","1":"product","2":"type-product","3":"status-publish","4":"has-post-thumbnail","6":"product_cat-touren","8":"first","9":"instock","10":"featured","11":"virtual","12":"sold-individually","13":"purchasable","14":"product-type-booking"},"_links":{"self":[{"href":"https:\/\/holidayexcursion.com\/de\/wp-json\/wp\/v2\/product\/22844","targetHints":{"allow":["GET"]}}],"collection":[{"href":"https:\/\/holidayexcursion.com\/de\/wp-json\/wp\/v2\/product"}],"about":[{"href":"https:\/\/holidayexcursion.com\/de\/wp-json\/wp\/v2\/types\/product"}],"replies":[{"embeddable":true,"href":"https:\/\/holidayexcursion.com\/de\/wp-json\/wp\/v2\/comments?post=22844"}],"wp:featuredmedia":[{"embeddable":true,"href":"https:\/\/holidayexcursion.com\/de\/wp-json\/wp\/v2\/media\/24519"}],"wp:attachment":[{"href":"https:\/\/holidayexcursion.com\/de\/wp-json\/wp\/v2\/media?parent=22844"}],"wp:term":[{"taxonomy":"product_brand","embeddable":true,"href":"https:\/\/holidayexcursion.com\/de\/wp-json\/wp\/v2\/product_brand?post=22844"},{"taxonomy":"product_cat","embeddable":true,"href":"https:\/\/holidayexcursion.com\/de\/wp-json\/wp\/v2\/product_cat?post=22844"},{"taxonomy":"product_tag","embeddable":true,"href":"https:\/\/holidayexcursion.com\/de\/wp-json\/wp\/v2\/product_tag?post=22844"}],"curies":[{"name":"wp","href":"https:\/\/api.w.org\/{rel}","templated":true}]}}