{"id":24564,"date":"2023-11-22T21:11:57","date_gmt":"2023-11-22T18:11:58","guid":{"rendered":"https:\/\/holidayexcursion.com\/?post_type=product&#038;p=24564"},"modified":"2024-02-29T09:48:18","modified_gmt":"2024-02-29T06:48:18","slug":"boots-2","status":"publish","type":"product","link":"https:\/\/holidayexcursion.com\/de\/tours-in-alanya\/touren\/boots-2\/","title":{"rendered":"ALANYA BOOTS TOUR BEI SONNENUNTERGANG"},"content":{"rendered":"<h2><\/h2>\n<h2 style=\"text-align: center;\">ALANYA BOOTS TOUR BEI SONNENUNTERGANG<\/h2>\n<p style=\"text-align: center;\">Den Sonnen untergang w\u00e4hrend einer <a href=\"https:\/\/holidayexcursion.com\/tours-in-alanya\/tours\/boat\/\">Boots tour in Alanya<\/a> in der T\u00fcrkei zu beobachten, ist ein wirklich faszinierendes und unvergessliches Erlebnis. W\u00e4hrend die Sonne unterzugehen beginnt, leuchtende Farben \u00fcber den Himmel wirft und sich im ruhigen Wasser spiegelt, werden die Passagiere an Bord des Bootes mit einem atemberaubenden Schauspiel verw\u00f6hnt, das mit Sicherheit bleibende Erinnerungen schaffen wird.<\/p>\n<p style=\"text-align: center;\">Als das Boot im malerischen Hafen von Alanya in See sticht, steigt die Vorfreude bei den G\u00e4sten. Das sanfte Schaukeln des Bootes und das beruhigende Rauschen der Wellen erzeugen ein Gef\u00fchl der Ruhe, w\u00e4hrend das Schiff durch das azurblaue Wasser des Mittelmeers gleitet. Die Passagiere sind umgeben von einer atemberaubenden K\u00fcsten landschaft mit schroffen Klippen, \u00fcppigem Gr\u00fcn und antiken Ruinen, die zu einer bezaubernden Atmosph\u00e4re beitragen.<\/p>\n<p><img loading=\"lazy\" decoding=\"async\" class=\"alignnone size-medium wp-image-24578\" src=\"https:\/\/holidayexcursion.com\/wp-content\/uploads\/2023\/11\/Alanya-sunset-boat-tour-2024-300x200.jpg\" alt=\"\" width=\"300\" height=\"200\" title=\"\" srcset=\"https:\/\/holidayexcursion.com\/wp-content\/uploads\/2023\/11\/Alanya-sunset-boat-tour-2024-300x200.jpg 300w, https:\/\/holidayexcursion.com\/wp-content\/uploads\/2023\/11\/Alanya-sunset-boat-tour-2024-600x400.jpg 600w, https:\/\/holidayexcursion.com\/wp-content\/uploads\/2023\/11\/Alanya-sunset-boat-tour-2024.jpg 720w\" sizes=\"auto, (max-width: 300px) 100vw, 300px\" \/><\/p>\n<p style=\"text-align: center;\">W\u00e4hrend die Sonne allm\u00e4hlich zum Horizont sinkt, verwandelt sich der Himmel in eine Leinwand aus lebendigen Farben. Die warmen Oranget\u00f6ne, tiefen Rott\u00f6ne und sanften Violettt\u00f6ne bilden einen auff\u00e4lligen Kontrast zum tiefen Blau des Meeres und rufen ein Gef\u00fchl von Ehrfurcht und Staunen hervor. Die wechselnden Farben zeichnen mit jedem Augenblick ein anderes Bild und bieten eine einzigartige und dynamische Darstellung nat\u00fcrlicher Sch\u00f6nheit.<\/p>\n<p style=\"text-align: center;\">W\u00e4hrend das Boot seine Reise fortsetzt, sinkt die Sonne tiefer und wirft einen goldenen Glanz \u00fcber die Landschaft. Das sanfte, warme Licht umh\u00fcllt alles, was ihm in den Weg kommt, und schafft eine magische Atmosph\u00e4re, die geradezu bezaubernd ist. Passagiere sind oft sprachlos, wenn sie die atemberaubende Verwandlung der Umgebung miterleben, und haben das Gef\u00fchl, in eine v\u00f6llig andere Welt versetzt worden zu sein.<\/p>\n<p><img loading=\"lazy\" decoding=\"async\" class=\"alignnone size-medium wp-image-24584\" src=\"https:\/\/holidayexcursion.com\/wp-content\/uploads\/2023\/11\/Alanya-sunset-boat-tour-holiday-excursion-300x200.jpg\" alt=\"\" width=\"300\" height=\"200\" title=\"\" srcset=\"https:\/\/holidayexcursion.com\/wp-content\/uploads\/2023\/11\/Alanya-sunset-boat-tour-holiday-excursion-300x200.jpg 300w, https:\/\/holidayexcursion.com\/wp-content\/uploads\/2023\/11\/Alanya-sunset-boat-tour-holiday-excursion-600x400.jpg 600w, https:\/\/holidayexcursion.com\/wp-content\/uploads\/2023\/11\/Alanya-sunset-boat-tour-holiday-excursion.jpg 669w\" sizes=\"auto, (max-width: 300px) 100vw, 300px\" \/><\/p>\n<p style=\"text-align: center;\">W\u00e4hrend sich die Sonne dem Horizont n\u00e4hert, positioniert der Kapit\u00e4n das Boot f\u00fcr den perfekten Aussichtspunkt, sodass die Passagiere vollst\u00e4ndig in die beeindruckende Szene eintauchen k\u00f6nnen. Die letzten Momente, bevor die Sonne hinter dem Horizont verschwindet, sind von einem Gef\u00fchl kollektiven Staunens gepr\u00e4gt, w\u00e4hrend alle an Bord die atemberaubende Aussicht genie\u00dfen, die sich ihnen bietet.<\/p>\n<p style=\"text-align: center;\">Sobald die Sonne untergegangen ist, beginnt das Boot allm\u00e4hlich seine R\u00fcckfahrt zum Hafen, w\u00e4hrend das schwindende Licht eine friedliche Aura \u00fcber das Meer wirft. Das Erlebnis, den Sonnenuntergang w\u00e4hrend einer Bootsfahrt in Alanya zu erleben, hinterl\u00e4sst bei allen Teilnehmern einen bleibenden Eindruck und ist eine ergreifende Erinnerung an die Sch\u00f6nheit und Gro\u00dfartigkeit der Natur.<\/p>\n<p><img loading=\"lazy\" decoding=\"async\" class=\"alignnone size-full wp-image-24572\" src=\"https:\/\/holidayexcursion.com\/wp-content\/uploads\/2023\/11\/Alanya-sunset-boat-holiday-excursion.jpg\" alt=\"\" width=\"275\" height=\"183\" title=\"\"><\/p>\n<p style=\"text-align: center;\">W\u00e4hrend der gesamten Bootsfahrt haben die Passagiere die M\u00f6glichkeit, k\u00f6stliche Erfrischungen und lokale K\u00fcche zu genie\u00dfen, was das Erlebnis insgesamt noch angenehmer macht. Ganz gleich, ob Sie an einem erfrischenden Getr\u00e4nk nippen oder sich k\u00f6stliche Snacks g\u00f6nnen, das kulinarische Angebot erg\u00e4nzt das ruhige Ambiente und schafft ein Gef\u00fchl von Genuss und Entspannung.<\/p>\n<p style=\"text-align: center;\">Zus\u00e4tzlich zum faszinierenden Sonnen untergang bietet die Boots tour den G\u00e4sten zahlreiche M\u00f6glichkeiten, Freizeit aktivit\u00e4ten nachzugehen und mit anderen Passagieren Kontakte zu kn\u00fcpfen. Ganz gleich, ob Sie sich an lebhaften Gespr\u00e4chen beteiligen, an Wasser aktivit\u00e4ten teilnehmen oder einfach nur die ruhige Atmosph\u00e4re genie\u00dfen \u2013 die Boots fahrt f\u00f6rdert das Gef\u00fchl der Kameradschaft und Geselligkeit unter den G\u00e4sten.<\/p>\n<p><img loading=\"lazy\" decoding=\"async\" class=\"alignnone size-medium wp-image-24596\" src=\"https:\/\/holidayexcursion.com\/wp-content\/uploads\/2023\/11\/alanya-sunset-boat-holidayexcursion-300x188.jpg\" alt=\"\" width=\"300\" height=\"188\" title=\"\" srcset=\"https:\/\/holidayexcursion.com\/wp-content\/uploads\/2023\/11\/alanya-sunset-boat-holidayexcursion-300x188.jpg 300w, https:\/\/holidayexcursion.com\/wp-content\/uploads\/2023\/11\/alanya-sunset-boat-holidayexcursion-600x375.jpg 600w, https:\/\/holidayexcursion.com\/wp-content\/uploads\/2023\/11\/alanya-sunset-boat-holidayexcursion.jpg 720w\" sizes=\"auto, (max-width: 300px) 100vw, 300px\" \/><\/p>\n<p style=\"text-align: center;\">Die Boots fahrt bei Sonnen untergang in <a href=\"https:\/\/tr.wikipedia.org\/wiki\/Alanya\" rel=\"nofollow noopener\" target=\"_blank\">Alanya<\/a> ist nicht nur ein visuelles Spektakel, sondern ein allumfassendes Sinnes erlebnis, das es den Teilnehmern erm\u00f6glicht, vollst\u00e4ndig in die nat\u00fcrliche Sch\u00f6nheit der t\u00fcrkischen K\u00fcste und der <a href=\"https:\/\/tr.wikipedia.org\/wiki\/Alanya_Kalesi\" rel=\"nofollow noopener\" target=\"_blank\">Burg von Alanya<\/a> einzutauchen. Die Kombination aus atemberaubenden Ausblicken, k\u00f6stlicher K\u00fcche und geselliger Gesellschaft schafft ein wirklich unvergessliches Erlebnis, das noch lange nach dem Ende der Reise in Erinnerung bleibt.<\/p>\n<p style=\"text-align: center;\">Als das Boot wieder am Hafen anlegt, gehen die Passagiere mit einem neuen Gef\u00fchl des Staunens und der Wertsch\u00e4tzung f\u00fcr die Natur von Bord. Die atemberaubende Reise und der fesselnde Sonnenuntergang hinterlassen unausl\u00f6schliche Spuren und inspirieren diejenigen, die sie miterlebt haben, dazu, nach weiteren Momenten der Sch\u00f6nheit und Ruhe in ihrem Leben zu suchen.<\/p>\n<p><img loading=\"lazy\" decoding=\"async\" class=\"alignnone size-medium wp-image-24602\" src=\"https:\/\/holidayexcursion.com\/wp-content\/uploads\/2023\/11\/alanya-sunset-boat-tour-holiday-excursion-300x210.jpeg\" alt=\"\" width=\"300\" height=\"210\" title=\"\" srcset=\"https:\/\/holidayexcursion.com\/wp-content\/uploads\/2023\/11\/alanya-sunset-boat-tour-holiday-excursion-300x210.jpeg 300w, https:\/\/holidayexcursion.com\/wp-content\/uploads\/2023\/11\/alanya-sunset-boat-tour-holiday-excursion-768x538.jpeg 768w, https:\/\/holidayexcursion.com\/wp-content\/uploads\/2023\/11\/alanya-sunset-boat-tour-holiday-excursion-600x420.jpeg 600w, https:\/\/holidayexcursion.com\/wp-content\/uploads\/2023\/11\/alanya-sunset-boat-tour-holiday-excursion.jpeg 800w\" sizes=\"auto, (max-width: 300px) 100vw, 300px\" \/><\/p>\n<p style=\"text-align: center;\">Die Bootsfahrt bei Sonnenuntergang in Alanya bietet eine fesselnde Mischung aus nat\u00fcrlicher Sch\u00f6nheit, kulinarischen K\u00f6stlichkeiten und geselligem Vergn\u00fcgen und ist somit ein Muss f\u00fcr jeden, der die Region besucht. Ganz gleich, ob Sie ein Alleinreisender, ein Paar auf der Suche nach einem romantischen Ausflug oder eine Gruppe von Freunden auf der Suche nach Abenteuern sind, die Boots fahrt bei Sonnenuntergang in Alanya hinterl\u00e4sst mit Sicherheit einen bleibenden Eindruck und schafft wertvolle Erinnerungen f\u00fcr die kommenden Jahre.<\/p>\n<div style=\"text-align: center;\"><strong>ALANYA BOOTS AUSFLUG PROGRAMM:<\/strong><\/div>\n<div style=\"text-align: center;\">* Abholung von Hotels\/Apartments in Alanya und Umgebung<\/div>\n<div style=\"text-align: center;\">* Transport zum Hafen von Alanya, Abfahrt vom Hafen von Alanya um 18:30 Uhr<\/div>\n<div style=\"text-align: center;\">* Beobachten Sie die alte Werft von Alanya, den Roten Turm vom Schiff aus, Schwimmen in der N\u00e4he der Werft<\/div>\n<div style=\"text-align: center;\">* Sie werden die Piratenh\u00f6hle, die Liebesh\u00f6hle, die Phosphorh\u00f6hle und den Kleopatra-Strand sehen<\/div>\n<div style=\"text-align: center;\">* Mittagessen, Schwimmen am Strand von Ulaslar, Teufelsh\u00f6hle, Badepausen,<\/div>\n<div style=\"text-align: center;\">* Wenn Sie Gl\u00fcck haben, k\u00f6nnen Sie manchmal auch Delfine sehen.<\/div>\n<div style=\"text-align: center;\">* Vom offenen Meer zur\u00fcck zum Hafen von Alanya, R\u00fcckfahrt zu Ihren Zielorten in Alanya und Umgebung.<\/div>\n<div style=\"text-align: center;\"><\/div>\n<div style=\"text-align: center;\"><strong>IM PREIS INBEGRIFFEN:<\/strong><\/div>\n<div style=\"text-align: center;\">* Abholung und R\u00fccktransfer von Hotels und Apartments in Alanya, Reisef\u00fchrer, Mittagessen (gegrilltes H\u00e4hnchen, 3 Salatsorten, Reis)<\/div>\n<div style=\"text-align: center;\">* Erfrischungsgetr\u00e4nke (Wasser, Cola, Fanta, Mineralwasser extern) Animationen, Unterhaltung Schaumparty.<\/div>\n<div style=\"text-align: center;\"><\/div>\n<div style=\"text-align: center;\"><strong>OPTIONALE EXTRAS:<\/strong><\/div>\n<div style=\"text-align: center;\">* Alkoholische Getr\u00e4nke, Eis, Fotos<\/div>\n<div style=\"text-align: center;\"><\/div>\n<div style=\"text-align: center;\"><strong>ZUS\u00c4TZLICHE INFOS &amp; TIPPS:<\/strong><\/div>\n<div style=\"text-align: center;\">* Auf unserer Yacht stehen Umkleidekabinen, Toiletten, WC und Duschen zur Verf\u00fcgung.<\/div>\n<div style=\"text-align: center;\">* Vereinzelt sind Schwimmpausen m\u00f6glich. Wenn Sie schwimmen m\u00f6chten,<\/div>\n<div style=\"text-align: center;\">* Sie sollten Badekleidung, Sonnencreme und Strandtuch mitnehmen.<\/div>\n<div style=\"text-align: center;\">* Im Falle einer Seekrankheit wird den G\u00e4sten empfohlen, w\u00e4hrend der Tour entsprechende Medikamente mitzubringen.<\/div>\n<p style=\"text-align: center;\">Wir w\u00fcnschen Ihnen unvergessliche Erinnerungen w\u00e4hrend Ihres Urlaubs in Alanya, T\u00fcrkei.<\/p>\n<p style=\"text-align: center;\">Ps: F\u00fcr weitere Informationen k\u00f6nnen Sie uns auch per Whats-App-Anruf oder Nachricht kontaktieren.<\/p>\n<p style=\"text-align: center;\">Holiday Excursion team,<\/p>\n<p><iframe loading=\"lazy\" title=\"Sunset  Boat Tour  Alanya\" width=\"1020\" height=\"765\" src=\"https:\/\/www.youtube.com\/embed\/TnGhnEvT38c?feature=oembed\" frameborder=\"0\" allow=\"accelerometer; autoplay; clipboard-write; encrypted-media; gyroscope; picture-in-picture; web-share\" allowfullscreen><\/iframe><\/p>\n<p><iframe loading=\"lazy\" title=\"Alanya Pirate Ship Boat Trip Turkey 2023 || Big Karal Boat || Manoo Creations\" width=\"1020\" height=\"574\" src=\"https:\/\/www.youtube.com\/embed\/erkiZF0HrCs?feature=oembed\" frameborder=\"0\" allow=\"accelerometer; autoplay; clipboard-write; encrypted-media; gyroscope; picture-in-picture; web-share\" allowfullscreen><\/iframe><\/p>\n<p><iframe loading=\"lazy\" title=\"Alanya&#039;da tekne turu ve k\u00f6p\u00fck partisi\" width=\"1020\" height=\"574\" src=\"https:\/\/www.youtube.com\/embed\/2te7VbiBwpA?feature=oembed\" frameborder=\"0\" allow=\"accelerometer; autoplay; clipboard-write; encrypted-media; gyroscope; picture-in-picture; web-share\" allowfullscreen><\/iframe><\/p>\n","protected":false},"excerpt":{"rendered":"<p>ALANYA BOOTS TOUR BEI SONNENUNTERGANG Den Sonnen untergang w\u00e4hrend einer Boots tour in Alanya in der T\u00fcrkei zu beobachten, ist ein wirklich faszinierendes und unvergessliches Erlebnis. W\u00e4hrend die Sonne unterzugehen beginnt, leuchtende Farben \u00fcber den Himmel wirft und sich im ruhigen Wasser spiegelt, werden die Passagiere an Bord des Bootes mit einem atemberaubenden Schauspiel verw\u00f6hnt,<\/p>\n","protected":false},"featured_media":24586,"comment_status":"open","ping_status":"closed","template":"","meta":[],"product_brand":[],"product_cat":[110],"product_tag":[],"class_list":{"0":"post-24564","1":"product","2":"type-product","3":"status-publish","4":"has-post-thumbnail","6":"product_cat-touren","8":"first","9":"instock","10":"featured","11":"virtual","12":"sold-individually","13":"purchasable","14":"product-type-booking"},"_links":{"self":[{"href":"https:\/\/holidayexcursion.com\/de\/wp-json\/wp\/v2\/product\/24564","targetHints":{"allow":["GET"]}}],"collection":[{"href":"https:\/\/holidayexcursion.com\/de\/wp-json\/wp\/v2\/product"}],"about":[{"href":"https:\/\/holidayexcursion.com\/de\/wp-json\/wp\/v2\/types\/product"}],"replies":[{"embeddable":true,"href":"https:\/\/holidayexcursion.com\/de\/wp-json\/wp\/v2\/comments?post=24564"}],"wp:featuredmedia":[{"embeddable":true,"href":"https:\/\/holidayexcursion.com\/de\/wp-json\/wp\/v2\/media\/24586"}],"wp:attachment":[{"href":"https:\/\/holidayexcursion.com\/de\/wp-json\/wp\/v2\/media?parent=24564"}],"wp:term":[{"taxonomy":"product_brand","embeddable":true,"href":"https:\/\/holidayexcursion.com\/de\/wp-json\/wp\/v2\/product_brand?post=24564"},{"taxonomy":"product_cat","embeddable":true,"href":"https:\/\/holidayexcursion.com\/de\/wp-json\/wp\/v2\/product_cat?post=24564"},{"taxonomy":"product_tag","embeddable":true,"href":"https:\/\/holidayexcursion.com\/de\/wp-json\/wp\/v2\/product_tag?post=24564"}],"curies":[{"name":"wp","href":"https:\/\/api.w.org\/{rel}","templated":true}]}}