{"id":29783,"date":"2023-12-07T00:33:33","date_gmt":"2023-12-06T21:33:35","guid":{"rendered":"https:\/\/holidayexcursion.com\/?post_type=product&#038;p=29783"},"modified":"2024-04-20T10:53:55","modified_gmt":"2024-04-20T07:53:55","slug":"flyboarden","status":"publish","type":"product","link":"https:\/\/holidayexcursion.com\/de\/tours-in-alanya\/watersports-de\/flyboarden\/","title":{"rendered":"FLYBOARDEN"},"content":{"rendered":"<h2 style=\"text-align: center;\">FLYBOARDEN<\/h2>\n<p style=\"text-align: center;\">Verkaufsgebiet zwischen Mai und Oktober: <a href=\"https:\/\/en.wikipedia.org\/wiki\/Alanya\" rel=\"nofollow noopener\" target=\"_blank\">Alanya<\/a>, Side, <a href=\"https:\/\/en.wikipedia.org\/wiki\/Antalya\" rel=\"nofollow noopener\" target=\"_blank\">Antalya,<\/a> Kemer<\/p>\n<p style=\"text-align: center;\">Entdecken Sie den Nervenkitzel des Wassersports in Alanya: Ein Paradies f\u00fcr Abenteuerlustige<\/p>\n<p style=\"text-align: center;\">Flyboarding ist eine aufregende Wassersport art, die Welt im Sturm erobert hat und den Nervenkitzel des Fliegens mit der Aufregung eines Wasser abenteuers verbindet. Diese innovative Aktivit\u00e4t erm\u00f6glicht es den Teilnehmern, wie Superhelden \u00fcber dem Wasser zu schweben, angetrieben von kraftvollen Wasser strahlen. Von Adrenalin-Junkies auf der Suche nach einem neuen Kick bis hin zu abenteuer lustigen Menschen auf der Suche nach einem einzigartigen Erlebnis bietet Flyboarding einen unvergesslichen und beein druckenden Nervenkitzel wie kein anderer Wassersport.<\/p>\n<p style=\"text-align: center;\"><img loading=\"lazy\" decoding=\"async\" class=\"alignnone size-medium wp-image-29786\" src=\"https:\/\/holidayexcursion.com\/wp-content\/uploads\/2023\/12\/Alanya-Flyboard-holiday-excursion-300x200.jpg\" alt=\"\" width=\"300\" height=\"200\" title=\"\" srcset=\"https:\/\/holidayexcursion.com\/wp-content\/uploads\/2023\/12\/Alanya-Flyboard-holiday-excursion-300x200.jpg 300w, https:\/\/holidayexcursion.com\/wp-content\/uploads\/2023\/12\/Alanya-Flyboard-holiday-excursion-1024x681.jpg 1024w, https:\/\/holidayexcursion.com\/wp-content\/uploads\/2023\/12\/Alanya-Flyboard-holiday-excursion-768x511.jpg 768w, https:\/\/holidayexcursion.com\/wp-content\/uploads\/2023\/12\/Alanya-Flyboard-holiday-excursion-1536x1021.jpg 1536w, https:\/\/holidayexcursion.com\/wp-content\/uploads\/2023\/12\/Alanya-Flyboard-holiday-excursion-600x399.jpg 600w, https:\/\/holidayexcursion.com\/wp-content\/uploads\/2023\/12\/Alanya-Flyboard-holiday-excursion.jpg 1624w\" sizes=\"auto, (max-width: 300px) 100vw, 300px\" \/><\/p>\n<p style=\"text-align: center;\">Das Flyboard selbst besteht aus einem am Fu\u00df montierten Brett, das \u00fcber einen langen Schlauch mit einem pers\u00f6nlichen Wasser fahrzeug, beispielsweise einem Jetski, verbunden ist, der f\u00fcr den Antrieb des Flyboards sorgt. W\u00e4hrend Wasser durch den Schlauch in das Flyboard gedr\u00fcckt wird, wird der Fahrer in die Luft geschleudert und erreicht eine H\u00f6he von bis zu 15 Metern \u00fcber der Wasser oberfl\u00e4che. Das Gef\u00fchl der Schwerelosigkeit und Freiheit, wenn der Fahrer \u00fcber dem Wasser schwebt, taucht und akrobatische Man\u00f6ver ausf\u00fchrt, ist geradezu sensationell.<\/p>\n<p style=\"text-align: center;\"><img loading=\"lazy\" decoding=\"async\" class=\"alignnone size-medium wp-image-29804\" src=\"https:\/\/holidayexcursion.com\/wp-content\/uploads\/2023\/12\/Flyboard-holidayexcursion-300x225.jpg\" alt=\"\" width=\"300\" height=\"225\" title=\"\" srcset=\"https:\/\/holidayexcursion.com\/wp-content\/uploads\/2023\/12\/Flyboard-holidayexcursion-300x225.jpg 300w, https:\/\/holidayexcursion.com\/wp-content\/uploads\/2023\/12\/Flyboard-holidayexcursion-768x576.jpg 768w, https:\/\/holidayexcursion.com\/wp-content\/uploads\/2023\/12\/Flyboard-holidayexcursion-600x450.jpg 600w, https:\/\/holidayexcursion.com\/wp-content\/uploads\/2023\/12\/Flyboard-holidayexcursion.jpg 800w\" sizes=\"auto, (max-width: 300px) 100vw, 300px\" \/><\/p>\n<p style=\"text-align: center;\">Einer der faszinierendsten Aspekte des Flyboardens ist seine Zu g\u00e4nglichkeit f\u00fcr Personen mit unter schiedlichem K\u00f6nnen. W\u00e4hrend das Beherrschen fortgeschrittener Man\u00f6ver m\u00f6glicher weise \u00dcbung und Koordination erfordert, k\u00f6nnen Anf\u00e4nger die Grundlagen des Flyboardens in relativ kurzer Zeit erlernen, was es zu einer inklusiven und spannenden Aktivit\u00e4t f\u00fcr ein breites Spektrum von Teilnehmern macht.<\/p>\n<p style=\"text-align: center;\">Von Gelegen heitsfahrern, die das Gef\u00fchl des Fliegens erleben m\u00f6chten, bis hin zu Profi sportlern und K\u00fcnstlern, die unglaubliche Akrobatik zeigen, bietet Flyboarden ein dynamisches und visuell atemberaubendes Spektakel auf dem Wasser. Die M\u00f6glichkeit, Flips, Drehungen und Spr\u00fcnge \u00fcber der Oberfl\u00e4che durch zuf\u00fchren, verleiht dem Erlebnis ein fesselndes Element, egal ob man es vom Ufer aus beobachtet oder aus erster Hand erlebt.<\/p>\n<p style=\"text-align: center;\"><img loading=\"lazy\" decoding=\"async\" class=\"alignnone size-medium wp-image-29816\" src=\"https:\/\/holidayexcursion.com\/wp-content\/uploads\/2023\/12\/flyboard_alanya-300x200.jpg\" alt=\"\" width=\"300\" height=\"200\" title=\"\" srcset=\"https:\/\/holidayexcursion.com\/wp-content\/uploads\/2023\/12\/flyboard_alanya-300x200.jpg 300w, https:\/\/holidayexcursion.com\/wp-content\/uploads\/2023\/12\/flyboard_alanya-768x511.jpg 768w, https:\/\/holidayexcursion.com\/wp-content\/uploads\/2023\/12\/flyboard_alanya-600x400.jpg 600w, https:\/\/holidayexcursion.com\/wp-content\/uploads\/2023\/12\/flyboard_alanya.jpg 1000w\" sizes=\"auto, (max-width: 300px) 100vw, 300px\" \/><\/p>\n<p style=\"text-align: center;\">Der Aufstieg des Flyboardens hat auch zur Entwicklung von Wett bewerben und Aus stellungen gef\u00fchrt, die das unglaubliche K\u00f6nnen und die Kreativit\u00e4t der Flyboard fahrer zeigen. Bei diesen Ver anstaltungen werden oft atemberaubende Flugvorf\u00fchrungen, choreografierte Routinen und Freestyle-Wettbewerbe angeboten, was das Flyboarden zu einem visuell fesselnden und adrenalin geladenen Wassersport macht.<\/p>\n<p style=\"text-align: center;\">In den letzten Jahren haben Fortschritte in der Flyboard-Technologie zur Einf\u00fchrung verbesserter Sicherheitsfunktionen und verbesserter Leistungsf\u00e4higkeiten gef\u00fchrt. Es stehen spezielle Schulungsprogramme und Sicherheitsrichtlinien zur Verf\u00fcgung, um sicherzustellen, dass die Teilnehmer den Nervenkitzel des Flyboardens in einer sicheren und beaufsichtigten Umgebung genie\u00dfen k\u00f6nnen.<\/p>\n<p style=\"text-align: center;\"><img loading=\"lazy\" decoding=\"async\" class=\"alignnone size-medium wp-image-29798\" src=\"https:\/\/holidayexcursion.com\/wp-content\/uploads\/2023\/12\/fly-board-alanya-holiday-excursion-300x157.jpg\" alt=\"\" width=\"300\" height=\"157\" title=\"\" srcset=\"https:\/\/holidayexcursion.com\/wp-content\/uploads\/2023\/12\/fly-board-alanya-holiday-excursion-300x157.jpg 300w, https:\/\/holidayexcursion.com\/wp-content\/uploads\/2023\/12\/fly-board-alanya-holiday-excursion-768x401.jpg 768w, https:\/\/holidayexcursion.com\/wp-content\/uploads\/2023\/12\/fly-board-alanya-holiday-excursion-600x313.jpg 600w, https:\/\/holidayexcursion.com\/wp-content\/uploads\/2023\/12\/fly-board-alanya-holiday-excursion.jpg 900w\" sizes=\"auto, (max-width: 300px) 100vw, 300px\" \/><\/p>\n<p style=\"text-align: center;\">Wie bei jeder Wassersport art steht auch beim Flyboarden die Sicherheit an erster Stelle. Die Teilnehmer m\u00fcssen pers\u00f6nliche Schwimmhilfen (PFDs) tragen und die von zertifizierten Ausbildern festgelegten Sicherheitsprotokolle befolgen. Dar\u00fcber hinaus sind eine gr\u00fcndliche Einweisung und Demonstration der richtigen Techniken unerl\u00e4sslich, um ein sicheres und angenehmes Flyboard-Erlebnis zu gew\u00e4hrleisten.<\/p>\n<p style=\"text-align: center;\">Die zunehmende Beliebtheit des Flyboardens hat auch zur Entstehung einer Gemeinschaft leidenschaftlicher Fahrer und Enthusiasten gef\u00fchrt, die ihre Erfahrungen, ihr Fachwissen und ihre gemeinsame Liebe f\u00fcr das beeindruckende Gef\u00fchl des Fliegens \u00fcber dem Wasser teilen. Online-Communitys, Social-Media-Gruppen und lokale Flyboard-Clubs bieten Plattformen f\u00fcr Enthusiasten, auf denen sie Kontakte kn\u00fcpfen, Tipps austauschen und Treffen organisieren k\u00f6nnen, wodurch das Flyboard-Erlebnis f\u00fcr Fahrer auf der ganzen Welt weiter bereichert wird.<\/p>\n<p style=\"text-align: center;\"><img loading=\"lazy\" decoding=\"async\" class=\"alignnone size-medium wp-image-29792\" src=\"https:\/\/holidayexcursion.com\/wp-content\/uploads\/2023\/12\/Flyboard-holiday-excursion-300x214.jpg\" alt=\"\" width=\"300\" height=\"214\" title=\"\" srcset=\"https:\/\/holidayexcursion.com\/wp-content\/uploads\/2023\/12\/Flyboard-holiday-excursion-300x214.jpg 300w, https:\/\/holidayexcursion.com\/wp-content\/uploads\/2023\/12\/Flyboard-holiday-excursion-768x549.jpg 768w, https:\/\/holidayexcursion.com\/wp-content\/uploads\/2023\/12\/Flyboard-holiday-excursion-600x429.jpg 600w, https:\/\/holidayexcursion.com\/wp-content\/uploads\/2023\/12\/Flyboard-holiday-excursion.jpg 840w\" sizes=\"auto, (max-width: 300px) 100vw, 300px\" \/><\/p>\n<p style=\"text-align: center;\">Umweltbewusstsein und verantwortungsvolle Flyboarding-Praktiken werden in der Community ebenfalls gro\u00df geschrieben. Die Teilnehmer werden aufgefordert, das Leben im Meer zu respektieren, sich an Vorschriften zu halten und daf\u00fcr zu sorgen, dass die nat\u00fcrliche Umgebung, in der sie mit dem Flyboard unterwegs sind, m\u00f6glichst wenig beeintr\u00e4chtigt wird. Durch die F\u00f6rderung nachhaltiger und r\u00fccksichtsvoller Flyboarding-Praktiken m\u00f6chten Enthusiasten die Sch\u00f6nheit der nat\u00fcrlichen Umgebungen bewahren, in denen sie diesen aufregenden <a href=\"https:\/\/holidayexcursion.com\/tours-in-alanya\/tours\/water-sports\/\">Wassersport<\/a> aus\u00fcben.<\/p>\n<p style=\"text-align: center;\">Flyboarding fasziniert nach wie vor Abenteuerlustige, Wassersportler und neugierige Abenteurer mit seiner einzigartigen Mischung aus Flug und Wasserspa\u00df. W\u00e4hrend sich die Technologie weiterentwickelt und die Gemeinschaft der Fahrer w\u00e4chst, wird Flyboarding eine fesselnde und unvergessliche Aktivit\u00e4t bleiben, die ein aufregendes Erlebnis bietet, das der Schwerkraft trotzt und die Sch\u00f6nheit und Aufregung des menschlichen Fluges \u00fcber dem Wasser zeigt.<\/p>\n<p style=\"text-align: center;\"><img loading=\"lazy\" decoding=\"async\" class=\"alignnone size-medium wp-image-29828\" src=\"https:\/\/holidayexcursion.com\/wp-content\/uploads\/2023\/12\/flyboard-Alanya-holiday-excursion-300x236.jpg\" alt=\"\" width=\"300\" height=\"236\" title=\"\" srcset=\"https:\/\/holidayexcursion.com\/wp-content\/uploads\/2023\/12\/flyboard-Alanya-holiday-excursion-300x236.jpg 300w, https:\/\/holidayexcursion.com\/wp-content\/uploads\/2023\/12\/flyboard-Alanya-holiday-excursion.jpg 600w\" sizes=\"auto, (max-width: 300px) 100vw, 300px\" \/><\/p>\n<p style=\"text-align: center;\">Sie bilden Ihre eigene Gruppe f\u00fcr ein unvergessliches Flyboard-Jetski-Parasailing, an das Sie sich ein Leben lang mit Lachen erinnern werden. Wir versprechen Ihnen einfach, die beste Wassersportunterhaltung im Mittelmeer zu organisieren. Sie erreichen Ihren Urlaubsort. Sie bestimmen den Tag und die Uhrzeit, die zu Ihrem Urlaub und Ihrer Gruppe passen. F\u00fcr unsere Aktivit\u00e4ten holen wir Sie von Ihrer Unterkunft ab. Transferkosten 10\u20ac.<\/p>\n<p style=\"text-align: center;\">Jetski: 60 \u20ac (15 min.)<\/p>\n<p style=\"text-align: center;\">Parasailing: 1 person 60 \u20ac, 2 person 70 \u20ac, 3 person 100 \u20ac (max 200 kilo)<\/p>\n<p style=\"text-align: center;\">(5 km. ca. 10-15 Min.)<\/p>\n<p style=\"text-align: center;\">Banana: 20 \u20ac (5 km.)<\/p>\n<p style=\"text-align: center;\">Flyboard 150 \u20ac<\/p>\n<p style=\"text-align: center;\">Je nach Saison und Saison kann es zu Preisunterschieden kommen. F\u00fcr genaue Informationen wenden Sie sich bitte per Whats-App an uns.<\/p>\n<p style=\"text-align: center;\">Wir w\u00fcnschen Ihnen unvergessliche Erinnerungen w\u00e4hrend Ihres Urlaubs in Alanya, T\u00fcrkei.<\/p>\n<p style=\"text-align: center;\">Ps: F\u00fcr weitere Informationen k\u00f6nnen Sie uns auch per Whats-App-Anruf oder Nachricht kontaktieren.<\/p>\n<p style=\"text-align: center;\">Holiday Excursion team,<\/p>\n<p><iframe loading=\"lazy\" title=\"jet ski - crazy water sports\" width=\"1020\" height=\"574\" src=\"https:\/\/www.youtube.com\/embed\/jjlsKJqbiAg?feature=oembed\" frameborder=\"0\" allow=\"accelerometer; autoplay; clipboard-write; encrypted-media; gyroscope; picture-in-picture; web-share\" referrerpolicy=\"strict-origin-when-cross-origin\" allowfullscreen><\/iframe><\/p>\n<p><iframe loading=\"lazy\" title=\"Alanya Flyboard\" width=\"1020\" height=\"765\" src=\"https:\/\/www.youtube.com\/embed\/bW3sjsdwWXY?feature=oembed\" frameborder=\"0\" allow=\"accelerometer; autoplay; clipboard-write; encrypted-media; gyroscope; picture-in-picture; web-share\" referrerpolicy=\"strict-origin-when-cross-origin\" allowfullscreen><\/iframe><\/p>\n<p style=\"text-align: center;\"><a href=\"https:\/\/www.youtube.com\/watch?v=NmdTLu1fV0g\" rel=\"nofollow noopener\" target=\"_blank\"><span style=\"vertical-align: inherit;\"><span style=\"vertical-align: inherit;\">https:\/\/www.youtube.com\/watch?v=NmdTLu1fV0g<\/span><\/span><\/a><\/p>\n<p><iframe loading=\"lazy\" title=\"THE GIRLS vs. BIG MABLE\" width=\"1020\" height=\"765\" src=\"https:\/\/www.youtube.com\/embed\/0GdXmlkqdUI?feature=oembed\" frameborder=\"0\" allow=\"accelerometer; autoplay; clipboard-write; encrypted-media; gyroscope; picture-in-picture; web-share\" referrerpolicy=\"strict-origin-when-cross-origin\" allowfullscreen><\/iframe><\/p>\n<p style=\"text-align: center;\">\n","protected":false},"excerpt":{"rendered":"<p>FLYBOARDEN Verkaufsgebiet zwischen Mai und Oktober: Alanya, Side, Antalya, Kemer Entdecken Sie den Nervenkitzel des Wassersports in Alanya: Ein Paradies f\u00fcr Abenteuerlustige Flyboarding ist eine aufregende Wassersport art, die Welt im Sturm erobert hat und den Nervenkitzel des Fliegens mit der Aufregung eines Wasser abenteuers verbindet. Diese innovative Aktivit\u00e4t erm\u00f6glicht es den Teilnehmern, wie Superhelden<\/p>\n","protected":false},"featured_media":29788,"comment_status":"open","ping_status":"closed","template":"","meta":[],"product_brand":[],"product_cat":[229],"product_tag":[],"class_list":{"0":"post-29783","1":"product","2":"type-product","3":"status-publish","4":"has-post-thumbnail","6":"product_cat-watersports-de","8":"first","9":"instock","10":"featured","11":"virtual","12":"sold-individually","13":"purchasable","14":"product-type-booking"},"_links":{"self":[{"href":"https:\/\/holidayexcursion.com\/de\/wp-json\/wp\/v2\/product\/29783","targetHints":{"allow":["GET"]}}],"collection":[{"href":"https:\/\/holidayexcursion.com\/de\/wp-json\/wp\/v2\/product"}],"about":[{"href":"https:\/\/holidayexcursion.com\/de\/wp-json\/wp\/v2\/types\/product"}],"replies":[{"embeddable":true,"href":"https:\/\/holidayexcursion.com\/de\/wp-json\/wp\/v2\/comments?post=29783"}],"wp:featuredmedia":[{"embeddable":true,"href":"https:\/\/holidayexcursion.com\/de\/wp-json\/wp\/v2\/media\/29788"}],"wp:attachment":[{"href":"https:\/\/holidayexcursion.com\/de\/wp-json\/wp\/v2\/media?parent=29783"}],"wp:term":[{"taxonomy":"product_brand","embeddable":true,"href":"https:\/\/holidayexcursion.com\/de\/wp-json\/wp\/v2\/product_brand?post=29783"},{"taxonomy":"product_cat","embeddable":true,"href":"https:\/\/holidayexcursion.com\/de\/wp-json\/wp\/v2\/product_cat?post=29783"},{"taxonomy":"product_tag","embeddable":true,"href":"https:\/\/holidayexcursion.com\/de\/wp-json\/wp\/v2\/product_tag?post=29783"}],"curies":[{"name":"wp","href":"https:\/\/api.w.org\/{rel}","templated":true}]}}