{"id":30022,"date":"2023-12-08T12:39:49","date_gmt":"2023-12-08T09:39:50","guid":{"rendered":"https:\/\/holidayexcursion.com\/?post_type=product&#038;p=30022"},"modified":"2025-01-05T16:59:59","modified_gmt":"2025-01-05T13:59:59","slug":"tazi-canion","status":"publish","type":"product","link":"https:\/\/holidayexcursion.com\/de\/tours-in-alanya\/touren\/tazi-canion\/","title":{"rendered":"TAZI CANYON RAFTING"},"content":{"rendered":"<h2 style=\"font-weight: 400; text-align: center;\">TAZI CANYON RAFTING<\/h2>\n<p style=\"text-align: center;\">Taz\u0131 Canyon: Ein aufregendes Rafting Abenteuer in der T\u00fcrkei<\/p>\n<p style=\"text-align: center;\">Der Taz\u0131 Canyon, auch bekannt als \u201eTal der W\u00f6lfe\u201c, ist ein spektakul\u00e4res Natur wunder in der Provinz <a href=\"https:\/\/en.wikipedia.org\/wiki\/Antalya\" rel=\"nofollow noopener\" target=\"_blank\">Antalya<\/a> im S\u00fcden der T\u00fcrkei. Diese atemberaubende Taz\u0131 canyon bietet adrenalin geladene Rafting Erlebnisse inmitten atemberaubender Natur sch\u00f6nheiten und macht sie zu einem Top Reiseziel f\u00fcr Abenteuer lustige und Naturliebhaber gleicherma\u00dfen.<\/p>\n<p style=\"text-align: center;\">Der Name der Schlucht, Taz\u0131 Kanyonu, leitet sich vom t\u00fcrkischen Wort \u201eTaz\u0131\u201c ab, was \u201eJagdhund\u201c oder \u201eHund\u201c bedeutet. Der Name geht angeblich auf die Legende eines furchtlosen Hundes zur\u00fcck, der einst \u00fcber die Schlucht sprang und seine Spuren auf den Klippen hinterlie\u00df. Heute ist der Taz\u0131 Canyon f\u00fcr sein raues Gel\u00e4nde, seine hoch aufragenden Klippen und das rauschende Wasser des K\u00f6pr\u00fc\u00e7ay Flusses bekannt, der durch das Herz des Canyons flie\u00dft.<\/p>\n<p style=\"text-align: center;\"><img loading=\"lazy\" decoding=\"async\" class=\"alignnone size-medium wp-image-30029\" src=\"https:\/\/holidayexcursion.com\/wp-content\/uploads\/2023\/12\/Tazi-kanyonu-rafting-alanya-300x225.jpeg\" alt=\"\" width=\"300\" height=\"225\" title=\"\" srcset=\"https:\/\/holidayexcursion.com\/wp-content\/uploads\/2023\/12\/Tazi-kanyonu-rafting-alanya-300x225.jpeg 300w, https:\/\/holidayexcursion.com\/wp-content\/uploads\/2023\/12\/Tazi-kanyonu-rafting-alanya-600x449.jpeg 600w, https:\/\/holidayexcursion.com\/wp-content\/uploads\/2023\/12\/Tazi-kanyonu-rafting-alanya.jpeg 720w\" sizes=\"auto, (max-width: 300px) 100vw, 300px\" \/><\/p>\n<p style=\"text-align: center;\">Taz\u0131 Canyon <a href=\"https:\/\/holidayexcursion.com\/tours-in-alanya\/tours\/rafting-tour\/\">Rafting<\/a> ist ein aufregendes Erlebnis, das es Besuchern erm\u00f6glicht, in die ungez\u00e4hmte Sch\u00f6nheit der t\u00fcrkischen Landschaft einzutauchen, w\u00e4hrend sie durch die aufregenden Strom schnellen des Flusses K\u00f6pr\u00fc\u00e7ay navigieren. Die Wild wasser Strom schnellen des Flusses bieten eine perfekte Mischung aus Spannung und nat\u00fcrlicher Pracht und machen ihn zu einem Muss f\u00fcr Abenteuer lieb haber.<\/p>\n<p style=\"text-align: center;\">Abenteuer lustige k\u00f6nnen an gef\u00fchrten Rafting Touren teilnehmen, die sie durch das Herz des Taz\u0131 Canyons f\u00fchren, wo sie die dramatischen geologischen Formationen und die \u00fcppige Vegetation des Taz\u0131 Canyons beobachten k\u00f6nnen. Die Touren werden von erfahrenen Guides geleitet, die Sicherheits hinweise geben und eine unvergessliche Reise durch die tosenden Gew\u00e4sser des K\u00f6pr\u00fc\u00e7ay-Flusses gew\u00e4hrleisten.<\/p>\n<p style=\"text-align: center;\"><img loading=\"lazy\" decoding=\"async\" class=\"alignnone size-medium wp-image-30035\" src=\"https:\/\/holidayexcursion.com\/wp-content\/uploads\/2023\/12\/Tazi-kanyonu-rafting-alanya-300x169.jpg\" alt=\"\" width=\"300\" height=\"169\" title=\"\" srcset=\"https:\/\/holidayexcursion.com\/wp-content\/uploads\/2023\/12\/Tazi-kanyonu-rafting-alanya-300x169.jpg 300w, https:\/\/holidayexcursion.com\/wp-content\/uploads\/2023\/12\/Tazi-kanyonu-rafting-alanya-1024x576.jpg 1024w, https:\/\/holidayexcursion.com\/wp-content\/uploads\/2023\/12\/Tazi-kanyonu-rafting-alanya-768x432.jpg 768w, https:\/\/holidayexcursion.com\/wp-content\/uploads\/2023\/12\/Tazi-kanyonu-rafting-alanya-600x338.jpg 600w, https:\/\/holidayexcursion.com\/wp-content\/uploads\/2023\/12\/Tazi-kanyonu-rafting-alanya.jpg 1280w\" sizes=\"auto, (max-width: 300px) 100vw, 300px\" \/><\/p>\n<p style=\"text-align: center;\">W\u00e4hrend sie durch die Taz\u0131 canyon paddeln, genie\u00dfen sie atemberaubende Ausblicke auf steile Klippen, gr\u00fcne W\u00e4lder und rauschende Wasserf\u00e4lle. Die sich st\u00e4ndig ver\u00e4ndernde Landschaft und der Adrenalinsto\u00df bei der Eroberung anspruchsvoller Strom schnellen machen den Taz\u0131 Canyon zu einem erstklassigen Ziel f\u00fcr Wildwasser Rafting in der T\u00fcrkei.<\/p>\n<p style=\"text-align: center;\">Die Rafting Touren im Taz\u0131 Canyon richten sich sowohl an Anf\u00e4nger als auch an erfahrene Rafting Touren und bieten je nach K\u00f6nnen und Vorlieben der Teilnehmer unterschiedliche Schwierig keitsgrade. Ganz gleich, ob es darum geht, durch sanfte Fluss abschnitte zu navigieren oder die heftigeren Strom schnellen zu bew\u00e4ltigen, f\u00fcr jeden, der ein unvergessliches Abenteuer auf den Gew\u00e4ssern des Taz\u0131 Canyons sucht, ist etwas dabei.<\/p>\n<p style=\"text-align: center;\"><img loading=\"lazy\" decoding=\"async\" class=\"alignnone size-medium wp-image-30047\" src=\"https:\/\/holidayexcursion.com\/wp-content\/uploads\/2023\/12\/tazi_kanyonu_tepe-300x216.jpg\" alt=\"\" width=\"300\" height=\"216\" title=\"\" srcset=\"https:\/\/holidayexcursion.com\/wp-content\/uploads\/2023\/12\/tazi_kanyonu_tepe-300x216.jpg 300w, https:\/\/holidayexcursion.com\/wp-content\/uploads\/2023\/12\/tazi_kanyonu_tepe-768x553.jpg 768w, https:\/\/holidayexcursion.com\/wp-content\/uploads\/2023\/12\/tazi_kanyonu_tepe-600x432.jpg 600w, https:\/\/holidayexcursion.com\/wp-content\/uploads\/2023\/12\/tazi_kanyonu_tepe.jpg 900w\" sizes=\"auto, (max-width: 300px) 100vw, 300px\" \/><\/p>\n<p style=\"text-align: center;\"> Der Taz\u0131 Canyon bietet Besuchern eine Reihe weiterer Outdoor Aktivit\u00e4ten. Wander begeisterte k\u00f6nnen die umliegenden Wanderwege erkunden und versteckte Sch\u00e4tze wie einsame Wasserf\u00e4lle und Panorama aussichts punkte entdecken, die unvergleichliche Ausblicke auf den Taz\u0131 Canyon bieten. Die vielf\u00e4ltige Flora und Fauna der Region verleiht dem Outdoor-Erlebnis noch mehr Wunder und erm\u00f6glicht es Naturliebhabern, die Sch\u00f6nheit der t\u00fcrkischen Wildnis zu genie\u00dfen.<\/p>\n<p style=\"text-align: center;\">F\u00fcr diejenigen, die ein noch intensiveres Abenteuer suchen, stehen in der N\u00e4he des Taz\u0131 Canyon Camping m\u00f6glichkeiten zur Verf\u00fcgung, die die M\u00f6glichkeit bieten, die Nacht unter dem Sternenhimmel inmitten dieser beein druckenden Landschaft zu verbringen. Camping in Taz\u0131 Kanyonu bietet eine einzigartige Gelegenheit, sich mit der Natur zu verbinden und die Ruhe der Schlucht nach den Abenteuern des Tages zu erleben.<\/p>\n<p style=\"text-align: center;\"><img loading=\"lazy\" decoding=\"async\" class=\"alignnone size-medium wp-image-30041\" src=\"https:\/\/holidayexcursion.com\/wp-content\/uploads\/2023\/12\/tazi-kanyonu-rafting-300x199.jpg\" alt=\"\" width=\"300\" height=\"199\" title=\"\" srcset=\"https:\/\/holidayexcursion.com\/wp-content\/uploads\/2023\/12\/tazi-kanyonu-rafting-300x199.jpg 300w, https:\/\/holidayexcursion.com\/wp-content\/uploads\/2023\/12\/tazi-kanyonu-rafting-768x510.jpg 768w, https:\/\/holidayexcursion.com\/wp-content\/uploads\/2023\/12\/tazi-kanyonu-rafting-600x398.jpg 600w, https:\/\/holidayexcursion.com\/wp-content\/uploads\/2023\/12\/tazi-kanyonu-rafting.jpg 800w\" sizes=\"auto, (max-width: 300px) 100vw, 300px\" \/><\/p>\n<p style=\"text-align: center;\">Nach einem Tag voller Rafting und Wanderungen bilden die kulinarischen Angebote der Region einen genussvollen Abschluss eines Tages voller Spannung und Entdeckungen.<\/p>\n<p style=\"text-align: center;\">Der Taz\u0131 Canyon ist ein au\u00dfergew\u00f6hnliches Reise ziel, das die raue Sch\u00f6nheit der Natur zeigt und Abenteuer lieb habern einen adrenalin geladenen Zufluchtsort bietet. Mit seinen Wildwasser strom schnellen, hohen Klippen und \u00fcppigen Land schaften bietet der Canyon ein einzigartiges Rafting Erlebnis, das unvergessliche Erinnerungen f\u00fcr alle verspricht, die sich in sein Herz wagen.<\/p>\n<p style=\"text-align: center;\"><img loading=\"lazy\" decoding=\"async\" class=\"size-medium wp-image-4075\" src=\"https:\/\/holidayexcursion.com\/wp-content\/uploads\/2021\/10\/rafting-tour-3.webp\" alt=\"Taz\u0131 Canyon Rafting Tour\" width=\"300\" height=\"300\" title=\"\" srcset=\"https:\/\/holidayexcursion.com\/wp-content\/uploads\/2021\/10\/rafting-tour-3.webp 2000w, https:\/\/holidayexcursion.com\/wp-content\/uploads\/2021\/10\/rafting-tour-3-300x300.webp 300w, https:\/\/holidayexcursion.com\/wp-content\/uploads\/2021\/10\/rafting-tour-3-768x768.webp 768w, https:\/\/holidayexcursion.com\/wp-content\/uploads\/2021\/10\/rafting-tour-3-1024x1024.webp 1024w, https:\/\/holidayexcursion.com\/wp-content\/uploads\/2021\/10\/rafting-tour-3-1536x1536.webp 1536w, https:\/\/holidayexcursion.com\/wp-content\/uploads\/2021\/10\/rafting-tour-3-600x600.webp 600w, https:\/\/holidayexcursion.com\/wp-content\/uploads\/2021\/10\/rafting-tour-3-100x100.webp 100w, https:\/\/holidayexcursion.com\/wp-content\/uploads\/2021\/10\/rafting-tour-3-150x150.webp 150w\" sizes=\"auto, (max-width: 300px) 100vw, 300px\" \/><\/p>\n<p style=\"text-align: center;\"> Der Taz\u0131 Canyon ist ein Muss f\u00fcr alle, die ein aufregendes Rafting Abenteuer inmitten einer atemberaubenden Naturlandschaft suchen. Ob es darum geht, Wildwasser strom schnellen zu bezwingen, Wanderwege zu \u00fcberqueren oder unter den Sternen zu campen, der Taz\u0131 Canyon bietet eine F\u00fclle von Outdoor Erlebnissen, die jeden Besucher fesseln und inspirieren werden. Mit seiner Kombination aus aufregenden Aktivit\u00e4ten und atemberaubenden Landschaften gilt Taz\u0131 Kanyonu als Symbol der Naturpracht der T\u00fcrkei und als Zufluchtsort f\u00fcr Abenteuer lustige aus der ganzen Welt.<\/p>\n<h2 style=\"font-weight: 400; text-align: center;\"><span style=\"font-size: 75%;\"><strong>ALANYA TAZI CANYON RAFTING TOUR PROGRAMM:<\/strong><\/span><\/h2>\n<div style=\"text-align: center;\">* Abholung von Hotels und Apartments in Alanya und Umgebung<\/div>\n<div style=\"text-align: center;\">* Ankunft im Koprulu Canyon<\/div>\n<div style=\"text-align: center;\">* Einweisung in das Rafting durch professionelle Guides<\/div>\n<div style=\"text-align: center;\">* Ausstattung mit Ihrer Rafting-Ausr\u00fcstung<\/div>\n<div style=\"text-align: center;\">* Auf dem Weg zum Aus gangs punkt (die Fahrt ist 7 km lang und dauert etwa 15 Minuten) besteht vor Beginn des Raftings die M\u00f6glichkeit, die r\u00f6mische Br\u00fccke zu besichtigen, die Taz\u0131 canion zu besuchen, ein paar Fotos zu machen und ein wenig zu schwimmen<\/div>\n<div style=\"text-align: center;\">* Anschlie\u00dfend umfasst der erste Teil des Rafting-Erlebnisses 10 km, alles unter der Aufsicht unserer erfahrenen professionellen Guides<\/div>\n<div style=\"text-align: center;\">* Anschlie\u00dfend Mittags pause im Restaurant am Fluss<\/div>\n<div style=\"text-align: center;\">* Nach dem Mittagessen beginnen wir mit den letzten 3,6 km Ihrer Rafting-Reise<\/div>\n<div style=\"text-align: center;\">* Wenn wir an der Endstation ankommen, haben Sie die M\u00f6glichkeit, die unterwegs aufgenommenen Fotos und Videos anzusehen. Diese k\u00f6nnen Sie bei Bedarf als Andenken an Ihr Abenteuer erwerben<\/div>\n<div style=\"text-align: center;\">* R\u00fccktransfer zu Ihren Hotels und Apartments in Alanya<\/div>\n<div style=\"text-align: center;\"><\/div>\n<div style=\"text-align: center;\">\n<div><strong>IM PREIS INBEGRIFFEN:<\/strong><\/div>\n<div>* Abholung\/R\u00fcckgabe von Hotels und Apartments in Alanya und Umgebung<\/div>\n<div>* Mittagessen, Guide, Instruktoren, Hauptausr\u00fcstung (Helm, Schwimmweste, Boot)<\/div>\n<div><\/div>\n<div><strong>OPTIONALE EXTRAS:<\/strong><\/div>\n<div>* Getr\u00e4nke, Fotos, DVD<\/div>\n<\/div>\n<div style=\"text-align: center;\"><\/div>\n<div style=\"text-align: center;\"><strong>ZUS\u00c4TZLICHE INFOS &amp; TIPPS:<\/strong><\/div>\n<div style=\"text-align: center;\">* Kinder unter 3 Jahren und schwangere Frauen d\u00fcrfen nicht am Rafting teilnehmen<\/div>\n<div style=\"text-align: center;\">* Bringen Sie Badeanz\u00fcge, Wasserschuhe, Sandalen, Bikini, Handtuch, Sonnencreme und ein weiteres T-Shirt mit<\/div>\n<div style=\"text-align: center;\">* Tragen Sie geeignete Schuhe, die im Wasser nicht leicht verrutschen. Sie k\u00f6nnen es auch bei unserem Guide mieten oder kaufen.<\/div>\n<div style=\"text-align: center;\">* Bitte nehmen Sie keine Wertgegenst\u00e4nde und Metallaccessoires (Ohrringe, Halsketten usw.) mit. Sie k\u00f6nnen einfach etwas Geld f\u00fcr Getr\u00e4nke, Fotos und Videos mitnehmen.<\/div>\n<p style=\"font-weight: 400; text-align: center;\">Erh\u00e4ltlich von Antalya, Alanya, Side, Manavgat, Belek. F\u00fcr genaue Abholzeiten kontaktieren Sie uns bitte.<\/p>\n<p style=\"text-align: center;\">Wir w\u00fcnschen Ihnen unvergessliche Erinnerungen w\u00e4hrend Ihres Urlaubs in Alanya, T\u00fcrkei.<\/p>\n<p style=\"text-align: center;\">Ps: F\u00fcr weitere Informationen k\u00f6nnen Sie uns auch per Whats-App-Anruf oder Nachricht kontaktieren.<\/p>\n<p style=\"text-align: center;\">Holiday Excursion team,<\/p>\n<p><iframe loading=\"lazy\" title=\"Antalya Taz\u0131 Kanyonu ve K\u00f6pr\u00fcl\u00fc Kanyon Drone \u00c7ekimi \/ Bilgelik Vadisi\" width=\"1020\" height=\"574\" src=\"https:\/\/www.youtube.com\/embed\/a5lSXQPvdYw?feature=oembed\" frameborder=\"0\" allow=\"accelerometer; autoplay; clipboard-write; encrypted-media; gyroscope; picture-in-picture; web-share\" allowfullscreen><\/iframe><\/p>\n<p><iframe loading=\"lazy\" title=\"Rafting k\u00f6pr\u00fcl\u00fc canyon, T\u00fcrkei Region Antalya\" width=\"1020\" height=\"765\" src=\"https:\/\/www.youtube.com\/embed\/Sl9b6UKi2T8?feature=oembed\" frameborder=\"0\" allow=\"accelerometer; autoplay; clipboard-write; encrypted-media; gyroscope; picture-in-picture; web-share\" allowfullscreen><\/iframe><\/p>\n<p><iframe loading=\"lazy\" title=\"K\u00f6pr\u00fcl\u00fc Kanyon \/ Manavgat \/ Antalya\" width=\"1020\" height=\"765\" src=\"https:\/\/www.youtube.com\/embed\/Xxng1g1PrdE?feature=oembed\" frameborder=\"0\" allow=\"accelerometer; autoplay; clipboard-write; encrypted-media; gyroscope; picture-in-picture; web-share\" allowfullscreen><\/iframe><\/p>\n","protected":false},"excerpt":{"rendered":"<p>TAZI CANYON RAFTING Taz\u0131 Canyon: Ein aufregendes Rafting Abenteuer in der T\u00fcrkei Der Taz\u0131 Canyon, auch bekannt als \u201eTal der W\u00f6lfe\u201c, ist ein spektakul\u00e4res Natur wunder in der Provinz Antalya im S\u00fcden der T\u00fcrkei. Diese atemberaubende Taz\u0131 canyon bietet adrenalin geladene Rafting Erlebnisse inmitten atemberaubender Natur sch\u00f6nheiten und macht sie zu einem Top Reiseziel f\u00fcr<\/p>\n","protected":false},"featured_media":30043,"comment_status":"open","ping_status":"closed","template":"","meta":[],"product_brand":[],"product_cat":[110],"product_tag":[],"class_list":{"0":"post-30022","1":"product","2":"type-product","3":"status-publish","4":"has-post-thumbnail","6":"product_cat-touren","8":"first","9":"instock","10":"virtual","11":"sold-individually","12":"purchasable","13":"product-type-booking"},"_links":{"self":[{"href":"https:\/\/holidayexcursion.com\/de\/wp-json\/wp\/v2\/product\/30022","targetHints":{"allow":["GET"]}}],"collection":[{"href":"https:\/\/holidayexcursion.com\/de\/wp-json\/wp\/v2\/product"}],"about":[{"href":"https:\/\/holidayexcursion.com\/de\/wp-json\/wp\/v2\/types\/product"}],"replies":[{"embeddable":true,"href":"https:\/\/holidayexcursion.com\/de\/wp-json\/wp\/v2\/comments?post=30022"}],"wp:featuredmedia":[{"embeddable":true,"href":"https:\/\/holidayexcursion.com\/de\/wp-json\/wp\/v2\/media\/30043"}],"wp:attachment":[{"href":"https:\/\/holidayexcursion.com\/de\/wp-json\/wp\/v2\/media?parent=30022"}],"wp:term":[{"taxonomy":"product_brand","embeddable":true,"href":"https:\/\/holidayexcursion.com\/de\/wp-json\/wp\/v2\/product_brand?post=30022"},{"taxonomy":"product_cat","embeddable":true,"href":"https:\/\/holidayexcursion.com\/de\/wp-json\/wp\/v2\/product_cat?post=30022"},{"taxonomy":"product_tag","embeddable":true,"href":"https:\/\/holidayexcursion.com\/de\/wp-json\/wp\/v2\/product_tag?post=30022"}],"curies":[{"name":"wp","href":"https:\/\/api.w.org\/{rel}","templated":true}]}}