{"id":30068,"date":"2023-12-08T23:27:57","date_gmt":"2023-12-08T20:27:59","guid":{"rendered":"https:\/\/holidayexcursion.com\/?post_type=product&#038;p=30068"},"modified":"2023-12-09T18:44:23","modified_gmt":"2023-12-09T15:44:23","slug":"land-of-legends-2","status":"publish","type":"product","link":"https:\/\/holidayexcursion.com\/de\/tours-in-alanya\/touren\/land-of-legends-2\/","title":{"rendered":"Land of Legends nacht tour"},"content":{"rendered":"<p style=\"text-align: center;\"><span style=\"font-size: 150%;\"><strong>LAND OF LEGENDS NACHT TOUR<\/strong><\/span><\/p>\n<p style=\"text-align: center;\">Erleben Sie Abenteuer und Wunder mit der Land of Legends nacht tour.<\/p>\n<p style=\"text-align: center;\">Ein legend\u00e4rer Themen park wie kein anderer:<br \/>\nLand of Legends ist viel mehr als nur ein Themenpark; Es ist ein Reich voller Zauber und Aufregung. Auf einer Fl\u00e4che von \u00fcber 2,5 Millionen Quadratmetern bietet dieser weitl\u00e4ufige Komplex eine Reihe aufregender Fahrgesch\u00e4fte, Abenteuer auf dem Wasser und unglaubliche Unterhaltung f\u00fcr Besucher jeden Alters. Von aufregenden Achterbahnen bis hin zu simulierten tropischen Regenw\u00e4ldern \u2013 das Land der Legenden regt die Fantasie an und hinterl\u00e4sst unvergessliche Erinnerungen.<\/p>\n<p style=\"text-align: center;\"><a href=\"https:\/\/holidayexcursion.com\/tours-in-alanya\/tours\/land-of-legends\/\">Land of Legends<\/a> Nacht in <a href=\"https:\/\/en.wikipedia.org\/wiki\/Belek\" rel=\"nofollow noopener\" target=\"_blank\">Belek<\/a>, T\u00fcrkei, bietet eine bezaubernde und aufregende Nacht tour, die den Besuchern ein unvergessliches Erlebnis verspricht. Wenn die Sonne untergeht, verwandelt sich das Land of Legends in eine faszinierende Welt der Unter haltung, die fesselnde Shows, ein pulsierendes Nacht leben und aufregende Attraktionen zu einer wahrhaft magischen Atmosph\u00e4re vereint.<\/p>\n<p><img loading=\"lazy\" decoding=\"async\" class=\"size-medium wp-image-30086 aligncenter\" src=\"https:\/\/holidayexcursion.com\/wp-content\/uploads\/2023\/12\/Land-of-legends-night-2024-300x200.jpg\" alt=\"\" width=\"300\" height=\"200\" title=\"\" srcset=\"https:\/\/holidayexcursion.com\/wp-content\/uploads\/2023\/12\/Land-of-legends-night-2024-300x200.jpg 300w, https:\/\/holidayexcursion.com\/wp-content\/uploads\/2023\/12\/Land-of-legends-night-2024-600x400.jpg 600w, https:\/\/holidayexcursion.com\/wp-content\/uploads\/2023\/12\/Land-of-legends-night-2024.jpg 669w\" sizes=\"auto, (max-width: 300px) 100vw, 300px\" \/><\/p>\n<p style=\"text-align: center;\">Wenn Besucher nachts das Land of Legends betreten, werden sie von einem faszinierenden Schauspiel aus bunten Lichtern und lebendiger Energie begr\u00fc\u00dft. Am Abend erwacht der gesamte Komplex zum Leben, sein bezauberndes Ambiente lockt die Besucher an und bereitet die B\u00fchne f\u00fcr eine Nacht voller Spannung und Wunder.<\/p>\n<p style=\"text-align: center;\">Einer der H\u00f6hepunkte der Land of Legends Nacht tour sind die spektakul\u00e4ren Abendshows, die im Park pr\u00e4sentiert werden. Diese Shows, die von Akrobatik bis hin zu Musik- und Tanz darbietungen reichen, zeigen das unglaubliche Talent und die Kunstfertigkeit der Darsteller. Die Kombination aus atemberaubender Grafik, faszinierenden Soundtracks und gekonnter Choreografie schafft ein wirklich immersives Erlebnis, das beim Publikum einen bleibenden Eindruck hinter l\u00e4sst.<\/p>\n<p style=\"text-align: center;\"><img loading=\"lazy\" decoding=\"async\" class=\"alignnone size-medium wp-image-30092\" src=\"https:\/\/holidayexcursion.com\/wp-content\/uploads\/2023\/12\/Land-of-legends-night-show-alanya-300x158.jpg\" alt=\"\" width=\"300\" height=\"158\" title=\"\" srcset=\"https:\/\/holidayexcursion.com\/wp-content\/uploads\/2023\/12\/Land-of-legends-night-show-alanya-300x158.jpg 300w, https:\/\/holidayexcursion.com\/wp-content\/uploads\/2023\/12\/Land-of-legends-night-show-alanya-1024x538.jpg 1024w, https:\/\/holidayexcursion.com\/wp-content\/uploads\/2023\/12\/Land-of-legends-night-show-alanya-768x403.jpg 768w, https:\/\/holidayexcursion.com\/wp-content\/uploads\/2023\/12\/Land-of-legends-night-show-alanya-600x315.jpg 600w, https:\/\/holidayexcursion.com\/wp-content\/uploads\/2023\/12\/Land-of-legends-night-show-alanya.jpg 1200w\" sizes=\"auto, (max-width: 300px) 100vw, 300px\" \/><\/p>\n<p style=\"text-align: center;\">F\u00fcr diejenigen, die auf der Suche nach Nervenkitzel sind, bietet die Land of Legends Nacht Tour die M\u00f6glichkeit, die aufregenden Fahrgesch\u00e4fte und Attraktionen des Parks unter dem Nachthimmel zu erleben. Ganz gleich, ob Sie sich auf einer riesigen Wasser rutsche st\u00fcrzen oder sich auf eine atemberaubende Achterbahn fahrt begeben, die Attraktionen des Parks erreichen nach Einbruch der Dunkelheit ein v\u00f6llig neues Ma\u00df an Spannung.<\/p>\n<p style=\"text-align: center;\">Zus\u00e4tzlich zu den Shows und Fahrgesch\u00e4ften bietet die Land of Legends Nacht tour den Besuchern auch eine Vielzahl von Speise- und Unterhaltungs m\u00f6glich keiten. Die Restaurants und Imbissst\u00e4nde des Parks bieten eine gro\u00dfe Auswahl an k\u00f6stlichen Gerichten, sodass G\u00e4ste ein unvergessliches kulinarisches Erlebnis genie\u00dfen und gleichzeitig die lebhafte Atmosph\u00e4re des Parks bei Nacht genie\u00dfen k\u00f6nnen.<\/p>\n<p style=\"text-align: center;\"><img loading=\"lazy\" decoding=\"async\" class=\"alignnone size-medium wp-image-30080\" src=\"https:\/\/holidayexcursion.com\/wp-content\/uploads\/2023\/12\/holiday-excursion-land-of-legends-night-show-300x170.jpeg\" alt=\"\" width=\"300\" height=\"170\" title=\"\" srcset=\"https:\/\/holidayexcursion.com\/wp-content\/uploads\/2023\/12\/holiday-excursion-land-of-legends-night-show-300x170.jpeg 300w, https:\/\/holidayexcursion.com\/wp-content\/uploads\/2023\/12\/holiday-excursion-land-of-legends-night-show-768x434.jpeg 768w, https:\/\/holidayexcursion.com\/wp-content\/uploads\/2023\/12\/holiday-excursion-land-of-legends-night-show-600x339.jpeg 600w, https:\/\/holidayexcursion.com\/wp-content\/uploads\/2023\/12\/holiday-excursion-land-of-legends-night-show.jpeg 800w\" sizes=\"auto, (max-width: 300px) 100vw, 300px\" \/><\/p>\n<p style=\"text-align: center;\">Im Laufe des Abends erwacht das pulsierende Nacht leben des Parks mit einem viel f\u00e4ltigen Unterhaltungs angebot zum Leben. Von Live-Musik darbietungen \u00fcber DJ Sets bis hin zu Themen partys gibt es jede Menge M\u00f6glichkeiten, die Land of Legends-Nacht tour zu genie\u00dfen. Das energie geladene und dynamische Nacht leben des Parks sorgt daf\u00fcr, dass Besucher in einer wirklich einzigartigen Umgebung tanzen, Kontakte kn\u00fcpfen und bleibende Erinnerungen schaffen k\u00f6nnen.<\/p>\n<p style=\"text-align: center;\">Dar\u00fcber hinaus bietet die \u201eLand of Legends Nacht tour\u201c auch M\u00f6glichkeiten zur Entspannung und Erholung. G\u00e4ste k\u00f6nnen sich entspannen und die bezaubernde Umgebung genie\u00dfen, vielleicht bei einem gem\u00fctlichen Spaziergang durch die wundersch\u00f6n beleuchteten Wege des Parks oder indem sie einen ruhigen Moment an den Wasser spielen genie\u00dfen.<\/p>\n<p style=\"text-align: center;\"><img loading=\"lazy\" decoding=\"async\" class=\"alignnone size-medium wp-image-30098\" src=\"https:\/\/holidayexcursion.com\/wp-content\/uploads\/2023\/12\/land-of-legends-night-shows-tour-300x150.jpg\" alt=\"\" width=\"300\" height=\"150\" title=\"\" srcset=\"https:\/\/holidayexcursion.com\/wp-content\/uploads\/2023\/12\/land-of-legends-night-shows-tour-300x150.jpg 300w, https:\/\/holidayexcursion.com\/wp-content\/uploads\/2023\/12\/land-of-legends-night-shows-tour-768x384.jpg 768w, https:\/\/holidayexcursion.com\/wp-content\/uploads\/2023\/12\/land-of-legends-night-shows-tour-600x300.jpg 600w, https:\/\/holidayexcursion.com\/wp-content\/uploads\/2023\/12\/land-of-legends-night-shows-tour.jpg 900w\" sizes=\"auto, (max-width: 300px) 100vw, 300px\" \/><\/p>\n<p style=\"text-align: center;\">Insgesamt ist die Nacht tour bei der Land of Legends Nacht tour in Belek ein fesselndes und eindringliches Erlebnis, das die Magie der Nacht unterhaltung mit dem Reiz der aufregenden Fahrgesch\u00e4fte, spektakul\u00e4ren Shows und des pulsierenden Nacht lebens des Parks verbindet. Ob Sie mit der Familie, mit Freunden oder zu zweit zu Besuch sind, die Land of Legends Nacht tour verspricht ein unvergessliches und bezauberndes Erlebnis, das bei allen Teilnehmern einen bleibenden Eindruck hinterlassen wird.<\/p>\n<p style=\"text-align: center;\"><img loading=\"lazy\" decoding=\"async\" class=\"alignnone size-medium wp-image-30074\" src=\"https:\/\/holidayexcursion.com\/wp-content\/uploads\/2023\/12\/alanya-land-of-legends-night-show-holiday-excursion-300x198.jpg\" alt=\"\" width=\"300\" height=\"198\" title=\"\" srcset=\"https:\/\/holidayexcursion.com\/wp-content\/uploads\/2023\/12\/alanya-land-of-legends-night-show-holiday-excursion-300x198.jpg 300w, https:\/\/holidayexcursion.com\/wp-content\/uploads\/2023\/12\/alanya-land-of-legends-night-show-holiday-excursion-768x507.jpg 768w, https:\/\/holidayexcursion.com\/wp-content\/uploads\/2023\/12\/alanya-land-of-legends-night-show-holiday-excursion-600x396.jpg 600w, https:\/\/holidayexcursion.com\/wp-content\/uploads\/2023\/12\/alanya-land-of-legends-night-show-holiday-excursion.jpg 1000w\" sizes=\"auto, (max-width: 300px) 100vw, 300px\" \/><\/p>\n<p style=\"text-align: center;\">Wir w\u00fcnschen Ihnen unvergessliche Erinnerungen w\u00e4hrend Ihres Urlaubs in Alanya, T\u00fcrkei.<\/p>\n<p style=\"text-align: center;\">Ps: F\u00fcr weitere Informationen k\u00f6nnen Sie uns auch per Whats-App-Anruf oder Nachricht kontaktieren.<\/p>\n<p style=\"text-align: center;\">Holiday Excursion team,<\/p>\n<p style=\"text-align: center;\"><strong>LAND OF LEGENDS NACHT SHOW TOUR PROGRAMM:<\/strong><\/p>\n<p style=\"text-align: center;\">* Abholung von Hotels\/Apartments in Alanya, Transfer zum Komplex \u201eLand der Legenden\u201c.<\/p>\n<p style=\"text-align: center;\">&#8211; Freizeit zur Erkundung des Land of Legends Complex (Allee, Einkaufs m\u00f6glichkeiten, Caf\u00e9-Bereich)<\/p>\n<p style=\"text-align: center;\">* Sehen Sie sich die Shows \u201eLeave the Land of Legends\u201c um 23:00 Uhr an<\/p>\n<p style=\"text-align: center;\">* R\u00fcckgabe an Hotels\/Apartments in Alanya<\/p>\n<p style=\"text-align: center;\"><strong>IM PREIS INBEGRIFFEN:<\/strong><\/p>\n<p style=\"text-align: center;\">* Abholung\/R\u00fcckgabe von Hotels und Apartments in Alanya, Fahrer und Reise leiter, Shows, Boots parade<\/p>\n<p style=\"text-align: center;\"><strong>OPTIONALE EXTRAS:<\/strong><\/p>\n<p style=\"text-align: center;\">* Pers\u00f6nliche Ausgaben, Abendessen<\/p>\n<p style=\"text-align: center;\"><strong>ZUS\u00c4TZLICHE INFOS &amp; TIPPS:<\/strong><\/p>\n<p style=\"text-align: center;\">*Die Mitnahme Ihres Mobil telefons und Ihrer Kamera ist gestattet<\/p>\n<p><iframe loading=\"lazy\" title=\"Land of legends night show Antalya best activities\" width=\"1020\" height=\"574\" src=\"https:\/\/www.youtube.com\/embed\/8Hdy_B5-Tgc?feature=oembed\" frameborder=\"0\" allow=\"accelerometer; autoplay; clipboard-write; encrypted-media; gyroscope; picture-in-picture; web-share\" allowfullscreen><\/iframe><\/p>\n<p><iframe loading=\"lazy\" title=\"The Land of Legends 2023 Antalya Turkey \ud83c\uddf9\ud83c\uddf7 [ 4K ] Walking Tour\" width=\"1020\" height=\"574\" src=\"https:\/\/www.youtube.com\/embed\/wN3f_ITpRWA?feature=oembed\" frameborder=\"0\" allow=\"accelerometer; autoplay; clipboard-write; encrypted-media; gyroscope; picture-in-picture; web-share\" allowfullscreen><\/iframe><\/p>\n<p><iframe loading=\"lazy\" title=\"The Land Of Legends Antalya 2023 Vlog\" width=\"1020\" height=\"574\" src=\"https:\/\/www.youtube.com\/embed\/jZW1guH_sug?feature=oembed\" frameborder=\"0\" allow=\"accelerometer; autoplay; clipboard-write; encrypted-media; gyroscope; picture-in-picture; web-share\" allowfullscreen><\/iframe><\/p>\n<div style=\"text-align: center;\"><\/div>\n<div style=\"text-align: center;\"><\/div>\n<div style=\"text-align: center;\"><\/div>\n<div style=\"text-align: center;\"><\/div>\n<div style=\"text-align: center;\"><\/div>\n<div style=\"text-align: center;\"><\/div>\n","protected":false},"excerpt":{"rendered":"<p>LAND OF LEGENDS NACHT TOUR Erleben Sie Abenteuer und Wunder mit der Land of Legends nacht tour. Ein legend\u00e4rer Themen park wie kein anderer: Land of Legends ist viel mehr als nur ein Themenpark; Es ist ein Reich voller Zauber und Aufregung. Auf einer Fl\u00e4che von \u00fcber 2,5 Millionen Quadratmetern bietet dieser weitl\u00e4ufige Komplex eine<\/p>\n","protected":false},"featured_media":30076,"comment_status":"open","ping_status":"closed","template":"","meta":[],"product_brand":[],"product_cat":[110],"product_tag":[],"class_list":{"0":"post-30068","1":"product","2":"type-product","3":"status-publish","4":"has-post-thumbnail","6":"product_cat-touren","8":"first","9":"instock","10":"featured","11":"virtual","12":"sold-individually","13":"purchasable","14":"product-type-booking"},"_links":{"self":[{"href":"https:\/\/holidayexcursion.com\/de\/wp-json\/wp\/v2\/product\/30068","targetHints":{"allow":["GET"]}}],"collection":[{"href":"https:\/\/holidayexcursion.com\/de\/wp-json\/wp\/v2\/product"}],"about":[{"href":"https:\/\/holidayexcursion.com\/de\/wp-json\/wp\/v2\/types\/product"}],"replies":[{"embeddable":true,"href":"https:\/\/holidayexcursion.com\/de\/wp-json\/wp\/v2\/comments?post=30068"}],"wp:featuredmedia":[{"embeddable":true,"href":"https:\/\/holidayexcursion.com\/de\/wp-json\/wp\/v2\/media\/30076"}],"wp:attachment":[{"href":"https:\/\/holidayexcursion.com\/de\/wp-json\/wp\/v2\/media?parent=30068"}],"wp:term":[{"taxonomy":"product_brand","embeddable":true,"href":"https:\/\/holidayexcursion.com\/de\/wp-json\/wp\/v2\/product_brand?post=30068"},{"taxonomy":"product_cat","embeddable":true,"href":"https:\/\/holidayexcursion.com\/de\/wp-json\/wp\/v2\/product_cat?post=30068"},{"taxonomy":"product_tag","embeddable":true,"href":"https:\/\/holidayexcursion.com\/de\/wp-json\/wp\/v2\/product_tag?post=30068"}],"curies":[{"name":"wp","href":"https:\/\/api.w.org\/{rel}","templated":true}]}}