{"id":5198,"date":"2021-12-03T09:36:35","date_gmt":"2021-12-06T22:04:24","guid":{"rendered":"http:\/\/holidayexcursion.com\/excursions-in-alanya\/unkategorisiert\/bootstour-in-manavgat\/"},"modified":"2023-11-29T18:08:07","modified_gmt":"2023-11-29T15:08:07","slug":"manavgat","status":"publish","type":"product","link":"https:\/\/holidayexcursion.com\/de\/tours-in-alanya\/touren\/manavgat\/","title":{"rendered":"MANAVGAT BOOTS TOUR"},"content":{"rendered":"<h2 style=\"font-weight: 400; text-align: center;\">MANAVGAT BOOTS TOUR<\/h2>\n<p style=\"text-align: center;\">Entdecken Sie die Sch\u00f6nheit von Manavgat: Ein fesselndes <a href=\"https:\/\/holidayexcursion.com\/tours-in-alanya\/tours\/boat\/\">Boots tour<\/a> Erlebnis<\/p>\n<p style=\"text-align: center;\">Manavgat liegt an der S\u00fcdk\u00fcste der T\u00fcrkei und ist eine malerische Stadt, die f\u00fcr ihre nat\u00fcrliche Sch\u00f6nheit und ihr reiches kulturelles Erbe bekannt ist. Eine der besten M\u00f6glichkeiten, die Wunder von Manavgat zu entdecken, ist eine Bootstour entlang des malerischen Flusses Manavgat. Auf dieser Reise mit Holiday Excursion laden wir Sie ein, sich auf ein Abenteuer einzulassen und die faszinierenden Sehensw\u00fcrdigkeiten und Erlebnisse zu erkunden, die Sie auf einer Manavgat-Bootstour erwarten.<\/p>\n<p style=\"text-align: center;\">1. Kreuzfahrt entlang des <a href=\"https:\/\/en.wikipedia.org\/wiki\/Manavgat\" rel=\"nofollow noopener\" target=\"_blank\">Manavgat<\/a>-Flusses<\/p>\n<p style=\"text-align: center;\">Eine Manavgat-Bootstour bietet eine ruhige und idyllische Fahrt entlang des malerischen Manavgat-Flusses, bei der Sie die atemberaubende Aussicht auf \u00fcppige gr\u00fcne Landschaften und kristallklares Wasser genie\u00dfen k\u00f6nnen. W\u00e4hrend Sie durch die sanften Str\u00f6mungen gleiten, haben Sie die M\u00f6glichkeit, die nat\u00fcrliche Sch\u00f6nheit um Sie herum zu bestaunen, von hoch aufragenden B\u00e4umen und einer lebendigen Flora bis hin zu vielf\u00e4ltigen Wildtieren wie Schildkr\u00f6ten und V\u00f6geln. Die friedliche Atmosph\u00e4re des Flusses schafft einen ruhigen R\u00fcckzugsort vom hektischen Stadtleben und bietet den perfekten Rahmen f\u00fcr Entspannung und Besinnung.<\/p>\n<p style=\"text-align: center;\"><img loading=\"lazy\" decoding=\"async\" class=\"alignnone size-medium wp-image-26309\" src=\"https:\/\/holidayexcursion.com\/wp-content\/uploads\/2021\/12\/manavgat-boat-holiday-excursion-300x200.jpg\" alt=\"\" width=\"300\" height=\"200\" title=\"\" srcset=\"https:\/\/holidayexcursion.com\/wp-content\/uploads\/2021\/12\/manavgat-boat-holiday-excursion-300x200.jpg 300w, https:\/\/holidayexcursion.com\/wp-content\/uploads\/2021\/12\/manavgat-boat-holiday-excursion-600x400.jpg 600w, https:\/\/holidayexcursion.com\/wp-content\/uploads\/2021\/12\/manavgat-boat-holiday-excursion.jpg 720w\" sizes=\"auto, (max-width: 300px) 100vw, 300px\" \/><\/p>\n<p style=\"text-align: center;\">2. Besuch des ber\u00fchmten Manavgat-Wasserfalls<\/p>\n<p style=\"text-align: center;\">Einer der wichtigsten H\u00f6hepunkte einer Manavgat-Bootstour ist ein Besuch des beeindruckenden Manavgat-Wasserfalls. Wenn Sie sich dem Wasserfall n\u00e4hern, h\u00f6ren Sie das donnernde Ger\u00e4usch des Wassers, das gegen die Felsen prasselt und ein faszinierendes Schauspiel erzeugt. Der Anblick des kaskadierenden Wassers vor der Kulisse \u00fcppigen Gr\u00fcns ist geradezu atemberaubend. Nehmen Sie sich einen Moment Zeit, um die Sch\u00f6nheit zu bewundern, den Nebel auf Ihrem Gesicht zu sp\u00fcren und die perfekten Fotos zu machen, um die Erinnerung an dieses Naturwunder zu bewahren.<\/p>\n<p style=\"text-align: center;\">3. Erkundung des Manavgat-Basars und der Moschee<\/p>\n<p style=\"text-align: center;\">W\u00e4hrend der Bootstour haben Sie die M\u00f6glichkeit, den lebhaften Manavgat-Basar zu erkunden, einen gesch\u00e4ftigen Marktplatz, der eine k\u00f6stliche Mischung aus lokalem Kunsthandwerk, Textilien, Gew\u00fcrzen und frischen Produkten bietet. Tauchen Sie ein in die lebendige Atmosph\u00e4re, w\u00e4hrend Sie durch die farbenfrohen St\u00e4nde schlendern und mit freundlichen H\u00e4ndlern interagieren, die gerne ihre Produkte und Geschichten teilen. Dar\u00fcber hinaus bietet ein Besuch der gro\u00dfen Manavgat-Moschee einen Einblick in das religi\u00f6se und architektonische Erbe der Stadt mit ihren beeindruckenden Kuppeln und komplizierten Details.<\/p>\n<p style=\"text-align: center;\"><img loading=\"lazy\" decoding=\"async\" class=\"alignnone size-medium wp-image-26315\" src=\"https:\/\/holidayexcursion.com\/wp-content\/uploads\/2021\/12\/Manavgat-boat-tour-holiday-excursion-300x125.jpg\" alt=\"\" width=\"300\" height=\"125\" title=\"\" srcset=\"https:\/\/holidayexcursion.com\/wp-content\/uploads\/2021\/12\/Manavgat-boat-tour-holiday-excursion-300x125.jpg 300w, https:\/\/holidayexcursion.com\/wp-content\/uploads\/2021\/12\/Manavgat-boat-tour-holiday-excursion.jpg 348w\" sizes=\"auto, (max-width: 300px) 100vw, 300px\" \/><\/p>\n<p style=\"text-align: center;\">4. Genie\u00dfen Sie ein t\u00fcrkisches Mittagessen an Bord<\/p>\n<p style=\"text-align: center;\">Der Genuss k\u00f6stlicher t\u00fcrkischer K\u00fcche ist ein wesentlicher Teil des Manavgat-Bootstour-Erlebnisses. Die meisten Bootstouren beinhalten ein k\u00f6stliches Mittagessen an Bord, sodass Sie traditionelle t\u00fcrkische Gerichte genie\u00dfen und dabei bequem vom Boot aus den Panoramablick genie\u00dfen k\u00f6nnen. Genie\u00dfen Sie frisch zubereitete Mezes, gegrillte Kebabs und aromatische Salate, begleitet von traditionellem t\u00fcrkischem Brot und erfrischenden Getr\u00e4nken. Die Kombination aus k\u00f6stlichem Essen und atemberaubender Umgebung schafft ein wirklich unvergessliches kulinarisches Erlebnis.<\/p>\n<p style=\"text-align: center;\">5. Schwimmen und Entspannen an den Sandstr\u00e4nden von Manavgat:<\/p>\n<p style=\"text-align: center;\">Viele Bootstouren bieten auch Stopps an abgelegenen Orten entlang der K\u00fcste an, wo Sie ankern und entspannt im azurblauen Wasser des Mittelmeers schwimmen k\u00f6nnen. Nehmen Sie ein erfrischendes Bad, schnorcheln Sie inmitten der farbenfrohen Unterwasserwelt oder genie\u00dfen Sie einfach die warme Sonne an den Sandstr\u00e4nden. Diese Momente der Entspannung und Erholung verleihen Ihrer Manavgat-Bootstour eine zus\u00e4tzliche Ebene der Gl\u00fcckseligkeit und erm\u00f6glichen es Ihnen, sich mit der nat\u00fcrlichen Pracht um Sie herum zu verbinden.<\/p>\n<p style=\"text-align: center;\"><img loading=\"lazy\" decoding=\"async\" class=\"alignnone size-medium wp-image-26327\" src=\"https:\/\/holidayexcursion.com\/wp-content\/uploads\/2021\/12\/manavgat_selalesi_doga-300x216.jpg\" alt=\"\" width=\"300\" height=\"216\" title=\"\" srcset=\"https:\/\/holidayexcursion.com\/wp-content\/uploads\/2021\/12\/manavgat_selalesi_doga-300x216.jpg 300w, https:\/\/holidayexcursion.com\/wp-content\/uploads\/2021\/12\/manavgat_selalesi_doga-768x553.jpg 768w, https:\/\/holidayexcursion.com\/wp-content\/uploads\/2021\/12\/manavgat_selalesi_doga-600x432.jpg 600w, https:\/\/holidayexcursion.com\/wp-content\/uploads\/2021\/12\/manavgat_selalesi_doga.jpg 900w\" sizes=\"auto, (max-width: 300px) 100vw, 300px\" \/><\/p>\n<p style=\"text-align: center;\">Eine Bootstour durch Manavgat ist eine au\u00dfergew\u00f6hnliche M\u00f6glichkeit, die Sch\u00f6nheit und den Charme dieser bezaubernden Stadt zu entdecken. Von der Fahrt entlang des ruhigen Manavgat-Flusses \u00fcber den Besuch des atemberaubenden <a href=\"https:\/\/en.wikipedia.org\/wiki\/Manavgat_Waterfall\" rel=\"nofollow noopener\" target=\"_blank\">Wasserfalls<\/a> bis hin zum Eintauchen in die lebendige lokale Kultur bietet jeder Moment der Tour eine Mischung aus Naturwundern und kulturellen Erlebnissen. Begeben Sie sich auf diese unvergessliche Reise und schaffen Sie Erinnerungen, die ein Leben lang anhalten, w\u00e4hrend Sie in die fesselnde Atmosph\u00e4re der Bootstour durch Manavgat eintauchen.<\/p>\n<p style=\"text-align: center;\"><img loading=\"lazy\" decoding=\"async\" class=\"alignnone size-medium wp-image-26321\" src=\"https:\/\/holidayexcursion.com\/wp-content\/uploads\/2021\/12\/manavgat-river-boat-tour-300x169.jpg\" alt=\"\" width=\"300\" height=\"169\" title=\"\" srcset=\"https:\/\/holidayexcursion.com\/wp-content\/uploads\/2021\/12\/manavgat-river-boat-tour-300x169.jpg 300w, https:\/\/holidayexcursion.com\/wp-content\/uploads\/2021\/12\/manavgat-river-boat-tour-768x432.jpg 768w, https:\/\/holidayexcursion.com\/wp-content\/uploads\/2021\/12\/manavgat-river-boat-tour-1024x576.jpg 1024w, https:\/\/holidayexcursion.com\/wp-content\/uploads\/2021\/12\/manavgat-river-boat-tour-600x338.jpg 600w, https:\/\/holidayexcursion.com\/wp-content\/uploads\/2021\/12\/manavgat-river-boat-tour.jpg 1200w\" sizes=\"auto, (max-width: 300px) 100vw, 300px\" \/><\/p>\n<div style=\"text-align: center;\"><strong>MANAVGAT-BOOTS TOUR-PROGRAMM:<\/strong><\/div>\n<div style=\"text-align: center;\">* Abholung von Hotels und Apartments in Alanya und Umgebung mit dem Bus<\/div>\n<div style=\"text-align: center;\">* Ankunft in der Stadt und im Hafen von Manavgat, 4-st\u00fcndige Boots tour auf dem Manavgat-Fluss.<\/div>\n<div style=\"text-align: center;\">* Badepausen (Sie k\u00f6nnen sowohl im Meer als auch im Fluss schwimmen), Mittagspause auf dem Boot<\/div>\n<div style=\"text-align: center;\">* Kehren Sie zum Flusshafen zur\u00fcck, steigen Sie in den Bus und besuchen Sie die Manavgat-Moschee<\/div>\n<div style=\"text-align: center;\">* Besuch des Manavgat-Wasserfalls, des lokalen Basars von Manavgat und Freizeit<\/div>\n<div style=\"text-align: center;\">* Abgabe von Hotels\/Apartments in Alanya<\/div>\n<div style=\"text-align: center;\">\n<div><\/div>\n<div><strong>IM PREIS INBEGRIFFEN:<\/strong><\/div>\n<div>* Abholung\/R\u00fcckgabe von Hotels und Apartments in Alanya und Umgebung<\/div>\n<div>\n<div>* F\u00fchrer, Mittagessen, Eintritt zum Manavgat-Wasserfall<\/div>\n<div><strong>OPTIONALE EXTRAS:<\/strong><\/div>\n<div>* Getr\u00e4nke, Foto, DVD<\/div>\n<div><strong>ZUS\u00c4TZLICHE INFOS &amp; TIPPS:<\/strong><\/div>\n<div>* Wenn Sie schwimmen m\u00f6chten, nehmen Sie Badeanzug, Handtuch und Sonnencreme mit<\/div>\n<div>* Die Manavgat-Boots- und Wasserfalltour wird montags und donnerstags organisiert. Aufgrund der Markttage in der Stadt Manavgat<\/div>\n<div>* Nehmen Sie Ihr Mobil telefon oder Ihre Kamera mit<\/div>\n<\/div>\n<\/div>\n<p style=\"text-align: center;\">Wir w\u00fcnschen Ihnen unvergessliche Erinnerungen w\u00e4hrend Ihres Urlaubs in der T\u00fcrkei.<\/p>\n<p style=\"text-align: center;\">Ps: F\u00fcr weitere Informationen k\u00f6nnen Sie uns auch per Whats-App-Anruf oder Nachricht kontaktieren.<\/p>\n<p style=\"text-align: center;\">Holiday Excursion team,<\/p>\n<p><iframe loading=\"lazy\" title=\"Boat Tour Manavgat I Daily Trip Video | Holiday in Side | FBB TRAVEL\" width=\"1020\" height=\"574\" src=\"https:\/\/www.youtube.com\/embed\/dJAkWqVnJDI?feature=oembed\" frameborder=\"0\" allow=\"accelerometer; autoplay; clipboard-write; encrypted-media; gyroscope; picture-in-picture; web-share\" allowfullscreen><\/iframe><\/p>\n<p><iframe loading=\"lazy\" title=\"ALANYA Manavgat Boat Tour OBG Travel\" width=\"1020\" height=\"765\" src=\"https:\/\/www.youtube.com\/embed\/7KpeiXD6Y04?feature=oembed\" frameborder=\"0\" allow=\"accelerometer; autoplay; clipboard-write; encrypted-media; gyroscope; picture-in-picture; web-share\" allowfullscreen><\/iframe><\/p>\n<p><iframe loading=\"lazy\" title=\"Boat on the River - Manavgat\" width=\"1020\" height=\"574\" src=\"https:\/\/www.youtube.com\/embed\/_50sbXNaSsY?feature=oembed\" frameborder=\"0\" allow=\"accelerometer; autoplay; clipboard-write; encrypted-media; gyroscope; picture-in-picture; web-share\" allowfullscreen><\/iframe><\/p>\n","protected":false},"excerpt":{"rendered":"<p>MANAVGAT BOOTS TOUR Entdecken Sie die Sch\u00f6nheit von Manavgat: Ein fesselndes Boots tour Erlebnis Manavgat liegt an der S\u00fcdk\u00fcste der T\u00fcrkei und ist eine malerische Stadt, die f\u00fcr ihre nat\u00fcrliche Sch\u00f6nheit und ihr reiches kulturelles Erbe bekannt ist. Eine der besten M\u00f6glichkeiten, die Wunder von Manavgat zu entdecken, ist eine Bootstour entlang des malerischen Flusses<\/p>\n","protected":false},"featured_media":4684,"comment_status":"open","ping_status":"closed","template":"","meta":[],"product_brand":[],"product_cat":[110],"product_tag":[],"class_list":{"0":"post-5198","1":"product","2":"type-product","3":"status-publish","4":"has-post-thumbnail","6":"product_cat-touren","8":"first","9":"instock","10":"featured","11":"virtual","12":"sold-individually","13":"purchasable","14":"product-type-booking"},"_links":{"self":[{"href":"https:\/\/holidayexcursion.com\/de\/wp-json\/wp\/v2\/product\/5198","targetHints":{"allow":["GET"]}}],"collection":[{"href":"https:\/\/holidayexcursion.com\/de\/wp-json\/wp\/v2\/product"}],"about":[{"href":"https:\/\/holidayexcursion.com\/de\/wp-json\/wp\/v2\/types\/product"}],"replies":[{"embeddable":true,"href":"https:\/\/holidayexcursion.com\/de\/wp-json\/wp\/v2\/comments?post=5198"}],"wp:featuredmedia":[{"embeddable":true,"href":"https:\/\/holidayexcursion.com\/de\/wp-json\/wp\/v2\/media\/4684"}],"wp:attachment":[{"href":"https:\/\/holidayexcursion.com\/de\/wp-json\/wp\/v2\/media?parent=5198"}],"wp:term":[{"taxonomy":"product_brand","embeddable":true,"href":"https:\/\/holidayexcursion.com\/de\/wp-json\/wp\/v2\/product_brand?post=5198"},{"taxonomy":"product_cat","embeddable":true,"href":"https:\/\/holidayexcursion.com\/de\/wp-json\/wp\/v2\/product_cat?post=5198"},{"taxonomy":"product_tag","embeddable":true,"href":"https:\/\/holidayexcursion.com\/de\/wp-json\/wp\/v2\/product_tag?post=5198"}],"curies":[{"name":"wp","href":"https:\/\/api.w.org\/{rel}","templated":true}]}}