{"id":5208,"date":"2021-12-03T09:35:44","date_gmt":"2021-12-06T22:05:09","guid":{"rendered":"http:\/\/holidayexcursion.com\/excursions-in-alanya\/unkategorisiert\/angel-und-schnorcheltour\/"},"modified":"2023-12-04T21:07:34","modified_gmt":"2023-12-04T18:07:34","slug":"angeltour","status":"publish","type":"product","link":"https:\/\/holidayexcursion.com\/de\/tours-in-alanya\/touren\/angeltour\/","title":{"rendered":"Angeltour"},"content":{"rendered":"<h2 style=\"text-align: center;\"><\/h2>\n<h3 id=\"highlights\" class=\"highlights\" style=\"text-align: center;\"><strong>Angeltour<\/strong><\/h3>\n<h3 class=\"highlights\" style=\"text-align: center;\"><strong style=\"color: #555555; font-size: 14.4px;\">Tauchen Sie ein ins Abenteuer: Erkunden Sie die Tiefen mit einer Angeltour<\/strong><\/h3>\n<div class=\"activity-details-content\" style=\"text-align: center;\">\n<section id=\"inclusions\" class=\"inclusions long-txt\">\n<div class=\"hed\">\n<p>F\u00fcr diejenigen, die ein abenteuerliches und intensives Erlebnis in der <a href=\"https:\/\/holidayexcursion.com\/tours-in-alanya\/tours\/quad-safari-tour\/\">Natur<\/a> suchen, bieten Angeltouren die perfekte Mischung aus Spannung und Ruhe. Ganz gleich, ob Sie begeisterter Angler oder begeisterter Schnorchler sind, diese Touren erm\u00f6glichen es Ihnen, auf einzigartige Weise mit dem Wasser und seinen Bewohnern in Kontakt zu kommen. Auf dieser Tour mit dem Reiseb\u00fcro Holiday Excursion tauchen wir in die Welt des Angelns ein, erkunden die reiche Unterwasserwelt, atemberaubende Unterwasser\u00f6kosysteme und den Nervenkitzel, den Fang des Tages einzufangen.<\/p>\n<p><img loading=\"lazy\" decoding=\"async\" class=\"alignnone size-medium wp-image-28339\" src=\"https:\/\/holidayexcursion.com\/wp-content\/uploads\/2021\/12\/Alanya-fishing-tour-1-300x200.jpg\" alt=\"\" width=\"300\" height=\"200\" title=\"\" srcset=\"https:\/\/holidayexcursion.com\/wp-content\/uploads\/2021\/12\/Alanya-fishing-tour-1-300x200.jpg 300w, https:\/\/holidayexcursion.com\/wp-content\/uploads\/2021\/12\/Alanya-fishing-tour-1-600x400.jpg 600w, https:\/\/holidayexcursion.com\/wp-content\/uploads\/2021\/12\/Alanya-fishing-tour-1.jpg 750w\" sizes=\"auto, (max-width: 300px) 100vw, 300px\" \/><\/p>\n<p>1. Auswerfen der Angel: Angeltour:<\/p>\n<p>Angeltouren sind nicht nur etwas f\u00fcr erfahrene Angler. Sie eignen sich auch perfekt f\u00fcr Anf\u00e4nger, die die Kunst des Angelns erlernen m\u00f6chten. Ausgestattet mit professionellen Guides, die sich mit den \u00f6rtlichen Angelpl\u00e4tzen bestens auskennen, haben Sie die M\u00f6glichkeit, die besten Angelpl\u00e4tze und -techniken in der Region zu entdecken. Unabh\u00e4ngig davon, ob Sie S\u00fc\u00df- oder Salzwasserangeln bevorzugen, bieten diese Touren die M\u00f6glichkeit, eine Vielzahl von Fischarten zu angeln, von Forellen und Lachsen bis hin zu Marlinen und Thunfischen. Die Aufregung, einen Zug an der Leine zu sp\u00fcren, und die Vorfreude auf den Fang, den Sie vielleicht fangen, machen Angeltouren zu einem aufregenden Erlebnis f\u00fcr alle.<\/p>\n<p><img loading=\"lazy\" decoding=\"async\" class=\"alignnone size-medium wp-image-28363\" src=\"https:\/\/holidayexcursion.com\/wp-content\/uploads\/2021\/12\/Fishing-tour-1.jpg\" alt=\"\" width=\"287\" height=\"175\" title=\"\"><\/p>\n<p>2. Unterwasserwunder erkunden: Angeltour:<\/p>\n<p>Bei Angeltouren k\u00f6nnen Sie in die lebendige Welt unter der Wasseroberfl\u00e4che eintauchen. Ausgestattet mit Maske, Schnorchel und Flossen k\u00f6nnen Sie durch kristallklares Wasser gleiten und die unglaubliche Vielfalt des Meereslebens beobachten. Von farbenfrohen, anmutigen Unterwasser sch\u00f6nheiten \u00fcber <a href=\"https:\/\/en.wikipedia.org\/wiki\/Sea_turtle\" rel=\"nofollow noopener\" target=\"_blank\">Meer esschildkr\u00f6ten<\/a> bis hin zu verspielten Delfinen bieten Schnorchel touren eine hautnahe Begegnung mit den Wundern der Natur. Erkunden Sie atemberaubende Unterwasserlandschaften, erleben Sie das komplexe \u00d6kosystem und haben Sie sogar die M\u00f6glichkeit, mitzuschwimmen. Angeltouren bieten ein spannendes und lehrreiches Erlebnis f\u00fcr Naturliebhaber jeden Alters.<\/p>\n<p><img loading=\"lazy\" decoding=\"async\" class=\"alignnone size-medium wp-image-28357\" src=\"https:\/\/holidayexcursion.com\/wp-content\/uploads\/2021\/12\/fishing-Alanya-300x220.webp\" alt=\"\" width=\"300\" height=\"220\" title=\"\" srcset=\"https:\/\/holidayexcursion.com\/wp-content\/uploads\/2021\/12\/fishing-Alanya-300x220.webp 300w, https:\/\/holidayexcursion.com\/wp-content\/uploads\/2021\/12\/fishing-Alanya-768x563.webp 768w, https:\/\/holidayexcursion.com\/wp-content\/uploads\/2021\/12\/fishing-Alanya-600x440.webp 600w, https:\/\/holidayexcursion.com\/wp-content\/uploads\/2021\/12\/fishing-Alanya.webp 960w\" sizes=\"auto, (max-width: 300px) 100vw, 300px\" \/><\/p>\n<p>3. Umweltfreundliche Praktiken und Erhaltung:<\/p>\n<p>Bei verantwortungsvollen Angeltouren stehen der Schutz und die Erhaltung der Meeres\u00f6kosysteme im Vordergrund. Viele Reiseveranstalter halten sich an nachhaltige Fischereipraktiken und stellen sicher, dass Fang- und Freilassungsmethoden angewendet werden, um die Auswirkungen auf die Fischpopulation zu minimieren. Schnorcheltouren betonen auch die Bedeutung umweltfreundlichen Verhaltens, z. B. das Vermeiden, Korallenriffe zu ber\u00fchren oder zu besch\u00e4digen und den nat\u00fcrlichen Lebensraum der Meeresbewohner zu respektieren. Durch die Teilnahme an diesen Touren tragen Sie aktiv zu den Naturschutzbem\u00fchungen bei, die notwendig sind, um unsere Ozeane f\u00fcr kommende Generationen zu sch\u00fctzen.<\/p>\n<p><img loading=\"lazy\" decoding=\"async\" class=\"alignnone size-medium wp-image-28345\" src=\"https:\/\/holidayexcursion.com\/wp-content\/uploads\/2021\/12\/fishing-alanya-2-300x213.jpg\" alt=\"\" width=\"300\" height=\"213\" title=\"\" srcset=\"https:\/\/holidayexcursion.com\/wp-content\/uploads\/2021\/12\/fishing-alanya-2-300x213.jpg 300w, https:\/\/holidayexcursion.com\/wp-content\/uploads\/2021\/12\/fishing-alanya-2-768x545.jpg 768w, https:\/\/holidayexcursion.com\/wp-content\/uploads\/2021\/12\/fishing-alanya-2-600x425.jpg 600w, https:\/\/holidayexcursion.com\/wp-content\/uploads\/2021\/12\/fishing-alanya-2.jpg 1000w\" sizes=\"auto, (max-width: 300px) 100vw, 300px\" \/><\/p>\n<p>4. Fachkundige Anleitung und Sicherheitsma\u00dfnahmen:<\/p>\n<p>Angeltouren werden von erfahrenen F\u00fchrern und Ausbildern durchgef\u00fchrt, bei denen Ihre Sicherheit und Ihr Vergn\u00fcgen im Vordergrund stehen. Sie verf\u00fcgen \u00fcber umfassende Kenntnisse der \u00f6rtlichen Gew\u00e4sser, des <a href=\"https:\/\/holidayexcursion.com\/tours-in-alanya\/tours\/antalya-aquarium-tour\/\">Meeres lebens<\/a> und der besten Techniken f\u00fcr eine erfolgreiche Tour. Egal, ob Sie Anf\u00e4nger oder erfahrener Abenteurer sind, ihr Fachwissen sorgt f\u00fcr ein erf\u00fcllendes Erlebnis. Auch Sicherheitsma\u00dfnahmen wie die Bereitstellung geeigneter Schwimmwesten und Erste-Hilfe-Sets sorgen f\u00fcr Ihr Wohlbefinden w\u00e4hrend der Tour.<\/p>\n<p><img loading=\"lazy\" decoding=\"async\" class=\"alignnone size-medium wp-image-28351\" src=\"https:\/\/holidayexcursion.com\/wp-content\/uploads\/2021\/12\/fishing-alanya-300x225.jpg\" alt=\"\" width=\"300\" height=\"225\" title=\"\" srcset=\"https:\/\/holidayexcursion.com\/wp-content\/uploads\/2021\/12\/fishing-alanya-300x225.jpg 300w, https:\/\/holidayexcursion.com\/wp-content\/uploads\/2021\/12\/fishing-alanya.jpg 600w\" sizes=\"auto, (max-width: 300px) 100vw, 300px\" \/><\/p>\n<p>5. Unvergessliche Erinnerungen und Verbindung mit der Natur:<\/p>\n<p>Die Teilnahme an einer Angeltour \u00f6ffnet die T\u00fcr zu unvergesslichen Erinnerungen und einer tieferen Verbindung mit der Natur. Der Nervenkitzel, einen Fisch zu fangen, die Ruhe des unber\u00fchrten Wassers und die beeindruckenden Begegnungen mit Meereslebewesen hinterlassen einen unausl\u00f6schlichen Eindruck in Ihrer Abenteuerlust. Diese Angeltouren bieten die M\u00f6glichkeit, vom Alltag abzuschalten und sich wieder mit der Natur zu verbinden. Sie vermitteln ein Gef\u00fchl des Staunens und der Wertsch\u00e4tzung f\u00fcr die Sch\u00f6nheit, die unter der Oberfl\u00e4che liegt.<\/p>\n<p>Eine Angeltour bietet die M\u00f6glichkeit, die bezaubernde Unterwasserwelt zu erkunden und in die Ruhe der Natur einzutauchen. Ganz gleich, ob Sie sich von der Aufregung angezogen f\u00fchlen, einen wertvollen Fang zu fangen, oder die Ruhe des Schnorchelns inmitten lebendiger Meeres\u00f6kosysteme suchen, diese Touren bieten ein unvergessliches Erlebnis f\u00fcr Enthusiasten aller Erfahrungsstufen. Packen Sie also Ihre Ausr\u00fcstung ein, tauchen Sie ein in das Abenteuer und schaffen Sie Erinnerungen, die ein Leben lang anhalten, w\u00e4hrend Sie sich auf Angel- und Schnorcheltouren begeben.<\/p>\n<div><strong>ALANYA ANGELTOUR PROGRAMM:<\/strong><\/div>\n<div>* Abholung von Hotels und Apartments in Alanya, Ankunft am Hafen von Alanya<\/div>\n<div>* Fischer boot verl\u00e4sst Hafen, st\u00f6rt Angelausr\u00fcstung<\/div>\n<div>* Angeln im offenen Meer, Mittagessen auf dem Boot, Badepausen<\/div>\n<div>* R\u00fcckkehr zum Hafen von Alanya und R\u00fcckfahrt zu Ihren Hotels und Apartments in Alanya<\/div>\n<div><\/div>\n<div><strong>IM PREIS INBEGRIFFEN:<\/strong><\/div>\n<div>* Abholung\/R\u00fcckgabe von Hotels und Apartments in Alanya<\/div>\n<div>* Kapit\u00e4n, Fischer, Angelausr\u00fcstung, Mittagessen, alkohol freie Getr\u00e4nke<\/div>\n<div><\/div>\n<div><strong>OPTIONALE EXTRAS:<\/strong><\/div>\n<div>* Alkoholische Getr\u00e4nke<\/div>\n<div><\/div>\n<div><strong>ZUS\u00c4TZLICHE INFORMATIONEN &amp; TIPPS:<\/strong><\/div>\n<div>* Nehmen Sie Badesachen, Sonnen creme und Handt\u00fccher mit<\/div>\n<div>* Das Fischer boot verf\u00fcgt \u00fcber WC und Dusche.<\/div>\n<\/div>\n<div class=\"hed\"><\/div>\n<\/section>\n<section id=\"exclusions\" class=\"exclusions long-txt\">\n<div class=\"hed\">\n<p>Wir w\u00fcnschen Ihnen unvergessliche Erinnerungen w\u00e4hrend Ihres Urlaubs in Alanya, T\u00fcrkei.<\/p>\n<p>Ps: F\u00fcr weitere Informationen k\u00f6nnen Sie uns auch per Whats-App-Anruf oder Nachricht kontaktieren.<\/p>\n<p>Holiday Excursion team,<\/p>\n<p><iframe loading=\"lazy\" title=\"Spear Fishing Monster Bluefin Tuna BIGGER THAN ME in Turkey!\" width=\"1020\" height=\"574\" src=\"https:\/\/www.youtube.com\/embed\/IeaqTCX1HK4?feature=oembed\" frameborder=\"0\" allow=\"accelerometer; autoplay; clipboard-write; encrypted-media; gyroscope; picture-in-picture; web-share\" allowfullscreen><\/iframe><\/p>\n<\/div>\n<\/section>\n<div>\n<p><iframe loading=\"lazy\" title=\"GP011624\" width=\"1020\" height=\"574\" src=\"https:\/\/www.youtube.com\/embed\/FcO3MSo-3U8?feature=oembed\" frameborder=\"0\" allow=\"accelerometer; autoplay; clipboard-write; encrypted-media; gyroscope; picture-in-picture\" allowfullscreen><\/iframe><\/p>\n<\/div>\n<\/div>\n","protected":false},"excerpt":{"rendered":"<p>Angeltour Tauchen Sie ein ins Abenteuer: Erkunden Sie die Tiefen mit einer Angeltour F\u00fcr diejenigen, die ein abenteuerliches und intensives Erlebnis in der Natur suchen, bieten Angeltouren die perfekte Mischung aus Spannung und Ruhe. Ganz gleich, ob Sie begeisterter Angler oder begeisterter Schnorchler sind, diese Touren erm\u00f6glichen es Ihnen, auf einzigartige Weise mit dem Wasser<\/p>\n","protected":false},"featured_media":22742,"comment_status":"open","ping_status":"closed","template":"","meta":[],"product_brand":[],"product_cat":[110],"product_tag":[],"class_list":{"0":"post-5208","1":"product","2":"type-product","3":"status-publish","4":"has-post-thumbnail","6":"product_cat-touren","8":"first","9":"instock","10":"featured","11":"virtual","12":"sold-individually","13":"purchasable","14":"product-type-booking"},"_links":{"self":[{"href":"https:\/\/holidayexcursion.com\/de\/wp-json\/wp\/v2\/product\/5208","targetHints":{"allow":["GET"]}}],"collection":[{"href":"https:\/\/holidayexcursion.com\/de\/wp-json\/wp\/v2\/product"}],"about":[{"href":"https:\/\/holidayexcursion.com\/de\/wp-json\/wp\/v2\/types\/product"}],"replies":[{"embeddable":true,"href":"https:\/\/holidayexcursion.com\/de\/wp-json\/wp\/v2\/comments?post=5208"}],"wp:featuredmedia":[{"embeddable":true,"href":"https:\/\/holidayexcursion.com\/de\/wp-json\/wp\/v2\/media\/22742"}],"wp:attachment":[{"href":"https:\/\/holidayexcursion.com\/de\/wp-json\/wp\/v2\/media?parent=5208"}],"wp:term":[{"taxonomy":"product_brand","embeddable":true,"href":"https:\/\/holidayexcursion.com\/de\/wp-json\/wp\/v2\/product_brand?post=5208"},{"taxonomy":"product_cat","embeddable":true,"href":"https:\/\/holidayexcursion.com\/de\/wp-json\/wp\/v2\/product_cat?post=5208"},{"taxonomy":"product_tag","embeddable":true,"href":"https:\/\/holidayexcursion.com\/de\/wp-json\/wp\/v2\/product_tag?post=5208"}],"curies":[{"name":"wp","href":"https:\/\/api.w.org\/{rel}","templated":true}]}}