{"id":5216,"date":"2021-12-03T09:37:01","date_gmt":"2021-12-06T22:05:10","guid":{"rendered":"http:\/\/holidayexcursion.com\/excursions-in-alanya\/unkategorisiert\/quad-safari-tour\/"},"modified":"2023-11-29T17:37:51","modified_gmt":"2023-11-29T14:37:51","slug":"quad-safari-tour","status":"publish","type":"product","link":"https:\/\/holidayexcursion.com\/de\/tours-in-alanya\/touren\/quad-safari-tour\/","title":{"rendered":"QUAD SAFAR\u0130"},"content":{"rendered":"<h2 style=\"text-align: center;\">Quad Safari tours<\/h2>\n<p style=\"text-align: center;\">Erkunden Sie die nat\u00fcrliche Sch\u00f6nheit des t\u00fcrkischen <a href=\"https:\/\/en.wikipedia.org\/wiki\/Alanya\" rel=\"nofollow noopener\" target=\"_blank\">Alanya<\/a> auf einer Quad Safari Tour<\/p>\n<p style=\"text-align: center;\">Alanya liegt an der S\u00fcdk\u00fcste der t\u00fcrkischen Provinz Antalya und ist ein Reiseziel, das f\u00fcr seine atemberaubenden Landschaften, t\u00fcrkisfarbenen Gew\u00e4sser und sein reiches kulturelles Erbe bekannt ist. W\u00e4hrend es verschiedene M\u00f6glichkeiten gibt, diese wundersch\u00f6ne Region zu erkunden, bietet eine Quad-Safari-Tour ein einzigartiges und aufregendes Erlebnis, das es Ihnen erm\u00f6glicht, in die Natur einzutauchen und versteckte Sch\u00e4tze abseits der ausgetretenen Pfade zu entdecken. Auf dieser Quad-Radtour mit dem Reiseb\u00fcro Holiday Excursion entdecken wir die Wunder von Alanya durch die Linse einer Quad-Safari-Tour und heben den Nervenkitzel, das Abenteuer und die nat\u00fcrliche Sch\u00f6nheit hervor, die Sie erwartet.<\/p>\n<p style=\"text-align: center;\">1. Der Nervenkitzel des Quadfahrens:<\/p>\n<p style=\"text-align: center;\">Eine <a href=\"https:\/\/holidayexcursion.com\/tours-in-alanya\/rent-a-car\/quad\/\">Quad<\/a> Safari Tour in Alanya bietet ein adrenalin geladenes Abenteuer, das perfekt f\u00fcr Abenteuerlustige ist. Mit einem Quad k\u00f6nnen Sie unwegsames Gel\u00e4nde befahren, anspruchsvolle Trails bew\u00e4ltigen und den wahren Geist der Offroad-Erkundung erleben. Egal, ob Sie ein erfahrener Fahrer oder ein Anf\u00e4nger sind, die Quads sind einfach zu handhaben und machen sie f\u00fcr jeden zug\u00e4nglich, der die Spannung eines Offroad-Abenteuers genie\u00dfen m\u00f6chte.<\/p>\n<p style=\"text-align: center;\"><img loading=\"lazy\" decoding=\"async\" class=\"alignnone size-medium wp-image-26186\" src=\"https:\/\/holidayexcursion.com\/wp-content\/uploads\/2021\/12\/atv-safari-holiday-excursion-300x218.jpg\" alt=\"\" width=\"300\" height=\"218\" title=\"\" srcset=\"https:\/\/holidayexcursion.com\/wp-content\/uploads\/2021\/12\/atv-safari-holiday-excursion-300x218.jpg 300w, https:\/\/holidayexcursion.com\/wp-content\/uploads\/2021\/12\/atv-safari-holiday-excursion-768x557.jpg 768w, https:\/\/holidayexcursion.com\/wp-content\/uploads\/2021\/12\/atv-safari-holiday-excursion-600x435.jpg 600w, https:\/\/holidayexcursion.com\/wp-content\/uploads\/2021\/12\/atv-safari-holiday-excursion.jpg 997w\" sizes=\"auto, (max-width: 300px) 100vw, 300px\" \/><\/p>\n<p style=\"text-align: center;\">2. Den inneren Entdecker entfesseln:<\/p>\n<p style=\"text-align: center;\">Alanya ist mit einer vielf\u00e4ltigen und beeindruckenden Naturlandschaft gesegnet. Eine Quad-Safari-Tour gibt Ihnen die M\u00f6glichkeit, die Grenzen traditioneller Touristenattraktionen zu verlassen und sich in das Herz der atemberaubenden Landschaft von Alanya zu wagen. W\u00e4hrend Sie durch Berge, W\u00e4lder und l\u00e4ndliche D\u00f6rfer fahren, werden Sie atemberaubende Panoramablicke erleben und unber\u00fchrte Landschaften entdecken, die f\u00fcr typische Touristen oft unzug\u00e4nglich sind.<\/p>\n<p style=\"text-align: center;\">3. Ausfl\u00fcge abseits der ausgetretenen Pfade:<\/p>\n<p style=\"text-align: center;\">Einer der Hauptvorteile einer Quad-Safari-Tour ist die M\u00f6glichkeit, abgelegene Gebiete und geheime Orte zu erreichen. Entfliehen Sie den Menschenmassen und tauchen Sie ein in die unber\u00fchrte Sch\u00f6nheit der verborgenen Sch\u00e4tze von Alanya. Flitzen Sie durch malerische Olivenhaine, \u00fcberqueren Sie schmale Feldwege und entdecken Sie einsame Buchten mit kristallklarem Wasser. Unter der F\u00fchrung eines sachkundigen Reisef\u00fchrers k\u00f6nnen Sie die bestgeh\u00fcteten Geheimnisse der Region entdecken und unvergessliche Erinnerungen schaffen.<\/p>\n<p style=\"text-align: center;\"><img loading=\"lazy\" decoding=\"async\" class=\"alignnone size-medium wp-image-26192\" src=\"https:\/\/holidayexcursion.com\/wp-content\/uploads\/2021\/12\/atv-safari-turu-Alanya-300x150.jpg\" alt=\"\" width=\"300\" height=\"150\" title=\"\" srcset=\"https:\/\/holidayexcursion.com\/wp-content\/uploads\/2021\/12\/atv-safari-turu-Alanya-300x150.jpg 300w, https:\/\/holidayexcursion.com\/wp-content\/uploads\/2021\/12\/atv-safari-turu-Alanya-600x300.jpg 600w, https:\/\/holidayexcursion.com\/wp-content\/uploads\/2021\/12\/atv-safari-turu-Alanya.jpg 700w\" sizes=\"auto, (max-width: 300px) 100vw, 300px\" \/><\/p>\n<p style=\"text-align: center;\">4. Umarmung von Gelassenheit und nat\u00fcrlicher Sch\u00f6nheit:<\/p>\n<p style=\"text-align: center;\">Alanyas nat\u00fcrliche Sch\u00f6nheit ist beeindruckend und eine Quad-Safari-Tour erm\u00f6glicht es Ihnen, vollst\u00e4ndig in ihre Pracht einzutauchen. Durchqueren Sie T\u00e4ler voller lebendiger Flora und Fauna, erleben Sie kaskadierende Wasserf\u00e4lle, die eine erfrischende Ruhepause bieten, und schl\u00e4ngeln Sie sich entlang von Fl\u00fcssen und B\u00e4chen, die sich durch die bezaubernde Landschaft schl\u00e4ngeln. Auf Schritt und Tritt erwarten Sie atemberaubende Ausblicke, die Ihnen den Atem rauben und zahlreiche M\u00f6glichkeiten f\u00fcr unvergessliche Fotos bieten.<\/p>\n<p style=\"text-align: center;\">5. Lokale Gastfreundschaft erleben:<\/p>\n<p style=\"text-align: center;\">Quad-Safari-Touren beinhalten oft Stopps in \u00f6rtlichen D\u00f6rfern, sodass Sie die Herzlichkeit und Gastfreundschaft der Region Alanya erleben k\u00f6nnen. Treten Sie mit Einheimischen in Kontakt, erfahren Sie mehr \u00fcber ihre Br\u00e4uche und Traditionen und genie\u00dfen Sie verschiedene traditionelle K\u00f6stlichkeiten. Dieser Aspekt der Tour verbessert nicht nur Ihr Verst\u00e4ndnis der lokalen Kultur, sondern stellt auch eine tiefere Verbindung zu den Orten her, die Sie besuchen.<\/p>\n<p style=\"text-align: center;\"><img loading=\"lazy\" decoding=\"async\" class=\"alignnone size-medium wp-image-26204\" src=\"https:\/\/holidayexcursion.com\/wp-content\/uploads\/2021\/12\/Quad-safari-alanya-300x169.jpg\" alt=\"\" width=\"300\" height=\"169\" title=\"\" srcset=\"https:\/\/holidayexcursion.com\/wp-content\/uploads\/2021\/12\/Quad-safari-alanya-300x169.jpg 300w, https:\/\/holidayexcursion.com\/wp-content\/uploads\/2021\/12\/Quad-safari-alanya-768x432.jpg 768w, https:\/\/holidayexcursion.com\/wp-content\/uploads\/2021\/12\/Quad-safari-alanya-1024x576.jpg 1024w, https:\/\/holidayexcursion.com\/wp-content\/uploads\/2021\/12\/Quad-safari-alanya-600x338.jpg 600w, https:\/\/holidayexcursion.com\/wp-content\/uploads\/2021\/12\/Quad-safari-alanya.jpg 1080w\" sizes=\"auto, (max-width: 300px) 100vw, 300px\" \/><\/p>\n<p style=\"text-align: center;\">Eine Quad-Safari-Tour in Alanya entf\u00fchrt Sie in ein aufregendes und unvergessliches Abenteuer durch die Naturwunder der Region. Es bietet eine Flucht aus den \u00fcblichen Touristenattraktionen und erm\u00f6glicht es Ihnen, in die raue und unber\u00fchrte Sch\u00f6nheit der Landschaft einzutauchen. Von atemberaubenden Ausblicken bis hin zu versteckten Sch\u00e4tzen bietet eine Quad-Safari-Tour ein unvergessliches Erlebnis, das Adrenalin, Erkundung und beeindruckende Natursch\u00f6nheit vereint. Machen Sie sich also bereit, steigen Sie auf ein Quad und lassen Sie sich von der atemberaubenden Landschaft Alanyas auf eine unvergessliche Entdeckungsreise entf\u00fchren.<\/p>\n<p style=\"text-align: center;\">Fahren Sie mit Ihrem eigenen Quad durch die gr\u00f6\u00dfte bewegte Schlamm- und Staubmasse der S\u00fcdt\u00fcrkei. Verbringen Sie \u00fcber 2 aufregende Stunden mit einer Fahrt durch die W\u00e4lder, tiefen T\u00e4ler und Wasserb\u00e4che des <a href=\"https:\/\/en.wikipedia.org\/wiki\/Taurus_Mountains\" rel=\"nofollow noopener\" target=\"_blank\">Taurus gebirges.<\/a><\/p>\n<p style=\"text-align: center;\">   <img loading=\"lazy\" decoding=\"async\" class=\"alignnone size-medium wp-image-26198\" src=\"https:\/\/holidayexcursion.com\/wp-content\/uploads\/2021\/12\/Quad-safari-alanya-holiday-excursion-1-300x225.jpg\" alt=\"\" width=\"300\" height=\"225\" title=\"\" srcset=\"https:\/\/holidayexcursion.com\/wp-content\/uploads\/2021\/12\/Quad-safari-alanya-holiday-excursion-1-300x225.jpg 300w, https:\/\/holidayexcursion.com\/wp-content\/uploads\/2021\/12\/Quad-safari-alanya-holiday-excursion-1-768x576.jpg 768w, https:\/\/holidayexcursion.com\/wp-content\/uploads\/2021\/12\/Quad-safari-alanya-holiday-excursion-1-600x450.jpg 600w, https:\/\/holidayexcursion.com\/wp-content\/uploads\/2021\/12\/Quad-safari-alanya-holiday-excursion-1.jpg 1024w\" sizes=\"auto, (max-width: 300px) 100vw, 300px\" \/><\/p>\n<p style=\"text-align: center;\">Genie\u00dfen Sie die neueste und adrenalingeladene Art, das Taurusgebirge zu erkunden, indem Sie auf ein Quad (ATV) springen. Fahren Sie mit unseren Quad-Touren ab Alanya, Side, Belek, Antalya &amp; Kemer Ihre ganz pers\u00f6nliche ultimative Spa\u00dfmaschine durch die gr\u00f6\u00dfte bewegte Schlamm- und Staubmasse der S\u00fcdt\u00fcrkei.<\/p>\n<p style=\"text-align: center;\">Sie werden \u00fcber zwei Stunden damit verbringen, die nat\u00fcrliche Umgebung zu erkunden und viele historische Sehensw\u00fcrdigkeiten von unserem freundlichen und professionellen Reiseleiter an Bord Ihres ATV-Fahrrads kennenzulernen. Sie fahren mit Ihrem Quad durch herrliche Natur, Kiefernw\u00e4lder und schlammige B\u00e4che f\u00fcr ein einzigartiges Erlebnis des Taurusgebirges. Laub- und Nadelb\u00e4ume, tiefe T\u00e4ler, Wasserb\u00e4che und Wasserf\u00e4lle machen das Taurusgebirge zu einem Ort von unvergleichlicher Sch\u00f6nheit.<\/p>\n<p style=\"text-align: center;\">Sie ben\u00f6tigen keine Vorkenntnisse im Quadfahren oder einen F\u00fchrerschein. Nach nur einem kurzen Tutorial und ein wenig \u00dcbung sind Sie bereit, diesen Adrenalinschub Ihres Lebens sicher zu starten!<\/p>\n<p style=\"text-align: center;\">Preis inbegriffen:<\/p>\n<p style=\"text-align: center;\">Abholung und R\u00fcckgabe von \/ zu Hotels.<br \/>\nF\u00fchrung<br \/>\nQuadtour von ca. 2,5 Stunden (22 &#8211; 27 km)<\/p>\n<p style=\"text-align: center;\">Preis NICHT enthalten:<\/p>\n<p style=\"text-align: center;\">Essen, Getr\u00e4nke und pers\u00f6nliche Ausgaben.<br \/>\nFotos und Videos.<br \/>\nGesichtsmaske (Anti-Staub).<br \/>\nWeitere Informationen:<br \/>\nUnsere Quad-Tour ist ab 16 Jahren m\u00f6glich. Wenn Sie unter 16 Jahre alt sind, k\u00f6nnen Sie an unserer Quad-Tour teilnehmen, jedoch als Beifahrer und m\u00fcssen von den Eltern oder einem Erziehungsberechtigten begleitet werden. Auch Kinder unter 11 Jahren k\u00f6nnen unter der Verantwortung der Eltern auf dem Beifahrersitz teilnehmen.<br \/>\nJede Quad-Tour dauert ungef\u00e4hr 2 Stunden*<br \/>\nDie 2-st\u00fcndige Zeit beinhaltet Pausen zum Schwimmen und Fotografieren.<\/p>\n<p style=\"text-align: center;\">Wir w\u00fcnschen Ihnen unvergessliche Erinnerungen w\u00e4hrend Ihres Urlaubs in Alanya, T\u00fcrkei.<\/p>\n<p style=\"text-align: center;\">Ps: F\u00fcr weitere Informationen k\u00f6nnen Sie uns auch per Whats-App-Anruf oder Nachricht kontaktieren.<\/p>\n<p style=\"text-align: center;\">Holiday Excursion team,<\/p>\n<p><iframe loading=\"lazy\" title=\"Alanya ATV Safari\" width=\"1020\" height=\"574\" src=\"https:\/\/www.youtube.com\/embed\/hjSzheWxL9I?feature=oembed\" frameborder=\"0\" allow=\"accelerometer; autoplay; clipboard-write; encrypted-media; gyroscope; picture-in-picture; web-share\" allowfullscreen><\/iframe><\/p>\n<p><iframe loading=\"lazy\" title=\"Alanya Quad Safari\" width=\"1020\" height=\"574\" src=\"https:\/\/www.youtube.com\/embed\/7LhjfPZnik0?start=78&#038;feature=oembed\" frameborder=\"0\" allow=\"accelerometer; autoplay; clipboard-write; encrypted-media; gyroscope; picture-in-picture; web-share\" allowfullscreen><\/iframe><\/p>\n","protected":false},"excerpt":{"rendered":"<p>Quad Safari tours Erkunden Sie die nat\u00fcrliche Sch\u00f6nheit des t\u00fcrkischen Alanya auf einer Quad Safari Tour Alanya liegt an der S\u00fcdk\u00fcste der t\u00fcrkischen Provinz Antalya und ist ein Reiseziel, das f\u00fcr seine atemberaubenden Landschaften, t\u00fcrkisfarbenen Gew\u00e4sser und sein reiches kulturelles Erbe bekannt ist. W\u00e4hrend es verschiedene M\u00f6glichkeiten gibt, diese wundersch\u00f6ne Region zu erkunden, bietet eine<\/p>\n","protected":false},"featured_media":6754,"comment_status":"open","ping_status":"closed","template":"","meta":[],"product_brand":[],"product_cat":[110],"product_tag":[],"class_list":{"0":"post-5216","1":"product","2":"type-product","3":"status-publish","4":"has-post-thumbnail","6":"product_cat-touren","8":"first","9":"instock","10":"featured","11":"virtual","12":"sold-individually","13":"purchasable","14":"product-type-booking"},"_links":{"self":[{"href":"https:\/\/holidayexcursion.com\/de\/wp-json\/wp\/v2\/product\/5216","targetHints":{"allow":["GET"]}}],"collection":[{"href":"https:\/\/holidayexcursion.com\/de\/wp-json\/wp\/v2\/product"}],"about":[{"href":"https:\/\/holidayexcursion.com\/de\/wp-json\/wp\/v2\/types\/product"}],"replies":[{"embeddable":true,"href":"https:\/\/holidayexcursion.com\/de\/wp-json\/wp\/v2\/comments?post=5216"}],"wp:featuredmedia":[{"embeddable":true,"href":"https:\/\/holidayexcursion.com\/de\/wp-json\/wp\/v2\/media\/6754"}],"wp:attachment":[{"href":"https:\/\/holidayexcursion.com\/de\/wp-json\/wp\/v2\/media?parent=5216"}],"wp:term":[{"taxonomy":"product_brand","embeddable":true,"href":"https:\/\/holidayexcursion.com\/de\/wp-json\/wp\/v2\/product_brand?post=5216"},{"taxonomy":"product_cat","embeddable":true,"href":"https:\/\/holidayexcursion.com\/de\/wp-json\/wp\/v2\/product_cat?post=5216"},{"taxonomy":"product_tag","embeddable":true,"href":"https:\/\/holidayexcursion.com\/de\/wp-json\/wp\/v2\/product_tag?post=5216"}],"curies":[{"name":"wp","href":"https:\/\/api.w.org\/{rel}","templated":true}]}}