{"id":5217,"date":"2021-12-03T09:36:13","date_gmt":"2021-12-06T22:05:10","guid":{"rendered":"http:\/\/holidayexcursion.com\/excursions-in-alanya\/unkategorisiert\/kappadokien-tour\/"},"modified":"2023-12-02T18:04:44","modified_gmt":"2023-12-02T15:04:44","slug":"kappadokien-tour","status":"publish","type":"product","link":"https:\/\/holidayexcursion.com\/de\/tours-in-alanya\/touren\/kappadokien-tour\/","title":{"rendered":"Kappadokien-Tour 2 Tage"},"content":{"rendered":"<h2 class=\"uppercase\" style=\"text-align: center;\">Kappadokien-Tour 2 Tage<\/h2>\n<p style=\"text-align: center;\"><strong>Enth\u00fcllung der bezaubernden Wunder Kappadokiens: Ein unvergessliches Tourerlebnis<\/strong><\/p>\n<p style=\"text-align: center;\"><a href=\"https:\/\/en.wikipedia.org\/wiki\/Cappadocia\" rel=\"nofollow noopener\" target=\"_blank\">Kappadokien<\/a> liegt im Herzen der T\u00fcrkei und ist ein einzigartiges und magisches Reiseziel, das Reisende aus der ganzen Welt in seinen Bann zieht. Mit seinen surrealen Landschaften, alten H\u00f6hlenwohnungen und dem mit Hei\u00dfluftballons gef\u00fcllten Himmel verspricht eine Tour durch Kappadokien ein unvergessliches Erlebnis. Begleiten Sie uns auf unserer Kappadokien-Tour auf eine Reise, um die verborgenen Sch\u00e4tze und die reiche Geschichte zu erkunden, die Kappadokien zu einem Muss f\u00fcr einen Besuch machen.<\/p>\n<p>\u00a0 \u00a0 \u00a0 \u00a0 \u00a0 \u00a0 \u00a0 \u00a0 \u00a0 \u00a0 \u00a0 \u00a0 \u00a0 \u00a0 \u00a0 \u00a0 \u00a0 \u00a0 \u00a0 \u00a0 \u00a0 \u00a0 \u00a0 \u00a0 \u00a0 \u00a0 \u00a0 \u00a0 \u00a0 \u00a0 \u00a0<img loading=\"lazy\" decoding=\"async\" class=\"size-medium wp-image-3888\" src=\"https:\/\/holidayexcursion.com\/wp-content\/uploads\/2021\/12\/cappodocia-tour3-300x200.webp\" alt=\"Kappadokien-Tour\" width=\"300\" height=\"200\" title=\"\" srcset=\"https:\/\/holidayexcursion.com\/wp-content\/uploads\/2021\/12\/cappodocia-tour3-300x200.webp 300w, https:\/\/holidayexcursion.com\/wp-content\/uploads\/2021\/12\/cappodocia-tour3-768x512.webp 768w, https:\/\/holidayexcursion.com\/wp-content\/uploads\/2021\/12\/cappodocia-tour3-1024x683.webp 1024w, https:\/\/holidayexcursion.com\/wp-content\/uploads\/2021\/12\/cappodocia-tour3-600x400.webp 600w, https:\/\/holidayexcursion.com\/wp-content\/uploads\/2021\/12\/cappodocia-tour3.webp 1440w\" sizes=\"auto, (max-width: 300px) 100vw, 300px\" \/><\/p>\n<p style=\"text-align: center;\">1. Erkundung der Feenkamine:<\/p>\n<p style=\"text-align: center;\">Kappadokiens ikonische Feenkamine sind eines der markantesten Merkmale der Region. Diese hoch aufragenden Felsformationen, die durch jahrhundertelange nat\u00fcrliche Erosion geformt wurden, \u00e4hneln Schornsteinen oder sogar skurrilen Kreaturen. Eine Kappadokien-Tour beinhaltet oft einen Besuch im G\u00f6reme-Freilichtmuseum, wo Sie einige der alten H\u00f6hlenkirchen erkunden k\u00f6nnen, die mit lebendigen Fresken geschm\u00fcckt sind. Ein Spaziergang zwischen diesen faszinierenden Feenschornsteinen ist wie das Betreten einer m\u00e4rchenhaften Welt, die Sie in Erstaunen versetzen wird.<\/p>\n<p style=\"text-align: center;\"><img loading=\"lazy\" decoding=\"async\" class=\"size-medium wp-image-3887 aligncenter\" src=\"https:\/\/holidayexcursion.com\/wp-content\/uploads\/2021\/12\/cappodocia-tour2-300x159.webp\" alt=\"Kappadokien-Tour\" width=\"300\" height=\"159\" title=\"\" srcset=\"https:\/\/holidayexcursion.com\/wp-content\/uploads\/2021\/12\/cappodocia-tour2-300x159.webp 300w, https:\/\/holidayexcursion.com\/wp-content\/uploads\/2021\/12\/cappodocia-tour2-768x407.webp 768w, https:\/\/holidayexcursion.com\/wp-content\/uploads\/2021\/12\/cappodocia-tour2-600x318.webp 600w, https:\/\/holidayexcursion.com\/wp-content\/uploads\/2021\/12\/cappodocia-tour2.webp 850w\" sizes=\"auto, (max-width: 300px) 100vw, 300px\" \/><\/p>\n<p style=\"text-align: center;\">2. Entdecken Sie die unterirdischen St\u00e4dte Kappadokiens:<\/p>\n<p style=\"text-align: center;\">Bei einem Ausflug in die alten unterirdischen St\u00e4dte Kappadokiens entdecken Sie eine verborgene, geschichtstr\u00e4chtige Welt. Diese riesigen unterirdischen Netzwerke waren einst gesch\u00e4ftige Gemeinschaften und boten den fr\u00fchen christlichen Bewohnern Schutz und Schutz vor Eindringlingen. Derinkuyu und Kaymakl\u0131 sind zwei der beeindruckendsten unterirdischen St\u00e4dte, die w\u00e4hrend einer Kappadokien-Tour erkundet werden k\u00f6nnen. Die Erkundung ihrer komplizierten Tunnel, Wohnr\u00e4ume, Kirchen und L\u00fcftungssysteme bietet einen einzigartigen Einblick in den Einfallsreichtum antiker Zivilisationen.<\/p>\n<p style=\"text-align: center;\"><img loading=\"lazy\" decoding=\"async\" class=\"size-medium wp-image-3892 aligncenter\" src=\"https:\/\/holidayexcursion.com\/wp-content\/uploads\/2021\/12\/cappodocia-tour7-300x210.webp\" alt=\"Kappadokien-Tour\" width=\"300\" height=\"210\" title=\"\" srcset=\"https:\/\/holidayexcursion.com\/wp-content\/uploads\/2021\/12\/cappodocia-tour7-300x210.webp 300w, https:\/\/holidayexcursion.com\/wp-content\/uploads\/2021\/12\/cappodocia-tour7-768x538.webp 768w, https:\/\/holidayexcursion.com\/wp-content\/uploads\/2021\/12\/cappodocia-tour7-600x420.webp 600w, https:\/\/holidayexcursion.com\/wp-content\/uploads\/2021\/12\/cappodocia-tour7.webp 800w\" sizes=\"auto, (max-width: 300px) 100vw, 300px\" \/><\/p>\n<p style=\"text-align: center;\">3. Mit einer <a href=\"https:\/\/en.wikipedia.org\/wiki\/Hot_air_balloon\" rel=\"nofollow noopener\" target=\"_blank\">Hei\u00df luftballon<\/a> fahrt in die H\u00f6he schweben:<\/p>\n<p style=\"text-align: center;\">Eines der au\u00dfergew\u00f6hnlichsten Erlebnisse in Kappadokien ist der Aufstieg in einem Hei\u00dfluftballon bei Sonnenaufgang. W\u00e4hrend Ihr Ballon sanft aufsteigt, werden Sie von einem atemberaubenden Panorama der einzigartigen Landschaft Kappadokiens begr\u00fc\u00dft: einem Meer aus Feenschornsteinen, alten H\u00f6hlenwohnungen und Patchwork-Feldern. Die bunten Luftballons am Himmel sorgen f\u00fcr einen surrealen und bildsch\u00f6nen Moment. Wenn Sie die friedliche Ruhe von oben genie\u00dfen, werden Sie verstehen, warum Kappadokiens Hei\u00dfluftballonfahrten weltber\u00fchmt sind.<\/p>\n<p style=\"text-align: center;\"><img loading=\"lazy\" decoding=\"async\" class=\"size-medium wp-image-3893 aligncenter\" src=\"https:\/\/holidayexcursion.com\/wp-content\/uploads\/2021\/12\/cappodocia-tour8-300x165.webp\" alt=\"Kappadokien-Tour\" width=\"300\" height=\"165\" title=\"\" srcset=\"https:\/\/holidayexcursion.com\/wp-content\/uploads\/2021\/12\/cappodocia-tour8-300x165.webp 300w, https:\/\/holidayexcursion.com\/wp-content\/uploads\/2021\/12\/cappodocia-tour8.webp 457w\" sizes=\"auto, (max-width: 300px) 100vw, 300px\" \/><\/p>\n<p style=\"text-align: center;\">4. Spaziergang durch H\u00f6hlenwohnungen und Felsenkirchen:<\/p>\n<p style=\"text-align: center;\">Kappadokien ist ber\u00fchmt f\u00fcr seine H\u00f6hlenwohnungen, die vor Ort als \u201eFeenkamine\u201c bekannt sind und vor Jahrhunderten als Wohnh\u00e4user und Klosteranlagen dienten. W\u00e4hrend Ihrer Kappadokien-Tour haben Sie die M\u00f6glichkeit, diese faszinierenden H\u00f6hlen zu erkunden. Bewundern Sie die aufwendigen Schnitzereien, Fresken und das einzigartige architektonische Design, das die reiche Geschichte und das kulturelle Erbe der Region widerspiegelt. Verpassen Sie nicht die Gelegenheit, die verschiedenen Felsenkirchen zu erkunden, wie die Dunkle Kirche und die Tokali-Kirche, die mit atemberaubender Kunst aus der byzantinischen Zeit aufwarten.<\/p>\n<p style=\"text-align: center;\"><img loading=\"lazy\" decoding=\"async\" class=\"size-medium wp-image-3890 aligncenter\" src=\"https:\/\/holidayexcursion.com\/wp-content\/uploads\/2021\/12\/cappodocia-tour5-300x210.webp\" alt=\"Kappadokien-Tour\" width=\"300\" height=\"210\" title=\"\" srcset=\"https:\/\/holidayexcursion.com\/wp-content\/uploads\/2021\/12\/cappodocia-tour5-300x210.webp 300w, https:\/\/holidayexcursion.com\/wp-content\/uploads\/2021\/12\/cappodocia-tour5-768x538.webp 768w, https:\/\/holidayexcursion.com\/wp-content\/uploads\/2021\/12\/cappodocia-tour5-600x420.webp 600w, https:\/\/holidayexcursion.com\/wp-content\/uploads\/2021\/12\/cappodocia-tour5.webp 800w\" sizes=\"auto, (max-width: 300px) 100vw, 300px\" \/><\/p>\n<p style=\"text-align: center;\">5. Lokale K\u00f6stlichkeiten genie\u00dfen und t\u00fcrkische Gastfreundschaft erleben:<\/p>\n<p style=\"text-align: center;\">Kappadokien ist nicht nur ein optisches Wunder, sondern auch ein Genuss f\u00fcr die Geschmacksknospen. Nutzen Sie die Gelegenheit, traditionelle t\u00fcrkische K\u00fcche in lokalen Restaurants zu probieren, die oft Gerichte wie Manti (t\u00fcrkische Kn\u00f6del), Kebabs und B\u00f6rek (herzhaftes Geb\u00e4ck) servieren. Tauchen Sie au\u00dferdem in die t\u00fcrkische Gastfreundschaft ein und \u00fcbernachten Sie in einem der charmanten H\u00f6hlenhotels in der Region, wo die herzlichen und freundlichen Gastgeber daf\u00fcr sorgen, dass Sie sich wie zu Hause f\u00fchlen.<\/p>\n<p style=\"text-align: center;\"><img loading=\"lazy\" decoding=\"async\" class=\"alignnone size-medium wp-image-26381 aligncenter\" src=\"https:\/\/holidayexcursion.com\/wp-content\/uploads\/2021\/12\/kapadokya-tour-300x169.jpg\" alt=\"\" width=\"300\" height=\"169\" title=\"\" srcset=\"https:\/\/holidayexcursion.com\/wp-content\/uploads\/2021\/12\/kapadokya-tour-300x169.jpg 300w, https:\/\/holidayexcursion.com\/wp-content\/uploads\/2021\/12\/kapadokya-tour-768x432.jpg 768w, https:\/\/holidayexcursion.com\/wp-content\/uploads\/2021\/12\/kapadokya-tour-1024x576.jpg 1024w, https:\/\/holidayexcursion.com\/wp-content\/uploads\/2021\/12\/kapadokya-tour-600x338.jpg 600w, https:\/\/holidayexcursion.com\/wp-content\/uploads\/2021\/12\/kapadokya-tour.jpg 1200w\" sizes=\"auto, (max-width: 300px) 100vw, 300px\" \/><\/p>\n<p style=\"text-align: center;\">Eine Kappadokien-<a href=\"https:\/\/holidayexcursion.com\/tours-in-alanya\/tours\/pamukkale-tour\/\">Tour<\/a> ist ein ganz besonderes Erlebnis, das einen unausl\u00f6schlichen Eindruck in Ihren Reiseerinnerungen hinterlassen wird. Von der Erkundung der einzigartigen Feenkamine und unterirdischen St\u00e4dte bis hin zum Aufstieg \u00fcber die malerischen Landschaften in einem Hei\u00dfluftballon ist jeder Moment auf der Kappadokien-Tour voller Staunen und Ehrfurcht. Lassen Sie sich von der nat\u00fcrlichen Sch\u00f6nheit, der reichen Geschichte und der herzlichen Gastfreundschaft der Region verzaubern, w\u00e4hrend Sie sich auf eine Reise Ihres Lebens in diesem faszinierenden Reiseziel begeben.<\/p>\n<div style=\"text-align: center;\">\n<p><strong>KAPPADOKIEN 2-T\u00c4GIGES TOUR-PROGRAMM<\/strong> <strong>TAG 1:<\/strong><\/p>\n<div>\n<div>* Abholung von den Hotels und Apartments in Alanya<\/div>\n<div>* Fr\u00fchst\u00fcckspause, Mittagspause, Pigeon Valley<\/div>\n<div>* Panorama pause am Fu\u00dfe der Burg Uchhisar<\/div>\n<div>* Besuch des G\u00f6reme-Freilicht museums, Love Valley<\/div>\n<div>* Besuch der T\u00f6pfer- und Keramik werkstatt im Tal \u0130magination (Dervent).<\/div>\n<div>* T\u00fcrkischer K\u00f6stlichkeits laden, Ankunft und Unterbringung im 4-Sterne-Hotel.<\/div>\n<div>* Abendessen im Hotel, Entspannen im Hotel oder Teilnahme an einer t\u00fcrkischen Abendshow (optionales Extra)<\/div>\n<\/div>\n<div><\/div>\n<div><strong>TAG 2:<\/strong><\/div>\n<div>\n<div>* Ballon beobachtung oder Ballon fahrt tour (beides optional)<\/div>\n<div>* Fr\u00fchst\u00fcck im Hotel, Check-out und Abreise aus dem Hotel<\/div>\n<div>* Besuchen Sie die Onyx-Werkstatt und das unterirdische Stadtmuseum von Saratl\u0131<\/div>\n<div>* Pause nach Bedarf, Mittagessen in Konya, Pause nach Bedarf<\/div>\n<div>* R\u00fcckgabe von Hotels und Apartments in Alanya und Umgebung.<\/div>\n<\/div>\n<\/div>\n<div style=\"text-align: center;\"><\/div>\n<div style=\"text-align: center;\"><strong>IM PREIS INBEGRIFFEN:<\/strong><\/div>\n<div style=\"text-align: center;\">* Abholung\/R\u00fcckgabe von Hotels und Apartments in Alanya und Umgebung<\/div>\n<div style=\"text-align: center;\">* Professioneller Reiseleiter, \u00dcbernachtung in einem Vier-Sterne-Hotel (<a href=\"https:\/\/floriacappadocia.com\/\" rel=\"nofollow noopener\" target=\"_blank\">Floria Hotel Cappadocia<\/a>) or (<a href=\"https:\/\/suhankapadokya.com\/\" rel=\"nofollow noopener\" target=\"_blank\">Suhan Hotel Cappadocia<\/a> ) mit Halbpension (1 dinner+1 breakfast)<\/div>\n<div style=\"text-align: center;\">* Alle Eintritts preise<\/div>\n<div style=\"text-align: center;\"><\/div>\n<div style=\"text-align: center;\"><strong>OPTIONALE EXTRAS:<\/strong><\/div>\n<div style=\"text-align: center;\">* Mittagessen in den Restaurants unterwegs (2 Mal)<\/div>\n<div style=\"text-align: center;\">* Fr\u00fchst\u00fcck am ersten Tag der Tour (Sie k\u00f6nnen an der Rezeption Ihres Hotels nach einem Fr\u00fchst\u00fccks paket fragen oder es im Restaurant kaufen, in dem wir eine Pause einlegen werden)<\/div>\n<div style=\"text-align: center;\">* T\u00fcrkischer Abend, Derwisch show, Ballon tour und Ballon beobachtungs tour, alle Getr\u00e4nke, G\u00f6reme-Freilicht museum<\/div>\n<div style=\"text-align: center;\"><\/div>\n<div style=\"text-align: center;\"><strong>ZUS\u00c4TZLICHE INFOS &amp; TIPPS:<\/strong><\/div>\n<div style=\"text-align: center;\">* Das Mevlana (Rumi) Museum in der Stadt Konya ist kein zweit\u00e4giges Kappadokien-Tourprogramm.<\/div>\n<div style=\"text-align: center;\">* Einzel zimmer im Hotel &#8211; 25 EUR pro Nacht (Wenn Sie eine Person sind und in einem Einzel zimmer \u00fcbernachten m\u00f6chten)<\/div>\n<div style=\"text-align: center;\">* Nehmen Sie Ihre Kamera und Ihr Mobil telefon mit.<\/div>\n<div style=\"text-align: center;\">* Das Wetter in Kappadokien ist k\u00fchler\/k\u00e4lter als in Alanya. Bitte je nach Jahres zeit tragen<\/div>\n<div style=\"text-align: center;\"><\/div>\n<p style=\"text-align: center;\">Wir w\u00fcnschen Ihnen unvergessliche Erinnerungen w\u00e4hrend Ihres Urlaubs in der T\u00fcrkei.<\/p>\n<p style=\"text-align: center;\">Ps: F\u00fcr weitere Informationen k\u00f6nnen Sie uns auch per Whats-App-Anruf oder Nachricht kontaktieren.<\/p>\n<p style=\"text-align: center;\">Holiday Excursion team,<\/p>\n<p><iframe loading=\"lazy\" title=\"Mevlana T\u00fcrbesi Ve M\u00fczesi - Konya\" width=\"1020\" height=\"574\" src=\"https:\/\/www.youtube.com\/embed\/b69EGLsWmfU?feature=oembed\" frameborder=\"0\" allow=\"accelerometer; autoplay; clipboard-write; encrypted-media; gyroscope; picture-in-picture; web-share\" allowfullscreen><\/iframe><\/p>\n<p><iframe loading=\"lazy\" title=\"Kapadokya Tan\u0131t\u0131m Filmi-2015 (Cappadocia)\" width=\"1020\" height=\"574\" src=\"https:\/\/www.youtube.com\/embed\/ByeNGYfoBYA?feature=oembed\" frameborder=\"0\" allow=\"accelerometer; autoplay; clipboard-write; encrypted-media; gyroscope; picture-in-picture; web-share\" allowfullscreen><\/iframe><\/p>\n<p><iframe loading=\"lazy\" title=\"KAPADOKYA HD CAPPADOCIA HD by Galip Hasan Temur\" width=\"1020\" height=\"574\" src=\"https:\/\/www.youtube.com\/embed\/7mRGItobR2U?feature=oembed\" frameborder=\"0\" allow=\"accelerometer; autoplay; clipboard-write; encrypted-media; gyroscope; picture-in-picture; web-share\" allowfullscreen><\/iframe><\/p>\n","protected":false},"excerpt":{"rendered":"<p>Kappadokien-Tour 2 Tage Enth\u00fcllung der bezaubernden Wunder Kappadokiens: Ein unvergessliches Tourerlebnis Kappadokien liegt im Herzen der T\u00fcrkei und ist ein einzigartiges und magisches Reiseziel, das Reisende aus der ganzen Welt in seinen Bann zieht. Mit seinen surrealen Landschaften, alten H\u00f6hlenwohnungen und dem mit Hei\u00dfluftballons gef\u00fcllten Himmel verspricht eine Tour durch Kappadokien ein unvergessliches Erlebnis. Begleiten<\/p>\n","protected":false},"featured_media":4825,"comment_status":"open","ping_status":"closed","template":"","meta":[],"product_brand":[],"product_cat":[110],"product_tag":[],"class_list":{"0":"post-5217","1":"product","2":"type-product","3":"status-publish","4":"has-post-thumbnail","6":"product_cat-touren","8":"first","9":"instock","10":"featured","11":"virtual","12":"sold-individually","13":"purchasable","14":"product-type-booking"},"_links":{"self":[{"href":"https:\/\/holidayexcursion.com\/de\/wp-json\/wp\/v2\/product\/5217","targetHints":{"allow":["GET"]}}],"collection":[{"href":"https:\/\/holidayexcursion.com\/de\/wp-json\/wp\/v2\/product"}],"about":[{"href":"https:\/\/holidayexcursion.com\/de\/wp-json\/wp\/v2\/types\/product"}],"replies":[{"embeddable":true,"href":"https:\/\/holidayexcursion.com\/de\/wp-json\/wp\/v2\/comments?post=5217"}],"wp:featuredmedia":[{"embeddable":true,"href":"https:\/\/holidayexcursion.com\/de\/wp-json\/wp\/v2\/media\/4825"}],"wp:attachment":[{"href":"https:\/\/holidayexcursion.com\/de\/wp-json\/wp\/v2\/media?parent=5217"}],"wp:term":[{"taxonomy":"product_brand","embeddable":true,"href":"https:\/\/holidayexcursion.com\/de\/wp-json\/wp\/v2\/product_brand?post=5217"},{"taxonomy":"product_cat","embeddable":true,"href":"https:\/\/holidayexcursion.com\/de\/wp-json\/wp\/v2\/product_cat?post=5217"},{"taxonomy":"product_tag","embeddable":true,"href":"https:\/\/holidayexcursion.com\/de\/wp-json\/wp\/v2\/product_tag?post=5217"}],"curies":[{"name":"wp","href":"https:\/\/api.w.org\/{rel}","templated":true}]}}