{"id":5236,"date":"2021-12-03T09:34:08","date_gmt":"2021-12-06T22:05:13","guid":{"rendered":"http:\/\/holidayexcursion.com\/excursions-in-alanya\/unkategorisiert\/starcraft-bootsparty-tour\/"},"modified":"2024-03-18T21:27:24","modified_gmt":"2024-03-18T18:27:24","slug":"starcraft","status":"publish","type":"product","link":"https:\/\/holidayexcursion.com\/de\/tours-in-alanya\/touren\/starcraft\/","title":{"rendered":"Starcraft Party Boots tour"},"content":{"rendered":"<h2 style=\"text-align: center;\">STARCRAFT PARTY BOOTS TOUR<\/h2>\n<p style=\"text-align: center;\">Starcraft party <a href=\"https:\/\/holidayexcursion.com\/tours-in-alanya\/tours\/boat\/\">Boots tour<\/a> in Alanya: Erkunden Sie die ruhige K\u00fcste und das kristallklare Wasser<\/p>\n<p style=\"text-align: center;\">Alanya liegt an der glitzernden t\u00fcrkischen Riviera und begeistert Besucher mit seinen idyllischen Str\u00e4nden, historischen Sehensw\u00fcrdigkeiten und atemberaubender Natursch\u00f6nheit. Eine der besten M\u00f6glichkeiten, in die Pracht dieses K\u00fcstenjuwels einzutauchen, ist eine <a href=\"https:\/\/en.wikipedia.org\/wiki\/Alanya\" rel=\"nofollow noopener\" target=\"_blank\">Alanya<\/a> Starcraft-Boots tour. Bei dieser Urlaubsausflugstour nehmen wir Sie mit auf eine virtuelle Reise und stellen Ihnen die Freuden und Attraktionen einer Alanya Starcraft Party Boots vor, von der malerischen K\u00fcste bis hin zu versteckten H\u00f6hlen und faszinierenden Schnorchelpl\u00e4tzen.<\/p>\n<p><img loading=\"lazy\" decoding=\"async\" class=\"wp-image-4040 aligncenter\" src=\"https:\/\/holidayexcursion.com\/wp-content\/uploads\/2021\/12\/starcraft-party-boat-1-150x150.webp\" alt=\"Starcraft Partyboot\" width=\"304\" height=\"304\" title=\"\" srcset=\"https:\/\/holidayexcursion.com\/wp-content\/uploads\/2021\/12\/starcraft-party-boat-1-150x150.webp 150w, https:\/\/holidayexcursion.com\/wp-content\/uploads\/2021\/12\/starcraft-party-boat-1-300x300.webp 300w, https:\/\/holidayexcursion.com\/wp-content\/uploads\/2021\/12\/starcraft-party-boat-1-768x768.webp 768w, https:\/\/holidayexcursion.com\/wp-content\/uploads\/2021\/12\/starcraft-party-boat-1-1024x1024.webp 1024w, https:\/\/holidayexcursion.com\/wp-content\/uploads\/2021\/12\/starcraft-party-boat-1-1536x1536.webp 1536w, https:\/\/holidayexcursion.com\/wp-content\/uploads\/2021\/12\/starcraft-party-boat-1-600x600.webp 600w, https:\/\/holidayexcursion.com\/wp-content\/uploads\/2021\/12\/starcraft-party-boat-1-100x100.webp 100w, https:\/\/holidayexcursion.com\/wp-content\/uploads\/2021\/12\/starcraft-party-boat-1.webp 2000w\" sizes=\"auto, (max-width: 304px) 100vw, 304px\" \/><\/p>\n<p style=\"text-align: center;\">Alanya liegt in der t\u00fcrkischen Provinz Antalya und bietet eine perfekte Mischung aus Geschichte, Kultur und Naturwundern. Die Stadt verf\u00fcgt \u00fcber ein reiches Erbe, das bis in die Antike zur\u00fcckreicht, und zeichnet sich durch ihre mittelalterliche Festung aus, die als Alanya-Burg bekannt ist und hoch auf einem H\u00fcgel mit Blick auf das azurblaue Mittelmeer liegt. Die wundersch\u00f6nen Str\u00e4nde, das pulsierende Nachtleben und die k\u00f6stliche lokale K\u00fcche machen Alanya zu einem beliebten Reiseziel f\u00fcr Reisende aus aller Welt.<\/p>\n<p style=\"text-align: center;\">2. H\u00f6hepunkte einer Alanya Starcraft-Bootstour:<\/p>\n<p style=\"text-align: center;\">a) Erkundung der K\u00fcste:<br \/>\nWenn Sie sich auf eine Alanya Starcraft Party Boots tour begeben, k\u00f6nnen Sie die atemberaubende K\u00fcste voller versteckter Buchten, einsamer Str\u00e4nde und beeindruckender Klippen entdecken. Terwijl u langs het kristalheldere water vaart, heeft u de mogelijkheid om te ontspannen aan dek, te genieten van de warme zon en te genieten van het adembenemende uitzicht op de pittoreske kustlijn van Alanya.<\/p>\n<p style=\"text-align: center;\"><img loading=\"lazy\" decoding=\"async\" class=\"size-medium wp-image-4044 aligncenter\" src=\"https:\/\/holidayexcursion.com\/wp-content\/uploads\/2021\/12\/starcraft-party-boat-5-150x150.webp\" alt=\"Starcraft Partyboot\" width=\"300\" height=\"300\" title=\"\" srcset=\"https:\/\/holidayexcursion.com\/wp-content\/uploads\/2021\/12\/starcraft-party-boat-5-150x150.webp 150w, https:\/\/holidayexcursion.com\/wp-content\/uploads\/2021\/12\/starcraft-party-boat-5-300x300.webp 300w, https:\/\/holidayexcursion.com\/wp-content\/uploads\/2021\/12\/starcraft-party-boat-5-768x768.webp 768w, https:\/\/holidayexcursion.com\/wp-content\/uploads\/2021\/12\/starcraft-party-boat-5-1024x1024.webp 1024w, https:\/\/holidayexcursion.com\/wp-content\/uploads\/2021\/12\/starcraft-party-boat-5-1536x1536.webp 1536w, https:\/\/holidayexcursion.com\/wp-content\/uploads\/2021\/12\/starcraft-party-boat-5-600x600.webp 600w, https:\/\/holidayexcursion.com\/wp-content\/uploads\/2021\/12\/starcraft-party-boat-5-100x100.webp 100w, https:\/\/holidayexcursion.com\/wp-content\/uploads\/2021\/12\/starcraft-party-boat-5.webp 2000w\" sizes=\"auto, (max-width: 300px) 100vw, 300px\" \/><\/p>\n<p style=\"text-align: center;\">b) Besuch der alten Werft:<br \/>\nEine Alanya Starcraft Party Boots tour beinhaltet oft einen Stopp an der alten Werft, die als Roter Turm bekannt ist. Dieses historische Wahrzeichen stammt aus dem 13. Jahrhundert und diente w\u00e4hrend der byzantinischen und osmanischen Zeit als wichtiger Marinest\u00fctzpunkt. Besucher k\u00f6nnen die Werft erkunden, mehr \u00fcber ihre faszinierende Geschichte erfahren und vom Turm aus einen Panoramablick auf die Stadt genie\u00dfen.<\/p>\n<p style=\"text-align: center;\">c) Piratenh\u00f6hlen entdecken:<br \/>\nAlanya ist bekannt f\u00fcr seine faszinierenden Piratenh\u00f6hlen, die jeder Bootstour ein geheimnisvolles und faszinierendes Element verleihen. Diese nat\u00fcrlichen H\u00f6hlen galten einst als Verstecke f\u00fcr Piraten, die Zuflucht suchten und ihre Sch\u00e4tze lagerten. Heute k\u00f6nnen Besucher diese bezaubernden H\u00f6hlen erkunden, ihre einzigartigen Felsformationen bestaunen und sich die Geschichten \u00fcber verwegene Abenteuer vorstellen, die sich in ihren Tiefen abspielten.<\/p>\n<p style=\"text-align: center;\"><img loading=\"lazy\" decoding=\"async\" class=\"size-medium wp-image-4046 aligncenter\" src=\"https:\/\/holidayexcursion.com\/wp-content\/uploads\/2021\/12\/starcraft-party-boat-7-150x150.webp\" alt=\"Starcraft Partyboot\" width=\"300\" height=\"300\" title=\"\" srcset=\"https:\/\/holidayexcursion.com\/wp-content\/uploads\/2021\/12\/starcraft-party-boat-7-150x150.webp 150w, https:\/\/holidayexcursion.com\/wp-content\/uploads\/2021\/12\/starcraft-party-boat-7-300x300.webp 300w, https:\/\/holidayexcursion.com\/wp-content\/uploads\/2021\/12\/starcraft-party-boat-7-768x768.webp 768w, https:\/\/holidayexcursion.com\/wp-content\/uploads\/2021\/12\/starcraft-party-boat-7-1024x1024.webp 1024w, https:\/\/holidayexcursion.com\/wp-content\/uploads\/2021\/12\/starcraft-party-boat-7-1536x1536.webp 1536w, https:\/\/holidayexcursion.com\/wp-content\/uploads\/2021\/12\/starcraft-party-boat-7-600x600.webp 600w, https:\/\/holidayexcursion.com\/wp-content\/uploads\/2021\/12\/starcraft-party-boat-7-100x100.webp 100w, https:\/\/holidayexcursion.com\/wp-content\/uploads\/2021\/12\/starcraft-party-boat-7.webp 2000w\" sizes=\"auto, (max-width: 300px) 100vw, 300px\" \/><\/p>\n<p style=\"text-align: center;\">d) Schwimmen im t\u00fcrkisfarbenen Wasser:<br \/>\nEiner der H\u00f6hepunkte einer Alanya Starcraft Party Boots tour ist die M\u00f6glichkeit, im klaren und leuchtend t\u00fcrkisfarbenen Wasser des Mittelmeers zu schwimmen. Tauchen Sie unter die Wasseroberfl\u00e4che und entdecken Sie eine lebendige Unterwasserwelt voller farbenfroher Meereslebewesen und faszinierender Korallenriffe. Schwimmbegeisterte aller K\u00f6nnensstufen k\u00f6nnen dieses immersive Erlebnis genie\u00dfen, umgeben von der Ruhe und Sch\u00f6nheit des Meeres.<\/p>\n<p style=\"text-align: center;\">3. Komfort und Unterhaltung an Bord:<\/p>\n<p style=\"text-align: center;\">Alanya Starcraft Party Boots touren bieten Komfort und Unterhaltung, um allen Passagieren ein unvergessliches Erlebnis zu bieten. Unser Boot ist mit ger\u00e4umigen Sonnendecks, komfortablen Loungebereichen und Annehmlichkeiten an Bord wie Bars und Restaurants ausgestattet. Unser Boot bietet au\u00dferdem Live-Musik und Unterhaltung, um die Atmosph\u00e4re w\u00e4hrend Ihrer Kreuzfahrt entlang der K\u00fcste zu verbessern.<\/p>\n<p style=\"text-align: center;\">Eine Alanya Starcraft Party Boots tour verspricht ein au\u00dfergew\u00f6hnliches Abenteuer, bei dem Sie die atemberaubende K\u00fcste erkunden, versteckte H\u00f6hlen entdecken und in die lebendige Unterwasserwelt des Mittelmeers eintauchen k\u00f6nnen. Von der alten Werft bis zu den Piratenh\u00f6hlen bietet jeder Stopp auf dem Weg eine einzigartige Gelegenheit, in Alanyas reiche Geschichte und Naturwunder einzutauchen. Schnappen Sie sich also Sonnencreme, Tauchmaske und Abenteuerlust und bereiten Sie sich auf eine unvergessliche Reise auf einer Starcraft-<a href=\"https:\/\/holidayexcursion.com\/tours-in-alanya\/tours\/sunset-boat\/\">Boots tour<\/a> in Alanya vor.<\/p>\n<p style=\"text-align: center;\"><img loading=\"lazy\" decoding=\"async\" class=\"size-medium wp-image-4043 aligncenter\" src=\"https:\/\/holidayexcursion.com\/wp-content\/uploads\/2021\/12\/starcraft-party-boat-4-300x200.webp\" alt=\"Starcraft Partyboot\" width=\"300\" height=\"200\" title=\"\" srcset=\"https:\/\/holidayexcursion.com\/wp-content\/uploads\/2021\/12\/starcraft-party-boat-4-300x200.webp 300w, https:\/\/holidayexcursion.com\/wp-content\/uploads\/2021\/12\/starcraft-party-boat-4-768x512.webp 768w, https:\/\/holidayexcursion.com\/wp-content\/uploads\/2021\/12\/starcraft-party-boat-4-600x400.webp 600w, https:\/\/holidayexcursion.com\/wp-content\/uploads\/2021\/12\/starcraft-party-boat-4.webp 800w\" sizes=\"auto, (max-width: 300px) 100vw, 300px\" \/><\/p>\n<p style=\"text-align: center;\">Eine der besten Nacht attraktionen in Alanya! Willkommen zu einer unvergesslichen Schaumparty im gr\u00f6\u00dften Starcraft Disco Boat unter der Burg von Alanya. Wellen Sie dem Meer zu und tanzen Sie auf dem Boot mit der Nachtansicht von Alanya.<\/p>\n<p style=\"text-align: center;\">Die N\u00e4chte in Alanya sind zum Feiern und Spa\u00dfhaben bis in die fr\u00fchen Morgenstunden auf dem Deck der Starcraft da!<br \/>\nTanzen Sie die Nacht an Bord des Disco-Boots, w\u00e4hrend Sie zur Burg von Alanya segeln. Erleben Sie einen einzigartigen und brillanten Abend auf einem Boot.<br \/>\nGenie\u00dfen Sie die Feuershow und die Schaumparty auf dem Starcraft Party Boots, genie\u00dfen Sie k\u00f6stliche Getr\u00e4nke und tanzen Sie zu den dr\u00f6hnenden Kl\u00e4ngen.<br \/>\nIhre Partyroute; 20:30 &#8211; 21:30 Uhr: Abholung vom Hotel \/ Apartment<\/p>\n<p style=\"text-align: center;\">21:30 &#8211; 22:05: Segeln zur Burg von Alanya<br \/>\n22:05 &#8211; 22:30: Feuershow<br \/>\n22:30 &#8211; 00:30: Tanz &amp; Schaumparty<br \/>\n00:30 &#8211; 01:30: R\u00fccktransfer zum Hotel\/Apartment<\/p>\n<p style=\"text-align: center;\">Preis inbegriffen:<br \/>\n\u2022 Abholung und R\u00fccktransfer von \/ zu Hotels<br \/>\n\u2022 Snacks und alle lokalen Getr\u00e4nke<\/p>\n<p style=\"text-align: center;\">Preis nicht inbegriffen:<br \/>\n\u2022 Import von Getr\u00e4nken, Speisen und Cocktails<br \/>\n\u2022 Fotos und Videos<br \/>\n\u2022 Pers\u00f6nliche Ausgaben<\/p>\n<p style=\"text-align: center;\">Weitere Informationen:<br \/>\nAlanya bei Nacht ist wirklich zu erleben!<\/p>\n<p style=\"text-align: center;\">Wir w\u00fcnschen Ihnen unvergessliche Erinnerungen w\u00e4hrend Ihres Urlaubs in Alanya, T\u00fcrkei.<\/p>\n<p style=\"text-align: center;\">Ps: F\u00fcr weitere Informationen k\u00f6nnen Sie uns auch per Whats-App-Anruf oder Nachricht kontaktieren.<\/p>\n<p style=\"text-align: center;\">Holiday Excursion team,<\/p>\n<p><iframe loading=\"lazy\" title=\"Alanya Starcraft Boat\" width=\"1020\" height=\"574\" src=\"https:\/\/www.youtube.com\/embed\/w9zZaUgOUq0?feature=oembed\" frameborder=\"0\" allow=\"accelerometer; autoplay; clipboard-write; encrypted-media; gyroscope; picture-in-picture; web-share\" allowfullscreen><\/iframe><\/p>\n<p><iframe loading=\"lazy\" title=\"Turkey Travel Video . STARCRAFT BOAT , Alanya 2015\" width=\"1020\" height=\"574\" src=\"https:\/\/www.youtube.com\/embed\/BISNqSs17bQ?feature=oembed\" frameborder=\"0\" allow=\"accelerometer; autoplay; clipboard-write; encrypted-media; gyroscope; picture-in-picture; web-share\" allowfullscreen><\/iframe><\/p>\n<p><iframe loading=\"lazy\" title=\"\u0422\u0443\u0440\u0446\u0438\u044f \u0410\u043b\u0430\u043d\u044c\u044f \/ \u041b\u0435\u0442\u044f\u0449\u0435\u0439 \u043f\u043e\u0445\u043e\u0434\u043a\u043e\u0439 - \u041f\u0435\u043d\u043d\u0430\u044f \u0434\u0438\u0441\u043a\u043e\u0442\u0435\u043a\u0430 \u043d\u0430 \u044f\u0445\u0442\u0435 \/ STARCRAFT BOAT\" width=\"1020\" height=\"574\" src=\"https:\/\/www.youtube.com\/embed\/_Lpw5KTJnTM?feature=oembed\" frameborder=\"0\" allow=\"accelerometer; autoplay; clipboard-write; encrypted-media; gyroscope; picture-in-picture; web-share\" allowfullscreen><\/iframe><\/p>\n","protected":false},"excerpt":{"rendered":"<p>STARCRAFT PARTY BOOTS TOUR Starcraft party Boots tour in Alanya: Erkunden Sie die ruhige K\u00fcste und das kristallklare Wasser Alanya liegt an der glitzernden t\u00fcrkischen Riviera und begeistert Besucher mit seinen idyllischen Str\u00e4nden, historischen Sehensw\u00fcrdigkeiten und atemberaubender Natursch\u00f6nheit. Eine der besten M\u00f6glichkeiten, in die Pracht dieses K\u00fcstenjuwels einzutauchen, ist eine Alanya Starcraft-Boots tour. Bei dieser<\/p>\n","protected":false},"featured_media":4401,"comment_status":"open","ping_status":"closed","template":"","meta":[],"product_brand":[],"product_cat":[110],"product_tag":[],"class_list":{"0":"post-5236","1":"product","2":"type-product","3":"status-publish","4":"has-post-thumbnail","6":"product_cat-touren","8":"first","9":"instock","10":"featured","11":"virtual","12":"sold-individually","13":"purchasable","14":"product-type-booking"},"_links":{"self":[{"href":"https:\/\/holidayexcursion.com\/de\/wp-json\/wp\/v2\/product\/5236","targetHints":{"allow":["GET"]}}],"collection":[{"href":"https:\/\/holidayexcursion.com\/de\/wp-json\/wp\/v2\/product"}],"about":[{"href":"https:\/\/holidayexcursion.com\/de\/wp-json\/wp\/v2\/types\/product"}],"replies":[{"embeddable":true,"href":"https:\/\/holidayexcursion.com\/de\/wp-json\/wp\/v2\/comments?post=5236"}],"wp:featuredmedia":[{"embeddable":true,"href":"https:\/\/holidayexcursion.com\/de\/wp-json\/wp\/v2\/media\/4401"}],"wp:attachment":[{"href":"https:\/\/holidayexcursion.com\/de\/wp-json\/wp\/v2\/media?parent=5236"}],"wp:term":[{"taxonomy":"product_brand","embeddable":true,"href":"https:\/\/holidayexcursion.com\/de\/wp-json\/wp\/v2\/product_brand?post=5236"},{"taxonomy":"product_cat","embeddable":true,"href":"https:\/\/holidayexcursion.com\/de\/wp-json\/wp\/v2\/product_cat?post=5236"},{"taxonomy":"product_tag","embeddable":true,"href":"https:\/\/holidayexcursion.com\/de\/wp-json\/wp\/v2\/product_tag?post=5236"}],"curies":[{"name":"wp","href":"https:\/\/api.w.org\/{rel}","templated":true}]}}