{"id":5245,"date":"2021-10-06T17:14:26","date_gmt":"2021-12-06T22:07:34","guid":{"rendered":"http:\/\/holidayexcursion.com\/excursions-in-alanya\/unkategorisiert\/tuerkisches-hamam\/"},"modified":"2023-12-02T23:25:09","modified_gmt":"2023-12-02T20:25:09","slug":"turkish-bath","status":"publish","type":"product","link":"https:\/\/holidayexcursion.com\/de\/tours-in-alanya\/touren\/turkish-bath\/","title":{"rendered":"T\u00fcrkisches Bad"},"content":{"rendered":"<h2 style=\"font-weight: 400; text-align: center;\"> T\u00dcRKISCHES BAD<\/h2>\n<p style=\"text-align: center;\"><strong>Enth\u00fcllung des T\u00fcrkischen Bades Erleben Sie eine Reise in die Entspannung und kulturelle Tradition<\/strong><\/p>\n<p style=\"text-align: center;\">Bei einem Besuch in der T\u00fcrkei darf man sich die Gelegenheit nicht entgehen lassen, die jahrhundertealte Tradition des t\u00fcrkischen Bades, auch Hamam genannt, zu genie\u00dfen Das T\u00fcrkische Bad ist tief in der Kultur des Landes verwurzelt und bietet eine einzigartige Mischung aus Entspannung, Erholung und kulturellem Eintauchen. Bei dieser Urlaubsausflugstour nehmen wir Sie mit auf einen virtuellen Rundgang durch das Erlebnis des t\u00fcrkischen Bades und enth\u00fcllen seine historische Bedeutung und die unz\u00e4hligen Vorteile, die es f\u00fcr K\u00f6rper und Seele bietet.<\/p>\n<p style=\"text-align: center;\"> <img loading=\"lazy\" decoding=\"async\" class=\"alignnone size-medium wp-image-28048\" src=\"https:\/\/holidayexcursion.com\/wp-content\/uploads\/2021\/10\/turkish-bath-alanya1-300x169.jpg\" alt=\"\" width=\"300\" height=\"169\" title=\"\" srcset=\"https:\/\/holidayexcursion.com\/wp-content\/uploads\/2021\/10\/turkish-bath-alanya1-300x169.jpg 300w, https:\/\/holidayexcursion.com\/wp-content\/uploads\/2021\/10\/turkish-bath-alanya1-768x432.jpg 768w, https:\/\/holidayexcursion.com\/wp-content\/uploads\/2021\/10\/turkish-bath-alanya1-600x338.jpg 600w, https:\/\/holidayexcursion.com\/wp-content\/uploads\/2021\/10\/turkish-bath-alanya1.jpg 800w\" sizes=\"auto, (max-width: 300px) 100vw, 300px\" \/><\/p>\n<p style=\"text-align: center;\">1. Ein Blick in die Geschichte:<\/p>\n<p style=\"text-align: center;\">Das <a href=\"https:\/\/en.wikipedia.org\/wiki\/Hammam\" rel=\"nofollow noopener\" target=\"_blank\">t\u00fcrkische Bad<\/a> stammt aus der R\u00f6merzeit und ist seit Jahrhunderten ein fester Bestandteil der t\u00fcrkischen Kultur. Inspiriert von den r\u00f6mischen Badeh\u00e4usern entwickelte sich das t\u00fcrkische Bad mit einem eigenen, unverwechselbaren Stil und Ritualen, die Elemente des Badens, der Reinigung und des geselligen Beisammenseins kombinieren. Wenn Sie ein t\u00fcrkisches Bad erleben, verbinden Sie sich mit einer zeitlosen Tradition und gewinnen Einblicke in das reiche historische Erbe des Landes.<\/p>\n<p style=\"text-align: center;\"><img loading=\"lazy\" decoding=\"async\" class=\"alignnone size-medium wp-image-28036\" src=\"https:\/\/holidayexcursion.com\/wp-content\/uploads\/2021\/10\/turkish-bath-alanya-3-300x200.jpg\" alt=\"\" width=\"300\" height=\"200\" title=\"\" srcset=\"https:\/\/holidayexcursion.com\/wp-content\/uploads\/2021\/10\/turkish-bath-alanya-3-300x200.jpg 300w, https:\/\/holidayexcursion.com\/wp-content\/uploads\/2021\/10\/turkish-bath-alanya-3-768x512.jpg 768w, https:\/\/holidayexcursion.com\/wp-content\/uploads\/2021\/10\/turkish-bath-alanya-3-600x400.jpg 600w, https:\/\/holidayexcursion.com\/wp-content\/uploads\/2021\/10\/turkish-bath-alanya-3.jpg 960w\" sizes=\"auto, (max-width: 300px) 100vw, 300px\" \/><\/p>\n<p style=\"text-align: center;\">2. Entspannung im t\u00fcrkischen Bad:<\/p>\n<p style=\"text-align: center;\">Treten Sie ein in eine Welt der Ruhe, wenn Sie das traditionelle Geb\u00e4ude im osmanischen Stil betreten, in dem sich das T\u00fcrkische Bad befindet. Warme, schwach beleuchtete R\u00e4ume mit wundersch\u00f6nem Marmor und aufwendigen Fliesenarbeiten schaffen eine Aura der Gelassenheit. Das stimmungsvolle Ambiente schafft die Voraussetzungen f\u00fcr Entspannung und l\u00e4sst den Stress der Au\u00dfenwelt hinter sich.<\/p>\n<p style=\"text-align: center;\">3. Das t\u00fcrkische Baderitual:<\/p>\n<p style=\"text-align: center;\">Das t\u00fcrkische Baderitual umfasst typischerweise mehrere Phasen, die darauf abzielen, K\u00f6rper und Geist zu reinigen und zu revitalisieren. Sie entkleiden sich und entspannen sich im warmen Dampfbad, wo die W\u00e4rme Ihre Poren \u00f6ffnet und Ihren K\u00f6rper auf die nachfolgenden Behandlungen vorbereitet. Anschlie\u00dfend peelt ein erfahrener Masseur oder Masseur Ihre Haut mit einem groben Handschuh und entfernt so abgestorbene Zellen und Unreinheiten. Anschlie\u00dfend folgt eine wohltuende Schaummassage und eine erfrischende Sp\u00fclung. Der gesamte Prozess ist belebend und hinterl\u00e4sst ein Gef\u00fchl der Erfrischung, Verj\u00fcngung und Tiefenreinigung.<\/p>\n<p><img loading=\"lazy\" decoding=\"async\" class=\"size-medium wp-image-28042 aligncenter\" src=\"https:\/\/holidayexcursion.com\/wp-content\/uploads\/2021\/10\/turkish-bath-alanya-300x200.jpg\" alt=\"\" width=\"300\" height=\"200\" title=\"\" srcset=\"https:\/\/holidayexcursion.com\/wp-content\/uploads\/2021\/10\/turkish-bath-alanya-300x200.jpg 300w, https:\/\/holidayexcursion.com\/wp-content\/uploads\/2021\/10\/turkish-bath-alanya-600x400.jpg 600w, https:\/\/holidayexcursion.com\/wp-content\/uploads\/2021\/10\/turkish-bath-alanya.jpg 669w\" sizes=\"auto, (max-width: 300px) 100vw, 300px\" \/><\/p>\n<p style=\"text-align: center;\">4. Gesundheitsvorteile des T\u00fcrkischen Bades:<\/p>\n<p style=\"text-align: center;\">Abgesehen von der ruhigen Erfahrung bietet ein t\u00fcrkisches Bad zahlreiche gesundheitliche Vorteile. Der Dampf hilft, die Muskeln zu entspannen, Atemwegsbeschwerden zu lindern und den K\u00f6rper zu entgiften. Das Peeling verbessert die Durchblutung, entfernt Unreinheiten und hinterl\u00e4sst eine weiche und strahlende Haut. Die wohltuende Massage und die sanfte Dehnung verst\u00e4rken die Entspannung zus\u00e4tzlich und f\u00f6rdern das allgemeine Wohlbefinden.<\/p>\n<p style=\"text-align: center;\">5. Kulturelles Eintauchen in das T\u00fcrkische Bad:<\/p>\n<p style=\"text-align: center;\">Bei einem t\u00fcrkischen Bad geht es nicht nur um k\u00f6rperliche Entspannung; Es bietet auch die M\u00f6glichkeit, in die t\u00fcrkische Kultur einzutauchen. W\u00e4hrend Ihres Besuchs werden Sie Zeuge des sozialen Aspekts des Bades, wo sich die Einheimischen treffen, um zu plaudern, zu entspannen und Kontakte zu kn\u00fcpfen. Wenn Sie sich mit anderen Badeg\u00e4sten unterhalten oder einfach deren Interaktionen beobachten, erhalten Sie ein tieferes Verst\u00e4ndnis f\u00fcr t\u00fcrkische Br\u00e4uche und Traditionen.<\/p>\n<p><img loading=\"lazy\" decoding=\"async\" class=\"size-medium wp-image-28030 aligncenter\" src=\"https:\/\/holidayexcursion.com\/wp-content\/uploads\/2021\/10\/hamam-alanya-1-300x180.png\" alt=\"\" width=\"300\" height=\"180\" title=\"\" srcset=\"https:\/\/holidayexcursion.com\/wp-content\/uploads\/2021\/10\/hamam-alanya-1-300x180.png 300w, https:\/\/holidayexcursion.com\/wp-content\/uploads\/2021\/10\/hamam-alanya-1-600x360.png 600w, https:\/\/holidayexcursion.com\/wp-content\/uploads\/2021\/10\/hamam-alanya-1.png 695w\" sizes=\"auto, (max-width: 300px) 100vw, 300px\" \/><\/p>\n<p style=\"text-align: center;\">Eine <a href=\"https:\/\/holidayexcursion.com\/tours-in-alanya\/tours\/demre-myra-kekova\/\">Tour<\/a> durch das t\u00fcrkische Bad ist eine bezaubernde Reise in die Entspannung und das Eintauchen in die Kultur. Mit seiner faszinierenden Geschichte, der ruhigen Atmosph\u00e4re und den therapeutischen Vorteilen verspricht das Erlebnis im T\u00fcrkischen Bad, Sie in eine Welt der Ruhe und Erholung zu entf\u00fchren. Ganz gleich, ob Sie k\u00f6rperliche Revitalisierung oder eine tiefere Verbindung zum t\u00fcrkischen Erbe suchen, die Tour durch das t\u00fcrkische Bad bietet ein wirklich unvergessliches Erlebnis, das Sie erfrischt, belebt und bereichert. G\u00f6nnen Sie sich diese alte Tradition und begeben Sie sich auf eine unvergessliche Reise f\u00fcr K\u00f6rper, Geist und Seele.<\/p>\n<div style=\"text-align: center;\"><strong>IM PREIS INBEGRIFFEN:<\/strong><\/div>\n<div style=\"text-align: center;\">* Abholung und R\u00fcckgabe von Hotels und Apartments in Alanya und Umgebung<\/div>\n<div style=\"text-align: center;\">* Alle Hamam-Services (Sauna, Whirlpool, Dampfbad, Salzraum, Schlammraum)<\/div>\n<div style=\"text-align: center;\">* Paket mit drei Massagen (Peeling+Schaum+\u00d6lmassage)<\/div>\n<div style=\"text-align: center;\"><\/div>\n<div style=\"text-align: center;\"><strong>OPTIONALE EXTRAS:<\/strong><\/div>\n<div style=\"text-align: center;\">* Getr\u00e4nke, Manik\u00fcre, Pedik\u00fcre, Thai-Massage, Hot-Stone-Massage.<\/div>\n<div style=\"text-align: center;\"><\/div>\n<div style=\"text-align: center;\"><strong>ZUS\u00c4TZLICHE INFOS &amp; TIPPS:<\/strong><\/div>\n<div style=\"text-align: center;\">* Buchung jederzeit zwischen 09:00 und 19:00 Uhr m\u00f6glich.<\/div>\n<div style=\"text-align: center;\">* Das Alanya-T\u00fcrkische-Bad-Paket dauert etwa zweieinhalb Stunden.<\/div>\n<div style=\"text-align: center;\">* Wenn Sie gesundheitliche Probleme haben; bez\u00fcglich H\u00f6henfeuchtigkeit und Hitze. Bitte seien Sie vorsichtig<\/div>\n<div style=\"text-align: center;\">* Wenn Ihnen Ihre (neue) Br\u00e4une am Herzen liegt, besuchen Sie vielleicht zu Beginn Ihres Urlaubs ein Hamam.<\/div>\n<div style=\"text-align: center;\">* Wir stellen Ihnen abschlie\u00dfbare Umkleidekabinen, Handtuch (Peshtemal) \/ Wickel f\u00fcr Herren, Hausschuhe (Takunya) zur Verf\u00fcgung.<\/div>\n<div style=\"text-align: center;\">* Bringen Sie Ihre Badesachen mit<\/div>\n<div style=\"text-align: center;\">*Kinder preise gelten f\u00fcr Kinder im Alter von 6-12 Jahren. Sie k\u00f6nnen Massagen bekommen.<\/div>\n<p style=\"text-align: center;\">Wir w\u00fcnschen Ihnen unvergessliche Erinnerungen w\u00e4hrend Ihres Urlaubs in Alanya, T\u00fcrkei.<\/p>\n<p style=\"text-align: center;\">Ps: F\u00fcr weitere Informationen k\u00f6nnen Sie uns auch per Whats-App-Anruf oder Nachricht kontaktieren.<\/p>\n<p style=\"text-align: center;\">Holiday Excursion team,<\/p>\n<p><iframe loading=\"lazy\" title=\"Hamam | &#039;t is hier fantasties\" width=\"1020\" height=\"574\" src=\"https:\/\/www.youtube.com\/embed\/iIwG31B7cxk?feature=oembed\" frameborder=\"0\" allow=\"accelerometer; autoplay; clipboard-write; encrypted-media; gyroscope; picture-in-picture\" allowfullscreen><\/iframe><\/p>\n<p><iframe loading=\"lazy\" title=\"Turkish Steam Bath, Hamam, Peninsula Hot Springs, Mornington Peninsula, Australia\" width=\"1020\" height=\"574\" src=\"https:\/\/www.youtube.com\/embed\/7NEN5VwRnHs?feature=oembed\" frameborder=\"0\" allow=\"accelerometer; autoplay; clipboard-write; encrypted-media; gyroscope; picture-in-picture\" allowfullscreen><\/iframe><\/p>\n<p><iframe loading=\"lazy\" title=\"alanya hamam sauna\" width=\"1020\" height=\"574\" src=\"https:\/\/www.youtube.com\/embed\/hFQM2TdPIoY?feature=oembed\" frameborder=\"0\" allow=\"accelerometer; autoplay; clipboard-write; encrypted-media; gyroscope; picture-in-picture\" allowfullscreen><\/iframe><\/p>\n<p><iframe loading=\"lazy\" title=\"Alanya Hamam Turu-Hamam Tyrkisk Bad (KISA)\" width=\"1020\" height=\"574\" src=\"https:\/\/www.youtube.com\/embed\/5VxIFUl8bSM?feature=oembed\" frameborder=\"0\" allow=\"accelerometer; autoplay; clipboard-write; encrypted-media; gyroscope; picture-in-picture\" allowfullscreen><\/iframe><\/p>\n","protected":false},"excerpt":{"rendered":"<p>T\u00dcRKISCHES BAD Enth\u00fcllung des T\u00fcrkischen Bades Erleben Sie eine Reise in die Entspannung und kulturelle Tradition Bei einem Besuch in der T\u00fcrkei darf man sich die Gelegenheit nicht entgehen lassen, die jahrhundertealte Tradition des t\u00fcrkischen Bades, auch Hamam genannt, zu genie\u00dfen Das T\u00fcrkische Bad ist tief in der Kultur des Landes verwurzelt und bietet eine<\/p>\n","protected":false},"featured_media":4473,"comment_status":"open","ping_status":"closed","template":"","meta":[],"product_brand":[],"product_cat":[110],"product_tag":[],"class_list":{"0":"post-5245","1":"product","2":"type-product","3":"status-publish","4":"has-post-thumbnail","6":"product_cat-touren","8":"first","9":"instock","10":"featured","11":"virtual","12":"sold-individually","13":"purchasable","14":"product-type-booking"},"_links":{"self":[{"href":"https:\/\/holidayexcursion.com\/de\/wp-json\/wp\/v2\/product\/5245","targetHints":{"allow":["GET"]}}],"collection":[{"href":"https:\/\/holidayexcursion.com\/de\/wp-json\/wp\/v2\/product"}],"about":[{"href":"https:\/\/holidayexcursion.com\/de\/wp-json\/wp\/v2\/types\/product"}],"replies":[{"embeddable":true,"href":"https:\/\/holidayexcursion.com\/de\/wp-json\/wp\/v2\/comments?post=5245"}],"wp:featuredmedia":[{"embeddable":true,"href":"https:\/\/holidayexcursion.com\/de\/wp-json\/wp\/v2\/media\/4473"}],"wp:attachment":[{"href":"https:\/\/holidayexcursion.com\/de\/wp-json\/wp\/v2\/media?parent=5245"}],"wp:term":[{"taxonomy":"product_brand","embeddable":true,"href":"https:\/\/holidayexcursion.com\/de\/wp-json\/wp\/v2\/product_brand?post=5245"},{"taxonomy":"product_cat","embeddable":true,"href":"https:\/\/holidayexcursion.com\/de\/wp-json\/wp\/v2\/product_cat?post=5245"},{"taxonomy":"product_tag","embeddable":true,"href":"https:\/\/holidayexcursion.com\/de\/wp-json\/wp\/v2\/product_tag?post=5245"}],"curies":[{"name":"wp","href":"https:\/\/api.w.org\/{rel}","templated":true}]}}