{"id":5263,"date":"2021-10-06T17:19:44","date_gmt":"2021-12-06T22:07:35","guid":{"rendered":"http:\/\/holidayexcursion.com\/excursions-in-alanya\/unkategorisiert\/reittour-in-alanya\/"},"modified":"2023-12-02T22:48:48","modified_gmt":"2023-12-02T19:48:48","slug":"reit-tour","status":"publish","type":"product","link":"https:\/\/holidayexcursion.com\/de\/tours-in-alanya\/touren\/reit-tour\/","title":{"rendered":"Reit tour"},"content":{"rendered":"<h2 id=\"highlights\" class=\"highlights\" style=\"text-align: center;\"><strong>PFERDE-REITEN<\/strong><\/h2>\n<section id=\"exclusions\" class=\"exclusions long-txt\">\n<div class=\"hed\">\n<p style=\"text-align: center;\"><strong>Im Galopp durch Alanya: Begeben Sie sich auf eine aufregende Reittour<\/strong><\/p>\n<p style=\"text-align: center;\">Alanya in der T\u00fcrkei ist nicht nur f\u00fcr seine wundersch\u00f6nen Str\u00e4nde und historischen Sehensw\u00fcrdigkeiten bekannt, sondern bietet auch ein unvergessliches Erlebnis f\u00fcr Pferdeliebhaber jeden Alters. Eine Reittour in Alanya bietet eine einzigartige Gelegenheit, in die atemberaubende Natur einzutauchen und gleichzeitig die verborgenen Sch\u00e4tze der Region zu erkunden. Bei dieser Urlaubsausflugstour tauchen wir in die Wunder einer Reittour in Alanya ein und geben Ihnen einen Einblick in die Heiterkeit und Ruhe, die Sie erwartet.<\/p>\n<p style=\"text-align: center;\"><img loading=\"lazy\" decoding=\"async\" class=\"alignnone size-medium wp-image-28012\" src=\"https:\/\/holidayexcursion.com\/wp-content\/uploads\/2021\/10\/Horse-riding-alanya-300x200.jpg\" alt=\"\" width=\"300\" height=\"200\" title=\"\" srcset=\"https:\/\/holidayexcursion.com\/wp-content\/uploads\/2021\/10\/Horse-riding-alanya-300x200.jpg 300w, https:\/\/holidayexcursion.com\/wp-content\/uploads\/2021\/10\/Horse-riding-alanya-768x511.jpg 768w, https:\/\/holidayexcursion.com\/wp-content\/uploads\/2021\/10\/Horse-riding-alanya-600x399.jpg 600w, https:\/\/holidayexcursion.com\/wp-content\/uploads\/2021\/10\/Horse-riding-alanya.jpg 960w\" sizes=\"auto, (max-width: 300px) 100vw, 300px\" \/><\/p>\n<p style=\"text-align: center;\">1. Entdecken Sie die atemberaubende Landschaft:<\/p>\n<p style=\"text-align: center;\">Bei einer <a href=\"https:\/\/tr.wikipedia.org\/wiki\/Alanya\" rel=\"nofollow noopener\" target=\"_blank\">Alanya<\/a>-Reittour in Alanya k\u00f6nnen Sie die malerischen Landschaften der Region aus einer anderen Perspektive erleben. W\u00e4hrend Sie sich durch Olivenhaine, Pinienw\u00e4lder und malerische Wanderwege wagen, werden Sie eine unbestreitbare Verbindung zur Natur sp\u00fcren. Die faszinierenden Ausblicke auf das Mittelmeer, die Bergketten und die \u00fcppige Landschaft sorgen f\u00fcr ein ruhiges und unvergessliches Erlebnis.<\/p>\n<p style=\"text-align: center;\">2. Erleben Sie die Freude am Reiten:<\/p>\n<p style=\"text-align: center;\">Egal, ob Sie ein erfahrener Reiter oder ein Anf\u00e4nger sind, eine Reittour in Alanya ist f\u00fcr alle Erfahrungsstufen geeignet. Kompetente F\u00fchrer und gut ausgebildete Pferde sorgen f\u00fcr ein sicheres und angenehmes Erlebnis f\u00fcr alle. Das Reiten dieser majest\u00e4tischen Kreaturen weckt nicht nur ein Gef\u00fchl von Abenteuer, sondern auch eine tiefe Wertsch\u00e4tzung f\u00fcr die Bindung zwischen Mensch und Pferd.<\/p>\n<p style=\"text-align: center;\"><img loading=\"lazy\" decoding=\"async\" class=\"alignnone size-medium wp-image-28024\" src=\"https:\/\/holidayexcursion.com\/wp-content\/uploads\/2021\/10\/Horse-riding-holiday-excursion1-300x225.jpg\" alt=\"\" width=\"300\" height=\"225\" title=\"\" srcset=\"https:\/\/holidayexcursion.com\/wp-content\/uploads\/2021\/10\/Horse-riding-holiday-excursion1-300x225.jpg 300w, https:\/\/holidayexcursion.com\/wp-content\/uploads\/2021\/10\/Horse-riding-holiday-excursion1-768x576.jpg 768w, https:\/\/holidayexcursion.com\/wp-content\/uploads\/2021\/10\/Horse-riding-holiday-excursion1-600x450.jpg 600w, https:\/\/holidayexcursion.com\/wp-content\/uploads\/2021\/10\/Horse-riding-holiday-excursion1.jpg 775w\" sizes=\"auto, (max-width: 300px) 100vw, 300px\" \/><\/p>\n<p style=\"text-align: center;\">3. Entdecken Sie abgelegene Reiseziele:<\/p>\n<p style=\"text-align: center;\">Einer der H\u00f6hepunkte einer Reittour in Alanya ist die M\u00f6glichkeit, Orte zu besuchen, die mit anderen Transportmitteln nicht erreichbar sind. Entfliehen Sie den gesch\u00e4ftigen Touristengebieten und entdecken Sie versteckte Pfade, die zu bezaubernden Naturwundern f\u00fchren. Von antiken Ruinen bis hin zu idyllischen D\u00f6rfern \u2013 Sie werden von der reichen Geschichte und Kultur, die Alanya zu bieten hat, fasziniert sein.<\/p>\n<p style=\"text-align: center;\">4. Ma\u00dfgeschneiderte Erlebnisse f\u00fcr alle:<\/p>\n<p style=\"text-align: center;\">Reittouren in Alanya gehen auf die unterschiedlichen Vorlieben der Reiter ein. Egal, ob Sie einen gem\u00fctlichen Spaziergang oder einen aufregenderen Galopp bevorzugen, es stehen Optionen zur Verf\u00fcgung, die dem Komfortniveau jedes Reiters gerecht werden. Auch Familien mit Kindern k\u00f6nnen den Spa\u00df mitmachen,<\/p>\n<p style=\"text-align: center;\">.<img loading=\"lazy\" decoding=\"async\" class=\"alignnone size-medium wp-image-28006\" src=\"https:\/\/holidayexcursion.com\/wp-content\/uploads\/2021\/10\/Alanya-Horse-Riding-holiday-excursion-300x200.jpg\" alt=\"\" width=\"300\" height=\"200\" title=\"\" srcset=\"https:\/\/holidayexcursion.com\/wp-content\/uploads\/2021\/10\/Alanya-Horse-Riding-holiday-excursion-300x200.jpg 300w, https:\/\/holidayexcursion.com\/wp-content\/uploads\/2021\/10\/Alanya-Horse-Riding-holiday-excursion-600x400.jpg 600w, https:\/\/holidayexcursion.com\/wp-content\/uploads\/2021\/10\/Alanya-Horse-Riding-holiday-excursion.jpg 669w\" sizes=\"auto, (max-width: 300px) 100vw, 300px\" \/><\/p>\n<p>&nbsp;<\/p>\n<p style=\"text-align: center;\">5. Lernen Sie von sachkundigen Guides:<\/p>\n<p style=\"text-align: center;\">Die F\u00fchrer, die die Reittouren begleiten, sind nicht nur Experten in der Reitkunst, sondern kennen sich auch gut mit der lokalen Geschichte, Flora und Fauna aus. Sie bieten wertvolle Einblicke in die Kultur der Region und erweitern Ihr Verst\u00e4ndnis und Ihre Wertsch\u00e4tzung f\u00fcr das reiche Erbe von Alanya.<\/p>\n<p style=\"text-align: center;\">Eine Reittour in Alanya bietet eine au\u00dfergew\u00f6hnliche Gelegenheit, sich mit der Natur zu verbinden, verborgene Sch\u00e4tze zu erkunden und den Nervenkitzel des Reitens zu erleben. Von atemberaubenden Landschaften bis hin zu ma\u00dfgeschneiderten Erlebnissen f\u00fcr alle Altersgruppen und K\u00f6nnensstufen bietet Alanya ein unvergessliches <a href=\"https:\/\/holidayexcursion.com\/tours-in-alanya\/tours\/sapadere-canyon\/\">Abenteuer<\/a> f\u00fcr Pferdeliebhaber. Also satteln Sie, genie\u00dfen Sie die Ruhe der Landschaft und begeben Sie sich auf eine Reise im Herzen von Alanya in der T\u00fcrkei, die bleibende Erinnerungen hinterlassen wird.<\/p>\n<p><img loading=\"lazy\" decoding=\"async\" class=\"size-medium wp-image-28018 aligncenter\" src=\"https:\/\/holidayexcursion.com\/wp-content\/uploads\/2021\/10\/Horse-riding-holiday-excursion-300x200.jpg\" alt=\"\" width=\"300\" height=\"200\" title=\"\" srcset=\"https:\/\/holidayexcursion.com\/wp-content\/uploads\/2021\/10\/Horse-riding-holiday-excursion-300x200.jpg 300w, https:\/\/holidayexcursion.com\/wp-content\/uploads\/2021\/10\/Horse-riding-holiday-excursion.jpg 600w\" sizes=\"auto, (max-width: 300px) 100vw, 300px\" \/><\/p>\n<div style=\"text-align: center;\"><strong>ALANYA REIT TOUREN PROGRAMM<\/strong><\/div>\n<div style=\"text-align: center;\">* Abholung von Ihrem Hotel oder Apartment in Alanya und Umgebung<\/div>\n<div style=\"text-align: center;\">* Ankunft auf der Pferdefarm im Dorf Seki in der N\u00e4he von Demirtas<\/div>\n<div style=\"text-align: center;\">* Aufkl\u00e4rung \u00fcber die Regeln, die w\u00e4hrend der Tour durch unsere erfahrenen Trainer einzuhalten sind<\/div>\n<div style=\"text-align: center;\">* Reiten auf dem Waldweg, zur\u00fcck zu unserem Pferdehof<\/div>\n<div style=\"text-align: center;\">* Ausruhen, t\u00fcrkischen Tee probieren, R\u00fcckfahrt zu Ihrem Hotel oder Apartment in Alanya und Umgebung<\/div>\n<div style=\"text-align: center;\"><\/div>\n<div style=\"text-align: center;\"><strong>IM PREIS INBEGRIFFEN:<\/strong><\/div>\n<div style=\"text-align: center;\">* Abholung und R\u00fccktransfer von Ihrem Hotel oder Apartment in Alanya.<\/div>\n<div style=\"text-align: center;\">* F\u00fchrer, Trainer<\/div>\n<div style=\"text-align: center;\">* 3 Stunden Reiten, komplette Reitausr\u00fcstung, t\u00fcrkischer Tee, Apfeltee<\/div>\n<div style=\"text-align: center;\"><\/div>\n<div style=\"text-align: center;\"><strong>OPTIONALE EXTRAS:<\/strong><\/div>\n<div style=\"text-align: center;\">* Getr\u00e4nke, Essen, Reitstiefel<\/div>\n<div style=\"text-align: center;\"><\/div>\n<div style=\"text-align: center;\"><strong>ZUS\u00c4TZLICHE INFOS &amp; TIPPS:<\/strong><\/div>\n<div style=\"text-align: center;\">* Jeder kann an einer Reittour in Alanya teilnehmen, egal ob Anf\u00e4nger oder Profi<\/div>\n<div style=\"text-align: center;\">* Personen mit einem Gewicht \u00fcber 100 kg k\u00f6nnen nicht an der Alanya-Reittour teilnehmen<\/div>\n<div style=\"text-align: center;\">* F\u00fcr schwangere Frauen ist das Fahren nicht gestattet<\/div>\n<div style=\"text-align: center;\">* Kinder k\u00f6nnen mit ihren Eltern an Reitausfl\u00fcgen teilnehmen<\/div>\n<div style=\"text-align: center;\">* Alanya-Reittouren werden das ganze Jahr \u00fcber organisiert.<\/div>\n<p style=\"text-align: center;\">Wir w\u00fcnschen Ihnen unvergessliche Erinnerungen w\u00e4hrend Ihres Urlaubs in Alanya, T\u00fcrkei.<\/p>\n<p style=\"text-align: center;\">Ps: F\u00fcr weitere Informationen k\u00f6nnen Sie uns auch per Whats-App-Anruf oder Nachricht kontaktieren.<\/p>\n<p style=\"text-align: center;\">Holiday Excursion team,<\/p>\n<p><iframe loading=\"lazy\" title=\"Horse Riding | Cinematic Short Film | SONY A7SIII\" width=\"1020\" height=\"574\" src=\"https:\/\/www.youtube.com\/embed\/MKOd5AZnEX0?feature=oembed\" frameborder=\"0\" allow=\"accelerometer; autoplay; clipboard-write; encrypted-media; gyroscope; picture-in-picture; web-share\" allowfullscreen><\/iframe><\/p>\n<p><iframe loading=\"lazy\" title=\"HORSE CLUB at binme alanya\" width=\"1020\" height=\"574\" src=\"https:\/\/www.youtube.com\/embed\/wByjfND7XS4?feature=oembed\" frameborder=\"0\" allow=\"accelerometer; autoplay; clipboard-write; encrypted-media; gyroscope; picture-in-picture; web-share\" allowfullscreen><\/iframe><\/p>\n<p><iframe loading=\"lazy\" title=\"HORSE CLUB at binme alanya Antalya\" width=\"1020\" height=\"574\" src=\"https:\/\/www.youtube.com\/embed\/asNtBKq_pUA?feature=oembed\" frameborder=\"0\" allow=\"accelerometer; autoplay; clipboard-write; encrypted-media; gyroscope; picture-in-picture; web-share\" allowfullscreen><\/iframe><\/p>\n<\/div>\n<\/section>\n","protected":false},"excerpt":{"rendered":"<p>PFERDE-REITEN Im Galopp durch Alanya: Begeben Sie sich auf eine aufregende Reittour Alanya in der T\u00fcrkei ist nicht nur f\u00fcr seine wundersch\u00f6nen Str\u00e4nde und historischen Sehensw\u00fcrdigkeiten bekannt, sondern bietet auch ein unvergessliches Erlebnis f\u00fcr Pferdeliebhaber jeden Alters. Eine Reittour in Alanya bietet eine einzigartige Gelegenheit, in die atemberaubende Natur einzutauchen und gleichzeitig die verborgenen Sch\u00e4tze<\/p>\n","protected":false},"featured_media":4187,"comment_status":"open","ping_status":"closed","template":"","meta":[],"product_brand":[],"product_cat":[110],"product_tag":[],"class_list":{"0":"post-5263","1":"product","2":"type-product","3":"status-publish","4":"has-post-thumbnail","6":"product_cat-touren","8":"first","9":"instock","10":"featured","11":"virtual","12":"sold-individually","13":"purchasable","14":"product-type-booking"},"_links":{"self":[{"href":"https:\/\/holidayexcursion.com\/de\/wp-json\/wp\/v2\/product\/5263","targetHints":{"allow":["GET"]}}],"collection":[{"href":"https:\/\/holidayexcursion.com\/de\/wp-json\/wp\/v2\/product"}],"about":[{"href":"https:\/\/holidayexcursion.com\/de\/wp-json\/wp\/v2\/types\/product"}],"replies":[{"embeddable":true,"href":"https:\/\/holidayexcursion.com\/de\/wp-json\/wp\/v2\/comments?post=5263"}],"wp:featuredmedia":[{"embeddable":true,"href":"https:\/\/holidayexcursion.com\/de\/wp-json\/wp\/v2\/media\/4187"}],"wp:attachment":[{"href":"https:\/\/holidayexcursion.com\/de\/wp-json\/wp\/v2\/media?parent=5263"}],"wp:term":[{"taxonomy":"product_brand","embeddable":true,"href":"https:\/\/holidayexcursion.com\/de\/wp-json\/wp\/v2\/product_brand?post=5263"},{"taxonomy":"product_cat","embeddable":true,"href":"https:\/\/holidayexcursion.com\/de\/wp-json\/wp\/v2\/product_cat?post=5263"},{"taxonomy":"product_tag","embeddable":true,"href":"https:\/\/holidayexcursion.com\/de\/wp-json\/wp\/v2\/product_tag?post=5263"}],"curies":[{"name":"wp","href":"https:\/\/api.w.org\/{rel}","templated":true}]}}