{"id":5264,"date":"2021-10-06T03:40:19","date_gmt":"2021-12-06T22:07:35","guid":{"rendered":"http:\/\/holidayexcursion.com\/excursions-in-alanya\/unkategorisiert\/demre-myra-und-kekova-tour\/"},"modified":"2023-12-04T23:07:21","modified_gmt":"2023-12-04T20:07:21","slug":"demre-myra-kekova","status":"publish","type":"product","link":"https:\/\/holidayexcursion.com\/de\/tours-in-alanya\/touren\/demre-myra-kekova\/","title":{"rendered":"Demre Myra Kekova"},"content":{"rendered":"<h2 style=\"text-align: center;\">DEMRE MYRA KEKOVA<\/h2>\n<p style=\"text-align: center;\">Antike Wunder erkunden: Enth\u00fcllung der Demre Myra <a href=\"https:\/\/en.wikipedia.org\/wiki\/Kekova\" rel=\"nofollow noopener\" target=\"_blank\">Kekova<\/a> Tour<\/p>\n<p style=\"text-align: center;\">Treten Sie mit der Demre Myra Kekova Tour in ein Reich antiker Geschichte und atemberaubender Natur sch\u00f6nheit ein. Dieser Urlaubsausflug liegt an der atemberaubenden t\u00fcrkischen K\u00fcste und nimmt Sie mit auf eine fesselnde Zeitreise, bei der Sie die faszinierenden Sch\u00e4tze von Demre entdecken, die geheimnisvolle versunkene Stadt Kekova erkunden und in den Charme des traditionellen Dorfes Myra eintauchen k\u00f6nnen. Auf dieser Holiday Excursion <a href=\"https:\/\/holidayexcursion.com\/tours-in-alanya\/tours\/horse-riding\/\">tour<\/a> befassen wir uns mit den H\u00f6hepunkten und Erlebnissen, die Sie auf dieser bemerkenswerten Tour erwarten.<\/p>\n<p style=\"text-align: center;\"><img loading=\"lazy\" decoding=\"async\" class=\"alignnone size-medium wp-image-28375\" src=\"https:\/\/holidayexcursion.com\/wp-content\/uploads\/2021\/10\/kekova-tour-holiday-excursion-300x200.webp\" alt=\"\" width=\"300\" height=\"200\" title=\"\" srcset=\"https:\/\/holidayexcursion.com\/wp-content\/uploads\/2021\/10\/kekova-tour-holiday-excursion-300x200.webp 300w, https:\/\/holidayexcursion.com\/wp-content\/uploads\/2021\/10\/kekova-tour-holiday-excursion-768x511.webp 768w, https:\/\/holidayexcursion.com\/wp-content\/uploads\/2021\/10\/kekova-tour-holiday-excursion-600x400.webp 600w, https:\/\/holidayexcursion.com\/wp-content\/uploads\/2021\/10\/kekova-tour-holiday-excursion.webp 1000w\" sizes=\"auto, (max-width: 300px) 100vw, 300px\" \/><\/p>\n<p style=\"text-align: center;\">1. Demre Myra Kekova: Das alte Myra entr\u00e4tseln:<\/p>\n<p style=\"text-align: center;\">Demre, fr\u00fcher bekannt als Myra, ist reich an Geschichte und Mythologie. Besuchen Sie die antiken Ruinen von Myra, wo Sie die gut erhaltenen, in die Klippen gehauenen lykischen Felsengr\u00e4ber bewundern k\u00f6nnen. Bewundern Sie das wundersch\u00f6n verzierte Myra-Theater aus dem 2. Jahrhundert v. Chr. und erkunden Sie die beeindruckenden \u00dcberreste der St.-Nikolaus-Kirche aus der R\u00f6merzeit, einem bedeutenden Wallfahrtsort. Entdecken Sie die Geschichten hinter diesen historischen Wahrzeichen, w\u00e4hrend fachkundige F\u00fchrer Sie durch die antiken Wunder von Demre f\u00fchren.<\/p>\n<p style=\"text-align: center;\">2. Kekova: Das Geheimnis der versunkenen Stadt:<\/p>\n<p style=\"text-align: center;\">Begeben Sie sich auf ein au\u00dfergew\u00f6hnliches <a href=\"https:\/\/holidayexcursion.com\/tours-in-alanya\/tours\/jeep-safari\/\">Abenteuer<\/a>, w\u00e4hrend Sie durch die Gew\u00e4sser von Kekova fahren, einer Region, die f\u00fcr ihre teilweise \u00fcberfluteten Ruinen bekannt ist. Die versunkene Stadt, die vor Jahrhunderten durch ein Erdbeben zerst\u00f6rt wurde, bietet heute ein fesselndes Unterwasserspektakel. Bewundern Sie die \u00dcberreste antiker Mauern, Treppen und sogar versunkener Geb\u00e4ude, w\u00e4hrend Sie schnorcheln oder eine Tour mit einem Glas boden boot \u00fcber diesen arch\u00e4ologischen Schatz unternehmen. Entdecken Sie die Geheimnisse der Vergangenheit der versunkenen Stadt und stellen Sie sich vor, wie das Leben in dieser einst bl\u00fchenden Metropole war.<\/p>\n<p style=\"text-align: center;\"><img loading=\"lazy\" decoding=\"async\" class=\"alignnone size-medium wp-image-28369\" src=\"https:\/\/holidayexcursion.com\/wp-content\/uploads\/2021\/10\/Demre-tour-holiday-excursion-300x158.webp\" alt=\"\" width=\"300\" height=\"158\" title=\"\" srcset=\"https:\/\/holidayexcursion.com\/wp-content\/uploads\/2021\/10\/Demre-tour-holiday-excursion-300x158.webp 300w, https:\/\/holidayexcursion.com\/wp-content\/uploads\/2021\/10\/Demre-tour-holiday-excursion.webp 600w\" sizes=\"auto, (max-width: 300px) 100vw, 300px\" \/><\/p>\n<p style=\"text-align: center;\">3. <a href=\"https:\/\/en.wikipedia.org\/wiki\/Myra\" rel=\"nofollow noopener\" target=\"_blank\">Myra<\/a>: Zeitlose Einfachheit und lokale Kultur:<\/p>\n<p style=\"text-align: center;\">Erleben Sie das traditionelle t\u00fcrkische Dorf Myra, wo sich inmitten malerischer Landschaften authentisches Landleben entfaltet. Entdecken Sie die charmanten D\u00f6rfer, Steinh\u00e4user und idyllischen Olivenhaine, w\u00e4hrend Sie in die W\u00e4rme und Einfachheit von Myra eintauchen. Probieren Sie traditionelle K\u00f6stlichkeiten wie lokal hergestelltes Oliven\u00f6l und frisch gebackenes Brot und treffen Sie freundliche Einheimische, die stolz ihr kulturelles Erbe bewahren. Myra bietet einen ruhigen und entspannenden Kontrast zu den antiken Wundern, denen Sie w\u00e4hrend der Tour begegnen werden.<\/p>\n<p style=\"text-align: center;\">4. Einblicke in die Pracht der Natur:<\/p>\n<p style=\"text-align: center;\">Neben den historischen und kulturellen Reich t\u00fcmern bietet die Demre Myra Kekova Tour den Besuchern auch atemberaubende Naturland schaften. Genie\u00dfen Sie beim Segeln zwischen den verschiedenen Orten die faszinierende Aussicht auf das t\u00fcrkisfarbene Wasser des Mittelmeers. Bewundern Sie die zerkl\u00fcftete K\u00fcste, die \u00fcppigen gr\u00fcnen H\u00fcgel und das atemberaubende Taurusgebirge, das als Kulisse f\u00fcr diese bemerkenswerte Reise dient. Die Tour bietet einzigartige M\u00f6glichkeiten, in einsamen Buchten zu schwimmen und versteckte Buchten zu erkunden, sodass Sie sich mit der Natur in ihrer reinsten Form verbinden k\u00f6nnen.<\/p>\n<p style=\"text-align: center;\"><img loading=\"lazy\" decoding=\"async\" class=\"alignnone size-medium wp-image-28381\" src=\"https:\/\/holidayexcursion.com\/wp-content\/uploads\/2021\/10\/kekova_adasi_holiday-excursion-300x216.jpg\" alt=\"\" width=\"300\" height=\"216\" title=\"\" srcset=\"https:\/\/holidayexcursion.com\/wp-content\/uploads\/2021\/10\/kekova_adasi_holiday-excursion-300x216.jpg 300w, https:\/\/holidayexcursion.com\/wp-content\/uploads\/2021\/10\/kekova_adasi_holiday-excursion-768x553.jpg 768w, https:\/\/holidayexcursion.com\/wp-content\/uploads\/2021\/10\/kekova_adasi_holiday-excursion-600x432.jpg 600w, https:\/\/holidayexcursion.com\/wp-content\/uploads\/2021\/10\/kekova_adasi_holiday-excursion.jpg 900w\" sizes=\"auto, (max-width: 300px) 100vw, 300px\" \/><\/p>\n<p style=\"text-align: center;\">5. Gef\u00fchrte Fachkompetenz und Komfort:<\/p>\n<p style=\"text-align: center;\">Die Demre Myra Kekova Tour bietet erfahrene F\u00fchrer, die sich mit der Geschichte, Kultur und den Naturwundern der Region bestens auskennen. Diese sachkundigen Guides begleiten Sie w\u00e4hrend der gesamten Tour, geben Ihnen interessante Einblicke und sorgen f\u00fcr ein sicheres und komfortables Erlebnis. Egal, ob Sie die antiken Ruinen erkunden oder einfach nur die landschaftliche Sch\u00f6nheit genie\u00dfen m\u00f6chten, ihr Fachwissen wird Ihr Verst\u00e4ndnis und Ihre Wertsch\u00e4tzung f\u00fcr die H\u00f6hepunkte der Tour verbessern.<\/p>\n<p style=\"text-align: center;\">Die Demre Myra Kekova Tour bietet eine einzigartige Mischung aus Geschichte, Kultur und nat\u00fcrlicher Sch\u00f6nheit und erm\u00f6glicht es Ihnen, die Geheimnisse antiker Zivilisationen zu l\u00fcften, die Mystik einer versunkenen Stadt zu erkunden und in die zeitlose Einfachheit eines traditionellen t\u00fcrkischen Dorfes ein zutauchen. Unter der Leitung erfahrener Reiseleiter verspricht diese Tour ein bereicherndes und unvergessliches Erlebnis, das Ihnen ein tiefes Verst\u00e4ndnis f\u00fcr die Tiefe des historischen und nat\u00fcrlichen Erbes der T\u00fcrkei vermittelt.<\/p>\n<p style=\"text-align: center;\"><img loading=\"lazy\" decoding=\"async\" class=\"alignnone size-medium wp-image-28387\" src=\"https:\/\/holidayexcursion.com\/wp-content\/uploads\/2021\/10\/Myra-tour-holiday-excursion-300x159.webp\" alt=\"\" width=\"300\" height=\"159\" title=\"\" srcset=\"https:\/\/holidayexcursion.com\/wp-content\/uploads\/2021\/10\/Myra-tour-holiday-excursion-300x159.webp 300w, https:\/\/holidayexcursion.com\/wp-content\/uploads\/2021\/10\/Myra-tour-holiday-excursion-600x318.webp 600w, https:\/\/holidayexcursion.com\/wp-content\/uploads\/2021\/10\/Myra-tour-holiday-excursion.webp 650w\" sizes=\"auto, (max-width: 300px) 100vw, 300px\" \/><\/p>\n<div style=\"text-align: center;\"><strong> DEMRE MYRA KEKOVA TOUR PROGRAMM:<\/strong><\/div>\n<div style=\"text-align: center;\">* Abholung\/R\u00fcckgabe von Hotels und Apartments in Alanya<\/div>\n<div style=\"text-align: center;\">* Fr\u00fchst\u00fccks pause in der N\u00e4he von Antalya<\/div>\n<div style=\"text-align: center;\">* Besuch der Museumskirche St. Nikolaus und des Ikonenzentrums<\/div>\n<div style=\"text-align: center;\">* Besuch der antiken Stadt Myra, des antiken Theaters und des Felsenfriedhofs, Mittagessen<\/div>\n<div style=\"text-align: center;\">* Boot zur Insel Kekova und zur versunkenen Stadt (2 Stunden)<\/div>\n<div style=\"text-align: center;\">* Abfahrt von Myra, Pause in der N\u00e4he von Antalya<\/div>\n<div style=\"text-align: center;\">* R\u00fccktransfer zu Ihren Hotels und Apartments in Alanya<\/div>\n<div style=\"text-align: center;\"><\/div>\n<div style=\"text-align: center;\"><strong>IM PREIS INBEGRIFFEN:<\/strong><\/div>\n<div style=\"text-align: center;\">* Abholung\/R\u00fcckgabe von Hotels und Apartments in Alanya<\/div>\n<div style=\"text-align: center;\">* Reiseleiter, Mittagessen, Bootsfahrt entlang der versunkenen Stadt<\/div>\n<div style=\"text-align: center;\">* Alle Eintritts gelder (antike Stadt Myra und St.Nikalous-Museum)<\/div>\n<div style=\"text-align: center;\"><\/div>\n<div style=\"text-align: center;\"><strong>OPTIONALE EXTRAS:<\/strong><\/div>\n<div style=\"text-align: center;\">*Getr\u00e4nke<\/div>\n<div style=\"text-align: center;\"><\/div>\n<div style=\"text-align: center;\"><strong>ZUS\u00c4TZLICHE INFOS &amp; TIPPS:<\/strong><\/div>\n<div style=\"text-align: center;\">* Nehmen Sie Ihre Kamera, Badeanzug, Handtuch, Sonnen brille und bequeme Schuhe mit<\/div>\n<p style=\"text-align: center;\">Erh\u00e4ltlich von Antalya, Alanya, Side, Manavgat, Belek. F\u00fcr genaue Abholzeiten kontaktieren Sie uns bitte.<\/p>\n<p style=\"text-align: center;\">Wir w\u00fcnschen Ihnen unvergessliche Erinnerungen w\u00e4hrend Ihres Urlaubs in der T\u00fcrkei.<\/p>\n<p style=\"text-align: center;\">Ps: F\u00fcr weitere Informationen k\u00f6nnen Sie uns auch per Whats-App-Anruf oder Nachricht kontaktieren.<\/p>\n<p style=\"text-align: center;\">Holiday Excursion team,<\/p>\n<p><iframe loading=\"lazy\" title=\"Demre Myra (General Information)\" width=\"1020\" height=\"765\" src=\"https:\/\/www.youtube.com\/embed\/K8iB-FTp9cg?feature=oembed\" frameborder=\"0\" allow=\"accelerometer; autoplay; clipboard-write; encrypted-media; gyroscope; picture-in-picture; web-share\" allowfullscreen><\/iframe><\/p>\n<p><iframe loading=\"lazy\" title=\"Home of Saint Nicholas (Santa Claus) - Demre, Turkey\" width=\"1020\" height=\"574\" src=\"https:\/\/www.youtube.com\/embed\/wFd-0DcQtvM?feature=oembed\" frameborder=\"0\" allow=\"accelerometer; autoplay; clipboard-write; encrypted-media; gyroscope; picture-in-picture; web-share\" allowfullscreen><\/iframe><\/p>\n<p><iframe loading=\"lazy\" title=\"Myra Antik Kenti Demre\/Antalya - The ancient city of Myra in Demre \/ Antalya\" width=\"1020\" height=\"574\" src=\"https:\/\/www.youtube.com\/embed\/afqk_uuf5nM?feature=oembed\" frameborder=\"0\" allow=\"accelerometer; autoplay; clipboard-write; encrypted-media; gyroscope; picture-in-picture; web-share\" allowfullscreen><\/iframe><\/p>\n","protected":false},"excerpt":{"rendered":"<p>DEMRE MYRA KEKOVA Antike Wunder erkunden: Enth\u00fcllung der Demre Myra Kekova Tour Treten Sie mit der Demre Myra Kekova Tour in ein Reich antiker Geschichte und atemberaubender Natur sch\u00f6nheit ein. Dieser Urlaubsausflug liegt an der atemberaubenden t\u00fcrkischen K\u00fcste und nimmt Sie mit auf eine fesselnde Zeitreise, bei der Sie die faszinierenden Sch\u00e4tze von Demre entdecken,<\/p>\n","protected":false},"featured_media":4571,"comment_status":"open","ping_status":"closed","template":"","meta":[],"product_brand":[],"product_cat":[110],"product_tag":[],"class_list":{"0":"post-5264","1":"product","2":"type-product","3":"status-publish","4":"has-post-thumbnail","6":"product_cat-touren","8":"first","9":"instock","10":"featured","11":"virtual","12":"sold-individually","13":"purchasable","14":"product-type-booking"},"_links":{"self":[{"href":"https:\/\/holidayexcursion.com\/de\/wp-json\/wp\/v2\/product\/5264","targetHints":{"allow":["GET"]}}],"collection":[{"href":"https:\/\/holidayexcursion.com\/de\/wp-json\/wp\/v2\/product"}],"about":[{"href":"https:\/\/holidayexcursion.com\/de\/wp-json\/wp\/v2\/types\/product"}],"replies":[{"embeddable":true,"href":"https:\/\/holidayexcursion.com\/de\/wp-json\/wp\/v2\/comments?post=5264"}],"wp:featuredmedia":[{"embeddable":true,"href":"https:\/\/holidayexcursion.com\/de\/wp-json\/wp\/v2\/media\/4571"}],"wp:attachment":[{"href":"https:\/\/holidayexcursion.com\/de\/wp-json\/wp\/v2\/media?parent=5264"}],"wp:term":[{"taxonomy":"product_brand","embeddable":true,"href":"https:\/\/holidayexcursion.com\/de\/wp-json\/wp\/v2\/product_brand?post=5264"},{"taxonomy":"product_cat","embeddable":true,"href":"https:\/\/holidayexcursion.com\/de\/wp-json\/wp\/v2\/product_cat?post=5264"},{"taxonomy":"product_tag","embeddable":true,"href":"https:\/\/holidayexcursion.com\/de\/wp-json\/wp\/v2\/product_tag?post=5264"}],"curies":[{"name":"wp","href":"https:\/\/api.w.org\/{rel}","templated":true}]}}