{"id":5270,"date":"2021-10-06T17:43:32","date_gmt":"2021-12-06T22:07:37","guid":{"rendered":"http:\/\/holidayexcursion.com\/excursions-in-alanya\/unkategorisiert\/wasserplanet-aquapark-tour\/"},"modified":"2023-12-02T22:21:48","modified_gmt":"2023-12-02T19:21:48","slug":"wasserpark","status":"publish","type":"product","link":"https:\/\/holidayexcursion.com\/de\/tours-in-alanya\/touren\/wasserpark\/","title":{"rendered":"Aquapark Tour"},"content":{"rendered":"<h2 style=\"text-align: center;\">  <strong> ALANYA AQUAPARK TOUR<\/strong><\/h2>\n<p style=\"text-align: center;\"> Familienfreundlicher Spa\u00df: Erkundung von Alanyas Aquapark-Tour und mehr<\/p>\n<p style=\"text-align: center;\">Wenn es um die Planung eines Familienurlaubs geht, ist Alanya in der T\u00fcrkei das ideale Reiseziel. Mit seiner atemberaubenden <a href=\"https:\/\/en.wikipedia.org\/wiki\/Mediterranean_Sea\" rel=\"nofollow noopener\" target=\"_blank\">Mittelmeerk\u00fcste<\/a>, historischen St\u00e4tten und zahlreichen familienfreundlichen Aktivit\u00e4ten bietet Alanya f\u00fcr jeden etwas. Bei dieser Holiday Excursion tour konzentrieren wir uns auf eine der aufregendsten Attraktionen f\u00fcr Familien \u2013 die Alanya Aquapark Tour \u2013 zusammen mit anderen fantastischen Optionen, die ein unterhaltsames Erlebnis f\u00fcr alle Altersgruppen garantieren.<\/p>\n<p style=\"text-align: center;\"> <img loading=\"lazy\" decoding=\"async\" class=\"alignnone size-medium wp-image-27948\" src=\"https:\/\/holidayexcursion.com\/wp-content\/uploads\/2021\/10\/eftelia-island-aquapark.jpg\" alt=\"\" width=\"300\" height=\"168\" title=\"\"><\/p>\n<p style=\"text-align: center;\">1. Alanya Aquapark-Tour:<\/p>\n<p style=\"text-align: center;\">Der Alanya <a href=\"https:\/\/holidayexcursion.com\/tours-in-alanya\/tours\/land-of-legends\/\">Aquapark<\/a> ist ein aufregender Wasserpark, der einen Tag voller Wasserabenteuer und Spannung verspricht. Das k\u00f6nnen Sie von dieser familienfreundlichen Attraktion erwarten:<\/p>\n<p style=\"text-align: center;\">a) Wasserrutschen und Pools:<br \/>\nDer Aquapark verf\u00fcgt \u00fcber eine gro\u00dfe Auswahl an Wasserrutschen, die f\u00fcr jedes Alter und jeden Nervenkitzel geeignet sind. Von sanften Pisten f\u00fcr j\u00fcngere Kinder bis hin zu adrenalingeladenen Hochgeschwindigkeitsrutschen f\u00fcr Jugendliche und Erwachsene ist f\u00fcr jeden etwas dabei. In Becken unterschiedlicher Gr\u00f6\u00dfe und Tiefe k\u00f6nnen Familien entspannen, das erfrischende Wasser genie\u00dfen oder gemeinsam planschen.<\/p>\n<p style=\"text-align: center;\"><img loading=\"lazy\" decoding=\"async\" class=\"alignnone size-medium wp-image-27954\" src=\"https:\/\/holidayexcursion.com\/wp-content\/uploads\/2021\/10\/eftelia-island-holiday-excursion-2-300x168.jpg\" alt=\"\" width=\"300\" height=\"168\" title=\"\" srcset=\"https:\/\/holidayexcursion.com\/wp-content\/uploads\/2021\/10\/eftelia-island-holiday-excursion-2-300x168.jpg 300w, https:\/\/holidayexcursion.com\/wp-content\/uploads\/2021\/10\/eftelia-island-holiday-excursion-2-2048x1149.jpg 2048w, https:\/\/holidayexcursion.com\/wp-content\/uploads\/2021\/10\/eftelia-island-holiday-excursion-2-768x431.jpg 768w, https:\/\/holidayexcursion.com\/wp-content\/uploads\/2021\/10\/eftelia-island-holiday-excursion-2-1024x575.jpg 1024w, https:\/\/holidayexcursion.com\/wp-content\/uploads\/2021\/10\/eftelia-island-holiday-excursion-2-1536x862.jpg 1536w, https:\/\/holidayexcursion.com\/wp-content\/uploads\/2021\/10\/eftelia-island-holiday-excursion-2-600x337.jpg 600w\" sizes=\"auto, (max-width: 300px) 100vw, 300px\" \/><\/p>\n<p style=\"text-align: center;\">b) Lazy River und Wellenbad:<br \/>\nEiner der H\u00f6hepunkte des Aquaparks ist sein Str\u00f6mungskanal. Schnappen Sie sich eine R\u00f6hre, lehnen Sie sich zur\u00fcck und lassen Sie sich von der sanften Str\u00f6mung durch den Park tragen, was zu einem entspannenden und angenehmen Erlebnis f\u00fchrt. Ein weiterer Publikumsmagnet ist das Wellenbad, das mit seinen periodischen Wellen das Gef\u00fchl vermittelt, im Meer zu sein.<\/p>\n<p style=\"text-align: center;\">c) Kinderspielplatz:<br \/>\nDer Aquapark richtet sich an j\u00fcngere Kinder und verf\u00fcgt \u00fcber einen eigenen Spielbereich mit Minirutschen, Planschbecken und interaktiven Wasserspielen. Eltern k\u00f6nnen zusehen, wie ihre Kleinen in einer sicheren und beaufsichtigten Umgebung Spa\u00df haben.<\/p>\n<p style=\"text-align: center;\"><img loading=\"lazy\" decoding=\"async\" class=\"alignnone size-medium wp-image-27960\" src=\"https:\/\/holidayexcursion.com\/wp-content\/uploads\/2021\/10\/Eftelia-island-holiday-excursion1-300x200.jpg\" alt=\"\" width=\"300\" height=\"200\" title=\"\" srcset=\"https:\/\/holidayexcursion.com\/wp-content\/uploads\/2021\/10\/Eftelia-island-holiday-excursion1-300x200.jpg 300w, https:\/\/holidayexcursion.com\/wp-content\/uploads\/2021\/10\/Eftelia-island-holiday-excursion1-768x512.jpg 768w, https:\/\/holidayexcursion.com\/wp-content\/uploads\/2021\/10\/Eftelia-island-holiday-excursion1-600x400.jpg 600w, https:\/\/holidayexcursion.com\/wp-content\/uploads\/2021\/10\/Eftelia-island-holiday-excursion1.jpg 960w\" sizes=\"auto, (max-width: 300px) 100vw, 300px\" \/><\/p>\n<p style=\"text-align: center;\">Alanya ist ein fantastisches Reiseziel f\u00fcr einen Familienurlaub und bietet unz\u00e4hlige Erlebnisse f\u00fcr alle Altersgruppen. Die Alanya Aquapark Tour bietet endlosen Spa\u00df und Spannung mit ihren aufregenden Wasserrutschen, dem Str\u00f6mungskanal und dem Wellenbad. Von der Erkundung historischer St\u00e4tten \u00fcber den Genuss der wundersch\u00f6nen Str\u00e4nde bis hin zur atemberaubenden Aussicht bietet Alanya eine vielf\u00e4ltige Auswahl an familienfreundlichen Aktivit\u00e4ten, die bleibende Erinnerungen schaffen. Packen Sie also Ihre Koffer, machen Sie sich bereit f\u00fcr Spa\u00df in der Sonne und begeben Sie sich auf eine Reise, die Ihre Familie in der bezaubernden Umgebung von Alanya in der T\u00fcrkei n\u00e4her zusammenbringt.<\/p>\n<p style=\"text-align: center;\">Wir laden Sie ein zu einem Tag voller Spa\u00df &#8211; Action &amp; Abenteuer!<\/p>\n<p style=\"text-align: center;\">Der Aquapark bietet wunderbaren, gesunden Spa\u00df f\u00fcr alle Altersgruppen.<\/p>\n<p style=\"text-align: center;\">Der f\u00fchrende Wasserpark an der t\u00fcrkischen Riviera l\u00e4dt Sie ein, einen ganzen Tag voller Spa\u00df, Unterhaltung und Spannung im Wasserpark zu verbringen &#8230;<\/p>\n<p style=\"text-align: center;\">Ein einzigartiger Wasserpark mit den besten Gef\u00fchlen der T\u00fcrkischen Riviera. Hier finden Sie die erstaunlichsten Wasserattraktionen f\u00fcr alle Altersgruppen. Wir laden Sie ein, den sensationellsten und erfrischendsten Sommertag inmitten einer \u00fcppigen Vegetation zu genie\u00dfen. Das bekannte Wellenbad, die Kinderbereiche und die Kid&#8217;s Lagoon, kurvenreiche Rutschen, endlose Abfahrten, entspannende Pools, verr\u00fcckte Fl\u00fcsse sind nicht zu \u00fcbersehen.<\/p>\n<p style=\"text-align: center;\"><img loading=\"lazy\" decoding=\"async\" class=\"alignnone size-medium wp-image-27942\" src=\"https:\/\/holidayexcursion.com\/wp-content\/uploads\/2021\/10\/Aquapark-alanya-holiday-excursion-300x203.jpg\" alt=\"\" width=\"300\" height=\"203\" title=\"\" srcset=\"https:\/\/holidayexcursion.com\/wp-content\/uploads\/2021\/10\/Aquapark-alanya-holiday-excursion-300x203.jpg 300w, https:\/\/holidayexcursion.com\/wp-content\/uploads\/2021\/10\/Aquapark-alanya-holiday-excursion-768x518.jpg 768w, https:\/\/holidayexcursion.com\/wp-content\/uploads\/2021\/10\/Aquapark-alanya-holiday-excursion-600x405.jpg 600w, https:\/\/holidayexcursion.com\/wp-content\/uploads\/2021\/10\/Aquapark-alanya-holiday-excursion.jpg 948w\" sizes=\"auto, (max-width: 300px) 100vw, 300px\" \/><\/p>\n<p style=\"text-align: center;\">Dem Spa\u00df sind im beliebtesten Aquapark des Mittelmeers keine Grenzen gesetzt, egal ob Sie jung oder alt sind.<\/p>\n<p style=\"text-align: center;\">Mit 2000 Personen Tageskapazit\u00e4t l\u00e4dt der gr\u00f6\u00dfte Aquapark des t\u00fcrkischen Mittelmeerraums zu Spa\u00df, Action und Abenteuer ein. Dem Spa\u00df im beliebtesten Wasserparadies des Mittelmeers sind f\u00fcr Jung und Alt keine Grenzen gesetzt.<\/p>\n<p style=\"text-align: center;\">Sie k\u00f6nnen abenteuerlichen Spa\u00df beim Rafting haben, mit Meerblick vom Wald aus entspannen oder Ihren Adrenalinspiegel auf den Rutschen steigern.<br \/>\nFamilienspa\u00df mit der Family Slide, Highspeed-Spa\u00df mit der Kamikaze, 4 Personen nebeneinander bei der Multi Slide, die Sie mit ihrem besonderen Design in eine andere Dimension entf\u00fchrt; das Schwarze Loch, rauf und runter und wieder mit der Pistenrutsche, Kinderrutschen f\u00fcr Kinderspa\u00df und vielem mehr\u2026<\/p>\n<p style=\"text-align: center;\">Im Preis inbegriffen: Transfer vom \/ zum Hotel &#8211; F\u00fchrung &#8211; Eintritt in den Aquapark, Mittagessen.<\/p>\n<p style=\"text-align: center;\">00-06 Alter Mittagessen nicht inbegriffen, muss im Aquapark extra bezahlt werden.<\/p>\n<p style=\"text-align: center;\">Wir w\u00fcnschen Ihnen unvergessliche Erinnerungen w\u00e4hrend Ihres Urlaubs in Alanya, T\u00fcrkei.<\/p>\n<p style=\"text-align: center;\">Ps: F\u00fcr weitere Informationen k\u00f6nnen Sie uns auch per Whats-App-Anruf oder Nachricht kontaktieren.<\/p>\n<p style=\"text-align: center;\">Holiday Excursion team,<\/p>\n<p><iframe loading=\"lazy\" title=\"Waterplanet - Alanya T\u00fcrkei (inkl. Bewertung)\" width=\"1020\" height=\"574\" src=\"https:\/\/www.youtube.com\/embed\/mjkZ2xDl4eo?feature=oembed\" frameborder=\"0\" allow=\"accelerometer; autoplay; clipboard-write; encrypted-media; gyroscope; picture-in-picture\" allowfullscreen><\/iframe><\/p>\n<p><iframe loading=\"lazy\" title=\"Hotel Waterplanet  Aquapark Alanya, 1\/2, www.agentiapatriot.ro\" width=\"1020\" height=\"574\" src=\"https:\/\/www.youtube.com\/embed\/yal2EW_Nfr4?feature=oembed\" frameborder=\"0\" allow=\"accelerometer; autoplay; clipboard-write; encrypted-media; gyroscope; picture-in-picture\" allowfullscreen><\/iframe><\/p>\n<p><iframe loading=\"lazy\" title=\"\u0422\u0443\u0440\u0446\u0438\u044f, \u0410\u043b\u0430\u043d\u044c\u044f, \u0410\u043a\u0432\u0430\u043f\u0430\u0440\u043a &quot;Water Planet&quot; \u0438\u044e\u043b\u044c 2011 \u0447.4\" width=\"1020\" height=\"765\" src=\"https:\/\/www.youtube.com\/embed\/kf84oo82_ig?feature=oembed\" frameborder=\"0\" allow=\"accelerometer; autoplay; clipboard-write; encrypted-media; gyroscope; picture-in-picture\" allowfullscreen><\/iframe><\/p>\n","protected":false},"excerpt":{"rendered":"<p>ALANYA AQUAPARK TOUR Familienfreundlicher Spa\u00df: Erkundung von Alanyas Aquapark-Tour und mehr Wenn es um die Planung eines Familienurlaubs geht, ist Alanya in der T\u00fcrkei das ideale Reiseziel. Mit seiner atemberaubenden Mittelmeerk\u00fcste, historischen St\u00e4tten und zahlreichen familienfreundlichen Aktivit\u00e4ten bietet Alanya f\u00fcr jeden etwas. Bei dieser Holiday Excursion tour konzentrieren wir uns auf eine der aufregendsten Attraktionen<\/p>\n","protected":false},"featured_media":27944,"comment_status":"open","ping_status":"closed","template":"","meta":[],"product_brand":[],"product_cat":[110],"product_tag":[],"class_list":{"0":"post-5270","1":"product","2":"type-product","3":"status-publish","4":"has-post-thumbnail","6":"product_cat-touren","8":"first","9":"instock","10":"featured","11":"virtual","12":"sold-individually","13":"purchasable","14":"product-type-booking"},"_links":{"self":[{"href":"https:\/\/holidayexcursion.com\/de\/wp-json\/wp\/v2\/product\/5270","targetHints":{"allow":["GET"]}}],"collection":[{"href":"https:\/\/holidayexcursion.com\/de\/wp-json\/wp\/v2\/product"}],"about":[{"href":"https:\/\/holidayexcursion.com\/de\/wp-json\/wp\/v2\/types\/product"}],"replies":[{"embeddable":true,"href":"https:\/\/holidayexcursion.com\/de\/wp-json\/wp\/v2\/comments?post=5270"}],"wp:featuredmedia":[{"embeddable":true,"href":"https:\/\/holidayexcursion.com\/de\/wp-json\/wp\/v2\/media\/27944"}],"wp:attachment":[{"href":"https:\/\/holidayexcursion.com\/de\/wp-json\/wp\/v2\/media?parent=5270"}],"wp:term":[{"taxonomy":"product_brand","embeddable":true,"href":"https:\/\/holidayexcursion.com\/de\/wp-json\/wp\/v2\/product_brand?post=5270"},{"taxonomy":"product_cat","embeddable":true,"href":"https:\/\/holidayexcursion.com\/de\/wp-json\/wp\/v2\/product_cat?post=5270"},{"taxonomy":"product_tag","embeddable":true,"href":"https:\/\/holidayexcursion.com\/de\/wp-json\/wp\/v2\/product_tag?post=5270"}],"curies":[{"name":"wp","href":"https:\/\/api.w.org\/{rel}","templated":true}]}}