{"id":5274,"date":"2021-10-06T15:24:44","date_gmt":"2021-12-06T22:07:37","guid":{"rendered":"http:\/\/holidayexcursion.com\/excursions-in-alanya\/unkategorisiert\/tauchen-in-alanya\/"},"modified":"2023-12-04T20:29:25","modified_gmt":"2023-12-04T17:29:25","slug":"tauch-tour","status":"publish","type":"product","link":"https:\/\/holidayexcursion.com\/de\/tours-in-alanya\/touren\/tauch-tour\/","title":{"rendered":"Tauch tour"},"content":{"rendered":"<h2 style=\"font-weight: 400; text-align: center;\"><strong>TAUCH TOUR<\/strong><\/h2>\n<p style=\"text-align: center;\"><strong>Tauchen Sie ein in die Tiefe: Erkunden Sie Alanyas Tauch tour<\/strong><\/p>\n<p style=\"text-align: center;\">Tauchen Sie ein in die bezaubernde Unterwasserwelt von Alanya, indem Sie eine aufregende Tauch tour unternehmen. Alanya liegt an der atemberaubenden Mittelmeer k\u00fcste der T\u00fcrkei und ist ein Paradies f\u00fcr Tauch begeisterte. Es bietet eine Reihe von Tauch pl\u00e4tzen voller lebendiger Meereslebewesen, faszinierender Schiffs wracks und atemberaubender Unterwasser landschaften. Bei dieser Urlaubs ausflugs tour f\u00fchren wir Sie durch die H\u00f6hepunkte und Erlebnisse, die Sie auf einer unvergesslichen Alanya Tauch tour erwarten k\u00f6nnen.<\/p>\n<p style=\"text-align: center;\"><img loading=\"lazy\" decoding=\"async\" class=\"alignnone size-medium wp-image-28166\" src=\"https:\/\/holidayexcursion.com\/wp-content\/uploads\/2021\/10\/alanya-diving-tour-300x223.jpg\" alt=\"\" width=\"300\" height=\"223\" title=\"\" srcset=\"https:\/\/holidayexcursion.com\/wp-content\/uploads\/2021\/10\/alanya-diving-tour-300x223.jpg 300w, https:\/\/holidayexcursion.com\/wp-content\/uploads\/2021\/10\/alanya-diving-tour-600x447.jpg 600w, https:\/\/holidayexcursion.com\/wp-content\/uploads\/2021\/10\/alanya-diving-tour.jpg 720w\" sizes=\"auto, (max-width: 300px) 100vw, 300px\" \/><\/p>\n<p style=\"text-align: center;\">1. Entdecken Sie das reiche Meeresleben:<\/p>\n<p style=\"text-align: center;\">Das kristallklare Wasser von Alanya ist die Heimat einer vielf\u00e4ltigen Vielfalt an Meereslebewesen. Von faszinierenden Lebewesen wie Barrakudas, Zackenbarschen, Kraken bis hin zu Meeresschildkr\u00f6ten ist die Unterwasser welt von Alanya ein unvergesslicher Anblick. Egal, ob Sie Anf\u00e4nger oder erfahrener Taucher sind, die Alanya Tauch tour f\u00fchrt Sie in ein Kaleidoskop des Meer eslebens ein und bietet Ihnen die M\u00f6glichkeit, die Sch\u00f6nheit und Artenvielfalt, die unter der Oberfl\u00e4che gedeiht, aus erster Hand zu erleben.<\/p>\n<p style=\"text-align: center;\"><img loading=\"lazy\" decoding=\"async\" class=\"alignnone size-medium wp-image-28172\" src=\"https:\/\/holidayexcursion.com\/wp-content\/uploads\/2021\/10\/diving-alanya-1-300x225.jpg\" alt=\"\" width=\"300\" height=\"225\" title=\"\" srcset=\"https:\/\/holidayexcursion.com\/wp-content\/uploads\/2021\/10\/diving-alanya-1-300x225.jpg 300w, https:\/\/holidayexcursion.com\/wp-content\/uploads\/2021\/10\/diving-alanya-1-600x450.jpg 600w, https:\/\/holidayexcursion.com\/wp-content\/uploads\/2021\/10\/diving-alanya-1.jpg 750w\" sizes=\"auto, (max-width: 300px) 100vw, 300px\" \/><\/p>\n<p style=\"text-align: center;\">2. Erkunden Sie faszinierende Tauchpl\u00e4tze:<\/p>\n<p style=\"text-align: center;\"><a href=\"https:\/\/en.wikipedia.org\/wiki\/Alanya\" rel=\"nofollow noopener\" target=\"_blank\">Alanya<\/a> verf\u00fcgt \u00fcber zahlreiche Tauch pl\u00e4tze, die Tauchern aller Niveaus gerecht werden. Ein beliebter Ort ist die Piraten h\u00f6hle, wo Sie sich auf ein aufregendes Unterwasser abenteuer einlassen k\u00f6nnen. Tauchen Sie ein in das t\u00fcrkisfarbene Wasser der H\u00f6hle und bestaunen Sie die atemberaubenden Felsformationen, Durch schwimm becken und H\u00f6hlen, die mit bunten Schw\u00e4mmen und Gorgonien geschm\u00fcckt sind. Adrenalin junkies k\u00f6nnen die Tiefen des Tophane Reef erkunden, einem Tauch platz, der f\u00fcr seine Unterwasser schluchten und aufregenden Wandtauchg\u00e4nge bekannt ist.<\/p>\n<p style=\"text-align: center;\"><img loading=\"lazy\" decoding=\"async\" class=\"alignnone size-medium wp-image-28178\" src=\"https:\/\/holidayexcursion.com\/wp-content\/uploads\/2021\/10\/diving-alanya-holiday-excursion-300x225.jpg\" alt=\"\" width=\"300\" height=\"225\" title=\"\" srcset=\"https:\/\/holidayexcursion.com\/wp-content\/uploads\/2021\/10\/diving-alanya-holiday-excursion-300x225.jpg 300w, https:\/\/holidayexcursion.com\/wp-content\/uploads\/2021\/10\/diving-alanya-holiday-excursion-768x576.jpg 768w, https:\/\/holidayexcursion.com\/wp-content\/uploads\/2021\/10\/diving-alanya-holiday-excursion-600x450.jpg 600w, https:\/\/holidayexcursion.com\/wp-content\/uploads\/2021\/10\/diving-alanya-holiday-excursion.jpg 1000w\" sizes=\"auto, (max-width: 300px) 100vw, 300px\" \/><\/p>\n<p style=\"text-align: center;\">3. Eintauchen in die Geschichte: Schiffswracks und Ruinen:<\/p>\n<p style=\"text-align: center;\">Die Alanya-Tauch tour bietet auch die einzigartige Gelegenheit, unter Wasser gelegene historische St\u00e4tten zu erkunden. Tauchen Sie neben versunkenen Schiffen und erleben Sie, wie sie sich in lebendige k\u00fcnstliche Riffe verwandeln. Das bemerkenswerteste Schiffs wrack ist das russische Kampfflugzeug, das sich in Tiefen befindet, die f\u00fcr Taucher unterschiedlicher F\u00e4higkeiten ideal sind. Diese mit Korallen bedeckten und von Meereslebewesen umgebenen Wracks bieten einen faszinierenden Einblick in die Geschichte der Marine und bieten gleichzeitig ein unvergessliches Tauch erlebnis.<\/p>\n<p style=\"text-align: center;\">4. Sicher tauchen mit fachkundigen Guides:<\/p>\n<p style=\"text-align: center;\">Sicherheit steht bei jedem Tauch ausflug an erster Stelle und die Alanya Tauch tour gew\u00e4hrleistet h\u00f6chste Standards. Erfahrene und professionell ausgebildete Guides begleiten Sie w\u00e4hrend der gesamten Reise und bieten ausf\u00fchrliche Einweisungen, Aus r\u00fcstungs \u00fcberpr\u00fcfungen und Anleitungen unter Wasser. Ihr Fachwissen gew\u00e4hrleistet nicht nur Ihre Sicherheit, sondern verbessert auch das gesamte Tauch erlebnis, da sie ihr Wissen \u00fcber die lokale Meereswelt und das Unterwasser gel\u00e4nde weitergeben.<\/p>\n<p style=\"text-align: center;\"><img loading=\"lazy\" decoding=\"async\" class=\"alignnone size-medium wp-image-28184\" src=\"https:\/\/holidayexcursion.com\/wp-content\/uploads\/2021\/10\/holiday-excursion-alanya-300x200.jpg\" alt=\"\" width=\"300\" height=\"200\" title=\"\" srcset=\"https:\/\/holidayexcursion.com\/wp-content\/uploads\/2021\/10\/holiday-excursion-alanya-300x200.jpg 300w, https:\/\/holidayexcursion.com\/wp-content\/uploads\/2021\/10\/holiday-excursion-alanya-768x512.jpg 768w, https:\/\/holidayexcursion.com\/wp-content\/uploads\/2021\/10\/holiday-excursion-alanya-600x400.jpg 600w, https:\/\/holidayexcursion.com\/wp-content\/uploads\/2021\/10\/holiday-excursion-alanya.jpg 1000w\" sizes=\"auto, (max-width: 300px) 100vw, 300px\" \/><\/p>\n<p style=\"text-align: center;\">5. Malerische Bootsfahrten und Komfort an Bord:<\/p>\n<p style=\"text-align: center;\">Neben den aufregenden Tauch g\u00e4ngen umfasst die Alanya Tauch tour auch malerische Boots fahrten entlang der K\u00fcste. Entspannen Sie sich und genie\u00dfen Sie den Panorama blick auf die bezaubernden Str\u00e4nde, Klippen und Burgen von Alanya, w\u00e4hrend Sie zwischen den Tauch pl\u00e4tzen hin und her reisen. Die komfortablen und gut aus gestatteten Boote bieten ausreichend Platz zum Ausruhen, zum geselligen Beisammensein und zum Genie\u00dfen k\u00f6stlicher Snacks und Erfrischungen, sodass Sie sich entspannen und die Sch\u00f6nheit Ihrer Umgebung in vollen Z\u00fcgen genie\u00dfen k\u00f6nnen.<\/p>\n<p style=\"text-align: center;\">Eine Alanya Tauch tour verspricht ein unvergessliches Abenteuer, das Unterwasser erkundung, lebendiges Meeresleben und <a href=\"https:\/\/holidayexcursion.com\/tours-in-alanya\/tours\/side-aspendos-manavgat\/\">historische<\/a> Intrigen vereint. Tauchen Sie ein in die Tiefen des Mittelmeers, entdecken Sie die verborgenen Sch\u00e4tze unter der Oberfl\u00e4che, begegnen Sie exotischen Meereslebewesen und werden Sie Zeuge der \u00dcberreste der Vergangenheit. Mit erfahrenen Guides, die f\u00fcr Ihre Sicherheit und Ihren Komfort sorgen, wird Ihre Alanya Tauch tour zu einem faszinierenden und bereichernden Erlebnis, das Ihnen Erinnerungen f\u00fcrs Leben hinterlassen wird.<\/p>\n<div style=\"text-align: center;\"><strong>ALANYA TAUCH TOUR PROGRAMM:<\/strong><\/div>\n<div style=\"text-align: center;\">\n<div>* Abholung von Hotels und Apartments in Alanya, Ankunft am Hafen<\/div>\n<div>* Steigen Sie in das Tauchboot und fangen Sie an zu segeln<\/div>\n<div>* Einweisung durch Tauch lehrer in das Tauchen, den Boots ablauf und die Sicherheits verfahren<\/div>\n<div>* Der Tauch lehrer macht in kleinen Gruppen den ersten Tauch gang<\/div>\n<div>* Mittag essen auf dem Boot, Entspannen, Sonnenbaden und Schnorcheln.<\/div>\n<div>* Aufbruch zum Nachmittags tauchgang an einem anderen Ort und Beginn der zweiten Tauch g\u00e4nge.<\/div>\n<div>* R\u00fcckgabe des Bootes am Hafen, R\u00fcckgabe an Ihren Hotels und Apartments in Alanya<\/div>\n<div><\/div>\n<\/div>\n<div style=\"text-align: center;\"><strong>IM PREIS INBEGRIFFEN:<\/strong><\/div>\n<div style=\"text-align: center;\">* Abholung\/R\u00fcckgabe von Hotels und Apartments in Alanya, zwei Tauchg\u00e4nge,<\/div>\n<div style=\"text-align: center;\">* Mittagessen (gegrilltes H\u00e4hnchen, Salate, Reis), professioneller F\u00fchrer, Lehrer<\/div>\n<div style=\"text-align: center;\">* S\u00e4mtliche Tauch ausr\u00fcstung<\/div>\n<div style=\"text-align: center;\"><\/div>\n<div style=\"text-align: center;\"><strong>OPTIONALE EXTRAS:<\/strong><\/div>\n<div style=\"text-align: center;\">* Getr\u00e4nke, Fotos und Videos (auf DVD oder USB)<\/div>\n<div style=\"text-align: center;\"><\/div>\n<div style=\"text-align: center;\"><strong>ZUS\u00c4TZLICHE INFOS &amp; TIPPS:<\/strong><\/div>\n<div style=\"text-align: center;\">* Auf der Tauch yacht sind Umkleide kabinen, Toiletten, WC und Duschen vorhanden.<\/div>\n<div style=\"text-align: center;\">* Bade kleidung, tuch, Sonnen creme mitnehmen<\/div>\n<div style=\"text-align: center;\">\n<div>* Wer noch nie taucht, kann bedenkenlos an einer Alanya-Tauch tour teilnehmen. Die Mehr heit unserer Teilnehmer sind Ersttaucher.<\/div>\n<div>* Wer nicht tauchen m\u00f6chte, sondern mit seiner Familie oder Freunden kommen m\u00f6chte, kann an der Tour teilnehmen, indem er nur die Geb\u00fchr f\u00fcr die Boots tour bezahlt.<\/div>\n<div>* Auch Nicht schwimmer k\u00f6nnen an der Alanya-Tauch tour teilnehmen.<\/div>\n<div>* Schwangere Frauen k\u00f6nnen nicht an der Alanya-Tauch tour teilnehmen.<\/div>\n<div>* Wir bieten international anerkannte PADI-, CMAS- und TSSF-Kursprogramme an und verleihen unseren G\u00e4sten auf Anfrage Zertifikate.<\/div>\n<div>* Kinder \u00fcber 10 Jahre d\u00fcrfen tauchen.<\/div>\n<\/div>\n<p style=\"font-weight: 400; text-align: center;\">Der Preis beinhaltet Transfer, Versicherung, Ausr\u00fcstung, Mittagessen und Reiseleitung.<\/p>\n<p style=\"text-align: center;\">Wir w\u00fcnschen Ihnen unvergessliche Erinnerungen w\u00e4hrend Ihres Urlaubs in Alanya, T\u00fcrkei.<\/p>\n<p style=\"text-align: center;\">Ps: F\u00fcr weitere Informationen k\u00f6nnen Sie uns auch per Whats-App-Anruf oder Nachricht kontaktieren.<\/p>\n<p style=\"text-align: center;\">Holiday Excursion team,<\/p>\n<p><iframe loading=\"lazy\" title=\"Alanya da Bat\u0131k Sahil G\u00fcvenlik Botuna Dal\u0131\u015f Yapt\u0131k | Scuba Diving\" width=\"1020\" height=\"574\" src=\"https:\/\/www.youtube.com\/embed\/JeTr8K51rpE?feature=oembed\" frameborder=\"0\" allow=\"accelerometer; autoplay; clipboard-write; encrypted-media; gyroscope; picture-in-picture; web-share\" allowfullscreen><\/iframe><\/p>\n<p><iframe loading=\"lazy\" title=\"Alanya T\u00fcpl\u00fc Dal\u0131\u015f | Korsan Ma\u011faras\u0131 Dal\u0131\u015f B\u00f6lgesi | Scuba Diving\" width=\"1020\" height=\"574\" src=\"https:\/\/www.youtube.com\/embed\/xfHe6s1VHaw?feature=oembed\" frameborder=\"0\" allow=\"accelerometer; autoplay; clipboard-write; encrypted-media; gyroscope; picture-in-picture; web-share\" allowfullscreen><\/iframe><\/p>\n","protected":false},"excerpt":{"rendered":"<p>TAUCH TOUR Tauchen Sie ein in die Tiefe: Erkunden Sie Alanyas Tauch tour Tauchen Sie ein in die bezaubernde Unterwasserwelt von Alanya, indem Sie eine aufregende Tauch tour unternehmen. Alanya liegt an der atemberaubenden Mittelmeer k\u00fcste der T\u00fcrkei und ist ein Paradies f\u00fcr Tauch begeisterte. Es bietet eine Reihe von Tauch pl\u00e4tzen voller lebendiger Meereslebewesen,<\/p>\n","protected":false},"featured_media":4314,"comment_status":"open","ping_status":"closed","template":"","meta":[],"product_brand":[],"product_cat":[110],"product_tag":[],"class_list":{"0":"post-5274","1":"product","2":"type-product","3":"status-publish","4":"has-post-thumbnail","6":"product_cat-touren","8":"first","9":"instock","10":"virtual","11":"sold-individually","12":"purchasable","13":"product-type-booking"},"_links":{"self":[{"href":"https:\/\/holidayexcursion.com\/de\/wp-json\/wp\/v2\/product\/5274","targetHints":{"allow":["GET"]}}],"collection":[{"href":"https:\/\/holidayexcursion.com\/de\/wp-json\/wp\/v2\/product"}],"about":[{"href":"https:\/\/holidayexcursion.com\/de\/wp-json\/wp\/v2\/types\/product"}],"replies":[{"embeddable":true,"href":"https:\/\/holidayexcursion.com\/de\/wp-json\/wp\/v2\/comments?post=5274"}],"wp:featuredmedia":[{"embeddable":true,"href":"https:\/\/holidayexcursion.com\/de\/wp-json\/wp\/v2\/media\/4314"}],"wp:attachment":[{"href":"https:\/\/holidayexcursion.com\/de\/wp-json\/wp\/v2\/media?parent=5274"}],"wp:term":[{"taxonomy":"product_brand","embeddable":true,"href":"https:\/\/holidayexcursion.com\/de\/wp-json\/wp\/v2\/product_brand?post=5274"},{"taxonomy":"product_cat","embeddable":true,"href":"https:\/\/holidayexcursion.com\/de\/wp-json\/wp\/v2\/product_cat?post=5274"},{"taxonomy":"product_tag","embeddable":true,"href":"https:\/\/holidayexcursion.com\/de\/wp-json\/wp\/v2\/product_tag?post=5274"}],"curies":[{"name":"wp","href":"https:\/\/api.w.org\/{rel}","templated":true}]}}