{"id":5276,"date":"2021-10-06T15:34:51","date_gmt":"2021-12-06T22:07:38","guid":{"rendered":"http:\/\/holidayexcursion.com\/excursions-in-alanya\/unkategorisiert\/side-aspendos-manavgat-tour\/"},"modified":"2023-12-04T20:09:29","modified_gmt":"2023-12-04T17:09:29","slug":"side-aspendos-manavgat","status":"publish","type":"product","link":"https:\/\/holidayexcursion.com\/de\/tours-in-alanya\/touren\/side-aspendos-manavgat\/","title":{"rendered":"Side Aspendos Manavgat"},"content":{"rendered":"<h1 style=\"text-align: center;\"><\/h1>\n<h1 style=\"text-align: center;\"><strong>SIDE ASPENDOS MANAVGAT<\/strong><\/h1>\n<p style=\"text-align: center;\"><strong>Antike Wunder erkunden: Side Aspendos Manavgat <\/strong><\/p>\n<p style=\"text-align: center;\">Begeben Sie sich auf eine fesselnde Reise durch Geschichte und Natur, indem Sie an der <a href=\"https:\/\/en.wikipedia.org\/wiki\/Side,_Turkey\" rel=\"nofollow noopener\" target=\"_blank\">Side<\/a> <a href=\"https:\/\/en.wikipedia.org\/wiki\/Aspendos\" rel=\"nofollow noopener\" target=\"_blank\">Aspendos<\/a> Manavgat-Tour teilnehmen. Dieser Ausflug bietet eine einzigartige Gelegenheit, die Sch\u00e4tze antiker Zivilisationen zu entdecken, atemberaubende Landschaften zu erleben und in die faszinierenden Geschichten der t\u00fcrkischen Region Antalya einzutauchen. Bei dieser Urlaubsausflugstour f\u00fchren wir Sie durch die H\u00f6hepunkte und Erlebnisse, die Sie auf dieser unvergesslichen Tour erwarten k\u00f6nnen.<\/p>\n<p style=\"text-align: center;\">1. Seite: Ein lebendiges Museum der Antike:<\/p>\n<p style=\"text-align: center;\">Machen Sie eine Zeitreise in die Vergangenheit und erkunden Sie die antike Stadt Side, die auf einer malerischen Halbinsel zwischen dem Mittelmeer und dem Fluss Side liegt. Durch die gut erhaltenen Ruinen des Apollontempels, eines gro\u00dfen r\u00f6mischen Theaters und die \u00dcberreste der Agora erhalten Sie Einblicke in die lebendige Geschichte und Kultur dieser einst gesch\u00e4ftigen Hafenstadt. Schlendern Sie durch die bezaubernden Stra\u00dfen, die von r\u00f6mischen Mauern umgeben sind, entdecken Sie auf Schritt und Tritt verborgene Sch\u00e4tze und erleben Sie die Verschmelzung antiker Ruinen mit modernem Leben.<\/p>\n<h1 style=\"text-align: center;\"><img loading=\"lazy\" decoding=\"async\" class=\"alignnone size-medium wp-image-28160\" src=\"https:\/\/holidayexcursion.com\/wp-content\/uploads\/2021\/10\/side-antik-tiyatro-holiday-300x216.jpg\" alt=\"\" width=\"300\" height=\"216\" title=\"\" srcset=\"https:\/\/holidayexcursion.com\/wp-content\/uploads\/2021\/10\/side-antik-tiyatro-holiday-300x216.jpg 300w, https:\/\/holidayexcursion.com\/wp-content\/uploads\/2021\/10\/side-antik-tiyatro-holiday-768x553.jpg 768w, https:\/\/holidayexcursion.com\/wp-content\/uploads\/2021\/10\/side-antik-tiyatro-holiday-600x432.jpg 600w, https:\/\/holidayexcursion.com\/wp-content\/uploads\/2021\/10\/side-antik-tiyatro-holiday.jpg 900w\" sizes=\"auto, (max-width: 300px) 100vw, 300px\" \/><\/h1>\n<p style=\"text-align: center;\">2. Aspendos: Ein Wunder der Architektur:<\/p>\n<p style=\"text-align: center;\">\u0130n Side Aspendos Manavgat-Tour Lassen Sie sich von der Pracht von Aspendos, der Heimat eines der am besten erhaltenen antiken Theater der Welt, \u00fcberw\u00e4ltigen. Dieses pr\u00e4chtige Amphitheater wurde im 2. Jahrhundert n. Chr. erbaut und zeigt das architektonische Genie seiner Zeit. Bewundern Sie die bemerkenswerte Akustik, die selbst Fl\u00fcstern auf den h\u00f6chsten Pl\u00e4tzen zu h\u00f6ren gibt, und stellen Sie sich die fesselnden Darbietungen vor, die einst diese B\u00fchne zierte. Wenn Sie innerhalb der Mauern dieses architektonischen Meisterwerks stehen, werden Sie eine unglaubliche Verbindung zur Vergangenheit sp\u00fcren.<\/p>\n<h1 style=\"text-align: center;\"><img loading=\"lazy\" decoding=\"async\" class=\"alignnone size-medium wp-image-28130\" src=\"https:\/\/holidayexcursion.com\/wp-content\/uploads\/2021\/10\/Aspendos-Antik-Kenti3-300x200.jpg\" alt=\"\" width=\"300\" height=\"200\" title=\"\" srcset=\"https:\/\/holidayexcursion.com\/wp-content\/uploads\/2021\/10\/Aspendos-Antik-Kenti3-300x200.jpg 300w, https:\/\/holidayexcursion.com\/wp-content\/uploads\/2021\/10\/Aspendos-Antik-Kenti3-1024x683.jpg 1024w, https:\/\/holidayexcursion.com\/wp-content\/uploads\/2021\/10\/Aspendos-Antik-Kenti3-768x512.jpg 768w, https:\/\/holidayexcursion.com\/wp-content\/uploads\/2021\/10\/Aspendos-Antik-Kenti3-1536x1024.jpg 1536w, https:\/\/holidayexcursion.com\/wp-content\/uploads\/2021\/10\/Aspendos-Antik-Kenti3-2048x1366.jpg 2048w, https:\/\/holidayexcursion.com\/wp-content\/uploads\/2021\/10\/Aspendos-Antik-Kenti3-600x400.jpg 600w\" sizes=\"auto, (max-width: 300px) 100vw, 300px\" \/><\/h1>\n<p style=\"text-align: center;\">3. Manavgat-Wasserfall: Die Ruhe der Natur:<\/p>\n<p style=\"text-align: center;\">Entfliehen Sie inmitten der historischen Wunder der Ruhe der Natur am Manavgat-<a href=\"https:\/\/holidayexcursion.com\/tours-in-alanya\/tours\/sapadere-canyon\/\">Wasserfall.<\/a> Umgeben von \u00fcppigem Gr\u00fcn und nur wenige Kilometer von Side entfernt ergie\u00dft sich dieser atemberaubende Wasserfall in den Manavgat-Fluss und schafft eine malerische Landschaft. Machen Sie einen ruhigen Spaziergang am Flussufer entlang, sp\u00fcren Sie den Nebel, wenn das Wasser in das darunter liegende Becken st\u00fcrzt, und machen Sie unvergessliche Fotos, die die Ruhe und Sch\u00f6nheit dieses Naturwunders verk\u00f6rpern.<\/p>\n<h1 style=\"text-align: center;\"><img loading=\"lazy\" decoding=\"async\" class=\"alignnone size-medium wp-image-28148\" src=\"https:\/\/holidayexcursion.com\/wp-content\/uploads\/2021\/10\/manavgat_selalesi_doga-300x216.jpg\" alt=\"\" width=\"300\" height=\"216\" title=\"\" srcset=\"https:\/\/holidayexcursion.com\/wp-content\/uploads\/2021\/10\/manavgat_selalesi_doga-300x216.jpg 300w, https:\/\/holidayexcursion.com\/wp-content\/uploads\/2021\/10\/manavgat_selalesi_doga-768x553.jpg 768w, https:\/\/holidayexcursion.com\/wp-content\/uploads\/2021\/10\/manavgat_selalesi_doga-600x432.jpg 600w, https:\/\/holidayexcursion.com\/wp-content\/uploads\/2021\/10\/manavgat_selalesi_doga.jpg 900w\" sizes=\"auto, (max-width: 300px) 100vw, 300px\" \/><\/h1>\n<p style=\"text-align: center;\">4. Kulturelle Erlebnisse und Gen\u00fcsse:<\/p>\n<p style=\"text-align: center;\">Side Aspendos Manavgat-Reise zu den historischen und nat\u00fcrlichen Wundern: Die Side Aspendos Manavgat-Tour bietet zahlreiche M\u00f6glichkeiten, in die lokale Kultur einzutauchen. Genie\u00dfen Sie authentische t\u00fcrkische K\u00fcche in lokalen Restaurants und genie\u00dfen Sie regionale K\u00f6stlichkeiten und traditionelle Aromen. Erkunden Sie die lebhaften lokalen Basare voller farbenfroher Textilien, Gew\u00fcrze und Kunsthandwerk, wo Sie mit lokalen H\u00e4ndlern in Kontakt treten und einzigartige Souvenirs finden k\u00f6nnen, die Sie an Ihre Reise erinnern.<\/p>\n<h1 style=\"text-align: center;\"><img loading=\"lazy\" decoding=\"async\" class=\"alignnone size-medium wp-image-28136\" src=\"https:\/\/holidayexcursion.com\/wp-content\/uploads\/2021\/10\/manavgat-boat-holiday-excursion-300x200.jpg\" alt=\"\" width=\"300\" height=\"200\" title=\"\" srcset=\"https:\/\/holidayexcursion.com\/wp-content\/uploads\/2021\/10\/manavgat-boat-holiday-excursion-300x200.jpg 300w, https:\/\/holidayexcursion.com\/wp-content\/uploads\/2021\/10\/manavgat-boat-holiday-excursion-600x400.jpg 600w, https:\/\/holidayexcursion.com\/wp-content\/uploads\/2021\/10\/manavgat-boat-holiday-excursion.jpg 720w\" sizes=\"auto, (max-width: 300px) 100vw, 300px\" \/><\/h1>\n<p style=\"text-align: center;\">5. Professionelle F\u00fchrung:<\/p>\n<p style=\"text-align: center;\">Um ein reibungsloses und bereicherndes Erlebnis zu gew\u00e4hrleisten, wird die Side Aspendos Manavgat-Tour von sachkundigen und freundlichen Reisef\u00fchrern begleitet. Die fachkundigen Reisef\u00fchrer f\u00fchren Sie durch die Geschichte, Mythologie und Bedeutung der einzelnen St\u00e4tten und vermitteln Ihnen ein tieferes Verst\u00e4ndnis f\u00fcr die Wunder, denen Sie begegnen. Sie geben Ihnen auch Insider-Tipps und Empfehlungen, damit Sie Ihre Zeit in dieser faszinierenden Region der T\u00fcrkei optimal nutzen k\u00f6nnen.<\/p>\n<h1 style=\"text-align: center;\"><img loading=\"lazy\" decoding=\"async\" class=\"alignnone size-medium wp-image-28154\" src=\"https:\/\/holidayexcursion.com\/wp-content\/uploads\/2021\/10\/side-antik-kent-holiday-excursion-300x200.jpg\" alt=\"\" width=\"300\" height=\"200\" title=\"\" srcset=\"https:\/\/holidayexcursion.com\/wp-content\/uploads\/2021\/10\/side-antik-kent-holiday-excursion-300x200.jpg 300w, https:\/\/holidayexcursion.com\/wp-content\/uploads\/2021\/10\/side-antik-kent-holiday-excursion-1024x682.jpg 1024w, https:\/\/holidayexcursion.com\/wp-content\/uploads\/2021\/10\/side-antik-kent-holiday-excursion-768x511.jpg 768w, https:\/\/holidayexcursion.com\/wp-content\/uploads\/2021\/10\/side-antik-kent-holiday-excursion-1536x1022.jpg 1536w, https:\/\/holidayexcursion.com\/wp-content\/uploads\/2021\/10\/side-antik-kent-holiday-excursion-600x399.jpg 600w, https:\/\/holidayexcursion.com\/wp-content\/uploads\/2021\/10\/side-antik-kent-holiday-excursion.jpg 1600w\" sizes=\"auto, (max-width: 300px) 100vw, 300px\" \/><\/h1>\n<p style=\"text-align: center;\">Die Side Aspendos Manavgat-Tour vereint den Reiz antiker Zivilisationen, atemberaubender Naturlandschaften und kulturellem Eintauchen in einem einzigen unvergesslichen Erlebnis. Von den beeindruckenden Ruinen von Side \u00fcber das architektonische Wunderwerk von Aspendos bis hin zur Ruhe des Manavgat-Wasserfalls bietet diese Tour eine umfassende Erkundung der historischen und nat\u00fcrlichen Sch\u00e4tze der T\u00fcrkei. Also schn\u00fcren Sie Ihre Wanderschuhe, bringen Sie Ihren Sinn f\u00fcr Staunen mit und machen Sie sich bereit f\u00fcr eine Reise, die Sie in die Vergangenheit zur\u00fcckversetzt und Ihnen Erinnerungen f\u00fcrs Leben hinterl\u00e4sst.<\/p>\n<h1 style=\"text-align: center;\"><img loading=\"lazy\" decoding=\"async\" class=\"alignnone size-medium wp-image-28142\" src=\"https:\/\/holidayexcursion.com\/wp-content\/uploads\/2021\/10\/manavgat-river-boat-tour-300x169.jpg\" alt=\"\" width=\"300\" height=\"169\" title=\"\" srcset=\"https:\/\/holidayexcursion.com\/wp-content\/uploads\/2021\/10\/manavgat-river-boat-tour-300x169.jpg 300w, https:\/\/holidayexcursion.com\/wp-content\/uploads\/2021\/10\/manavgat-river-boat-tour-1024x576.jpg 1024w, https:\/\/holidayexcursion.com\/wp-content\/uploads\/2021\/10\/manavgat-river-boat-tour-768x432.jpg 768w, https:\/\/holidayexcursion.com\/wp-content\/uploads\/2021\/10\/manavgat-river-boat-tour-600x338.jpg 600w, https:\/\/holidayexcursion.com\/wp-content\/uploads\/2021\/10\/manavgat-river-boat-tour.jpg 1200w\" sizes=\"auto, (max-width: 300px) 100vw, 300px\" \/><\/h1>\n<div style=\"text-align: center;\"><strong>SIDE ASPENDOS MANAVGAT WASSERFALL-TOUR-PROGRAMM<\/strong><\/div>\n<div style=\"text-align: center;\">* Abholung von Hotels und Apartments in Alanya<\/div>\n<div style=\"text-align: center;\">* Besuchen Sie Side und seine antike Stadt und besuchen Sie das Amphitheater von Aspendos<\/div>\n<div style=\"text-align: center;\">* Mittagszeit, Besuch des Manavgat-Wasserfalls<\/div>\n<div style=\"text-align: center;\">* R\u00fccktransfer zu Ihren Hotels und Apartments in Alanya<\/div>\n<div style=\"text-align: center;\"><\/div>\n<div style=\"text-align: center;\"><strong>S\u0130DE ASPENDOS MANAVGAT TOUR-PREIS INBEGRIFFEN:<\/strong><\/div>\n<div style=\"text-align: center;\">* Abholung und R\u00fccktransfer von den Hotels und Apartments in Alanya<\/div>\n<div style=\"text-align: center;\">* Reiseleiter Mittagessen (offenes Buffet)<\/div>\n<div style=\"text-align: center;\">* Eintritts preise (Aspendos-Amphitheater: 5 \u20ac, Manavgat-Wasserfall: 2 \u20ac)<\/div>\n<div style=\"text-align: center;\"><\/div>\n<div style=\"text-align: center;\"><strong>OPTIONALE EXTRAS:<\/strong><\/div>\n<div style=\"text-align: center;\">* Getr\u00e4nke, Personal ausgaben<\/div>\n<div style=\"text-align: center;\"><\/div>\n<div style=\"text-align: center;\"><strong>ZUS\u00c4TZLICHE INFORMATIONEN UND TIPPS F\u00dcR DIE S\u0130DE ASPENDOS MANAVGAT TOUR:<\/strong><\/div>\n<div style=\"text-align: center;\">* An den historischen Orten ist das Fotografieren gestattet. Sie k\u00f6nnen Ihre Kamera und Ihr Mobiltelefon mitnehmen<\/div>\n<div style=\"text-align: center;\">* Tragen Sie bequeme Schuhe f\u00fcr Gehbereiche.<\/div>\n<div style=\"text-align: center;\">* Wir bringen Sie zum Manavgat-Wasserfall.<\/div>\n<p style=\"text-align: center;\">Wir w\u00fcnschen Ihnen unvergessliche Erinnerungen w\u00e4hrend Ihres Urlaubs in der T\u00fcrkei.<\/p>\n<p style=\"text-align: center;\">Ps: F\u00fcr weitere Informationen k\u00f6nnen Sie uns auch per Whats-App-Anruf oder Nachricht kontaktieren.<\/p>\n<p style=\"text-align: center;\">Holiday Excursion team,<\/p>\n<p><iframe loading=\"lazy\" title=\"Side, Antalya, Turkey - April 2010\" width=\"1020\" height=\"574\" src=\"https:\/\/www.youtube.com\/embed\/CFtRytRFXLU?feature=oembed\" frameborder=\"0\" allow=\"accelerometer; autoplay; clipboard-write; encrypted-media; gyroscope; picture-in-picture\" allowfullscreen><\/iframe><\/p>\n<p><iframe loading=\"lazy\" title=\"15 Temmuz 2012 Manavgat \u015felalesi gezisi.MP4\" width=\"1020\" height=\"574\" src=\"https:\/\/www.youtube.com\/embed\/OcYEE2v-wQY?feature=oembed\" frameborder=\"0\" allow=\"accelerometer; autoplay; clipboard-write; encrypted-media; gyroscope; picture-in-picture\" allowfullscreen><\/iframe><\/p>\n<p><iframe loading=\"lazy\" title=\"Aspendos Tiyatrosu - Antalya\" width=\"1020\" height=\"574\" src=\"https:\/\/www.youtube.com\/embed\/ON5g6ZlBUvk?feature=oembed\" frameborder=\"0\" allow=\"accelerometer; autoplay; clipboard-write; encrypted-media; gyroscope; picture-in-picture\" allowfullscreen><\/iframe><\/p>\n<p><iframe loading=\"lazy\" title=\"Side-Manavgat-Antalya\" width=\"1020\" height=\"765\" src=\"https:\/\/www.youtube.com\/embed\/ukvzFjpdKZw?feature=oembed\" frameborder=\"0\" allow=\"accelerometer; autoplay; clipboard-write; encrypted-media; gyroscope; picture-in-picture\" allowfullscreen><\/iframe><\/p>\n","protected":false},"excerpt":{"rendered":"<p>SIDE ASPENDOS MANAVGAT Antike Wunder erkunden: Side Aspendos Manavgat Begeben Sie sich auf eine fesselnde Reise durch Geschichte und Natur, indem Sie an der Side Aspendos Manavgat-Tour teilnehmen. Dieser Ausflug bietet eine einzigartige Gelegenheit, die Sch\u00e4tze antiker Zivilisationen zu entdecken, atemberaubende Landschaften zu erleben und in die faszinierenden Geschichten der t\u00fcrkischen Region Antalya einzutauchen. Bei<\/p>\n","protected":false},"featured_media":4713,"comment_status":"open","ping_status":"closed","template":"","meta":[],"product_brand":[],"product_cat":[110],"product_tag":[],"class_list":{"0":"post-5276","1":"product","2":"type-product","3":"status-publish","4":"has-post-thumbnail","6":"product_cat-touren","8":"first","9":"instock","10":"featured","11":"virtual","12":"sold-individually","13":"purchasable","14":"product-type-booking"},"_links":{"self":[{"href":"https:\/\/holidayexcursion.com\/de\/wp-json\/wp\/v2\/product\/5276","targetHints":{"allow":["GET"]}}],"collection":[{"href":"https:\/\/holidayexcursion.com\/de\/wp-json\/wp\/v2\/product"}],"about":[{"href":"https:\/\/holidayexcursion.com\/de\/wp-json\/wp\/v2\/types\/product"}],"replies":[{"embeddable":true,"href":"https:\/\/holidayexcursion.com\/de\/wp-json\/wp\/v2\/comments?post=5276"}],"wp:featuredmedia":[{"embeddable":true,"href":"https:\/\/holidayexcursion.com\/de\/wp-json\/wp\/v2\/media\/4713"}],"wp:attachment":[{"href":"https:\/\/holidayexcursion.com\/de\/wp-json\/wp\/v2\/media?parent=5276"}],"wp:term":[{"taxonomy":"product_brand","embeddable":true,"href":"https:\/\/holidayexcursion.com\/de\/wp-json\/wp\/v2\/product_brand?post=5276"},{"taxonomy":"product_cat","embeddable":true,"href":"https:\/\/holidayexcursion.com\/de\/wp-json\/wp\/v2\/product_cat?post=5276"},{"taxonomy":"product_tag","embeddable":true,"href":"https:\/\/holidayexcursion.com\/de\/wp-json\/wp\/v2\/product_tag?post=5276"}],"curies":[{"name":"wp","href":"https:\/\/api.w.org\/{rel}","templated":true}]}}