{"id":5284,"date":"2021-10-06T17:00:59","date_gmt":"2021-12-06T22:07:40","guid":{"rendered":"http:\/\/holidayexcursion.com\/excursions-in-alanya\/unkategorisiert\/gleitschirmfliegen-in-alanya\/"},"modified":"2024-03-01T08:21:28","modified_gmt":"2024-03-01T05:21:28","slug":"gleitschirm-fliegen","status":"publish","type":"product","link":"https:\/\/holidayexcursion.com\/de\/tours-in-alanya\/touren\/gleitschirm-fliegen\/","title":{"rendered":"Gleitschirmfliegen in Alanya"},"content":{"rendered":"<h2 style=\"text-align: center;\">Gleitschirmfliegen<\/h2>\n<p style=\"text-align: center;\">Paragliding-Abenteuer in Alanya<\/p>\n<p style=\"text-align: center;\">Sind Sie bereit f\u00fcr ein aufregendes Abenteuer, das Sie in den Himmel \u00fcber Alanya f\u00fchrt? Dann ist Paragliding genau das Richtige f\u00fcr Sie \u2013 eine beliebte Aktivit\u00e4t, bei der Sie die atemberaubende Sch\u00f6nheit dieser t\u00fcrkischen K\u00fcsten <a href=\"https:\/\/holidayexcursion.com\/tours-in-alanya\/tours\/city-tour\/\">stadt<\/a> aus einer einzigartigen und aufregenden Perspektive erleben k\u00f6nnen. Bei dieser Urlaubsausflugstour nehmen wir Sie mit auf eine Reise durch die aufregende Welt des Alanya-Gleitschirmfliegens und bieten Ihnen Einblicke in das Erlebnis, die Sicherheitsma\u00dfnahmen und die beeindruckenden Landschaften, denen Sie begegnen werden.<\/p>\n<p><img loading=\"lazy\" decoding=\"async\" class=\"size-medium wp-image-4096\" src=\"https:\/\/holidayexcursion.com\/wp-content\/uploads\/2021\/10\/alanya-paragliding-6.webp\" alt=\"Alanya-Paragliding\" width=\"300\" height=\"300\" title=\"\" srcset=\"https:\/\/holidayexcursion.com\/wp-content\/uploads\/2021\/10\/alanya-paragliding-6.webp 2000w, https:\/\/holidayexcursion.com\/wp-content\/uploads\/2021\/10\/alanya-paragliding-6-300x300.webp 300w, https:\/\/holidayexcursion.com\/wp-content\/uploads\/2021\/10\/alanya-paragliding-6-768x768.webp 768w, https:\/\/holidayexcursion.com\/wp-content\/uploads\/2021\/10\/alanya-paragliding-6-1024x1024.webp 1024w, https:\/\/holidayexcursion.com\/wp-content\/uploads\/2021\/10\/alanya-paragliding-6-1536x1536.webp 1536w, https:\/\/holidayexcursion.com\/wp-content\/uploads\/2021\/10\/alanya-paragliding-6-600x600.webp 600w, https:\/\/holidayexcursion.com\/wp-content\/uploads\/2021\/10\/alanya-paragliding-6-100x100.webp 100w, https:\/\/holidayexcursion.com\/wp-content\/uploads\/2021\/10\/alanya-paragliding-6-150x150.webp 150w\" sizes=\"auto, (max-width: 300px) 100vw, 300px\" \/><\/p>\n<p style=\"text-align: center;\">1. Der Adrenalinsto\u00df:<\/p>\n<p style=\"text-align: center;\">W\u00e4hrend Sie sich auf den Flug vorbereiten, wachsen Spannung und Vorfreude in Ihnen. Gleitschirmfliegen in Alanya bietet einen unvergleichlichen Adrenalinsto\u00df. Sie schweben unter einem farbenfrohen Baldachin durch die Luft und f\u00fchlen sich schwerelos, w\u00e4hrend der Wind Sie tr\u00e4gt. Die Kombination aus Geschwindigkeit, H\u00f6he und der Aussicht auf die Naturwunder aus der Vogelperspektive wird Sie mit einem Gef\u00fchl der Hochstimmung und einer unvergesslichen Erinnerung zur\u00fccklassen.<\/p>\n<p><img loading=\"lazy\" decoding=\"async\" class=\"size-medium wp-image-28124 aligncenter\" src=\"https:\/\/holidayexcursion.com\/wp-content\/uploads\/2021\/10\/paragliding-Alanya-2-300x200.jpg\" alt=\"\" width=\"300\" height=\"200\" title=\"\" srcset=\"https:\/\/holidayexcursion.com\/wp-content\/uploads\/2021\/10\/paragliding-Alanya-2-300x200.jpg 300w, https:\/\/holidayexcursion.com\/wp-content\/uploads\/2021\/10\/paragliding-Alanya-2-600x400.jpg 600w, https:\/\/holidayexcursion.com\/wp-content\/uploads\/2021\/10\/paragliding-Alanya-2.jpg 669w\" sizes=\"auto, (max-width: 300px) 100vw, 300px\" \/><\/p>\n<p style=\"text-align: center;\">2. Sicherheit geht vor:<\/p>\n<p style=\"text-align: center;\"><a href=\"https:\/\/en.wikipedia.org\/wiki\/Alanya\" rel=\"nofollow noopener\" target=\"_blank\">Alanya<\/a> Paragliding ist ein adrenalingeladenes Abenteuer, aber Sicherheit ist von gr\u00f6\u00dfter Bedeutung. Vor dem Abflug erhalten Sie eine umfassende Sicherheitseinweisung durch fachkundige Instruktoren. Sie f\u00fchren Sie durch die notwendigen Vorsichtsma\u00dfnahmen und zeigen Ihnen den Umgang mit der Ausr\u00fcstung. Seien Sie versichert, erfahrene Piloten werden Sie w\u00e4hrend des gesamten Fluges begleiten und sicherstellen, dass alle Sicherheitsma\u00dfnahmen eingehalten werden. Es ist bekannt, dass Alanya \u00fcber erfahrene und lizenzierte Gleitschirmflieger verf\u00fcgt, bei denen Ihre Sicherheit und Ihr Wohlbefinden an erster Stelle stehen.<\/p>\n<p><img loading=\"lazy\" decoding=\"async\" class=\"size-medium wp-image-28118 aligncenter\" src=\"https:\/\/holidayexcursion.com\/wp-content\/uploads\/2021\/10\/Paragliding-alanya-300x200.jpg\" alt=\"\" width=\"300\" height=\"200\" title=\"\" srcset=\"https:\/\/holidayexcursion.com\/wp-content\/uploads\/2021\/10\/Paragliding-alanya-300x200.jpg 300w, https:\/\/holidayexcursion.com\/wp-content\/uploads\/2021\/10\/Paragliding-alanya-600x400.jpg 600w, https:\/\/holidayexcursion.com\/wp-content\/uploads\/2021\/10\/Paragliding-alanya.jpg 720w\" sizes=\"auto, (max-width: 300px) 100vw, 300px\" \/><\/p>\n<p style=\"text-align: center;\">3. Unvergessliche Ausblicke:<\/p>\n<p style=\"text-align: center;\">Stellen Sie sich das Gef\u00fchl vor, hoch \u00fcber der atemberaubenden K\u00fcste von Alanya zu gleiten, mit Panoramablick auf das t\u00fcrkisfarbene Wasser des Mittelmeers und die kilometerlangen goldenen Str\u00e4nde. Alanya Paragliding bietet einen einzigartigen Aussichtspunkt, um die bedeutendsten Wahrzeichen der Stadt zu bewundern, darunter die auf einem H\u00fcgel thronende Burg von Alanya, den malerischen Hafen und das umliegende Taurusgebirge. Die Kombination aus atemberaubender Natursch\u00f6nheit und antiken historischen St\u00e4tten wird Ihnen den Atem rauben.<\/p>\n<p><img loading=\"lazy\" decoding=\"async\" class=\"size-medium wp-image-4091 aligncenter\" src=\"https:\/\/holidayexcursion.com\/wp-content\/uploads\/2021\/10\/alanya-paragliding-1.webp\" alt=\"Alanya-Paragliding\" width=\"300\" height=\"300\" title=\"\" srcset=\"https:\/\/holidayexcursion.com\/wp-content\/uploads\/2021\/10\/alanya-paragliding-1.webp 2000w, https:\/\/holidayexcursion.com\/wp-content\/uploads\/2021\/10\/alanya-paragliding-1-300x300.webp 300w, https:\/\/holidayexcursion.com\/wp-content\/uploads\/2021\/10\/alanya-paragliding-1-768x768.webp 768w, https:\/\/holidayexcursion.com\/wp-content\/uploads\/2021\/10\/alanya-paragliding-1-1024x1024.webp 1024w, https:\/\/holidayexcursion.com\/wp-content\/uploads\/2021\/10\/alanya-paragliding-1-1536x1536.webp 1536w, https:\/\/holidayexcursion.com\/wp-content\/uploads\/2021\/10\/alanya-paragliding-1-600x600.webp 600w, https:\/\/holidayexcursion.com\/wp-content\/uploads\/2021\/10\/alanya-paragliding-1-100x100.webp 100w, https:\/\/holidayexcursion.com\/wp-content\/uploads\/2021\/10\/alanya-paragliding-1-150x150.webp 150w\" sizes=\"auto, (max-width: 300px) 100vw, 300px\" \/><\/p>\n<p style=\"text-align: center;\">4. F\u00fcr alle geeignet:<\/p>\n<p style=\"text-align: center;\">Das Tolle am Paragliding in Alanya ist, dass es f\u00fcr Menschen unterschiedlichen Alters und Fitnessniveaus geeignet ist. Es sind keine Vorkenntnisse erforderlich, da Sie von erfahrenen Piloten begleitet werden, die sich um alle Aspekte des Fluges k\u00fcmmern. Egal, ob Sie ein Adrenalin-Junkie auf der Suche nach einem Adrenalinkick sind oder einfach jemand, der etwas Neues ausprobieren m\u00f6chte, Paragliding in Alanya bietet f\u00fcr jeden ein zug\u00e4ngliches und unvergessliches Abenteuer.<\/p>\n<p style=\"text-align: center;\">5. Ein wirklich unvergessliches Erlebnis:<\/p>\n<p style=\"text-align: center;\">Paragliding in Alanya bietet nicht nur ein aufregendes Abenteuer, sondern auch ein Gef\u00fchl der Befreiung und des Einsseins mit der Natur. W\u00e4hrend Sie durch den Himmel gleiten, nehmen Sie sich einen Moment Zeit, um die Ruhe und Gelassenheit der Umgebung zu genie\u00dfen. Die Kombination aus Adrenalin und Ruhe schafft ein Erlebnis, das einen bleibenden Eindruck hinterl\u00e4sst und Sie an die Sch\u00f6nheit und Weite der Welt um uns herum erinnert.<\/p>\n<p><img loading=\"lazy\" decoding=\"async\" class=\"size-medium wp-image-4094 aligncenter\" src=\"https:\/\/holidayexcursion.com\/wp-content\/uploads\/2021\/10\/alanya-paragliding-4.webp\" alt=\"Alanya-Paragliding\" width=\"300\" height=\"300\" title=\"\" srcset=\"https:\/\/holidayexcursion.com\/wp-content\/uploads\/2021\/10\/alanya-paragliding-4.webp 2000w, https:\/\/holidayexcursion.com\/wp-content\/uploads\/2021\/10\/alanya-paragliding-4-300x300.webp 300w, https:\/\/holidayexcursion.com\/wp-content\/uploads\/2021\/10\/alanya-paragliding-4-768x768.webp 768w, https:\/\/holidayexcursion.com\/wp-content\/uploads\/2021\/10\/alanya-paragliding-4-1024x1024.webp 1024w, https:\/\/holidayexcursion.com\/wp-content\/uploads\/2021\/10\/alanya-paragliding-4-1536x1536.webp 1536w, https:\/\/holidayexcursion.com\/wp-content\/uploads\/2021\/10\/alanya-paragliding-4-600x600.webp 600w, https:\/\/holidayexcursion.com\/wp-content\/uploads\/2021\/10\/alanya-paragliding-4-100x100.webp 100w, https:\/\/holidayexcursion.com\/wp-content\/uploads\/2021\/10\/alanya-paragliding-4-150x150.webp 150w\" sizes=\"auto, (max-width: 300px) 100vw, 300px\" \/><\/p>\n<p style=\"text-align: center;\">Paragliding in Alanya ist ein absolutes Muss f\u00fcr Abenteurer, die ein unvergessliches Erlebnis in diesem K\u00fcstenparadies suchen. Mit seinen atemberaubenden Aussichten, dem Nervenkitzel des Fluges und den geltenden Sicherheitsma\u00dfnahmen bietet das Gleitschirmfliegen die M\u00f6glichkeit, Alanya aus einer ganz anderen Perspektive zu sehen. Schnallen Sie sich also Ihr Gurtzeug an, bereiten Sie sich auf den Flug vor und lassen Sie sich von den Winden auf eine unglaubliche Reise durch den Himmel von Alanya tragen. Machen Sie sich bereit, Erinnerungen zu schaffen, die ein Leben lang anhalten und Ihnen eine neu entdeckte Liebe zum Abenteuer und zur Sch\u00f6nheit der Natur hinterlassen.<\/p>\n<p style=\"text-align: center;\">Tourprogramm;<br \/>\n&#8211; Abholung von Hotels eine kurze Information \u00fcber das Fliegen<br \/>\n&#8211; Anfahrt zum Startpunkt<br \/>\n&#8211; Vorbereitung der Fallschirme am Startplatz<br \/>\n&#8211; Mit Pilot ein paar einfache Schritte machen<br \/>\n&#8211; Segeln in den Himmel ca. 25 Minuten<br \/>\n&#8211; Eine einfache Landung am Kleopatra-Strand<br \/>\n&#8211; Fotoaufnahme per Video und R\u00fcckkehr zum Hotel<\/p>\n<p style=\"text-align: center;\">Preis inbegriffen:<br \/>\n\u2022 Abholung und R\u00fccktransfer von\/zu Ihrem Hotel<br \/>\n\u2022 25 Minuten Flug<br \/>\n\u2022 Alle Ger\u00e4te<br \/>\n\u2022 Anweisungen durch international zugelassene Experten<br \/>\n\u2022 Versicherung<\/p>\n<p style=\"text-align: center;\">Preis NICHT enthalten:<br \/>\nEssen &amp; Trinken Fotos &amp; Videos<br \/>\nWeitere Informationen:<br \/>\nDa wir Ihren genauen Gesundheitszustand nicht kennen, fliegen Sie auf eigene Gefahr.<br \/>\nSelbstverst\u00e4ndlich fliegen wir mit modernstem Equipment und logischerweise mit g\u00fcltiger Lizenz und Versicherung.<\/p>\n<p style=\"text-align: center;\">Bitte bequeme Kleidung tragen und mitbringen;<br \/>\nSonnenbrille, festes Paar Schuhe<\/p>\n<p style=\"text-align: center;\">Gewichtsbeschr\u00e4nkungen f\u00fcr Teilnehmer;<br \/>\nMindestgewicht : 25 kg<br \/>\nH\u00f6chstgewicht : 120 kG<\/p>\n<p style=\"text-align: center;\">Wir w\u00fcnschen Ihnen unvergessliche Erinnerungen w\u00e4hrend Ihres Urlaubs in Alanya, T\u00fcrkei.<\/p>\n<p style=\"text-align: center;\">Ps: F\u00fcr weitere Informationen k\u00f6nnen Sie uns auch per Whats-App-Anruf oder Nachricht kontaktieren.<\/p>\n<p style=\"text-align: center;\">Holiday Excursion team,<\/p>\n<p><iframe loading=\"lazy\" title=\"Alanya Paragliding\" width=\"1020\" height=\"574\" src=\"https:\/\/www.youtube.com\/embed\/xfECDndJoBA?feature=oembed\" frameborder=\"0\" allow=\"accelerometer; autoplay; clipboard-write; encrypted-media; gyroscope; picture-in-picture; web-share\" allowfullscreen><\/iframe><\/p>\n<p><iframe loading=\"lazy\" title=\"Alanya Tandem Paragliding\" width=\"1020\" height=\"765\" src=\"https:\/\/www.youtube.com\/embed\/bA4XdCXcm1E?feature=oembed\" frameborder=\"0\" allow=\"accelerometer; autoplay; clipboard-write; encrypted-media; gyroscope; picture-in-picture\" allowfullscreen><\/iframe><\/p>\n","protected":false},"excerpt":{"rendered":"<p>Gleitschirmfliegen Paragliding-Abenteuer in Alanya Sind Sie bereit f\u00fcr ein aufregendes Abenteuer, das Sie in den Himmel \u00fcber Alanya f\u00fchrt? Dann ist Paragliding genau das Richtige f\u00fcr Sie \u2013 eine beliebte Aktivit\u00e4t, bei der Sie die atemberaubende Sch\u00f6nheit dieser t\u00fcrkischen K\u00fcsten stadt aus einer einzigartigen und aufregenden Perspektive erleben k\u00f6nnen. Bei dieser Urlaubsausflugstour nehmen wir Sie<\/p>\n","protected":false},"featured_media":4211,"comment_status":"open","ping_status":"closed","template":"","meta":[],"product_brand":[],"product_cat":[110],"product_tag":[],"class_list":{"0":"post-5284","1":"product","2":"type-product","3":"status-publish","4":"has-post-thumbnail","6":"product_cat-touren","8":"first","9":"instock","10":"virtual","11":"sold-individually","12":"purchasable","13":"product-type-booking"},"_links":{"self":[{"href":"https:\/\/holidayexcursion.com\/de\/wp-json\/wp\/v2\/product\/5284","targetHints":{"allow":["GET"]}}],"collection":[{"href":"https:\/\/holidayexcursion.com\/de\/wp-json\/wp\/v2\/product"}],"about":[{"href":"https:\/\/holidayexcursion.com\/de\/wp-json\/wp\/v2\/types\/product"}],"replies":[{"embeddable":true,"href":"https:\/\/holidayexcursion.com\/de\/wp-json\/wp\/v2\/comments?post=5284"}],"wp:featuredmedia":[{"embeddable":true,"href":"https:\/\/holidayexcursion.com\/de\/wp-json\/wp\/v2\/media\/4211"}],"wp:attachment":[{"href":"https:\/\/holidayexcursion.com\/de\/wp-json\/wp\/v2\/media?parent=5284"}],"wp:term":[{"taxonomy":"product_brand","embeddable":true,"href":"https:\/\/holidayexcursion.com\/de\/wp-json\/wp\/v2\/product_brand?post=5284"},{"taxonomy":"product_cat","embeddable":true,"href":"https:\/\/holidayexcursion.com\/de\/wp-json\/wp\/v2\/product_cat?post=5284"},{"taxonomy":"product_tag","embeddable":true,"href":"https:\/\/holidayexcursion.com\/de\/wp-json\/wp\/v2\/product_tag?post=5284"}],"curies":[{"name":"wp","href":"https:\/\/api.w.org\/{rel}","templated":true}]}}