{"id":5294,"date":"2021-10-06T02:57:30","date_gmt":"2021-12-06T22:07:43","guid":{"rendered":"http:\/\/holidayexcursion.com\/excursions-in-alanya\/unkategorisiert\/pamukkale-tour\/"},"modified":"2023-12-05T00:10:51","modified_gmt":"2023-12-04T21:10:51","slug":"salda-see-pamukkale","status":"publish","type":"product","link":"https:\/\/holidayexcursion.com\/de\/tours-in-alanya\/touren\/salda-see-pamukkale\/","title":{"rendered":"Salda See Pamukkale Tour"},"content":{"rendered":"<h2 style=\"font-weight: 400; text-align: center;\">SALDA SEE PAMUKKALE TOUR<\/h2>\n<p style=\"text-align: center;\">Bezaubernde Wunder: Enth\u00fcllung der Salda See Pamukkale Tour<\/p>\n<p style=\"text-align: center;\">Begeben Sie sich auf eine fesselnde Reise und erleben Sie zwei der faszinierendsten Naturwunder der T\u00fcrkei, den Salda See Pamukkale tour. Diese Tour f\u00fchrt Sie durch die atemberaubenden Landschaften im S\u00fcdwesten der T\u00fcrkei, wo Sie das reine t\u00fcrkisfarbene Wasser des Salda-Sees und die bemerkenswerten terrassenf\u00f6rmig angelegten Travertinbecken von Pamukkale in Erstaunen versetzen werden. Entdecken Sie mit uns die <a href=\"https:\/\/holidayexcursion.com\/tours-in-alanya\/tours\/boat-tour\/\">H\u00f6hepunkte<\/a> und Erlebnisse, die Sie auf dieser bezaubernden Tour erwarten.<\/p>\n<p style=\"text-align: center;\"><img loading=\"lazy\" decoding=\"async\" class=\"alignnone size-medium wp-image-28393\" src=\"https:\/\/holidayexcursion.com\/wp-content\/uploads\/2021\/10\/pamukkale-tour-holiday-excursion-300x225.jpg\" alt=\"\" width=\"300\" height=\"225\" title=\"\" srcset=\"https:\/\/holidayexcursion.com\/wp-content\/uploads\/2021\/10\/pamukkale-tour-holiday-excursion-300x225.jpg 300w, https:\/\/holidayexcursion.com\/wp-content\/uploads\/2021\/10\/pamukkale-tour-holiday-excursion-768x576.jpg 768w, https:\/\/holidayexcursion.com\/wp-content\/uploads\/2021\/10\/pamukkale-tour-holiday-excursion-600x450.jpg 600w, https:\/\/holidayexcursion.com\/wp-content\/uploads\/2021\/10\/pamukkale-tour-holiday-excursion.jpg 1024w\" sizes=\"auto, (max-width: 300px) 100vw, 300px\" \/><\/p>\n<p style=\"text-align: center;\">1. Salda-See Pamukkale: Die t\u00fcrkischen Malediven:<\/p>\n<p style=\"text-align: center;\">Der als \u201e<a href=\"https:\/\/en.wikipedia.org\/wiki\/Lake_Salda\" rel=\"nofollow noopener\" target=\"_blank\">T\u00fcrkische Malediven<\/a>\u201c bekannte Salda See ist ein verstecktes Juwel inmitten atemberaubender Natursch\u00f6nheit. Mit seinem kristallklaren t\u00fcrkisfarbenen Wasser, den puderwei\u00dfen Sandstr\u00e4nden und der malerischen Umgebung bietet dieser atemberaubende See ein einzigartiges und ruhiges Erlebnis. Tauchen Sie ein in das erfrischende Wasser, entspannen Sie an den unber\u00fchrten Ufern und machen Sie Instagram-w\u00fcrdige Fotos der surrealen Landschaften. Entdecken Sie die beeindruckende Sch\u00f6nheit des Salda-Sees, ein wahres Paradies, das Sie faszinieren wird.<\/p>\n<p style=\"text-align: center;\"><img loading=\"lazy\" decoding=\"async\" class=\"alignnone size-medium wp-image-28399\" src=\"https:\/\/holidayexcursion.com\/wp-content\/uploads\/2021\/10\/Salda-lake-pamukkale-1-300x174.jpg\" alt=\"\" width=\"300\" height=\"174\" title=\"\" srcset=\"https:\/\/holidayexcursion.com\/wp-content\/uploads\/2021\/10\/Salda-lake-pamukkale-1-300x174.jpg 300w, https:\/\/holidayexcursion.com\/wp-content\/uploads\/2021\/10\/Salda-lake-pamukkale-1-600x349.jpg 600w, https:\/\/holidayexcursion.com\/wp-content\/uploads\/2021\/10\/Salda-lake-pamukkale-1.jpg 745w\" sizes=\"auto, (max-width: 300px) 100vw, 300px\" \/><\/p>\n<p style=\"text-align: center;\">2. Salda See Pamukkale: Ein Naturwunderland:<\/p>\n<p style=\"text-align: center;\">Lassen Sie sich von <a href=\"https:\/\/en.wikipedia.org\/wiki\/Pamukkale\" rel=\"nofollow noopener\" target=\"_blank\">Pamukkale<\/a> verzaubern, das oft als \u201eBaumwollschloss\u201c bezeichnet wird. Dieses UNESCO-Weltkulturerbe verf\u00fcgt \u00fcber terrassenf\u00f6rmig angelegte Travertinbecken, die mit Thermalwasser gef\u00fcllt sind und ein surreales Schauspiel bieten. Bewundern Sie beim Aufstieg die Terrassen die atemberaubenden wei\u00dfen Formationen und genie\u00dfen Sie das warme und heilende mineralreiche Wasser. Der surreale Anblick kaskadierender Pools vor einer gr\u00fcnen Kulisse ist wirklich ein unvergesslicher Anblick. Pamukkale bietet auch die M\u00f6glichkeit, die antike Stadt Hierapolis zu erkunden, wo Sie antike Ruinen entdecken und mehr \u00fcber ihre historische Bedeutung erfahren k\u00f6nnen.<\/p>\n<p style=\"text-align: center;\"><img loading=\"lazy\" decoding=\"async\" class=\"alignnone size-medium wp-image-28417\" src=\"https:\/\/holidayexcursion.com\/wp-content\/uploads\/2021\/10\/Salda-pamukkale-turu-holiday-excursion-300x184.jpg\" alt=\"\" width=\"300\" height=\"184\" title=\"\" srcset=\"https:\/\/holidayexcursion.com\/wp-content\/uploads\/2021\/10\/Salda-pamukkale-turu-holiday-excursion-300x184.jpg 300w, https:\/\/holidayexcursion.com\/wp-content\/uploads\/2021\/10\/Salda-pamukkale-turu-holiday-excursion.jpg 596w\" sizes=\"auto, (max-width: 300px) 100vw, 300px\" \/><\/p>\n<p style=\"text-align: center;\">3. Thermalb\u00e4der und Verw\u00f6hn programm am Salda See Pamukkale:<\/p>\n<p style=\"text-align: center;\">3. Therme und Verw\u00f6hnung: Dieses nat\u00fcrlich erw\u00e4rmte, mineralreiche Wasser ist f\u00fcr seine heilende Wirkung bekannt und bietet ein unvergessliches Badeerlebnis. Die Thermalb\u00e4der von Pamukkale bieten eine einzigartige Gelegenheit zum Entspannen und Erholen, umgeben von atemberaubender Natursch\u00f6nheit. Stellen Sie sich vor, Sie tauchen in das warme Wasser ein, regenerieren Ihren K\u00f6rper und sp\u00fcren, wie der ganze Stress nachl\u00e4sst.<\/p>\n<p style=\"text-align: center;\"><img loading=\"lazy\" decoding=\"async\" class=\"alignnone size-medium wp-image-28405\" src=\"https:\/\/holidayexcursion.com\/wp-content\/uploads\/2021\/10\/Salda-lake-pamukkale-2-300x159.webp\" alt=\"\" width=\"300\" height=\"159\" title=\"\" srcset=\"https:\/\/holidayexcursion.com\/wp-content\/uploads\/2021\/10\/Salda-lake-pamukkale-2-300x159.webp 300w, https:\/\/holidayexcursion.com\/wp-content\/uploads\/2021\/10\/Salda-lake-pamukkale-2-600x318.webp 600w, https:\/\/holidayexcursion.com\/wp-content\/uploads\/2021\/10\/Salda-lake-pamukkale-2.webp 650w\" sizes=\"auto, (max-width: 300px) 100vw, 300px\" \/><\/p>\n<p style=\"text-align: center;\">4. Salda See Pamukkale Tour mit F\u00fchrung und Komfort:<\/p>\n<p style=\"text-align: center;\">Die Salda See Pamukkale Tour bietet das Fachwissen erfahrener Reisef\u00fchrer, die sich mit der Geschichte, Kultur und den Naturwundern der Region bestens auskennen. Sie begleiten Sie w\u00e4hrend der gesamten Tour, geben aufschlussreiche Kommentare und sorgen f\u00fcr Ihren Komfort und Ihre Sicherheit. Ihr Wissen und ihre Leidenschaft f\u00fcr die Reiseziele werden Ihr Verst\u00e4ndnis und Ihre Wertsch\u00e4tzung f\u00fcr die H\u00f6hepunkte der Tour erheblich verbessern und es Ihnen erm\u00f6glichen, vollst\u00e4ndig in die Wunder des Salda-Sees und von Pamukkale einzutauchen.<\/p>\n<p style=\"text-align: center;\"><img loading=\"lazy\" decoding=\"async\" class=\"alignnone size-medium wp-image-28411\" src=\"https:\/\/holidayexcursion.com\/wp-content\/uploads\/2021\/10\/Salda-lake-pamukkale-trip-300x200.jpg\" alt=\"\" width=\"300\" height=\"200\" title=\"\" srcset=\"https:\/\/holidayexcursion.com\/wp-content\/uploads\/2021\/10\/Salda-lake-pamukkale-trip-300x200.jpg 300w, https:\/\/holidayexcursion.com\/wp-content\/uploads\/2021\/10\/Salda-lake-pamukkale-trip-600x400.jpg 600w, https:\/\/holidayexcursion.com\/wp-content\/uploads\/2021\/10\/Salda-lake-pamukkale-trip.jpg 669w\" sizes=\"auto, (max-width: 300px) 100vw, 300px\" \/><\/p>\n<div class=\"mceTemp\" style=\"text-align: center;\"><\/div>\n<p style=\"text-align: center;\">5. Spektakul\u00e4rer Kontrast der Natur:<\/p>\n<p style=\"text-align: center;\">Die Salda See Pamukkale Tour bietet einen einzigartigen Kontrast zwischen zwei atemberaubenden Naturwundern. Vom unber\u00fchrten t\u00fcrkisfarbenen Wasser und den Sandstr\u00e4nden des Salda-Sees aus werden Sie in eine friedliche und ruhige Umgebung eintauchen. Wenn Sie nach Pamukkale ziehen, schaffen die dramatischen Terrassenbecken und antiken Ruinen eine dynamische und beeindruckende Atmosph\u00e4re. Auf dieser Tour k\u00f6nnen Sie die bemerkenswerte Vielfalt der Natursch\u00f6nheiten erleben, die die T\u00fcrkei zu bieten hat.<\/p>\n<p style=\"text-align: center;\"><img loading=\"lazy\" decoding=\"async\" class=\"size-medium wp-image-3978\" src=\"https:\/\/holidayexcursion.com\/wp-content\/uploads\/2021\/10\/pamukkale-tour-3.webp\" alt=\"Pamukkale-Tour\" width=\"300\" height=\"300\" title=\"\" srcset=\"https:\/\/holidayexcursion.com\/wp-content\/uploads\/2021\/10\/pamukkale-tour-3.webp 2000w, https:\/\/holidayexcursion.com\/wp-content\/uploads\/2021\/10\/pamukkale-tour-3-300x300.webp 300w, https:\/\/holidayexcursion.com\/wp-content\/uploads\/2021\/10\/pamukkale-tour-3-768x768.webp 768w, https:\/\/holidayexcursion.com\/wp-content\/uploads\/2021\/10\/pamukkale-tour-3-1024x1024.webp 1024w, https:\/\/holidayexcursion.com\/wp-content\/uploads\/2021\/10\/pamukkale-tour-3-1536x1536.webp 1536w, https:\/\/holidayexcursion.com\/wp-content\/uploads\/2021\/10\/pamukkale-tour-3-600x600.webp 600w, https:\/\/holidayexcursion.com\/wp-content\/uploads\/2021\/10\/pamukkale-tour-3-100x100.webp 100w, https:\/\/holidayexcursion.com\/wp-content\/uploads\/2021\/10\/pamukkale-tour-3-150x150.webp 150w\" sizes=\"auto, (max-width: 300px) 100vw, 300px\" \/><\/p>\n<p style=\"text-align: center;\">Die Salda See Pamukkale Tour verspricht, Sie in Ehrfurcht vor den herrlichen Naturwundern der T\u00fcrkei zu versetzen. Von den surrealen Landschaften und dem t\u00fcrkisfarbenen Wasser des Salda-Sees bis hin zu den terrassenf\u00f6rmig angelegten Travertinbecken von Pamukkale \u2013 diese Tour nimmt Sie mit auf eine bezaubernde Reise durch atemberaubende Landschaften. Mit fachkundigen Reisef\u00fchrern an Ihrer Seite erhalten Sie ein tieferes Verst\u00e4ndnis f\u00fcr die historische und kulturelle Bedeutung dieser bemerkenswerten Reiseziele. Bereiten Sie sich auf ein unvergessliches Abenteuer vor, das Ihnen unvergessliche Erinnerungen ein Leben lang bescheren wird.<\/p>\n<p style=\"text-align: center;\"><img loading=\"lazy\" decoding=\"async\" class=\"size-medium wp-image-3984\" src=\"https:\/\/holidayexcursion.com\/wp-content\/uploads\/2021\/10\/pamukkale-tour-9.webp\" alt=\"Pamukkale-Tour\" width=\"300\" height=\"300\" title=\"\" srcset=\"https:\/\/holidayexcursion.com\/wp-content\/uploads\/2021\/10\/pamukkale-tour-9.webp 2000w, https:\/\/holidayexcursion.com\/wp-content\/uploads\/2021\/10\/pamukkale-tour-9-300x300.webp 300w, https:\/\/holidayexcursion.com\/wp-content\/uploads\/2021\/10\/pamukkale-tour-9-768x768.webp 768w, https:\/\/holidayexcursion.com\/wp-content\/uploads\/2021\/10\/pamukkale-tour-9-1024x1024.webp 1024w, https:\/\/holidayexcursion.com\/wp-content\/uploads\/2021\/10\/pamukkale-tour-9-1536x1536.webp 1536w, https:\/\/holidayexcursion.com\/wp-content\/uploads\/2021\/10\/pamukkale-tour-9-600x600.webp 600w, https:\/\/holidayexcursion.com\/wp-content\/uploads\/2021\/10\/pamukkale-tour-9-100x100.webp 100w, https:\/\/holidayexcursion.com\/wp-content\/uploads\/2021\/10\/pamukkale-tour-9-150x150.webp 150w\" sizes=\"auto, (max-width: 300px) 100vw, 300px\" \/><\/p>\n<div style=\"text-align: center;\"><strong>SALDA LAKE PAMUKKALE TOUR PROGRAMM:<\/strong><\/div>\n<div style=\"text-align: center;\">\n<div>* Abholung von Hotels und Apartments in Alanya und Umgebung<\/div>\n<div>* Fahrt \u00fcber die Stadt Denizli in Richtung Pamukkale, Fr\u00fchst\u00fcck<\/div>\n<div>* Komfortpause, Ankunft in Pamukkale (ca. 10:00 Uhr)<\/div>\n<div>* Besuchen Sie die antike Stadt Hierapolis und die Nekropole (ca. eine Stunde)<\/div>\n<div>* Besuchen Sie die Kalksteinterrassen von Pamukkale (Baumwollschloss) und genie\u00dfen Sie anschlie\u00dfend die freie Zeit (ca. 3 Stunden).<\/div>\n<div>* Mittagessen. Besuchen Sie den Salda See. Genie\u00dfen Sie etwas freie Zeit zum Erkunden (ca. eine Stunde)<\/div>\n<div>* Abendessen, R\u00fcckfahrt nach Antalya \u00fcber das Taurus gebirge<\/div>\n<div>* R\u00fcck transfer zu Hotels und Apartments in Alanya (23:30\u201324:00 Uhr)<\/div>\n<\/div>\n<div style=\"text-align: center;\"><\/div>\n<div style=\"text-align: center;\"><strong>IM PREIS INBEGRIFFEN:<\/strong><\/div>\n<div style=\"text-align: center;\">* Abholung\/R\u00fcckgabe von Hotels und Apartments in Alanya<\/div>\n<div style=\"text-align: center;\">* Reise f\u00fchrer, Fr\u00fchst\u00fcck, Mittagessen, Abendessen<\/div>\n<div style=\"text-align: center;\">* Eintritts gelder f\u00fcr Pamukkale, die antike Stadt Hierapolis und den Salda See<\/div>\n<div style=\"text-align: center;\"><\/div>\n<div style=\"text-align: center;\"><strong>OPTIONALE EXTRAS:<\/strong><\/div>\n<div style=\"text-align: center;\">*Personal aufwand<\/div>\n<div style=\"text-align: center;\">* Schwimmen im Kleopatra-Thermal becken (11\u20ac)<\/div>\n<div style=\"text-align: center;\"><\/div>\n<div style=\"text-align: center;\"><strong>ZUS\u00c4TZLICHE INFOS &amp; TIPPS:<\/strong><\/div>\n<div style=\"text-align: center;\">\n<div>\n<p>\u2022 Auf den Terrassen von Pamukkale ist das Schwimmen und Spazieren gehen gestattet. <span style=\"font-size: 14.4px;\">Tragen Sie bequeme Kleidung und Schuhe<\/span><\/p>\n<div>* Wenn Sie in den Thermalbecken von Pamukkale oder im Kleopatra-Becken ins Wasser gehen m\u00f6chten, nehmen Sie Ihre Badesachen, Handt\u00fccher und Sonnencreme mit.<\/div>\n<\/div>\n<div>\u2022 Das Besichtigen, Spazierengehen und Fotografieren am Kleopatra-Pool ist kostenlos. Nur das Schwimmen im Pool ist ein optionales Extra.<\/div>\n<\/div>\n<p style=\"font-weight: 400; text-align: center;\">Der Preis beinhaltet Transfer, Versicherung, Mittagessen und Service-Guide-Tour.<\/p>\n<p style=\"font-weight: 400; text-align: center;\">Erh\u00e4ltlich von Antalya, Alanya, Side, Manavgat, Belek. F\u00fcr genaue Abholzeiten kontaktieren Sie uns bitte.<\/p>\n<p style=\"text-align: center;\">Wir w\u00fcnschen Ihnen unvergessliche Erinnerungen w\u00e4hrend Ihres Urlaubs in Alanya, T\u00fcrkei.<\/p>\n<p style=\"text-align: center;\">Ps: F\u00fcr weitere Informationen k\u00f6nnen Sie uns auch per Whats-App-Anruf oder Nachricht kontaktieren.<\/p>\n<p style=\"text-align: center;\">Holiday Excursion team,<\/p>\n<p><iframe loading=\"lazy\" title=\"Home of PAMUKKALE | Go T\u00fcrkiye\" width=\"1020\" height=\"574\" src=\"https:\/\/www.youtube.com\/embed\/l-L46v3uV7U?feature=oembed\" frameborder=\"0\" allow=\"accelerometer; autoplay; clipboard-write; encrypted-media; gyroscope; picture-in-picture; web-share\" allowfullscreen><\/iframe><\/p>\n<p><iframe loading=\"lazy\" title=\"Hierapolis and Pamukkale, Turkey: Curative Waters - Rick Steves\u2019 Europe Travel Guide - Travel Bite\" width=\"1020\" height=\"574\" src=\"https:\/\/www.youtube.com\/embed\/3ua4GGisRSo?feature=oembed\" frameborder=\"0\" allow=\"accelerometer; autoplay; clipboard-write; encrypted-media; gyroscope; picture-in-picture; web-share\" allowfullscreen><\/iframe><\/p>\n<p><iframe loading=\"lazy\" title=\"Best of Pamukkale and Hierapolis, South West Turkey\" width=\"1020\" height=\"574\" src=\"https:\/\/www.youtube.com\/embed\/AFlUkxLKJVs?feature=oembed\" frameborder=\"0\" allow=\"accelerometer; autoplay; clipboard-write; encrypted-media; gyroscope; picture-in-picture; web-share\" allowfullscreen><\/iframe><\/p>\n","protected":false},"excerpt":{"rendered":"<p>SALDA SEE PAMUKKALE TOUR Bezaubernde Wunder: Enth\u00fcllung der Salda See Pamukkale Tour Begeben Sie sich auf eine fesselnde Reise und erleben Sie zwei der faszinierendsten Naturwunder der T\u00fcrkei, den Salda See Pamukkale tour. Diese Tour f\u00fchrt Sie durch die atemberaubenden Landschaften im S\u00fcdwesten der T\u00fcrkei, wo Sie das reine t\u00fcrkisfarbene Wasser des Salda-Sees und die<\/p>\n","protected":false},"featured_media":4601,"comment_status":"open","ping_status":"closed","template":"","meta":[],"product_brand":[],"product_cat":[110],"product_tag":[],"class_list":{"0":"post-5294","1":"product","2":"type-product","3":"status-publish","4":"has-post-thumbnail","6":"product_cat-touren","8":"first","9":"instock","10":"virtual","11":"sold-individually","12":"purchasable","13":"product-type-booking"},"_links":{"self":[{"href":"https:\/\/holidayexcursion.com\/de\/wp-json\/wp\/v2\/product\/5294","targetHints":{"allow":["GET"]}}],"collection":[{"href":"https:\/\/holidayexcursion.com\/de\/wp-json\/wp\/v2\/product"}],"about":[{"href":"https:\/\/holidayexcursion.com\/de\/wp-json\/wp\/v2\/types\/product"}],"replies":[{"embeddable":true,"href":"https:\/\/holidayexcursion.com\/de\/wp-json\/wp\/v2\/comments?post=5294"}],"wp:featuredmedia":[{"embeddable":true,"href":"https:\/\/holidayexcursion.com\/de\/wp-json\/wp\/v2\/media\/4601"}],"wp:attachment":[{"href":"https:\/\/holidayexcursion.com\/de\/wp-json\/wp\/v2\/media?parent=5294"}],"wp:term":[{"taxonomy":"product_brand","embeddable":true,"href":"https:\/\/holidayexcursion.com\/de\/wp-json\/wp\/v2\/product_brand?post=5294"},{"taxonomy":"product_cat","embeddable":true,"href":"https:\/\/holidayexcursion.com\/de\/wp-json\/wp\/v2\/product_cat?post=5294"},{"taxonomy":"product_tag","embeddable":true,"href":"https:\/\/holidayexcursion.com\/de\/wp-json\/wp\/v2\/product_tag?post=5294"}],"curies":[{"name":"wp","href":"https:\/\/api.w.org\/{rel}","templated":true}]}}