{"id":5306,"date":"2021-10-06T01:22:53","date_gmt":"2021-12-06T22:07:44","guid":{"rendered":"http:\/\/holidayexcursion.com\/excursions-in-alanya\/unkategorisiert\/buggy-quad-tour\/"},"modified":"2023-12-06T01:37:27","modified_gmt":"2023-12-05T22:37:27","slug":"buggy-tour","status":"publish","type":"product","link":"https:\/\/holidayexcursion.com\/de\/tours-in-alanya\/touren\/buggy-tour\/","title":{"rendered":"Buggy Tour"},"content":{"rendered":"<h2 style=\"text-align: center;\"><strong>BUGGY TOUR<\/strong><\/h2>\n<h2 style=\"text-align: center;\">Entfesseln Sie Ihren inneren Abenteurer: Buggy-Tour in Alanya<\/h2>\n<p style=\"text-align: center;\">Sind Sie bereit f\u00fcr ein spannendes <a href=\"https:\/\/holidayexcursion.com\/tours-in-alanya\/rent-a-car\/quad\/\">Offroad <\/a>Abenteuer? Dann ist die Buggy Tour in Alanya genau das Richtige f\u00fcr Sie. Hier k\u00f6nnen Sie Ihr Verlangen nach Spannung und Erkundung stillen. Bei dieser Holiday Excursion tour f\u00fchren wir Sie durch das raue Gel\u00e4nde von Alanya und unterstreichen das adrenalingeladene Erlebnis einer Buggy-Tour.<\/p>\n<p style=\"text-align: center;\">1. Erkundung der Off-Road-Wunder von Alanya:<\/p>\n<p style=\"text-align: center;\">Alanya liegt an der atemberaubenden Mittelmeer k\u00fcste der T\u00fcrkei und bietet eine malerische Kulisse f\u00fcr eine Buggy Tour. Diese faszinierende Stadt ist von schroffen Bergen, aufregenden Wanderwegen und verborgenen Sch\u00e4tzen umgeben, die darauf warten, entdeckt zu werden. Bei einer Buggy Tour haben Sie die M\u00f6glichkeit, abseits der ausgetretenen Pfade die nat\u00fcrliche Sch\u00f6nheit von Alanya wie nie zuvor zu erkunden.<\/p>\n<p style=\"text-align: center;\"><img loading=\"lazy\" decoding=\"async\" class=\"alignnone size-medium wp-image-28855\" src=\"https:\/\/holidayexcursion.com\/wp-content\/uploads\/2021\/10\/buggy-alanya-300x214.jpg\" alt=\"\" width=\"300\" height=\"214\" title=\"\" srcset=\"https:\/\/holidayexcursion.com\/wp-content\/uploads\/2021\/10\/buggy-alanya-300x214.jpg 300w, https:\/\/holidayexcursion.com\/wp-content\/uploads\/2021\/10\/buggy-alanya-600x429.jpg 600w, https:\/\/holidayexcursion.com\/wp-content\/uploads\/2021\/10\/buggy-alanya.jpg 700w\" sizes=\"auto, (max-width: 300px) 100vw, 300px\" \/><\/p>\n<p style=\"text-align: center;\">2. Das Buggy-Erlebnis:<\/p>\n<p style=\"text-align: center;\">Ein Buggy ist ein kleines, offenes Fahrzeug, das f\u00fcr die Bew\u00e4ltigung anspruchsvoller Gel\u00e4ndearten entwickelt wurde. Es ist die perfekte Kombination aus einem Go-Kart und einem ATV, mit der Sie m\u00fchelos durch steinige Pfade, Sandfl\u00e4chen und schlammige Strecken navigieren k\u00f6nnen. Der leistungsstarke Motor und die robuste Bauweise des Buggys machen ihn zum idealen Fahrzeug f\u00fcr ein aufregendes Offroad-Abenteuer.<\/p>\n<p style=\"text-align: center;\">3. Adrenalinreiche Offroad-Strecken:<\/p>\n<p style=\"text-align: center;\">Die Buggy Tour in <a href=\"https:\/\/en.wikipedia.org\/wiki\/Alanya\" rel=\"nofollow noopener\" target=\"_blank\">Alanya<\/a> f\u00fchrt Sie durch eine Vielzahl von Offroad Strecken, die Ihr Fahrk\u00f6nnen auf die Probe stellen und Ihren Sinn f\u00fcr Abenteuer wecken. Von kurvenreichen Bergpfaden bis hin zu aufregenden Sandd\u00fcnen bietet jeder Weg eine einzigartige Herausforderung und die M\u00f6glichkeit, an Ihre Grenzen zu gehen. Sp\u00fcren Sie den Adrenalinsto\u00df, wenn Sie holpriges Gel\u00e4nde \u00fcberwinden, Hindernisse umgehen und die unvergleichliche Sch\u00f6nheit der Naturlandschaften von Alanya genie\u00dfen.<\/p>\n<p style=\"text-align: center;\"><img loading=\"lazy\" decoding=\"async\" class=\"alignnone size-medium wp-image-28843\" src=\"https:\/\/holidayexcursion.com\/wp-content\/uploads\/2021\/10\/Alanya-buggy-tour--300x159.jpg\" alt=\"\" width=\"300\" height=\"159\" title=\"\" srcset=\"https:\/\/holidayexcursion.com\/wp-content\/uploads\/2021\/10\/Alanya-buggy-tour--300x159.jpg 300w, https:\/\/holidayexcursion.com\/wp-content\/uploads\/2021\/10\/Alanya-buggy-tour--768x407.jpg 768w, https:\/\/holidayexcursion.com\/wp-content\/uploads\/2021\/10\/Alanya-buggy-tour--600x318.jpg 600w, https:\/\/holidayexcursion.com\/wp-content\/uploads\/2021\/10\/Alanya-buggy-tour-.jpg 850w\" sizes=\"auto, (max-width: 300px) 100vw, 300px\" \/><\/p>\n<p style=\"text-align: center;\">4. Geeignet f\u00fcr alle F\u00e4higkeitsstufen:<\/p>\n<p style=\"text-align: center;\">Egal, ob Sie ein erfahrener Fahrer oder ein Anf\u00e4nger sind, die Buggy Tour in Alanya ist f\u00fcr alle K\u00f6nnerstufen geeignet. Vorkenntnisse sind nicht erforderlich, da professionelle Guides vor Beginn der Tour umfassende Anweisungen und Sicherheitseinweisungen geben. Unter ihrer fachkundigen Anleitung k\u00f6nnen Sie die anspruchsvollen Routen sicher bew\u00e4ltigen und das Beste aus Ihrem Offroad Abenteuer machen.<\/p>\n<p style=\"text-align: center;\">5. Spektakul\u00e4re Ausblicke und versteckte Sch\u00e4tze:<\/p>\n<p style=\"text-align: center;\">Abgesehen von der aufregenden Fahrt bietet die Buggy Tour in Alanya eine au\u00dfergew\u00f6hnliche Gelegenheit, atemberaubende Ausblicke zu genie\u00dfen und unterwegs verborgene Sch\u00e4tze zu entdecken. W\u00e4hrend Sie die Offroad-Strecken durchqueren, werden Sie mit Panoramablicken auf die Stadt, die K\u00fcste und die umliegenden Berge verw\u00f6hnt. An Aussichtspunkten und einzigartigen Orten k\u00f6nnen Stopps eingelegt werden, sodass Sie die Sch\u00f6nheit der Region genie\u00dfen und unvergessliche Fotos machen k\u00f6nnen.<\/p>\n<p style=\"text-align: center;\"><img loading=\"lazy\" decoding=\"async\" class=\"alignnone size-medium wp-image-28837\" src=\"https:\/\/holidayexcursion.com\/wp-content\/uploads\/2021\/10\/alanya-buggy-safari-holiday-excursion-300x198.jpeg\" alt=\"\" width=\"300\" height=\"198\" title=\"\" srcset=\"https:\/\/holidayexcursion.com\/wp-content\/uploads\/2021\/10\/alanya-buggy-safari-holiday-excursion-300x198.jpeg 300w, https:\/\/holidayexcursion.com\/wp-content\/uploads\/2021\/10\/alanya-buggy-safari-holiday-excursion-768x508.jpeg 768w, https:\/\/holidayexcursion.com\/wp-content\/uploads\/2021\/10\/alanya-buggy-safari-holiday-excursion-600x397.jpeg 600w, https:\/\/holidayexcursion.com\/wp-content\/uploads\/2021\/10\/alanya-buggy-safari-holiday-excursion.jpeg 800w\" sizes=\"auto, (max-width: 300px) 100vw, 300px\" \/><\/p>\n<p style=\"text-align: center;\">Die Buggy Tour in Alanya ist ein aufregendes und unvergessliches Abenteuer, das es Ihnen erm\u00f6glicht, Ihrem inneren Abenteurer freien Lauf zu lassen und die atemberaubende Landschaft dieser K\u00fcstenstadt zu erkunden. Mit einer Mischung aus rauem Gel\u00e4nde, adrenalingeladenen Strecken und atemberaubenden Ausblicken wird Ihnen dieses Offroad Erlebnis mit Sicherheit bleibende Erinnerungen hinterlassen. Egal, ob Sie ein erfahrener Offroad-Enthusiast oder ein Anf\u00e4nger auf der Suche nach einer aufregenden neuen Erfahrung sind, die Buggy Tour in Alanya verspricht eine unvergessliche Reise, die Lust auf mehr macht. Also schnallen Sie sich an, lassen Sie den Motor aufheulen und machen Sie sich bereit, Ihren inneren Abenteurer auf einer Buggy Tour durch Alanyas Offroad-Wunder zu entfesseln!<\/p>\n<p style=\"text-align: center;\"><img loading=\"lazy\" decoding=\"async\" class=\"alignnone size-medium wp-image-28849 aligncenter\" src=\"https:\/\/holidayexcursion.com\/wp-content\/uploads\/2021\/10\/Alanya-Buggy-Tour-4-300x159.jpeg\" alt=\"\" width=\"300\" height=\"159\" title=\"\" srcset=\"https:\/\/holidayexcursion.com\/wp-content\/uploads\/2021\/10\/Alanya-Buggy-Tour-4-300x159.jpeg 300w, https:\/\/holidayexcursion.com\/wp-content\/uploads\/2021\/10\/Alanya-Buggy-Tour-4-768x407.jpeg 768w, https:\/\/holidayexcursion.com\/wp-content\/uploads\/2021\/10\/Alanya-Buggy-Tour-4-600x318.jpeg 600w, https:\/\/holidayexcursion.com\/wp-content\/uploads\/2021\/10\/Alanya-Buggy-Tour-4.jpeg 850w\" sizes=\"auto, (max-width: 300px) 100vw, 300px\" \/><\/p>\n<p style=\"text-align: center;\"><strong>Buggy Touren finden dreimal t\u00e4glich in Alanya statt:<\/strong><\/p>\n<p style=\"text-align: center;\"><strong>1-Morgen-Gruppe: Abholung: 09:00 Uhr, R\u00fcckkehrzeit: 13:00 Uhr<\/strong><\/p>\n<p style=\"text-align: center;\"><strong> 2-Nachmittags gruppe: Abholung: 13:30 Uhr, R\u00fcckkehr zeit: 17:30 Uhr<\/strong><\/p>\n<p style=\"text-align: center;\"><strong>3-Sonnen untergangs gruppe: Abholung: 16:00 Uhr, R\u00fcckkehr zeit: 17:30 Uhr<\/strong><\/p>\n<div style=\"text-align: center;\">\n<div><strong>ALANYA BUGGY TOUR PROGRAMM:<\/strong><\/div>\n<div>* Abholung von Hotels\/Apartments in Alanya und Umgebung, Ankunft an unserer Buggy-Station und im Gel\u00e4nde<\/div>\n<div>* Alle Informationen zum Buggyfahren und zur Sicherheit erhalten Sie von unseren professionellen Guides und Instruktoren<\/div>\n<div>* Eine kurze Schulung und Probefahrt, Fahrt durch Offroad-Stra\u00dfen und W\u00e4lder<\/div>\n<div>* Pausen zum Ausruhen, Pause zum Schwimmen (optional)<\/div>\n<div>* R\u00fcck transfer zu Ihren Hotels und Apartments in Alanya und Umgebung<\/div>\n<\/div>\n<div style=\"text-align: center;\">\n<div><\/div>\n<div><strong>IM PREIS INBEGRIFFEN:<\/strong><\/div>\n<div>* Abholung\/R\u00fcckgabe von Hotels und Apartments in Alanya und Umgebung<\/div>\n<div>* Ausbilder und Guide, Helm. <span style=\"font-size: 14.4px;\">Etwa 2 Stunden, 20 km Fahrt<\/span><\/div>\n<\/div>\n<div style=\"text-align: center;\"><\/div>\n<div style=\"text-align: center;\"><strong>OPTIONALE EXTRAS:<\/strong><\/div>\n<div style=\"text-align: center;\">* Getr\u00e4nke, Fotos, DVD<\/div>\n<div style=\"text-align: center;\"><\/div>\n<div style=\"text-align: center;\"><strong>ZUS\u00c4TZLICHE INFORMATIONEN &amp; INFOS:<\/strong><\/div>\n<div style=\"text-align: center;\">* Nehmen Sie Sonnencreme, bequeme Schuhe, eine Sonnenbrille und ein Taschentuch mit, um Ihr Gesicht und Ihre Augen vor Staub und Schmutz zu sch\u00fctzen. Sie k\u00f6nnen diese auch bei Ihrem Reiseleiter erwerben<\/div>\n<div style=\"text-align: center;\">* Kleiden Sie sich angemessen f\u00fcr Staub, Erde, Schlamm und Feldbedingungen. Ihre Kleidung wird schmutzig und staubig<\/div>\n<p style=\"text-align: center;\">Wir w\u00fcnschen Ihnen unvergessliche Erinnerungen w\u00e4hrend Ihres Urlaubs in Alanya, T\u00fcrkei.<\/p>\n<p style=\"text-align: center;\">Ps: F\u00fcr weitere Informationen k\u00f6nnen Sie uns auch per Whats-App-Anruf oder Nachricht kontaktieren.<\/p>\n<p style=\"text-align: center;\">Holiday Excursion team,<\/p>\n<p><iframe loading=\"lazy\" title=\"The Buggy Safari Off Road Adventure Turkey Antalya\" width=\"1020\" height=\"574\" src=\"https:\/\/www.youtube.com\/embed\/PtCas_RTbNo?feature=oembed\" frameborder=\"0\" allow=\"accelerometer; autoplay; clipboard-write; encrypted-media; gyroscope; picture-in-picture; web-share\" allowfullscreen><\/iframe><\/p>\n<p style=\"text-align: center;\"><a href=\"https:\/\/holidayexcursion.com\/excursions-in-alanya\/rent-a-car\/quad-bike\/\">QUAD BIKE (Atv)<\/a><\/p>\n<p><iframe loading=\"lazy\" title=\"Buggy Safari Marmaris 2015\" width=\"1020\" height=\"574\" src=\"https:\/\/www.youtube.com\/embed\/KILHkRf_qSc?feature=oembed\" frameborder=\"0\" allow=\"accelerometer; autoplay; clipboard-write; encrypted-media; gyroscope; picture-in-picture; web-share\" allowfullscreen><\/iframe><\/p>\n","protected":false},"excerpt":{"rendered":"<p>BUGGY TOUR Entfesseln Sie Ihren inneren Abenteurer: Buggy-Tour in Alanya Sind Sie bereit f\u00fcr ein spannendes Offroad Abenteuer? Dann ist die Buggy Tour in Alanya genau das Richtige f\u00fcr Sie. Hier k\u00f6nnen Sie Ihr Verlangen nach Spannung und Erkundung stillen. Bei dieser Holiday Excursion tour f\u00fchren wir Sie durch das raue Gel\u00e4nde von Alanya und<\/p>\n","protected":false},"featured_media":4156,"comment_status":"open","ping_status":"closed","template":"","meta":[],"product_brand":[],"product_cat":[110],"product_tag":[],"class_list":{"0":"post-5306","1":"product","2":"type-product","3":"status-publish","4":"has-post-thumbnail","6":"product_cat-touren","8":"first","9":"instock","10":"virtual","11":"sold-individually","12":"purchasable","13":"product-type-booking"},"_links":{"self":[{"href":"https:\/\/holidayexcursion.com\/de\/wp-json\/wp\/v2\/product\/5306","targetHints":{"allow":["GET"]}}],"collection":[{"href":"https:\/\/holidayexcursion.com\/de\/wp-json\/wp\/v2\/product"}],"about":[{"href":"https:\/\/holidayexcursion.com\/de\/wp-json\/wp\/v2\/types\/product"}],"replies":[{"embeddable":true,"href":"https:\/\/holidayexcursion.com\/de\/wp-json\/wp\/v2\/comments?post=5306"}],"wp:featuredmedia":[{"embeddable":true,"href":"https:\/\/holidayexcursion.com\/de\/wp-json\/wp\/v2\/media\/4156"}],"wp:attachment":[{"href":"https:\/\/holidayexcursion.com\/de\/wp-json\/wp\/v2\/media?parent=5306"}],"wp:term":[{"taxonomy":"product_brand","embeddable":true,"href":"https:\/\/holidayexcursion.com\/de\/wp-json\/wp\/v2\/product_brand?post=5306"},{"taxonomy":"product_cat","embeddable":true,"href":"https:\/\/holidayexcursion.com\/de\/wp-json\/wp\/v2\/product_cat?post=5306"},{"taxonomy":"product_tag","embeddable":true,"href":"https:\/\/holidayexcursion.com\/de\/wp-json\/wp\/v2\/product_tag?post=5306"}],"curies":[{"name":"wp","href":"https:\/\/api.w.org\/{rel}","templated":true}]}}