{"id":5315,"date":"2021-10-06T01:47:10","date_gmt":"2021-12-06T22:07:46","guid":{"rendered":"http:\/\/holidayexcursion.com\/excursions-in-alanya\/unkategorisiert\/antalya-aquarium-tour\/"},"modified":"2023-12-05T22:56:52","modified_gmt":"2023-12-05T19:56:52","slug":"antalya-aquarium","status":"publish","type":"product","link":"https:\/\/holidayexcursion.com\/de\/tours-in-alanya\/touren\/antalya-aquarium\/","title":{"rendered":"Antalya Aquarium-Tour"},"content":{"rendered":"<h2 style=\"text-align: center;\">ANTALYA AQUARIUM TOUR<\/h2>\n<p style=\"text-align: center;\">Tauchen Sie ein in die bezaubernden Tiefen: Erkunden Sie die Antalya Aquarium Tour<\/p>\n<p style=\"text-align: center;\">Tauchen Sie ein in eine Welt voller beein druckender Meereslebewesen im Antalya Aquarium, einem faszinierenden Reiseziel an der atemberaubenden Mittelmeer k\u00fcste der T\u00fcrkei. Die Antalya Aquarium-Tour bietet eine einzigartige Mischung aus Bildung, Unterhaltung und Abenteuer und verspricht ein unvergessliches Erlebnis f\u00fcr Besucher jeden Alters. Begeben wir uns auf eine virtuelle Reise durch die Wunder, die diese faszinierende Attraktion erwarten.<\/p>\n<p style=\"text-align: center;\"><img loading=\"lazy\" decoding=\"async\" class=\"alignnone size-medium wp-image-28731\" src=\"https:\/\/holidayexcursion.com\/wp-content\/uploads\/2021\/10\/Antalya-Akvaryum-Turu-3-300x195.jpeg\" alt=\"\" width=\"300\" height=\"195\" title=\"\" srcset=\"https:\/\/holidayexcursion.com\/wp-content\/uploads\/2021\/10\/Antalya-Akvaryum-Turu-3-300x195.jpeg 300w, https:\/\/holidayexcursion.com\/wp-content\/uploads\/2021\/10\/Antalya-Akvaryum-Turu-3-600x389.jpeg 600w, https:\/\/holidayexcursion.com\/wp-content\/uploads\/2021\/10\/Antalya-Akvaryum-Turu-3.jpeg 735w\" sizes=\"auto, (max-width: 300px) 100vw, 300px\" \/><\/p>\n<p style=\"text-align: center;\">1. Ein spektakul\u00e4res Unterwasserparadies:<\/p>\n<p style=\"text-align: center;\">Tauchen Sie ein in eine faszinierende Welt, w\u00e4hrend Sie das <a href=\"https:\/\/www.antalyaaquarium.com\/Tr\/Anasayfa\" rel=\"nofollow noopener\" target=\"_blank\">Antalya Aquarium<\/a> erkunden, das eines der gr\u00f6\u00dften Tunnelaquarien der Welt beherbergt. Seien Sie darauf vorbereitet, von den atemberaubenden Unterwasseraussichten fasziniert zu sein, die Sie umgeben, w\u00e4hrend Sie durch den transparenten Tunnel gehen und ein Kaleidoskop lebendiger Meereslebewesen offenbaren. Von atemberaubenden Korallenriffen bis hin zu majest\u00e4tischen Haien, <a href=\"https:\/\/holidayexcursion.com\/tours-in-alanya\/tours\/diving-tour\/\">Schildkr\u00f6ten<\/a> und unz\u00e4hligen tropischen Fischarten bieten die Exponate des Antalya Aquariums einen spannenden Einblick in das faszinierende \u00d6kosystem unter den Wellen.<\/p>\n<p style=\"text-align: center;\"><img loading=\"lazy\" decoding=\"async\" class=\"alignnone size-medium wp-image-28725\" src=\"https:\/\/holidayexcursion.com\/wp-content\/uploads\/2021\/10\/antalya-akvaryum-300x200.jpg\" alt=\"\" width=\"300\" height=\"200\" title=\"\" srcset=\"https:\/\/holidayexcursion.com\/wp-content\/uploads\/2021\/10\/antalya-akvaryum-300x200.jpg 300w, https:\/\/holidayexcursion.com\/wp-content\/uploads\/2021\/10\/antalya-akvaryum-600x400.jpg 600w, https:\/\/holidayexcursion.com\/wp-content\/uploads\/2021\/10\/antalya-akvaryum.jpg 669w\" sizes=\"auto, (max-width: 300px) 100vw, 300px\" \/><\/p>\n<p style=\"text-align: center;\">2. Lehrreich und informativ:<\/p>\n<p style=\"text-align: center;\">Die Tour durch das Antalya Aquarium geht \u00fcber reine Unterhaltung hinaus und bietet den Besuchern ein lehrreiches und informatives Erlebnis. Durch interaktive Displays, informative Beschilderungen und sachkundiges Personal erfahren Sie mehr \u00fcber den Meeresschutz, die Bedeutung der Erhaltung aquatischer Lebensr\u00e4ume und die faszinierenden Verhaltensweisen und Anpassungen verschiedener Meereslebewesen. Entdecken Sie die Wunder des empfindlichen Gleichgewichts des Ozeans und gewinnen Sie ein neues Verst\u00e4ndnis f\u00fcr die Umweltbem\u00fchungen, die zu seinem Schutz erforderlich sind.<\/p>\n<p style=\"text-align: center;\"><img loading=\"lazy\" decoding=\"async\" class=\"size-medium wp-image-4026\" src=\"https:\/\/holidayexcursion.com\/wp-content\/uploads\/2021\/10\/antalya-aquarium-1-150x150.webp\" alt=\"Antalya Aquarium\" width=\"300\" height=\"300\" title=\"\" srcset=\"https:\/\/holidayexcursion.com\/wp-content\/uploads\/2021\/10\/antalya-aquarium-1-150x150.webp 150w, https:\/\/holidayexcursion.com\/wp-content\/uploads\/2021\/10\/antalya-aquarium-1-300x300.webp 300w, https:\/\/holidayexcursion.com\/wp-content\/uploads\/2021\/10\/antalya-aquarium-1-768x768.webp 768w, https:\/\/holidayexcursion.com\/wp-content\/uploads\/2021\/10\/antalya-aquarium-1-1024x1024.webp 1024w, https:\/\/holidayexcursion.com\/wp-content\/uploads\/2021\/10\/antalya-aquarium-1-1536x1536.webp 1536w, https:\/\/holidayexcursion.com\/wp-content\/uploads\/2021\/10\/antalya-aquarium-1-600x600.webp 600w, https:\/\/holidayexcursion.com\/wp-content\/uploads\/2021\/10\/antalya-aquarium-1-100x100.webp 100w, https:\/\/holidayexcursion.com\/wp-content\/uploads\/2021\/10\/antalya-aquarium-1.webp 2000w\" sizes=\"auto, (max-width: 300px) 100vw, 300px\" \/><\/p>\n<p style=\"text-align: center;\">3. Mehrdimensionale Erfahrungen:<\/p>\n<p style=\"text-align: center;\">Das Antalya Aquarium bietet eine Reihe einzigartiger und umfassender Erlebnisse, die auf die Interessen und das Alter der Besucher zugeschnitten sind. F\u00fcr diejenigen, die ein interaktiveres Abenteuer suchen, k\u00f6nnen Sie die Fische f\u00fcttern oder sogar in die Gew\u00e4sser des Aquariums eintauchen, um ein wirklich unvergessliches Erlebnis zu erleben. Das Aquarium bietet auch besondere Aktivit\u00e4ten wie 3D-Filmvorf\u00fchrungen, eine Schneewelt und einen thematischen Geschenkeladen, sodass f\u00fcr jeden etwas dabei ist.<\/p>\n<p style=\"text-align: center;\"><img loading=\"lazy\" decoding=\"async\" class=\"size-medium wp-image-4029\" src=\"https:\/\/holidayexcursion.com\/wp-content\/uploads\/2021\/10\/antalya-aquarium-4-150x150.webp\" alt=\"Antalya Aquarium\" width=\"300\" height=\"300\" title=\"\" srcset=\"https:\/\/holidayexcursion.com\/wp-content\/uploads\/2021\/10\/antalya-aquarium-4-150x150.webp 150w, https:\/\/holidayexcursion.com\/wp-content\/uploads\/2021\/10\/antalya-aquarium-4-300x300.webp 300w, https:\/\/holidayexcursion.com\/wp-content\/uploads\/2021\/10\/antalya-aquarium-4-768x768.webp 768w, https:\/\/holidayexcursion.com\/wp-content\/uploads\/2021\/10\/antalya-aquarium-4-1024x1024.webp 1024w, https:\/\/holidayexcursion.com\/wp-content\/uploads\/2021\/10\/antalya-aquarium-4-1536x1536.webp 1536w, https:\/\/holidayexcursion.com\/wp-content\/uploads\/2021\/10\/antalya-aquarium-4-600x600.webp 600w, https:\/\/holidayexcursion.com\/wp-content\/uploads\/2021\/10\/antalya-aquarium-4-100x100.webp 100w, https:\/\/holidayexcursion.com\/wp-content\/uploads\/2021\/10\/antalya-aquarium-4.webp 2000w\" sizes=\"auto, (max-width: 300px) 100vw, 300px\" \/><\/p>\n<p style=\"text-align: center;\">4. Ein Sinnesgenuss:<\/p>\n<p style=\"text-align: center;\">Bereiten Sie sich auf Ihrem Weg durch das Antalya Aquarium darauf vor, alle Sinne anzusprechen. Bewundern Sie die leuchtenden Farben des Meereslebens, lauschen Sie den sanften Ger\u00e4uschen der Unterwasserwelt und lassen Sie sich in ein anderes Reich der Ruhe entf\u00fchren, w\u00e4hrend Sie die anmutigen Bewegungen der Wasserbewohner beobachten. Die Kombination aus Bildern, T\u00f6nen und Atmosph\u00e4re wird Ihnen ein unvergleichliches Sinneserlebnis bescheren.<\/p>\n<p style=\"text-align: center;\">5. Besucherfreundliche Annehmlichkeiten:<\/p>\n<p style=\"text-align: center;\">Die Tour durch das Antalya Aquarium soll den Komfort und die Bequemlichkeit der Besucher gew\u00e4hrleisten. Es verf\u00fcgt \u00fcber barrierefreie Wege, Sitzbereiche zum Entspannen und verschiedene gastronomische Einrichtungen, um Ihren Hunger nach einem erlebnisreichen Tag zu stillen. Die Anlage h\u00e4lt sich an hohe Sicherheitsstandards und gew\u00e4hrleistet so einen sorgenfreien und angenehmen Ausflug f\u00fcr alle.<\/p>\n<p style=\"text-align: center;\"><img loading=\"lazy\" decoding=\"async\" class=\"alignnone size-medium wp-image-28737\" src=\"https:\/\/holidayexcursion.com\/wp-content\/uploads\/2021\/10\/Antalya-Aquarium-Trip-9-300x150.jpg\" alt=\"\" width=\"300\" height=\"150\" title=\"\" srcset=\"https:\/\/holidayexcursion.com\/wp-content\/uploads\/2021\/10\/Antalya-Aquarium-Trip-9-300x150.jpg 300w, https:\/\/holidayexcursion.com\/wp-content\/uploads\/2021\/10\/Antalya-Aquarium-Trip-9-768x384.jpg 768w, https:\/\/holidayexcursion.com\/wp-content\/uploads\/2021\/10\/Antalya-Aquarium-Trip-9-600x300.jpg 600w, https:\/\/holidayexcursion.com\/wp-content\/uploads\/2021\/10\/Antalya-Aquarium-Trip-9.jpg 900w\" sizes=\"auto, (max-width: 300px) 100vw, 300px\" \/><\/p>\n<p style=\"text-align: center;\">Die Antalya Aquarium-Tour bietet ein fesselndes und immersives Erlebnis, bei dem Besucher die Tiefen der Unterwasserwelt erkunden k\u00f6nnen, ohne jemals nass zu werden. Von den atemberaubenden Ausstellungen bis hin zu lehrreichen Einblicken gibt es f\u00fcr jeden etwas, das er genie\u00dfen und von dem er lernen kann. Begeben Sie sich auf eine Reise durch dieses bezaubernde Reiseziel und lassen Sie sich vom Antalya Aquarium inspirieren, in Erstaunen versetzen und Ihnen ein tieferes Verst\u00e4ndnis f\u00fcr die Bedeutung des Meeresschutzes vermitteln. Tauchen Sie ein und schaffen Sie unvergessliche Erinnerungen an diese au\u00dfergew\u00f6hnliche Attraktion.<\/p>\n<p style=\"text-align: center;\">Gehen Sie durch 131 Meter Unterwassertunnel<\/p>\n<p style=\"text-align: center;\">Erleben Sie eines der gr\u00f6\u00dften Aquarien der Welt mit \u00fcber 40 Exponaten<\/p>\n<p style=\"text-align: center;\">Sehen Sie die gr\u00f6\u00dfte Korallenriffdekoration der Welt<\/p>\n<p style=\"text-align: center;\">\u00dcberblick<\/p>\n<p style=\"text-align: center;\">Der gr\u00f6\u00dfte Aquarienkomplex der Welt, das Antalya Aquarium, bietet Inspiration, Unterhaltung und Bildung zugleich.<\/p>\n<p style=\"text-align: center;\">Was zu erwarten ist<\/p>\n<p style=\"text-align: center;\">Als einer der gr\u00f6\u00dften Aquarienkomplexe der Welt bietet das Antalya Aquarium Inspiration, Unterhaltung und Bildung zugleich.<br \/>\nDas Aquarium bietet mehrere thematische Abschnitte, um Ihre Reise spannender und unvergesslicher zu machen. Der Indische Ozean, das Rote Meer, der Atlantische Ozean und der Pazifische Ozean begr\u00fc\u00dfen Sie in Form von 4 thematischen Aquarien. Beispiele f\u00fcr Unterwasserleben in und um die Provinz Antalya k\u00f6nnen Sie im gro\u00dfen, zylindrischen Aquarium links und den kleinen, die es umgeben, sehen.<\/p>\n<p><img loading=\"lazy\" decoding=\"async\" class=\"size-medium wp-image-4031\" src=\"https:\/\/holidayexcursion.com\/wp-content\/uploads\/2021\/10\/antalya-aquarium-6-150x150.webp\" alt=\"Antalya Aquarium\" width=\"300\" height=\"300\" title=\"\" srcset=\"https:\/\/holidayexcursion.com\/wp-content\/uploads\/2021\/10\/antalya-aquarium-6-150x150.webp 150w, https:\/\/holidayexcursion.com\/wp-content\/uploads\/2021\/10\/antalya-aquarium-6-300x300.webp 300w, https:\/\/holidayexcursion.com\/wp-content\/uploads\/2021\/10\/antalya-aquarium-6-768x768.webp 768w, https:\/\/holidayexcursion.com\/wp-content\/uploads\/2021\/10\/antalya-aquarium-6-1024x1024.webp 1024w, https:\/\/holidayexcursion.com\/wp-content\/uploads\/2021\/10\/antalya-aquarium-6-1536x1536.webp 1536w, https:\/\/holidayexcursion.com\/wp-content\/uploads\/2021\/10\/antalya-aquarium-6-600x600.webp 600w, https:\/\/holidayexcursion.com\/wp-content\/uploads\/2021\/10\/antalya-aquarium-6-100x100.webp 100w, https:\/\/holidayexcursion.com\/wp-content\/uploads\/2021\/10\/antalya-aquarium-6.webp 2000w\" sizes=\"auto, (max-width: 300px) 100vw, 300px\" \/><\/p>\n<p style=\"text-align: center;\">Danach sehen Sie erstaunliche Kreaturen, die die Fl\u00fcsse der Welt bewohnen (asiatische Fl\u00fcsse, der Nil und der Amazonas). Weiter sehen Sie den Abschnitt Tropical Reef. Hier k\u00f6nnen Sie lebende Korallen, Clownfische, Seepferdchen, Rotfeuerfische, Kraken und Riesenmur\u00e4nen genauer betrachten. Die letzte Station des Themenabschnitts ist das Haifischbecken. Sie k\u00f6nnen sogar die t\u00e4glich stattfindenden Haif\u00fctterungszeiten mitverfolgen.<\/p>\n<p style=\"text-align: center;\"><img loading=\"lazy\" decoding=\"async\" class=\"size-medium wp-image-4030\" src=\"https:\/\/holidayexcursion.com\/wp-content\/uploads\/2021\/10\/antalya-aquarium-5-150x150.webp\" alt=\"Antalya Aquarium\" width=\"300\" height=\"300\" title=\"\" srcset=\"https:\/\/holidayexcursion.com\/wp-content\/uploads\/2021\/10\/antalya-aquarium-5-150x150.webp 150w, https:\/\/holidayexcursion.com\/wp-content\/uploads\/2021\/10\/antalya-aquarium-5-300x300.webp 300w, https:\/\/holidayexcursion.com\/wp-content\/uploads\/2021\/10\/antalya-aquarium-5-768x768.webp 768w, https:\/\/holidayexcursion.com\/wp-content\/uploads\/2021\/10\/antalya-aquarium-5-1024x1024.webp 1024w, https:\/\/holidayexcursion.com\/wp-content\/uploads\/2021\/10\/antalya-aquarium-5-1536x1536.webp 1536w, https:\/\/holidayexcursion.com\/wp-content\/uploads\/2021\/10\/antalya-aquarium-5-600x600.webp 600w, https:\/\/holidayexcursion.com\/wp-content\/uploads\/2021\/10\/antalya-aquarium-5-100x100.webp 100w, https:\/\/holidayexcursion.com\/wp-content\/uploads\/2021\/10\/antalya-aquarium-5.webp 2000w\" sizes=\"auto, (max-width: 300px) 100vw, 300px\" \/><\/p>\n<p style=\"text-align: center;\">Nachdem Sie die 40 Themenaquarien erkundet haben, sto\u00dfen Sie auf das gr\u00f6\u00dfte Tunnelaquarium der Welt. Der erste Abschnitt des Tunnels pr\u00e4sentiert eine der gr\u00f6\u00dften tropischen Riffdekorationen der Welt. Der zweite Teil des Tunnels beschreibt die Themen Sunken City Atlantis und Mittelmeer und f\u00fchrt dann hinauf zum Beobachtungspunkt f\u00fcr Piratenwracks.<\/p>\n<p style=\"text-align: center;\">Sie k\u00f6nnen Ihren Aquarium-Besuch mit unvergesslichen Erinnerungen wie Erinnerungsfotos mit Hollywood-Greenscreen-Hintergr\u00fcnden und mit einem Besuch im spezialisierten Souvenirladen (auf eigene Kosten) verwandeln. Sie k\u00f6nnen auch ein unvergessliches Erlebnis machen, indem Sie in Snow World Schneeb\u00e4lle aus echtem Schnee herstellen, oder Sie begeben sich auf eine Reise zu den giftigsten, farbenfrohsten und interessantesten Arten der Welt im tropischen Reptilienhaus im Wild Park. In Oceanride XD Cinema k\u00f6nnen Sie sogar mit mehrdimensionaler Filmtechnologie \u00fcber die Weltmeere segeln.<\/p>\n<p style=\"text-align: center;\"><img loading=\"lazy\" decoding=\"async\" class=\"size-medium wp-image-4028\" src=\"https:\/\/holidayexcursion.com\/wp-content\/uploads\/2021\/10\/antalya-aquarium-3-150x150.webp\" alt=\"Antalya Aquarium\" width=\"300\" height=\"300\" title=\"\" srcset=\"https:\/\/holidayexcursion.com\/wp-content\/uploads\/2021\/10\/antalya-aquarium-3-150x150.webp 150w, https:\/\/holidayexcursion.com\/wp-content\/uploads\/2021\/10\/antalya-aquarium-3-300x300.webp 300w, https:\/\/holidayexcursion.com\/wp-content\/uploads\/2021\/10\/antalya-aquarium-3-768x768.webp 768w, https:\/\/holidayexcursion.com\/wp-content\/uploads\/2021\/10\/antalya-aquarium-3-1024x1024.webp 1024w, https:\/\/holidayexcursion.com\/wp-content\/uploads\/2021\/10\/antalya-aquarium-3-1536x1536.webp 1536w, https:\/\/holidayexcursion.com\/wp-content\/uploads\/2021\/10\/antalya-aquarium-3-600x600.webp 600w, https:\/\/holidayexcursion.com\/wp-content\/uploads\/2021\/10\/antalya-aquarium-3-100x100.webp 100w, https:\/\/holidayexcursion.com\/wp-content\/uploads\/2021\/10\/antalya-aquarium-3.webp 2000w\" sizes=\"auto, (max-width: 300px) 100vw, 300px\" \/><\/p>\n<ul style=\"text-align: center;\">\n<li>\n<div><strong>ANTALYA AQUARIUM TOUR PROGRAMM:<\/strong><\/div>\n<div>* Abholung von Hotels und Apartments in Alanya, Transfer nach Antalya mit einem komfortablen Bus.<\/div>\n<div>* Ankunft im Antalya Aquarium, Freizeit im Aquarium<\/div>\n<div>* Besuchen Sie das Museum von Angesicht zu Angesicht, verlassen Sie das Aquarium und fahren Sie nach Alanya.<\/div>\n<div>* R\u00fcck transfer zu Ihren Hotels und Apartments in Alanya<\/div>\n<div><\/div>\n<div><strong>IM PREIS INBEGRIFFEN:<\/strong><\/div>\n<div>* Abholung\/R\u00fcckgabe von Hotels und Apartments in Alanya<\/div>\n<div>* Reise f\u00fchrer, Ticket preis f\u00fcr das Antalya Aquarium, Pr\u00e4senz museum.<\/div>\n<div><\/div>\n<div><strong>OPTIONALE EXTRAS<\/strong><\/div>\n<div>* Speisen und Getr\u00e4nke, pers\u00f6nliche Ausgaben<\/div>\n<div>* Die anderen Aktivit\u00e4ten und Museumsgeb\u00fchren (Wildpark, Schneewelt, Eismuseum, XD-Kino)<\/div>\n<\/li>\n<li>\n<div>im Aquarium komplex Antalya.<\/div>\n<div><\/div>\n<div><strong>ZUS\u00c4TZLICHE INFOS &amp; TIPPS:<\/strong><\/div>\n<div>* Das Fotografieren im Aquarium ist erlaubt. Nehmen Sie Ihre Kamera und Ihr Mobil telefon mit.<\/div>\n<\/li>\n<li><\/li>\n<li>Wir w\u00fcnschen Ihnen unvergessliche Erinnerungen w\u00e4hrend Ihres Urlaubs in Alanya, T\u00fcrkei. Ps: F\u00fcr weitere Informationen k\u00f6nnen Sie uns auch per Whats-App-Anruf oder Nachricht kontaktieren.Holiday Excursion team,<\/li>\n<\/ul>\n<p><iframe loading=\"lazy\" title=\"Antalya Akvaryum\" width=\"1020\" height=\"574\" src=\"https:\/\/www.youtube.com\/embed\/HAeRLqmg3IA?feature=oembed\" frameborder=\"0\" allow=\"accelerometer; autoplay; clipboard-write; encrypted-media; gyroscope; picture-in-picture; web-share\" allowfullscreen><\/iframe><\/p>\n<p><iframe loading=\"lazy\" title=\"Antalya Akvaryum tan\u0131t\u0131m filmi\" width=\"1020\" height=\"574\" src=\"https:\/\/www.youtube.com\/embed\/XglHgHKaj0A?feature=oembed\" frameborder=\"0\" allow=\"accelerometer; autoplay; clipboard-write; encrypted-media; gyroscope; picture-in-picture; web-share\" allowfullscreen><\/iframe><\/p>\n<p><iframe loading=\"lazy\" title=\"Antalya Akvaryum + dinlendirici m\u00fczik\" width=\"1020\" height=\"574\" src=\"https:\/\/www.youtube.com\/embed\/sSxBHCthYjA?feature=oembed\" frameborder=\"0\" allow=\"accelerometer; autoplay; clipboard-write; encrypted-media; gyroscope; picture-in-picture; web-share\" allowfullscreen><\/iframe><\/p>\n<p><iframe loading=\"lazy\" title=\"\ud83d\udc20 Antalya Aquarium | Antalya Homes \u00ae\" width=\"1020\" height=\"574\" src=\"https:\/\/www.youtube.com\/embed\/ywzTPXWKtR8?feature=oembed\" frameborder=\"0\" allow=\"accelerometer; autoplay; clipboard-write; encrypted-media; gyroscope; picture-in-picture; web-share\" allowfullscreen><\/iframe><\/p>\n","protected":false},"excerpt":{"rendered":"<p>ANTALYA AQUARIUM TOUR Tauchen Sie ein in die bezaubernden Tiefen: Erkunden Sie die Antalya Aquarium Tour Tauchen Sie ein in eine Welt voller beein druckender Meereslebewesen im Antalya Aquarium, einem faszinierenden Reiseziel an der atemberaubenden Mittelmeer k\u00fcste der T\u00fcrkei. Die Antalya Aquarium-Tour bietet eine einzigartige Mischung aus Bildung, Unterhaltung und Abenteuer und verspricht ein unvergessliches<\/p>\n","protected":false},"featured_media":4431,"comment_status":"open","ping_status":"closed","template":"","meta":[],"product_brand":[],"product_cat":[110],"product_tag":[],"class_list":{"0":"post-5315","1":"product","2":"type-product","3":"status-publish","4":"has-post-thumbnail","6":"product_cat-touren","8":"first","9":"instock","10":"virtual","11":"sold-individually","12":"purchasable","13":"product-type-booking"},"_links":{"self":[{"href":"https:\/\/holidayexcursion.com\/de\/wp-json\/wp\/v2\/product\/5315","targetHints":{"allow":["GET"]}}],"collection":[{"href":"https:\/\/holidayexcursion.com\/de\/wp-json\/wp\/v2\/product"}],"about":[{"href":"https:\/\/holidayexcursion.com\/de\/wp-json\/wp\/v2\/types\/product"}],"replies":[{"embeddable":true,"href":"https:\/\/holidayexcursion.com\/de\/wp-json\/wp\/v2\/comments?post=5315"}],"wp:featuredmedia":[{"embeddable":true,"href":"https:\/\/holidayexcursion.com\/de\/wp-json\/wp\/v2\/media\/4431"}],"wp:attachment":[{"href":"https:\/\/holidayexcursion.com\/de\/wp-json\/wp\/v2\/media?parent=5315"}],"wp:term":[{"taxonomy":"product_brand","embeddable":true,"href":"https:\/\/holidayexcursion.com\/de\/wp-json\/wp\/v2\/product_brand?post=5315"},{"taxonomy":"product_cat","embeddable":true,"href":"https:\/\/holidayexcursion.com\/de\/wp-json\/wp\/v2\/product_cat?post=5315"},{"taxonomy":"product_tag","embeddable":true,"href":"https:\/\/holidayexcursion.com\/de\/wp-json\/wp\/v2\/product_tag?post=5315"}],"curies":[{"name":"wp","href":"https:\/\/api.w.org\/{rel}","templated":true}]}}