{"id":5324,"date":"2021-10-06T02:11:49","date_gmt":"2021-12-06T22:07:49","guid":{"rendered":"http:\/\/holidayexcursion.com\/excursions-in-alanya\/unkategorisiert\/sealanya-delfinshow-tour\/"},"modified":"2023-12-05T01:45:18","modified_gmt":"2023-12-04T22:45:18","slug":"delfin-show","status":"publish","type":"product","link":"https:\/\/holidayexcursion.com\/de\/tours-in-alanya\/touren\/delfin-show\/","title":{"rendered":"Delfin Show"},"content":{"rendered":"<h2 style=\"text-align: center;\">Delfin show in Alanya<\/h2>\n<p style=\"text-align: center;\">Ein faszinierendes Erlebnis: Erleben Sie die erstaunliche Alanya <a href=\"https:\/\/holidayexcursion.com\/tours-in-alanya\/tours\/land-of-legends\/\">Delfin show<\/a><\/p>\n<p style=\"text-align: center;\">Lassen Sie sich bei der Alanya Delfin Show von der unglaublichen Intelligenz und Beweglichkeit der Delfine faszinieren. Die an der malerischen Mittelmeerk\u00fcste der T\u00fcrkei gelegene Show verspricht, Sie auf eine fesselnde Reise in die Unterwasserwelt dieser gro\u00dfartigen Kreaturen mitzunehmen. Begleiten Sie uns, w\u00e4hrend wir die H\u00f6hepunkte und Wunder der Alanya-Delfinshow erkunden.<\/p>\n<p style=\"text-align: center;\"><img loading=\"lazy\" decoding=\"async\" class=\"alignnone size-medium wp-image-28564\" src=\"https:\/\/holidayexcursion.com\/wp-content\/uploads\/2021\/10\/dolphin-show-holiday-excursion-300x200.jpg\" alt=\"\" width=\"300\" height=\"200\" title=\"\" srcset=\"https:\/\/holidayexcursion.com\/wp-content\/uploads\/2021\/10\/dolphin-show-holiday-excursion-300x200.jpg 300w, https:\/\/holidayexcursion.com\/wp-content\/uploads\/2021\/10\/dolphin-show-holiday-excursion-600x400.jpg 600w, https:\/\/holidayexcursion.com\/wp-content\/uploads\/2021\/10\/dolphin-show-holiday-excursion.jpg 720w\" sizes=\"auto, (max-width: 300px) 100vw, 300px\" \/><\/p>\n<p style=\"text-align: center;\">1. Die Freude an Delfinvorf\u00fchrungen:<\/p>\n<p style=\"text-align: center;\">Lassen Sie sich \u00fcberraschen, wenn die bestens ausgebildeten Delfine ihre Talente und F\u00e4higkeiten in einer Reihe fesselnder Darbietungen unter Beweis stellen. Erleben Sie ihre unglaubliche Akrobatik, ihr Synchronschwimmen und ihre spielerische Interaktion mit ihren Trainern. Die Alanya Delfin show bietet ein entz\u00fcckendes Spektakel, das sowohl unterhaltsam als auch beeindruckend ist und Zuschauer jeden Alters in pures Staunen versetzt.<\/p>\n<p style=\"text-align: center;\">2. P\u00e4dagogische Einblicke in das Verhalten von Delfinen:<\/p>\n<p style=\"text-align: center;\">\u00dcber die unterhaltsamen Darbietungen hinaus bietet die <a href=\"https:\/\/en.wikipedia.org\/wiki\/Alanya\" rel=\"nofollow noopener\" target=\"_blank\">Alanya<\/a> Delfin Show auch lehrreiche Einblicke in das Verhalten und die Intelligenz von Delfinen. Erfahren Sie mehr \u00fcber ihre nat\u00fcrlichen Lebensr\u00e4ume, sozialen Strukturen und die Bedeutung von Naturschutzbem\u00fchungen zum Schutz dieser bemerkenswerten Kreaturen. Durch informative Kommentare soll die Show das Bewusstsein f\u00fcr die Notwendigkeit eines verantwortungsvollen \u00d6kotourismus und die Erhaltung des Meereslebens sch\u00e4rfen.<\/p>\n<p style=\"text-align: center;\"><img loading=\"lazy\" decoding=\"async\" class=\"alignnone size-medium wp-image-28552\" src=\"https:\/\/holidayexcursion.com\/wp-content\/uploads\/2021\/10\/alanya-dolphins-show-3-300x198.jpg\" alt=\"\" width=\"300\" height=\"198\" title=\"\" srcset=\"https:\/\/holidayexcursion.com\/wp-content\/uploads\/2021\/10\/alanya-dolphins-show-3-300x198.jpg 300w, https:\/\/holidayexcursion.com\/wp-content\/uploads\/2021\/10\/alanya-dolphins-show-3-768x507.jpg 768w, https:\/\/holidayexcursion.com\/wp-content\/uploads\/2021\/10\/alanya-dolphins-show-3-600x396.jpg 600w, https:\/\/holidayexcursion.com\/wp-content\/uploads\/2021\/10\/alanya-dolphins-show-3.jpg 1000w\" sizes=\"auto, (max-width: 300px) 100vw, 300px\" \/><\/p>\n<p style=\"text-align: center;\">3. Unvergessliche Interaktionen:<\/p>\n<p style=\"text-align: center;\">F\u00fcr diejenigen, die ein interaktiveres Erlebnis suchen, bietet die Alanya Delfin Show einzigartige M\u00f6glichkeiten, diese au\u00dfergew\u00f6hnlichen Kreaturen hautnah zu erleben. Je nach Veranstaltungsort haben Sie m\u00f6glicherweise die M\u00f6glichkeit, mit Delfinen zu schwimmen, f\u00fcr Fotos zu posieren oder sie sogar zu f\u00fcttern. Diese Interaktionen schaffen lebenslange Erinnerungen und erm\u00f6glichen Ihnen eine tiefere Wertsch\u00e4tzung f\u00fcr diese unglaublichen Tiere.<\/p>\n<p style=\"text-align: center;\">4. Familienfreundliche Unterhaltung:<\/p>\n<p style=\"text-align: center;\">Die Alanya Delfin show ist eine ideale familienfreundliche Aktivit\u00e4t und bietet Unterhaltung f\u00fcr Besucher jeden Alters. Sowohl Kinder als auch Erwachsene werden von der Verspieltheit und Intelligenz der Delfine fasziniert sein. Diese unglaublichen Kreaturen in Aktion zu beobachten, ist nicht nur unterhaltsam, sondern auch lehrreich. Es ist ein Erlebnis, das bei der ganzen Familie einen bleibenden Eindruck hinterlassen wird.<\/p>\n<p style=\"text-align: center;\"><img loading=\"lazy\" decoding=\"async\" class=\"alignnone size-medium wp-image-28570\" src=\"https:\/\/holidayexcursion.com\/wp-content\/uploads\/2021\/10\/Dolphin-Show-alanya-1-300x225.jpg\" alt=\"\" width=\"300\" height=\"225\" title=\"\" srcset=\"https:\/\/holidayexcursion.com\/wp-content\/uploads\/2021\/10\/Dolphin-Show-alanya-1-300x225.jpg 300w, https:\/\/holidayexcursion.com\/wp-content\/uploads\/2021\/10\/Dolphin-Show-alanya-1-1024x768.jpg 1024w, https:\/\/holidayexcursion.com\/wp-content\/uploads\/2021\/10\/Dolphin-Show-alanya-1-768x576.jpg 768w, https:\/\/holidayexcursion.com\/wp-content\/uploads\/2021\/10\/Dolphin-Show-alanya-1-600x450.jpg 600w, https:\/\/holidayexcursion.com\/wp-content\/uploads\/2021\/10\/Dolphin-Show-alanya-1.jpg 1200w\" sizes=\"auto, (max-width: 300px) 100vw, 300px\" \/><\/p>\n<p style=\"text-align: center;\">5. Atemberaubender Veranstaltungsort und professionelle Pr\u00e4sentation:<\/p>\n<p style=\"text-align: center;\">Die Alanya Delfin Show findet an einem erstklassigen Veranstaltungsort statt, der moderne Einrichtungen und bequeme Sitzgelegenheiten bietet. Mit modernsten Ton- und Lichtsystemen bietet die Show ein professionell pr\u00e4sentiertes Erlebnis, das den Gesamtgenuss steigert. Lehnen Sie sich zur\u00fcck und entspannen Sie sich, w\u00e4hrend Sie in die magische Welt der Delfine eintauchen und ihre unglaublichen F\u00e4higkeiten bestaunen.<\/p>\n<p style=\"text-align: center;\">Die Alanya Delfin Show bietet ein faszinierendes Erlebnis, das Ihnen die bemerkenswerte Welt der Delfine n\u00e4her bringt. Von spannenden Darbietungen bis hin zu lehrreichen Einblicken bietet die Show Unterhaltung f\u00fcr alle Altersgruppen und macht gleichzeitig auf die Bedeutung des Meeresschutzes aufmerksam. Egal, ob Sie auf der Suche nach beeindruckender Akrobatik, interaktiven und lehrreichen Erlebnissen oder einfach nur einem unterhaltsamen Familienausflug sind, die Alanya Delfin Show bietet ein unvergessliches Erlebnis. Lassen Sie sich von der Sch\u00f6nheit und Intelligenz dieser au\u00dfergew\u00f6hnlichen Kreaturen faszinieren und verzaubern und hinterlassen Sie unvergessliche Erinnerungen f\u00fcrs Leben.<\/p>\n<p style=\"text-align: center;\"><img loading=\"lazy\" decoding=\"async\" class=\"alignnone size-medium wp-image-28558\" src=\"https:\/\/holidayexcursion.com\/wp-content\/uploads\/2021\/10\/dolphin-show-alanya-300x169.jpg\" alt=\"\" width=\"300\" height=\"169\" title=\"\" srcset=\"https:\/\/holidayexcursion.com\/wp-content\/uploads\/2021\/10\/dolphin-show-alanya-300x169.jpg 300w, https:\/\/holidayexcursion.com\/wp-content\/uploads\/2021\/10\/dolphin-show-alanya-1024x576.jpg 1024w, https:\/\/holidayexcursion.com\/wp-content\/uploads\/2021\/10\/dolphin-show-alanya-768x432.jpg 768w, https:\/\/holidayexcursion.com\/wp-content\/uploads\/2021\/10\/dolphin-show-alanya-1536x864.jpg 1536w, https:\/\/holidayexcursion.com\/wp-content\/uploads\/2021\/10\/dolphin-show-alanya-600x338.jpg 600w, https:\/\/holidayexcursion.com\/wp-content\/uploads\/2021\/10\/dolphin-show-alanya.jpg 1920w\" sizes=\"auto, (max-width: 300px) 100vw, 300px\" \/><\/p>\n<div style=\"text-align: center;\">Die Alanya Delfin show im Sealanya Dolphinpark wird zweimal t\u00e4glich organisiert.<\/div>\n<div style=\"text-align: center;\"><\/div>\n<div style=\"text-align: center;\"><strong> Vormittags gruppe: Abholung: 09:00 Uhr, R\u00fcckkehr: 12:00 Uhr<\/strong><\/div>\n<div style=\"text-align: center;\"><\/div>\n<div style=\"text-align: center;\"><strong> Nachmittags gruppe: Abholung: 14:00 Uhr, R\u00fcckgabe: 17:00 Uhr<\/strong><\/div>\n<div style=\"text-align: center;\">\n<div><\/div>\n<div><strong>ALANYA DELFIN SHOW TOUR PROGRAMM:<\/strong><\/div>\n<div>* Abholung von Hotels\/Apartments in Alanya und Umgebung<\/div>\n<div>* Ankunft im Sealanya Delfin park<\/div>\n<div>* Delfin- und Seel\u00f6wen show<\/div>\n<div>* R\u00fcckgabe in Hotels\/Apartments in Alanya und Umgebung<\/div>\n<\/div>\n<div style=\"text-align: center;\"><\/div>\n<div style=\"text-align: center;\"><strong>IM PREIS INBEGRIFFEN:<\/strong><\/div>\n<div style=\"text-align: center;\">* Abholung und R\u00fcckgabe von Hotels\/Apartments in Alanya und Umgebung<\/div>\n<div style=\"text-align: center;\">* Reise f\u00fchrer<\/div>\n<div style=\"text-align: center;\">* Delfin- und Seel\u00f6wen show (ca. eine Stunde)<\/div>\n<div style=\"text-align: center;\"><\/div>\n<div style=\"text-align: center;\"><strong>OPTIONALE EXTRAS:<\/strong><\/div>\n<div style=\"text-align: center;\">* Schwimmen mit Delfinen 120 \u20ac f\u00fcr 1 Person, Reservierung erforderlich.<\/div>\n<div style=\"text-align: center;\">* Pers\u00f6nliche Ausgaben wie Getr\u00e4nke, Lebens mittel etc. im Park<\/div>\n<div style=\"text-align: center;\">* Von Fotografen aufgenommene Fotos mit Delfinen<\/div>\n<div style=\"text-align: center;\"><\/div>\n<div style=\"text-align: center;\"><strong>ZUS\u00c4TZLICHE INFORMATIONEN &amp; TIPPS:<\/strong><\/div>\n<div style=\"text-align: center;\">* Wenn Sie nur mit Delfinen schwimmen m\u00f6chten, k\u00f6nnen Sie einfach eine Tour zum Schwimmen mit Delfinen in Alanya zum Preis von nur 120 \u20ac mit kostenlosem Transferservice buchen.<\/div>\n<div style=\"text-align: center;\">\n<div>* Kinder unter 3 Jahren d\u00fcrfen nicht mit Delfinen schwimmen.<\/div>\n<div>* Kinder im Alter von 4 bis 6 Jahren m\u00fcssen von einem Erwachsenen begleitet werden.<\/div>\n<div>* Sie m\u00fcssen Ihre Schwimmstunde im Voraus buchen (in der Saison ist viel los).<\/div>\n<\/div>\n<p style=\"text-align: center;\"><span lang=\"EN-US\">Der Preis beinhaltet Transfer, Eintrittskarte, Versicherung.<\/span><\/p>\n<p style=\"text-align: center;\">Wir w\u00fcnschen Ihnen unvergessliche Erinnerungen w\u00e4hrend Ihres Urlaubs in Alanya, T\u00fcrkei.<\/p>\n<p style=\"text-align: center;\">Ps: F\u00fcr weitere Informationen k\u00f6nnen Sie uns auch per Whats-App-Anruf oder Nachricht kontaktieren.<\/p>\n<p style=\"text-align: center;\">Holiday Excursion team,<\/p>\n<p><iframe loading=\"lazy\" title=\"Sealanya  Seapark  &amp; Dolphinpark\" width=\"1020\" height=\"574\" src=\"https:\/\/www.youtube.com\/embed\/30QBDxtRD5c?feature=oembed\" frameborder=\"0\" allow=\"accelerometer; autoplay; clipboard-write; encrypted-media; gyroscope; picture-in-picture; web-share\" allowfullscreen><\/iframe><\/p>\n<p><iframe loading=\"lazy\" title=\"SEALANYA Dolphin show, Alanya, Turkey \/ \u0428\u043e\u0443 \u0434\u0435\u043b\u044c\u0444\u0438\u043d\u043e\u0432 \u0432 \u043c\u043e\u0440\u0441\u043a\u043e\u043c \u043f\u0430\u0440\u043a\u0435 SEALANYA\" width=\"1020\" height=\"574\" src=\"https:\/\/www.youtube.com\/embed\/pQtIzmoPB8Y?feature=oembed\" frameborder=\"0\" allow=\"accelerometer; autoplay; clipboard-write; encrypted-media; gyroscope; picture-in-picture; web-share\" allowfullscreen><\/iframe><\/p>\n","protected":false},"excerpt":{"rendered":"<p>Delfin show in Alanya Ein faszinierendes Erlebnis: Erleben Sie die erstaunliche Alanya Delfin show Lassen Sie sich bei der Alanya Delfin Show von der unglaublichen Intelligenz und Beweglichkeit der Delfine faszinieren. Die an der malerischen Mittelmeerk\u00fcste der T\u00fcrkei gelegene Show verspricht, Sie auf eine fesselnde Reise in die Unterwasserwelt dieser gro\u00dfartigen Kreaturen mitzunehmen. Begleiten Sie<\/p>\n","protected":false},"featured_media":4405,"comment_status":"open","ping_status":"closed","template":"","meta":[],"product_brand":[],"product_cat":[110],"product_tag":[],"class_list":{"0":"post-5324","1":"product","2":"type-product","3":"status-publish","4":"has-post-thumbnail","6":"product_cat-touren","8":"first","9":"instock","10":"virtual","11":"sold-individually","12":"purchasable","13":"product-type-booking"},"_links":{"self":[{"href":"https:\/\/holidayexcursion.com\/de\/wp-json\/wp\/v2\/product\/5324","targetHints":{"allow":["GET"]}}],"collection":[{"href":"https:\/\/holidayexcursion.com\/de\/wp-json\/wp\/v2\/product"}],"about":[{"href":"https:\/\/holidayexcursion.com\/de\/wp-json\/wp\/v2\/types\/product"}],"replies":[{"embeddable":true,"href":"https:\/\/holidayexcursion.com\/de\/wp-json\/wp\/v2\/comments?post=5324"}],"wp:featuredmedia":[{"embeddable":true,"href":"https:\/\/holidayexcursion.com\/de\/wp-json\/wp\/v2\/media\/4405"}],"wp:attachment":[{"href":"https:\/\/holidayexcursion.com\/de\/wp-json\/wp\/v2\/media?parent=5324"}],"wp:term":[{"taxonomy":"product_brand","embeddable":true,"href":"https:\/\/holidayexcursion.com\/de\/wp-json\/wp\/v2\/product_brand?post=5324"},{"taxonomy":"product_cat","embeddable":true,"href":"https:\/\/holidayexcursion.com\/de\/wp-json\/wp\/v2\/product_cat?post=5324"},{"taxonomy":"product_tag","embeddable":true,"href":"https:\/\/holidayexcursion.com\/de\/wp-json\/wp\/v2\/product_tag?post=5324"}],"curies":[{"name":"wp","href":"https:\/\/api.w.org\/{rel}","templated":true}]}}