{"id":5328,"date":"2021-10-06T00:38:58","date_gmt":"2021-12-06T22:07:51","guid":{"rendered":"http:\/\/holidayexcursion.com\/excursions-in-alanya\/unkategorisiert\/alanya-jeep-safari-im-sapadere-canyon\/"},"modified":"2024-03-03T05:16:56","modified_gmt":"2024-03-03T02:16:56","slug":"sapadere-canyon","status":"publish","type":"product","link":"https:\/\/holidayexcursion.com\/de\/tours-in-alanya\/touren\/sapadere-canyon\/","title":{"rendered":"SAPADERE CANYON"},"content":{"rendered":"<h2 style=\"text-align: center;\">SAPADERE CANYON<\/h2>\n<p style=\"text-align: center;\">Entdecken Sie das Wunder der Natur: Sapadere <a href=\"https:\/\/holidayexcursion.com\/tours-in-alanya\/tours\/green-canyon\/\">Canyon<\/a> Tour<\/p>\n<p style=\"text-align: center;\">Im Herzen von Antalya in der T\u00fcrkei liegt ein verstecktes Juwel, das darauf wartet, erkundet zu werden \u2013 der faszinierende Sapadere-Canyon. Bei dieser Holiday Excursion tour laden wir Sie zu einer virtuellen Tour durch den ber\u00fchmten Sapadere Canyon ein und tauchen Sie ein in die unvergleichliche Sch\u00f6nheit und Ruhe, die dieses Naturwunder zu bieten hat.<\/p>\n<p style=\"text-align: center;\">1. Ein Blick ins Paradies:<\/p>\n<p style=\"text-align: center;\">Der Sapadere Canyon ist ein atemberaubendes Naturwunder, das f\u00fcr seine bezaubernde Atmosph\u00e4re und unber\u00fchrte Sch\u00f6nheit bekannt ist. Abseits des hektischen Stadtlebens bietet diese friedliche Oase den Besuchern die M\u00f6glichkeit, sich wieder mit der Natur zu verbinden, ein Gef\u00fchl der Gelassenheit zu erleben und sich in einer Welt fernab des Alltags zu vergn\u00fcgen.<\/p>\n<p style=\"text-align: center;\"><img loading=\"lazy\" decoding=\"async\" class=\"alignnone size-medium wp-image-29041\" src=\"https:\/\/holidayexcursion.com\/wp-content\/uploads\/2021\/10\/sapadere-canyon-holiday-excursion-300x170.jpeg\" alt=\"\" width=\"300\" height=\"170\" title=\"\" srcset=\"https:\/\/holidayexcursion.com\/wp-content\/uploads\/2021\/10\/sapadere-canyon-holiday-excursion-300x170.jpeg 300w, https:\/\/holidayexcursion.com\/wp-content\/uploads\/2021\/10\/sapadere-canyon-holiday-excursion-768x434.jpeg 768w, https:\/\/holidayexcursion.com\/wp-content\/uploads\/2021\/10\/sapadere-canyon-holiday-excursion-600x339.jpeg 600w, https:\/\/holidayexcursion.com\/wp-content\/uploads\/2021\/10\/sapadere-canyon-holiday-excursion.jpeg 800w\" sizes=\"auto, (max-width: 300px) 100vw, 300px\" \/><\/p>\n<p style=\"text-align: center;\">2. Eine Reise durch die Zeit:<\/p>\n<p style=\"text-align: center;\">Wenn Sie sich auf eine Tour durch den Sapadere Canyon begeben, werden Sie auf eine Reise durch die Zeit entf\u00fchrt, wo uralte geologische Kr\u00e4fte \u00fcber Millionen von Jahren eine herrliche Schlucht geformt haben. Das Ergebnis ist ein atemberaubendes Schauspiel aus hoch aufragenden Felsformationen, tosenden Wasserf\u00e4llen und \u00fcppiger Vegetation, die auf Schritt und Tritt einen wirklich beeindruckenden Anblick bieten.<\/p>\n<p style=\"text-align: center;\">3. Die inneren Wunder:<\/p>\n<p style=\"text-align: center;\">Wenn Sie sich in die Tiefen des Sapadere Canyon wagen, werden Sie eine Reihe faszinierender Besonderheiten entdecken, die diesen Ort zu etwas ganz Besonderem machen. Gehen Sie den gewundenen Holzweg entlang, der Sie mitten durch die Schlucht f\u00fchrt, sodass Sie ihre Gro\u00dfartigkeit voll und ganz genie\u00dfen und die Naturwunder bestaunen k\u00f6nnen. Seien Sie bereit, einen Blick auf kristallklares t\u00fcrkisfarbenes Wasser, versteckte H\u00f6hlen und malerische Orte zu erhaschen, die perfekt sind, um mit der Natur in Kontakt zu kommen oder unglaubliche Fotos aufzunehmen.<\/p>\n<p style=\"text-align: center;\"><img loading=\"lazy\" decoding=\"async\" class=\"alignnone size-medium wp-image-29035\" src=\"https:\/\/holidayexcursion.com\/wp-content\/uploads\/2021\/10\/alanya-sapadere-canyon-holiday-excursion-300x225.jpeg\" alt=\"\" width=\"300\" height=\"225\" title=\"\" srcset=\"https:\/\/holidayexcursion.com\/wp-content\/uploads\/2021\/10\/alanya-sapadere-canyon-holiday-excursion-300x225.jpeg 300w, https:\/\/holidayexcursion.com\/wp-content\/uploads\/2021\/10\/alanya-sapadere-canyon-holiday-excursion-768x576.jpeg 768w, https:\/\/holidayexcursion.com\/wp-content\/uploads\/2021\/10\/alanya-sapadere-canyon-holiday-excursion-600x450.jpeg 600w, https:\/\/holidayexcursion.com\/wp-content\/uploads\/2021\/10\/alanya-sapadere-canyon-holiday-excursion.jpeg 800w\" sizes=\"auto, (max-width: 300px) 100vw, 300px\" \/><\/p>\n<p style=\"text-align: center;\">4. Erfrischende Wasserf\u00e4lle und Badem\u00f6glichkeiten:<\/p>\n<p style=\"text-align: center;\">Einer der H\u00f6hepunkte der Alanya-Sapadere-Canyon-Tour ist die Begegnung mit den erfrischenden Wasserf\u00e4llen, die die Felsen hinabst\u00fcrzen. Das Rauschen des Wassers und der k\u00fchlende Nebel schaffen eine erfrischende Oase in der Schlucht, die Besucher dazu einl\u00e4dt, eine Pause einzulegen und die Sch\u00f6nheit der Umgebung zu genie\u00dfen. Ein Bad in den unber\u00fchrten Becken unterhalb der Wasserf\u00e4lle ist ein unvergessliches Erlebnis und bietet die M\u00f6glichkeit, sich inmitten dieser bezaubernden Umgebung zu erfrischen und zu regenerieren.<\/p>\n<p style=\"text-align: center;\"><img loading=\"lazy\" decoding=\"async\" class=\"alignnone size-medium wp-image-29047\" src=\"https:\/\/holidayexcursion.com\/wp-content\/uploads\/2021\/10\/sapadere-kanyonu-alanya-224x300.jpg\" alt=\"\" width=\"224\" height=\"300\" title=\"\" srcset=\"https:\/\/holidayexcursion.com\/wp-content\/uploads\/2021\/10\/sapadere-kanyonu-alanya-224x300.jpg 224w, https:\/\/holidayexcursion.com\/wp-content\/uploads\/2021\/10\/sapadere-kanyonu-alanya.jpg 600w\" sizes=\"auto, (max-width: 224px) 100vw, 224px\" \/><\/p>\n<p style=\"text-align: center;\">5. Eintauchen in die lokale Kultur:<\/p>\n<p style=\"text-align: center;\">Abgesehen von seiner nat\u00fcrlichen Pracht bietet ein Besuch des Alanya Sapadere Canyon auch die M\u00f6glichkeit, in die lokale Kultur und Traditionen der Region einzutauchen. Besuchen Sie das nahe gelegene Dorf Sapadere, treffen Sie freundliche Einheimische und erleben Sie das traditionelle Dorfleben. Probieren Sie die lokale K\u00fcche, f\u00fchren Sie Gespr\u00e4che und genie\u00dfen Sie die herzliche Gastfreundschaft der Menschen, wodurch eine tiefere Verbindung zum Ort und seinem Erbe entsteht.<\/p>\n<p style=\"text-align: center;\">Eine Reise zum <a href=\"https:\/\/en.wikipedia.org\/wiki\/Alanya\" rel=\"nofollow noopener\" target=\"_blank\">Alanya<\/a> Sapadere Canyon ist eine Einladung, die Wunder der Natur zu erkunden und in eine ruhige und atemberaubende Umgebung einzutauchen. Dieses versteckte Paradies zeigt die raue Sch\u00f6nheit von Antalya in der T\u00fcrkei und bietet Besuchern eine Flucht aus dem Alltag und die M\u00f6glichkeit, sich wieder mit der Natur zu verbinden. Mit seinen atemberaubenden Felsformationen, kaskadierenden Wasserf\u00e4llen und seiner ruhigen Atmosph\u00e4re ist der Sapadere Canyon ein Reiseziel, das einen bleibenden Eindruck hinterl\u00e4sst und weiterhin die Herzen aller erobert, die sich in seine Tiefen wagen. Machen Sie sich also bereit f\u00fcr eine Tour durch den Sapadere Canyon und lassen Sie sich von der Pracht der Natur \u00fcberraschen.<\/p>\n<p style=\"text-align: center;\"><img loading=\"lazy\" decoding=\"async\" class=\"alignnone size-medium wp-image-29053\" src=\"https:\/\/holidayexcursion.com\/wp-content\/uploads\/2021\/10\/sapadere-kanyonu-alanya-1-300x177.jpg\" alt=\"\" width=\"300\" height=\"177\" title=\"\" srcset=\"https:\/\/holidayexcursion.com\/wp-content\/uploads\/2021\/10\/sapadere-kanyonu-alanya-1-300x177.jpg 300w, https:\/\/holidayexcursion.com\/wp-content\/uploads\/2021\/10\/sapadere-kanyonu-alanya-1-600x353.jpg 600w, https:\/\/holidayexcursion.com\/wp-content\/uploads\/2021\/10\/sapadere-kanyonu-alanya-1.jpg 696w\" sizes=\"auto, (max-width: 300px) 100vw, 300px\" \/><\/p>\n<div style=\"text-align: center;\">IM PREIS INBEGRIFFEN:<\/div>\n<div style=\"text-align: center;\">Abholung und R\u00fccktransfer zu Ihrem Hotel<\/div>\n<div style=\"text-align: center;\">Orientierungshilfe<\/div>\n<div style=\"text-align: center;\">Mittagessen (Gegrillter Fisch oder H\u00fchnchen, Salate, Makkaroni oder Reis)<\/div>\n<div style=\"text-align: center;\">Transportm\u00f6glichkeit im komfortablen, klimatisierten Kleinbus oder 4&#215;4 Land Rover Jeep<\/div>\n<div style=\"text-align: center;\">\n<p>Eintritt in den Sapadere Canyon<\/p>\n<div>PREIS NICHT INBEGRIFFEN:<\/div>\n<div>Getr\u00e4nke<\/div>\n<div>H\u00f6hleneintritt (optional und 3 \u20ac)<\/div>\n<div>ZUS\u00c4TZLICHE INFOS &amp; TIPPS:<\/div>\n<div>Gerne nehmen wir Ihre Barzahlung im Bus &amp; Jeep an unseren Reiseleiter entgegen,<\/div>\n<div>Sie k\u00f6nnen Ihre Badesachen mitbringen.<\/div>\n<div>\n<p>Wir w\u00fcnschen Ihnen unvergessliche Erinnerungen w\u00e4hrend Ihres Urlaubs in Alanya, T\u00fcrkei.<\/p>\n<p>Ps: F\u00fcr weitere Informationen k\u00f6nnen Sie uns auch per Whats-App-Anruf oder Nachricht kontaktieren.<\/p>\n<p>Holiday Excursion team,<\/p>\n<\/div>\n<div><\/div>\n<div>\n<p><iframe loading=\"lazy\" title=\"Alanya jeep Safari - Sapadere Canyon Waterfalls\" width=\"1020\" height=\"574\" src=\"https:\/\/www.youtube.com\/embed\/6L4b0J8mW0Y?feature=oembed\" frameborder=\"0\" allow=\"accelerometer; autoplay; clipboard-write; encrypted-media; gyroscope; picture-in-picture; web-share\" allowfullscreen><\/iframe><\/p>\n<\/div>\n<\/div>\n<div style=\"text-align: center;\"><\/div>\n<div style=\"text-align: center;\">\n<p><iframe loading=\"lazy\" title=\"Alanya  Sapadere Canyon waterfall swimming\" width=\"1020\" height=\"574\" src=\"https:\/\/www.youtube.com\/embed\/WsmpHLpioDY?feature=oembed\" frameborder=\"0\" allow=\"accelerometer; autoplay; clipboard-write; encrypted-media; gyroscope; picture-in-picture; web-share\" allowfullscreen><\/iframe><\/p>\n<\/div>\n<p><iframe loading=\"lazy\" title=\"No. VIII - Sapadere Canyon (Turkey) (1440p@60fps)\" width=\"1020\" height=\"574\" src=\"https:\/\/www.youtube.com\/embed\/YylN7kz8PTw?feature=oembed\" frameborder=\"0\" allow=\"accelerometer; autoplay; clipboard-write; encrypted-media; gyroscope; picture-in-picture; web-share\" allowfullscreen><\/iframe><\/p>\n","protected":false},"excerpt":{"rendered":"<p>SAPADERE CANYON Entdecken Sie das Wunder der Natur: Sapadere Canyon Tour Im Herzen von Antalya in der T\u00fcrkei liegt ein verstecktes Juwel, das darauf wartet, erkundet zu werden \u2013 der faszinierende Sapadere-Canyon. Bei dieser Holiday Excursion tour laden wir Sie zu einer virtuellen Tour durch den ber\u00fchmten Sapadere Canyon ein und tauchen Sie ein in<\/p>\n","protected":false},"featured_media":4880,"comment_status":"open","ping_status":"closed","template":"","meta":[],"product_brand":[],"product_cat":[110],"product_tag":[],"class_list":{"0":"post-5328","1":"product","2":"type-product","3":"status-publish","4":"has-post-thumbnail","6":"product_cat-touren","8":"first","9":"instock","10":"virtual","11":"sold-individually","12":"purchasable","13":"product-type-booking"},"_links":{"self":[{"href":"https:\/\/holidayexcursion.com\/de\/wp-json\/wp\/v2\/product\/5328","targetHints":{"allow":["GET"]}}],"collection":[{"href":"https:\/\/holidayexcursion.com\/de\/wp-json\/wp\/v2\/product"}],"about":[{"href":"https:\/\/holidayexcursion.com\/de\/wp-json\/wp\/v2\/types\/product"}],"replies":[{"embeddable":true,"href":"https:\/\/holidayexcursion.com\/de\/wp-json\/wp\/v2\/comments?post=5328"}],"wp:featuredmedia":[{"embeddable":true,"href":"https:\/\/holidayexcursion.com\/de\/wp-json\/wp\/v2\/media\/4880"}],"wp:attachment":[{"href":"https:\/\/holidayexcursion.com\/de\/wp-json\/wp\/v2\/media?parent=5328"}],"wp:term":[{"taxonomy":"product_brand","embeddable":true,"href":"https:\/\/holidayexcursion.com\/de\/wp-json\/wp\/v2\/product_brand?post=5328"},{"taxonomy":"product_cat","embeddable":true,"href":"https:\/\/holidayexcursion.com\/de\/wp-json\/wp\/v2\/product_cat?post=5328"},{"taxonomy":"product_tag","embeddable":true,"href":"https:\/\/holidayexcursion.com\/de\/wp-json\/wp\/v2\/product_tag?post=5328"}],"curies":[{"name":"wp","href":"https:\/\/api.w.org\/{rel}","templated":true}]}}