{"id":5349,"date":"2021-09-27T14:55:34","date_gmt":"2021-12-06T22:07:54","guid":{"rendered":"http:\/\/holidayexcursion.com\/excursions-in-alanya\/unkategorisiert\/alanya-stadtrundfahrt\/"},"modified":"2023-12-07T00:13:26","modified_gmt":"2023-12-06T21:13:26","slug":"stadt-rundfahrt","status":"publish","type":"product","link":"https:\/\/holidayexcursion.com\/de\/tours-in-alanya\/touren\/stadt-rundfahrt\/","title":{"rendered":"ALANYA STADT RUNDFAHRT UND SEILBAHN"},"content":{"rendered":"<h2 style=\"text-align: center;\"><strong>ALANYA STADT RUNDFAHRT UND SEILBAHN<\/strong><\/h2>\n<p style=\"text-align: center;\">Entdecken Sie den Charme von Alanya: Eine fesselnde Stadt rundfahrt<\/p>\n<p style=\"text-align: center;\">Tauchen Sie ein in die bezaubernde Welt von Alanya in der T\u00fcrkei und begeben Sie sich auf eine fesselnde Stadt rundfahrt, die Sie in die reiche Geschichte, die lebendige Kultur und die atemberaubenden Landschaften dieses K\u00fcstenjuwels eintauchen l\u00e4sst. Stadt rundfahrten durch Alanya bieten eine fantastische Gelegenheit, die antiken Wahrzeichen zu erkunden, gesch\u00e4ftige M\u00e4rkte zu besuchen, in lokale Traditionen einzutauchen und die atemberaubende Aussicht auf das <a href=\"https:\/\/en.wikipedia.org\/wiki\/Mediterranean_Sea\" rel=\"nofollow noopener\" target=\"_blank\">Mittelmeer<\/a> zu genie\u00dfen. Begleiten Sie uns auf dieser Holiday Excursion tour auf eine Reise durch Alanyas H\u00f6hepunkte und enth\u00fcllen Sie die Sch\u00f6nheit, die sich innerhalb der Stadtmauern verbirgt.<\/p>\n<p style=\"text-align: center;\"><img loading=\"lazy\" decoding=\"async\" class=\"alignnone size-medium wp-image-29268\" src=\"https:\/\/holidayexcursion.com\/wp-content\/uploads\/2021\/09\/Alanya-city-tour-300x240.jpg\" alt=\"\" width=\"300\" height=\"240\" title=\"\" srcset=\"https:\/\/holidayexcursion.com\/wp-content\/uploads\/2021\/09\/Alanya-city-tour-300x240.jpg 300w, https:\/\/holidayexcursion.com\/wp-content\/uploads\/2021\/09\/Alanya-city-tour.jpg 500w\" sizes=\"auto, (max-width: 300px) 100vw, 300px\" \/><\/p>\n<p style=\"text-align: center;\">1. Enth\u00fcllung historischer Sch\u00e4tze:<\/p>\n<p style=\"text-align: center;\">Alanyas Geschichte reicht Jahrtausende zur\u00fcck und eine Stadt rundfahrt bietet die M\u00f6glichkeit, seine antiken Sch\u00e4tze zu entdecken. Beginnen Sie Ihre Reise mit der Erkundung der ber\u00fchmten Burg von Alanya, die hoch oben auf einem felsigen H\u00fcgel mit Blick auf die Stadt thront. Diese mittelalterliche Festung bietet einen Panoramablick auf die Umgebung und einen Einblick in die Vergangenheit der Region. Bewundern Sie bei Ihrem Spaziergang durch die Burgmauern die beeindruckende Architektur und erfahren Sie mehr \u00fcber ihre strategische Bedeutung.<\/p>\n<p style=\"text-align: center;\">2. Ein Spaziergang durch die Altstadt von Alanya:<\/p>\n<p style=\"text-align: center;\">Betreten Sie anschlie\u00dfend die bezaubernden Gassen der Altstadt von Alanya, bekannt als \u201eKaleici\u201c, in denen die Zeit stillzustehen scheint. Schlendern Sie durch die engen Gassen, die von traditionellen osmanischen H\u00e4usern, lebhaften Basaren und skurrilen Boutiquen ges\u00e4umt sind. Die Altstadt ist eine Fundgrube architektonischer Wunderwerke, deren Reiz durch Bauwerke wie den Roten Turm und die ber\u00fchmte Alanya-Werft noch verst\u00e4rkt wird. Machen Sie einen gem\u00fctlichen Spaziergang und tauchen Sie ein in die Mischung aus Charme der alten Welt und modernen Einfl\u00fcssen, die Kaleici ausmacht.<\/p>\n<p style=\"text-align: center;\"><img loading=\"lazy\" decoding=\"async\" class=\"alignnone size-medium wp-image-29274\" src=\"https:\/\/holidayexcursion.com\/wp-content\/uploads\/2021\/09\/Alanya-mini-city-tour-holiday-excursion-300x225.jpg\" alt=\"\" width=\"300\" height=\"225\" title=\"\" srcset=\"https:\/\/holidayexcursion.com\/wp-content\/uploads\/2021\/09\/Alanya-mini-city-tour-holiday-excursion-300x225.jpg 300w, https:\/\/holidayexcursion.com\/wp-content\/uploads\/2021\/09\/Alanya-mini-city-tour-holiday-excursion-1024x768.jpg 1024w, https:\/\/holidayexcursion.com\/wp-content\/uploads\/2021\/09\/Alanya-mini-city-tour-holiday-excursion-768x576.jpg 768w, https:\/\/holidayexcursion.com\/wp-content\/uploads\/2021\/09\/Alanya-mini-city-tour-holiday-excursion-600x450.jpg 600w, https:\/\/holidayexcursion.com\/wp-content\/uploads\/2021\/09\/Alanya-mini-city-tour-holiday-excursion.jpg 1067w\" sizes=\"auto, (max-width: 300px) 100vw, 300px\" \/><\/p>\n<p style=\"text-align: center;\">3. Entdecken Sie kulturelle Sch\u00e4tze:<\/p>\n<p style=\"text-align: center;\">Das kulturelle Erbe Alanyas ist tief in seiner Geschichte und seinen Traditionen verwurzelt. Besuchen Sie w\u00e4hrend Ihrer Stadt rundfahrt unbedingt das Alanya-Museum, das eine beeindruckende Sammlung von Artefakten aus der Vergangenheit der Region zeigt. Von antiken r\u00f6mischen Skulpturen bis hin zu komplizierter byzantinischer Keramik bietet dieses Museum einen faszinierenden Einblick in die vielf\u00e4ltigen kulturellen Einfl\u00fcsse Alanyas.<\/p>\n<p style=\"text-align: center;\">4. Die Sch\u00f6nheit der K\u00fcste von Alanya genie\u00dfen:<\/p>\n<p style=\"text-align: center;\">Eine Stadt rundfahrt durch Alanya w\u00e4re nicht vollst\u00e4ndig, ohne die atemberaubenden Ausblicke auf die K\u00fcste zu genie\u00dfen. Nehmen Sie sich einen Moment Zeit zum Entspannen am Kleopatra-Strand, der nach der ber\u00fchmten \u00e4gyptischen K\u00f6nigin benannt ist, die angeblich hier zu Besuch war. Sp\u00fcren Sie den weichen Sand zwischen Ihren Zehen, genie\u00dfen Sie die W\u00e4rme der Sonne und bewundern Sie das kristallklare Wasser des Mittelmeers. Auch der Hafen von Alanya bietet mit seinen im Wasser schaukelnden Booten eine malerische Kulisse.<\/p>\n<p style=\"text-align: center;\"><img loading=\"lazy\" decoding=\"async\" class=\"alignnone size-medium wp-image-29280\" src=\"https:\/\/holidayexcursion.com\/wp-content\/uploads\/2021\/09\/City-tour-alanya-kalesi-300x201.jpg\" alt=\"\" width=\"300\" height=\"201\" title=\"\" srcset=\"https:\/\/holidayexcursion.com\/wp-content\/uploads\/2021\/09\/City-tour-alanya-kalesi-300x201.jpg 300w, https:\/\/holidayexcursion.com\/wp-content\/uploads\/2021\/09\/City-tour-alanya-kalesi-768x514.jpg 768w, https:\/\/holidayexcursion.com\/wp-content\/uploads\/2021\/09\/City-tour-alanya-kalesi-600x401.jpg 600w, https:\/\/holidayexcursion.com\/wp-content\/uploads\/2021\/09\/City-tour-alanya-kalesi.jpg 1000w\" sizes=\"auto, (max-width: 300px) 100vw, 300px\" \/><\/p>\n<p style=\"text-align: center;\">Eine Stadt rundfahrt durch Alanya ist eine Gelegenheit, sich \u00fcber die Oberfl\u00e4che dieser faszinierenden K\u00fcstenstadt hinauszuwagen und ihre historischen St\u00e4tten zu erkunden, in lokale Traditionen einzutauchen und ihre nat\u00fcrliche Sch\u00f6nheit zu bestaunen. Von der alten Burg von Alanya bis hin zu den gesch\u00e4ftigen M\u00e4rkten und atemberaubenden Str\u00e4nden verspricht jeder Moment der Tour ein unvergessliches Erlebnis. Packen Sie also Ihre Neugier ein, begeben Sie sich auf eine Stadt rundfahrt durch Alanya und l\u00fcften Sie die Geheimnisse, die dieses gro\u00dfartige <a href=\"https:\/\/holidayexcursion.com\/excursion-in-alanya\/\">Reise<\/a> ziel gepr\u00e4gt haben.<\/p>\n<p style=\"text-align: center;\"><img loading=\"lazy\" decoding=\"async\" class=\"alignnone size-medium wp-image-29286\" src=\"https:\/\/holidayexcursion.com\/wp-content\/uploads\/2021\/09\/city-tour-damlatas-magarasi-300x188.jpg\" alt=\"\" width=\"300\" height=\"188\" title=\"\" srcset=\"https:\/\/holidayexcursion.com\/wp-content\/uploads\/2021\/09\/city-tour-damlatas-magarasi-300x188.jpg 300w, https:\/\/holidayexcursion.com\/wp-content\/uploads\/2021\/09\/city-tour-damlatas-magarasi-600x376.jpg 600w, https:\/\/holidayexcursion.com\/wp-content\/uploads\/2021\/09\/city-tour-damlatas-magarasi.jpg 750w\" sizes=\"auto, (max-width: 300px) 100vw, 300px\" \/><\/p>\n<div style=\"text-align: center;\"><strong>ALANYA STADT RUNDFAHRT UND SEILBAHN PROGRAMM:<\/strong><\/div>\n<div style=\"text-align: center;\">* Abholung von Hotels\/Apartments in Alanya und Umgebung<\/div>\n<div style=\"text-align: center;\">* Alanya-Seilbahn hinauf zur Alanya-Burg<\/div>\n<div style=\"text-align: center;\">* Besuchen Sie die Kalkstein h\u00f6hle (Damlatash-H\u00f6hle),<\/div>\n<div style=\"text-align: center;\">* Besuchen Sie den Kleopatra-Strand (nur kurz aussehend, kein Schwimmen)<\/div>\n<div style=\"text-align: center;\">* Alanya-Beobachtungs terrasse<\/div>\n<div style=\"text-align: center;\">* R\u00fcckgabe an Hotels\/Apartments in Alanya und Umgebung<\/div>\n<div style=\"text-align: center;\"><\/div>\n<div style=\"text-align: center;\"><strong>IM PREIS INBEGRIFFEN:<\/strong><\/div>\n<div style=\"text-align: center;\">* Abholung und R\u00fcck transfer von Hotels und Apartments in Alanya<\/div>\n<div style=\"text-align: center;\">* Guide, Alanya-Seilbahn (Teleferik), Geb\u00fchr = 8 \u20ac<\/div>\n<div style=\"text-align: center;\"><\/div>\n<div style=\"text-align: center;\"><strong>OPTIONALE EXTRAS:<\/strong><\/div>\n<div style=\"text-align: center;\">* Eintritts preis f\u00fcr die Fallstein h\u00f6hle (Damlata\u015f-H\u00f6hle) = 2 \u20ac<\/div>\n<div style=\"text-align: center;\"><\/div>\n<div style=\"text-align: center;\"><strong>ZUS\u00c4TZLICHE INFOS &amp; TIPPS:<\/strong><\/div>\n<div style=\"text-align: center;\">* Es ist auch m\u00f6glich, unsere Stadtrundfahrt privat mit einem privaten Fahrer durchzuf\u00fchren.<\/div>\n<div style=\"text-align: center;\">*Nehmen Sie Ihre Kamera und Ihr Mobil telefon mit.<\/div>\n<div style=\"text-align: center;\">* Wenn es im Fr\u00fchling und Herbst k\u00fchler ist, nehmen Sie Ihre Jacke mit, um sich vor dem Wind zu sch\u00fctzen.<\/div>\n<div style=\"text-align: center;\">* Die kurze Stadt- und Seilbahn tour durch Alanya wird mit Landrover-Jeeps und offenen Kleinbussen organisiert.<\/div>\n<p style=\"text-align: center;\">Wir w\u00fcnschen Ihnen unvergessliche Erinnerungen w\u00e4hrend Ihres Urlaubs in Alanya, T\u00fcrkei.<\/p>\n<p style=\"text-align: center;\">Ps: F\u00fcr weitere Informationen k\u00f6nnen Sie uns auch per Whats-App-Anruf oder Nachricht kontaktieren.<\/p>\n<p style=\"text-align: center;\">Holiday Excursion team,<\/p>\n<p><iframe loading=\"lazy\" title=\"Alanya City Center 2021(complete) - Evening walking tour in Alanya City Center, Turkey\" width=\"1020\" height=\"574\" src=\"https:\/\/www.youtube.com\/embed\/evGQxeSKxYQ?feature=oembed\" frameborder=\"0\" allow=\"accelerometer; autoplay; clipboard-write; encrypted-media; gyroscope; picture-in-picture; web-share\" allowfullscreen><\/iframe><\/p>\n<p><iframe loading=\"lazy\" title=\"ALANYA Walking Tour - Alanya Turkey (4K)\" width=\"1020\" height=\"574\" src=\"https:\/\/www.youtube.com\/embed\/T5YOw82lHuI?feature=oembed\" frameborder=\"0\" allow=\"accelerometer; autoplay; clipboard-write; encrypted-media; gyroscope; picture-in-picture; web-share\" allowfullscreen><\/iframe><\/p>\n","protected":false},"excerpt":{"rendered":"<p>ALANYA STADT RUNDFAHRT UND SEILBAHN Entdecken Sie den Charme von Alanya: Eine fesselnde Stadt rundfahrt Tauchen Sie ein in die bezaubernde Welt von Alanya in der T\u00fcrkei und begeben Sie sich auf eine fesselnde Stadt rundfahrt, die Sie in die reiche Geschichte, die lebendige Kultur und die atemberaubenden Landschaften dieses K\u00fcstenjuwels eintauchen l\u00e4sst. Stadt rundfahrten<\/p>\n","protected":false},"featured_media":4480,"comment_status":"open","ping_status":"closed","template":"","meta":[],"product_brand":[],"product_cat":[110],"product_tag":[],"class_list":{"0":"post-5349","1":"product","2":"type-product","3":"status-publish","4":"has-post-thumbnail","6":"product_cat-touren","8":"first","9":"instock","10":"featured","11":"virtual","12":"sold-individually","13":"purchasable","14":"product-type-booking"},"_links":{"self":[{"href":"https:\/\/holidayexcursion.com\/de\/wp-json\/wp\/v2\/product\/5349","targetHints":{"allow":["GET"]}}],"collection":[{"href":"https:\/\/holidayexcursion.com\/de\/wp-json\/wp\/v2\/product"}],"about":[{"href":"https:\/\/holidayexcursion.com\/de\/wp-json\/wp\/v2\/types\/product"}],"replies":[{"embeddable":true,"href":"https:\/\/holidayexcursion.com\/de\/wp-json\/wp\/v2\/comments?post=5349"}],"wp:featuredmedia":[{"embeddable":true,"href":"https:\/\/holidayexcursion.com\/de\/wp-json\/wp\/v2\/media\/4480"}],"wp:attachment":[{"href":"https:\/\/holidayexcursion.com\/de\/wp-json\/wp\/v2\/media?parent=5349"}],"wp:term":[{"taxonomy":"product_brand","embeddable":true,"href":"https:\/\/holidayexcursion.com\/de\/wp-json\/wp\/v2\/product_brand?post=5349"},{"taxonomy":"product_cat","embeddable":true,"href":"https:\/\/holidayexcursion.com\/de\/wp-json\/wp\/v2\/product_cat?post=5349"},{"taxonomy":"product_tag","embeddable":true,"href":"https:\/\/holidayexcursion.com\/de\/wp-json\/wp\/v2\/product_tag?post=5349"}],"curies":[{"name":"wp","href":"https:\/\/api.w.org\/{rel}","templated":true}]}}