{"id":5366,"date":"2021-10-05T17:30:00","date_gmt":"2021-12-06T22:07:57","guid":{"rendered":"http:\/\/holidayexcursion.com\/excursions-in-alanya\/unkategorisiert\/alanya-jeep-safari-tour\/"},"modified":"2023-12-07T00:00:40","modified_gmt":"2023-12-06T21:00:40","slug":"jeep-safari","status":"publish","type":"product","link":"https:\/\/holidayexcursion.com\/de\/tours-in-alanya\/touren\/jeep-safari\/","title":{"rendered":"Jeep Safari"},"content":{"rendered":"<p style=\"text-align: center;\"><strong>JEEP SAFAR\u0130 <\/strong><\/p>\n<p style=\"text-align: center;\">\u201eEntfesseln Sie Ihren Abenteuergeist: Jeep Safari Touren in Alanya mit Urlaubsausflug.\u201c<\/p>\n<p style=\"text-align: center;\">Wenn Sie auf der Suche nach Nervenkitzel sind und sich nach einem au\u00dfergew\u00f6hnlichen Erlebnis sehnen, sind die aufregenden Jeep Safari Touren in Alanya genau das Richtige f\u00fcr Sie. Eingebettet in die unglaubliche Sch\u00f6nheit der t\u00fcrkischen Riviera bietet Alanya eine F\u00fclle rauer Gebiete und atemberaubender Landschaften, die es zu erkunden gilt. Steigen Sie an Bord eines robusten 4&#215;4-Jeeps und machen Sie sich bereit f\u00fcr ein unvergessliches Abenteuer durch malerische Berge, charmante D\u00f6rfer und versteckte Naturwunder. Bei dieser Urlaubsausflugstour nehmen wir Sie mit auf eine unglaubliche Reise und tauchen ein in die Spannung und den Charme von Jeep Safari Touren in Alanya.<\/p>\n<p style=\"text-align: center;\"><img loading=\"lazy\" decoding=\"async\" class=\"alignnone size-medium wp-image-29163\" src=\"https:\/\/holidayexcursion.com\/wp-content\/uploads\/2021\/10\/Jeep-safari-Holiday-excursion-alanya-300x247.jpg\" alt=\"\" width=\"300\" height=\"247\" title=\"\" srcset=\"https:\/\/holidayexcursion.com\/wp-content\/uploads\/2021\/10\/Jeep-safari-Holiday-excursion-alanya-300x247.jpg 300w, https:\/\/holidayexcursion.com\/wp-content\/uploads\/2021\/10\/Jeep-safari-Holiday-excursion-alanya-1024x843.jpg 1024w, https:\/\/holidayexcursion.com\/wp-content\/uploads\/2021\/10\/Jeep-safari-Holiday-excursion-alanya-768x632.jpg 768w, https:\/\/holidayexcursion.com\/wp-content\/uploads\/2021\/10\/Jeep-safari-Holiday-excursion-alanya-1536x1265.jpg 1536w, https:\/\/holidayexcursion.com\/wp-content\/uploads\/2021\/10\/Jeep-safari-Holiday-excursion-alanya-600x494.jpg 600w, https:\/\/holidayexcursion.com\/wp-content\/uploads\/2021\/10\/Jeep-safari-Holiday-excursion-alanya.jpg 1700w\" sizes=\"auto, (max-width: 300px) 100vw, 300px\" \/><\/p>\n<p style=\"text-align: center;\">Off-Road-Tour durch unber\u00fchrte Sch\u00f6nheit:<br \/>\nJeep Safari Touren in Alanya sind die perfekte M\u00f6glichkeit, den ausgetretenen Pfaden zu entfliehen und die ungez\u00e4hmte Sch\u00f6nheit der Region zu entdecken. Erleben Sie den Nervenkitzel des Offroad-Fahrens, w\u00e4hrend Ihr erfahrener Fahrer durch unwegsames Gel\u00e4nde navigiert und Sie tief in die Natur entf\u00fchrt. \u00dcberqueren Sie staubige Pfade, \u00fcberwinden Sie steile H\u00e4nge und tauchen Sie ein in die atemberaubende Landschaft des Taurus gebirges.<\/p>\n<p style=\"text-align: center;\">Entdecken Sie verborgene Sch\u00e4tze:<br \/>\nDiese Touren bieten eine einzigartige Gelegenheit, versteckte Sch\u00e4tze zu erkunden, die au\u00dferhalb des Touristenradars liegen. Begeben Sie sich in malerische, traditionelle D\u00f6rfer, wo Sie Zeuge der traditionellen Lebensweise werden und mit freundlichen Einheimischen interagieren k\u00f6nnen. Besuchen Sie traditionelle t\u00fcrkische Kaffeeh\u00e4user, bekannt als \u201eKahvehane\u201c, um eine Tasse reichhaltigen t\u00fcrkischen Kaffee zu genie\u00dfen und Gespr\u00e4che \u00fcber die lokale Kultur und Traditionen zu f\u00fchren.<\/p>\n<p style=\"text-align: center;\"><img loading=\"lazy\" decoding=\"async\" class=\"alignnone size-medium wp-image-29169\" src=\"https:\/\/holidayexcursion.com\/wp-content\/uploads\/2021\/10\/jeep-safari-holiday-excursion-300x160.jpg\" alt=\"\" width=\"300\" height=\"160\" title=\"\" srcset=\"https:\/\/holidayexcursion.com\/wp-content\/uploads\/2021\/10\/jeep-safari-holiday-excursion-300x160.jpg 300w, https:\/\/holidayexcursion.com\/wp-content\/uploads\/2021\/10\/jeep-safari-holiday-excursion-1024x547.jpg 1024w, https:\/\/holidayexcursion.com\/wp-content\/uploads\/2021\/10\/jeep-safari-holiday-excursion-768x410.jpg 768w, https:\/\/holidayexcursion.com\/wp-content\/uploads\/2021\/10\/jeep-safari-holiday-excursion-600x321.jpg 600w, https:\/\/holidayexcursion.com\/wp-content\/uploads\/2021\/10\/jeep-safari-holiday-excursion.jpg 1200w\" sizes=\"auto, (max-width: 300px) 100vw, 300px\" \/><\/p>\n<p style=\"text-align: center;\">Faszinierende Naturwunder:<br \/>\nAlanyas Jeep Safari Touren f\u00fchren Sie zu beeindruckenden Naturwundern, die einen bleibenden Eindruck hinterlassen. Lassen Sie sich von der bezaubernden Sch\u00f6nheit des <a href=\"https:\/\/en.wikipedia.org\/wiki\/Dim_River\" rel=\"nofollow noopener\" target=\"_blank\">Dim Valley<\/a> verzaubern, das f\u00fcr seinen smaragdgr\u00fcnen Fluss, seine \u00fcppige Vegetation und seine Wasserf\u00e4lle bekannt ist. Tauchen Sie ein in erfrischende Naturbecken und entspannen Sie sich einfach im Schatten uralter Platanen.<\/p>\n<p style=\"text-align: center;\">Abenteuer f\u00fcr alle:<br \/>\nEgal, ob Sie ein erfahrener Adrenalin-Junkie oder eine Familie auf der Suche nach einem einzigartigen Abenteuer sind, Jeep Safari Touren in Alanya sind f\u00fcr alle Arten von Reisenden geeignet. Es stehen vielf\u00e4ltige Touren optionen zur Verf\u00fcgung, die von spannenden Offroad-Ausfl\u00fcgen bis hin zu gem\u00e4chlicheren Routen reichen, die eine perfekte Mischung aus Abenteuer und Entspannung bieten. Seien Sie versichert, dass Sicherheit oberste Priorit\u00e4t hat, denn erfahrene Guides begleiten Sie w\u00e4hrend der gesamten Reise und sorgen f\u00fcr ein sorgenfreies und angenehmes Erlebnis f\u00fcr alle.<\/p>\n<p style=\"text-align: center;\"><img loading=\"lazy\" decoding=\"async\" class=\"alignnone size-medium wp-image-29175\" src=\"https:\/\/holidayexcursion.com\/wp-content\/uploads\/2021\/10\/jeep-safari-holiday-excursion1-300x186.jpg\" alt=\"\" width=\"300\" height=\"186\" title=\"\" srcset=\"https:\/\/holidayexcursion.com\/wp-content\/uploads\/2021\/10\/jeep-safari-holiday-excursion1-300x186.jpg 300w, https:\/\/holidayexcursion.com\/wp-content\/uploads\/2021\/10\/jeep-safari-holiday-excursion1-600x373.jpg 600w, https:\/\/holidayexcursion.com\/wp-content\/uploads\/2021\/10\/jeep-safari-holiday-excursion1.jpg 700w\" sizes=\"auto, (max-width: 300px) 100vw, 300px\" \/><\/p>\n<p style=\"text-align: center;\">Praktische \u00dcberlegungen:<br \/>\nUm das Beste aus Ihrer Jeep Safari Tour in Alanya zu machen, sollten Sie ein paar praktische Tipps beachten. Ziehen Sie sich bequem an, tragen Sie Sonnen schutz mittel und vergessen Sie nicht, einen Hut und eine Sonnen brille mitzubringen, um sich vor der Sonne zu sch\u00fctzen. Es ist ratsam, einen kleinen Rucksack mit dem N\u00f6tigsten wie Wasser, Snacks und einer Kamera dabei zu haben, um diese unglaublichen Ausblicke einzufangen. Die meisten Touren bieten einen Abhol- und Bringservice von Ihrer Unterkunft an. Seien Sie also auf einen fr\u00fchen Start und einen ganzen Tag voller Abenteuer vorbereitet.<\/p>\n<p style=\"text-align: center;\">Jeep <a href=\"https:\/\/holidayexcursion.com\/tours-in-alanya\/tours\/quad-safari-tour\/\">Safari<\/a> Touren in Alanya bieten einen aufregenden Ausflug in die ungez\u00e4hmte Sch\u00f6nheit der t\u00fcrkischen Riviera. Seien Sie bereit f\u00fcr ein Offroad-Abenteuer, das Sie durch schroffe Berge, bezaubernde D\u00f6rfer und faszinierende Naturwunder f\u00fchrt. Egal, ob Sie einen Adrenalinsto\u00df oder ein einzigartiges Kulturerlebnis suchen, die Jeep-Safari-Touren in Alanya versprechen eine unvergessliche Reise voller Spannung, atemberaubender Landschaften und Erinnerungen, die ein Leben lang anhalten.<\/p>\n<p><img loading=\"lazy\" decoding=\"async\" class=\"size-medium wp-image-4086\" src=\"https:\/\/holidayexcursion.com\/wp-content\/uploads\/2021\/10\/alanya-jeep-safari-6-300x202.webp\" alt=\"Alanya Jeep Safari\" width=\"300\" height=\"202\" title=\"\" srcset=\"https:\/\/holidayexcursion.com\/wp-content\/uploads\/2021\/10\/alanya-jeep-safari-6-300x202.webp 300w, https:\/\/holidayexcursion.com\/wp-content\/uploads\/2021\/10\/alanya-jeep-safari-6.webp 512w\" sizes=\"auto, (max-width: 300px) 100vw, 300px\" \/><\/p>\n<div style=\"text-align: center;\"><\/div>\n<div style=\"text-align: center;\"><strong>ALANYA JEEP SAFARI TOUR-PROGRAMM:<\/strong><\/div>\n<div style=\"text-align: center;\">* Ophalen von Hotels\/Appartements in Alanya mit Land Rover-Jeeps<\/div>\n<div style=\"text-align: center;\">* Finden Sie eine andere Safari Jeeps Station.<\/div>\n<div style=\"text-align: center;\">* Beginnen Sie die Safari auf dem Weg zu Obst- und Gem\u00fcseg\u00e4rten (Sinaasappel-, Citro\u00ebn- und Bananenb\u00e4ume).<\/div>\n<div style=\"text-align: center;\">* Ein kleiner Wasserfall befindet sich in der N\u00e4he des Obacai-Flusses und ein Foto fenster<\/div>\n<div style=\"text-align: center;\">* Rijd naar het Taurus gebergte.<\/div>\n<div style=\"text-align: center;\">* Foto pause auf dem Berg und eine fantastische Aussicht auf die Stadt Alanya.<\/div>\n<div style=\"text-align: center;\">* Ein Blick auf ein T\u00fcrken Dorps haus, Informationen \u00fcber die Dorps und ein spannendes Vergn\u00fcgen<\/div>\n<div style=\"text-align: center;\">* Besuchen Sie die Dorfmoschee und informieren Sie sich \u00fcber die Moschee und die islamische Religion<\/div>\n<div style=\"text-align: center;\">* Fahren Sie hinunter nach Dim Valley<\/div>\n<div style=\"text-align: center;\">* Foto pause am Dim Dam<\/div>\n<div style=\"text-align: center;\">* Mittagessen, Entspannen, Schwimmen am Fluss Dim\u00e7ay (ca. 2 Stunden)<\/div>\n<div style=\"text-align: center;\">* Besuch der Dim-H\u00f6hle (optional)<\/div>\n<div style=\"text-align: center;\">* R\u00fccktransfer zu Ihren Hotels und Apartments in Alanya<\/div>\n<div style=\"text-align: center;\"><\/div>\n<div style=\"text-align: center;\">\n<div><strong>IM PREIS INBEGRIFFEN:<\/strong><\/div>\n<div>* Abholung\/R\u00fcckgabe von Hotels und Apartments in Alanya<\/div>\n<div>* F\u00fchrung, Mittagessen (gegrillter Fisch oder H\u00fchnchen, Salat, Reis), (das vegetarische Men\u00fc ist auch verf\u00fcgbar)<\/div>\n<\/div>\n<div style=\"text-align: center;\"><\/div>\n<div style=\"text-align: center;\"><strong>OPTIONALE EXTRAS:<\/strong><\/div>\n<div style=\"text-align: center;\">* Getr\u00e4nke, Fotos, DVD<\/div>\n<div style=\"text-align: center;\"><\/div>\n<div style=\"text-align: center;\"><strong>ZUS\u00c4TZLICHE INFOS &amp; TIPPS:<\/strong><\/div>\n<div style=\"text-align: center;\">* Tragen Sie f\u00fcr staubige Berge geeignete Kleidung und Schuhe<\/div>\n<div style=\"text-align: center;\">* Wenn Sie im Fluss Dim cay schwimmen m\u00f6chten, bringen Sie Badeanzug und tuch mit.<\/div>\n<div style=\"text-align: center;\">* Wir haben einen Foto service, aber wenn Sie m\u00f6chten, k\u00f6nnen Sie auch Ihre eigene Kamera mitbringen.<\/div>\n<div style=\"text-align: center;\">* Die Alanya Jeep Safari Tour ist auch f\u00fcr Familien mit Kindern geeignet. Sie k\u00f6nnen mitmachen und die Jeep Safari Tour in Ruhe genie\u00dfen.<\/div>\n<div style=\"text-align: center;\">* Unsere Jeep Fahrer sind Profis mit lang j\u00e4hriger Fahrer fahrung<\/div>\n<p style=\"text-align: center;\">Wir w\u00fcnschen Ihnen unvergessliche Erinnerungen w\u00e4hrend Ihres Urlaubs in Alanya, T\u00fcrkei.<\/p>\n<p style=\"text-align: center;\">Ps: F\u00fcr weitere Informationen k\u00f6nnen Sie uns auch per Whats-App-Anruf oder Nachricht kontaktieren.<\/p>\n<p style=\"text-align: center;\">Holiday Excursion team,<\/p>\n<p><iframe loading=\"lazy\" title=\"TURKEY ALANYA JEEP SAFARI TRIP AMAZING SHOT WITH GOPRO HERO4 SILVER!\" width=\"1020\" height=\"574\" src=\"https:\/\/www.youtube.com\/embed\/2gmaPW0dBc0?feature=oembed\" frameborder=\"0\" allow=\"accelerometer; autoplay; clipboard-write; encrypted-media; gyroscope; picture-in-picture; web-share\" allowfullscreen><\/iframe><\/p>\n<p><iframe loading=\"lazy\" title=\"Jeep Safari Alanya\" width=\"1020\" height=\"765\" src=\"https:\/\/www.youtube.com\/embed\/_5-fRldw9EI?feature=oembed\" frameborder=\"0\" allow=\"accelerometer; autoplay; clipboard-write; encrypted-media; gyroscope; picture-in-picture; web-share\" allowfullscreen><\/iframe><\/p>\n<p><iframe loading=\"lazy\" title=\"Jeep Safari  Alanya Turkije  Juli 2011.wmv\" width=\"1020\" height=\"765\" src=\"https:\/\/www.youtube.com\/embed\/StuNFz_ZIlA?feature=oembed\" frameborder=\"0\" allow=\"accelerometer; autoplay; clipboard-write; encrypted-media; gyroscope; picture-in-picture; web-share\" allowfullscreen><\/iframe><\/p>\n<p><iframe loading=\"lazy\" title=\"Alanya \/ Turkey - JEEP SAFARI 2013\" width=\"1020\" height=\"574\" src=\"https:\/\/www.youtube.com\/embed\/ONrty33NjUM?feature=oembed\" frameborder=\"0\" allow=\"accelerometer; autoplay; clipboard-write; encrypted-media; gyroscope; picture-in-picture; web-share\" allowfullscreen><\/iframe><\/p>\n","protected":false},"excerpt":{"rendered":"<p>JEEP SAFAR\u0130 \u201eEntfesseln Sie Ihren Abenteuergeist: Jeep Safari Touren in Alanya mit Urlaubsausflug.\u201c Wenn Sie auf der Suche nach Nervenkitzel sind und sich nach einem au\u00dfergew\u00f6hnlichen Erlebnis sehnen, sind die aufregenden Jeep Safari Touren in Alanya genau das Richtige f\u00fcr Sie. Eingebettet in die unglaubliche Sch\u00f6nheit der t\u00fcrkischen Riviera bietet Alanya eine F\u00fclle rauer Gebiete<\/p>\n","protected":false},"featured_media":4237,"comment_status":"open","ping_status":"closed","template":"","meta":[],"product_brand":[],"product_cat":[110],"product_tag":[],"class_list":{"0":"post-5366","1":"product","2":"type-product","3":"status-publish","4":"has-post-thumbnail","6":"product_cat-touren","8":"first","9":"instock","10":"virtual","11":"sold-individually","12":"purchasable","13":"product-type-booking"},"_links":{"self":[{"href":"https:\/\/holidayexcursion.com\/de\/wp-json\/wp\/v2\/product\/5366","targetHints":{"allow":["GET"]}}],"collection":[{"href":"https:\/\/holidayexcursion.com\/de\/wp-json\/wp\/v2\/product"}],"about":[{"href":"https:\/\/holidayexcursion.com\/de\/wp-json\/wp\/v2\/types\/product"}],"replies":[{"embeddable":true,"href":"https:\/\/holidayexcursion.com\/de\/wp-json\/wp\/v2\/comments?post=5366"}],"wp:featuredmedia":[{"embeddable":true,"href":"https:\/\/holidayexcursion.com\/de\/wp-json\/wp\/v2\/media\/4237"}],"wp:attachment":[{"href":"https:\/\/holidayexcursion.com\/de\/wp-json\/wp\/v2\/media?parent=5366"}],"wp:term":[{"taxonomy":"product_brand","embeddable":true,"href":"https:\/\/holidayexcursion.com\/de\/wp-json\/wp\/v2\/product_brand?post=5366"},{"taxonomy":"product_cat","embeddable":true,"href":"https:\/\/holidayexcursion.com\/de\/wp-json\/wp\/v2\/product_cat?post=5366"},{"taxonomy":"product_tag","embeddable":true,"href":"https:\/\/holidayexcursion.com\/de\/wp-json\/wp\/v2\/product_tag?post=5366"}],"curies":[{"name":"wp","href":"https:\/\/api.w.org\/{rel}","templated":true}]}}