{"id":6231,"date":"2021-12-03T09:34:47","date_gmt":"2021-12-07T08:34:53","guid":{"rendered":"http:\/\/holidayexcursion.com\/excursions-in-alanya\/unkategorisiert\/wassersport-in-alanya\/"},"modified":"2024-11-24T23:59:26","modified_gmt":"2024-11-24T20:59:26","slug":"wassersport","status":"publish","type":"product","link":"https:\/\/holidayexcursion.com\/de\/tours-in-alanya\/watersports-de\/wassersport\/","title":{"rendered":"WASSERSPORT"},"content":{"rendered":"<h2 style=\"text-align: center;\">WASSERSPORT<\/h2>\n<p style=\"text-align: center;\">Verkaufsgebiet zwischen Mai und Oktober: Alanya, Side, Antalya, Kemer<\/p>\n<p style=\"text-align: center;\">Entdecken Sie den Nervenkitzel des Wassersports in Alanya: Ein Paradies f\u00fcr Abenteuerlustige<\/p>\n<p style=\"text-align: center;\">Alanya, ein K\u00fcstenjuwel an der wundersch\u00f6nen Mittelmeerk\u00fcste der T\u00fcrkei, ist ein Paradies f\u00fcr Wassersportbegeisterte. Mit seinen atemberaubenden Str\u00e4nden, dem kristallklaren Wasser und den perfekten Wetterbedingungen bietet Alanya eine Reihe aufregender Wassersportaktivit\u00e4ten, die sowohl Anf\u00e4ngern als auch erfahrenen Abenteuersuchenden gerecht werden. In diesem <a href=\"https:\/\/holidayexcursion.com\/excursion-in-alanya\/\">Holiday Excursion<\/a> programm f\u00fchren wir Sie durch die aufregende Welt des Wassersports in Alanya und stellen einige der aufregenden Aktivit\u00e4ten vor, denen Sie bei Ihrem Besuch in diesem Paradies nachgehen k\u00f6nnen.<\/p>\n<p style=\"text-align: center;\">1. Jetski fahren:<br \/>\nEine der beliebtesten Wassersportarten in Alanya ist <a href=\"https:\/\/en.wikipedia.org\/wiki\/Personal_watercraft\" rel=\"nofollow noopener\" target=\"_blank\">Jetski.<\/a> Erleben Sie den Nervenkitzel, \u00fcber die Wellen zu rasen, w\u00e4hrend Sie an der atemberaubenden K\u00fcste entlangfahren Egal, ob Sie Anf\u00e4nger oder Adrenalinjunkie sind, Jetskifahren in Alanya ist ein Erlebnis, das Sie so schnell nicht vergessen werden.<\/p>\n<p style=\"text-align: center;\"><img loading=\"lazy\" decoding=\"async\" class=\"alignnone size-medium wp-image-26533\" src=\"https:\/\/holidayexcursion.com\/wp-content\/uploads\/2021\/12\/alanya-parasailing_Watersports_-300x225.jpg\" alt=\"\" width=\"300\" height=\"225\" title=\"\" srcset=\"https:\/\/holidayexcursion.com\/wp-content\/uploads\/2021\/12\/alanya-parasailing_Watersports_-300x225.jpg 300w, https:\/\/holidayexcursion.com\/wp-content\/uploads\/2021\/12\/alanya-parasailing_Watersports_-768x576.jpg 768w, https:\/\/holidayexcursion.com\/wp-content\/uploads\/2021\/12\/alanya-parasailing_Watersports_-1024x769.jpg 1024w, https:\/\/holidayexcursion.com\/wp-content\/uploads\/2021\/12\/alanya-parasailing_Watersports_-1536x1153.jpg 1536w, https:\/\/holidayexcursion.com\/wp-content\/uploads\/2021\/12\/alanya-parasailing_Watersports_-600x450.jpg 600w, https:\/\/holidayexcursion.com\/wp-content\/uploads\/2021\/12\/alanya-parasailing_Watersports_.jpg 1912w\" sizes=\"auto, (max-width: 300px) 100vw, 300px\" \/><\/p>\n<p style=\"text-align: center;\">2. <a href=\"https:\/\/en.wikipedia.org\/wiki\/Parasailing\" rel=\"nofollow noopener\" target=\"_blank\">Parasailing:<\/a><br \/>\nWenn Sie auf der Suche nach einer adrenalingeladenen Wassersportaktivit\u00e4t sind, die einen atemberaubenden Panoramablick auf die K\u00fcste von Alanya bietet, versuchen Sie es mit Parasailing. Schweben Sie \u00fcber dem azurblauen Wasser und sp\u00fcren Sie das Rauschen des Windes, w\u00e4hrend Sie hoch oben am Himmel schweben und an einem Fallschirm befestigt sind. Es ist ein wirklich unvergessliches Erlebnis.<\/p>\n<p style=\"text-align: center;\"><img loading=\"lazy\" decoding=\"async\" class=\"alignnone size-medium wp-image-26563\" src=\"https:\/\/holidayexcursion.com\/wp-content\/uploads\/2021\/12\/parasailing-boat-alanya-300x200.jpg\" alt=\"\" width=\"300\" height=\"200\" title=\"\" srcset=\"https:\/\/holidayexcursion.com\/wp-content\/uploads\/2021\/12\/parasailing-boat-alanya-300x200.jpg 300w, https:\/\/holidayexcursion.com\/wp-content\/uploads\/2021\/12\/parasailing-boat-alanya-768x512.jpg 768w, https:\/\/holidayexcursion.com\/wp-content\/uploads\/2021\/12\/parasailing-boat-alanya-1024x683.jpg 1024w, https:\/\/holidayexcursion.com\/wp-content\/uploads\/2021\/12\/parasailing-boat-alanya-1536x1024.jpg 1536w, https:\/\/holidayexcursion.com\/wp-content\/uploads\/2021\/12\/parasailing-boat-alanya-600x400.jpg 600w, https:\/\/holidayexcursion.com\/wp-content\/uploads\/2021\/12\/parasailing-boat-alanya.jpg 1620w\" sizes=\"auto, (max-width: 300px) 100vw, 300px\" \/><\/p>\n<p style=\"text-align: center;\">3. Tauchen:<br \/>\nAlanya ist mit seinem lebendigen Meeresleben und den atemberaubenden Unterwasserlandschaften ein fantastisches Reiseziel f\u00fcr Tauchbegeisterte. Erkunden Sie die verborgenen Tiefen des Mittelmeers und tauchen Sie neben bunten Fischen, Schildkr\u00f6ten und gelegentlich sogar einem Delfin. Egal, ob Sie Anf\u00e4nger oder erfahrener Taucher sind, Alanya bietet eine Vielzahl an Tauchpl\u00e4tzen f\u00fcr alle Niveaus.<\/p>\n<p style=\"text-align: center;\"><img loading=\"lazy\" decoding=\"async\" class=\"alignnone size-medium wp-image-26545\" src=\"https:\/\/holidayexcursion.com\/wp-content\/uploads\/2021\/12\/Jet-ski-Alanya-holiday-excursion-300x300.png\" alt=\"\" width=\"300\" height=\"300\" title=\"\" srcset=\"https:\/\/holidayexcursion.com\/wp-content\/uploads\/2021\/12\/Jet-ski-Alanya-holiday-excursion-300x300.png 300w, https:\/\/holidayexcursion.com\/wp-content\/uploads\/2021\/12\/Jet-ski-Alanya-holiday-excursion-768x768.png 768w, https:\/\/holidayexcursion.com\/wp-content\/uploads\/2021\/12\/Jet-ski-Alanya-holiday-excursion-600x600.png 600w, https:\/\/holidayexcursion.com\/wp-content\/uploads\/2021\/12\/Jet-ski-Alanya-holiday-excursion-100x100.png 100w, https:\/\/holidayexcursion.com\/wp-content\/uploads\/2021\/12\/Jet-ski-Alanya-holiday-excursion-150x150.png 150w, https:\/\/holidayexcursion.com\/wp-content\/uploads\/2021\/12\/Jet-ski-Alanya-holiday-excursion.png 1013w\" sizes=\"auto, (max-width: 300px) 100vw, 300px\" \/><\/p>\n<p style=\"text-align: center;\">4. Stand-Up-Paddleboarding (SUP):<br \/>\nF\u00fcr ein entspannteres Wassersporterlebnis probieren Sie Stand-Up-Paddle-Boarding (SUP). Gleiten Sie \u00fcber das ruhige Wasser und erkunden Sie versteckte H\u00f6hlen und abgelegene Buchten. SUP ist nicht nur eine tolle M\u00f6glichkeit, die wundersch\u00f6ne K\u00fcste zu genie\u00dfen, sondern bietet auch ein hervorragendes Rumpftraining.<\/p>\n<p style=\"text-align: center;\"><img loading=\"lazy\" decoding=\"async\" class=\"alignnone size-medium wp-image-26539\" src=\"https:\/\/holidayexcursion.com\/wp-content\/uploads\/2021\/12\/fly-board-alanya-holiday-excursion-300x157.jpg\" alt=\"\" width=\"300\" height=\"157\" title=\"\" srcset=\"https:\/\/holidayexcursion.com\/wp-content\/uploads\/2021\/12\/fly-board-alanya-holiday-excursion-300x157.jpg 300w, https:\/\/holidayexcursion.com\/wp-content\/uploads\/2021\/12\/fly-board-alanya-holiday-excursion-768x401.jpg 768w, https:\/\/holidayexcursion.com\/wp-content\/uploads\/2021\/12\/fly-board-alanya-holiday-excursion-600x313.jpg 600w, https:\/\/holidayexcursion.com\/wp-content\/uploads\/2021\/12\/fly-board-alanya-holiday-excursion.jpg 900w\" sizes=\"auto, (max-width: 300px) 100vw, 300px\" \/><\/p>\n<p style=\"text-align: center;\">5. Flyboarding:<br \/>\nErleben Sie die Zukunft beim aufregenden Wassersport-Flyboarding. Schnallen Sie sich einen Jetpack mit Wasserantrieb an und schweben Sie \u00fcber die Wasseroberfl\u00e4che, wobei Sie der Schwerkraft trotzende Tricks und Saltos ausf\u00fchren. Flyboarden verbindet den Nervenkitzel des Wassersports mit dem Gef\u00fchl des Fliegens und ist daher eine Aktivit\u00e4t, die Sie in Alanya unbedingt ausprobieren sollten.<\/p>\n<p style=\"text-align: center;\"><img loading=\"lazy\" decoding=\"async\" class=\"alignnone size-medium wp-image-26527\" src=\"https:\/\/holidayexcursion.com\/wp-content\/uploads\/2021\/12\/Alanya-Flyboard-holiday-excursion-300x200.jpg\" alt=\"\" width=\"300\" height=\"200\" title=\"\" srcset=\"https:\/\/holidayexcursion.com\/wp-content\/uploads\/2021\/12\/Alanya-Flyboard-holiday-excursion-300x200.jpg 300w, https:\/\/holidayexcursion.com\/wp-content\/uploads\/2021\/12\/Alanya-Flyboard-holiday-excursion-768x511.jpg 768w, https:\/\/holidayexcursion.com\/wp-content\/uploads\/2021\/12\/Alanya-Flyboard-holiday-excursion-1024x681.jpg 1024w, https:\/\/holidayexcursion.com\/wp-content\/uploads\/2021\/12\/Alanya-Flyboard-holiday-excursion-1536x1021.jpg 1536w, https:\/\/holidayexcursion.com\/wp-content\/uploads\/2021\/12\/Alanya-Flyboard-holiday-excursion-600x399.jpg 600w, https:\/\/holidayexcursion.com\/wp-content\/uploads\/2021\/12\/Alanya-Flyboard-holiday-excursion.jpg 1624w\" sizes=\"auto, (max-width: 300px) 100vw, 300px\" \/><\/p>\n<p style=\"text-align: center;\">6. Wakeboarden und Wasserski:<br \/>\nAlanyas ideale Wetterbedingungen und ruhiges Wasser machen es perfekt zum Wakeboarden und Wasserskifahren. Egal, ob Sie ein erfahrener Profi oder ein Anf\u00e4nger sind, schnallen Sie sich Ihr Board oder Ihre Skier an und carven Sie durch die Wellen, w\u00e4hrend Sie den Rausch dieser beliebten Wassersportarten erleben.<\/p>\n<p style=\"text-align: center;\"><img loading=\"lazy\" decoding=\"async\" class=\"alignnone size-medium wp-image-26551\" src=\"https:\/\/holidayexcursion.com\/wp-content\/uploads\/2021\/12\/Jet-ski-alanya-holiday-watersports-300x200.webp\" alt=\"\" width=\"300\" height=\"200\" title=\"\" srcset=\"https:\/\/holidayexcursion.com\/wp-content\/uploads\/2021\/12\/Jet-ski-alanya-holiday-watersports-300x200.webp 300w, https:\/\/holidayexcursion.com\/wp-content\/uploads\/2021\/12\/Jet-ski-alanya-holiday-watersports-768x512.webp 768w, https:\/\/holidayexcursion.com\/wp-content\/uploads\/2021\/12\/Jet-ski-alanya-holiday-watersports-1024x683.webp 1024w, https:\/\/holidayexcursion.com\/wp-content\/uploads\/2021\/12\/Jet-ski-alanya-holiday-watersports-1536x1025.webp 1536w, https:\/\/holidayexcursion.com\/wp-content\/uploads\/2021\/12\/Jet-ski-alanya-holiday-watersports-2048x1366.webp 2048w, https:\/\/holidayexcursion.com\/wp-content\/uploads\/2021\/12\/Jet-ski-alanya-holiday-watersports-600x400.webp 600w\" sizes=\"auto, (max-width: 300px) 100vw, 300px\" \/><\/p>\n<p style=\"text-align: center;\"><a href=\"https:\/\/holidayexcursion.com\/tours-in-alanya\/tours\/city-tour\/\">Alanya<\/a> ist mit seiner atemberaubenden Natursch\u00f6nheit, dem reichen Meeresleben und dem perfekten Wetter ein Paradies f\u00fcr Wassersportler. Vom Hochgeschwindigkeits-Jet-Skifahren bis zur ruhigen Paddelboard-Fahrt gibt es f\u00fcr jeden Abenteuerlustigen die passende Aktivit\u00e4t. Wenn Sie sich also in diesem K\u00fcstenjuwel befinden, sollten Sie sich die Gelegenheit nicht entgehen lassen, in die aufregende Welt des Wassersports in Alanya einzutauchen. Bereiten Sie sich auf unvergessliche Momente, atemberaubende Ausblicke und Erinnerungen vor, die ein Leben lang anhalten.<\/p>\n<p style=\"text-align: center;\"><img loading=\"lazy\" decoding=\"async\" class=\"alignnone size-medium wp-image-26557\" src=\"https:\/\/holidayexcursion.com\/wp-content\/uploads\/2021\/12\/parasailing-alanya-holiday-excursion-300x300.png\" alt=\"\" width=\"300\" height=\"300\" title=\"\" srcset=\"https:\/\/holidayexcursion.com\/wp-content\/uploads\/2021\/12\/parasailing-alanya-holiday-excursion-300x300.png 300w, https:\/\/holidayexcursion.com\/wp-content\/uploads\/2021\/12\/parasailing-alanya-holiday-excursion-600x600.png 600w, https:\/\/holidayexcursion.com\/wp-content\/uploads\/2021\/12\/parasailing-alanya-holiday-excursion-100x100.png 100w, https:\/\/holidayexcursion.com\/wp-content\/uploads\/2021\/12\/parasailing-alanya-holiday-excursion-150x150.png 150w, https:\/\/holidayexcursion.com\/wp-content\/uploads\/2021\/12\/parasailing-alanya-holiday-excursion.png 750w\" sizes=\"auto, (max-width: 300px) 100vw, 300px\" \/><\/p>\n<p style=\"text-align: center;\">Sie bilden Ihre eigene Gruppe f\u00fcr ein unvergessliches Flyboard-Jetski-Parasailing, an das Sie sich ein Leben lang mit Lachen erinnern werden. Wir versprechen Ihnen einfach, die beste Wassersportunterhaltung im Mittelmeer zu organisieren. Sie erreichen Ihren Urlaubsort. Sie bestimmen den Tag und die Uhrzeit, die zu Ihrem Urlaub und Ihrer Gruppe passen. F\u00fcr unsere Aktivit\u00e4ten holen wir Sie von Ihrer Unterkunft ab. Transferkosten 10\u20ac.<\/p>\n<p style=\"text-align: center;\">Jetski: 60 \u20ac (15 min.)<\/p>\n<p style=\"text-align: center;\">Parasailing: 1 person 60 \u20ac, 2 person 70 \u20ac, 3 person 100 \u20ac (max 200 kilo)<\/p>\n<p style=\"text-align: center;\">(5 km. ca. 10-15 Min.)<\/p>\n<p style=\"text-align: center;\">Banana: 20 \u20ac (5 km.)<\/p>\n<p style=\"text-align: center;\">Flyboard 150 \u20ac<\/p>\n<p style=\"text-align: center;\">Je nach Saison und Saison kann es zu Preisunterschieden kommen. F\u00fcr genaue Informationen wenden Sie sich bitte per Whats-App an uns.<\/p>\n<p style=\"text-align: center;\">Wir w\u00fcnschen Ihnen unvergessliche Erinnerungen w\u00e4hrend Ihres Urlaubs in Alanya, T\u00fcrkei.<\/p>\n<p style=\"text-align: center;\">Ps: F\u00fcr weitere Informationen k\u00f6nnen Sie uns auch per Whats-App-Anruf oder Nachricht kontaktieren.<\/p>\n<p style=\"text-align: center;\">Holiday Excursion team,<\/p>\n<p><iframe loading=\"lazy\" title=\"jet ski - crazy water sports\" width=\"1020\" height=\"574\" src=\"https:\/\/www.youtube.com\/embed\/jjlsKJqbiAg?feature=oembed\" frameborder=\"0\" allow=\"accelerometer; autoplay; clipboard-write; encrypted-media; gyroscope; picture-in-picture; web-share\" allowfullscreen><\/iframe><\/p>\n<p><iframe loading=\"lazy\" title=\"Alanya Flyboard\" width=\"1020\" height=\"765\" src=\"https:\/\/www.youtube.com\/embed\/bW3sjsdwWXY?feature=oembed\" frameborder=\"0\" allow=\"accelerometer; autoplay; clipboard-write; encrypted-media; gyroscope; picture-in-picture; web-share\" allowfullscreen><\/iframe><\/p>\n<p style=\"text-align: center;\"><a href=\"https:\/\/www.youtube.com\/watch?v=NmdTLu1fV0g\" rel=\"nofollow noopener\" target=\"_blank\"><span style=\"vertical-align: inherit;\"><span style=\"vertical-align: inherit;\">https:\/\/www.youtube.com\/watch?v=NmdTLu1fV0g<\/span><\/span><\/a><\/p>\n<p><iframe loading=\"lazy\" title=\"THE GIRLS vs. BIG MABLE\" width=\"1020\" height=\"765\" src=\"https:\/\/www.youtube.com\/embed\/0GdXmlkqdUI?feature=oembed\" frameborder=\"0\" allow=\"accelerometer; autoplay; clipboard-write; encrypted-media; gyroscope; picture-in-picture; web-share\" allowfullscreen><\/iframe><\/p>\n<p style=\"text-align: center;\">\n","protected":false},"excerpt":{"rendered":"<p>WASSERSPORT Verkaufsgebiet zwischen Mai und Oktober: Alanya, Side, Antalya, Kemer Entdecken Sie den Nervenkitzel des Wassersports in Alanya: Ein Paradies f\u00fcr Abenteuerlustige Alanya, ein K\u00fcstenjuwel an der wundersch\u00f6nen Mittelmeerk\u00fcste der T\u00fcrkei, ist ein Paradies f\u00fcr Wassersportbegeisterte. Mit seinen atemberaubenden Str\u00e4nden, dem kristallklaren Wasser und den perfekten Wetterbedingungen bietet Alanya eine Reihe aufregender Wassersportaktivit\u00e4ten, die sowohl<\/p>\n","protected":false},"featured_media":4349,"comment_status":"open","ping_status":"closed","template":"","meta":[],"product_brand":[],"product_cat":[229],"product_tag":[],"class_list":{"0":"post-6231","1":"product","2":"type-product","3":"status-publish","4":"has-post-thumbnail","6":"product_cat-watersports-de","8":"first","9":"instock","10":"featured","11":"virtual","12":"sold-individually","13":"purchasable","14":"product-type-booking"},"_links":{"self":[{"href":"https:\/\/holidayexcursion.com\/de\/wp-json\/wp\/v2\/product\/6231","targetHints":{"allow":["GET"]}}],"collection":[{"href":"https:\/\/holidayexcursion.com\/de\/wp-json\/wp\/v2\/product"}],"about":[{"href":"https:\/\/holidayexcursion.com\/de\/wp-json\/wp\/v2\/types\/product"}],"replies":[{"embeddable":true,"href":"https:\/\/holidayexcursion.com\/de\/wp-json\/wp\/v2\/comments?post=6231"}],"wp:featuredmedia":[{"embeddable":true,"href":"https:\/\/holidayexcursion.com\/de\/wp-json\/wp\/v2\/media\/4349"}],"wp:attachment":[{"href":"https:\/\/holidayexcursion.com\/de\/wp-json\/wp\/v2\/media?parent=6231"}],"wp:term":[{"taxonomy":"product_brand","embeddable":true,"href":"https:\/\/holidayexcursion.com\/de\/wp-json\/wp\/v2\/product_brand?post=6231"},{"taxonomy":"product_cat","embeddable":true,"href":"https:\/\/holidayexcursion.com\/de\/wp-json\/wp\/v2\/product_cat?post=6231"},{"taxonomy":"product_tag","embeddable":true,"href":"https:\/\/holidayexcursion.com\/de\/wp-json\/wp\/v2\/product_tag?post=6231"}],"curies":[{"name":"wp","href":"https:\/\/api.w.org\/{rel}","templated":true}]}}