{"id":6370,"date":"2021-12-03T10:15:10","date_gmt":"2021-12-07T09:16:13","guid":{"rendered":"http:\/\/holidayexcursion.com\/excursions-in-alanya\/unkategorisiert\/gazipasa-flughafentransfer-shuttle\/"},"modified":"2023-11-28T15:40:38","modified_gmt":"2023-11-28T12:40:38","slug":"flughafen-3","status":"publish","type":"product","link":"https:\/\/holidayexcursion.com\/de\/tours-in-alanya\/airport-transfer-de\/flughafen-3\/","title":{"rendered":"GAZ\u0130PA\u015eA FLUGHAFEN TRANSFER"},"content":{"rendered":"<h2 style=\"text-align: center;\"><strong>GAZ\u0130PA\u015eA FLUGHAFEN TRANSFER<\/strong><\/h2>\n<p style=\"text-align: center;\">Vereinfachen Sie Ihre Reise: Entdecken Sie den Komfort von Shuttle-Transfers<\/p>\n<p style=\"text-align: center;\">Egal, ob Sie in den Urlaub fliegen oder zu einer Gesch\u00e4ftskonferenz fahren, der Weg vom und zum Flughafen oder Hotel kann manchmal m\u00fchsam sein. Shuttle-Transfers bieten jedoch eine bequeme und problemlose L\u00f6sung f\u00fcr Ihre Transportbed\u00fcrfnisse. In diesem Artikel gehen wir auf die Vorteile und \u00dcberlegungen von Shuttle-Transfers ein und zeigen auf, wie diese Ihr Reiseerlebnis verbessern und Ihre Reise angenehmer machen k\u00f6nnen.<\/p>\n<p style=\"text-align: center;\"><img loading=\"lazy\" decoding=\"async\" class=\"size-medium wp-image-22328\" src=\"https:\/\/holidayexcursion.com\/wp-content\/uploads\/2021\/12\/airport-shuttle-transfer-2-300x150.jpg\" alt=\"\" width=\"300\" height=\"150\" title=\"\" srcset=\"https:\/\/holidayexcursion.com\/wp-content\/uploads\/2021\/12\/airport-shuttle-transfer-2-300x150.jpg 300w, https:\/\/holidayexcursion.com\/wp-content\/uploads\/2021\/12\/airport-shuttle-transfer-2-600x300.jpg 600w, https:\/\/holidayexcursion.com\/wp-content\/uploads\/2021\/12\/airport-shuttle-transfer-2.jpg 700w\" sizes=\"auto, (max-width: 300px) 100vw, 300px\" \/><\/p>\n<p style=\"text-align: center;\">Shuttle-Transfers zum Flughafen Gazipa\u015fa bieten eine effiziente und bequeme M\u00f6glichkeit, zwischen dem <a href=\"https:\/\/gzpairport.com\/\" rel=\"nofollow noopener\" target=\"_blank\">Flughafen Gazipa\u015fa<\/a>, Hotels und anderen Zielen zu reisen. Die Shuttledienste verkehren nach festen Fahrpl\u00e4nen, sodass Sie Ihre Reise problemlos planen k\u00f6nnen. Indem Sie die Abhol- und Bringzeiten Ihres Shuttles im Voraus vereinbaren, k\u00f6nnen Sie wertvolle Zeit sparen und den Stress vermeiden, auf Taxis zu warten oder sich mit \u00f6ffentlichen Verkehrsmitteln zurechtzufinden. Bei Shuttle-Transfers k\u00f6nnen Sie sicher sein, dass ein Fahrzeug an Ihrem angegebenen Standort auf Sie wartet und so einen nahtlosen \u00dcbergang von einem Punkt zum anderen gew\u00e4hrleistet.<\/p>\n<p style=\"text-align: center;\"><img loading=\"lazy\" decoding=\"async\" class=\"alignnone size-medium wp-image-22346\" src=\"https:\/\/holidayexcursion.com\/wp-content\/uploads\/2021\/12\/private-airport-transfer-300x174.jpg\" alt=\"\" width=\"300\" height=\"174\" title=\"\" srcset=\"https:\/\/holidayexcursion.com\/wp-content\/uploads\/2021\/12\/private-airport-transfer-300x174.jpg 300w, https:\/\/holidayexcursion.com\/wp-content\/uploads\/2021\/12\/private-airport-transfer.jpg 560w\" sizes=\"auto, (max-width: 300px) 100vw, 300px\" \/><\/p>\n<p style=\"text-align: center;\">2. Kosteneffizienz:<\/p>\n<p style=\"text-align: center;\">Im Vergleich zu privaten <a href=\"https:\/\/holidayexcursion.com\/rent-a-car-in-alanya\/\">Mietwagen<\/a> oder Taxis k\u00f6nnen Shuttle-Transfers f\u00fcr Reisende eine kosteng\u00fcnstige Wahl sein. Bei Shuttle-Diensten werden die Kosten in der Regel auf mehrere Passagiere aufgeteilt, was die Option kosteng\u00fcnstiger macht. Unabh\u00e4ngig davon, ob Sie alleine oder in einer Gruppe reisen, k\u00f6nnen Sie mit Shuttle-Transfers Geld sparen und gleichzeitig den Komfort eines speziellen Transportdienstes genie\u00dfen. Dar\u00fcber hinaus bieten einige Hotels und Resorts einen kostenlosen Shuttleservice an, wodurch Ihre Transportkosten w\u00e4hrend Ihres Aufenthalts weiter gesenkt werden.<\/p>\n<p style=\"text-align: center;\"><img loading=\"lazy\" decoding=\"async\" class=\"alignnone size-medium wp-image-22334\" src=\"https:\/\/holidayexcursion.com\/wp-content\/uploads\/2021\/12\/Antalya-Airport-shuttle-transfer-300x148.jpg\" alt=\"\" width=\"300\" height=\"148\" title=\"\" srcset=\"https:\/\/holidayexcursion.com\/wp-content\/uploads\/2021\/12\/Antalya-Airport-shuttle-transfer-300x148.jpg 300w, https:\/\/holidayexcursion.com\/wp-content\/uploads\/2021\/12\/Antalya-Airport-shuttle-transfer-600x296.jpg 600w, https:\/\/holidayexcursion.com\/wp-content\/uploads\/2021\/12\/Antalya-Airport-shuttle-transfer.jpg 710w\" sizes=\"auto, (max-width: 300px) 100vw, 300px\" \/><\/p>\n<p style=\"text-align: center;\">3. Sicherheit und Zuverl\u00e4ssigkeit:<\/p>\n<p style=\"text-align: center;\">Bei Shuttle-Transfers stehen Sicherheit und Zuverl\u00e4ssigkeit im Vordergrund und bieten den Reisenden ein beruhigendes Gef\u00fchl. Shuttle-Unternehmen besch\u00e4ftigen professionelle Fahrer, die darauf geschult sind, der Sicherheit der Fahrg\u00e4ste Vorrang zu geben und die Verkehrsregeln einzuhalten. Die f\u00fcr Shuttle-Transfers eingesetzten Fahrzeuge werden regelm\u00e4\u00dfig gewartet, um eine optimale Leistung zu gew\u00e4hrleisten und das Risiko von Ausf\u00e4llen oder Verz\u00f6gerungen zu minimieren. Wenn Sie sich f\u00fcr einen Shuttle-Transfer entscheiden, k\u00f6nnen Sie darauf vertrauen, dass Ihre Reise sicher und p\u00fcnktlich verl\u00e4uft und Sie sich w\u00e4hrend Ihrer Reise um eine Sache weniger k\u00fcmmern m\u00fcssen.<\/p>\n<p style=\"text-align: center;\"><img loading=\"lazy\" decoding=\"async\" class=\"alignnone size-medium wp-image-22340\" src=\"https:\/\/holidayexcursion.com\/wp-content\/uploads\/2021\/12\/Antalya-Shuttle-transfer-300x169.jpg\" alt=\"\" width=\"300\" height=\"169\" title=\"\" srcset=\"https:\/\/holidayexcursion.com\/wp-content\/uploads\/2021\/12\/Antalya-Shuttle-transfer-300x169.jpg 300w, https:\/\/holidayexcursion.com\/wp-content\/uploads\/2021\/12\/Antalya-Shuttle-transfer.jpg 432w\" sizes=\"auto, (max-width: 300px) 100vw, 300px\" \/><\/p>\n<p style=\"text-align: center;\">4. Komfort und Annehmlichkeiten:<\/p>\n<p style=\"text-align: center;\">Shuttle-Transfers sollen ein komfortables und angenehmes Reiseerlebnis bieten. Im Gegensatz zu \u00fcberf\u00fcllten \u00f6ffentlichen Verkehrsmitteln bieten Shuttle-Dienste zahlreiche Sitzpl\u00e4tze und viel Beinfreiheit. Viele Shuttle-Anbieter bieten au\u00dferdem moderne Annehmlichkeiten wie Klimaanlage, WLAN-Zugang und Unterhaltungssysteme, um den Fahrgastkomfort w\u00e4hrend der gesamten Reise zu erh\u00f6hen. Egal, ob Sie sich entspannen, Ihre Arbeit erledigen oder mit Freunden und Familie in Kontakt bleiben m\u00f6chten, Shuttle-Transfers sorgen f\u00fcr eine angenehme und komfortable Fahrt.<\/p>\n<p style=\"text-align: center;\">5. Lokales Wissen und Einblick:<\/p>\n<p style=\"text-align: center;\">Zus\u00e4tzlich zum Transport bieten 7\/24 Shuttle-Transfers oft den zus\u00e4tzlichen Vorteil, dass Sie Ortskenntnisse und Einblicke haben. Shuttle-Fahrer sind in der Regel mit der Gegend vertraut und k\u00f6nnen Empfehlungen zu lokalen Sehensw\u00fcrdigkeiten, Restaurants und anderen Sehensw\u00fcrdigkeiten geben. Dieser Insider-Tipp kann Ihnen helfen, das Beste aus Ihrer Reise zu machen und verborgene Sch\u00e4tze zu entdecken, die sonst vielleicht unbemerkt bleiben w\u00fcrden. Nutzen Sie die Gelegenheit, mit Ihrem Shuttle-Fahrer ins Gespr\u00e4ch zu kommen und wertvolle Einblicke in Ihr Reiseziel zu gewinnen.<\/p>\n<p style=\"text-align: center;\"><img loading=\"lazy\" decoding=\"async\" class=\"alignnone size-medium wp-image-22721\" src=\"https:\/\/holidayexcursion.com\/wp-content\/uploads\/2021\/12\/Renault-taliant-for-rent-300x170.jpg\" alt=\"\" width=\"300\" height=\"170\" title=\"\" srcset=\"https:\/\/holidayexcursion.com\/wp-content\/uploads\/2021\/12\/Renault-taliant-for-rent-300x170.jpg 300w, https:\/\/holidayexcursion.com\/wp-content\/uploads\/2021\/12\/Renault-taliant-for-rent.jpg 600w\" sizes=\"auto, (max-width: 300px) 100vw, 300px\" \/><\/p>\n<p style=\"text-align: center;\">6. Umweltfreundliche Option:<\/p>\n<p style=\"text-align: center;\">F\u00fcr umweltbewusste Reisende bieten Shuttle-Transfers eine umweltfreundliche Transportm\u00f6glichkeit. Durch die gemeinsame Nutzung eines Fahrzeugs mit anderen Fahrg\u00e4sten tragen 7\/24 Shuttle-Dienste dazu bei, den CO2-Aussto\u00df zu reduzieren und Verkehrsstaus zu verringern. Die Entscheidung f\u00fcr Shuttle-Transfers im Gegensatz zu privaten Mietwagen oder Taxis tr\u00e4gt zu einer nachhaltigen Reisepraxis bei und erm\u00f6glicht es Ihnen, Ihren \u00f6kologischen Fu\u00dfabdruck zu minimieren und dennoch einen reibungslosen und komfortablen Transport zu genie\u00dfen.<\/p>\n<p style=\"text-align: center;\">7\/24 Shuttle-Transfers bieten eine bequeme, kosteng\u00fcnstige und problemlose M\u00f6glichkeit, zwischen Flugh\u00e4fen, Hotels und anderen Zielen zu reisen. Mit ihrer Effizienz, Sicherheit und ihrem Komfort bieten Shuttle-Dienste ein verbessertes Reiseerlebnis f\u00fcr Einzelpersonen und Gruppen. Ob Sie als Alleinreisender eine stressfreie Reise suchen oder als Familie auf der Suche nach Komfort und Erschwinglichkeit sind, Shuttle-Transfers k\u00f6nnen Ihre Reisevorbereitungen vereinfachen und Ihre Reise angenehmer machen. Wenn Sie also das n\u00e4chste Mal eine Reise planen, denken Sie \u00fcber die Vorteile von Shuttle-Transfers nach und lassen Sie sich reibungslos und bequem an Ihr Ziel bringen.<\/p>\n<p style=\"text-align: center;\">Wir w\u00fcnschen Ihnen unvergessliche Erinnerungen w\u00e4hrend Ihres Urlaubs in Alanya, T\u00fcrkei.<\/p>\n<p style=\"text-align: center;\">Ps: F\u00fcr weitere Informationen k\u00f6nnen Sie uns auch per Whats-App-Anruf oder Nachricht kontaktieren.<\/p>\n<p style=\"text-align: center;\"><a href=\"https:\/\/www.facebook.com\/Alanyaholidayexcursion\" rel=\"nofollow noopener\" target=\"_blank\">Holiday Excursion team,<\/a><\/p>\n<p>&nbsp;<\/p>\n","protected":false},"excerpt":{"rendered":"<p>GAZ\u0130PA\u015eA FLUGHAFEN TRANSFER Vereinfachen Sie Ihre Reise: Entdecken Sie den Komfort von Shuttle-Transfers Egal, ob Sie in den Urlaub fliegen oder zu einer Gesch\u00e4ftskonferenz fahren, der Weg vom und zum Flughafen oder Hotel kann manchmal m\u00fchsam sein. Shuttle-Transfers bieten jedoch eine bequeme und problemlose L\u00f6sung f\u00fcr Ihre Transportbed\u00fcrfnisse. In diesem Artikel gehen wir auf die<\/p>\n","protected":false},"featured_media":4738,"comment_status":"open","ping_status":"closed","template":"","meta":[],"product_brand":[],"product_cat":[99],"product_tag":[],"class_list":{"0":"post-6370","1":"product","2":"type-product","3":"status-publish","4":"has-post-thumbnail","6":"product_cat-airport-transfer-de","8":"first","9":"instock","10":"featured","11":"virtual","12":"sold-individually","13":"purchasable","14":"product-type-booking"},"_links":{"self":[{"href":"https:\/\/holidayexcursion.com\/de\/wp-json\/wp\/v2\/product\/6370","targetHints":{"allow":["GET"]}}],"collection":[{"href":"https:\/\/holidayexcursion.com\/de\/wp-json\/wp\/v2\/product"}],"about":[{"href":"https:\/\/holidayexcursion.com\/de\/wp-json\/wp\/v2\/types\/product"}],"replies":[{"embeddable":true,"href":"https:\/\/holidayexcursion.com\/de\/wp-json\/wp\/v2\/comments?post=6370"}],"wp:featuredmedia":[{"embeddable":true,"href":"https:\/\/holidayexcursion.com\/de\/wp-json\/wp\/v2\/media\/4738"}],"wp:attachment":[{"href":"https:\/\/holidayexcursion.com\/de\/wp-json\/wp\/v2\/media?parent=6370"}],"wp:term":[{"taxonomy":"product_brand","embeddable":true,"href":"https:\/\/holidayexcursion.com\/de\/wp-json\/wp\/v2\/product_brand?post=6370"},{"taxonomy":"product_cat","embeddable":true,"href":"https:\/\/holidayexcursion.com\/de\/wp-json\/wp\/v2\/product_cat?post=6370"},{"taxonomy":"product_tag","embeddable":true,"href":"https:\/\/holidayexcursion.com\/de\/wp-json\/wp\/v2\/product_tag?post=6370"}],"curies":[{"name":"wp","href":"https:\/\/api.w.org\/{rel}","templated":true}]}}