{"id":6372,"date":"2021-12-03T10:13:11","date_gmt":"2021-12-07T09:16:32","guid":{"rendered":"http:\/\/holidayexcursion.com\/excursions-in-alanya\/unkategorisiert\/flughafentransfer-gazipasa-vip\/"},"modified":"2023-11-28T20:06:33","modified_gmt":"2023-11-28T17:06:33","slug":"flughafen-2","status":"publish","type":"product","link":"https:\/\/holidayexcursion.com\/de\/tours-in-alanya\/airport-transfer-de\/flughafen-2\/","title":{"rendered":"GAZ\u0130PA\u015eA FLUGHAFEN PRIVATER TRANSFER"},"content":{"rendered":"<h2 style=\"text-align: center;\"><strong>GAZ\u0130PA\u015eA FLUGHAFEN PRIVATER TRANSFER <\/strong><\/h2>\n<p style=\"text-align: center;\">Genie\u00dfen Sie ein personalisiertes und nahtloses Reiseerlebnis mit dem privaten Transfer zum <a href=\"https:\/\/gzpairport.com\/tr-TR\/\" rel=\"nofollow noopener\" target=\"_blank\">Flughafen Gazipa\u015fa<\/a><\/p>\n<p style=\"text-align: center;\">Wenn es ums Reisen geht, sind Bequemlichkeit und Komfort entscheidende Faktoren f\u00fcr eine stressfreie Reise. Private Flughafentransfers bieten eine personalisierte und nahtlose Transportoption, die es Ihnen erm\u00f6glicht, stilvoll und bequem zu reisen und gleichzeitig die \u00fcblichen Probleme zu vermeiden, die mit \u00f6ffentlichen Verkehrsmitteln oder gemeinsamen Fahrten verbunden sind. In diesem Artikel gehen wir auf die Vorteile und \u00dcberlegungen privater Transfers ein und beleuchten, wie diese Ihr Reiseerlebnis verbessern und bleibende Erinnerungen schaffen k\u00f6nnen.<\/p>\n<p style=\"text-align: center;\">  <img loading=\"lazy\" decoding=\"async\" class=\"alignnone size-medium wp-image-25566\" src=\"https:\/\/holidayexcursion.com\/wp-content\/uploads\/2021\/12\/Antalya-Shuttle-transfer-1-300x169.jpg\" alt=\"\" width=\"300\" height=\"169\" title=\"\" srcset=\"https:\/\/holidayexcursion.com\/wp-content\/uploads\/2021\/12\/Antalya-Shuttle-transfer-1-300x169.jpg 300w, https:\/\/holidayexcursion.com\/wp-content\/uploads\/2021\/12\/Antalya-Shuttle-transfer-1.jpg 432w\" sizes=\"auto, (max-width: 300px) 100vw, 300px\" \/><\/p>\n<p style=\"text-align: center;\">1. Pers\u00f6nlicher Service:<\/p>\n<p style=\"text-align: center;\">Einer der Hauptvorteile <a href=\"https:\/\/holidayexcursion.com\/tours-in-alanya\/airport-transfer\/airport-4\/\">privater Flughafen transfers<\/a> ist der pers\u00f6nliche Service, den sie bieten. Im Gegensatz zu Sammel-Flughafentransfers oder \u00f6ffentlichen Verkehrsmitteln sind private Flughafentransfers ausschlie\u00dflich f\u00fcr Sie und Ihre Begleiter bestimmt. Ein engagierter Fahrer und ein Fahrzeug stehen Ihnen zur Verf\u00fcgung und bieten ein ma\u00dfgeschneidertes Erlebnis, das Ihren spezifischen Bed\u00fcrfnissen und Vorlieben entspricht. Von der Abholung vom Flughafen <a href=\"https:\/\/en.wikipedia.org\/wiki\/Gazipa%C5%9Fa\" rel=\"nofollow noopener\" target=\"_blank\">Gazipa\u015fa<\/a> \u00fcber den Transfer zum Hotel bis hin zur Erkundung lokaler Sehensw\u00fcrdigkeiten \u2013 private Flughafentransfers stellen sicher, dass Sie die vollst\u00e4ndige Kontrolle \u00fcber Ihre Reiseroute haben.<\/p>\n<p style=\"text-align: center;\"><img loading=\"lazy\" decoding=\"async\" class=\"alignnone size-medium wp-image-25572\" src=\"https:\/\/holidayexcursion.com\/wp-content\/uploads\/2021\/12\/Antalya-transfer-Alanya-holiday-excursion-300x272.png\" alt=\"\" width=\"300\" height=\"272\" title=\"\" srcset=\"https:\/\/holidayexcursion.com\/wp-content\/uploads\/2021\/12\/Antalya-transfer-Alanya-holiday-excursion-300x272.png 300w, https:\/\/holidayexcursion.com\/wp-content\/uploads\/2021\/12\/Antalya-transfer-Alanya-holiday-excursion-600x544.png 600w, https:\/\/holidayexcursion.com\/wp-content\/uploads\/2021\/12\/Antalya-transfer-Alanya-holiday-excursion.png 640w\" sizes=\"auto, (max-width: 300px) 100vw, 300px\" \/><\/p>\n<p style=\"text-align: center;\">2. Komfort und Effizienz:<\/p>\n<p style=\"text-align: center;\">Private Flughafentransfers in Gazipa\u015fa bieten un\u00fcbertroffenen Komfort und Effizienz. Mit einem privaten Transfer k\u00f6nnen Sie die langen Warteschlangen vor Taxis oder Mietwagenschaltern an Flugh\u00e4fen umgehen und bei Ihrer Ankunft einen Chauffeur erwarten. Dadurch entf\u00e4llt der Stress des Wartens oder der Navigation durch unbekannte \u00f6ffentliche Verkehrsmittel w\u00e4hrend Ihres Urlaubs, sodass Sie Ihre Reise p\u00fcnktlich beginnen k\u00f6nnen. Dar\u00fcber hinaus verkehren private Flughafentransfers nach Ihrem Wunschplan, sodass Sie sich nie beeilen oder auf den Transport warten m\u00fcssen.<\/p>\n<p style=\"text-align: center;\">3. Komfort und Luxus:<\/p>\n<p style=\"text-align: center;\">Komfort und Luxus beim Reisen sind ein Markenzeichen privater Flughafentransfers w\u00e4hrend Ihres Urlaubs. Fahrzeuge, die f\u00fcr private Flughafentransfers eingesetzt werden, sind oft von hoher Qualit\u00e4t und bieten ein komfortables und erstklassiges Erlebnis. Ganz gleich, ob Sie sich f\u00fcr eine Luxuslimousine, einen SUV, eine Limousine oder einen privaten Flughafentransfer entscheiden, mit dem Sie stilvoll reisen k\u00f6nnen. Genie\u00dfen Sie ger\u00e4umige Sitzgelegenheiten, Klimaanlage, kostenloses WLAN und andere Annehmlichkeiten, die Ihre Reise angenehm und entspannend machen.<\/p>\n<p style=\"text-align: center;\"><img loading=\"lazy\" decoding=\"async\" class=\"alignnone size-medium wp-image-25554\" src=\"https:\/\/holidayexcursion.com\/wp-content\/uploads\/2021\/12\/Accent-blue-for-rent-300x130.png\" alt=\"\" width=\"300\" height=\"130\" title=\"\" srcset=\"https:\/\/holidayexcursion.com\/wp-content\/uploads\/2021\/12\/Accent-blue-for-rent-300x130.png 300w, https:\/\/holidayexcursion.com\/wp-content\/uploads\/2021\/12\/Accent-blue-for-rent-768x334.png 768w, https:\/\/holidayexcursion.com\/wp-content\/uploads\/2021\/12\/Accent-blue-for-rent-600x261.png 600w, https:\/\/holidayexcursion.com\/wp-content\/uploads\/2021\/12\/Accent-blue-for-rent.png 920w\" sizes=\"auto, (max-width: 300px) 100vw, 300px\" \/><\/p>\n<p style=\"text-align: center;\">4. Datenschutz und Sicherheit:<\/p>\n<p style=\"text-align: center;\">Privatsph\u00e4re und Sicherheit sind beim Transport von gr\u00f6\u00dfter Bedeutung. Private Flughafentransfers in Gazipa\u015fa sorgen daf\u00fcr, dass Ihr Reiseerlebnis diskret und sicher ist. Sie k\u00f6nnen beruhigt sein, da Sie wissen, dass nur Sie und Ihre autorisierten Begleiter gemeinsam reisen. Dies ist insbesondere f\u00fcr Gesch\u00e4ftsreisende, prominente Personen oder Familien von Vorteil, die auf ihren Reisen Wert auf Privatsph\u00e4re legen.<\/p>\n<p style=\"text-align: center;\">5. Lokale Expertise:<\/p>\n<p style=\"text-align: center;\">Zus\u00e4tzlich zum Transport bieten private Flughafentransfers in Gazipa\u015fa oft den zus\u00e4tzlichen Vorteil, dass wir \u00fcber lokales Fachwissen verf\u00fcgen. Fahrer, die auf private Flughafentransfers spezialisiert sind, kennen sich in der Regel in der Umgebung aus und k\u00f6nnen wertvolle Einblicke in die Kultur, Sehensw\u00fcrdigkeiten und verborgenen Sch\u00e4tze Ihres Reiseziels geben. Sie k\u00f6nnen als pers\u00f6nlicher Reisef\u00fchrer dienen und Empfehlungen und Insidertipps geben, um Ihr Reiseerlebnis zu verbessern.<\/p>\n<p style=\"text-align: center;\"><img loading=\"lazy\" decoding=\"async\" class=\"alignnone size-medium wp-image-25578\" src=\"https:\/\/holidayexcursion.com\/wp-content\/uploads\/2021\/12\/Economic-Class-car-1-300x225.jpg\" alt=\"\" width=\"300\" height=\"225\" title=\"\" srcset=\"https:\/\/holidayexcursion.com\/wp-content\/uploads\/2021\/12\/Economic-Class-car-1-300x225.jpg 300w, https:\/\/holidayexcursion.com\/wp-content\/uploads\/2021\/12\/Economic-Class-car-1.jpg 528w\" sizes=\"auto, (max-width: 300px) 100vw, 300px\" \/><\/p>\n<p style=\"text-align: center;\">6. Flexibilit\u00e4t und Freiheit:<\/p>\n<p style=\"text-align: center;\">Private Flughafentransfers in Gazipa\u015fa bieten im Vergleich zu anderen Transportm\u00f6glichkeiten un\u00fcbertroffene Flexibilit\u00e4t und Freiheit. Sie haben die Freiheit, Ihre Reiseroute unterwegs zu \u00e4ndern und spontane Stopps oder Umwege einzulegen, um interessante Orte oder Sehensw\u00fcrdigkeiten zu erkunden. Egal, ob Sie eine Pause f\u00fcr ein malerisches Fotomotiv einlegen oder sich einem spontanen kulinarischen Erlebnis hingeben m\u00f6chten, der private Flughafentransfer Gazipa\u015fa gibt Ihnen die Flexibilit\u00e4t, unvergessliche Erinnerungen zu schaffen.<\/p>\n<p style=\"text-align: center;\">Private Flughafentransfers in Gazipa\u015fa bieten eine personalisierte, bequeme und luxuri\u00f6se Transportart f\u00fcr Reisende, die eine reibungslose Reise w\u00fcnschen. Mit ihrem Fokus auf Privatsph\u00e4re, Komfort und Effizienz stellen private Flughafentransfers sicher, dass Sie jeden Moment Ihres Reiseerlebnisses genie\u00dfen k\u00f6nnen. Egal, ob Sie auf Gesch\u00e4ftsreise, im Familienurlaub oder zu einem romantischen Kurzurlaub sind, private Flughafentransfers bieten ein au\u00dfergew\u00f6hnliches Ma\u00df an Service, bei dem Sie sich wertgesch\u00e4tzt und verw\u00f6hnt f\u00fchlen. Wenn Sie also das n\u00e4chste Mal Ihre Reisevorbereitungen planen, sollten Sie die Vorteile privater Flughafentransfers in Betracht ziehen und Ihre Reise auf ein neues Niveau an Komfort und Bequemlichkeit heben.<\/p>\n<p style=\"text-align: center;\">Wir w\u00fcnschen Ihnen unvergessliche Erinnerungen w\u00e4hrend Ihres Urlaubs in Alanya, T\u00fcrkei.<\/p>\n<p style=\"text-align: center;\">Ps: F\u00fcr weitere Informationen k\u00f6nnen Sie uns auch per Whats-App-Anruf oder Nachricht kontaktieren.<\/p>\n<p style=\"text-align: center;\"><a href=\"https:\/\/www.facebook.com\/Alanyaholidayexcursion\" rel=\"nofollow noopener\" target=\"_blank\">Holiday Excursion team,<\/a><\/p>\n","protected":false},"excerpt":{"rendered":"<p>GAZ\u0130PA\u015eA FLUGHAFEN PRIVATER TRANSFER Genie\u00dfen Sie ein personalisiertes und nahtloses Reiseerlebnis mit dem privaten Transfer zum Flughafen Gazipa\u015fa Wenn es ums Reisen geht, sind Bequemlichkeit und Komfort entscheidende Faktoren f\u00fcr eine stressfreie Reise. Private Flughafentransfers bieten eine personalisierte und nahtlose Transportoption, die es Ihnen erm\u00f6glicht, stilvoll und bequem zu reisen und gleichzeitig die \u00fcblichen Probleme<\/p>\n","protected":false},"featured_media":4738,"comment_status":"open","ping_status":"closed","template":"","meta":[],"product_brand":[],"product_cat":[99],"product_tag":[],"class_list":{"0":"post-6372","1":"product","2":"type-product","3":"status-publish","4":"has-post-thumbnail","6":"product_cat-airport-transfer-de","8":"first","9":"instock","10":"featured","11":"virtual","12":"sold-individually","13":"purchasable","14":"product-type-booking"},"_links":{"self":[{"href":"https:\/\/holidayexcursion.com\/de\/wp-json\/wp\/v2\/product\/6372","targetHints":{"allow":["GET"]}}],"collection":[{"href":"https:\/\/holidayexcursion.com\/de\/wp-json\/wp\/v2\/product"}],"about":[{"href":"https:\/\/holidayexcursion.com\/de\/wp-json\/wp\/v2\/types\/product"}],"replies":[{"embeddable":true,"href":"https:\/\/holidayexcursion.com\/de\/wp-json\/wp\/v2\/comments?post=6372"}],"wp:featuredmedia":[{"embeddable":true,"href":"https:\/\/holidayexcursion.com\/de\/wp-json\/wp\/v2\/media\/4738"}],"wp:attachment":[{"href":"https:\/\/holidayexcursion.com\/de\/wp-json\/wp\/v2\/media?parent=6372"}],"wp:term":[{"taxonomy":"product_brand","embeddable":true,"href":"https:\/\/holidayexcursion.com\/de\/wp-json\/wp\/v2\/product_brand?post=6372"},{"taxonomy":"product_cat","embeddable":true,"href":"https:\/\/holidayexcursion.com\/de\/wp-json\/wp\/v2\/product_cat?post=6372"},{"taxonomy":"product_tag","embeddable":true,"href":"https:\/\/holidayexcursion.com\/de\/wp-json\/wp\/v2\/product_tag?post=6372"}],"curies":[{"name":"wp","href":"https:\/\/api.w.org\/{rel}","templated":true}]}}