{"id":6385,"date":"2021-12-03T10:10:16","date_gmt":"2021-12-07T09:16:36","guid":{"rendered":"http:\/\/holidayexcursion.com\/excursions-in-alanya\/unkategorisiert\/flughafentransfer-antalya-vip\/"},"modified":"2026-02-26T08:26:18","modified_gmt":"2026-02-26T05:26:18","slug":"flughafen-4","status":"publish","type":"product","link":"https:\/\/holidayexcursion.com\/de\/tours-in-alanya\/airport-transfer-de\/flughafen-4\/","title":{"rendered":"FLUGHAFEN TRANSFER PRIVAT"},"content":{"rendered":"<h2 style=\"text-align: center;\"><strong> FLUGHAFEN TRANSFER PRIVAT<\/strong><\/h2>\n<p style=\"text-align: center;\">Genie\u00dfen Sie ein personalisiertes und nahtloses Reiseerlebnis mit privaten Transfers<\/p>\n<p style=\"text-align: center;\">Wenn es ums Reisen geht, sind Bequemlichkeit und Komfort entscheidende Faktoren f\u00fcr eine stressfreie Reise. Private Transfers bieten eine personalisierte und nahtlose Transportoption, die es Ihnen erm\u00f6glicht, stilvoll und bequem zu reisen und gleichzeitig den \u00fcblichen \u00c4rger zu vermeiden, der mit \u00f6ffentlichen Verkehrsmitteln oder gemeinsamen Fahrten verbunden ist. In diesem Artikel gehen wir auf die Vorteile und \u00dcberlegungen <a href=\"https:\/\/holidayexcursion.com\/tours-in-alanya\/rent-a-car\/economic-class-car\/\">privater Transfers<\/a> ein und beleuchten, wie diese Ihr Reise erlebnis verbessern und bleibende Erinnerungen schaffen k\u00f6nnen.<\/p>\n<p style=\"text-align: center;\"><img loading=\"lazy\" decoding=\"async\" class=\"alignnone size-medium wp-image-25586\" src=\"https:\/\/holidayexcursion.com\/wp-content\/uploads\/2021\/12\/Antalya-airport-transfer-holiday-excursion-1-300x225.png\" alt=\"\" width=\"300\" height=\"225\" title=\"\" srcset=\"https:\/\/holidayexcursion.com\/wp-content\/uploads\/2021\/12\/Antalya-airport-transfer-holiday-excursion-1-300x225.png 300w, https:\/\/holidayexcursion.com\/wp-content\/uploads\/2021\/12\/Antalya-airport-transfer-holiday-excursion-1-768x576.png 768w, https:\/\/holidayexcursion.com\/wp-content\/uploads\/2021\/12\/Antalya-airport-transfer-holiday-excursion-1-600x450.png 600w, https:\/\/holidayexcursion.com\/wp-content\/uploads\/2021\/12\/Antalya-airport-transfer-holiday-excursion-1.png 1024w\" sizes=\"auto, (max-width: 300px) 100vw, 300px\" \/><\/p>\n<p style=\"text-align: center;\">1. Pers\u00f6nlicher Service:<\/p>\n<p style=\"text-align: center;\">Einer der Hauptvorteile privater Transfers ist der personalisierte Service, den sie bieten. Im Gegensatz zu Sammeltransfers oder \u00f6ffentlichen Verkehrsmitteln sind Privattransfers ausschlie\u00dflich f\u00fcr Sie und Ihre Begleiter bestimmt. Ein engagierter Fahrer und ein Fahrzeug stehen Ihnen zur Verf\u00fcgung und bieten ein ma\u00dfgeschneidertes Erlebnis, das Ihren spezifischen Bed\u00fcrfnissen und Vorlieben entspricht. Von der Abholung vom Flughafen \u00fcber den Transfer zum Hotel bis hin zur Erkundung lokaler Sehensw\u00fcrdigkeiten \u2013 private Transfers stellen sicher, dass Sie die vollst\u00e4ndige Kontrolle \u00fcber Ihre Reiseroute haben.<\/p>\n<p style=\"text-align: center;\">2. Komfort und Effizienz:<\/p>\n<p style=\"text-align: center;\">Private Transfers bieten un\u00fcbertroffenen Komfort und Effizienz. Mit einem privaten Transfer k\u00f6nnen Sie die langen Warteschlangen vor Taxis oder Mietwagen schaltern an <a href=\"https:\/\/www.antalya-airport.aero\/homepage\" rel=\"nofollow noopener\" target=\"_blank\">Flugh\u00e4fen<\/a> umgehen und bei Ihrer Ankunft einen Chauffeur erwarten. Dadurch entf\u00e4llt der Stress des Wartens oder der Navigation durch unbekannte \u00f6ffentliche Verkehrsmittel w\u00e4hrend Ihres Urlaubs, sodass Sie Ihre Reise p\u00fcnktlich beginnen k\u00f6nnen. Dar\u00fcber hinaus verkehren Privattransfers nach Ihrem Wunschplan, sodass Sie sich nie beeilen oder auf den Transport warten m\u00fcssen.<\/p>\n<p style=\"text-align: center;\"><img loading=\"lazy\" decoding=\"async\" class=\"alignnone size-medium wp-image-25592\" src=\"https:\/\/holidayexcursion.com\/wp-content\/uploads\/2021\/12\/Antalya-Shuttle-transfer-2-300x169.jpg\" alt=\"\" width=\"300\" height=\"169\" title=\"\" srcset=\"https:\/\/holidayexcursion.com\/wp-content\/uploads\/2021\/12\/Antalya-Shuttle-transfer-2-300x169.jpg 300w, https:\/\/holidayexcursion.com\/wp-content\/uploads\/2021\/12\/Antalya-Shuttle-transfer-2.jpg 432w\" sizes=\"auto, (max-width: 300px) 100vw, 300px\" \/><\/p>\n<p style=\"text-align: center;\">3. Komfort und Luxus:<\/p>\n<p style=\"text-align: center;\">Komfort und Luxus beim Reisen sind ein Markenzeichen <a href=\"https:\/\/holidayexcursion.com\/airport-transfer\/\">privater Flughafen transfers<\/a> w\u00e4hrend Ihres Urlaubs. Die f\u00fcr Privattransfers genutzten Fahrzeuge sind oft von hoher Qualit\u00e4t und bieten ein komfortables und erstklassiges Erlebnis. Ganz gleich, ob Sie sich f\u00fcr eine Luxuslimousine, einen SUV, eine Limousine usw. entscheiden, mit privaten Transfers k\u00f6nnen Sie stilvoll reisen. Genie\u00dfen Sie ger\u00e4umige Sitzgelegenheiten, Klimaanlage, kostenloses WLAN und andere Annehmlichkeiten, die Ihre Reise angenehm und entspannend machen.<\/p>\n<p style=\"text-align: center;\">4. Datenschutz und Sicherheit:<\/p>\n<p style=\"text-align: center;\">Privatsph\u00e4re und Sicherheit sind beim Transport von gr\u00f6\u00dfter Bedeutung. Private Transfers sorgen daf\u00fcr, dass Ihr Reiseerlebnis diskret und sicher ist. Sie k\u00f6nnen beruhigt sein, da Sie wissen, dass nur Sie und Ihre autorisierten Begleiter gemeinsam reisen. Dies ist insbesondere f\u00fcr Gesch\u00e4ftsreisende, prominente Personen oder Familien von Vorteil, die auf ihren Reisen Wert auf Privatsph\u00e4re legen.<\/p>\n<p style=\"text-align: center;\"><img loading=\"lazy\" decoding=\"async\" class=\"alignnone size-medium wp-image-25598\" src=\"https:\/\/holidayexcursion.com\/wp-content\/uploads\/2021\/12\/Antalya-transfer-Alanya-holiday-excursion-1-300x272.png\" alt=\"\" width=\"300\" height=\"272\" title=\"\" srcset=\"https:\/\/holidayexcursion.com\/wp-content\/uploads\/2021\/12\/Antalya-transfer-Alanya-holiday-excursion-1-300x272.png 300w, https:\/\/holidayexcursion.com\/wp-content\/uploads\/2021\/12\/Antalya-transfer-Alanya-holiday-excursion-1-600x544.png 600w, https:\/\/holidayexcursion.com\/wp-content\/uploads\/2021\/12\/Antalya-transfer-Alanya-holiday-excursion-1.png 640w\" sizes=\"auto, (max-width: 300px) 100vw, 300px\" \/><\/p>\n<p style=\"text-align: center;\">5. Lokale Expertise:<\/p>\n<p style=\"text-align: center;\">Zus\u00e4tzlich zum Transport bieten private Transfers oft den zus\u00e4tzlichen Vorteil, dass sie \u00fcber lokales Fachwissen verf\u00fcgen. Fahrer, die sich auf private Transfers spezialisiert haben, kennen sich in der Regel in der Umgebung aus und k\u00f6nnen wertvolle Einblicke in die Kultur, Sehensw\u00fcrdigkeiten und verborgenen Sch\u00e4tze Ihres Reiseziels geben. Sie k\u00f6nnen als pers\u00f6nlicher Reisef\u00fchrer dienen und Empfehlungen und Insidertipps geben, um Ihr Reiseerlebnis zu verbessern.<\/p>\n<p style=\"text-align: center;\">6. Flexibilit\u00e4t und Freiheit:<\/p>\n<p style=\"text-align: center;\">Private Transfers bieten im Vergleich zu anderen Transportm\u00f6glichkeiten un\u00fcbertroffene Flexibilit\u00e4t und Freiheit. Sie haben die Freiheit, Ihre Reiseroute unterwegs zu \u00e4ndern und spontane Stopps oder Umwege einzulegen, um interessante Orte oder Sehensw\u00fcrdigkeiten zu erkunden. Ganz gleich, ob Sie eine Pause f\u00fcr ein malerisches Fotomotiv einlegen oder sich spontan einem kulinarischen Erlebnis hingeben m\u00f6chten: Privattransfers geben Ihnen die Flexibilit\u00e4t, unvergessliche Erinnerungen zu schaffen.<\/p>\n<p style=\"text-align: center;\"><img loading=\"lazy\" decoding=\"async\" class=\"alignnone size-medium wp-image-25604\" src=\"https:\/\/holidayexcursion.com\/wp-content\/uploads\/2021\/12\/Economic-Class-car-2-300x225.jpg\" alt=\"\" width=\"300\" height=\"225\" title=\"\" srcset=\"https:\/\/holidayexcursion.com\/wp-content\/uploads\/2021\/12\/Economic-Class-car-2-300x225.jpg 300w, https:\/\/holidayexcursion.com\/wp-content\/uploads\/2021\/12\/Economic-Class-car-2.jpg 528w\" sizes=\"auto, (max-width: 300px) 100vw, 300px\" \/><\/p>\n<p style=\"text-align: center;\">Private Transfers bieten eine personalisierte, bequeme und luxuri\u00f6se Transportart f\u00fcr Reisende, die eine reibungslose Reise w\u00fcnschen. Mit ihrem Fokus auf Privatsph\u00e4re, Komfort und Effizienz stellen private Transfers sicher, dass Sie jeden Moment Ihres Reiseerlebnisses genie\u00dfen k\u00f6nnen. Ganz gleich, ob Sie sich auf einer Gesch\u00e4ftsreise, einem Familienurlaub oder einem romantischen Kurzurlaub befinden, private Transfers bieten ein au\u00dfergew\u00f6hnliches Ma\u00df an Service, bei dem Sie sich wertgesch\u00e4tzt und verw\u00f6hnt f\u00fchlen. Wenn Sie also das n\u00e4chste Mal Ihre Reisevorbereitungen planen, sollten Sie die Vorteile privater Transfers in Betracht ziehen und Ihre Reise auf ein neues Niveau an Komfort und Bequemlichkeit heben.<\/p>\n<p style=\"text-align: center;\">Wir w\u00fcnschen Ihnen unvergessliche Erinnerungen w\u00e4hrend Ihres Urlaubs in Alanya, T\u00fcrkei.<\/p>\n<p style=\"text-align: center;\">Ps: F\u00fcr weitere Informationen k\u00f6nnen Sie uns auch per Whats-App-Anruf oder Nachricht kontaktieren.<\/p>\n<p style=\"text-align: center;\">Holiday Excursion team,<\/p>\n","protected":false},"excerpt":{"rendered":"<p>FLUGHAFEN TRANSFER PRIVAT Genie\u00dfen Sie ein personalisiertes und nahtloses Reiseerlebnis mit privaten Transfers Wenn es ums Reisen geht, sind Bequemlichkeit und Komfort entscheidende Faktoren f\u00fcr eine stressfreie Reise. Private Transfers bieten eine personalisierte und nahtlose Transportoption, die es Ihnen erm\u00f6glicht, stilvoll und bequem zu reisen und gleichzeitig den \u00fcblichen \u00c4rger zu vermeiden, der mit \u00f6ffentlichen<\/p>\n","protected":false},"featured_media":4726,"comment_status":"open","ping_status":"closed","template":"","meta":[],"product_brand":[],"product_cat":[99],"product_tag":[],"class_list":{"0":"post-6385","1":"product","2":"type-product","3":"status-publish","4":"has-post-thumbnail","6":"product_cat-airport-transfer-de","8":"first","9":"instock","10":"featured","11":"virtual","12":"sold-individually","13":"purchasable","14":"product-type-booking"},"_links":{"self":[{"href":"https:\/\/holidayexcursion.com\/de\/wp-json\/wp\/v2\/product\/6385","targetHints":{"allow":["GET"]}}],"collection":[{"href":"https:\/\/holidayexcursion.com\/de\/wp-json\/wp\/v2\/product"}],"about":[{"href":"https:\/\/holidayexcursion.com\/de\/wp-json\/wp\/v2\/types\/product"}],"replies":[{"embeddable":true,"href":"https:\/\/holidayexcursion.com\/de\/wp-json\/wp\/v2\/comments?post=6385"}],"wp:featuredmedia":[{"embeddable":true,"href":"https:\/\/holidayexcursion.com\/de\/wp-json\/wp\/v2\/media\/4726"}],"wp:attachment":[{"href":"https:\/\/holidayexcursion.com\/de\/wp-json\/wp\/v2\/media?parent=6385"}],"wp:term":[{"taxonomy":"product_brand","embeddable":true,"href":"https:\/\/holidayexcursion.com\/de\/wp-json\/wp\/v2\/product_brand?post=6385"},{"taxonomy":"product_cat","embeddable":true,"href":"https:\/\/holidayexcursion.com\/de\/wp-json\/wp\/v2\/product_cat?post=6385"},{"taxonomy":"product_tag","embeddable":true,"href":"https:\/\/holidayexcursion.com\/de\/wp-json\/wp\/v2\/product_tag?post=6385"}],"curies":[{"name":"wp","href":"https:\/\/api.w.org\/{rel}","templated":true}]}}