{"id":2329,"date":"2021-10-12T00:04:11","date_gmt":"2021-10-11T21:04:11","guid":{"rendered":"http:\/\/holidayexcursion.com\/?page_id=2329"},"modified":"2021-12-07T12:48:27","modified_gmt":"2021-12-07T09:48:27","slug":"airport-transfer","status":"publish","type":"page","link":"https:\/\/holidayexcursion.com\/en\/airport-transfer\/","title":{"rendered":"Airport Transfer"},"content":{"rendered":"<div id=\"gap-848745467\" class=\"gap-element clearfix\" style=\"display:block; height:auto;\">\n\t\t\n<style>\n#gap-848745467 {\n  padding-top: 30px;\n}\n<\/style>\n\t<\/div>\n\t\n\n<div class=\"row\"  id=\"row-1284092644\">\n\n\n\t<div id=\"col-1013048146\" class=\"col small-12 large-12\"  >\n\t\t\t\t<div class=\"col-inner\"  >\n\t\t\t\n\t\t\t\n\n\t<div id=\"text-3613819502\" class=\"text\">\n\t\t\n\n<h1 class=\"alt-font\"><span style=\"font-size: 200%;\">Airport Transfer in Alanya<\/span><\/h1>\n<p>We are doing an airport transfer for you. If you have a flight in <strong>Antalya Airport<\/strong> or <strong>Gazipa\u015fa Airport<\/strong>, we are here for your transfer <span class=\"emoji\">\ud83d\ude0a<\/span><\/p>\n\t\t\n<style>\n#text-3613819502 {\n  text-align: center;\n}\n@media (min-width:550px) {\n  #text-3613819502 {\n    text-align: center;\n  }\n}\n<\/style>\n\t<\/div>\n\t\n\n\t\t<\/div>\n\t\t\t\t\t<\/div>\n\n\t\n\n<\/div>\n\t\n  \n    <div class=\"row  equalize-box large-columns-4 medium-columns-2 small-columns-1 row-small has-shadow row-box-shadow-1 row-box-shadow-5-hover\" >\n  \n\t     <div class=\"col\" >\n\t\t\t\t\t\t<div class=\"col-inner\">\n\t\t\t\t\t\t\n<div class=\"badge-container absolute left top z-1\">\n\n<\/div>\n\t\t\t\t\t\t<div class=\"product-small box has-hover box-normal box-text-bottom\">\n\t\t\t\t\t\t\t<div class=\"box-image\" >\n\t\t\t\t\t\t\t\t<div class=\"\" >\n\t\t\t\t\t\t\t\t\t<a href=\"https:\/\/holidayexcursion.com\/en\/tours-in-alanya\/airport-transfer\/airport-3\/\" aria-label=\"GAZ\u0130PA\u015eA A\u0130RPORT TRANSFER\">\n\t\t\t\t\t\t\t\t\t\t<img loading=\"lazy\" decoding=\"async\" width=\"300\" height=\"300\" src=\"https:\/\/holidayexcursion.com\/wp-content\/uploads\/2021\/12\/gazipasa-airport-transfer-1-300x300.webp\" class=\"attachment-woocommerce_thumbnail size-woocommerce_thumbnail\" alt=\"gazipa\u015fa airport transfer (1)\" srcset=\"https:\/\/holidayexcursion.com\/wp-content\/uploads\/2021\/12\/gazipasa-airport-transfer-1-300x300.webp 300w, https:\/\/holidayexcursion.com\/wp-content\/uploads\/2021\/12\/gazipasa-airport-transfer-1-768x768.webp 768w, https:\/\/holidayexcursion.com\/wp-content\/uploads\/2021\/12\/gazipasa-airport-transfer-1-1024x1024.webp 1024w, https:\/\/holidayexcursion.com\/wp-content\/uploads\/2021\/12\/gazipasa-airport-transfer-1-1536x1536.webp 1536w, https:\/\/holidayexcursion.com\/wp-content\/uploads\/2021\/12\/gazipasa-airport-transfer-1-600x600.webp 600w, https:\/\/holidayexcursion.com\/wp-content\/uploads\/2021\/12\/gazipasa-airport-transfer-1-100x100.webp 100w, https:\/\/holidayexcursion.com\/wp-content\/uploads\/2021\/12\/gazipasa-airport-transfer-1-150x150.webp 150w, https:\/\/holidayexcursion.com\/wp-content\/uploads\/2021\/12\/gazipasa-airport-transfer-1.webp 2000w\" sizes=\"auto, (max-width: 300px) 100vw, 300px\" title=\"\">\t\t\t\t\t\t\t\t\t<\/a>\n\t\t\t\t\t\t\t\t\t\t\t\t\t\t\t\t\t\t \t\t\t\t\t\t\t\t<\/div>\n\t\t\t\t\t\t\t\t<div class=\"image-tools top right show-on-hover\">\n\t\t\t\t\t\t\t\t\t\t\t\t\t\t\t\t\t<\/div>\n\t\t\t\t\t\t\t\t\t\t\t\t\t\t\t\t\t<div class=\"image-tools grid-tools text-center hide-for-small bottom hover-slide-in show-on-hover\">\n\t\t\t\t\t\t\t\t\t\t\t\t\t\t\t\t\t\t\t<\/div>\n\t\t\t\t\t\t\t\t\t\t\t\t\t\t\t\t\t\t\t\t\t\t\t<\/div>\n\n\t\t\t\t\t\t\t<div class=\"box-text text-left\" >\n\t\t\t\t\t\t\t\t<div class=\"title-wrapper\"><p class=\"name product-title woocommerce-loop-product__title\"><a href=\"https:\/\/holidayexcursion.com\/en\/tours-in-alanya\/airport-transfer\/airport-3\/\" class=\"woocommerce-LoopProduct-link woocommerce-loop-product__link\">GAZ\u0130PA\u015eA A\u0130RPORT TRANSFER<\/a><\/p><\/div><div class=\"price-wrapper\">\n\t<span class=\"price\">From: <span class=\"woocommerce-Price-amount amount\"><bdi>10,00&nbsp;<span class=\"woocommerce-Price-currencySymbol\">&euro;<\/span><\/bdi><\/span><\/span>\n<\/div><div class=\"add-to-cart-button\"><a href=\"https:\/\/holidayexcursion.com\/en\/tours-in-alanya\/airport-transfer\/airport-3\/\" aria-describedby=\"woocommerce_loop_add_to_cart_link_describedby_3719\" data-quantity=\"1\" class=\"primary is-small mb-0 button product_type_booking add_to_cart_button is-gloss\" data-product_id=\"3719\" data-product_sku=\"\" aria-label=\"\u201cGAZ\u0130PA\u015eA A\u0130RPORT TRANSFER\u201d hakk\u0131nda daha fazla bilgi edinin\" rel=\"nofollow\" data-no-translation=\"\" data-trp-gettext=\"\" data-no-translation-aria-label=\"\">Book Now<\/a><\/div>\t<span id=\"woocommerce_loop_add_to_cart_link_describedby_3719\" class=\"screen-reader-text\">\n\t\t\t<\/span>\n\t\t\t\t\t\t\t<\/div>\n\t\t\t\t\t\t<\/div>\n\t\t\t\t\t\t<\/div>\n\t\t\t\t\t<\/div><div class=\"col\" >\n\t\t\t\t\t\t<div class=\"col-inner\">\n\t\t\t\t\t\t\n<div class=\"badge-container absolute left top z-1\">\n\n<\/div>\n\t\t\t\t\t\t<div class=\"product-small box has-hover box-normal box-text-bottom\">\n\t\t\t\t\t\t\t<div class=\"box-image\" >\n\t\t\t\t\t\t\t\t<div class=\"\" >\n\t\t\t\t\t\t\t\t\t<a href=\"https:\/\/holidayexcursion.com\/en\/tours-in-alanya\/airport-transfer\/airport\/\" aria-label=\"Antalya Airport Transfer\">\n\t\t\t\t\t\t\t\t\t\t<img loading=\"lazy\" decoding=\"async\" width=\"300\" height=\"300\" src=\"https:\/\/holidayexcursion.com\/wp-content\/uploads\/2021\/12\/antalya-airport-transfer-1-300x300.webp\" class=\"attachment-woocommerce_thumbnail size-woocommerce_thumbnail\" alt=\"antalya airport transfer (1)\" srcset=\"https:\/\/holidayexcursion.com\/wp-content\/uploads\/2021\/12\/antalya-airport-transfer-1-300x300.webp 300w, https:\/\/holidayexcursion.com\/wp-content\/uploads\/2021\/12\/antalya-airport-transfer-1-768x768.webp 768w, https:\/\/holidayexcursion.com\/wp-content\/uploads\/2021\/12\/antalya-airport-transfer-1-1024x1024.webp 1024w, https:\/\/holidayexcursion.com\/wp-content\/uploads\/2021\/12\/antalya-airport-transfer-1-1536x1536.webp 1536w, https:\/\/holidayexcursion.com\/wp-content\/uploads\/2021\/12\/antalya-airport-transfer-1-600x600.webp 600w, https:\/\/holidayexcursion.com\/wp-content\/uploads\/2021\/12\/antalya-airport-transfer-1-100x100.webp 100w, https:\/\/holidayexcursion.com\/wp-content\/uploads\/2021\/12\/antalya-airport-transfer-1-150x150.webp 150w, https:\/\/holidayexcursion.com\/wp-content\/uploads\/2021\/12\/antalya-airport-transfer-1.webp 2047w\" sizes=\"auto, (max-width: 300px) 100vw, 300px\" title=\"\">\t\t\t\t\t\t\t\t\t<\/a>\n\t\t\t\t\t\t\t\t\t\t\t\t\t\t\t\t\t\t \t\t\t\t\t\t\t\t<\/div>\n\t\t\t\t\t\t\t\t<div class=\"image-tools top right show-on-hover\">\n\t\t\t\t\t\t\t\t\t\t\t\t\t\t\t\t\t<\/div>\n\t\t\t\t\t\t\t\t\t\t\t\t\t\t\t\t\t<div class=\"image-tools grid-tools text-center hide-for-small bottom hover-slide-in show-on-hover\">\n\t\t\t\t\t\t\t\t\t\t\t\t\t\t\t\t\t\t\t<\/div>\n\t\t\t\t\t\t\t\t\t\t\t\t\t\t\t\t\t\t\t\t\t\t\t<\/div>\n\n\t\t\t\t\t\t\t<div class=\"box-text text-left\" >\n\t\t\t\t\t\t\t\t<div class=\"title-wrapper\"><p class=\"name product-title woocommerce-loop-product__title\"><a href=\"https:\/\/holidayexcursion.com\/en\/tours-in-alanya\/airport-transfer\/airport\/\" class=\"woocommerce-LoopProduct-link woocommerce-loop-product__link\">Antalya Airport Transfer<\/a><\/p><\/div><div class=\"price-wrapper\">\n\t<span class=\"price\">From: <span class=\"woocommerce-Price-amount amount\"><bdi>15,00&nbsp;<span class=\"woocommerce-Price-currencySymbol\">&euro;<\/span><\/bdi><\/span><\/span>\n<\/div><div class=\"add-to-cart-button\"><a href=\"https:\/\/holidayexcursion.com\/en\/tours-in-alanya\/airport-transfer\/airport\/\" aria-describedby=\"woocommerce_loop_add_to_cart_link_describedby_3718\" data-quantity=\"1\" class=\"primary is-small mb-0 button product_type_booking add_to_cart_button is-gloss\" data-product_id=\"3718\" data-product_sku=\"\" aria-label=\"\u201cAntalya Airport Transfer\u201d hakk\u0131nda daha fazla bilgi edinin\" rel=\"nofollow\" data-no-translation=\"\" data-trp-gettext=\"\" data-no-translation-aria-label=\"\">Book Now<\/a><\/div>\t<span id=\"woocommerce_loop_add_to_cart_link_describedby_3718\" class=\"screen-reader-text\">\n\t\t\t<\/span>\n\t\t\t\t\t\t\t<\/div>\n\t\t\t\t\t\t<\/div>\n\t\t\t\t\t\t<\/div>\n\t\t\t\t\t<\/div><div class=\"col\" >\n\t\t\t\t\t\t<div class=\"col-inner\">\n\t\t\t\t\t\t\n<div class=\"badge-container absolute left top z-1\">\n\n<\/div>\n\t\t\t\t\t\t<div class=\"product-small box has-hover box-normal box-text-bottom\">\n\t\t\t\t\t\t\t<div class=\"box-image\" >\n\t\t\t\t\t\t\t\t<div class=\"\" >\n\t\t\t\t\t\t\t\t\t<a href=\"https:\/\/holidayexcursion.com\/en\/tours-in-alanya\/airport-transfer\/airport-2\/\" aria-label=\"GAZ\u0130PA\u015eA A\u0130RPORT PR\u0130VATE TRANSFER\">\n\t\t\t\t\t\t\t\t\t\t<img loading=\"lazy\" decoding=\"async\" width=\"300\" height=\"300\" src=\"https:\/\/holidayexcursion.com\/wp-content\/uploads\/2021\/12\/gazipasa-airport-transfer-1-300x300.webp\" class=\"attachment-woocommerce_thumbnail size-woocommerce_thumbnail\" alt=\"gazipa\u015fa airport transfer (1)\" srcset=\"https:\/\/holidayexcursion.com\/wp-content\/uploads\/2021\/12\/gazipasa-airport-transfer-1-300x300.webp 300w, https:\/\/holidayexcursion.com\/wp-content\/uploads\/2021\/12\/gazipasa-airport-transfer-1-768x768.webp 768w, https:\/\/holidayexcursion.com\/wp-content\/uploads\/2021\/12\/gazipasa-airport-transfer-1-1024x1024.webp 1024w, https:\/\/holidayexcursion.com\/wp-content\/uploads\/2021\/12\/gazipasa-airport-transfer-1-1536x1536.webp 1536w, https:\/\/holidayexcursion.com\/wp-content\/uploads\/2021\/12\/gazipasa-airport-transfer-1-600x600.webp 600w, https:\/\/holidayexcursion.com\/wp-content\/uploads\/2021\/12\/gazipasa-airport-transfer-1-100x100.webp 100w, https:\/\/holidayexcursion.com\/wp-content\/uploads\/2021\/12\/gazipasa-airport-transfer-1-150x150.webp 150w, https:\/\/holidayexcursion.com\/wp-content\/uploads\/2021\/12\/gazipasa-airport-transfer-1.webp 2000w\" sizes=\"auto, (max-width: 300px) 100vw, 300px\" title=\"\">\t\t\t\t\t\t\t\t\t<\/a>\n\t\t\t\t\t\t\t\t\t\t\t\t\t\t\t\t\t\t \t\t\t\t\t\t\t\t<\/div>\n\t\t\t\t\t\t\t\t<div class=\"image-tools top right show-on-hover\">\n\t\t\t\t\t\t\t\t\t\t\t\t\t\t\t\t\t<\/div>\n\t\t\t\t\t\t\t\t\t\t\t\t\t\t\t\t\t<div class=\"image-tools grid-tools text-center hide-for-small bottom hover-slide-in show-on-hover\">\n\t\t\t\t\t\t\t\t\t\t\t\t\t\t\t\t\t\t\t<\/div>\n\t\t\t\t\t\t\t\t\t\t\t\t\t\t\t\t\t\t\t\t\t\t\t<\/div>\n\n\t\t\t\t\t\t\t<div class=\"box-text text-left\" >\n\t\t\t\t\t\t\t\t<div class=\"title-wrapper\"><p class=\"name product-title woocommerce-loop-product__title\"><a href=\"https:\/\/holidayexcursion.com\/en\/tours-in-alanya\/airport-transfer\/airport-2\/\" class=\"woocommerce-LoopProduct-link woocommerce-loop-product__link\">GAZ\u0130PA\u015eA A\u0130RPORT PR\u0130VATE TRANSFER<\/a><\/p><\/div><div class=\"price-wrapper\">\n\t<span class=\"price\">From: <span class=\"woocommerce-Price-amount amount\"><bdi>25,00&nbsp;<span class=\"woocommerce-Price-currencySymbol\">&euro;<\/span><\/bdi><\/span><\/span>\n<\/div><div class=\"add-to-cart-button\"><a href=\"https:\/\/holidayexcursion.com\/en\/tours-in-alanya\/airport-transfer\/airport-2\/\" aria-describedby=\"woocommerce_loop_add_to_cart_link_describedby_3716\" data-quantity=\"1\" class=\"primary is-small mb-0 button product_type_booking add_to_cart_button is-gloss\" data-product_id=\"3716\" data-product_sku=\"\" aria-label=\"\u201cGAZ\u0130PA\u015eA A\u0130RPORT PR\u0130VATE TRANSFER\u201d hakk\u0131nda daha fazla bilgi edinin\" rel=\"nofollow\" data-no-translation=\"\" data-trp-gettext=\"\" data-no-translation-aria-label=\"\">Book Now<\/a><\/div>\t<span id=\"woocommerce_loop_add_to_cart_link_describedby_3716\" class=\"screen-reader-text\">\n\t\t\t<\/span>\n\t\t\t\t\t\t\t<\/div>\n\t\t\t\t\t\t<\/div>\n\t\t\t\t\t\t<\/div>\n\t\t\t\t\t<\/div><div class=\"col\" >\n\t\t\t\t\t\t<div class=\"col-inner\">\n\t\t\t\t\t\t\n<div class=\"badge-container absolute left top z-1\">\n\n<\/div>\n\t\t\t\t\t\t<div class=\"product-small box has-hover box-normal box-text-bottom\">\n\t\t\t\t\t\t\t<div class=\"box-image\" >\n\t\t\t\t\t\t\t\t<div class=\"\" >\n\t\t\t\t\t\t\t\t\t<a href=\"https:\/\/holidayexcursion.com\/en\/tours-in-alanya\/airport-transfer\/airport-4\/\" aria-label=\"A\u0130RPORT TRANSFER PR\u0130VATE\">\n\t\t\t\t\t\t\t\t\t\t<img loading=\"lazy\" decoding=\"async\" width=\"300\" height=\"300\" src=\"https:\/\/holidayexcursion.com\/wp-content\/uploads\/2021\/12\/antalya-airport-transfer-1-300x300.webp\" class=\"attachment-woocommerce_thumbnail size-woocommerce_thumbnail\" alt=\"antalya airport transfer (1)\" srcset=\"https:\/\/holidayexcursion.com\/wp-content\/uploads\/2021\/12\/antalya-airport-transfer-1-300x300.webp 300w, https:\/\/holidayexcursion.com\/wp-content\/uploads\/2021\/12\/antalya-airport-transfer-1-768x768.webp 768w, https:\/\/holidayexcursion.com\/wp-content\/uploads\/2021\/12\/antalya-airport-transfer-1-1024x1024.webp 1024w, https:\/\/holidayexcursion.com\/wp-content\/uploads\/2021\/12\/antalya-airport-transfer-1-1536x1536.webp 1536w, https:\/\/holidayexcursion.com\/wp-content\/uploads\/2021\/12\/antalya-airport-transfer-1-600x600.webp 600w, https:\/\/holidayexcursion.com\/wp-content\/uploads\/2021\/12\/antalya-airport-transfer-1-100x100.webp 100w, https:\/\/holidayexcursion.com\/wp-content\/uploads\/2021\/12\/antalya-airport-transfer-1-150x150.webp 150w, https:\/\/holidayexcursion.com\/wp-content\/uploads\/2021\/12\/antalya-airport-transfer-1.webp 2047w\" sizes=\"auto, (max-width: 300px) 100vw, 300px\" title=\"\">\t\t\t\t\t\t\t\t\t<\/a>\n\t\t\t\t\t\t\t\t\t\t\t\t\t\t\t\t\t\t \t\t\t\t\t\t\t\t<\/div>\n\t\t\t\t\t\t\t\t<div class=\"image-tools top right show-on-hover\">\n\t\t\t\t\t\t\t\t\t\t\t\t\t\t\t\t\t<\/div>\n\t\t\t\t\t\t\t\t\t\t\t\t\t\t\t\t\t<div class=\"image-tools grid-tools text-center hide-for-small bottom hover-slide-in show-on-hover\">\n\t\t\t\t\t\t\t\t\t\t\t\t\t\t\t\t\t\t\t<\/div>\n\t\t\t\t\t\t\t\t\t\t\t\t\t\t\t\t\t\t\t\t\t\t\t<\/div>\n\n\t\t\t\t\t\t\t<div class=\"box-text text-left\" >\n\t\t\t\t\t\t\t\t<div class=\"title-wrapper\"><p class=\"name product-title woocommerce-loop-product__title\"><a href=\"https:\/\/holidayexcursion.com\/en\/tours-in-alanya\/airport-transfer\/airport-4\/\" class=\"woocommerce-LoopProduct-link woocommerce-loop-product__link\">A\u0130RPORT TRANSFER PR\u0130VATE<\/a><\/p><\/div><div class=\"price-wrapper\">\n\t<span class=\"price\">From: <span class=\"woocommerce-Price-amount amount\"><bdi>60,00&nbsp;<span class=\"woocommerce-Price-currencySymbol\">&euro;<\/span><\/bdi><\/span><\/span>\n<\/div><div class=\"add-to-cart-button\"><a href=\"https:\/\/holidayexcursion.com\/en\/tours-in-alanya\/airport-transfer\/airport-4\/\" aria-describedby=\"woocommerce_loop_add_to_cart_link_describedby_3714\" data-quantity=\"1\" class=\"primary is-small mb-0 button product_type_booking add_to_cart_button is-gloss\" data-product_id=\"3714\" data-product_sku=\"\" aria-label=\"\u201cA\u0130RPORT TRANSFER PR\u0130VATE\u201d hakk\u0131nda daha fazla bilgi edinin\" rel=\"nofollow\" data-no-translation=\"\" data-trp-gettext=\"\" data-no-translation-aria-label=\"\">Book Now<\/a><\/div>\t<span id=\"woocommerce_loop_add_to_cart_link_describedby_3714\" class=\"screen-reader-text\">\n\t\t\t<\/span>\n\t\t\t\t\t\t\t<\/div>\n\t\t\t\t\t\t<\/div>\n\t\t\t\t\t\t<\/div>\n\t\t\t\t\t<\/div><\/div>","protected":false},"excerpt":{"rendered":"","protected":false},"author":4,"featured_media":0,"parent":0,"menu_order":0,"comment_status":"closed","ping_status":"closed","template":"page-blank.php","meta":{"footnotes":""},"class_list":["post-2329","page","type-page","status-publish","hentry"],"_links":{"self":[{"href":"https:\/\/holidayexcursion.com\/en\/wp-json\/wp\/v2\/pages\/2329","targetHints":{"allow":["GET"]}}],"collection":[{"href":"https:\/\/holidayexcursion.com\/en\/wp-json\/wp\/v2\/pages"}],"about":[{"href":"https:\/\/holidayexcursion.com\/en\/wp-json\/wp\/v2\/types\/page"}],"author":[{"embeddable":true,"href":"https:\/\/holidayexcursion.com\/en\/wp-json\/wp\/v2\/users\/4"}],"replies":[{"embeddable":true,"href":"https:\/\/holidayexcursion.com\/en\/wp-json\/wp\/v2\/comments?post=2329"}],"version-history":[{"count":0,"href":"https:\/\/holidayexcursion.com\/en\/wp-json\/wp\/v2\/pages\/2329\/revisions"}],"wp:attachment":[{"href":"https:\/\/holidayexcursion.com\/en\/wp-json\/wp\/v2\/media?parent=2329"}],"curies":[{"name":"wp","href":"https:\/\/api.w.org\/{rel}","templated":true}]}}