{"id":19999,"date":"2021-12-03T10:13:11","date_gmt":"2023-11-07T17:05:50","guid":{"rendered":"https:\/\/holidayexcursion.com\/excursions-in-alanya\/niet-gecategoriseerd\/gazipasa-lucht-haven-transfer-vip\/"},"modified":"2023-11-28T20:05:14","modified_gmt":"2023-11-28T17:05:14","slug":"luchthaven-2","status":"publish","type":"product","link":"https:\/\/holidayexcursion.com\/nl\/tours-in-alanya\/luchthaven-transfer\/luchthaven-2\/","title":{"rendered":"GAZ\u0130PA\u015eA LUCHTHAVEN PRIV\u00c9-OVERDRACHT"},"content":{"rendered":"<h2 style=\"text-align: center;\"><strong>GAZ\u0130PA\u015eA LUCHTHAVEN PRIV\u00c9-OVERDRACHT <\/strong><\/h2>\n<p style=\"text-align: center;\">Geniet van een persoonlijke en naadloze reiservaring met priv\u00e9transfer naar de <a href=\"https:\/\/gzpairport.com\/tr-TR\/\" rel=\"nofollow noopener\" target=\"_blank\">luchthaven Gazipa\u015fa<\/a><\/p>\n<p style=\"text-align: center;\">Als het om reizen gaat, zijn gemak en comfort sleutelfactoren voor een stressvrije reis. Priv\u00e9luchthaventransfers bieden een gepersonaliseerde en naadloze vervoersoptie, waardoor u in stijl en comfort kunt reizen terwijl u de gebruikelijke rompslomp vermijdt die gepaard gaat met openbaar vervoer of gedeelde ritten. In dit artikel onderzoeken we de voordelen en overwegingen van priv\u00e9transfers, waarbij we benadrukken hoe deze uw reiservaring kunnen verbeteren en blijvende herinneringen kunnen cre\u00ebren.<\/p>\n<p style=\"text-align: center;\">  <img loading=\"lazy\" decoding=\"async\" class=\"alignnone size-medium wp-image-25566\" src=\"https:\/\/holidayexcursion.com\/wp-content\/uploads\/2021\/12\/Antalya-Shuttle-transfer-1-300x169.jpg\" alt=\"\" width=\"300\" height=\"169\" title=\"\" srcset=\"https:\/\/holidayexcursion.com\/wp-content\/uploads\/2021\/12\/Antalya-Shuttle-transfer-1-300x169.jpg 300w, https:\/\/holidayexcursion.com\/wp-content\/uploads\/2021\/12\/Antalya-Shuttle-transfer-1.jpg 432w\" sizes=\"auto, (max-width: 300px) 100vw, 300px\" \/><\/p>\n<p style=\"text-align: center;\">1. Gepersonaliseerde service:<\/p>\n<p style=\"text-align: center;\">Een van de belangrijkste voordelen van <a href=\"https:\/\/holidayexcursion.com\/tours-in-alanya\/airport-transfer\/airport-4\/\">priv\u00e9 transfers op luchthaven<\/a>s is de persoonlijke service die ze bieden. In tegenstelling tot gedeelde luchthaventransfers of openbaar vervoer, zijn priv\u00e9luchthaventransfers uitsluitend bedoeld voor u en uw reisgenoten. Een toegewijde chauffeur en voertuig staan \u200b\u200btot uw beschikking en bieden een ervaring op maat die voldoet aan uw specifieke behoeften en voorkeuren. Van het ophalen op de luchthaven van <a href=\"https:\/\/en.wikipedia.org\/wiki\/Gazipa%C5%9Fa\" rel=\"nofollow noopener\" target=\"_blank\">Gazipa\u015fa<\/a> tot het inleveren van hotels of het verkennen van lokale bezienswaardigheden, priv\u00e9transfers op de luchthaven zorgen ervoor dat u volledige controle heeft over uw reisschema.<\/p>\n<p style=\"text-align: center;\"><img loading=\"lazy\" decoding=\"async\" class=\"alignnone size-medium wp-image-25572\" src=\"https:\/\/holidayexcursion.com\/wp-content\/uploads\/2021\/12\/Antalya-transfer-Alanya-holiday-excursion-300x272.png\" alt=\"\" width=\"300\" height=\"272\" title=\"\" srcset=\"https:\/\/holidayexcursion.com\/wp-content\/uploads\/2021\/12\/Antalya-transfer-Alanya-holiday-excursion-300x272.png 300w, https:\/\/holidayexcursion.com\/wp-content\/uploads\/2021\/12\/Antalya-transfer-Alanya-holiday-excursion-600x544.png 600w, https:\/\/holidayexcursion.com\/wp-content\/uploads\/2021\/12\/Antalya-transfer-Alanya-holiday-excursion.png 640w\" sizes=\"auto, (max-width: 300px) 100vw, 300px\" \/><\/p>\n<p style=\"text-align: center;\">2. Gemak en effici\u00ebntie:<\/p>\n<p style=\"text-align: center;\">Priv\u00e9luchthaventransfers van Gazipa\u015fa bieden onge\u00ebvenaard gemak en effici\u00ebntie. Met een priv\u00e9transfer kunt u de lange wachtrijen voor taxi&#8217;s of huurautobalies op luchthavens overslaan en bij aankomst een chauffeur op u laten wachten. Dit elimineert de stress van het wachten of navigeren door onbekende openbaarvervoersystemen tijdens uw vakantie, zodat u snel aan uw reis kunt beginnen. Bovendien werken priv\u00e9luchthaventransfers volgens het door u gewenste schema, zodat u zich nooit hoeft te haasten of op vervoer hoeft te wachten.<\/p>\n<p style=\"text-align: center;\">3. Comfort en luxe:<\/p>\n<p style=\"text-align: center;\">Reizen in comfort en luxe is een kenmerk van priv\u00e9luchthaventransfers tijdens uw vakantie. Voertuigen die worden gebruikt voor priv\u00e9transfers naar luchthavens zijn vaak van hoge kwaliteit en bieden een comfortabele en eersteklas ervaring. Of u nu kiest voor een luxe sedan, SUV, limousine, priv\u00e9luchthaventransfers, u kunt in stijl reizen. Geniet van ruime zitplaatsen, klimaatregeling, gratis Wi-Fi en andere voorzieningen die uw reis aangenaam en ontspannend maken.<\/p>\n<p style=\"text-align: center;\"><img loading=\"lazy\" decoding=\"async\" class=\"alignnone size-medium wp-image-25554\" src=\"https:\/\/holidayexcursion.com\/wp-content\/uploads\/2021\/12\/Accent-blue-for-rent-300x130.png\" alt=\"\" width=\"300\" height=\"130\" title=\"\" srcset=\"https:\/\/holidayexcursion.com\/wp-content\/uploads\/2021\/12\/Accent-blue-for-rent-300x130.png 300w, https:\/\/holidayexcursion.com\/wp-content\/uploads\/2021\/12\/Accent-blue-for-rent-768x334.png 768w, https:\/\/holidayexcursion.com\/wp-content\/uploads\/2021\/12\/Accent-blue-for-rent-600x261.png 600w, https:\/\/holidayexcursion.com\/wp-content\/uploads\/2021\/12\/Accent-blue-for-rent.png 920w\" sizes=\"auto, (max-width: 300px) 100vw, 300px\" \/><\/p>\n<p style=\"text-align: center;\">4. Privacy en veiligheid:<\/p>\n<p style=\"text-align: center;\">Privacy en veiligheid staan \u200b\u200bvoorop als het om transport gaat. Priv\u00e9 lucht haven transfers in Gazipa\u015fa zorgen ervoor dat uw reiservaring discreet en veilig is. U kunt er gerust op zijn dat alleen u en uw geautoriseerde reisgenoten samen reizen. Dit is met name gunstig voor zakenreizigers, spraakmakende personen of gezinnen die tijdens hun reizen prioriteit geven aan privacy.<\/p>\n<p style=\"text-align: center;\">5. Lokale expertise:<\/p>\n<p style=\"text-align: center;\">Naast vervoer bieden priv\u00e9-luchthaventransfers in Gazipa\u015fa vaak het extra voordeel van lokale expertise. Chauffeurs die gespecialiseerd zijn in priv\u00e9luchthaventransfers hebben doorgaans kennis van de omgeving en kunnen waardevolle inzichten bieden in de cultuur, attracties en verborgen juweeltjes van uw bestemming. Ze kunnen dienen als persoonlijke gidsen en insidertips geven om uw reiservaring te verbeteren.<\/p>\n<p style=\"text-align: center;\"><img loading=\"lazy\" decoding=\"async\" class=\"alignnone size-medium wp-image-25578\" src=\"https:\/\/holidayexcursion.com\/wp-content\/uploads\/2021\/12\/Economic-Class-car-1-300x225.jpg\" alt=\"\" width=\"300\" height=\"225\" title=\"\" srcset=\"https:\/\/holidayexcursion.com\/wp-content\/uploads\/2021\/12\/Economic-Class-car-1-300x225.jpg 300w, https:\/\/holidayexcursion.com\/wp-content\/uploads\/2021\/12\/Economic-Class-car-1.jpg 528w\" sizes=\"auto, (max-width: 300px) 100vw, 300px\" \/><\/p>\n<p style=\"text-align: center;\">6. Flexibiliteit en vrijheid:<\/p>\n<p style=\"text-align: center;\">Priv\u00e9 lucht haven transfers van Gazipa\u015fa bieden onge\u00ebvenaarde flexibiliteit en vrijheid in vergelijking met andere transportopties. U heeft de vrijheid om onderweg uw reisroute aan te passen en ge\u00efmproviseerde stops of omwegen te maken om interessante locaties of bezienswaardigheden te verkennen. Of u nu wilt pauzeren voor een mooie fotomoment of wilt genieten van een spontane culinaire ervaring, priv\u00e9 Gazipa\u015fa-luchthaventransfers bieden u de flexibiliteit om onvergetelijke herinneringen te cre\u00ebren.<\/p>\n<p style=\"text-align: center;\">Priv\u00e9 lucht haven transfers van Gazipa\u015fa bieden een persoonlijke, handige en luxueuze manier van vervoer voor reizigers die op zoek zijn naar een naadloze reis. Met hun focus op privacy, comfort en effici\u00ebntie zorgen priv\u00e9luchthaventransfers ervoor dat u van elk moment van uw reiservaring kunt genieten. Of u nu op zakenreis, familievakantie of romantisch uitje bent, priv\u00e9luchthaventransfers bieden een uitzonderlijk serviceniveau waardoor u zich gewaardeerd en verwend voelt. Dus, de volgende keer dat u uw reisplannen plant, overweeg dan de voordelen van priv\u00e9luchthaventransfers en til uw reis naar nieuwe hoogten van comfort en gemak.<\/p>\n<p style=\"text-align: center;\">Wij wensen u onvergetelijke herinneringen tijdens uw vakantie in Alanya, Turkije.<\/p>\n<p style=\"text-align: center;\">Ps: Voor meer informatie kunt u ook contact opnemen via whats app bellen of bericht.<\/p>\n<p style=\"text-align: center;\"><a href=\"https:\/\/www.facebook.com\/Alanyaholidayexcursion\" rel=\"nofollow noopener\" target=\"_blank\">Holiday Excursion Team ,<\/a><\/p>\n","protected":false},"excerpt":{"rendered":"<p>GAZ\u0130PA\u015eA LUCHTHAVEN PRIV\u00c9-OVERDRACHT Geniet van een persoonlijke en naadloze reiservaring met priv\u00e9transfer naar de luchthaven Gazipa\u015fa Als het om reizen gaat, zijn gemak en comfort sleutelfactoren voor een stressvrije reis. Priv\u00e9luchthaventransfers bieden een gepersonaliseerde en naadloze vervoersoptie, waardoor u in stijl en comfort kunt reizen terwijl u de gebruikelijke rompslomp vermijdt die gepaard gaat met<\/p>\n","protected":false},"featured_media":19676,"comment_status":"open","ping_status":"closed","template":"","meta":[],"product_brand":[],"product_cat":[223],"product_tag":[],"class_list":{"0":"post-19999","1":"product","2":"type-product","3":"status-publish","4":"has-post-thumbnail","6":"product_cat-luchthaven-transfer","8":"first","9":"instock","10":"featured","11":"virtual","12":"sold-individually","13":"purchasable","14":"product-type-booking"},"_links":{"self":[{"href":"https:\/\/holidayexcursion.com\/nl\/wp-json\/wp\/v2\/product\/19999","targetHints":{"allow":["GET"]}}],"collection":[{"href":"https:\/\/holidayexcursion.com\/nl\/wp-json\/wp\/v2\/product"}],"about":[{"href":"https:\/\/holidayexcursion.com\/nl\/wp-json\/wp\/v2\/types\/product"}],"replies":[{"embeddable":true,"href":"https:\/\/holidayexcursion.com\/nl\/wp-json\/wp\/v2\/comments?post=19999"}],"wp:featuredmedia":[{"embeddable":true,"href":"https:\/\/holidayexcursion.com\/nl\/wp-json\/wp\/v2\/media\/19676"}],"wp:attachment":[{"href":"https:\/\/holidayexcursion.com\/nl\/wp-json\/wp\/v2\/media?parent=19999"}],"wp:term":[{"taxonomy":"product_brand","embeddable":true,"href":"https:\/\/holidayexcursion.com\/nl\/wp-json\/wp\/v2\/product_brand?post=19999"},{"taxonomy":"product_cat","embeddable":true,"href":"https:\/\/holidayexcursion.com\/nl\/wp-json\/wp\/v2\/product_cat?post=19999"},{"taxonomy":"product_tag","embeddable":true,"href":"https:\/\/holidayexcursion.com\/nl\/wp-json\/wp\/v2\/product_tag?post=19999"}],"curies":[{"name":"wp","href":"https:\/\/api.w.org\/{rel}","templated":true}]}}