{"id":20127,"date":"2021-12-03T09:36:13","date_gmt":"2023-11-08T16:43:36","guid":{"rendered":"https:\/\/holidayexcursion.com\/excursions-in-alanya\/niet-gecategoriseerd\/cappadocie-tour\/"},"modified":"2024-03-18T12:35:46","modified_gmt":"2024-03-18T09:35:46","slug":"cappadocie","status":"publish","type":"product","link":"https:\/\/holidayexcursion.com\/nl\/tours-in-alanya\/tours-nl\/cappadocie\/","title":{"rendered":"Cappadocia tour 2 Day"},"content":{"rendered":"<h2 class=\"uppercase\" style=\"text-align: center;\">cappadocia tour 2 DAY<\/h2>\n<p style=\"text-align: center;\"><strong>Onthulling van de betoverende wonderen van Cappadoci\u00eb: een onvergetelijke tourervaring<\/strong><\/p>\n<p style=\"text-align: center;\">Genesteld in het hart van Turkije, is <a href=\"https:\/\/en.wikipedia.org\/wiki\/Cappadocia\" rel=\"nofollow noopener\" target=\"_blank\">Cappadoci\u00eb<\/a> een unieke en magische bestemming die reizigers van over de hele wereld fascineert. Met zijn surrealistische landschappen, oude grotwoningen en met luchtballonnen gevulde lucht belooft een rondreis door Cappadoci\u00eb een onvergetelijke ervaring. Ga met ons mee tijdens onze Cappadoci\u00eb-tour terwijl we op reis gaan om de verborgen schatten en rijke geschiedenis te ontdekken die Cappadoci\u00eb tot een bestemming maken die je absoluut moet bezoeken.<\/p>\n<p>\u00a0 \u00a0 \u00a0 \u00a0 \u00a0 \u00a0 \u00a0 \u00a0 \u00a0 \u00a0 \u00a0 \u00a0 \u00a0 \u00a0 \u00a0 \u00a0 \u00a0 \u00a0 \u00a0 \u00a0 \u00a0 \u00a0 \u00a0 \u00a0 \u00a0 \u00a0 \u00a0 \u00a0 \u00a0 \u00a0 \u00a0 \u00a0<img loading=\"lazy\" decoding=\"async\" class=\"size-medium wp-image-3888\" src=\"https:\/\/holidayexcursion.com\/wp-content\/uploads\/2021\/12\/cappodocia-tour3-300x200.webp\" alt=\"Rondleiding door Cappadoci\u00eb\" width=\"300\" height=\"200\" title=\"\" srcset=\"https:\/\/holidayexcursion.com\/wp-content\/uploads\/2021\/12\/cappodocia-tour3-300x200.webp 300w, https:\/\/holidayexcursion.com\/wp-content\/uploads\/2021\/12\/cappodocia-tour3-768x512.webp 768w, https:\/\/holidayexcursion.com\/wp-content\/uploads\/2021\/12\/cappodocia-tour3-1024x683.webp 1024w, https:\/\/holidayexcursion.com\/wp-content\/uploads\/2021\/12\/cappodocia-tour3-600x400.webp 600w, https:\/\/holidayexcursion.com\/wp-content\/uploads\/2021\/12\/cappodocia-tour3.webp 1440w\" sizes=\"auto, (max-width: 300px) 100vw, 300px\" \/><\/p>\n<p style=\"text-align: center;\">1. Het verkennen van de sprookjesachtige schoorstenen:<\/p>\n<p style=\"text-align: center;\">De iconische sprookjesachtige schoorstenen van Cappadoci\u00eb vormen een van de meest onderscheidende kenmerken van de regio. Deze torenhoge rotsformaties, uitgehouwen door eeuwenlange natuurlijke erosie, lijken op schoorstenen of zelfs grillige wezens. De rondleiding door Cappadoci\u00eb omvat vaak een bezoek aan het openluchtmuseum van G\u00f6reme, waar u enkele van de oude grotkerken kunt verkennen die zijn versierd met levendige fresco&#8217;s. Als je tussen deze fascinerende sprookjesachtige schoorstenen wandelt, is het alsof je een sprookjesachtige wereld binnenstapt die je zeker met ontzag zal achterlaten.<\/p>\n<p style=\"text-align: center;\"><img loading=\"lazy\" decoding=\"async\" class=\"size-medium wp-image-3887 aligncenter\" src=\"https:\/\/holidayexcursion.com\/wp-content\/uploads\/2021\/12\/cappodocia-tour2-300x159.webp\" alt=\"Rondleiding door Cappadoci\u00eb\" width=\"300\" height=\"159\" title=\"\" srcset=\"https:\/\/holidayexcursion.com\/wp-content\/uploads\/2021\/12\/cappodocia-tour2-300x159.webp 300w, https:\/\/holidayexcursion.com\/wp-content\/uploads\/2021\/12\/cappodocia-tour2-768x407.webp 768w, https:\/\/holidayexcursion.com\/wp-content\/uploads\/2021\/12\/cappodocia-tour2-600x318.webp 600w, https:\/\/holidayexcursion.com\/wp-content\/uploads\/2021\/12\/cappodocia-tour2.webp 850w\" sizes=\"auto, (max-width: 300px) 100vw, 300px\" \/><\/p>\n<p style=\"text-align: center;\">2. Ontdek de ondergrondse steden van Cappadoci\u00eb:<\/p>\n<p style=\"text-align: center;\">Als je ondergronds de oude ondergrondse steden van Cappadoci\u00eb bezoekt, ontdek je een verborgen wereld vol geschiedenis. Deze enorme ondergrondse netwerken waren ooit bruisende gemeenschappen en boden onderdak en bescherming aan de vroege christelijke inwoners tegen indringers. Derinkuyu en Kaymakl\u0131 zijn twee van de meest indrukwekkende ondergrondse steden die je kunt verkennen tijdens een Cappadoci\u00eb-tour. Het verkennen van hun ingewikkelde tunnels, woonruimtes, kerken en ventilatiesystemen biedt een uniek kijkje in de vindingrijkheid van oude beschavingen.<\/p>\n<p style=\"text-align: center;\"><img loading=\"lazy\" decoding=\"async\" class=\"size-medium wp-image-3892 aligncenter\" src=\"https:\/\/holidayexcursion.com\/wp-content\/uploads\/2021\/12\/cappodocia-tour7-300x210.webp\" alt=\"Rondleiding door Cappadoci\u00eb\" width=\"300\" height=\"210\" title=\"\" srcset=\"https:\/\/holidayexcursion.com\/wp-content\/uploads\/2021\/12\/cappodocia-tour7-300x210.webp 300w, https:\/\/holidayexcursion.com\/wp-content\/uploads\/2021\/12\/cappodocia-tour7-768x538.webp 768w, https:\/\/holidayexcursion.com\/wp-content\/uploads\/2021\/12\/cappodocia-tour7-600x420.webp 600w, https:\/\/holidayexcursion.com\/wp-content\/uploads\/2021\/12\/cappodocia-tour7.webp 800w\" sizes=\"auto, (max-width: 300px) 100vw, 300px\" \/><\/p>\n<p style=\"text-align: center;\">3. Boven vliegen met een <a href=\"https:\/\/en.wikipedia.org\/wiki\/Hot_air_balloon\" rel=\"nofollow noopener\" target=\"_blank\">hete luchtballon<\/a> vaart:<\/p>\n<p style=\"text-align: center;\">Een van de meest bijzondere ervaringen in Cappadoci\u00eb is het naar de hemel gaan in een heteluchtballon bij zonsopgang. Terwijl uw ballon zachtjes stijgt, wordt u begroet door een adembenemend panorama van het unieke landschap van Cappadoci\u00eb: een zee van sprookjesachtige schoorstenen, oude grotwoningen en lappendekenvelden. De kleurrijke ballonnen in de lucht cre\u00ebren een surrealistisch en beeldschoon moment. Genietend van de vredige sereniteit van hoog boven, zult u begrijpen waarom de ballonvaarten in Cappadoci\u00eb wereldberoemd zijn.<\/p>\n<p style=\"text-align: center;\"><img loading=\"lazy\" decoding=\"async\" class=\"size-medium wp-image-3893 aligncenter\" src=\"https:\/\/holidayexcursion.com\/wp-content\/uploads\/2021\/12\/cappodocia-tour8-300x165.webp\" alt=\"Rondleiding door Cappadoci\u00eb\" width=\"300\" height=\"165\" title=\"\" srcset=\"https:\/\/holidayexcursion.com\/wp-content\/uploads\/2021\/12\/cappodocia-tour8-300x165.webp 300w, https:\/\/holidayexcursion.com\/wp-content\/uploads\/2021\/12\/cappodocia-tour8.webp 457w\" sizes=\"auto, (max-width: 300px) 100vw, 300px\" \/><\/p>\n<p style=\"text-align: center;\">4. Slenteren door grotwoningen en rotskerken:<\/p>\n<p style=\"text-align: center;\">Cappadoci\u00eb is beroemd om zijn grotwoningen, plaatselijk bekend als &#8216;sprookjesachtige schoorstenen&#8217;, die eeuwen geleden dienden als huizen en kloostercomplexen. Tijdens je Cappadoci\u00eb-tour heb je de mogelijkheid om deze fascinerende grotten te verkennen. Bewonder de ingewikkelde gravures, fresco&#8217;s en het unieke architectonische ontwerp dat de rijke geschiedenis en het culturele erfgoed van de regio weerspiegelt. Mis de kans niet om de verschillende rotskerken te verkennen, zoals de Donkere Kerk en de Tokali-kerk, die bogen op prachtige kunst uit het Byzantijnse tijdperk.<\/p>\n<p style=\"text-align: center;\"><img loading=\"lazy\" decoding=\"async\" class=\"size-medium wp-image-3890 aligncenter\" src=\"https:\/\/holidayexcursion.com\/wp-content\/uploads\/2021\/12\/cappodocia-tour5-300x210.webp\" alt=\"Rondleiding door Cappadoci\u00eb\" width=\"300\" height=\"210\" title=\"\" srcset=\"https:\/\/holidayexcursion.com\/wp-content\/uploads\/2021\/12\/cappodocia-tour5-300x210.webp 300w, https:\/\/holidayexcursion.com\/wp-content\/uploads\/2021\/12\/cappodocia-tour5-768x538.webp 768w, https:\/\/holidayexcursion.com\/wp-content\/uploads\/2021\/12\/cappodocia-tour5-600x420.webp 600w, https:\/\/holidayexcursion.com\/wp-content\/uploads\/2021\/12\/cappodocia-tour5.webp 800w\" sizes=\"auto, (max-width: 300px) 100vw, 300px\" \/><\/p>\n<p style=\"text-align: center;\">5. Genieten van lokale delicatessen en ervaren van Turkse gastvrijheid:<\/p>\n<p style=\"text-align: center;\">Cappadoci\u00eb is niet alleen een visueel wonder, maar ook een traktatie voor de smaakpapillen. Maak van de gelegenheid gebruik om de traditionele Turkse keuken te proeven in lokale restaurants, waar vaak gerechten als manti (Turkse dumplings), kebab en b\u00f6rek (hartig gebak) worden geserveerd. Dompel uzelf bovendien onder in de Turkse gastvrijheid met een verblijf in een van de charmante grothotels in de regio, waar warme en vriendelijke gastheren ervoor zorgen dat u zich meteen thuis voelt.<\/p>\n<p style=\"text-align: center;\"><img loading=\"lazy\" decoding=\"async\" class=\"alignnone size-medium wp-image-26381 aligncenter\" src=\"https:\/\/holidayexcursion.com\/wp-content\/uploads\/2021\/12\/kapadokya-tour-300x169.jpg\" alt=\"\" width=\"300\" height=\"169\" title=\"\" srcset=\"https:\/\/holidayexcursion.com\/wp-content\/uploads\/2021\/12\/kapadokya-tour-300x169.jpg 300w, https:\/\/holidayexcursion.com\/wp-content\/uploads\/2021\/12\/kapadokya-tour-768x432.jpg 768w, https:\/\/holidayexcursion.com\/wp-content\/uploads\/2021\/12\/kapadokya-tour-1024x576.jpg 1024w, https:\/\/holidayexcursion.com\/wp-content\/uploads\/2021\/12\/kapadokya-tour-600x338.jpg 600w, https:\/\/holidayexcursion.com\/wp-content\/uploads\/2021\/12\/kapadokya-tour.jpg 1200w\" sizes=\"auto, (max-width: 300px) 100vw, 300px\" \/><\/p>\n<p style=\"text-align: center;\">De Cappadoci\u00eb-<a href=\"https:\/\/holidayexcursion.com\/tours-in-alanya\/tours\/pamukkale-tour\/\">tour<\/a> is een andere wereldse ervaring die belooft een onuitwisbare stempel te drukken op uw reisherinneringen. Van het verkennen van de unieke sprookjesachtige schoorstenen en ondergrondse steden tot het zweven boven de pittoreske landschappen in een heteluchtballon: elk moment tijdens de Cappadoci\u00eb-tour is gevuld met verwondering en ontzag. Bereid je voor om betoverd te worden door de natuurlijke schoonheid, rijke geschiedenis en warme gastvrijheid van de regio terwijl je aan de reis van je leven begint op deze boeiende bestemming.<\/p>\n<div style=\"text-align: center;\">\n<p><strong>CAPPADOCIA 2 DAGEN TOURPROGRAMMA<\/strong> <strong>DAG 1:<\/strong><\/p>\n<div>\n<div>* Ophaal service bij de hotels en appartementen in Alanya<\/div>\n<div>* Ontbijt pauze, lunch pauze, Duiven vallei<\/div>\n<div>* Panorama pauze aan de voet van het Uchhisar-kasteel<\/div>\n<div>* Een bezoek aan het open lucht museum van G\u00f6reme, Love Valley<\/div>\n<div>* Een bezoek aan de potten bakkers- en keramiek werkplaats, de \u0130magination-vallei (Dervent).<\/div>\n<div>* Turks fruitwinkel, aankomst en accommodatie in een 4-sterrenhotel.<\/div>\n<div>* Diner in het hotel, ontspannen in het hotel of deelnemen aan de Turkse nachtshow (optionele extra)<\/div>\n<\/div>\n<div><\/div>\n<div><strong>DAG 2:<\/strong><\/div>\n<div>\n<div>* Ballonnen kijken of ballon varen (beide optionele extra&#8217;s)<\/div>\n<div>* Ontbijt in het hotel, uitchecken en vertrek uit het hotel<\/div>\n<div>* Bezoek de onyx werkplaats en bezoek het ondergrondse stads museum van Saratl\u0131<\/div>\n<div>* Pauze voor behoeften, lunch in Konya, pauze voor behoeften<\/div>\n<div>* Afleveren van hotels en appartementen in Alanya en omgeving.<\/div>\n<\/div>\n<\/div>\n<div style=\"text-align: center;\"><\/div>\n<div style=\"text-align: center;\"><strong>PRIJS IS INCLUSIEF:<\/strong><\/div>\n<div style=\"text-align: center;\">* Ophalen\/afzetten bij hotels en appartementen in Alanya en omgeving<\/div>\n<div style=\"text-align: center;\">* Professionele gids, accommodatie van \u00e9\u00e9n nacht in een vier sterren hotel (<a href=\"https:\/\/floriacappadocia.com\/\" rel=\"nofollow noopener\" target=\"_blank\">Floria Hotel Cappadocia<\/a>) or (<a href=\"https:\/\/suhankapadokya.com\/\" rel=\"nofollow noopener\" target=\"_blank\">Suhan Hotel Cappadocia<\/a> ) met halfpension (1 dinner+1 breakfast)<\/div>\n<div style=\"text-align: center;\">*Alle toegangs prijzen<\/div>\n<div style=\"text-align: center;\"><\/div>\n<div style=\"text-align: center;\"><strong>OPTIONELE EXTRA&#8217;S:<\/strong><\/div>\n<div style=\"text-align: center;\">* Lunches in de restaurants onderweg (2 keer)<\/div>\n<div style=\"text-align: center;\">* Ontbijt op de eerste dag van de tour (u kunt een ontbijt pakket aanvragen bij de receptie van uw hotel of kopen in het restaurant waar we zullen pauzeren)<\/div>\n<div style=\"text-align: center;\">* Turkse avond, derwisj show, ballonvaart en ballontocht, alle drankjes, open lucht museum van G\u00f6reme<\/div>\n<div style=\"text-align: center;\"><\/div>\n<div style=\"text-align: center;\"><strong>AANVULLENDE INFO &amp; TIPS:<\/strong><\/div>\n<div style=\"text-align: center;\">* Mevlana (Rumi) museum in Konya stad is geen tweedaags Cappadoci\u00eb tour programma.<\/div>\n<div style=\"text-align: center;\">* Een persoons kamer in het hotel &#8211; EUR 25 per nacht (als je \u00e9\u00e9n persoon bent en in een een persoons kamer wilt verblijven)<\/div>\n<div style=\"text-align: center;\">* Neem uw camera en mobiele telefoon mee.<\/div>\n<div style=\"text-align: center;\">* Het weer in Cappadoci\u00eb is koeler\/kouder dan in Alanya. Draag het kledingstuk afhankelijk van de seizoensomstandigheden<\/div>\n<div style=\"text-align: center;\"><\/div>\n<p style=\"text-align: center;\">Wij wensen u onvergetelijke herinneringen tijdens uw vakantie in Turkije.<\/p>\n<p style=\"text-align: center;\">Ps: Voor meer informatie kunt u ook contact opnemen via whats app bellen of bericht.<\/p>\n<p style=\"text-align: center;\">Holiday Excursion Team ,<\/p>\n<p><iframe loading=\"lazy\" title=\"Mevlana T\u00fcrbesi Ve M\u00fczesi - Konya\" width=\"1020\" height=\"574\" src=\"https:\/\/www.youtube.com\/embed\/b69EGLsWmfU?feature=oembed\" frameborder=\"0\" allow=\"accelerometer; autoplay; clipboard-write; encrypted-media; gyroscope; picture-in-picture; web-share\" allowfullscreen><\/iframe><\/p>\n<p><iframe loading=\"lazy\" title=\"Kapadokya Tan\u0131t\u0131m Filmi-2015 (Cappadocia)\" width=\"1020\" height=\"574\" src=\"https:\/\/www.youtube.com\/embed\/ByeNGYfoBYA?feature=oembed\" frameborder=\"0\" allow=\"accelerometer; autoplay; clipboard-write; encrypted-media; gyroscope; picture-in-picture; web-share\" allowfullscreen><\/iframe><\/p>\n<p><iframe loading=\"lazy\" title=\"KAPADOKYA HD CAPPADOCIA HD by Galip Hasan Temur\" width=\"1020\" height=\"574\" src=\"https:\/\/www.youtube.com\/embed\/7mRGItobR2U?feature=oembed\" frameborder=\"0\" allow=\"accelerometer; autoplay; clipboard-write; encrypted-media; gyroscope; picture-in-picture; web-share\" allowfullscreen><\/iframe><\/p>\n","protected":false},"excerpt":{"rendered":"<p>cappadocia tour 2 DAY Onthulling van de betoverende wonderen van Cappadoci\u00eb: een onvergetelijke tourervaring Genesteld in het hart van Turkije, is Cappadoci\u00eb een unieke en magische bestemming die reizigers van over de hele wereld fascineert. Met zijn surrealistische landschappen, oude grotwoningen en met luchtballonnen gevulde lucht belooft een rondreis door Cappadoci\u00eb een onvergetelijke ervaring. Ga<\/p>\n","protected":false},"featured_media":19648,"comment_status":"open","ping_status":"closed","template":"","meta":[],"product_brand":[],"product_cat":[221],"product_tag":[],"class_list":{"0":"post-20127","1":"product","2":"type-product","3":"status-publish","4":"has-post-thumbnail","6":"product_cat-tours-nl","8":"first","9":"instock","10":"featured","11":"virtual","12":"sold-individually","13":"purchasable","14":"product-type-booking"},"_links":{"self":[{"href":"https:\/\/holidayexcursion.com\/nl\/wp-json\/wp\/v2\/product\/20127","targetHints":{"allow":["GET"]}}],"collection":[{"href":"https:\/\/holidayexcursion.com\/nl\/wp-json\/wp\/v2\/product"}],"about":[{"href":"https:\/\/holidayexcursion.com\/nl\/wp-json\/wp\/v2\/types\/product"}],"replies":[{"embeddable":true,"href":"https:\/\/holidayexcursion.com\/nl\/wp-json\/wp\/v2\/comments?post=20127"}],"wp:featuredmedia":[{"embeddable":true,"href":"https:\/\/holidayexcursion.com\/nl\/wp-json\/wp\/v2\/media\/19648"}],"wp:attachment":[{"href":"https:\/\/holidayexcursion.com\/nl\/wp-json\/wp\/v2\/media?parent=20127"}],"wp:term":[{"taxonomy":"product_brand","embeddable":true,"href":"https:\/\/holidayexcursion.com\/nl\/wp-json\/wp\/v2\/product_brand?post=20127"},{"taxonomy":"product_cat","embeddable":true,"href":"https:\/\/holidayexcursion.com\/nl\/wp-json\/wp\/v2\/product_cat?post=20127"},{"taxonomy":"product_tag","embeddable":true,"href":"https:\/\/holidayexcursion.com\/nl\/wp-json\/wp\/v2\/product_tag?post=20127"}],"curies":[{"name":"wp","href":"https:\/\/api.w.org\/{rel}","templated":true}]}}