{"id":20828,"date":"2021-10-06T15:34:51","date_gmt":"2021-10-06T12:34:51","guid":{"rendered":"https:\/\/holidayexcursion.com\/excursions-in-alanya\/niet-gecategoriseerd\/side-aspendos-manavgat-tour\/"},"modified":"2024-03-18T19:53:53","modified_gmt":"2024-03-18T16:53:53","slug":"side-aspendos-manavgat","status":"publish","type":"product","link":"https:\/\/holidayexcursion.com\/nl\/tours-in-alanya\/tours-nl\/side-aspendos-manavgat\/","title":{"rendered":"Side Aspendos Manavgat"},"content":{"rendered":"<h1 style=\"text-align: center;\"><\/h1>\n<h1 style=\"text-align: center;\"><strong>SIDE ASPENDOS MANAVGAT<\/strong><\/h1>\n<p style=\"text-align: center;\"><strong>Oude wonderen verkennen: Side Aspendos Manavgat <\/strong><\/p>\n<p style=\"text-align: center;\">Begeef je op een boeiende reis door geschiedenis en natuur door deel te nemen aan de <a href=\"https:\/\/en.wikipedia.org\/wiki\/Side,_Turkey\" rel=\"nofollow noopener\" target=\"_blank\">Side<\/a> <a href=\"https:\/\/en.wikipedia.org\/wiki\/Aspendos\" rel=\"nofollow noopener\" target=\"_blank\">Aspendos<\/a> Manavgat-tour. Deze excursie biedt een unieke kans om de schatten van oude beschavingen te ontdekken, getuige te zijn van adembenemende landschappen en jezelf onder te dompelen in de fascinerende verhalen van de Turkse regio Antalya. In deze vakantie-excursie begeleiden wij u langs de hoogtepunten en ervaringen die u tijdens deze onvergetelijke rondreis kunt verwachten.<\/p>\n<p style=\"text-align: center;\">1. Side : een levend museum uit de oudheid:<\/p>\n<p style=\"text-align: center;\">Ga terug in de tijd terwijl u de oude stad Side verkent, gelegen op een schilderachtig schiereiland tussen de Middellandse Zee en de rivier de Side. Via de goed bewaarde ru\u00efnes van de Tempel van Apollo, een groots Romeins theater en de overblijfselen van de Agora krijg je inzicht in de levendige geschiedenis en cultuur van deze ooit bruisende havenstad. Wandel door de charmante straatjes omringd door Romeinse muren, ontdek bij elke bocht verborgen juweeltjes en wees getuige van de samensmelting van oude ru\u00efnes met het moderne leven.<\/p>\n<h1 style=\"text-align: center;\"><img loading=\"lazy\" decoding=\"async\" class=\"alignnone size-medium wp-image-28160\" src=\"https:\/\/holidayexcursion.com\/wp-content\/uploads\/2021\/10\/side-antik-tiyatro-holiday-300x216.jpg\" alt=\"\" width=\"300\" height=\"216\" title=\"\" srcset=\"https:\/\/holidayexcursion.com\/wp-content\/uploads\/2021\/10\/side-antik-tiyatro-holiday-300x216.jpg 300w, https:\/\/holidayexcursion.com\/wp-content\/uploads\/2021\/10\/side-antik-tiyatro-holiday-768x553.jpg 768w, https:\/\/holidayexcursion.com\/wp-content\/uploads\/2021\/10\/side-antik-tiyatro-holiday-600x432.jpg 600w, https:\/\/holidayexcursion.com\/wp-content\/uploads\/2021\/10\/side-antik-tiyatro-holiday.jpg 900w\" sizes=\"auto, (max-width: 300px) 100vw, 300px\" \/><\/h1>\n<p style=\"text-align: center;\">2. Aspendos: een wonder van architectuur:<\/p>\n<p style=\"text-align: center;\">In Side Aspendos Manavgat-tour Bereid je voor om onder de indruk te zijn van de grootsheid van Aspendos, de thuisbasis van een van de best bewaarde oude theaters ter wereld. Dit prachtige amfitheater, gebouwd in de 2e eeuw na Christus, toont het architectonische genie van die tijd. Bewonder de opmerkelijke akoestiek waardoor zelfs gefluister te horen is op de hoogste zitplaatsen, en stel je de boeiende optredens voor die ooit dit podium sierden. Als je binnen de muren van dit architecturale meesterwerk staat, voel je een ongelooflijke verbinding met het verleden.<\/p>\n<h1 style=\"text-align: center;\"><img loading=\"lazy\" decoding=\"async\" class=\"alignnone size-medium wp-image-28130\" src=\"https:\/\/holidayexcursion.com\/wp-content\/uploads\/2021\/10\/Aspendos-Antik-Kenti3-300x200.jpg\" alt=\"\" width=\"300\" height=\"200\" title=\"\" srcset=\"https:\/\/holidayexcursion.com\/wp-content\/uploads\/2021\/10\/Aspendos-Antik-Kenti3-300x200.jpg 300w, https:\/\/holidayexcursion.com\/wp-content\/uploads\/2021\/10\/Aspendos-Antik-Kenti3-1024x683.jpg 1024w, https:\/\/holidayexcursion.com\/wp-content\/uploads\/2021\/10\/Aspendos-Antik-Kenti3-768x512.jpg 768w, https:\/\/holidayexcursion.com\/wp-content\/uploads\/2021\/10\/Aspendos-Antik-Kenti3-1536x1024.jpg 1536w, https:\/\/holidayexcursion.com\/wp-content\/uploads\/2021\/10\/Aspendos-Antik-Kenti3-2048x1366.jpg 2048w, https:\/\/holidayexcursion.com\/wp-content\/uploads\/2021\/10\/Aspendos-Antik-Kenti3-600x400.jpg 600w\" sizes=\"auto, (max-width: 300px) 100vw, 300px\" \/><\/h1>\n<p style=\"text-align: center;\">3. Manavgat-waterval: de rust van de natuur:<\/p>\n<p style=\"text-align: center;\">Te midden van de historische wonderen kunt u ontsnappen naar de rust van de natuur bij de Manavgat-<a href=\"https:\/\/holidayexcursion.com\/tours-in-alanya\/tours\/sapadere-canyon\/\">waterval.<\/a> Omringd door weelderig groen en gelegen op slechts een paar kilometer van Side, mondt deze adembenemende waterval uit in de rivier de Manavgat, waardoor een schilderachtig landschap ontstaat. Maak een rustige wandeling langs de rivieroever, voel de mist terwijl het water in het zwembad beneden stort en maak onvergetelijke foto&#8217;s die de rust en schoonheid van dit natuurwonder belichamen.<\/p>\n<h1 style=\"text-align: center;\"><img loading=\"lazy\" decoding=\"async\" class=\"alignnone size-medium wp-image-28148\" src=\"https:\/\/holidayexcursion.com\/wp-content\/uploads\/2021\/10\/manavgat_selalesi_doga-300x216.jpg\" alt=\"\" width=\"300\" height=\"216\" title=\"\" srcset=\"https:\/\/holidayexcursion.com\/wp-content\/uploads\/2021\/10\/manavgat_selalesi_doga-300x216.jpg 300w, https:\/\/holidayexcursion.com\/wp-content\/uploads\/2021\/10\/manavgat_selalesi_doga-768x553.jpg 768w, https:\/\/holidayexcursion.com\/wp-content\/uploads\/2021\/10\/manavgat_selalesi_doga-600x432.jpg 600w, https:\/\/holidayexcursion.com\/wp-content\/uploads\/2021\/10\/manavgat_selalesi_doga.jpg 900w\" sizes=\"auto, (max-width: 300px) 100vw, 300px\" \/><\/h1>\n<p style=\"text-align: center;\">4. Culturele ervaringen en geneugten:<\/p>\n<p style=\"text-align: center;\">Side Aspendos Manavgat-reis naar de historische en natuurlijke wonderen, de Side Aspendos Manavgat-tour biedt volop mogelijkheden om uzelf onder te dompelen in de lokale cultuur. Geniet van de authentieke Turkse keuken in lokale restaurants, waar u kunt genieten van regionale delicatessen en traditionele smaken. Verken de levendige lokale bazaars, gevuld met kleurrijk textiel, kruiden en handwerk, waar u in contact kunt komen met lokale verkopers en unieke souvenirs kunt vinden die u aan uw reis herinneren.<\/p>\n<h1 style=\"text-align: center;\"><img loading=\"lazy\" decoding=\"async\" class=\"alignnone size-medium wp-image-28136\" src=\"https:\/\/holidayexcursion.com\/wp-content\/uploads\/2021\/10\/manavgat-boat-holiday-excursion-300x200.jpg\" alt=\"\" width=\"300\" height=\"200\" title=\"\" srcset=\"https:\/\/holidayexcursion.com\/wp-content\/uploads\/2021\/10\/manavgat-boat-holiday-excursion-300x200.jpg 300w, https:\/\/holidayexcursion.com\/wp-content\/uploads\/2021\/10\/manavgat-boat-holiday-excursion-600x400.jpg 600w, https:\/\/holidayexcursion.com\/wp-content\/uploads\/2021\/10\/manavgat-boat-holiday-excursion.jpg 720w\" sizes=\"auto, (max-width: 300px) 100vw, 300px\" \/><\/h1>\n<p style=\"text-align: center;\">5. Professionele rondleiding:<\/p>\n<p style=\"text-align: center;\">Om een \u200b\u200bnaadloze en verrijkende ervaring te garanderen, wordt de Side Aspendos Manavgat-tour begeleid door deskundige en vriendelijke gidsen. De deskundige gidsen nemen je mee door de geschiedenis, mythologie en betekenis van elke site en bieden een diepere waardering voor de wonderen die je tegenkomt. Ze geven ook insidertips en aanbevelingen, zodat u het meeste uit uw tijd in deze fascinerende regio van Turkije kunt halen.<\/p>\n<h1 style=\"text-align: center;\"><img loading=\"lazy\" decoding=\"async\" class=\"alignnone size-medium wp-image-28154\" src=\"https:\/\/holidayexcursion.com\/wp-content\/uploads\/2021\/10\/side-antik-kent-holiday-excursion-300x200.jpg\" alt=\"\" width=\"300\" height=\"200\" title=\"\" srcset=\"https:\/\/holidayexcursion.com\/wp-content\/uploads\/2021\/10\/side-antik-kent-holiday-excursion-300x200.jpg 300w, https:\/\/holidayexcursion.com\/wp-content\/uploads\/2021\/10\/side-antik-kent-holiday-excursion-1024x682.jpg 1024w, https:\/\/holidayexcursion.com\/wp-content\/uploads\/2021\/10\/side-antik-kent-holiday-excursion-768x511.jpg 768w, https:\/\/holidayexcursion.com\/wp-content\/uploads\/2021\/10\/side-antik-kent-holiday-excursion-1536x1022.jpg 1536w, https:\/\/holidayexcursion.com\/wp-content\/uploads\/2021\/10\/side-antik-kent-holiday-excursion-600x399.jpg 600w, https:\/\/holidayexcursion.com\/wp-content\/uploads\/2021\/10\/side-antik-kent-holiday-excursion.jpg 1600w\" sizes=\"auto, (max-width: 300px) 100vw, 300px\" \/><\/h1>\n<p style=\"text-align: center;\">De Side Aspendos Manavgat-tour combineert de allure van oude beschavingen, prachtige natuurlijke landschappen en culturele onderdompeling in \u00e9\u00e9n onvergetelijke ervaring. Van de indrukwekkende ru\u00efnes van Side tot het architecturale wonder van Aspendos en de rust van de Manavgat-waterval, deze tour biedt een goed afgeronde verkenning van de historische en natuurlijke schatten van Turkije. Dus trek je wandelschoenen aan, breng je gevoel van verwondering mee en bereid je voor op een reis die je terug in de tijd zal brengen en je herinneringen zal achterlaten om een \u200b\u200bleven lang te koesteren.<\/p>\n<h1 style=\"text-align: center;\"><img loading=\"lazy\" decoding=\"async\" class=\"alignnone size-medium wp-image-28142\" src=\"https:\/\/holidayexcursion.com\/wp-content\/uploads\/2021\/10\/manavgat-river-boat-tour-300x169.jpg\" alt=\"\" width=\"300\" height=\"169\" title=\"\" srcset=\"https:\/\/holidayexcursion.com\/wp-content\/uploads\/2021\/10\/manavgat-river-boat-tour-300x169.jpg 300w, https:\/\/holidayexcursion.com\/wp-content\/uploads\/2021\/10\/manavgat-river-boat-tour-1024x576.jpg 1024w, https:\/\/holidayexcursion.com\/wp-content\/uploads\/2021\/10\/manavgat-river-boat-tour-768x432.jpg 768w, https:\/\/holidayexcursion.com\/wp-content\/uploads\/2021\/10\/manavgat-river-boat-tour-600x338.jpg 600w, https:\/\/holidayexcursion.com\/wp-content\/uploads\/2021\/10\/manavgat-river-boat-tour.jpg 1200w\" sizes=\"auto, (max-width: 300px) 100vw, 300px\" \/><\/h1>\n<div style=\"text-align: center;\"><strong>ZIJ ASPENDOS MANAVGAT WATERVAL TOUR PROGRAMMA<\/strong><\/div>\n<div style=\"text-align: center;\">* Ophaal service bij hotels en appartementen in Alanya<\/div>\n<div style=\"text-align: center;\">* Bezoek Side en zijn antieke stad, bezoek het amfitheater van Aspendos<\/div>\n<div style=\"text-align: center;\">* Lunchtijd, bezoek de Manavgat-waterval<\/div>\n<div style=\"text-align: center;\">* Afleveren bij uw hotels en appartementen in Alanya<\/div>\n<div style=\"text-align: center;\"><\/div>\n<div style=\"text-align: center;\"><strong>S\u0130DE ASPENDOS MANAVGAT TOUR PRIJS IS INCLUSIEF:<\/strong><\/div>\n<div style=\"text-align: center;\">* Ophalen en afzetten bij de hotels en appartementen in Alanya<\/div>\n<div style=\"text-align: center;\">* Gids Lunch (open buffet)<\/div>\n<div style=\"text-align: center;\">* Toegangs prijzen (Amfitheater Aspendos: 5 \u20ac, Manavgat-waterval: 2 \u20ac)<\/div>\n<div style=\"text-align: center;\"><\/div>\n<div style=\"text-align: center;\"><strong>OPTIONELE EXTRA&#8217;S:<\/strong><\/div>\n<div style=\"text-align: center;\">* Drankjes, Persoonlijke uitgaven<\/div>\n<div style=\"text-align: center;\"><\/div>\n<div style=\"text-align: center;\"><strong>AANVULLENDE INFO &amp; TIPS VOOR S\u0130DE ASPENDOS MANAVGAT TOUR:<\/strong><\/div>\n<div style=\"text-align: center;\">* Het is toegestaan \u200b\u200bom foto&#8217;s te maken op de historische plaatsen. U kunt uw camera en mobiele telefoon meenemen<\/div>\n<div style=\"text-align: center;\">* Draag comfortabele schoenen in wandelgebieden.<\/div>\n<div style=\"text-align: center;\">* We nemen je mee naar de Manavgat-waterval.<\/div>\n<p style=\"text-align: center;\">Wij wensen u onvergetelijke herinneringen tijdens uw vakantie in Turkije.<\/p>\n<p style=\"text-align: center;\">Ps: Voor meer informatie kunt u ook contact opnemen via whats app bellen of bericht.<\/p>\n<p style=\"text-align: center;\">Holiday Excursion Team ,<\/p>\n<p><iframe loading=\"lazy\" title=\"Side, Antalya, Turkey - April 2010\" width=\"1020\" height=\"574\" src=\"https:\/\/www.youtube.com\/embed\/CFtRytRFXLU?feature=oembed\" frameborder=\"0\" allow=\"accelerometer; autoplay; clipboard-write; encrypted-media; gyroscope; picture-in-picture; web-share\" allowfullscreen><\/iframe><\/p>\n<p><iframe loading=\"lazy\" title=\"15 Temmuz 2012 Manavgat \u015felalesi gezisi.MP4\" width=\"1020\" height=\"574\" src=\"https:\/\/www.youtube.com\/embed\/OcYEE2v-wQY?feature=oembed\" frameborder=\"0\" allow=\"accelerometer; autoplay; clipboard-write; encrypted-media; gyroscope; picture-in-picture; web-share\" allowfullscreen><\/iframe><\/p>\n<p><iframe loading=\"lazy\" title=\"Aspendos Tiyatrosu - Antalya\" width=\"1020\" height=\"574\" src=\"https:\/\/www.youtube.com\/embed\/ON5g6ZlBUvk?feature=oembed\" frameborder=\"0\" allow=\"accelerometer; autoplay; clipboard-write; encrypted-media; gyroscope; picture-in-picture; web-share\" allowfullscreen><\/iframe><\/p>\n<p><iframe loading=\"lazy\" title=\"Side-Manavgat-Antalya\" width=\"1020\" height=\"765\" src=\"https:\/\/www.youtube.com\/embed\/ukvzFjpdKZw?feature=oembed\" frameborder=\"0\" allow=\"accelerometer; autoplay; clipboard-write; encrypted-media; gyroscope; picture-in-picture; web-share\" allowfullscreen><\/iframe><\/p>\n","protected":false},"excerpt":{"rendered":"<p>SIDE ASPENDOS MANAVGAT Oude wonderen verkennen: Side Aspendos Manavgat Begeef je op een boeiende reis door geschiedenis en natuur door deel te nemen aan de Side Aspendos Manavgat-tour. Deze excursie biedt een unieke kans om de schatten van oude beschavingen te ontdekken, getuige te zijn van adembenemende landschappen en jezelf onder te dompelen in de<\/p>\n","protected":false},"featured_media":19683,"comment_status":"open","ping_status":"closed","template":"","meta":[],"product_brand":[],"product_cat":[221],"product_tag":[],"class_list":{"0":"post-20828","1":"product","2":"type-product","3":"status-publish","4":"has-post-thumbnail","6":"product_cat-tours-nl","8":"first","9":"instock","10":"featured","11":"virtual","12":"sold-individually","13":"purchasable","14":"product-type-booking"},"_links":{"self":[{"href":"https:\/\/holidayexcursion.com\/nl\/wp-json\/wp\/v2\/product\/20828","targetHints":{"allow":["GET"]}}],"collection":[{"href":"https:\/\/holidayexcursion.com\/nl\/wp-json\/wp\/v2\/product"}],"about":[{"href":"https:\/\/holidayexcursion.com\/nl\/wp-json\/wp\/v2\/types\/product"}],"replies":[{"embeddable":true,"href":"https:\/\/holidayexcursion.com\/nl\/wp-json\/wp\/v2\/comments?post=20828"}],"wp:featuredmedia":[{"embeddable":true,"href":"https:\/\/holidayexcursion.com\/nl\/wp-json\/wp\/v2\/media\/19683"}],"wp:attachment":[{"href":"https:\/\/holidayexcursion.com\/nl\/wp-json\/wp\/v2\/media?parent=20828"}],"wp:term":[{"taxonomy":"product_brand","embeddable":true,"href":"https:\/\/holidayexcursion.com\/nl\/wp-json\/wp\/v2\/product_brand?post=20828"},{"taxonomy":"product_cat","embeddable":true,"href":"https:\/\/holidayexcursion.com\/nl\/wp-json\/wp\/v2\/product_cat?post=20828"},{"taxonomy":"product_tag","embeddable":true,"href":"https:\/\/holidayexcursion.com\/nl\/wp-json\/wp\/v2\/product_tag?post=20828"}],"curies":[{"name":"wp","href":"https:\/\/api.w.org\/{rel}","templated":true}]}}