{"id":21772,"date":"2023-11-11T20:43:38","date_gmt":"2023-11-11T17:43:41","guid":{"rendered":"https:\/\/holidayexcursion.com\/?post_type=product&#038;p=21772"},"modified":"2023-11-28T02:18:43","modified_gmt":"2023-11-27T23:18:43","slug":"natuurlijk-zwembad","status":"publish","type":"product","link":"https:\/\/holidayexcursion.com\/nl\/tours-in-alanya\/tours-nl\/natuurlijk-zwembad\/","title":{"rendered":"GAZ\u0130PA\u015eA NATUURLIJK ZWEMBAD"},"content":{"rendered":"<h2 style=\"text-align: center;\"><strong>GAZ\u0130PA\u015eA NATUURLIJK ZWEMBAD<\/strong><\/h2>\n<p style=\"text-align: center;\">Wist u van een plaats genaamd het natuurlijke zwembad van <a href=\"https:\/\/holidayexcursion.com\/tours-in-alanya\/tours\/gazipasa-king-bay\/\">Gazipa\u015fa<\/a>? Gazipa\u015fa is niet veel bekend, behalve dat het een stad is die vernoemd is naar Gazi Mustafa Kemal Pasha en dat bananen in het wild worden geproduceerd. De stad, het meest oostelijke district van <a href=\"https:\/\/tr.wikipedia.org\/wiki\/Antalya\" rel=\"nofollow noopener\" target=\"_blank\">Antalya,<\/a> wacht erop ontdekt te worden door degenen die van verschillende routes houden en nieuwe plekken willen zien met zijn interessante natuurlijke formaties, oude steden aan zee.<\/p>\n<p style=\"text-align: center;\">De natuurlijke zwembaden van Gazipa\u015fa zijn een verborgen juweeltje genesteld in de fascinerende landschappen van de regio Antalya. Deze afgelegen zwembaden, verscholen te midden van weelderig groen en ruig terrein, bieden een serene ontsnapping voor reizigers die zich willen onderdompelen in de rust en schoonheid van de natuur. Omringd door groene bossen en schilderachtige vergezichten, bieden de natuurlijke zwembaden van Gazipa\u015fa een unieke kans om de verjongende krachten van ongerepte wateren te ervaren in een ongerepte omgeving die een wereld weg van het gewone voelt.<\/p>\n<p style=\"text-align: center;\"><img loading=\"lazy\" decoding=\"async\" class=\"alignnone size-medium wp-image-21942\" src=\"https:\/\/holidayexcursion.com\/wp-content\/uploads\/2023\/11\/gazipasa-naturel-pool-1-300x216.jpg\" alt=\"\" width=\"300\" height=\"216\" title=\"\" srcset=\"https:\/\/holidayexcursion.com\/wp-content\/uploads\/2023\/11\/gazipasa-naturel-pool-1-300x216.jpg 300w, https:\/\/holidayexcursion.com\/wp-content\/uploads\/2023\/11\/gazipasa-naturel-pool-1-768x553.jpg 768w, https:\/\/holidayexcursion.com\/wp-content\/uploads\/2023\/11\/gazipasa-naturel-pool-1-600x432.jpg 600w, https:\/\/holidayexcursion.com\/wp-content\/uploads\/2023\/11\/gazipasa-naturel-pool-1.jpg 900w\" sizes=\"auto, (max-width: 300px) 100vw, 300px\" \/><\/p>\n<p style=\"text-align: center;\"><span class=\"JLqJ4b ChMk0b\" data-language-for-alternatives=\"en\" data-language-to-translate-into=\"tr\" data-phrase-index=\"3\">Er is zee, zand en zon in Gazipa\u015fa, maar er zijn ook natuurlijke zwembaden van Gazipa\u015fa waar er nergens is.<\/span> Gazipa\u015fa <span class=\"JLqJ4b ChMk0b\" data-language-for-alternatives=\"en\" data-language-to-translate-into=\"tr\" data-phrase-index=\"4\">Natuurlijke poelen bestaande uit rotsen in de zee, ten oosten van Koru Beach in het oosten van Gazipa\u015fa.<\/span> <span class=\"JLqJ4b ChMk0b\" data-language-for-alternatives=\"en\" data-language-to-translate-into=\"tr\" data-phrase-index=\"5\">Het is een natuurwonder.<\/span> <span class=\"JLqJ4b ChMk0b\" data-language-for-alternatives=\"en\" data-language-to-translate-into=\"tr\" data-phrase-index=\"6\">Degenen die niet van drukte houden, die een zwembad willen hebben maar wel zeewater hebben, is dit de keuze.<\/span> <span class=\"JLqJ4b ChMk0b\" data-language-for-alternatives=\"en\" data-language-to-translate-into=\"tr\" data-phrase-index=\"7\">De natuurlijke zwembaden liggen op 6 km van Gazipa\u015fa en op 50 km van <a href=\"https:\/\/tr.wikipedia.org\/wiki\/Alanya\" rel=\"nofollow noopener\" target=\"_blank\">Alanya<\/a>.<\/span> <span class=\"JLqJ4b ChMk0b\" data-language-for-alternatives=\"en\" data-language-to-translate-into=\"tr\" data-phrase-index=\"8\">is weg<\/span><\/p>\n<p style=\"text-align: center;\">De Gazipa\u015fa Natural worden geroemd om hun kristalheldere water, dat wordt gevoed door natuurlijke bronnen en watervallen die door het schilderachtige terrein van de regio slingeren. De smaragdgroene tinten en uitnodigende helderheid van de zwembaden maken ze tot een verfrissende oase voor bezoekers die op zoek zijn naar ontspanning van de warmte van de mediterrane zon.<\/p>\n<p style=\"text-align: center;\"><img loading=\"lazy\" decoding=\"async\" class=\"alignnone size-medium wp-image-21960\" src=\"https:\/\/holidayexcursion.com\/wp-content\/uploads\/2023\/11\/gazipasa-naturel-pool-4-300x216.jpg\" alt=\"\" width=\"300\" height=\"216\" title=\"\" srcset=\"https:\/\/holidayexcursion.com\/wp-content\/uploads\/2023\/11\/gazipasa-naturel-pool-4-300x216.jpg 300w, https:\/\/holidayexcursion.com\/wp-content\/uploads\/2023\/11\/gazipasa-naturel-pool-4-768x553.jpg 768w, https:\/\/holidayexcursion.com\/wp-content\/uploads\/2023\/11\/gazipasa-naturel-pool-4-600x432.jpg 600w, https:\/\/holidayexcursion.com\/wp-content\/uploads\/2023\/11\/gazipasa-naturel-pool-4.jpg 900w\" sizes=\"auto, (max-width: 300px) 100vw, 300px\" \/><\/p>\n<p style=\"text-align: center;\">Onderdompeling in de rustige wateren van de natuurlijke poelen van <a href=\"https:\/\/holidayexcursion.com\/tours-in-alanya\/tours\/gazipasa-king-bay\/\">Gazipa\u015fa<\/a> biedt een zintuiglijke ervaring die de ziel kalmeert en de geest stimuleert. Terwijl bezoekers het koele, ongerepte water in waden, worden ze omhuld door de zachte omhelzing van de natuur en vinden ze troost in de natuurlijke rust die de omgeving doordringt.<\/p>\n<p style=\"text-align: center;\">Naast hun verkoelende eigenschappen bieden de natuurlijke poelen van Gazipa\u015fa ook een canvas voor ontspanning en contemplatie. Versierd met met mos bedekte rotsen en groen gebladerte, cre\u00ebert de landschappelijke schoonheid van de zwembaden een rustige sfeer die bezoekers uitnodigt om te ontspannen, na te denken en te genieten van de stilte van de natuurlijke wereld.<\/p>\n<p style=\"text-align: center;\"><img loading=\"lazy\" decoding=\"async\" class=\"alignnone size-full wp-image-21948\" src=\"https:\/\/holidayexcursion.com\/wp-content\/uploads\/2023\/11\/gazipasa-naturel-pool-2.jpg\" alt=\"\" width=\"265\" height=\"190\" title=\"\"><\/p>\n<p style=\"text-align: center;\">De aantrekkingskracht van de natuurlijke poelen van Gazipa\u015fa reikt verder dan hun kalmerende wateren, aangezien de omliggende landschappen uitnodigen tot verkenning en ontdekking. Wandelpaden slingeren door het gebied, waardoor bezoekers door dichte bossen, rustige weiden en betoverende landschappen kunnen dwalen die het decor vormen voor onvergetelijke buitenavonturen.<\/p>\n<p style=\"text-align: center;\">Bovendien zijn de natuurlijke zwembaden van Gazipa\u015fa emblematisch voor de toewijding van de regio aan het behoud van het ongerepte natuurlijke erfgoed. De ongerepte landschappen rondom de poelen dienen als een bewijs van Gazipa\u015fa&#8217;s toewijding aan milieubehoud en bieden bezoekers de mogelijkheid om verbinding te maken met de natuur in haar puurste vorm.<\/p>\n<p style=\"text-align: center;\"><img loading=\"lazy\" decoding=\"async\" class=\"alignnone size-medium wp-image-21966\" src=\"https:\/\/holidayexcursion.com\/wp-content\/uploads\/2023\/11\/gazipasa-naturel-pool-5-300x200.jpg\" alt=\"\" width=\"300\" height=\"200\" title=\"\" srcset=\"https:\/\/holidayexcursion.com\/wp-content\/uploads\/2023\/11\/gazipasa-naturel-pool-5-300x200.jpg 300w, https:\/\/holidayexcursion.com\/wp-content\/uploads\/2023\/11\/gazipasa-naturel-pool-5-768x512.jpg 768w, https:\/\/holidayexcursion.com\/wp-content\/uploads\/2023\/11\/gazipasa-naturel-pool-5-600x400.jpg 600w, https:\/\/holidayexcursion.com\/wp-content\/uploads\/2023\/11\/gazipasa-naturel-pool-5.jpg 912w\" sizes=\"auto, (max-width: 300px) 100vw, 300px\" \/><\/p>\n<p style=\"text-align: center;\">Toegang tot het natuurlijke zwembad van Gazipa\u015fa is een reis die zich afspeelt te midden van de ruige schoonheid van de regio Antalya. Terwijl reizigers zich door schilderachtige routes en kronkelende paden begeven, worden ze beloond met de ontdekking van deze verborgen enclaves, waar de kunst van de natuur in zijn meest onvervalste vorm te zien is.<\/p>\n<p style=\"text-align: center;\">Het natuurlijke zwembad van Gazipa\u015fa is een bewijs van de ongetemde schoonheid van de regio en nodigt reizigers uit om op een diepgaande en verjongende manier contact te maken met de natuur. Van de rustige omhelzing van het heldere water tot de schilderachtige omgeving die tot contemplatie en verkenning inspireert, de natuurlijke poelen van Gazipa\u015fa bieden een meeslepende ervaring die de herstellende kracht van de natuurlijke wereld viert. Voor degenen die willen ontsnappen aan het gewone en een reis vol rust en ontdekking willen ondernemen, vormen de natuurlijke poelen van Gazipa\u015fa een aantrekkelijke bestemming waar de wonderen van de natuur wachten.<\/p>\n<p style=\"text-align: center;\"><img loading=\"lazy\" decoding=\"async\" class=\"alignnone size-medium wp-image-21954\" src=\"https:\/\/holidayexcursion.com\/wp-content\/uploads\/2023\/11\/gazipasa-naturel-pool-3-300x165.jpg\" alt=\"\" width=\"300\" height=\"165\" title=\"\" srcset=\"https:\/\/holidayexcursion.com\/wp-content\/uploads\/2023\/11\/gazipasa-naturel-pool-3-300x165.jpg 300w, https:\/\/holidayexcursion.com\/wp-content\/uploads\/2023\/11\/gazipasa-naturel-pool-3-600x330.jpg 600w, https:\/\/holidayexcursion.com\/wp-content\/uploads\/2023\/11\/gazipasa-naturel-pool-3.jpg 690w\" sizes=\"auto, (max-width: 300px) 100vw, 300px\" \/><\/p>\n<p style=\"text-align: center;\">Wij wensen u onvergetelijke herinneringen tijdens uw vakantie in Turkije.<\/p>\n<p style=\"text-align: center;\">Ps: Voor meer informatie kunt u ook contact opnemen via whats app bellen of bericht.<\/p>\n<p style=\"text-align: center;\"><a href=\"https:\/\/www.facebook.com\/Alanyaholidayexcursion\" rel=\"nofollow noopener\" target=\"_blank\">Holiday Excursion Team ,<\/a><\/p>\n<p><iframe loading=\"lazy\" title=\"Gazipa\u015fa Koru Plaj\u0131 ( Do\u011fal Havuzlar) Drone G\u00f6r\u00fcnt\u00fcleri 2021\" width=\"1020\" height=\"574\" src=\"https:\/\/www.youtube.com\/embed\/O9GlOSZfdeM?feature=oembed\" frameborder=\"0\" allow=\"accelerometer; autoplay; clipboard-write; encrypted-media; gyroscope; picture-in-picture; web-share\" allowfullscreen><\/iframe><\/p>\n<p><iframe loading=\"lazy\" title=\"Antalya Gazipa\u015fa Do\u011fal Havuz Koru Plaj\u0131\" width=\"1020\" height=\"574\" src=\"https:\/\/www.youtube.com\/embed\/N6VXV9zfGn8?feature=oembed\" frameborder=\"0\" allow=\"accelerometer; autoplay; clipboard-write; encrypted-media; gyroscope; picture-in-picture; web-share\" allowfullscreen><\/iframe><\/p>\n","protected":false},"excerpt":{"rendered":"<p>GAZ\u0130PA\u015eA NATUURLIJK ZWEMBAD Wist u van een plaats genaamd het natuurlijke zwembad van Gazipa\u015fa? Gazipa\u015fa is niet veel bekend, behalve dat het een stad is die vernoemd is naar Gazi Mustafa Kemal Pasha en dat bananen in het wild worden geproduceerd. De stad, het meest oostelijke district van Antalya, wacht erop ontdekt te worden door<\/p>\n","protected":false},"featured_media":21949,"comment_status":"open","ping_status":"closed","template":"","meta":[],"product_brand":[],"product_cat":[221],"product_tag":[],"class_list":{"0":"post-21772","1":"product","2":"type-product","3":"status-publish","4":"has-post-thumbnail","6":"product_cat-tours-nl","8":"first","9":"instock","10":"featured","11":"virtual","12":"sold-individually","13":"purchasable","14":"product-type-booking"},"_links":{"self":[{"href":"https:\/\/holidayexcursion.com\/nl\/wp-json\/wp\/v2\/product\/21772","targetHints":{"allow":["GET"]}}],"collection":[{"href":"https:\/\/holidayexcursion.com\/nl\/wp-json\/wp\/v2\/product"}],"about":[{"href":"https:\/\/holidayexcursion.com\/nl\/wp-json\/wp\/v2\/types\/product"}],"replies":[{"embeddable":true,"href":"https:\/\/holidayexcursion.com\/nl\/wp-json\/wp\/v2\/comments?post=21772"}],"wp:featuredmedia":[{"embeddable":true,"href":"https:\/\/holidayexcursion.com\/nl\/wp-json\/wp\/v2\/media\/21949"}],"wp:attachment":[{"href":"https:\/\/holidayexcursion.com\/nl\/wp-json\/wp\/v2\/media?parent=21772"}],"wp:term":[{"taxonomy":"product_brand","embeddable":true,"href":"https:\/\/holidayexcursion.com\/nl\/wp-json\/wp\/v2\/product_brand?post=21772"},{"taxonomy":"product_cat","embeddable":true,"href":"https:\/\/holidayexcursion.com\/nl\/wp-json\/wp\/v2\/product_cat?post=21772"},{"taxonomy":"product_tag","embeddable":true,"href":"https:\/\/holidayexcursion.com\/nl\/wp-json\/wp\/v2\/product_tag?post=21772"}],"curies":[{"name":"wp","href":"https:\/\/api.w.org\/{rel}","templated":true}]}}