{"id":30026,"date":"2023-12-08T12:39:49","date_gmt":"2023-12-08T09:39:51","guid":{"rendered":"https:\/\/holidayexcursion.com\/?post_type=product&#038;p=30026"},"modified":"2023-12-08T23:26:56","modified_gmt":"2023-12-08T20:26:56","slug":"tazi-canion","status":"publish","type":"product","link":"https:\/\/holidayexcursion.com\/nl\/tours-in-alanya\/tours-nl\/tazi-canion\/","title":{"rendered":"TAZI CANION RAFTEN"},"content":{"rendered":"<h2 style=\"font-weight: 400; text-align: center;\">TAZI CANION RAFTEN<\/h2>\n<p style=\"text-align: center;\">Taz\u0131 Canion: een spannend rafting avontuur in Turkije.<\/p>\n<p style=\"text-align: center;\">Taz\u0131 Canion, ook wel bekend als de &#8220;Vallei van de Wolven&#8221;, is een spectaculair natuur wonder gelegen in de provincie <a href=\"https:\/\/en.wikipedia.org\/wiki\/Antalya\" rel=\"nofollow noopener\" target=\"_blank\">Antalya<\/a> in het zuiden van Turkije. Deze adembenemende Taz\u0131 canion biedt adrenaline pompende rafter varingen te midden van adembenemende natuurlijke schoonheid, waardoor het een topbestemming is voor zowel avonturiers als natuur lief hebbers.<\/p>\n<p style=\"text-align: center;\">De naam van de canion, Taz\u0131 Kanyonu, is afgeleid van het Turkse woord &#8216;Taz\u0131&#8217;, wat &#8216;jachthond&#8217; of &#8216;hond&#8217; betekent. De naam zou afkomstig zijn van de legende van een onverschrokken hond die ooit over de kloof sprong en zijn stempel op de kliffen achterliet. Tegenwoordig staat de Taz\u0131 canion bekend om zijn ruige terrein, torenhoge kliffen en het stromende water van de K\u00f6pr\u00fc\u00e7ay rivier, die door het hart van de canion stroomt.<\/p>\n<p style=\"text-align: center;\"><img loading=\"lazy\" decoding=\"async\" class=\"alignnone size-medium wp-image-30029\" src=\"https:\/\/holidayexcursion.com\/wp-content\/uploads\/2023\/12\/Tazi-kanyonu-rafting-alanya-300x225.jpeg\" alt=\"\" width=\"300\" height=\"225\" title=\"\" srcset=\"https:\/\/holidayexcursion.com\/wp-content\/uploads\/2023\/12\/Tazi-kanyonu-rafting-alanya-300x225.jpeg 300w, https:\/\/holidayexcursion.com\/wp-content\/uploads\/2023\/12\/Tazi-kanyonu-rafting-alanya-600x449.jpeg 600w, https:\/\/holidayexcursion.com\/wp-content\/uploads\/2023\/12\/Tazi-kanyonu-rafting-alanya.jpeg 720w\" sizes=\"auto, (max-width: 300px) 100vw, 300px\" \/><\/p>\n<p style=\"text-align: center;\"><a href=\"https:\/\/holidayexcursion.com\/tours-in-alanya\/tours\/rafting-tour\/\">Raften<\/a> in de Taz\u0131 canion is een opwindende ervaring waarmee bezoekers zich kunnen onderdompelen in de ongetemde schoonheid van het Turkse platte land terwijl ze door de spannende stroom versnellingen van de K\u00f6pr\u00fc\u00e7ay rivier navigeren. De stroom versnellingen van de rivier bieden een perfecte mix van opwinding en natuurlijke pracht, waar door het een bestemming is die je zeker moet bezoeken voor liefhebbers van avontuur.<\/p>\n<p style=\"text-align: center;\">Avonturiers kunnen deelnemen aan begeleide raft tochten die hen door het hart van de Taz\u0131 canion voeren, waar ze getuige kunnen zijn van de dramatische geologische formaties en weelderige vegetatie van de Taz\u0131 canion. De rond leidingen worden geleid door ervaren gidsen die veiligheidsinstructies geven en zorgen voor een onvergetelijke reis door het bruisende water van de rivier de K\u00f6pr\u00fc\u00e7ay.<\/p>\n<p style=\"text-align: center;\"><img loading=\"lazy\" decoding=\"async\" class=\"alignnone size-medium wp-image-30035\" src=\"https:\/\/holidayexcursion.com\/wp-content\/uploads\/2023\/12\/Tazi-kanyonu-rafting-alanya-300x169.jpg\" alt=\"\" width=\"300\" height=\"169\" title=\"\" srcset=\"https:\/\/holidayexcursion.com\/wp-content\/uploads\/2023\/12\/Tazi-kanyonu-rafting-alanya-300x169.jpg 300w, https:\/\/holidayexcursion.com\/wp-content\/uploads\/2023\/12\/Tazi-kanyonu-rafting-alanya-1024x576.jpg 1024w, https:\/\/holidayexcursion.com\/wp-content\/uploads\/2023\/12\/Tazi-kanyonu-rafting-alanya-768x432.jpg 768w, https:\/\/holidayexcursion.com\/wp-content\/uploads\/2023\/12\/Tazi-kanyonu-rafting-alanya-600x338.jpg 600w, https:\/\/holidayexcursion.com\/wp-content\/uploads\/2023\/12\/Tazi-kanyonu-rafting-alanya.jpg 1280w\" sizes=\"auto, (max-width: 300px) 100vw, 300px\" \/><\/p>\n<p style=\"text-align: center;\">Terwijl spanten door de Taz\u0131 canion peddelen, worden ze getrakteerd op adembenemende uitzichten op steile kliffen, groene bossen en watervallen. Het steeds veranderende landschap en de adrenaline kick van het overwinnen van uitdagende stroom versnellingen maken de Taz\u0131 canion tot een eersteklas bestemming voor wild water raften in Turkije.<\/p>\n<p style=\"text-align: center;\">De raft tochten in de Taz\u0131 canion zijn geschikt voor zowel beginners als ervaren rafters, met opties voor verschillende moeilijk heidsgraden, afhankelijk van de vaardigheden en voorkeur van de deelnemers. Of je nu door zachte stukken van de rivier vaart of de intensere stroom versnellingen beklimt, er is voor ieder wat wils die op zoek is naar een onvergetelijk avontuur op de wateren van de Taz\u0131 canion.<\/p>\n<p style=\"text-align: center;\"><img loading=\"lazy\" decoding=\"async\" class=\"alignnone size-medium wp-image-30047\" src=\"https:\/\/holidayexcursion.com\/wp-content\/uploads\/2023\/12\/tazi_kanyonu_tepe-300x216.jpg\" alt=\"\" width=\"300\" height=\"216\" title=\"\" srcset=\"https:\/\/holidayexcursion.com\/wp-content\/uploads\/2023\/12\/tazi_kanyonu_tepe-300x216.jpg 300w, https:\/\/holidayexcursion.com\/wp-content\/uploads\/2023\/12\/tazi_kanyonu_tepe-768x553.jpg 768w, https:\/\/holidayexcursion.com\/wp-content\/uploads\/2023\/12\/tazi_kanyonu_tepe-600x432.jpg 600w, https:\/\/holidayexcursion.com\/wp-content\/uploads\/2023\/12\/tazi_kanyonu_tepe.jpg 900w\" sizes=\"auto, (max-width: 300px) 100vw, 300px\" \/><\/p>\n<p style=\"text-align: center;\"> Taz\u0131 Canion biedt een scala aan andere buiten activiteiten waar bezoekers van kunnen genieten. Wandel lief hebbers kunnen de omliggende paden verkennen en verborgen juweeltjes ontdekken, zoals afgelegen watervallen en panoramische uitkijk punten die onge\u00ebvenaarde vergezichten over de Taz\u0131 canion bieden. De gevarieerde flora en fauna van de regio voegen een extra laag van verwondering toe aan de buiten ervaring, waardoor natuur liefhebbers kunnen genieten van de schoonheid van de Turkse wildernis.<\/p>\n<p style=\"text-align: center;\">Voor degenen die op zoek zijn naar een meer meeslepend avontuur, zijn er kampeer faciliteiten beschikbaar in de buurt van de Taz\u0131 canion, die de mogelijk heid bieden om de nacht door te brengen onder de sterren te midden van dit ontzagwekkende landschap. Kamperen in Taz\u0131 Kanyonu biedt een unieke kans om verbinding te maken met de natuur en de rust van de kloof te ervaren na de avonturen van een dag.<\/p>\n<p style=\"text-align: center;\"><img loading=\"lazy\" decoding=\"async\" class=\"alignnone size-medium wp-image-30041\" src=\"https:\/\/holidayexcursion.com\/wp-content\/uploads\/2023\/12\/tazi-kanyonu-rafting-300x199.jpg\" alt=\"\" width=\"300\" height=\"199\" title=\"\" srcset=\"https:\/\/holidayexcursion.com\/wp-content\/uploads\/2023\/12\/tazi-kanyonu-rafting-300x199.jpg 300w, https:\/\/holidayexcursion.com\/wp-content\/uploads\/2023\/12\/tazi-kanyonu-rafting-768x510.jpg 768w, https:\/\/holidayexcursion.com\/wp-content\/uploads\/2023\/12\/tazi-kanyonu-rafting-600x398.jpg 600w, https:\/\/holidayexcursion.com\/wp-content\/uploads\/2023\/12\/tazi-kanyonu-rafting.jpg 800w\" sizes=\"auto, (max-width: 300px) 100vw, 300px\" \/><\/p>\n<p style=\"text-align: center;\">Na een dag raften en wandelen vormt het culinaire aanbod van de regio een heerlijke afsluiting van een dag vol spanning en ontdekkingen.<\/p>\n<p style=\"text-align: center;\">Taz\u0131 Canion is een uitzonderlijke bestemming die de rauwe schoonheid van de natuur laat zien en een adrenaline-gevulde ontsnapping biedt voor lief hebbers van avontuur. Met zijn stroom versnellingen, torenhoge kliffen en weelderige land schappen biedt de canion een unieke rafting ervaring die onvergetelijke herinneringen belooft voor iedereen die zich in het hart ervan waagt.<\/p>\n<p style=\"text-align: center;\"><img loading=\"lazy\" decoding=\"async\" class=\"size-medium wp-image-4075\" src=\"https:\/\/holidayexcursion.com\/wp-content\/uploads\/2021\/10\/rafting-tour-3.webp\" alt=\"taz\u0131 canyon reis\" width=\"300\" height=\"300\" title=\"\" srcset=\"https:\/\/holidayexcursion.com\/wp-content\/uploads\/2021\/10\/rafting-tour-3.webp 2000w, https:\/\/holidayexcursion.com\/wp-content\/uploads\/2021\/10\/rafting-tour-3-300x300.webp 300w, https:\/\/holidayexcursion.com\/wp-content\/uploads\/2021\/10\/rafting-tour-3-768x768.webp 768w, https:\/\/holidayexcursion.com\/wp-content\/uploads\/2021\/10\/rafting-tour-3-1024x1024.webp 1024w, https:\/\/holidayexcursion.com\/wp-content\/uploads\/2021\/10\/rafting-tour-3-1536x1536.webp 1536w, https:\/\/holidayexcursion.com\/wp-content\/uploads\/2021\/10\/rafting-tour-3-600x600.webp 600w, https:\/\/holidayexcursion.com\/wp-content\/uploads\/2021\/10\/rafting-tour-3-100x100.webp 100w, https:\/\/holidayexcursion.com\/wp-content\/uploads\/2021\/10\/rafting-tour-3-150x150.webp 150w\" sizes=\"auto, (max-width: 300px) 100vw, 300px\" \/><\/p>\n<p style=\"text-align: center;\"> Taz\u0131 Canion is een bestemming die je zeker moet bezoeken voor diegenen die op zoek zijn naar een opwindend rafting avontuur te midden van een prachtig natuurlijk landschap. Of je nu de wild water stroomversnellingen bedwingt, wandelpaden doorkruist of kampeert onder de sterren, Taz\u0131 Canion biedt een schat aan buiten ervaringen die iedereen die een bezoek brengt zeker zal boeien en inspireren. Met zijn combinatie van spannende activiteiten en adembenemende land schappen is Taz\u0131 canion een embleem van de natuurlijke pracht van Turkije en een toevluchtsoord voor avonturiers van over de hele wereld.<\/p>\n<h2 style=\"font-weight: 400; text-align: center;\"><span style=\"font-size: 75%;\"><strong>ALANYA TAZI CANION RAFTING TOUR PROGRAMMA:<\/strong><\/span><\/h2>\n<div style=\"text-align: center;\">* Ophalen bij hotels en appartementen in Alanya en omgeving<\/div>\n<div style=\"text-align: center;\">* Aankomst bij Koprulu Canyon<\/div>\n<div style=\"text-align: center;\">* Briefing over het raften door professionele gidsen<\/div>\n<div style=\"text-align: center;\">* Uitgerust worden met uw raftuitrusting<\/div>\n<div style=\"text-align: center;\">* Reizen naar het startpunt (de reis is 7 km en duurt ongeveer 15 minuten) voordat het raften begint, is er gelegenheid om de Romeinse brug te bezoeken, een bezoek te brengen aan de Taz\u0131 canion, enkele foto&#8217;s te maken en te zwemmen<\/div>\n<div style=\"text-align: center;\">* Dan is het eerste deel van de raftingervaring 10 km, allemaal begeleid door onze deskundige professionele gidsen<\/div>\n<div style=\"text-align: center;\">* Daarna lunchpauze in het restaurant aan de rivier<\/div>\n<div style=\"text-align: center;\">* Na de lunch beginnen we aan de laatste 3,6 km van uw raftreis<\/div>\n<div style=\"text-align: center;\">* Wanneer we bij het eindstation aankomen, is er gelegenheid om de foto&#8217;s en video&#8217;s te bekijken die onderweg zijn gemaakt. Deze kunnen als aandenken aan je avontuur worden gekocht als je dat wilt<\/div>\n<div style=\"text-align: center;\">* Afleveren bij uw hotels en appartementen in Alanya<\/div>\n<div style=\"text-align: center;\"><\/div>\n<div style=\"text-align: center;\">\n<div><strong>PRIJS IS INCLUSIEF:<\/strong><\/div>\n<div>* Ophalen\/afzetten bij hotels en appartementen in Alanya en omgeving<\/div>\n<div>* Lunch, gids, instructeurs, hoofduitrusting (helm, zwemvest, boot)<\/div>\n<div><\/div>\n<div><strong>OPTIONELE EXTRA&#8217;S:<\/strong><\/div>\n<div>* Drankjes, foto&#8217;s, dvd<\/div>\n<\/div>\n<div style=\"text-align: center;\"><\/div>\n<div style=\"text-align: center;\"><strong>AANVULLENDE INFO &amp; TIPS:<\/strong><\/div>\n<div style=\"text-align: center;\">* Kinderen jonger dan 3 jaar en zwangere vrouwen mogen niet raften<\/div>\n<div style=\"text-align: center;\">* Breng je zwemkleding, waterschoenen, sandalen, bikini, handdoek, zonnebrandcr\u00e8me en nog een t-rok mee<\/div>\n<div style=\"text-align: center;\">* Draag geschikte schoenen die niet gemakkelijk in het water glijden. Je kunt het ook huren of kopen via onze gids.<\/div>\n<div style=\"text-align: center;\">* Neem geen waardevolle spullen en metalen accessoires mee (oorbellen, halskettingen, enz.). U kunt alleen wat geld meenemen voor drankjes, foto&#8217;s en video&#8217;s.<\/div>\n<p style=\"font-weight: 400; text-align: center;\">Verkrijgbaar in Antalya, Alanya, Side, Manavgat, Belek. Voor exacte ophaaltijden kunt u contact met ons opnemen.<\/p>\n<p style=\"text-align: center;\">Wij wensen u onvergetelijke herinneringen tijdens uw vakantie in Alanya, Turkije.<\/p>\n<p style=\"text-align: center;\">Ps: Voor meer informatie kunt u ook contact opnemen via whats app bellen of bericht.<\/p>\n<p style=\"text-align: center;\">Holiday Excursion Team ,<\/p>\n<p><iframe loading=\"lazy\" title=\"Antalya Taz\u0131 Kanyonu ve K\u00f6pr\u00fcl\u00fc Kanyon Drone \u00c7ekimi \/ Bilgelik Vadisi\" width=\"1020\" height=\"574\" src=\"https:\/\/www.youtube.com\/embed\/a5lSXQPvdYw?feature=oembed\" frameborder=\"0\" allow=\"accelerometer; autoplay; clipboard-write; encrypted-media; gyroscope; picture-in-picture; web-share\" allowfullscreen><\/iframe><\/p>\n<p><iframe loading=\"lazy\" title=\"Rafting k\u00f6pr\u00fcl\u00fc canyon, T\u00fcrkei Region Antalya\" width=\"1020\" height=\"765\" src=\"https:\/\/www.youtube.com\/embed\/Sl9b6UKi2T8?feature=oembed\" frameborder=\"0\" allow=\"accelerometer; autoplay; clipboard-write; encrypted-media; gyroscope; picture-in-picture; web-share\" allowfullscreen><\/iframe><\/p>\n<p><iframe loading=\"lazy\" title=\"K\u00f6pr\u00fcl\u00fc Kanyon \/ Manavgat \/ Antalya\" width=\"1020\" height=\"765\" src=\"https:\/\/www.youtube.com\/embed\/Xxng1g1PrdE?feature=oembed\" frameborder=\"0\" allow=\"accelerometer; autoplay; clipboard-write; encrypted-media; gyroscope; picture-in-picture; web-share\" allowfullscreen><\/iframe><\/p>\n","protected":false},"excerpt":{"rendered":"<p>TAZI CANION RAFTEN Taz\u0131 Canion: een spannend rafting avontuur in Turkije. Taz\u0131 Canion, ook wel bekend als de &#8220;Vallei van de Wolven&#8221;, is een spectaculair natuur wonder gelegen in de provincie Antalya in het zuiden van Turkije. Deze adembenemende Taz\u0131 canion biedt adrenaline pompende rafter varingen te midden van adembenemende natuurlijke schoonheid, waardoor het een<\/p>\n","protected":false},"featured_media":30042,"comment_status":"open","ping_status":"closed","template":"","meta":[],"product_brand":[],"product_cat":[221],"product_tag":[],"class_list":{"0":"post-30026","1":"product","2":"type-product","3":"status-publish","4":"has-post-thumbnail","6":"product_cat-tours-nl","8":"first","9":"instock","10":"virtual","11":"sold-individually","12":"purchasable","13":"product-type-booking"},"_links":{"self":[{"href":"https:\/\/holidayexcursion.com\/nl\/wp-json\/wp\/v2\/product\/30026","targetHints":{"allow":["GET"]}}],"collection":[{"href":"https:\/\/holidayexcursion.com\/nl\/wp-json\/wp\/v2\/product"}],"about":[{"href":"https:\/\/holidayexcursion.com\/nl\/wp-json\/wp\/v2\/types\/product"}],"replies":[{"embeddable":true,"href":"https:\/\/holidayexcursion.com\/nl\/wp-json\/wp\/v2\/comments?post=30026"}],"wp:featuredmedia":[{"embeddable":true,"href":"https:\/\/holidayexcursion.com\/nl\/wp-json\/wp\/v2\/media\/30042"}],"wp:attachment":[{"href":"https:\/\/holidayexcursion.com\/nl\/wp-json\/wp\/v2\/media?parent=30026"}],"wp:term":[{"taxonomy":"product_brand","embeddable":true,"href":"https:\/\/holidayexcursion.com\/nl\/wp-json\/wp\/v2\/product_brand?post=30026"},{"taxonomy":"product_cat","embeddable":true,"href":"https:\/\/holidayexcursion.com\/nl\/wp-json\/wp\/v2\/product_cat?post=30026"},{"taxonomy":"product_tag","embeddable":true,"href":"https:\/\/holidayexcursion.com\/nl\/wp-json\/wp\/v2\/product_tag?post=30026"}],"curies":[{"name":"wp","href":"https:\/\/api.w.org\/{rel}","templated":true}]}}