{"id":4966,"date":"2021-12-07T00:46:45","date_gmt":"2021-12-06T21:46:45","guid":{"rendered":"http:\/\/holidayexcursion.com\/o-nas\/"},"modified":"2023-11-08T18:53:09","modified_gmt":"2023-11-08T15:53:09","slug":"o-nas","status":"publish","type":"page","link":"https:\/\/holidayexcursion.com\/pl\/o-nas\/","title":{"rendered":"O nas"},"content":{"rendered":"\n\n\t<section class=\"section dark\" id=\"section_1244164944\">\n\t\t<div class=\"section-bg fill\" >\n\t\t\t<img loading=\"lazy\" decoding=\"async\" width=\"1500\" height=\"600\" src=\"https:\/\/holidayexcursion.com\/wp-content\/uploads\/2021\/12\/FS-background-01.png\" class=\"bg\" alt=\"Alanya Kalesi\" srcset=\"https:\/\/holidayexcursion.com\/wp-content\/uploads\/2021\/12\/FS-background-01.png 1500w, https:\/\/holidayexcursion.com\/wp-content\/uploads\/2021\/12\/FS-background-01-300x120.png 300w, https:\/\/holidayexcursion.com\/wp-content\/uploads\/2021\/12\/FS-background-01-1024x410.png 1024w, https:\/\/holidayexcursion.com\/wp-content\/uploads\/2021\/12\/FS-background-01-768x307.png 768w, https:\/\/holidayexcursion.com\/wp-content\/uploads\/2021\/12\/FS-background-01-600x240.png 600w\" sizes=\"auto, (max-width: 1500px) 100vw, 1500px\" title=\"\">\n\t\t\t\n\t\t\t\n\t\t\t\n\n\t\t<\/div>\n\n\t\t\n\n\t\t<div class=\"section-content relative\">\n\t\t\t\n\n<div class=\"row align-center\"  id=\"row-201309465\">\n\n\n\t<div id=\"col-1959798399\" class=\"col medium-7 small-12 large-8\"  >\n\t\t\t\t<div class=\"col-inner\"  >\n\t\t\t\n\t\t\t\n\n\t<div id=\"text-1576977176\" class=\"text\">\n\t\t\n\n<h1 style=\"text-align: center;\"><span style=\"font-size: 250%;\">O nas<\/span><\/h1>\n\t\t\n<style>\n#text-1576977176 {\n  text-align: center;\n}\n<\/style>\n\t<\/div>\n\t\n<div class=\"text-center\"><div class=\"is-divider divider clearfix\" style=\"max-width:100px;height:5px;background-color:rgb(17, 75, 108);\"><\/div><\/div>\n\n\t<div id=\"text-3653639278\" class=\"text\">\n\t\t\n\n<p style=\"text-align: center;\">Witamy na naszej stronie. Jeste\u015bmy sp\u00f3\u0142k\u0105 grupy (A), kt\u00f3ra jest cz\u0142onkiem Stowarzyszenia tureckich biur podr\u00f3\u017cy. Wszystkie rezerwacje s\u0105 obj\u0119te kwarantann\u0105 naszej firmy o nazwie BUGRA TUR\u0130ZM z numerem licencji (2368). Przyjmujemy rezerwacje online 7\/24.<\/p>\n\t\t\n<style>\n#text-3653639278 {\n  text-align: center;\n}\n<\/style>\n\t<\/div>\n\t\n\n\t\t<\/div>\n\t\t\t\t\t<\/div>\n\n\t\n\n<\/div>\n\n\t\t<\/div>\n\n\t\t\n<style>\n#section_1244164944 {\n  padding-top: 30px;\n  padding-bottom: 30px;\n  min-height: 350px;\n  background-color: #f09c08;\n}\n#section_1244164944 .bg {\n  object-position: 46% 59%;\n}\n@media (min-width:550px) {\n  #section_1244164944 {\n    min-height: 213px;\n  }\n}\n<\/style>\n\t<\/section>\n\t\n\n\t<section class=\"section\" id=\"section_1030189154\">\n\t\t<div class=\"section-bg fill\" >\n\t\t\t\n\t\t\t\n\t\t\t\n\t\t\t\n\n\t\t<\/div>\n\n\t\t\n\n\t\t<div class=\"section-content relative\">\n\t\t\t\n\n\t<div id=\"gap-1700846897\" class=\"gap-element clearfix\" style=\"display:block; height:auto;\">\n\t\t\n<style>\n#gap-1700846897 {\n  padding-top: 30px;\n}\n<\/style>\n\t<\/div>\n\t\n\n<div class=\"row row-large align-middle\" style=\"max-width:1300px\" id=\"row-2003744540\">\n\n\n\t<div id=\"col-362170203\" class=\"col medium-12 small-12 large-6\"  >\n\t\t\t\t<div class=\"col-inner\"  >\n\t\t\t\n\t\t\t\n\n\t<div class=\"img has-hover x md-x lg-x y md-y lg-y\" id=\"image_204904552\">\n\t\t\t\t\t\t<div data-animate=\"bounceInLeft\">\t\t<div class=\"img-inner dark\" >\n\t\t\t<img loading=\"lazy\" decoding=\"async\" width=\"619\" height=\"284\" src=\"https:\/\/holidayexcursion.com\/wp-content\/uploads\/2021\/11\/Holiday-Excursion-Alanya-logo.webp\" class=\"attachment-original size-original\" alt=\"Wakacyjna wycieczka Alanya\" srcset=\"https:\/\/holidayexcursion.com\/wp-content\/uploads\/2021\/11\/Holiday-Excursion-Alanya-logo.webp 619w, https:\/\/holidayexcursion.com\/wp-content\/uploads\/2021\/11\/Holiday-Excursion-Alanya-logo-300x138.webp 300w, https:\/\/holidayexcursion.com\/wp-content\/uploads\/2021\/11\/Holiday-Excursion-Alanya-logo-600x275.webp 600w\" sizes=\"auto, (max-width: 619px) 100vw, 619px\" title=\"\">\t\t\t\t\t\t\n\t\t\t\t\t<\/div>\n\t\t<\/div>\t\t\t\t\t\t\n<style>\n#image_204904552 {\n  width: 100%;\n}\n<\/style>\n\t<\/div>\n\t\n\n\n\t\t<\/div>\n\t\t\t\t\t<\/div>\n\n\t\n\n\t<div id=\"col-680048418\" class=\"col medium-12 small-12 large-6\"  >\n\t\t\t\t<div class=\"col-inner\"  >\n\t\t\t\n\t\t\t\n\n\t<div id=\"gap-1764367523\" class=\"gap-element clearfix\" style=\"display:block; height:auto;\">\n\t\t\n<style>\n#gap-1764367523 {\n  padding-top: 30px;\n}\n<\/style>\n\t<\/div>\n\t\n\n\t<div id=\"text-1432733517\" class=\"text\">\n\t\t\n\n<h2>Agencja Turystyki Wakacyjnej<\/h2>\n\t\t\n<style>\n#text-1432733517 {\n  font-size: 1.75rem;\n  text-align: center;\n}\n@media (min-width:550px) {\n  #text-1432733517 {\n    text-align: center;\n  }\n}\n<\/style>\n\t<\/div>\n\t\n<div class=\"text-center\"><div class=\"is-divider divider clearfix\" style=\"max-width:100px;height:4px;background-color:rgb(51, 95, 36);\"><\/div><\/div>\n\n\t<div id=\"text-2856788121\" class=\"text\">\n\t\t\n\n<p>Witamy na naszej stronie. Jeste\u015bmy sp\u00f3\u0142k\u0105 grupy (A), kt\u00f3ra jest cz\u0142onkiem Stowarzyszenia tureckich biur podr\u00f3\u017cy. Wszystkie rezerwacje s\u0105 obj\u0119te kwarantann\u0105 naszej firmy o nazwie BUGRA TUR\u0130ZM z numerem licencji (2368). Przyjmujemy rezerwacje online 7\/24. Mo\u017cesz dokona\u0107 rezerwacji na r\u00f3\u017cne sposoby, np. wype\u0142niaj\u0105c formularz rezerwacyjny, jaka jest aplikacja, wysy\u0142aj\u0105c e-mail, dzwoni\u0105c lub sms. B\u0119dziemy mieli Tw\u00f3j adres i dane do rezerwacji. W zale\u017cno\u015bci od Twojej pro\u015bby, nasi informatorzy w Twoim j\u0119zyku przyjad\u0105, aby spotka\u0107 si\u0119 z Tob\u0105 w Twoim hotelu lub miejscu zamieszkania i udzieli\u0107 informacji na temat naszych wycieczek. Niekt\u00f3re z atrakcji turystycznych, takie jak \u0142a\u017ania turecka, noc turecka i wycieczka na quadach dost\u0119pne do rezerwacji tego samego dnia. Op\u0142at\u0119 za wycieczk\u0119 mo\u017cna zap\u0142aci\u0107 przewodnikowi lub personelowi informacyjnemu podczas rezerwacji, mo\u017cna zap\u0142aci\u0107 we wszystkich walutach naszym pracownikom. \u017byczymy niezapomnianej podr\u00f3\u017cy i przyjemnych chwil w naszych wycieczkach.<\/p>\n\t\t\n<style>\n#text-2856788121 {\n  text-align: center;\n}\n@media (min-width:550px) {\n  #text-2856788121 {\n    text-align: center;\n  }\n}\n<\/style>\n\t<\/div>\n\t\n\n\t\t<\/div>\n\t\t\t\t\n<style>\n#col-680048418 > .col-inner {\n  padding: 0px 0px 0px 0;\n}\n@media (min-width:550px) {\n  #col-680048418 > .col-inner {\n    padding: 0px 0px 0px 30px;\n  }\n}\n<\/style>\n\t<\/div>\n\n\t\n\n<\/div>\n\t<div id=\"gap-1985742028\" class=\"gap-element clearfix\" style=\"display:block; height:auto;\">\n\t\t\n<style>\n#gap-1985742028 {\n  padding-top: 40px;\n}\n@media (min-width:550px) {\n  #gap-1985742028 {\n    padding-top: 80px;\n  }\n}\n<\/style>\n\t<\/div>\n\t\n\n<div class=\"row row-solid\" style=\"max-width:1300px\" id=\"row-2009478410\">\n\n\n\t<div id=\"col-1703924795\" class=\"col medium-4 small-12 large-4\"  >\n\t\t\t\t<div class=\"col-inner\"  >\n\t\t\t\n\t\t\t\n\n\t<div id=\"text-3414639883\" class=\"text\">\n\t\t\n\n<h2><span class=\"count-up\">35<\/span> +<\/h2>\n\t\t\n<style>\n#text-3414639883 {\n  font-size: 2.5rem;\n  text-align: center;\n}\n<\/style>\n\t<\/div>\n\t\n\t<div id=\"text-302843055\" class=\"text\">\n\t\t\n\n<p>Wycieczki<\/p>\n\t\t\n<style>\n#text-302843055 {\n  text-align: center;\n}\n<\/style>\n\t<\/div>\n\t\n\n\t\t<\/div>\n\t\t\t\t\t<\/div>\n\n\t\n\n\t<div id=\"col-1950315259\" class=\"col medium-4 small-12 large-4\"  >\n\t\t\t\t<div class=\"col-inner\"  >\n\t\t\t\n\t\t\t\n\n\t<div id=\"text-3866856813\" class=\"text\">\n\t\t\n\n<h2><span class=\"count-up\">2563<\/span> +<\/h2>\n\t\t\n<style>\n#text-3866856813 {\n  font-size: 2.5rem;\n  text-align: center;\n}\n<\/style>\n\t<\/div>\n\t\n\t<div id=\"text-3080860709\" class=\"text\">\n\t\t\n\n<p>Zadowolony Klient<\/p>\n\t\t\n<style>\n#text-3080860709 {\n  text-align: center;\n}\n<\/style>\n\t<\/div>\n\t\n\n\t\t<\/div>\n\t\t\t\t\t<\/div>\n\n\t\n\n\t<div id=\"col-737158495\" class=\"col medium-4 small-12 large-4\"  >\n\t\t\t\t<div class=\"col-inner\"  >\n\t\t\t\n\t\t\t\n\n\t<div id=\"text-1842447268\" class=\"text\">\n\t\t\n\n<h2><span class=\"count-up\">13<\/span><\/h2>\n\t\t\n<style>\n#text-1842447268 {\n  font-size: 2.5rem;\n  text-align: center;\n}\n<\/style>\n\t<\/div>\n\t\n\t<div id=\"text-1856415508\" class=\"text\">\n\t\t\n\n<p>Roczne do\u015bwiadczenia<\/p>\n\t\t\n<style>\n#text-1856415508 {\n  text-align: center;\n}\n<\/style>\n\t<\/div>\n\t\n\n\t\t<\/div>\n\t\t\t\t\t<\/div>\n\n\t\n\n<\/div>\n\n\t\t<\/div>\n\n\t\t\n<style>\n#section_1030189154 {\n  padding-top: 50px;\n  padding-bottom: 50px;\n}\n@media (min-width:550px) {\n  #section_1030189154 {\n    padding-top: 110px;\n    padding-bottom: 110px;\n  }\n}\n<\/style>\n\t<\/section>\n\t\n","protected":false},"excerpt":{"rendered":"","protected":false},"author":4,"featured_media":0,"parent":0,"menu_order":0,"comment_status":"closed","ping_status":"closed","template":"page-blank.php","meta":{"footnotes":""},"class_list":["post-4966","page","type-page","status-publish","hentry"],"_links":{"self":[{"href":"https:\/\/holidayexcursion.com\/pl\/wp-json\/wp\/v2\/pages\/4966","targetHints":{"allow":["GET"]}}],"collection":[{"href":"https:\/\/holidayexcursion.com\/pl\/wp-json\/wp\/v2\/pages"}],"about":[{"href":"https:\/\/holidayexcursion.com\/pl\/wp-json\/wp\/v2\/types\/page"}],"author":[{"embeddable":true,"href":"https:\/\/holidayexcursion.com\/pl\/wp-json\/wp\/v2\/users\/4"}],"replies":[{"embeddable":true,"href":"https:\/\/holidayexcursion.com\/pl\/wp-json\/wp\/v2\/comments?post=4966"}],"version-history":[{"count":0,"href":"https:\/\/holidayexcursion.com\/pl\/wp-json\/wp\/v2\/pages\/4966\/revisions"}],"wp:attachment":[{"href":"https:\/\/holidayexcursion.com\/pl\/wp-json\/wp\/v2\/media?parent=4966"}],"curies":[{"name":"wp","href":"https:\/\/api.w.org\/{rel}","templated":true}]}}