{"id":4971,"date":"2021-12-07T00:46:46","date_gmt":"2021-12-06T21:46:46","guid":{"rendered":"http:\/\/holidayexcursion.com\/transfer-lotniczy\/"},"modified":"2023-11-26T20:52:20","modified_gmt":"2023-11-26T17:52:20","slug":"transfer-lotniczy","status":"publish","type":"page","link":"https:\/\/holidayexcursion.com\/pl\/transfer-lotniczy\/","title":{"rendered":"Transfer lotniczy"},"content":{"rendered":"\n\t<div id=\"gap-93951059\" class=\"gap-element clearfix\" style=\"display:block; height:auto;\">\n\t\t\n<style>\n#gap-93951059 {\n  padding-top: 30px;\n}\n<\/style>\n\t<\/div>\n\t\n\n<div class=\"row\"  id=\"row-771369096\">\n\n\n\t<div id=\"col-1854887151\" class=\"col small-12 large-12\"  >\n\t\t\t\t<div class=\"col-inner\"  >\n\t\t\t\n\t\t\t\n\n\t<div id=\"text-967324792\" class=\"text\">\n\t\t\n\n<h1 class=\"alt-font\"><span style=\"font-size: 200%;\">Transfer lotniskowy w Alanyi<\/span><\/h1>\n<p>Wykonamy dla Ciebie transfer lotniskowy. Je\u015bli masz lot na lotnisku w <strong>Antalyi lub lotnisku<\/strong> <strong>Gazipa\u015fa<\/strong> , jeste\u015bmy tu po to, aby Ci\u0119 przewie\u017a\u0107 <span class=\"emoji\">\ud83d\ude0a<\/span><\/p>\n\t\t\n<style>\n#text-967324792 {\n  text-align: center;\n}\n@media (min-width:550px) {\n  #text-967324792 {\n    text-align: center;\n  }\n}\n<\/style>\n\t<\/div>\n\t\n\n\t\t<\/div>\n\t\t\t\t\t<\/div>\n\n\t\n\n<\/div>\n\t\n  \n    <div class=\"row  equalize-box large-columns-4 medium-columns-2 small-columns-1 row-small has-shadow row-box-shadow-1 row-box-shadow-5-hover\" >\n  \n\t     <div class=\"col\" >\n\t\t\t\t\t\t<div class=\"col-inner\">\n\t\t\t\t\t\t\n<div class=\"badge-container absolute left top z-1\">\n\n<\/div>\n\t\t\t\t\t\t<div class=\"product-small box has-hover box-normal box-text-bottom\">\n\t\t\t\t\t\t\t<div class=\"box-image\" >\n\t\t\t\t\t\t\t\t<div class=\"\" >\n\t\t\t\t\t\t\t\t\t<a href=\"https:\/\/holidayexcursion.com\/pl\/tours-in-alanya\/airport-transfer-pl\/lotnisko-3\/\" aria-label=\"TRANSFER LOTNICZY GAZ\u0130PA\u015eA\">\n\t\t\t\t\t\t\t\t\t\t<img loading=\"lazy\" decoding=\"async\" width=\"300\" height=\"300\" src=\"https:\/\/holidayexcursion.com\/wp-content\/uploads\/2021\/12\/gazipasa-airport-transfer-1-300x300.webp\" class=\"attachment-woocommerce_thumbnail size-woocommerce_thumbnail\" alt=\"transfer lotniskowy w Gazipasa (1)\" srcset=\"https:\/\/holidayexcursion.com\/wp-content\/uploads\/2021\/12\/gazipasa-airport-transfer-1-300x300.webp 300w, https:\/\/holidayexcursion.com\/wp-content\/uploads\/2021\/12\/gazipasa-airport-transfer-1-1024x1024.webp 1024w, https:\/\/holidayexcursion.com\/wp-content\/uploads\/2021\/12\/gazipasa-airport-transfer-1-150x150.webp 150w, https:\/\/holidayexcursion.com\/wp-content\/uploads\/2021\/12\/gazipasa-airport-transfer-1-768x768.webp 768w, https:\/\/holidayexcursion.com\/wp-content\/uploads\/2021\/12\/gazipasa-airport-transfer-1-1536x1536.webp 1536w, https:\/\/holidayexcursion.com\/wp-content\/uploads\/2021\/12\/gazipasa-airport-transfer-1-600x600.webp 600w, https:\/\/holidayexcursion.com\/wp-content\/uploads\/2021\/12\/gazipasa-airport-transfer-1-100x100.webp 100w, https:\/\/holidayexcursion.com\/wp-content\/uploads\/2021\/12\/gazipasa-airport-transfer-1.webp 2000w\" sizes=\"auto, (max-width: 300px) 100vw, 300px\" title=\"\">\t\t\t\t\t\t\t\t\t<\/a>\n\t\t\t\t\t\t\t\t\t\t\t\t\t\t\t\t\t\t \t\t\t\t\t\t\t\t<\/div>\n\t\t\t\t\t\t\t\t<div class=\"image-tools top right show-on-hover\">\n\t\t\t\t\t\t\t\t\t\t\t\t\t\t\t\t\t<\/div>\n\t\t\t\t\t\t\t\t\t\t\t\t\t\t\t\t\t<div class=\"image-tools grid-tools text-center hide-for-small bottom hover-slide-in show-on-hover\">\n\t\t\t\t\t\t\t\t\t\t\t\t\t\t\t\t\t\t\t<\/div>\n\t\t\t\t\t\t\t\t\t\t\t\t\t\t\t\t\t\t\t\t\t\t\t<\/div>\n\n\t\t\t\t\t\t\t<div class=\"box-text text-left\" >\n\t\t\t\t\t\t\t\t<div class=\"title-wrapper\"><p class=\"name product-title woocommerce-loop-product__title\"><a href=\"https:\/\/holidayexcursion.com\/pl\/tours-in-alanya\/airport-transfer-pl\/lotnisko-3\/\" class=\"woocommerce-LoopProduct-link woocommerce-loop-product__link\">TRANSFER LOTNICZY GAZ\u0130PA\u015eA<\/a><\/p><\/div><div class=\"price-wrapper\">\n\t<span class=\"price\">From: <span class=\"woocommerce-Price-amount amount\"><bdi>10,00&nbsp;<span class=\"woocommerce-Price-currencySymbol\">&euro;<\/span><\/bdi><\/span><\/span>\n<\/div><div class=\"add-to-cart-button\"><a href=\"https:\/\/holidayexcursion.com\/pl\/tours-in-alanya\/airport-transfer-pl\/lotnisko-3\/\" aria-describedby=\"woocommerce_loop_add_to_cart_link_describedby_6384\" data-quantity=\"1\" class=\"primary is-small mb-0 button product_type_booking add_to_cart_button is-gloss\" data-product_id=\"6384\" data-product_sku=\"\" aria-label=\"Read more about &ldquo;TRANSFER LOTNICZY GAZ\u0130PA\u015eA&rdquo;\" rel=\"nofollow\">Rezerwuj Teraz<\/a><\/div>\t<span id=\"woocommerce_loop_add_to_cart_link_describedby_6384\" class=\"screen-reader-text\">\n\t\t\t<\/span>\n\t\t\t\t\t\t\t<\/div>\n\t\t\t\t\t\t<\/div>\n\t\t\t\t\t\t<\/div>\n\t\t\t\t\t<\/div><div class=\"col\" >\n\t\t\t\t\t\t<div class=\"col-inner\">\n\t\t\t\t\t\t\n<div class=\"badge-container absolute left top z-1\">\n\n<\/div>\n\t\t\t\t\t\t<div class=\"product-small box has-hover box-normal box-text-bottom\">\n\t\t\t\t\t\t\t<div class=\"box-image\" >\n\t\t\t\t\t\t\t\t<div class=\"\" >\n\t\t\t\t\t\t\t\t\t<a href=\"https:\/\/holidayexcursion.com\/pl\/tours-in-alanya\/airport-transfer-pl\/lotnisko\/\" aria-label=\"Transfer z lotniska w Antalyi\">\n\t\t\t\t\t\t\t\t\t\t<img loading=\"lazy\" decoding=\"async\" width=\"300\" height=\"300\" src=\"https:\/\/holidayexcursion.com\/wp-content\/uploads\/2021\/12\/antalya-airport-transfer-1-300x300.webp\" class=\"attachment-woocommerce_thumbnail size-woocommerce_thumbnail\" alt=\"transfer lotniskowy w Antalyi (1)\" srcset=\"https:\/\/holidayexcursion.com\/wp-content\/uploads\/2021\/12\/antalya-airport-transfer-1-300x300.webp 300w, https:\/\/holidayexcursion.com\/wp-content\/uploads\/2021\/12\/antalya-airport-transfer-1-1024x1024.webp 1024w, https:\/\/holidayexcursion.com\/wp-content\/uploads\/2021\/12\/antalya-airport-transfer-1-150x150.webp 150w, https:\/\/holidayexcursion.com\/wp-content\/uploads\/2021\/12\/antalya-airport-transfer-1-768x768.webp 768w, https:\/\/holidayexcursion.com\/wp-content\/uploads\/2021\/12\/antalya-airport-transfer-1-1536x1536.webp 1536w, https:\/\/holidayexcursion.com\/wp-content\/uploads\/2021\/12\/antalya-airport-transfer-1-600x600.webp 600w, https:\/\/holidayexcursion.com\/wp-content\/uploads\/2021\/12\/antalya-airport-transfer-1-100x100.webp 100w, https:\/\/holidayexcursion.com\/wp-content\/uploads\/2021\/12\/antalya-airport-transfer-1.webp 2047w\" sizes=\"auto, (max-width: 300px) 100vw, 300px\" title=\"\">\t\t\t\t\t\t\t\t\t<\/a>\n\t\t\t\t\t\t\t\t\t\t\t\t\t\t\t\t\t\t \t\t\t\t\t\t\t\t<\/div>\n\t\t\t\t\t\t\t\t<div class=\"image-tools top right show-on-hover\">\n\t\t\t\t\t\t\t\t\t\t\t\t\t\t\t\t\t<\/div>\n\t\t\t\t\t\t\t\t\t\t\t\t\t\t\t\t\t<div class=\"image-tools grid-tools text-center hide-for-small bottom hover-slide-in show-on-hover\">\n\t\t\t\t\t\t\t\t\t\t\t\t\t\t\t\t\t\t\t<\/div>\n\t\t\t\t\t\t\t\t\t\t\t\t\t\t\t\t\t\t\t\t\t\t\t<\/div>\n\n\t\t\t\t\t\t\t<div class=\"box-text text-left\" >\n\t\t\t\t\t\t\t\t<div class=\"title-wrapper\"><p class=\"name product-title woocommerce-loop-product__title\"><a href=\"https:\/\/holidayexcursion.com\/pl\/tours-in-alanya\/airport-transfer-pl\/lotnisko\/\" class=\"woocommerce-LoopProduct-link woocommerce-loop-product__link\">Transfer z lotniska w Antalyi<\/a><\/p><\/div><div class=\"price-wrapper\">\n\t<span class=\"price\">From: <span class=\"woocommerce-Price-amount amount\"><bdi>15,00&nbsp;<span class=\"woocommerce-Price-currencySymbol\">&euro;<\/span><\/bdi><\/span><\/span>\n<\/div><div class=\"add-to-cart-button\"><a href=\"https:\/\/holidayexcursion.com\/pl\/tours-in-alanya\/airport-transfer-pl\/lotnisko\/\" aria-describedby=\"woocommerce_loop_add_to_cart_link_describedby_6379\" data-quantity=\"1\" class=\"primary is-small mb-0 button product_type_booking add_to_cart_button is-gloss\" data-product_id=\"6379\" data-product_sku=\"\" aria-label=\"Read more about &ldquo;Transfer z lotniska w Antalyi&rdquo;\" rel=\"nofollow\">Rezerwuj Teraz<\/a><\/div>\t<span id=\"woocommerce_loop_add_to_cart_link_describedby_6379\" class=\"screen-reader-text\">\n\t\t\t<\/span>\n\t\t\t\t\t\t\t<\/div>\n\t\t\t\t\t\t<\/div>\n\t\t\t\t\t\t<\/div>\n\t\t\t\t\t<\/div><div class=\"col\" >\n\t\t\t\t\t\t<div class=\"col-inner\">\n\t\t\t\t\t\t\n<div class=\"badge-container absolute left top z-1\">\n\n<\/div>\n\t\t\t\t\t\t<div class=\"product-small box has-hover box-normal box-text-bottom\">\n\t\t\t\t\t\t\t<div class=\"box-image\" >\n\t\t\t\t\t\t\t\t<div class=\"\" >\n\t\t\t\t\t\t\t\t\t<a href=\"https:\/\/holidayexcursion.com\/pl\/tours-in-alanya\/airport-transfer-pl\/lotnisko-2\/\" aria-label=\"PRYWATNY TRANSFER Z LOTNISKA GAZ\u0130PA\u015eA\">\n\t\t\t\t\t\t\t\t\t\t<img loading=\"lazy\" decoding=\"async\" width=\"300\" height=\"300\" src=\"https:\/\/holidayexcursion.com\/wp-content\/uploads\/2021\/12\/gazipasa-airport-transfer-1-300x300.webp\" class=\"attachment-woocommerce_thumbnail size-woocommerce_thumbnail\" alt=\"transfer lotniskowy w Gazipasa (1)\" srcset=\"https:\/\/holidayexcursion.com\/wp-content\/uploads\/2021\/12\/gazipasa-airport-transfer-1-300x300.webp 300w, https:\/\/holidayexcursion.com\/wp-content\/uploads\/2021\/12\/gazipasa-airport-transfer-1-1024x1024.webp 1024w, https:\/\/holidayexcursion.com\/wp-content\/uploads\/2021\/12\/gazipasa-airport-transfer-1-150x150.webp 150w, https:\/\/holidayexcursion.com\/wp-content\/uploads\/2021\/12\/gazipasa-airport-transfer-1-768x768.webp 768w, https:\/\/holidayexcursion.com\/wp-content\/uploads\/2021\/12\/gazipasa-airport-transfer-1-1536x1536.webp 1536w, https:\/\/holidayexcursion.com\/wp-content\/uploads\/2021\/12\/gazipasa-airport-transfer-1-600x600.webp 600w, https:\/\/holidayexcursion.com\/wp-content\/uploads\/2021\/12\/gazipasa-airport-transfer-1-100x100.webp 100w, https:\/\/holidayexcursion.com\/wp-content\/uploads\/2021\/12\/gazipasa-airport-transfer-1.webp 2000w\" sizes=\"auto, (max-width: 300px) 100vw, 300px\" title=\"\">\t\t\t\t\t\t\t\t\t<\/a>\n\t\t\t\t\t\t\t\t\t\t\t\t\t\t\t\t\t\t \t\t\t\t\t\t\t\t<\/div>\n\t\t\t\t\t\t\t\t<div class=\"image-tools top right show-on-hover\">\n\t\t\t\t\t\t\t\t\t\t\t\t\t\t\t\t\t<\/div>\n\t\t\t\t\t\t\t\t\t\t\t\t\t\t\t\t\t<div class=\"image-tools grid-tools text-center hide-for-small bottom hover-slide-in show-on-hover\">\n\t\t\t\t\t\t\t\t\t\t\t\t\t\t\t\t\t\t\t<\/div>\n\t\t\t\t\t\t\t\t\t\t\t\t\t\t\t\t\t\t\t\t\t\t\t<\/div>\n\n\t\t\t\t\t\t\t<div class=\"box-text text-left\" >\n\t\t\t\t\t\t\t\t<div class=\"title-wrapper\"><p class=\"name product-title woocommerce-loop-product__title\"><a href=\"https:\/\/holidayexcursion.com\/pl\/tours-in-alanya\/airport-transfer-pl\/lotnisko-2\/\" class=\"woocommerce-LoopProduct-link woocommerce-loop-product__link\">PRYWATNY TRANSFER Z LOTNISKA GAZ\u0130PA\u015eA<\/a><\/p><\/div><div class=\"price-wrapper\">\n\t<span class=\"price\">From: <span class=\"woocommerce-Price-amount amount\"><bdi>25,00&nbsp;<span class=\"woocommerce-Price-currencySymbol\">&euro;<\/span><\/bdi><\/span><\/span>\n<\/div><div class=\"add-to-cart-button\"><a href=\"https:\/\/holidayexcursion.com\/pl\/tours-in-alanya\/airport-transfer-pl\/lotnisko-2\/\" aria-describedby=\"woocommerce_loop_add_to_cart_link_describedby_6377\" data-quantity=\"1\" class=\"primary is-small mb-0 button product_type_booking add_to_cart_button is-gloss\" data-product_id=\"6377\" data-product_sku=\"\" aria-label=\"Read more about &ldquo;PRYWATNY TRANSFER Z LOTNISKA GAZ\u0130PA\u015eA&rdquo;\" rel=\"nofollow\">Rezerwuj Teraz<\/a><\/div>\t<span id=\"woocommerce_loop_add_to_cart_link_describedby_6377\" class=\"screen-reader-text\">\n\t\t\t<\/span>\n\t\t\t\t\t\t\t<\/div>\n\t\t\t\t\t\t<\/div>\n\t\t\t\t\t\t<\/div>\n\t\t\t\t\t<\/div><div class=\"col\" >\n\t\t\t\t\t\t<div class=\"col-inner\">\n\t\t\t\t\t\t\n<div class=\"badge-container absolute left top z-1\">\n\n<\/div>\n\t\t\t\t\t\t<div class=\"product-small box has-hover box-normal box-text-bottom\">\n\t\t\t\t\t\t\t<div class=\"box-image\" >\n\t\t\t\t\t\t\t\t<div class=\"\" >\n\t\t\t\t\t\t\t\t\t<a href=\"https:\/\/holidayexcursion.com\/pl\/tours-in-alanya\/airport-transfer-pl\/lotniczy\/\" aria-label=\"TRANSFER LOTNICZY PRYWATNY\">\n\t\t\t\t\t\t\t\t\t\t<img loading=\"lazy\" decoding=\"async\" width=\"300\" height=\"300\" src=\"https:\/\/holidayexcursion.com\/wp-content\/uploads\/2021\/12\/antalya-airport-transfer-1-300x300.webp\" class=\"attachment-woocommerce_thumbnail size-woocommerce_thumbnail\" alt=\"transfer lotniskowy w Antalyi (1)\" srcset=\"https:\/\/holidayexcursion.com\/wp-content\/uploads\/2021\/12\/antalya-airport-transfer-1-300x300.webp 300w, https:\/\/holidayexcursion.com\/wp-content\/uploads\/2021\/12\/antalya-airport-transfer-1-1024x1024.webp 1024w, https:\/\/holidayexcursion.com\/wp-content\/uploads\/2021\/12\/antalya-airport-transfer-1-150x150.webp 150w, https:\/\/holidayexcursion.com\/wp-content\/uploads\/2021\/12\/antalya-airport-transfer-1-768x768.webp 768w, https:\/\/holidayexcursion.com\/wp-content\/uploads\/2021\/12\/antalya-airport-transfer-1-1536x1536.webp 1536w, https:\/\/holidayexcursion.com\/wp-content\/uploads\/2021\/12\/antalya-airport-transfer-1-600x600.webp 600w, https:\/\/holidayexcursion.com\/wp-content\/uploads\/2021\/12\/antalya-airport-transfer-1-100x100.webp 100w, https:\/\/holidayexcursion.com\/wp-content\/uploads\/2021\/12\/antalya-airport-transfer-1.webp 2047w\" sizes=\"auto, (max-width: 300px) 100vw, 300px\" title=\"\">\t\t\t\t\t\t\t\t\t<\/a>\n\t\t\t\t\t\t\t\t\t\t\t\t\t\t\t\t\t\t \t\t\t\t\t\t\t\t<\/div>\n\t\t\t\t\t\t\t\t<div class=\"image-tools top right show-on-hover\">\n\t\t\t\t\t\t\t\t\t\t\t\t\t\t\t\t\t<\/div>\n\t\t\t\t\t\t\t\t\t\t\t\t\t\t\t\t\t<div class=\"image-tools grid-tools text-center hide-for-small bottom hover-slide-in show-on-hover\">\n\t\t\t\t\t\t\t\t\t\t\t\t\t\t\t\t\t\t\t<\/div>\n\t\t\t\t\t\t\t\t\t\t\t\t\t\t\t\t\t\t\t\t\t\t\t<\/div>\n\n\t\t\t\t\t\t\t<div class=\"box-text text-left\" >\n\t\t\t\t\t\t\t\t<div class=\"title-wrapper\"><p class=\"name product-title woocommerce-loop-product__title\"><a href=\"https:\/\/holidayexcursion.com\/pl\/tours-in-alanya\/airport-transfer-pl\/lotniczy\/\" class=\"woocommerce-LoopProduct-link woocommerce-loop-product__link\">TRANSFER LOTNICZY PRYWATNY<\/a><\/p><\/div><div class=\"price-wrapper\">\n\t<span class=\"price\">From: <span class=\"woocommerce-Price-amount amount\"><bdi>60,00&nbsp;<span class=\"woocommerce-Price-currencySymbol\">&euro;<\/span><\/bdi><\/span><\/span>\n<\/div><div class=\"add-to-cart-button\"><a href=\"https:\/\/holidayexcursion.com\/pl\/tours-in-alanya\/airport-transfer-pl\/lotniczy\/\" aria-describedby=\"woocommerce_loop_add_to_cart_link_describedby_6373\" data-quantity=\"1\" class=\"primary is-small mb-0 button product_type_booking add_to_cart_button is-gloss\" data-product_id=\"6373\" data-product_sku=\"\" aria-label=\"Read more about &ldquo;TRANSFER LOTNICZY PRYWATNY&rdquo;\" rel=\"nofollow\">Rezerwuj Teraz<\/a><\/div>\t<span id=\"woocommerce_loop_add_to_cart_link_describedby_6373\" class=\"screen-reader-text\">\n\t\t\t<\/span>\n\t\t\t\t\t\t\t<\/div>\n\t\t\t\t\t\t<\/div>\n\t\t\t\t\t\t<\/div>\n\t\t\t\t\t<\/div><\/div>\n","protected":false},"excerpt":{"rendered":"","protected":false},"author":4,"featured_media":0,"parent":0,"menu_order":0,"comment_status":"closed","ping_status":"closed","template":"page-blank.php","meta":{"footnotes":""},"class_list":["post-4971","page","type-page","status-publish","hentry"],"_links":{"self":[{"href":"https:\/\/holidayexcursion.com\/pl\/wp-json\/wp\/v2\/pages\/4971","targetHints":{"allow":["GET"]}}],"collection":[{"href":"https:\/\/holidayexcursion.com\/pl\/wp-json\/wp\/v2\/pages"}],"about":[{"href":"https:\/\/holidayexcursion.com\/pl\/wp-json\/wp\/v2\/types\/page"}],"author":[{"embeddable":true,"href":"https:\/\/holidayexcursion.com\/pl\/wp-json\/wp\/v2\/users\/4"}],"replies":[{"embeddable":true,"href":"https:\/\/holidayexcursion.com\/pl\/wp-json\/wp\/v2\/comments?post=4971"}],"version-history":[{"count":0,"href":"https:\/\/holidayexcursion.com\/pl\/wp-json\/wp\/v2\/pages\/4971\/revisions"}],"wp:attachment":[{"href":"https:\/\/holidayexcursion.com\/pl\/wp-json\/wp\/v2\/media?parent=4971"}],"curies":[{"name":"wp","href":"https:\/\/api.w.org\/{rel}","templated":true}]}}