{"id":20125,"date":"2022-01-11T12:26:10","date_gmt":"2022-01-11T09:26:10","guid":{"rendered":"https:\/\/holidayexcursion.com\/excursions-in-alanya\/bez-kategorii\/the-land-of-legends-tour\/"},"modified":"2023-11-28T14:30:17","modified_gmt":"2023-11-28T11:30:17","slug":"land-of-legends","status":"publish","type":"product","link":"https:\/\/holidayexcursion.com\/pl\/tours-in-alanya\/wycieczki\/land-of-legends\/","title":{"rendered":"Kraina Legend"},"content":{"rendered":"<ul>\n<li style=\"text-align: center;\">\n \t<\/li>\n<li style=\"text-align: center;\">\n<h2 style=\"text-align: center;\"><strong>KRAINA LEGEND<\/strong><\/h2>\n<\/li>\n<li style=\"text-align: center;\">\n<p style=\"text-align: center;\">Uwolnij przygod\u0119 i cuda dzi\u0119ki Land of Legends Tour<\/p>\n<p style=\"text-align: center;\">Po\u0142o\u017cony na przepi\u0119knym tureckim wybrze\u017cu <a href=\"https:\/\/en.wikipedia.org\/wiki\/Belek\" rel=\"nofollow noopener\" target=\"_blank\">Belek<\/a> oferuje urzekaj\u0105c\u0105 mieszank\u0119 historii, kultury i naturalnego pi\u0119kna. W\u015br\u00f3d wielu atrakcji Kraina Legend wyr\u00f3\u017cnia si\u0119 jako obowi\u0105zkowy cel podr\u00f3\u017cy dla podr\u00f3\u017cnik\u00f3w poszukuj\u0105cych niezwyk\u0142ych i wci\u0105gaj\u0105cych wra\u017ce\u0144. Ten program Holiday excursion wprowadza Ci\u0119 do Land of Legends Belek, maluj\u0105c \u017cywy obraz czekaj\u0105cej przygody i cud\u00f3w.<\/p>\n<\/li>\n<li style=\"text-align: center;\">\n<p style=\"text-align: center;\"><img loading=\"lazy\" decoding=\"async\" class=\"alignnone size-medium wp-image-7015\" src=\"https:\/\/holidayexcursion.com\/wp-content\/uploads\/2022\/01\/theme-park-efsane-olacak-ek-fotograflar_3313_dhaphoto1-640x420-1-300x197.jpg\" alt=\"\" width=\"300\" height=\"197\" title=\"\" srcset=\"https:\/\/holidayexcursion.com\/wp-content\/uploads\/2022\/01\/theme-park-efsane-olacak-ek-fotograflar_3313_dhaphoto1-640x420-1-300x197.jpg 300w, https:\/\/holidayexcursion.com\/wp-content\/uploads\/2022\/01\/theme-park-efsane-olacak-ek-fotograflar_3313_dhaphoto1-640x420-1-600x394.jpg 600w, https:\/\/holidayexcursion.com\/wp-content\/uploads\/2022\/01\/theme-park-efsane-olacak-ek-fotograflar_3313_dhaphoto1-640x420-1.jpg 640w\" sizes=\"auto, (max-width: 300px) 100vw, 300px\" \/><\/p>\n<\/li>\n<li style=\"text-align: center;\">\n<p style=\"text-align: center;\">1. Legendarny park tematyczny jak \u017caden inny:<br \/>\nLand of Legends to znacznie wi\u0119cej ni\u017c tylko park tematyczny; to kraina czar\u00f3w i emocji. Ten rozleg\u0142y kompleks o powierzchni ponad 2,5 miliona metr\u00f3w kwadratowych oferuje szereg ekscytuj\u0105cych przeja\u017cd\u017cek, przyg\u00f3d na wodzie i niesamowit\u0105 rozrywk\u0119 dla go\u015bci w ka\u017cdym wieku. Od ekscytuj\u0105cych kolejek g\u00f3rskich po symulowane tropikalne lasy deszczowe, Kraina Legend pobudza wyobra\u017ani\u0119 i pozostawia niezapomniane wspomnienia.<\/p>\n<\/li>\n<li style=\"text-align: center;\">\n<p style=\"text-align: center;\"><img loading=\"lazy\" decoding=\"async\" class=\"alignnone size-medium wp-image-7005\" src=\"https:\/\/holidayexcursion.com\/wp-content\/uploads\/2022\/01\/theme-park-efsane-olacak-ek-fotograflar-alanya-kemer-belek-antalya-300x197.jpg\" alt=\"\" width=\"300\" height=\"197\" title=\"\" srcset=\"https:\/\/holidayexcursion.com\/wp-content\/uploads\/2022\/01\/theme-park-efsane-olacak-ek-fotograflar-alanya-kemer-belek-antalya-300x197.jpg 300w, https:\/\/holidayexcursion.com\/wp-content\/uploads\/2022\/01\/theme-park-efsane-olacak-ek-fotograflar-alanya-kemer-belek-antalya-600x394.jpg 600w, https:\/\/holidayexcursion.com\/wp-content\/uploads\/2022\/01\/theme-park-efsane-olacak-ek-fotograflar-alanya-kemer-belek-antalya.jpg 640w\" sizes=\"auto, (max-width: 300px) 100vw, 300px\" \/><\/p>\n<\/li>\n<li style=\"text-align: center;\">\n<p style=\"text-align: center;\">2. Podr\u00f3\u017c do mitologii:<br \/>\nWejd\u017a do \u015bwiata, w kt\u00f3rym mitologia o\u017cywa w Krainie Legend. Park inspirowany jest staro\u017cytnymi mitami i legendami, oferuj\u0105c odwiedzaj\u0105cym wci\u0105gaj\u0105ce do\u015bwiadczenie w krain\u0119 folkloru greckiego, rzymskiego i tureckiego. Podczas zwiedzania parku spotkaj legendarne postacie, takie jak Herkules czy Midas, i b\u0105d\u017a \u015bwiadkiem niesamowitych wyst\u0119p\u00f3w na \u017cywo, kt\u00f3re o\u017cywiaj\u0105 te mityczne opowie\u015bci.<\/p>\n<\/li>\n<li style=\"text-align: center;\">\n<p style=\"text-align: center;\"><img loading=\"lazy\" decoding=\"async\" class=\"alignnone size-medium wp-image-7000\" src=\"https:\/\/holidayexcursion.com\/wp-content\/uploads\/2022\/01\/the-land-of-legends-kingdom-300x204.jpg\" alt=\"\" width=\"300\" height=\"204\" title=\"\" srcset=\"https:\/\/holidayexcursion.com\/wp-content\/uploads\/2022\/01\/the-land-of-legends-kingdom-300x204.jpg 300w, https:\/\/holidayexcursion.com\/wp-content\/uploads\/2022\/01\/the-land-of-legends-kingdom-768x522.jpg 768w, https:\/\/holidayexcursion.com\/wp-content\/uploads\/2022\/01\/the-land-of-legends-kingdom-1024x696.jpg 1024w, https:\/\/holidayexcursion.com\/wp-content\/uploads\/2022\/01\/the-land-of-legends-kingdom-600x408.jpg 600w, https:\/\/holidayexcursion.com\/wp-content\/uploads\/2022\/01\/the-land-of-legends-kingdom.jpg 1280w\" sizes=\"auto, (max-width: 300px) 100vw, 300px\" \/><\/p>\n<\/li>\n<li style=\"text-align: center;\">\n<p style=\"text-align: center;\">3. Wodne przygody dla wszystkich:<br \/>\nJedn\u0105 z g\u0142\u00f3wnych atrakcji wycieczki do Land of Legends jest niezwyk\u0142y <a href=\"https:\/\/holidayexcursion.com\/tours-in-alanya\/tours\/aquapark\/\">park wodny.<\/a> Zanurz si\u0119 w rozleg\u0142ym wodnym placu zabaw wyposa\u017conym w ekscytuj\u0105ce zje\u017cd\u017calnie, baseny ze sztucznymi falami, leniwe rzeki i t\u0119tni\u0105ce \u017cyciem laguny. Niezale\u017cnie od tego, czy szukasz adrenaliny, czy relaksuj\u0105cej k\u0105pieli w tropikalnej scenerii, park wodny zaspokoi wszystkie preferencje i zainteresowania.<\/p>\n<\/li>\n<li style=\"text-align: center;\">                                                        <img loading=\"lazy\" decoding=\"async\" class=\"alignnone size-medium wp-image-6995 aligncenter\" src=\"https:\/\/holidayexcursion.com\/wp-content\/uploads\/2022\/01\/the-land-of-legends-1-300x162.jpg\" alt=\"\" width=\"300\" height=\"162\" title=\"\" srcset=\"https:\/\/holidayexcursion.com\/wp-content\/uploads\/2022\/01\/the-land-of-legends-1-300x162.jpg 300w, https:\/\/holidayexcursion.com\/wp-content\/uploads\/2022\/01\/the-land-of-legends-1-600x323.jpg 600w, https:\/\/holidayexcursion.com\/wp-content\/uploads\/2022\/01\/the-land-of-legends-1.jpg 705w\" sizes=\"auto, (max-width: 300px) 100vw, 300px\" \/><\/li>\n<li style=\"text-align: center;\">\n<p style=\"text-align: center;\">4. Interakcje delfin\u00f3w i bie\u0142ugi:<br \/>\nMi\u0142o\u015bnikom zwierz\u0105t Land of Legends oferuje wyj\u0105tkowe mo\u017cliwo\u015bci interakcji z delfinami i bie\u0142ugami. Poczuj rado\u015b\u0107 i magi\u0119 spotkania z bliska tych inteligentnych, \u0142agodnych stworze\u0144 morskich i dowiedz si\u0119 o ich fascynuj\u0105cych zachowaniach od profesjonalnych trener\u00f3w. Spotkanie z tymi majestatycznymi zwierz\u0119tami tworzy niezapomniane wspomnienia.<\/p>\n<\/li>\n<li style=\"text-align: center;\">\n<p style=\"text-align: center;\"><img loading=\"lazy\" decoding=\"async\" class=\"alignnone size-medium wp-image-6990\" src=\"https:\/\/holidayexcursion.com\/wp-content\/uploads\/2022\/01\/The-land-off-legends-night-300x200.jpg\" alt=\"\" width=\"300\" height=\"200\" title=\"\" srcset=\"https:\/\/holidayexcursion.com\/wp-content\/uploads\/2022\/01\/The-land-off-legends-night-300x200.jpg 300w, https:\/\/holidayexcursion.com\/wp-content\/uploads\/2022\/01\/The-land-off-legends-night-768x512.jpg 768w, https:\/\/holidayexcursion.com\/wp-content\/uploads\/2022\/01\/The-land-off-legends-night-1024x683.jpg 1024w, https:\/\/holidayexcursion.com\/wp-content\/uploads\/2022\/01\/The-land-off-legends-night-600x400.jpg 600w, https:\/\/holidayexcursion.com\/wp-content\/uploads\/2022\/01\/The-land-off-legends-night.jpg 1050w\" sizes=\"auto, (max-width: 300px) 100vw, 300px\" \/><\/p>\n<\/li>\n<li style=\"text-align: center;\">\n<p style=\"text-align: center;\">5. Ekstrawagancja zakupowa i rozrywkowa:<br \/>\nOpr\u00f3cz wci\u0105gaj\u0105cych przyg\u00f3d, Land of Legends wyr\u00f3\u017cnia si\u0119 zapewnianiem wszechstronnej rozrywki. Zanurz si\u0119 w \u015bwiatowej klasy zakupach w luksusowej Avenue, gdzie czeka na Ciebie mn\u00f3stwo mi\u0119dzynarodowych marek. Od luksusowej mody po przysmaki kulinarne \u2013 ta dzielnica handlowa na \u015bwie\u017cym powietrzu doda Twojej wizycie dodatkowego uroku.<\/p>\n<\/li>\n<li style=\"text-align: center;\">\n<p style=\"text-align: center;\"><img loading=\"lazy\" decoding=\"async\" class=\"alignnone size-medium wp-image-6975\" src=\"https:\/\/holidayexcursion.com\/wp-content\/uploads\/2022\/01\/The-land-of-legends-belek-300x225.jpg\" alt=\"\" width=\"300\" height=\"225\" title=\"\" srcset=\"https:\/\/holidayexcursion.com\/wp-content\/uploads\/2022\/01\/The-land-of-legends-belek-300x225.jpg 300w, https:\/\/holidayexcursion.com\/wp-content\/uploads\/2022\/01\/The-land-of-legends-belek-768x576.jpg 768w, https:\/\/holidayexcursion.com\/wp-content\/uploads\/2022\/01\/The-land-of-legends-belek-600x450.jpg 600w, https:\/\/holidayexcursion.com\/wp-content\/uploads\/2022\/01\/The-land-of-legends-belek.jpg 1024w\" sizes=\"auto, (max-width: 300px) 100vw, 300px\" \/><\/p>\n<\/li>\n<li style=\"text-align: center;\">\n<p style=\"text-align: center;\">6. Wymarzone zakwaterowanie:<br \/>\nSpraw, aby Twoje do\u015bwiadczenie w Krainie Legend by\u0142o jeszcze bardziej niezwyk\u0142e, decyduj\u0105c si\u0119 na pobyt w hotelu Kingdom, znajduj\u0105cym si\u0119 na terenie parku. To kr\u00f3lewskie zakwaterowanie oferuje luksusowe pokoje, \u015bwiatowej klasy udogodnienia i \u0142atwy dost\u0119p do wszystkich atrakcji parku. Wyobra\u017a sobie, \u017ce budzisz si\u0119 i widzisz park z lotu ptaka, gotowy na kolejny dzie\u0144 pe\u0142en przyg\u00f3d.<img loading=\"lazy\" decoding=\"async\" class=\"alignnone size-medium wp-image-6970\" src=\"https:\/\/holidayexcursion.com\/wp-content\/uploads\/2022\/01\/the-land-o-flegends-tour-from-alanya.jpeg-2-300x169.jpg\" alt=\"\" width=\"300\" height=\"169\" title=\"\" srcset=\"https:\/\/holidayexcursion.com\/wp-content\/uploads\/2022\/01\/the-land-o-flegends-tour-from-alanya.jpeg-2-300x169.jpg 300w, https:\/\/holidayexcursion.com\/wp-content\/uploads\/2022\/01\/the-land-o-flegends-tour-from-alanya.jpeg-2-768x432.jpg 768w, https:\/\/holidayexcursion.com\/wp-content\/uploads\/2022\/01\/the-land-o-flegends-tour-from-alanya.jpeg-2-1024x576.jpg 1024w, https:\/\/holidayexcursion.com\/wp-content\/uploads\/2022\/01\/the-land-o-flegends-tour-from-alanya.jpeg-2-600x338.jpg 600w, https:\/\/holidayexcursion.com\/wp-content\/uploads\/2022\/01\/the-land-o-flegends-tour-from-alanya.jpeg-2.jpg 1280w\" sizes=\"auto, (max-width: 300px) 100vw, 300px\" \/><\/p>\n<\/li>\n<li style=\"text-align: center;\">\n<p style=\"text-align: center;\">7. Wieczorne pokazy i spektakularne fajerwerki:<br \/>\nGdy \u015bwiat\u0142o dzienne ust\u0119puje miejsca wieczorowi, Land of Legends przekszta\u0142ca si\u0119 w magiczn\u0105 krain\u0119 czar\u00f3w. Ciesz si\u0119 osza\u0142amiaj\u0105cymi wyst\u0119pami na \u017cywo, obejmuj\u0105cymi akrobacje, akrobacje i ol\u015bniewaj\u0105ce wyst\u0119py przecz\u0105ce grawitacji. Nocne niebo o\u017cywa dzi\u0119ki zapieraj\u0105cemu dech w piersiach pokazowi sztucznych ogni, kt\u00f3ry stanowi wielki fina\u0142 Twojej przygody w Krainie Legend.<\/p>\n<\/li>\n<li style=\"text-align: center;\">\n<p style=\"text-align: center;\"><img loading=\"lazy\" decoding=\"async\" class=\"alignnone size-medium wp-image-6985\" src=\"https:\/\/holidayexcursion.com\/wp-content\/uploads\/2022\/01\/the-land-of-legends-roller-coaster-300x200.jpg\" alt=\"\" width=\"300\" height=\"200\" title=\"\" srcset=\"https:\/\/holidayexcursion.com\/wp-content\/uploads\/2022\/01\/the-land-of-legends-roller-coaster-300x200.jpg 300w, https:\/\/holidayexcursion.com\/wp-content\/uploads\/2022\/01\/the-land-of-legends-roller-coaster-768x513.jpg 768w, https:\/\/holidayexcursion.com\/wp-content\/uploads\/2022\/01\/the-land-of-legends-roller-coaster-600x401.jpg 600w, https:\/\/holidayexcursion.com\/wp-content\/uploads\/2022\/01\/the-land-of-legends-roller-coaster.jpg 1023w\" sizes=\"auto, (max-width: 300px) 100vw, 300px\" \/><\/p>\n<\/li>\n<li style=\"text-align: center;\">\n<p style=\"text-align: center;\"> Wycieczka do Krainy Legend w Belek zaprasza Ci\u0119 do fantazji, przyg\u00f3d i cud\u00f3w w spektakularnym otoczeniu. Od ekscytuj\u0105cych przeja\u017cd\u017cek i wci\u0105gaj\u0105cej mitologii po spotkania z delfinami i bie\u0142ugami \u2013 park oferuje mn\u00f3stwo urzekaj\u0105cych wra\u017ce\u0144. Niezale\u017cnie od tego, czy wyruszasz w t\u0119 podr\u00f3\u017c z rodzin\u0105, przyjaci\u00f3\u0142mi czy bliskimi, Kraina Legend obiecuje wspomnienia, kt\u00f3re zostan\u0105 na ca\u0142e \u017cycie. Zaplanuj wi\u0119c swoj\u0105 wizyt\u0119 w tej niezwyk\u0142ej krainie i uwolnij ukrytego w niej poszukiwacza przyg\u00f3d.<\/p>\n<\/li>\n<\/ul>\n<div style=\"text-align: center;\"><\/div>\n<div style=\"text-align: center;\"><strong>CENA ZAWIERA:<\/strong><\/div>\n<div style=\"text-align: center;\">*Odbi\u00f3r i dow\u00f3z do hotelu<\/div>\n<div style=\"text-align: center;\">*Kraina legend Park rozrywki Op\u0142ata za wst\u0119p<\/div>\n<div style=\"text-align: center;\">*Pokaz delfin\u00f3w i lw\u00f3w morskich<\/div>\n<div style=\"text-align: center;\">*Zaj\u0119cia, zje\u017cd\u017calnie, baseny<\/div>\n<div style=\"text-align: center;\">*Kino 5D<\/div>\n<div style=\"text-align: center;\"><\/div>\n<div style=\"text-align: center;\"><strong>OPCJONALNE DODATKI:<\/strong><\/div>\n<div style=\"text-align: center;\">*Jedzenie napoje<\/div>\n<div style=\"text-align: center;\">*Wydatki osobiste<\/div>\n<div style=\"text-align: center;\">*P\u0142ywanie z delfinami<\/div>\n<div style=\"text-align: center;\"><\/div>\n<div style=\"text-align: center;\"><strong>DODATKOWE INFORMACJE I WSKAZ\u00d3WKI:<\/strong><\/div>\n<div style=\"text-align: center;\">*Zabierz ze sob\u0105 str\u00f3j k\u0105pielowy i krem \u200b\u200bdo opalania.<\/div>\n<div style=\"text-align: center;\">*Dozwolone jest zabranie telefonu kom\u00f3rkowego i aparatu.<\/div>\n<div style=\"text-align: center;\">\n<p><iframe loading=\"lazy\" title=\"Legends of Aqua at The Land of Legends Theme Park, Antalya, Turkey\" width=\"1020\" height=\"574\" src=\"https:\/\/www.youtube.com\/embed\/5Mx14y6IuIE?feature=oembed\" frameborder=\"0\" allow=\"accelerometer; autoplay; clipboard-write; encrypted-media; gyroscope; picture-in-picture; web-share\" allowfullscreen><\/iframe><\/p>\n<\/div>\n<div style=\"text-align: center;\">\n<p><iframe loading=\"lazy\" title=\"RIXOS Land of legends \u0441\u043f\u0443\u0441\u043a \u0441 \u0433\u043e\u0440\u043a\u0438 2\" width=\"1020\" height=\"574\" src=\"https:\/\/www.youtube.com\/embed\/WWSKd876fAw?feature=oembed\" frameborder=\"0\" allow=\"accelerometer; autoplay; clipboard-write; encrypted-media; gyroscope; picture-in-picture; web-share\" allowfullscreen><\/iframe><\/p>\n<\/div>\n<div style=\"text-align: center;\"><\/div>\n<div style=\"text-align: center;\"><\/div>\n","protected":false},"excerpt":{"rendered":"<p>KRAINA LEGEND Uwolnij przygod\u0119 i cuda dzi\u0119ki Land of Legends Tour Po\u0142o\u017cony na przepi\u0119knym tureckim wybrze\u017cu Belek oferuje urzekaj\u0105c\u0105 mieszank\u0119 historii, kultury i naturalnego pi\u0119kna. W\u015br\u00f3d wielu atrakcji Kraina Legend wyr\u00f3\u017cnia si\u0119 jako obowi\u0105zkowy cel podr\u00f3\u017cy dla podr\u00f3\u017cnik\u00f3w poszukuj\u0105cych niezwyk\u0142ych i wci\u0105gaj\u0105cych wra\u017ce\u0144. Ten program Holiday excursion wprowadza Ci\u0119 do Land of Legends Belek, maluj\u0105c<\/p>\n","protected":false},"featured_media":6997,"comment_status":"open","ping_status":"closed","template":"","meta":[],"product_brand":[],"product_cat":[107],"product_tag":[],"class_list":{"0":"post-20125","1":"product","2":"type-product","3":"status-publish","4":"has-post-thumbnail","6":"product_cat-wycieczki","8":"first","9":"instock","10":"featured","11":"virtual","12":"sold-individually","13":"purchasable","14":"product-type-booking"},"_links":{"self":[{"href":"https:\/\/holidayexcursion.com\/pl\/wp-json\/wp\/v2\/product\/20125","targetHints":{"allow":["GET"]}}],"collection":[{"href":"https:\/\/holidayexcursion.com\/pl\/wp-json\/wp\/v2\/product"}],"about":[{"href":"https:\/\/holidayexcursion.com\/pl\/wp-json\/wp\/v2\/types\/product"}],"replies":[{"embeddable":true,"href":"https:\/\/holidayexcursion.com\/pl\/wp-json\/wp\/v2\/comments?post=20125"}],"wp:featuredmedia":[{"embeddable":true,"href":"https:\/\/holidayexcursion.com\/pl\/wp-json\/wp\/v2\/media\/6997"}],"wp:attachment":[{"href":"https:\/\/holidayexcursion.com\/pl\/wp-json\/wp\/v2\/media?parent=20125"}],"wp:term":[{"taxonomy":"product_brand","embeddable":true,"href":"https:\/\/holidayexcursion.com\/pl\/wp-json\/wp\/v2\/product_brand?post=20125"},{"taxonomy":"product_cat","embeddable":true,"href":"https:\/\/holidayexcursion.com\/pl\/wp-json\/wp\/v2\/product_cat?post=20125"},{"taxonomy":"product_tag","embeddable":true,"href":"https:\/\/holidayexcursion.com\/pl\/wp-json\/wp\/v2\/product_tag?post=20125"}],"curies":[{"name":"wp","href":"https:\/\/api.w.org\/{rel}","templated":true}]}}