{"id":21637,"date":"2023-11-11T19:46:52","date_gmt":"2023-11-11T16:46:53","guid":{"rendered":"https:\/\/holidayexcursion.com\/?post_type=product&#038;p=21637"},"modified":"2024-04-20T11:38:31","modified_gmt":"2024-04-20T08:38:31","slug":"zielony-kanion","status":"publish","type":"product","link":"https:\/\/holidayexcursion.com\/pl\/tours-in-alanya\/wycieczki\/zielony-kanion\/","title":{"rendered":"ZIELONY KANION MANAVGAT"},"content":{"rendered":"<h2 style=\"text-align: center;\"><\/h2>\n<h2 style=\"text-align: center;\"><strong> ZIELONY KANION MANAVGAT<\/strong><\/h2>\n<p style=\"text-align: center;\"> Zielony Kanion Manavgat, cud natury po\u0142o\u017cony w prowincji <a href=\"https:\/\/tr.wikipedia.org\/wiki\/Antalya\" rel=\"nofollow noopener\" target=\"_blank\">Antalya<\/a> w Turcji, to zapieraj\u0105ce dech w piersiach miejsce, kt\u00f3re urzeka go\u015bci swoim osza\u0142amiaj\u0105cym pi\u0119knem i spokojn\u0105 atmosfer\u0105. Ten malowniczy kanion, znany r\u00f3wnie\u017c jako tama Oymapinar, jest popularnym celem wycieczek wakacyjnych, kt\u00f3ry oferuje wyj\u0105tkow\u0105 okazj\u0119 do poznania cud\u00f3w przyrody regionu.<\/p>\n<p style=\"text-align: center;\"><img loading=\"lazy\" decoding=\"async\" class=\"alignnone size-medium wp-image-21869\" src=\"https:\/\/holidayexcursion.com\/wp-content\/uploads\/2023\/11\/Manavgat-green-kanyon-holiday-excursion-300x159.jpg\" alt=\"\" width=\"300\" height=\"159\" title=\"\" srcset=\"https:\/\/holidayexcursion.com\/wp-content\/uploads\/2023\/11\/Manavgat-green-kanyon-holiday-excursion-300x159.jpg 300w, https:\/\/holidayexcursion.com\/wp-content\/uploads\/2023\/11\/Manavgat-green-kanyon-holiday-excursion-768x407.jpg 768w, https:\/\/holidayexcursion.com\/wp-content\/uploads\/2023\/11\/Manavgat-green-kanyon-holiday-excursion-600x318.jpg 600w, https:\/\/holidayexcursion.com\/wp-content\/uploads\/2023\/11\/Manavgat-green-kanyon-holiday-excursion.jpg 850w\" sizes=\"auto, (max-width: 300px) 100vw, 300px\" \/><\/p>\n<p style=\"text-align: center;\">Zielony Kanion <a href=\"https:\/\/tr.wikipedia.org\/wiki\/Manavgat\" rel=\"nofollow noopener\" target=\"_blank\">Manavgat<\/a> s\u0142ynie ze szmaragdowo zielonych w\u00f3d z bardzo przyjazn\u0105 atmosfer\u0105 i lokalnym \u017cyciem, bujn\u0105 ro\u015blinno\u015bci\u0105 i wysokimi klifami, kt\u00f3re tworz\u0105 spokojn\u0105 i nieziemsk\u0105 sceneri\u0119. Odwiedzaj\u0105cy mog\u0105 wybra\u0107 si\u0119 na relaksuj\u0105cy rejs \u0142odzi\u0105 wzd\u0142u\u017c kanionu, podczas kt\u00f3rego b\u0119d\u0105 mogli rozkoszowa\u0107 si\u0119 spektakularnymi krajobrazami podczas rejsu po krystalicznie czystej wodzie. Wycieczki \u0142odzi\u0105 cz\u0119sto obejmuj\u0105 postoje w miejscach do p\u0142ywania, gdzie odwiedzaj\u0105cy mog\u0105 za\u017cy\u0107 orze\u017awiaj\u0105cej k\u0105pieli w ch\u0142odnych, dziewiczych wodach kanionu.<\/p>\n<p style=\"text-align: center;\">Jedn\u0105 z g\u0142\u00f3wnych atrakcji wizyty w <a href=\"https:\/\/holidayexcursion.com\/tours-in-alanya\/tours\/side-aspendos-manavgat\/\">Zielonym Kanionie Manavgat<\/a> jest mo\u017cliwo\u015b\u0107 zanurzenia si\u0119 w dziewiczym \u015brodowisku naturalnym. Nieskazitelna woda i surowy krajobraz zielonego kanionu Manavgat tworz\u0105 idealne miejsce do uprawiania sport\u00f3w na \u015bwie\u017cym powietrzu, takich jak piesze w\u0119dr\u00f3wki, obserwowanie ptak\u00f3w i fotografowanie. Piesza eksploracja Zielonego Kanionu pozwala odwiedzaj\u0105cym doceni\u0107 r\u00f3\u017cnorodn\u0105 flor\u0119 i faun\u0119, kt\u00f3re zamieszkuj\u0105 ten obszar, a tak\u017ce zapieraj\u0105ce dech w piersiach widoki z r\u00f3\u017cnych punkt\u00f3w widokowych.<\/p>\n<p style=\"text-align: center;\"><img loading=\"lazy\" decoding=\"async\" class=\"alignnone size-medium wp-image-21863\" src=\"https:\/\/holidayexcursion.com\/wp-content\/uploads\/2023\/11\/manavgat-yesil-kanyon-holiday-excursion-300x159.jpg\" alt=\"\" width=\"300\" height=\"159\" title=\"\" srcset=\"https:\/\/holidayexcursion.com\/wp-content\/uploads\/2023\/11\/manavgat-yesil-kanyon-holiday-excursion-300x159.jpg 300w, https:\/\/holidayexcursion.com\/wp-content\/uploads\/2023\/11\/manavgat-yesil-kanyon-holiday-excursion-768x407.jpg 768w, https:\/\/holidayexcursion.com\/wp-content\/uploads\/2023\/11\/manavgat-yesil-kanyon-holiday-excursion-600x318.jpg 600w, https:\/\/holidayexcursion.com\/wp-content\/uploads\/2023\/11\/manavgat-yesil-kanyon-holiday-excursion.jpg 850w\" sizes=\"auto, (max-width: 300px) 100vw, 300px\" \/><\/p>\n<p style=\"text-align: center;\">Mi\u0142o\u015bnikom adrenaliny polecamy zielony kanion Manavgat, kt\u00f3ry oferuje mo\u017cliwo\u015bci aktywnego wypoczynku, takiego jak sp\u0142ywy kajakowe i rafting. Te ekscytuj\u0105ce do\u015bwiadczenia pozwalaj\u0105 odwiedzaj\u0105cym porusza\u0107 si\u0119 po kr\u0119tych drogach wodnych kanionu i do\u015bwiadczy\u0107 dreszczu emocji zwi\u0105zanych z pokonywaniem jego bystrzy, tworz\u0105c niezapomnian\u0105 i pe\u0142n\u0105 akcji przygod\u0119.<\/p>\n<p style=\"text-align: center;\">Opr\u00f3cz naturalnego pi\u0119kna, Zielony Kanion Manavgat oferuje tak\u017ce spokojn\u0105 ucieczk\u0119 od zgie\u0142ku codziennego \u017cycia. Spokojna atmosfera i idylliczna okolica sprawiaj\u0105, \u017ce jest to idealne miejsce na relaks i regeneracj\u0119 si\u0142. Odwiedzaj\u0105cy mog\u0105 odpocz\u0105\u0107 i rozkoszowa\u0107 si\u0119 spokojem kanionu, ciesz\u0105c si\u0119 spokojnym piknikiem, opalaj\u0105c si\u0119 na brzegu lub po prostu podziwiaj\u0105c inspiruj\u0105ce widoki.<\/p>\n<p style=\"text-align: center;\"><img loading=\"lazy\" decoding=\"async\" class=\"alignnone size-medium wp-image-21851\" src=\"https:\/\/holidayexcursion.com\/wp-content\/uploads\/2023\/11\/Green-Canyon-Boat-Tour_Holiday-Excursion-300x169.jpeg\" alt=\"\" width=\"300\" height=\"169\" title=\"\" srcset=\"https:\/\/holidayexcursion.com\/wp-content\/uploads\/2023\/11\/Green-Canyon-Boat-Tour_Holiday-Excursion-300x169.jpeg 300w, https:\/\/holidayexcursion.com\/wp-content\/uploads\/2023\/11\/Green-Canyon-Boat-Tour_Holiday-Excursion.jpeg 400w\" sizes=\"auto, (max-width: 300px) 100vw, 300px\" \/><\/p>\n<p style=\"text-align: center;\">Okolice Zielonego Kanionu s\u0105 r\u00f3wnie\u017c bogate w atrakcje kulturalne i historyczne, dzi\u0119ki czemu odwiedzaj\u0105cy maj\u0105 mo\u017cliwo\u015b\u0107 zag\u0142\u0119bienia si\u0119 w dziedzictwo regionu. Od staro\u017cytnych ruin po tradycyjne wioski \u2013 obszar Manavgat jest przesi\u0105kni\u0119ty histori\u0105 i oferuje wgl\u0105d w bogat\u0105 przesz\u0142o\u015b\u0107 Turcji.<\/p>\n<p style=\"text-align: center;\">Od staro\u017cytnych ruin po tradycyjne wioski \u2013 <a href=\"https:\/\/holidayexcursion.com\/tours-in-alanya\/tours\/sapadere-canyon\/\">obszar Manavgat jest<\/a> przesi\u0105kni\u0119ty histori\u0105 i oferuje wgl\u0105d w bogat\u0105 przesz\u0142o\u015b\u0107 Turcji. Mi\u0142o\u015bnicy ptak\u00f3w mog\u0105 z niecierpliwo\u015bci\u0105 czeka\u0107 na obserwacj\u0119 r\u00f3\u017cnorodnych gatunk\u00f3w ptak\u00f3w, w tym or\u0142\u00f3w, soko\u0142\u00f3w i czapli, co czyni go rajem dla mi\u0142o\u015bnik\u00f3w obserwacji ptak\u00f3w.<\/p>\n<p style=\"text-align: center;\"><img loading=\"lazy\" decoding=\"async\" class=\"alignnone size-medium wp-image-21857\" src=\"https:\/\/holidayexcursion.com\/wp-content\/uploads\/2023\/11\/Holiday-excursion-green-canyon-300x210.jpg\" alt=\"\" width=\"300\" height=\"210\" title=\"\" srcset=\"https:\/\/holidayexcursion.com\/wp-content\/uploads\/2023\/11\/Holiday-excursion-green-canyon-300x210.jpg 300w, https:\/\/holidayexcursion.com\/wp-content\/uploads\/2023\/11\/Holiday-excursion-green-canyon-768x538.jpg 768w, https:\/\/holidayexcursion.com\/wp-content\/uploads\/2023\/11\/Holiday-excursion-green-canyon-1024x717.jpg 1024w, https:\/\/holidayexcursion.com\/wp-content\/uploads\/2023\/11\/Holiday-excursion-green-canyon-600x420.jpg 600w, https:\/\/holidayexcursion.com\/wp-content\/uploads\/2023\/11\/Holiday-excursion-green-canyon.jpg 1200w\" sizes=\"auto, (max-width: 300px) 100vw, 300px\" \/><\/p>\n<p style=\"text-align: center;\">Og\u00f3lnie rzecz bior\u0105c, Zielony Kanion Manavgat to miejsce, kt\u00f3re przemawia do mi\u0142o\u015bnik\u00f3w przyrody, poszukiwaczy przyg\u00f3d i os\u00f3b poszukuj\u0105cych spokojnego wypoczynku. Niezale\u017cnie od tego, czy chodzi o odkrywanie dziewiczych w\u00f3d kanionu, prze\u017cywanie przyg\u00f3d na \u015bwie\u017cym powietrzu, czy po prostu podziwianie pi\u0119kna okolicy, wizyta w Zielonym Kanionie zapewnia niezapomniane wra\u017cenia, kt\u00f3re ukazuj\u0105 niezr\u00f3wnane pi\u0119kno natury.<\/p>\n<p style=\"text-align: center;\"> Zielony Kanion Manavgat w Turcji to cud natury, kt\u00f3ry przyci\u0105ga turyst\u00f3w wspania\u0142ymi krajobrazami, spokojnymi wodami i r\u00f3\u017cnorodn\u0105 ofert\u0105 zaj\u0119\u0107 na \u015bwie\u017cym powietrzu. Niezale\u017cnie od tego, czy jest to spokojny rejs \u0142odzi\u0105, przygoda podnosz\u0105ca poziom adrenaliny, czy po prostu podziwianie spokojnego pi\u0119kna okolicy, Zielony Kanion oferuje wyj\u0105tkowe i niezapomniane wra\u017cenia dla wszystkich, kt\u00f3rzy wybieraj\u0105 si\u0119 do zielonego kanionu Manavgat podczas wakacji w Antalyi. b\u0119dzie dobrym wyborem na mi\u0142\u0105 codzienn\u0105 wycieczk\u0119 z rodzin\u0105. Prawie ze wszystkich lokalizacji w Antalyi mo\u017cna wybra\u0107 si\u0119 na wycieczk\u0119 do tego zapieraj\u0105cego dech w piersiach miejsca.<\/p>\n<p style=\"text-align: center;\"><img loading=\"lazy\" decoding=\"async\" class=\"alignnone size-medium wp-image-21845\" src=\"https:\/\/holidayexcursion.com\/wp-content\/uploads\/2023\/11\/Green-Canyon-tour-300x210.jpeg\" alt=\"\" width=\"300\" height=\"210\" title=\"\" srcset=\"https:\/\/holidayexcursion.com\/wp-content\/uploads\/2023\/11\/Green-Canyon-tour-300x210.jpeg 300w, https:\/\/holidayexcursion.com\/wp-content\/uploads\/2023\/11\/Green-Canyon-tour-768x538.jpeg 768w, https:\/\/holidayexcursion.com\/wp-content\/uploads\/2023\/11\/Green-Canyon-tour-600x420.jpeg 600w, https:\/\/holidayexcursion.com\/wp-content\/uploads\/2023\/11\/Green-Canyon-tour.jpeg 800w\" sizes=\"auto, (max-width: 300px) 100vw, 300px\" \/><\/p>\n<div style=\"text-align: center;\">Wycieczka kabrioletem do Zielonego Kanionu z Alanyi jest pe\u0142na przyg\u00f3d, natury i zabawy. Wycieczka organizowana przez autobusy typu cabrio z otwartym dachem w rejonie tamy Oymap\u0131nar, zwanej Zielonym Kanionem. Zielony kanion po\u0142o\u017cony 80 km od Alanyi oferuje fantastyczne krajobrazy ze wzg\u00f3rzami g\u00f3ry Taurus poro\u015bni\u0119tymi sosnami i zielonym jeziorem zaporowym. Wycieczka po zielonym kanionie to \u015bwietna opcja, aby pozna\u0107 t\u0119 cudown\u0105 przyrod\u0119 i dobrze si\u0119 bawi\u0107. Wizyta w ma\u0142ym zoo, \u0142owienie ryb, p\u0142ywanie i sp\u0142ywy kajakowe po jeziorze Green to kolejne atrakcje wycieczki. Pyszny lunch serwowany jest w restauracji z widokiem na zielone jezioro. Safari po zielonym kanionie z Alanyi polecamy mi\u0142o\u015bnikom przyrody, kt\u00f3rzy lubi\u0105 poznawa\u0107 nowe trasy i przygody!<\/div>\n<div style=\"text-align: center;\"><img loading=\"lazy\" decoding=\"async\" class=\"alignnone size-medium wp-image-21833\" src=\"https:\/\/holidayexcursion.com\/wp-content\/uploads\/2023\/11\/green-canyon-holiday-excursion-300x150.jpg\" alt=\"\" width=\"300\" height=\"150\" title=\"\" srcset=\"https:\/\/holidayexcursion.com\/wp-content\/uploads\/2023\/11\/green-canyon-holiday-excursion-300x150.jpg 300w, https:\/\/holidayexcursion.com\/wp-content\/uploads\/2023\/11\/green-canyon-holiday-excursion.jpg 318w\" sizes=\"auto, (max-width: 300px) 100vw, 300px\" \/><\/div>\n<div style=\"text-align: center;\"><\/div>\n<div style=\"text-align: center;\"><strong>WYCIECZKA DO ZIELONEGO KANIONU Z ALANII<\/strong><\/div>\n<div style=\"text-align: center;\">* Odbi\u00f3r z hoteli i apartament\u00f3w w Alanyi i okolicach<\/div>\n<div style=\"text-align: center;\">* Transport Region zielonego kanionu Manavgat autostrad\u0105 autobusami typu cabrio<\/div>\n<div style=\"text-align: center;\">* Dotrzyj do obszaru Zielonego Kanionu i rozpocznij pierwsz\u0105 cz\u0119\u015b\u0107 drogi wok\u00f3\u0142 tamy i na zboczach g\u00f3ry Taurus<\/div>\n<div style=\"text-align: center;\">* Przerwa na zdj\u0119cia w staro\u017cytnych rzymskich akweduktach Odwied\u017a tureck\u0105 wiosk\u0119 normad\u00f3w, ogr\u00f3d owocowy i ma\u0142e zoo<\/div>\n<div style=\"text-align: center;\">* Przerwa na zdj\u0119cia na wzg\u00f3rzu z widokiem na Morze \u015ar\u00f3dziemne i obszar Zielonego Kanionu. Lunch w restauracji piknikowej obok Zielonego Jeziora. Czas wolny na p\u0142ywanie, p\u0142ywanie kajakiem na rowerze peda\u0142owym po jeziorze. Dow\u00f3z do hoteli i apartament\u00f3w w Alanyi i okolicach.<\/div>\n<div><\/div>\n<div style=\"text-align: center;\"><span style=\"font-size: 110%;\"><strong>Rodzaj cen<\/strong><\/span><\/div>\n<div style=\"text-align: center;\"><span style=\"font-size: 110%;\"> jedna osoba doros\u0142a ( &gt;10 )30<\/span><br \/>\n<span style=\"font-size: 110%;\"> jedna osoba Dziecko ( 4-9 ) 15 \u20ac<\/span><\/div>\n<div style=\"text-align: center;\"><span style=\"font-size: 110%;\"> jedna osoba Niemowl\u0119 ( 0-3 ) For free<\/span><\/div>\n<div style=\"text-align: center;\"><span style=\"font-size: 110%;\"> O ceny grupowe prosz\u0119 pyta\u0107.<\/span><\/div>\n<div style=\"text-align: center;\"><\/div>\n<div style=\"text-align: center;\"><strong>CENA ZAWIERA:<\/strong><\/div>\n<div style=\"text-align: center;\">* Odbi\u00f3r\/dow\u00f3z z hoteli i apartament\u00f3w w Alanyi i okolicach, przewodnik, lunch<\/div>\n<div style=\"text-align: center;\"><\/div>\n<div style=\"text-align: center;\"><strong>OPCJONALNE DODATKI:<\/strong><\/div>\n<div style=\"text-align: center;\">* Napoje, zdj\u0119cia, DVD, wydatki osobowe<\/div>\n<div style=\"text-align: center;\"><\/div>\n<div style=\"text-align: center;\"><strong>DODATKOWE INFORMACJE I WSKAZ\u00d3WKI:<\/strong><\/div>\n<div style=\"text-align: center;\">* Zabierz ze sob\u0105 kostium k\u0105pielowy, r\u0119cznik, krem \u200b\u200b\u200b\u200bdo opalania i aparat<\/div>\n<div style=\"text-align: center;\"><\/div>\n<p style=\"text-align: center;\">\u017byczymy Pa\u0144stwu niezapomnianych wspomnie\u0144 z wakacji w Turcji.<\/p>\n<p style=\"text-align: center;\">Ps: Aby uzyska\u0107 wi\u0119cej informacji, mo\u017cesz r\u00f3wnie\u017c skontaktowa\u0107 si\u0119 przez aplikacj\u0119 Whats lub wiadomo\u015b\u0107.<\/p>\n<p style=\"text-align: center;\"><a href=\"https:\/\/www.instagram.com\/\" rel=\"nofollow noopener\" target=\"_blank\">Wakacyjny Zesp\u00f3\u0142 Wycieczkowy,<\/a><\/p>\n<p><iframe loading=\"lazy\" title=\"Green Canyon, Turkey 2021\/ Manavgat, Side\" width=\"1020\" height=\"574\" src=\"https:\/\/www.youtube.com\/embed\/mmaFZq404ng?feature=oembed\" frameborder=\"0\" allow=\"accelerometer; autoplay; clipboard-write; encrypted-media; gyroscope; picture-in-picture; web-share\" allowfullscreen><\/iframe><\/p>\n<p><iframe loading=\"lazy\" title=\"Green Canyon Manavgat\" width=\"1020\" height=\"574\" src=\"https:\/\/www.youtube.com\/embed\/hHfLr8FOLPo?feature=oembed\" frameborder=\"0\" allow=\"accelerometer; autoplay; clipboard-write; encrypted-media; gyroscope; picture-in-picture; web-share\" allowfullscreen><\/iframe><\/p>\n<p><iframe loading=\"lazy\" title=\"Orginal Green Canyon Boat Trip 2023 #greencanyon #greencanyontour\" width=\"1020\" height=\"574\" src=\"https:\/\/www.youtube.com\/embed\/an1J2x_Buiw?feature=oembed\" frameborder=\"0\" allow=\"accelerometer; autoplay; clipboard-write; encrypted-media; gyroscope; picture-in-picture; web-share\" allowfullscreen><\/iframe><\/p>\n","protected":false},"excerpt":{"rendered":"<p>ZIELONY KANION MANAVGAT Zielony Kanion Manavgat, cud natury po\u0142o\u017cony w prowincji Antalya w Turcji, to zapieraj\u0105ce dech w piersiach miejsce, kt\u00f3re urzeka go\u015bci swoim osza\u0142amiaj\u0105cym pi\u0119knem i spokojn\u0105 atmosfer\u0105. Ten malowniczy kanion, znany r\u00f3wnie\u017c jako tama Oymapinar, jest popularnym celem wycieczek wakacyjnych, kt\u00f3ry oferuje wyj\u0105tkow\u0105 okazj\u0119 do poznania cud\u00f3w przyrody regionu. Zielony Kanion Manavgat s\u0142ynie<\/p>\n","protected":false},"featured_media":21848,"comment_status":"open","ping_status":"closed","template":"","meta":[],"product_brand":[],"product_cat":[107],"product_tag":[],"class_list":{"0":"post-21637","1":"product","2":"type-product","3":"status-publish","4":"has-post-thumbnail","6":"product_cat-wycieczki","8":"first","9":"instock","10":"featured","11":"virtual","12":"sold-individually","13":"purchasable","14":"product-type-booking"},"_links":{"self":[{"href":"https:\/\/holidayexcursion.com\/pl\/wp-json\/wp\/v2\/product\/21637","targetHints":{"allow":["GET"]}}],"collection":[{"href":"https:\/\/holidayexcursion.com\/pl\/wp-json\/wp\/v2\/product"}],"about":[{"href":"https:\/\/holidayexcursion.com\/pl\/wp-json\/wp\/v2\/types\/product"}],"replies":[{"embeddable":true,"href":"https:\/\/holidayexcursion.com\/pl\/wp-json\/wp\/v2\/comments?post=21637"}],"wp:featuredmedia":[{"embeddable":true,"href":"https:\/\/holidayexcursion.com\/pl\/wp-json\/wp\/v2\/media\/21848"}],"wp:attachment":[{"href":"https:\/\/holidayexcursion.com\/pl\/wp-json\/wp\/v2\/media?parent=21637"}],"wp:term":[{"taxonomy":"product_brand","embeddable":true,"href":"https:\/\/holidayexcursion.com\/pl\/wp-json\/wp\/v2\/product_brand?post=21637"},{"taxonomy":"product_cat","embeddable":true,"href":"https:\/\/holidayexcursion.com\/pl\/wp-json\/wp\/v2\/product_cat?post=21637"},{"taxonomy":"product_tag","embeddable":true,"href":"https:\/\/holidayexcursion.com\/pl\/wp-json\/wp\/v2\/product_tag?post=21637"}],"curies":[{"name":"wp","href":"https:\/\/api.w.org\/{rel}","templated":true}]}}