{"id":21661,"date":"2023-11-11T19:50:30","date_gmt":"2023-11-11T16:50:31","guid":{"rendered":"https:\/\/holidayexcursion.com\/?post_type=product&#038;p=21661"},"modified":"2024-10-22T03:02:37","modified_gmt":"2024-10-22T00:02:37","slug":"quad","status":"publish","type":"product","link":"https:\/\/holidayexcursion.com\/pl\/tours-in-alanya\/rent-a-car-pl\/quad\/","title":{"rendered":"QUAD BIKE (Atv)"},"content":{"rendered":"<h2 style=\"text-align: center;\"><strong>Quad ATV (570 CC)<\/strong><\/h2>\n<p style=\"text-align: center;\">Cena 1-7 dni: 130 \u20ac | 7-14 Cena za dzie\u0144: 110 \u20ac<\/p>\n<p style=\"text-align: center;\">Dzienny limit przejazdu quadami wynosi 80 km. Za ka\u017cdy dodatkowy wykorzystany kilometr naliczana jest op\u0142ata w wysoko\u015bci 1 euro.<\/p>\n<p style=\"text-align: center;\">Zalety wynajmu quad\u00f3w podczas wakacji w Alanyi<\/p>\n<p style=\"text-align: center;\">Je\u015bli chodzi o przygody, oferuj\u0105 one wyj\u0105tkowy spos\u00f3b na prze\u017cycie wspania\u0142ych chwil na \u015bwie\u017cym powietrzu i mo\u017cna wypo\u017cyczy\u0107 quad na r\u00f3\u017cne okresy, aby zaspokoi\u0107 r\u00f3\u017cne plany podr\u00f3\u017cy w Alanyi. Zag\u0142\u0119bimy si\u0119 w zalety wynajmu quad\u00f3w i w jaki spos\u00f3b poprawiaj\u0105 one Twoje przygody.<\/p>\n<p style=\"text-align: center;\"> <img loading=\"lazy\" decoding=\"async\" class=\"alignnone size-medium wp-image-21677\" src=\"https:\/\/holidayexcursion.com\/wp-content\/uploads\/2023\/11\/aada3afa-5294-4f25-a6e8-64b8f968ee73-169x300.jpg\" alt=\"Alanya ATV Quad Bike 570 cc\" width=\"169\" height=\"300\" title=\"\" srcset=\"https:\/\/holidayexcursion.com\/wp-content\/uploads\/2023\/11\/aada3afa-5294-4f25-a6e8-64b8f968ee73-169x300.jpg 169w, https:\/\/holidayexcursion.com\/wp-content\/uploads\/2023\/11\/aada3afa-5294-4f25-a6e8-64b8f968ee73-768x1365.jpg 768w, https:\/\/holidayexcursion.com\/wp-content\/uploads\/2023\/11\/aada3afa-5294-4f25-a6e8-64b8f968ee73-576x1024.jpg 576w, https:\/\/holidayexcursion.com\/wp-content\/uploads\/2023\/11\/aada3afa-5294-4f25-a6e8-64b8f968ee73-864x1536.jpg 864w, https:\/\/holidayexcursion.com\/wp-content\/uploads\/2023\/11\/aada3afa-5294-4f25-a6e8-64b8f968ee73-600x1067.jpg 600w, https:\/\/holidayexcursion.com\/wp-content\/uploads\/2023\/11\/aada3afa-5294-4f25-a6e8-64b8f968ee73.jpg 1152w\" sizes=\"auto, (max-width: 169px) 100vw, 169px\" \/><\/p>\n<p style=\"text-align: center;\">1. Uwolnij swojego ducha przyg\u00f3d:<\/p>\n<p style=\"text-align: center;\">Wypo\u017cyczenie quada w Alanyi pozwala uwolni\u0107 si\u0119 od przyg\u00f3d. Te czteroko\u0142owe pojazdy zosta\u0142y specjalnie zaprojektowane do jazdy po nier\u00f3wnym terenie, takim jak \u015bcie\u017cki gruntowe, nier\u00f3wne powierzchnie, a nawet wydmy. Dzi\u0119ki solidnej konstrukcji i mocnym silnikom quady zapewniaj\u0105 adrenalin\u0119 i otwieraj\u0105 zupe\u0142nie nowy \u015bwiat eksploracji.<\/p>\n<p style=\"text-align: center;\">2. Wi\u0119ksza elastyczno\u015b\u0107 i swoboda:<\/p>\n<p style=\"text-align: center;\">Jedn\u0105 ze znacz\u0105cych zalet wynajmu quad\u00f3w w <a href=\"https:\/\/en.wikipedia.org\/wiki\/Alanya\" rel=\"nofollow noopener\" target=\"_blank\">Alanyi<\/a> jest swoboda i elastyczno\u015b\u0107, jak\u0105 zapewniaj\u0105. W przeciwie\u0144stwie do tradycyjnych pojazd\u00f3w, quady doskonale radz\u0105 sobie z poruszaniem si\u0119 po ciasnych przestrzeniach i manewrowaniem wok\u00f3\u0142 przeszk\u00f3d. Dzi\u0119ki temu quady s\u0105 idealne do <a href=\"https:\/\/holidayexcursion.com\/tours-in-alanya\/tours\/quad-safari-tour\/\">eksploracji terenu<\/a>, odosobnionych szlak\u00f3w i obszar\u00f3w, do kt\u00f3rych wi\u0119ksze pojazdy mog\u0105 mie\u0107 trudno\u015bci z dost\u0119pem. Niezale\u017cnie od tego, czy zwiedzasz parki narodowe, wiejskie krajobrazy, czy odleg\u0142e lokalizacje, quady zapewniaj\u0105 swobod\u0119 zapuszczania si\u0119 w obszary, kt\u00f3re w przeciwnym razie by\u0142yby mniej dost\u0119pne.<\/p>\n<p style=\"text-align: center;\"><img loading=\"lazy\" decoding=\"async\" class=\"alignnone size-medium wp-image-21683\" src=\"https:\/\/holidayexcursion.com\/wp-content\/uploads\/2023\/11\/ac259278-2ed0-446a-b240-e2bb11cef1f9-300x169.jpg\" alt=\"Wynajem quada w Alanyi\" width=\"300\" height=\"169\" title=\"\" srcset=\"https:\/\/holidayexcursion.com\/wp-content\/uploads\/2023\/11\/ac259278-2ed0-446a-b240-e2bb11cef1f9-300x169.jpg 300w, https:\/\/holidayexcursion.com\/wp-content\/uploads\/2023\/11\/ac259278-2ed0-446a-b240-e2bb11cef1f9-768x432.jpg 768w, https:\/\/holidayexcursion.com\/wp-content\/uploads\/2023\/11\/ac259278-2ed0-446a-b240-e2bb11cef1f9-1024x576.jpg 1024w, https:\/\/holidayexcursion.com\/wp-content\/uploads\/2023\/11\/ac259278-2ed0-446a-b240-e2bb11cef1f9-1536x864.jpg 1536w, https:\/\/holidayexcursion.com\/wp-content\/uploads\/2023\/11\/ac259278-2ed0-446a-b240-e2bb11cef1f9-600x338.jpg 600w, https:\/\/holidayexcursion.com\/wp-content\/uploads\/2023\/11\/ac259278-2ed0-446a-b240-e2bb11cef1f9.jpg 2048w\" sizes=\"auto, (max-width: 300px) 100vw, 300px\" \/><\/p>\n<p style=\"text-align: center;\">3. Dopasowane do Twojej podr\u00f3\u017cy:<\/p>\n<p style=\"text-align: center;\">Wypo\u017cyczalnie quad\u00f3w w Alanyi oferuj\u0105 r\u00f3\u017cne opcje czasu trwania wypo\u017cyczenia, dostosowane do Twoich plan\u00f3w podr\u00f3\u017cy. Niezale\u017cnie od tego, czy planujesz jednodniow\u0105 wycieczk\u0119, czy wyruszasz na d\u0142u\u017csz\u0105 przygod\u0119, nasza agencja wynajmu mo\u017ce spe\u0142ni\u0107 Twoje potrzeby. Od wynajmu na godzin\u0119 w przypadku szybkich przeja\u017cd\u017cek po wynajem na kilka dni, a nawet co tydzie\u0144 w celu szczeg\u00f3\u0142owej eksploracji \u2014 znalezienie czasu wynajmu odpowiadaj\u0105cego Twojemu planowi podr\u00f3\u017cy jest wygodne i pozwala na dostosowanie do\u015bwiadczenia.<\/p>\n<p style=\"text-align: center;\">4. Wci\u0105gaj\u0105ce i interaktywne do\u015bwiadczenia:<\/p>\n<p style=\"text-align: center;\">Wypo\u017cyczenie quada w Alanyi zach\u0119ca do bardziej wci\u0105gaj\u0105cej i interaktywnej przygody. Dzi\u0119ki quadom mo\u017cesz poczu\u0107 powiew wiatru, poczu\u0107 otaczaj\u0105ce zapachy i na w\u0142asnej sk\u00f3rze poczu\u0107 dreszczyk emocji zwi\u0105zany z pokonywaniem trudnych teren\u00f3w. Blisko\u015b\u0107 natury pozwala na g\u0142\u0119bsz\u0105 wi\u0119\u017a z otoczeniem i daje szans\u0119 na obserwacj\u0119 dzikiej przyrody, odkrywanie ukrytych miejsc i docenianie pi\u0119kna otoczenia.<\/p>\n<p style=\"text-align: center;\"><img loading=\"lazy\" decoding=\"async\" class=\"alignnone size-medium wp-image-21665\" src=\"https:\/\/holidayexcursion.com\/wp-content\/uploads\/2023\/11\/8473132a-978f-4d18-8da9-ba8a30fe2172-169x300.jpg\" alt=\"Alanya Wynajmij atv\" width=\"169\" height=\"300\" title=\"\" srcset=\"https:\/\/holidayexcursion.com\/wp-content\/uploads\/2023\/11\/8473132a-978f-4d18-8da9-ba8a30fe2172-169x300.jpg 169w, https:\/\/holidayexcursion.com\/wp-content\/uploads\/2023\/11\/8473132a-978f-4d18-8da9-ba8a30fe2172-768x1365.jpg 768w, https:\/\/holidayexcursion.com\/wp-content\/uploads\/2023\/11\/8473132a-978f-4d18-8da9-ba8a30fe2172-576x1024.jpg 576w, https:\/\/holidayexcursion.com\/wp-content\/uploads\/2023\/11\/8473132a-978f-4d18-8da9-ba8a30fe2172-864x1536.jpg 864w, https:\/\/holidayexcursion.com\/wp-content\/uploads\/2023\/11\/8473132a-978f-4d18-8da9-ba8a30fe2172-600x1067.jpg 600w, https:\/\/holidayexcursion.com\/wp-content\/uploads\/2023\/11\/8473132a-978f-4d18-8da9-ba8a30fe2172.jpg 1152w\" sizes=\"auto, (max-width: 169px) 100vw, 169px\" \/><\/p>\n<p style=\"text-align: center;\">5. Przygody grupowe i rodzinne:<\/p>\n<p style=\"text-align: center;\">Wypo\u017cyczanie <a href=\"https:\/\/holidayexcursion.com\/tours-in-alanya\/tours\/quad-safari-tour\/\">quad\u00f3w<\/a> nie ogranicza si\u0119 do podr\u00f3\u017cy w pojedynk\u0119, ale umo\u017cliwia fantastyczne przygody w grupie lub rodzinie. Wypo\u017cyczalnie cz\u0119sto oferuj\u0105 quady odpowiednie do jazdy w tandemie lub przeznaczone dla wielu pasa\u017cer\u00f3w. Wypo\u017cyczenie kilku quad\u00f3w pozwala wybra\u0107 si\u0119 na wycieczki z przyjaci\u00f3\u0142mi lub rodzin\u0105, tworz\u0105c trwa\u0142e wspomnienia i wzmacniaj\u0105c poczucie kole\u017ce\u0144stwa poprzez wsp\u00f3lne do\u015bwiadczenia.<\/p>\n<p style=\"text-align: center;\">6. Profesjonalne wytyczne i \u015brodki bezpiecze\u0144stwa:<\/p>\n<p style=\"text-align: center;\"><a href=\"https:\/\/holidayexcursion.com\/rent-a-car-in-alanya\/\">Agencja wynajmu Holiday Excursion<\/a> oferuje dodatkowe us\u0142ugi, takie jak wycieczki z przewodnikiem lub wskaz\u00f3wki dotycz\u0105ce bezpiecze\u0144stwa. Us\u0142ugi te mog\u0105 by\u0107 nieocenione, szczeg\u00f3lnie je\u015bli dopiero zaczynasz przygod\u0119 z jazd\u0105 na quadach lub nie znasz okolicy, kt\u00f3r\u0105 zwiedzasz. Profesjonalni przewodnicy mog\u0105 zapewni\u0107 wgl\u0105d w lokalne tereny, poleci\u0107 malownicze trasy i zadba\u0107 o bezpiecze\u0144stwo podczas ca\u0142ej podr\u00f3\u017cy. \u015arodki bezpiecze\u0144stwa, takie jak kaski i inny sprz\u0119t ochronny, s\u0105 r\u00f3wnie\u017c powszechne podczas wynajmu quad\u00f3w, co zapewnia spok\u00f3j ducha podczas przygody.<\/p>\n<p style=\"text-align: center;\"><img loading=\"lazy\" decoding=\"async\" class=\"alignnone size-medium wp-image-21689\" src=\"https:\/\/holidayexcursion.com\/wp-content\/uploads\/2023\/11\/eb84e1ac-e2c2-40c4-8bb8-49adba4a3e18-300x168.jpg\" alt=\"Quad typu segway w Alanyi\" width=\"300\" height=\"168\" title=\"\" srcset=\"https:\/\/holidayexcursion.com\/wp-content\/uploads\/2023\/11\/eb84e1ac-e2c2-40c4-8bb8-49adba4a3e18-300x168.jpg 300w, https:\/\/holidayexcursion.com\/wp-content\/uploads\/2023\/11\/eb84e1ac-e2c2-40c4-8bb8-49adba4a3e18-768x431.jpg 768w, https:\/\/holidayexcursion.com\/wp-content\/uploads\/2023\/11\/eb84e1ac-e2c2-40c4-8bb8-49adba4a3e18-1024x575.jpg 1024w, https:\/\/holidayexcursion.com\/wp-content\/uploads\/2023\/11\/eb84e1ac-e2c2-40c4-8bb8-49adba4a3e18-1536x863.jpg 1536w, https:\/\/holidayexcursion.com\/wp-content\/uploads\/2023\/11\/eb84e1ac-e2c2-40c4-8bb8-49adba4a3e18-600x337.jpg 600w, https:\/\/holidayexcursion.com\/wp-content\/uploads\/2023\/11\/eb84e1ac-e2c2-40c4-8bb8-49adba4a3e18.jpg 2048w\" sizes=\"auto, (max-width: 300px) 100vw, 300px\" \/><\/p>\n<p style=\"text-align: center;\">Wypo\u017cyczenie <a href=\"https:\/\/holidayexcursion.com\/tours-in-alanya\/tours\/quad-safari-tour\/\">quad\u00f3w<\/a> w Alanyi otwiera przed Tob\u0105 \u015bwiat ekscytuj\u0105cych wra\u017ce\u0144 i pozwala przesuwa\u0107 granice eksploracji. Dzi\u0119ki swoim doskona\u0142ym w\u0142a\u015bciwo\u015bciom terenowym, elastyczno\u015bci i interaktywnemu charakterowi, quady zapewniaj\u0105 wyj\u0105tkowy spos\u00f3b na zanurzenie si\u0119 w wspania\u0142ej atmosferze na \u015bwie\u017cym powietrzu. Niezale\u017cnie od tego, czy szukasz zastrzyku adrenaliny, alternatywnego sposobu odkrywania malowniczych krajobraz\u00f3w, czy niezapomnianej przygody w grupie, wypo\u017cyczenie quada mo\u017ce zmieni\u0107 zwyk\u0142\u0105 wycieczk\u0119 w niezwyk\u0142\u0105. Przygotuj si\u0119, poczuj dreszczyk emocji i wyrusz na niezapomnian\u0105 przygod\u0119 na quadach.<\/p>\n<p style=\"text-align: center;\"><img loading=\"lazy\" decoding=\"async\" class=\"alignnone size-medium wp-image-21671\" src=\"https:\/\/holidayexcursion.com\/wp-content\/uploads\/2023\/11\/89448760-ae04-4fdb-a8b7-4b80ad89fcd8-169x300.jpg\" alt=\"Alanya Atv Quad bike 500 cc\" width=\"169\" height=\"300\" title=\"\" srcset=\"https:\/\/holidayexcursion.com\/wp-content\/uploads\/2023\/11\/89448760-ae04-4fdb-a8b7-4b80ad89fcd8-169x300.jpg 169w, https:\/\/holidayexcursion.com\/wp-content\/uploads\/2023\/11\/89448760-ae04-4fdb-a8b7-4b80ad89fcd8-768x1365.jpg 768w, https:\/\/holidayexcursion.com\/wp-content\/uploads\/2023\/11\/89448760-ae04-4fdb-a8b7-4b80ad89fcd8-576x1024.jpg 576w, https:\/\/holidayexcursion.com\/wp-content\/uploads\/2023\/11\/89448760-ae04-4fdb-a8b7-4b80ad89fcd8-864x1536.jpg 864w, https:\/\/holidayexcursion.com\/wp-content\/uploads\/2023\/11\/89448760-ae04-4fdb-a8b7-4b80ad89fcd8-600x1067.jpg 600w, https:\/\/holidayexcursion.com\/wp-content\/uploads\/2023\/11\/89448760-ae04-4fdb-a8b7-4b80ad89fcd8.jpg 1152w\" sizes=\"auto, (max-width: 169px) 100vw, 169px\" \/><\/p>\n<p style=\"text-align: center;\">1. Jakie s\u0105 wymagania dotycz\u0105ce wynajmu quada?<br \/>\nAby wypo\u017cyczy\u0107 quada, zazwyczaj potrzebne jest wa\u017cne prawo jazdy, a w niekt\u00f3rych przypadkach mo\u017ce by\u0107 konieczne spe\u0142nienie wymaga\u0144 dotycz\u0105cych minimalnego wieku. Ponadto niekt\u00f3re wypo\u017cyczalnie mog\u0105 wymaga\u0107 odprawy bezpiecze\u0144stwa lub wcze\u015bniejszego do\u015bwiadczenia w prowadzeniu pojazd\u00f3w terenowych.<\/p>\n<p style=\"text-align: center;\">2. Ile kosztuje wypo\u017cyczenie quada?<br \/>\nKoszt wynajmu quada mo\u017ce si\u0119 r\u00f3\u017cni\u0107 w zale\u017cno\u015bci od takich czynnik\u00f3w, jak lokalizacja, czas wynajmu i rodzaj quada. Stawki wynajmu zazwyczaj wahaj\u0105 si\u0119 od 50 do 200 dolar\u00f3w lub wi\u0119cej za godzin\u0119, przy wynajmie na ca\u0142y dzie\u0144 cz\u0119sto dost\u0119pne s\u0105 zni\u017cki.<\/p>\n<p style=\"text-align: center;\">3. Czy aby wypo\u017cyczy\u0107 quada potrzebuj\u0119 ubezpieczenia?<br \/>\nWiele wypo\u017cyczalni quad\u00f3w oferuje opcje ubezpieczenia, kt\u00f3re mo\u017cna wykupi\u0107 za dodatkow\u0105 op\u0142at\u0105. Przed wypo\u017cyczeniem quada wa\u017cne jest, aby zapyta\u0107 o zakres ubezpieczenia i zapozna\u0107 si\u0119 z jego warunkami.<\/p>\n<p style=\"text-align: center;\">4. Czy wypo\u017cyczalnia quad\u00f3w zapewnia kaski?<br \/>\nKaski s\u0105 zazwyczaj dostarczane z wypo\u017cyczalni\u0105 quad\u00f3w. Ze wzgl\u0119du na bezpiecze\u0144stwo osobiste i zgodno\u015b\u0107 z lokalnymi przepisami wa\u017cne jest noszenie kasku.<\/p>\n<p style=\"text-align: center;\">5. Czy mog\u0119 wypo\u017cyczy\u0107 quada bez wcze\u015bniejszego do\u015bwiadczenia w je\u017adzie?<br \/>\nNiekt\u00f3re wypo\u017cyczalnie mog\u0105 zapewnia\u0107 podstawowe szkolenie dla pocz\u0105tkuj\u0105cych, podczas gdy inne mog\u0105 wymaga\u0107 od wynajmuj\u0105cych wcze\u015bniejszego do\u015bwiadczenia w je\u017adzie na quadach. Wa\u017cne jest, aby zapyta\u0107 o to, je\u015bli jeste\u015b pocz\u0105tkuj\u0105cym je\u017ad\u017acem.<\/p>\n<p style=\"text-align: center;\">6. Jaka jest procedura zwrotu quada?<br \/>\nZazwyczaj oczekuje si\u0119, \u017ce wypo\u017cyczaj\u0105cy zwr\u00f3ci quad do wypo\u017cyczalni w uzgodnionym terminie i w takim samym stanie, w jakim by\u0142 wypo\u017cyczony. Op\u00f3\u017aniony zwrot mo\u017ce wi\u0105za\u0107 si\u0119 z dodatkowymi op\u0142atami, dlatego wa\u017cne jest, aby przestrzega\u0107 umowy najmu.<\/p>\n<p style=\"text-align: center;\">7. Czy istniej\u0105 ograniczenia dotycz\u0105ce miejsc, w kt\u00f3rych mog\u0119 je\u017adzi\u0107 wypo\u017cyczonym quadem?<br \/>\nWa\u017cne jest, aby zrozumie\u0107 wszelkie ograniczenia dotycz\u0105ce miejsc, w kt\u00f3rych mo\u017cna je\u017adzi\u0107 wypo\u017cyczonym quadem. Umowy najmu mog\u0105 zawiera\u0107 ograniczenia dotycz\u0105ce okre\u015blonych obszar\u00f3w lub typ\u00f3w terenu, dlatego przestrzeganie tych ogranicze\u0144 jest niezwykle istotne.<\/p>\n<p style=\"text-align: center;\">8. Czy za przekroczenie przebiegu stosowania dodatkowych op\u0142at?<br \/>\nNiekt\u00f3re wypo\u017cyczalnie quad\u00f3w maj\u0105 ograniczenia dotycz\u0105ce przebiegu i mog\u0105 nak\u0142ada\u0107 dodatkowe op\u0142aty za przekroczenie wyznaczonego dystansu. Aby unikn\u0105\u0107 nieoczekiwanych op\u0142at, nale\u017cy zapozna\u0107 si\u0119 z tymi terminami.<\/p>\n<p style=\"text-align: center;\">9. Co dzieje si\u0119 w przypadku wyst\u0105pienia problemu lub choroby?<br \/>\nW przypadku problem\u00f3w mechanicznych lub awarii w okresie wynajmu wa\u017cne jest, aby zna\u0107 procedury kontaktu z wypo\u017cyczalni\u0105 i uzyskania pomocy lub pojazdu zast\u0119pczego.<\/p>\n<p style=\"text-align: center;\">10. Jakie s\u0105 akceptowane formy p\u0142atno\u015bci za wypo\u017cyczenie quada?<br \/>\nWi\u0119kszo\u015b\u0107 wypo\u017cyczalni quad\u00f3w akceptuje p\u0142atno\u015bci g\u0142\u00f3wnymi kartami kredytowymi, a niekt\u00f3rzy mog\u0105 r\u00f3wnie\u017c zezwala\u0107 na transakcje got\u00f3wkowe. Wa\u017cne jest, aby przed wypo\u017cyczeniem quada wyja\u015bni\u0107 akceptowane metody p\u0142atno\u015bci.<\/p>\n<p style=\"text-align: center;\">Wypo\u017cyczenie quada mo\u017ce zapewni\u0107 ekscytuj\u0105c\u0105 <a href=\"https:\/\/holidayexcursion.com\/tours-in-alanya\/tours\/buggy-tour\/\">przygod\u0119<\/a> na \u015bwie\u017cym powietrzu, a zapoznanie si\u0119 z procesem wypo\u017cyczenia, wytycznymi dotycz\u0105cymi bezpiecze\u0144stwa oraz powi\u0105zanymi kosztami i zasadami mo\u017ce zapewni\u0107 p\u0142ynne i przyjemne do\u015bwiadczenie.<\/p>\n<p style=\"text-align: center;\"><img loading=\"lazy\" decoding=\"async\" class=\"alignnone size-medium wp-image-24707\" src=\"https:\/\/holidayexcursion.com\/wp-content\/uploads\/2023\/11\/Quad-bike-segway-snarler-300x232.webp\" alt=\"\" width=\"300\" height=\"232\" title=\"\" srcset=\"https:\/\/holidayexcursion.com\/wp-content\/uploads\/2023\/11\/Quad-bike-segway-snarler-300x232.webp 300w, https:\/\/holidayexcursion.com\/wp-content\/uploads\/2023\/11\/Quad-bike-segway-snarler-768x595.webp 768w, https:\/\/holidayexcursion.com\/wp-content\/uploads\/2023\/11\/Quad-bike-segway-snarler-600x464.webp 600w, https:\/\/holidayexcursion.com\/wp-content\/uploads\/2023\/11\/Quad-bike-segway-snarler.webp 1005w\" sizes=\"auto, (max-width: 300px) 100vw, 300px\" \/><\/p>\n<p style=\"text-align: center;\"><strong><a href=\"https:\/\/www.segwayturkiye.com\/snarler.php\" rel=\"nofollow noopener\" target=\"_blank\">SEGWAY SNARLER<\/a> 570 DANE TECHNICZNE <\/strong><\/p>\n<p style=\"text-align: center;\"> Ch\u0142odzony ciecz\u0105, jednocylindrowy, 4-suwowy silnik DOHC o pojemno\u015bci 570 cm3, zapewniaj\u0105cy maksymalnie 44 KM i moment obrotowy 48 N\u00b7m. W silniku 570CC zastosowano optymaln\u0105 konstrukcj\u0119 \u015bwiecy zap\u0142onowej izolatora i zoptymalizowan\u0105 CAM. Dzi\u0119ki dodaniu elektronicznego uk\u0142adu wtrysku paliwa uk\u0142ad nap\u0119dowy dobrze dostosowuje si\u0119 do pracy w wysokich i niskich temperaturach oraz na du\u017cych wysoko\u015bciach.<\/p>\n<p style=\"text-align: center;\">Skok zawieszenia tylnego 210 mm Skok zawieszenia przedniego 180 mm.<\/p>\n<p style=\"text-align: center;\">\u017byczymy Pa\u0144stwu niezapomnianych wspomnie\u0144 z wakacji w Alanyi w Turcji.<\/p>\n<p style=\"text-align: center;\">Ps: Aby uzyska\u0107 wi\u0119cej informacji, mo\u017cesz r\u00f3wnie\u017c skontaktowa\u0107 si\u0119 przez aplikacj\u0119 Whats lub wiadomo\u015b\u0107.<\/p>\n<p style=\"text-align: center;\"><a href=\"https:\/\/www.facebook.com\/Alanyaholidayexcursion\" rel=\"nofollow noopener\" target=\"_blank\">Wakacyjny Zesp\u00f3\u0142 Wycieczkowy,<\/a><\/p>\n<p><iframe loading=\"lazy\" title=\"Introducing the Segway Powersports Snarler AT6 Quad bike!\" width=\"1020\" height=\"574\" src=\"https:\/\/www.youtube.com\/embed\/ng8pGOOsycU?feature=oembed\" frameborder=\"0\" allow=\"accelerometer; autoplay; clipboard-write; encrypted-media; gyroscope; picture-in-picture; web-share\" allowfullscreen><\/iframe><\/p>\n<p><iframe loading=\"lazy\" title=\"Off-road with ATV, Quad Segway snarler 600\" width=\"1020\" height=\"574\" src=\"https:\/\/www.youtube.com\/embed\/yRbfskkw_vg?feature=oembed\" frameborder=\"0\" allow=\"accelerometer; autoplay; clipboard-write; encrypted-media; gyroscope; picture-in-picture; web-share\" allowfullscreen><\/iframe><\/p>\n<p><iframe loading=\"lazy\" title=\"REVIEW \u274c SEGWAY Snarler 600 \ud83d\udca2 Test Ride \u2757\ufe0f\u2757\ufe0f\" width=\"1020\" height=\"574\" src=\"https:\/\/www.youtube.com\/embed\/OhktLAdp2MM?feature=oembed\" frameborder=\"0\" allow=\"accelerometer; autoplay; clipboard-write; encrypted-media; gyroscope; picture-in-picture; web-share\" allowfullscreen><\/iframe><\/p>\n","protected":false},"excerpt":{"rendered":"<p>Quad ATV (570 CC) Cena 1-7 dni: 130 \u20ac | 7-14 Cena za dzie\u0144: 110 \u20ac Dzienny limit przejazdu quadami wynosi 80 km. Za ka\u017cdy dodatkowy wykorzystany kilometr naliczana jest op\u0142ata w wysoko\u015bci 1 euro. Zalety wynajmu quad\u00f3w podczas wakacji w Alanyi Je\u015bli chodzi o przygody, oferuj\u0105 one wyj\u0105tkowy spos\u00f3b na prze\u017cycie wspania\u0142ych chwil na<\/p>\n","protected":false},"featured_media":24698,"comment_status":"open","ping_status":"closed","template":"","meta":[],"product_brand":[],"product_cat":[106],"product_tag":[],"class_list":{"0":"post-21661","1":"product","2":"type-product","3":"status-publish","4":"has-post-thumbnail","6":"product_cat-rent-a-car-pl","8":"first","9":"instock","10":"featured","11":"virtual","12":"sold-individually","13":"purchasable","14":"product-type-booking"},"_links":{"self":[{"href":"https:\/\/holidayexcursion.com\/pl\/wp-json\/wp\/v2\/product\/21661","targetHints":{"allow":["GET"]}}],"collection":[{"href":"https:\/\/holidayexcursion.com\/pl\/wp-json\/wp\/v2\/product"}],"about":[{"href":"https:\/\/holidayexcursion.com\/pl\/wp-json\/wp\/v2\/types\/product"}],"replies":[{"embeddable":true,"href":"https:\/\/holidayexcursion.com\/pl\/wp-json\/wp\/v2\/comments?post=21661"}],"wp:featuredmedia":[{"embeddable":true,"href":"https:\/\/holidayexcursion.com\/pl\/wp-json\/wp\/v2\/media\/24698"}],"wp:attachment":[{"href":"https:\/\/holidayexcursion.com\/pl\/wp-json\/wp\/v2\/media?parent=21661"}],"wp:term":[{"taxonomy":"product_brand","embeddable":true,"href":"https:\/\/holidayexcursion.com\/pl\/wp-json\/wp\/v2\/product_brand?post=21661"},{"taxonomy":"product_cat","embeddable":true,"href":"https:\/\/holidayexcursion.com\/pl\/wp-json\/wp\/v2\/product_cat?post=21661"},{"taxonomy":"product_tag","embeddable":true,"href":"https:\/\/holidayexcursion.com\/pl\/wp-json\/wp\/v2\/product_tag?post=21661"}],"curies":[{"name":"wp","href":"https:\/\/api.w.org\/{rel}","templated":true}]}}