{"id":21739,"date":"2023-11-11T20:24:28","date_gmt":"2023-11-11T17:24:29","guid":{"rendered":"https:\/\/holidayexcursion.com\/?post_type=product&#038;p=21739"},"modified":"2023-12-06T00:26:45","modified_gmt":"2023-12-05T21:26:45","slug":"go-kart","status":"publish","type":"product","link":"https:\/\/holidayexcursion.com\/pl\/tours-in-alanya\/rent-a-car-pl\/go-kart\/","title":{"rendered":"ALANYA GO KART"},"content":{"rendered":"<h2 style=\"text-align: center;\"><strong>ALANYA GO KART <\/strong><\/h2>\n<p style=\"text-align: center;\">Karting w Alanyi od dawna jest podstaw\u0105 ekscytuj\u0105cej, szybkiej zabawy zar\u00f3wno dla os\u00f3b indywidualnych, jak i rodzin.<\/p>\n<p style=\"text-align: center;\">Go kart w Alanyi, kt\u00f3ry powsta\u0142 jako ekscytuj\u0105ca rozrywka dla entuzjast\u00f3w wy\u015bcig\u00f3w, przekszta\u0142ci\u0142 si\u0119 w popularn\u0105 aktywno\u015b\u0107 rekreacyjn\u0105, oferuj\u0105c przyst\u0119pny i ekscytuj\u0105cy spos\u00f3b na prze\u017cycie dreszczyku emocji zwi\u0105zanych z wy\u015bcigami kartingowymi. Niezale\u017cnie od tego, czy chodzi o rozrywk\u0119, wy\u015bcigi czy imprezy integracyjne, gokarty w Alanyi zapewniaj\u0105 adrenalin\u0119, kt\u00f3ra przemawia do szerokiego grona entuzjast\u00f3w.<\/p>\n<p style=\"text-align: center;\">Dodatkowo gokarty to fantastyczny spos\u00f3b na doskonalenie umiej\u0119tno\u015bci prowadzenia pojazdu i poznanie dynamiki wy\u015bcig\u00f3w. Aspiruj\u0105cy kierowcy mog\u0105 rozwija\u0107 swoje umiej\u0119tno\u015bci w bezpiecznym i kontrolowanym \u015brodowisku, opanowuj\u0105c sztuk\u0119 hamowania, przyspieszania i pokonywania trudnych zakr\u0119t\u00f3w.<\/p>\n<p style=\"text-align: center;\"><img loading=\"lazy\" decoding=\"async\" class=\"alignnone wp-image-24647\" src=\"https:\/\/holidayexcursion.com\/wp-content\/uploads\/2023\/11\/Go-kart-alanya-300x189.png\" alt=\"\" width=\"400\" height=\"252\" title=\"\" srcset=\"https:\/\/holidayexcursion.com\/wp-content\/uploads\/2023\/11\/Go-kart-alanya-300x189.png 300w, https:\/\/holidayexcursion.com\/wp-content\/uploads\/2023\/11\/Go-kart-alanya-768x483.png 768w, https:\/\/holidayexcursion.com\/wp-content\/uploads\/2023\/11\/Go-kart-alanya-1024x644.png 1024w, https:\/\/holidayexcursion.com\/wp-content\/uploads\/2023\/11\/Go-kart-alanya-600x377.png 600w, https:\/\/holidayexcursion.com\/wp-content\/uploads\/2023\/11\/Go-kart-alanya.png 1100w\" sizes=\"auto, (max-width: 400px) 100vw, 400px\" \/><\/p>\n<p style=\"text-align: center;\">Atrakcyjno\u015b\u0107 gokart\u00f3w polega na ich dost\u0119pno\u015bci i wszechstronno\u015bci. Od krytych obiekt\u00f3w kartingowych po <a href=\"https:\/\/holidayexcursion.com\/tours-in-alanya\/rent-a-car\/utv\/\">tory zewn\u0119trzne<\/a> \u2013 obiekty go kartowe obs\u0142uguj\u0105 zar\u00f3wno pocz\u0105tkuj\u0105cych zawodnik\u00f3w, jak i do\u015bwiadczonych zawodnik\u00f3w, zapewniaj\u0105c integracyjne \u015brodowisko dla wszystkich poziom\u00f3w umiej\u0119tno\u015bci. Dzi\u0119ki r\u00f3\u017cnym dost\u0119pnym opcjom kartingowym, w tym gokartom elektrycznym, go kartom nap\u0119dzanym gazem i specjalnie zaprojektowanym gokartom m\u0142odzie\u017cowym, go karty oferuj\u0105 bezpieczne i dostosowane do wieku osoby w ka\u017cdym wieku.<\/p>\n<p style=\"text-align: center;\">Dla wielu go karty to ekscytuj\u0105ca aktywno\u015b\u0107 rekreacyjna, kt\u00f3ra \u0142\u0105czy adrenalin\u0119 wynikaj\u0105c\u0105 z pr\u0119dko\u015bci i rywalizacji z rado\u015bci\u0105 z przyjacielskiej rywalizacji. Niezale\u017cnie od tego, czy jest to weekendowy wypad z przyjaci\u00f3\u0142mi, czy rodzinna przygoda, go karty w Alanyi zapewniaj\u0105 ekscytuj\u0105ce i rozrywkowe wra\u017cenia, kt\u00f3re sprzyjaj\u0105 kole\u017ce\u0144stwu i przyjaznej rywalizacji. Ponadto obiekty go kartowe cz\u0119sto oferuj\u0105 udogodnienia, takie jak systemy pomiaru czasu, ligi wy\u015bcigowe i specjalne wydarzenia, aby zaspokoi\u0107 potrzeby entuzjast\u00f3w, kt\u00f3rzy szukaj\u0105 bardziej konkurencyjnej i wci\u0105gaj\u0105cej rozgrywki.<\/p>\n<p style=\"text-align: center;\"><img loading=\"lazy\" decoding=\"async\" class=\"alignnone wp-image-24641\" src=\"https:\/\/holidayexcursion.com\/wp-content\/uploads\/2023\/11\/Go-kart-alanya-1-300x300.jpg\" alt=\"\" width=\"399\" height=\"399\" title=\"\" srcset=\"https:\/\/holidayexcursion.com\/wp-content\/uploads\/2023\/11\/Go-kart-alanya-1-300x300.jpg 300w, https:\/\/holidayexcursion.com\/wp-content\/uploads\/2023\/11\/Go-kart-alanya-1-100x100.jpg 100w, https:\/\/holidayexcursion.com\/wp-content\/uploads\/2023\/11\/Go-kart-alanya-1-150x150.jpg 150w, https:\/\/holidayexcursion.com\/wp-content\/uploads\/2023\/11\/Go-kart-alanya-1.jpg 600w\" sizes=\"auto, (max-width: 399px) 100vw, 399px\" \/><\/p>\n<p style=\"text-align: center;\">Opr\u00f3cz przyjemno\u015bci rekreacyjnej, go karty w <a href=\"https:\/\/tr.wikipedia.org\/wiki\/Alanya\" rel=\"nofollow noopener\" target=\"_blank\">Alanyi<\/a> s\u0105 popularn\u0105 opcj\u0105 do zaj\u0119\u0107 integracyjnych i imprez firmowych dla wszystkich odwiedzaj\u0105cych. Wiele firm i organizacji wykorzystuje jazd\u0119 kartingiem jako wyj\u0105tkowy i wci\u0105gaj\u0105cy spos\u00f3b na wspieranie pracy zespo\u0142owej, komunikacji i przyjaznej rywalizacji w\u015br\u00f3d wsp\u00f3\u0142pracownik\u00f3w. Cz\u0142onkowie zespo\u0142u mog\u0105 bra\u0107 udzia\u0142 w bezpo\u015brednich <a href=\"https:\/\/www.fiakarting.com\/page\/home\" rel=\"nofollow noopener\" target=\"_blank\">wy\u015bcigach<\/a>, sztafetach i wyzwaniach zespo\u0142owych, tworz\u0105c niezapomniane i interaktywne wra\u017cenia, kt\u00f3re promuj\u0105 wsp\u00f3\u0142prac\u0119 i kole\u017ce\u0144stwo mi\u0119dzy uczestnikami.<\/p>\n<p style=\"text-align: center;\">Bezpiecze\u0144stwo jest spraw\u0105 najwy\u017cszej wagi na gokartach w Alanyi, a renomowane obiekty traktuj\u0105 priorytetowo dobro swoich je\u017ad\u017ac\u00f3w. Nowoczesne <a href=\"https:\/\/tr.wikipedia.org\/wiki\/Go_kart\" rel=\"nofollow noopener\" target=\"_blank\">go karty<\/a> s\u0105 wyposa\u017cone w zabezpieczenia, takie jak pa\u0142\u0105ki, pasy bezpiecze\u0144stwa i zaawansowane uk\u0142ady hamulcowe, aby zapewni\u0107 bezpiecze\u0144stwo i przyjemno\u015b\u0107 z jazdy. Ponadto pracownicy obiekt\u00f3w gokartowych zapewniaj\u0105 odprawy dotycz\u0105ce bezpiecze\u0144stwa, zasady toru i wskaz\u00f3wki, aby zapewni\u0107, \u017ce uczestnicy s\u0105 dobrze poinformowani i przygotowani do swoich do\u015bwiadcze\u0144 z kartingiem.<\/p>\n<p style=\"text-align: center;\"><img loading=\"lazy\" decoding=\"async\" class=\"alignnone wp-image-24635\" src=\"https:\/\/holidayexcursion.com\/wp-content\/uploads\/2023\/11\/Go-kart-Alanya-Holiday-1-225x300.jpg\" alt=\"\" width=\"257\" height=\"343\" title=\"\" srcset=\"https:\/\/holidayexcursion.com\/wp-content\/uploads\/2023\/11\/Go-kart-Alanya-Holiday-1-225x300.jpg 225w, https:\/\/holidayexcursion.com\/wp-content\/uploads\/2023\/11\/Go-kart-Alanya-Holiday-1-768x1024.jpg 768w, https:\/\/holidayexcursion.com\/wp-content\/uploads\/2023\/11\/Go-kart-Alanya-Holiday-1-1152x1536.jpg 1152w, https:\/\/holidayexcursion.com\/wp-content\/uploads\/2023\/11\/Go-kart-Alanya-Holiday-1-600x800.jpg 600w, https:\/\/holidayexcursion.com\/wp-content\/uploads\/2023\/11\/Go-kart-Alanya-Holiday-1.jpg 1200w\" sizes=\"auto, (max-width: 257px) 100vw, 257px\" \/><\/p>\n<p style=\"text-align: center;\">Proces uczestnictwa w gokartach w Alanyi jest zazwyczaj prosty i obejmuje udogodnienia umo\u017cliwiaj\u0105ce zwiedzanie, rezerwacje grupowe i rezerwacje wydarze\u0144 w zale\u017cno\u015bci od r\u00f3\u017cnych preferencji. Niezale\u017cnie od tego, czy jest to spontaniczny wypad, czy zaplanowane wydarzenie, obiekty go kartowe w Alanyi maj\u0105 na celu zapewnienie wszystkim uczestnikom p\u0142ynnych i przyjemnych wra\u017ce\u0144. Wiele obiekt\u00f3w oferuje r\u00f3wnie\u017c dodatkowe udogodnienia, takie jak posi\u0142ki na miejscu, gry zr\u0119czno\u015bciowe i przestrzenie do organizowania wydarze\u0144, aby poprawi\u0107 og\u00f3lne wra\u017cenia go\u015bci.<\/p>\n<p style=\"text-align: center;\">Co wi\u0119cej, gokart sta\u0142 si\u0119 odskoczni\u0105 dla os\u00f3b zainteresowanych \u015bciganiem si\u0119 w wy\u015bcigach kartingowych i sportach motorowych. Amatorskie i profesjonalne tory wy\u015bcigowe cz\u0119sto s\u0142u\u017c\u0105 jako poligon dla pocz\u0105tkuj\u0105cych entuzjast\u00f3w sport\u00f3w motorowych, umo\u017cliwiaj\u0105c im doskonalenie umiej\u0119tno\u015bci prowadzenia pojazdu, nauk\u0119 wy\u015bcig\u00f3w samochodowych, a ostatecznie przej\u015bcie do bardziej zaawansowanych dyscyplin sport\u00f3w motorowych. W zwi\u0105zku z tym gokart odgrywa kluczow\u0105 rol\u0119 w kultywowaniu pasji do sport\u00f3w motorowych i stanowi bram\u0119 do przysz\u0142ych zainteresowa\u0144 wy\u015bcigowych.<\/p>\n<p style=\"text-align: center;\"><img loading=\"lazy\" decoding=\"async\" class=\"alignnone wp-image-24653\" src=\"https:\/\/holidayexcursion.com\/wp-content\/uploads\/2023\/11\/Go-kart-holiday-excursion-300x169.jpg\" alt=\"\" width=\"403\" height=\"227\" title=\"\" srcset=\"https:\/\/holidayexcursion.com\/wp-content\/uploads\/2023\/11\/Go-kart-holiday-excursion-300x169.jpg 300w, https:\/\/holidayexcursion.com\/wp-content\/uploads\/2023\/11\/Go-kart-holiday-excursion-768x431.jpg 768w, https:\/\/holidayexcursion.com\/wp-content\/uploads\/2023\/11\/Go-kart-holiday-excursion-1024x575.jpg 1024w, https:\/\/holidayexcursion.com\/wp-content\/uploads\/2023\/11\/Go-kart-holiday-excursion-600x337.jpg 600w, https:\/\/holidayexcursion.com\/wp-content\/uploads\/2023\/11\/Go-kart-holiday-excursion.jpg 1100w\" sizes=\"auto, (max-width: 403px) 100vw, 403px\" \/><\/p>\n<p style=\"text-align: center;\">Gokarty w Alanyi s\u0105 uosobieniem szybkiej zabawy i przyjaznej rywalizacji. Niezale\u017cnie od tego, czy szukasz zastrzyku adrenaliny, czy chcesz wyostrzy\u0107 swoje umiej\u0119tno\u015bci wy\u015bcigowe, jazda gokartami zapewni niezapomniane wra\u017cenia, kt\u00f3re sprawi\u0105, \u017ce b\u0119dziesz pragn\u0105\u0142 kolejnych okr\u0105\u017ce\u0144 na torze.<\/p>\n<p style=\"text-align: center;\">Gokarty nadal urzekaj\u0105 entuzjast\u00f3w swoj\u0105 przyst\u0119pn\u0105, ekscytuj\u0105c\u0105 i w\u0142\u0105czaj\u0105c\u0105 natur\u0105. Niezale\u017cnie od tego, czy chodzi o przyjemno\u015b\u0107 rekreacyjn\u0105, wy\u015bcigi czy zaj\u0119cia zwi\u0105zane z budowaniem zespo\u0142u, gokarty oferuj\u0105 wra\u017cenia podnosz\u0105ce adrenalin\u0119, odpowiednie dla os\u00f3b w ka\u017cdym wieku i na ka\u017cdym poziomie umiej\u0119tno\u015bci. K\u0142ad\u0105c nacisk na bezpiecze\u0144stwo, dost\u0119pno\u015b\u0107 i rozrywk\u0119, gokarty pozostaj\u0105 ulubion\u0105 rozrywk\u0105 zar\u00f3wno entuzjast\u00f3w wy\u015bcig\u00f3w, jak i zwyk\u0142ych uczestnik\u00f3w, zapewniaj\u0105c dynamiczne i niezapomniane wra\u017cenia, kt\u00f3re nadal przyci\u0105gaj\u0105 zr\u00f3\u017cnicowan\u0105 i entuzjastyczn\u0105 publiczno\u015b\u0107. Nie wahaj si\u0119 z nami skontaktowa\u0107, aby uzyska\u0107 wi\u0119cej informacji przygoda i zabawa w Alanyi.<\/p>\n<div style=\"text-align: center;\"><strong>PROGRAM WYCIECZKI GO KARTINGOWEJ ALANYI:<\/strong><\/div>\n<div style=\"text-align: center;\">* Odbi\u00f3r z hoteli i apartament\u00f3w w Alanyi, Transfer prywatnym samochodem do parku GO KART<\/div>\n<div style=\"text-align: center;\">* Przyjazd do parku GO KART. 15 minut jazdy kartingiem, relaks i czas wolny<\/div>\n<div style=\"text-align: center;\">* Dow\u00f3z do Twoich hoteli i apartament\u00f3w w Alanyi.<\/div>\n<div style=\"text-align: center;\"><\/div>\n<div style=\"text-align: center;\"><strong>CENA ZAWIERA:<\/strong><\/div>\n<div style=\"text-align: center;\">* Op\u0142ata za us\u0142ug\u0119 z hoteli i apartament\u00f3w w Alanyi 15 minut jazdy gokartem, przewodnik, instruktorzy.<\/div>\n<div style=\"text-align: center;\"><\/div>\n<div style=\"text-align: center;\"><strong>OPCJONALNE DODATKI:<\/strong><\/div>\n<div style=\"text-align: center;\">* Wydatki osobiste ze <a href=\"https:\/\/www.tripadvisor.com.tr\/Restaurants-g297961-c8-Alanya_Turkish_Mediterranean_Coast.html\" rel=\"nofollow noopener\" target=\"_blank\">sto\u0142\u00f3wki<\/a> na terenie obiektu<\/div>\n<div style=\"text-align: center;\"><\/div>\n<div style=\"text-align: center;\"><strong>DODATKOWE INFORMACJE I WSKAZ\u00d3WKI<\/strong><\/div>\n<div style=\"text-align: center;\">* Zabrania si\u0119 jazdy dzieciom poni\u017cej 9 roku \u017cycia, kt\u00f3re nie musz\u0105 nosi\u0107 specjalnego ubioru.<\/div>\n<div style=\"text-align: center;\">*Rezerwacja mo\u017cliwa jest o ka\u017cdej porze w godzinach 10:00 &#8211; 20:00. prawo jazdy nie jest wymagane<\/div>\n<p style=\"text-align: center;\">\u017byczymy Pa\u0144stwu niezapomnianych wspomnie\u0144 z wakacji w Alanyi w Turcji.<\/p>\n<p style=\"text-align: center;\">Ps: Aby uzyska\u0107 wi\u0119cej informacji, mo\u017cesz r\u00f3wnie\u017c skontaktowa\u0107 si\u0119 przez aplikacj\u0119 Whats lub wiadomo\u015b\u0107.<\/p>\n<p style=\"text-align: center;\"><a href=\"https:\/\/www.instagram.com\/\" rel=\"nofollow noopener\" target=\"_blank\">Wakacyjny Zesp\u00f3\u0142 Wycieczkowy,<\/a><\/p>\n<p><iframe loading=\"lazy\" title=\"Go Kart Alanya\" width=\"1020\" height=\"574\" src=\"https:\/\/www.youtube.com\/embed\/CX5Q9VZU3g4?feature=oembed\" frameborder=\"0\" allow=\"accelerometer; autoplay; clipboard-write; encrypted-media; gyroscope; picture-in-picture; web-share\" allowfullscreen><\/iframe><\/p>\n<p><iframe loading=\"lazy\" title=\"GO KART ALANYA VLOGU \/ E\u011flence Makinas\u0131\" width=\"1020\" height=\"574\" src=\"https:\/\/www.youtube.com\/embed\/_WggGj7dr0I?feature=oembed\" frameborder=\"0\" allow=\"accelerometer; autoplay; clipboard-write; encrypted-media; gyroscope; picture-in-picture; web-share\" allowfullscreen><\/iframe><\/p>\n<p><iframe loading=\"lazy\" title=\"ALANYA PARK CART\u0130NK GO CART \u0130\u015eLETMES\u0130\" width=\"1020\" height=\"574\" src=\"https:\/\/www.youtube.com\/embed\/DmEEWEhqKUw?feature=oembed\" frameborder=\"0\" allow=\"accelerometer; autoplay; clipboard-write; encrypted-media; gyroscope; picture-in-picture; web-share\" allowfullscreen><\/iframe><\/p>\n","protected":false},"excerpt":{"rendered":"<p>ALANYA GO KART Karting w Alanyi od dawna jest podstaw\u0105 ekscytuj\u0105cej, szybkiej zabawy zar\u00f3wno dla os\u00f3b indywidualnych, jak i rodzin. Go kart w Alanyi, kt\u00f3ry powsta\u0142 jako ekscytuj\u0105ca rozrywka dla entuzjast\u00f3w wy\u015bcig\u00f3w, przekszta\u0142ci\u0142 si\u0119 w popularn\u0105 aktywno\u015b\u0107 rekreacyjn\u0105, oferuj\u0105c przyst\u0119pny i ekscytuj\u0105cy spos\u00f3b na prze\u017cycie dreszczyku emocji zwi\u0105zanych z wy\u015bcigami kartingowymi. Niezale\u017cnie od tego, czy<\/p>\n","protected":false},"featured_media":21758,"comment_status":"open","ping_status":"closed","template":"","meta":[],"product_brand":[],"product_cat":[106],"product_tag":[],"class_list":{"0":"post-21739","1":"product","2":"type-product","3":"status-publish","4":"has-post-thumbnail","6":"product_cat-rent-a-car-pl","8":"first","9":"instock","10":"featured","11":"virtual","12":"sold-individually","13":"purchasable","14":"product-type-booking"},"_links":{"self":[{"href":"https:\/\/holidayexcursion.com\/pl\/wp-json\/wp\/v2\/product\/21739","targetHints":{"allow":["GET"]}}],"collection":[{"href":"https:\/\/holidayexcursion.com\/pl\/wp-json\/wp\/v2\/product"}],"about":[{"href":"https:\/\/holidayexcursion.com\/pl\/wp-json\/wp\/v2\/types\/product"}],"replies":[{"embeddable":true,"href":"https:\/\/holidayexcursion.com\/pl\/wp-json\/wp\/v2\/comments?post=21739"}],"wp:featuredmedia":[{"embeddable":true,"href":"https:\/\/holidayexcursion.com\/pl\/wp-json\/wp\/v2\/media\/21758"}],"wp:attachment":[{"href":"https:\/\/holidayexcursion.com\/pl\/wp-json\/wp\/v2\/media?parent=21739"}],"wp:term":[{"taxonomy":"product_brand","embeddable":true,"href":"https:\/\/holidayexcursion.com\/pl\/wp-json\/wp\/v2\/product_brand?post=21739"},{"taxonomy":"product_cat","embeddable":true,"href":"https:\/\/holidayexcursion.com\/pl\/wp-json\/wp\/v2\/product_cat?post=21739"},{"taxonomy":"product_tag","embeddable":true,"href":"https:\/\/holidayexcursion.com\/pl\/wp-json\/wp\/v2\/product_tag?post=21739"}],"curies":[{"name":"wp","href":"https:\/\/api.w.org\/{rel}","templated":true}]}}