{"id":21769,"date":"2023-11-11T20:43:38","date_gmt":"2023-11-11T17:43:39","guid":{"rendered":"https:\/\/holidayexcursion.com\/?post_type=product&#038;p=21769"},"modified":"2023-11-28T02:17:42","modified_gmt":"2023-11-27T23:17:42","slug":"naturalny-basen","status":"publish","type":"product","link":"https:\/\/holidayexcursion.com\/pl\/tours-in-alanya\/wycieczki\/naturalny-basen\/","title":{"rendered":"NATURALNY BASEN GAZ\u0130PA\u015eA"},"content":{"rendered":"<h2 style=\"text-align: center;\"><strong>NATURALNY BASEN GAZ\u0130PA\u015eA<\/strong><\/h2>\n<p style=\"text-align: center;\">Czy wiedzia\u0142e\u015b o miejscu zwanym naturalny\u00a0 basenem Gazipa\u015fa? <a href=\"https:\/\/tr.wikipedia.org\/wiki\/Gazipa%C5%9Fa\" rel=\"nofollow noopener\" target=\"_blank\">Gazipa\u015fa<\/a> nie jest zbyt znana, poza tym, \u017ce jest to miasto nazwane na cze\u015b\u0107 Gazi Mustafy Kemala Paszy, a banany s\u0105 szalenie produkowane. Miasto b\u0119d\u0105ce najbardziej wysuni\u0119t\u0105 na wsch\u00f3d dzielnic\u0105 Antalyi czeka na odkrycie mi\u0142o\u015bnik\u00f3w r\u00f3\u017cnych tras i chc\u0105cych zobaczy\u0107 nowe miejsca z ciekawymi formacjami naturalnymi, staro\u017cytnymi miastami nad morzem.<\/p>\n<p style=\"text-align: center;\">Naturalne baseny Gazipa\u015fa to ukryty klejnot po\u0142o\u017cony w\u015br\u00f3d urzekaj\u0105cych krajobraz\u00f3w regionu <a href=\"https:\/\/tr.wikipedia.org\/wiki\/Antalya\" rel=\"nofollow noopener\" target=\"_blank\">Antalya<\/a>. Te zaciszne baseny, po\u0142o\u017cone po\u015br\u00f3d bujnej zieleni i nier\u00f3wnego terenu, oferuj\u0105 spokojn\u0105 ucieczk\u0119 podr\u00f3\u017cnym pragn\u0105cym zanurzy\u0107 si\u0119 w spokoju i pi\u0119knie natury. Otoczone zielonymi lasami i malowniczymi widokami naturalne baseny Gazipa\u015fa zapewniaj\u0105 wyj\u0105tkow\u0105 okazj\u0119 do do\u015bwiadczenia odm\u0142adzaj\u0105cej mocy dziewiczych w\u00f3d w dziewiczym \u015brodowisku, kt\u00f3re wydaje si\u0119 by\u0107 \u015bwiatem odbiegaj\u0105cym od zwyczajno\u015bci.<\/p>\n<p style=\"text-align: center;\"><img loading=\"lazy\" decoding=\"async\" class=\"alignnone size-medium wp-image-21942\" src=\"https:\/\/holidayexcursion.com\/wp-content\/uploads\/2023\/11\/gazipasa-naturel-pool-1-300x216.jpg\" alt=\"\" width=\"300\" height=\"216\" title=\"\" srcset=\"https:\/\/holidayexcursion.com\/wp-content\/uploads\/2023\/11\/gazipasa-naturel-pool-1-300x216.jpg 300w, https:\/\/holidayexcursion.com\/wp-content\/uploads\/2023\/11\/gazipasa-naturel-pool-1-768x553.jpg 768w, https:\/\/holidayexcursion.com\/wp-content\/uploads\/2023\/11\/gazipasa-naturel-pool-1-600x432.jpg 600w, https:\/\/holidayexcursion.com\/wp-content\/uploads\/2023\/11\/gazipasa-naturel-pool-1.jpg 900w\" sizes=\"auto, (max-width: 300px) 100vw, 300px\" \/><\/p>\n<p style=\"text-align: center;\"><span class=\"JLqJ4b ChMk0b\" data-language-for-alternatives=\"en\" data-language-to-translate-into=\"tr\" data-phrase-index=\"3\">W Gazipa\u015fa jest morze, piasek i s\u0142o\u0144ce, ale s\u0105 te\u017c Naturalne Baseny Gazipa\u015fa, kt\u00f3rych nie ma nigdzie.<\/span> Gazipa\u015fa <span class=\"JLqJ4b ChMk0b\" data-language-for-alternatives=\"en\" data-language-to-translate-into=\"tr\" data-phrase-index=\"4\">Naturalne baseny sk\u0142adaj\u0105ce si\u0119 ze ska\u0142 w morzu, na wsch\u00f3d od pla\u017cy Koru we wschodniej cz\u0119\u015bci Gazipa\u015fa.<\/span> <span class=\"JLqJ4b ChMk0b\" data-language-for-alternatives=\"en\" data-language-to-translate-into=\"tr\" data-phrase-index=\"5\">To cud natury.<\/span> <span class=\"JLqJ4b ChMk0b\" data-language-for-alternatives=\"en\" data-language-to-translate-into=\"tr\" data-phrase-index=\"6\">Ci, kt\u00f3rzy nie lubi\u0105 t\u0142um\u00f3w, kt\u00f3rzy chc\u0105 mie\u0107 basen, ale jednocze\u015bnie mie\u0107 wod\u0119 morsk\u0105, to jest wyb\u00f3r.<\/span> <span class=\"JLqJ4b ChMk0b\" data-language-for-alternatives=\"en\" data-language-to-translate-into=\"tr\" data-phrase-index=\"7\">Naturalne baseny znajduj\u0105 si\u0119 6 km od Gazipa\u015fa i 50 km od Alanyi.<\/span> <span class=\"JLqJ4b ChMk0b\" data-language-for-alternatives=\"en\" data-language-to-translate-into=\"tr\" data-phrase-index=\"8\">wyjecha\u0142<\/span><\/p>\n<p style=\"text-align: center;\">Gazipa\u015fa Natural s\u0142yn\u0105 z krystalicznie czystej wody, zasilanej przez naturalne \u017ar\u00f3d\u0142a i kaskadowe strumienie wij\u0105ce si\u0119 przez malowniczy teren regionu. Szmaragdowe odcienie i zach\u0119caj\u0105ca przejrzysto\u015b\u0107 basen\u00f3w sprawiaj\u0105, \u017ce s\u0105 one orze\u017awiaj\u0105c\u0105 oaz\u0105 dla go\u015bci szukaj\u0105cych wytchnienia od ciep\u0142a \u015br\u00f3dziemnomorskiego s\u0142o\u0144ca.<\/p>\n<p style=\"text-align: center;\"><img loading=\"lazy\" decoding=\"async\" class=\"alignnone size-medium wp-image-21960\" src=\"https:\/\/holidayexcursion.com\/wp-content\/uploads\/2023\/11\/gazipasa-naturel-pool-4-300x216.jpg\" alt=\"\" width=\"300\" height=\"216\" title=\"\" srcset=\"https:\/\/holidayexcursion.com\/wp-content\/uploads\/2023\/11\/gazipasa-naturel-pool-4-300x216.jpg 300w, https:\/\/holidayexcursion.com\/wp-content\/uploads\/2023\/11\/gazipasa-naturel-pool-4-768x553.jpg 768w, https:\/\/holidayexcursion.com\/wp-content\/uploads\/2023\/11\/gazipasa-naturel-pool-4-600x432.jpg 600w, https:\/\/holidayexcursion.com\/wp-content\/uploads\/2023\/11\/gazipasa-naturel-pool-4.jpg 900w\" sizes=\"auto, (max-width: 300px) 100vw, 300px\" \/><\/p>\n<p style=\"text-align: center;\">Zanurzenie si\u0119 w spokojnych wodach naturalnych basen\u00f3w Gazipa\u015fa oferuje zmys\u0142owe wra\u017cenia, kt\u00f3re koj\u0105 dusz\u0119 i o\u017cywiaj\u0105 ducha. Gdy odwiedzaj\u0105cy wchodz\u0105 do ch\u0142odnych, dziewiczych w\u00f3d, s\u0105 otoczeni delikatnym u\u015bciskiem natury, znajduj\u0105c pocieszenie w naturalnym spokoju, kt\u00f3ry przenika otoczenie.<\/p>\n<p style=\"text-align: center;\">Opr\u00f3cz w\u0142a\u015bciwo\u015bci ch\u0142odz\u0105cych naturalne baseny <a href=\"https:\/\/holidayexcursion.com\/tours-in-alanya\/tours\/gazipasa-king-bay\/\">Gazipa\u015fa<\/a> stanowi\u0105 r\u00f3wnie\u017c p\u0142\u00f3tno do relaksu i kontemplacji. Ozdobione pokrytymi mchem ska\u0142ami i zielonymi li\u015b\u0107mi malownicze pi\u0119kno basen\u00f3w tworzy spokojn\u0105 atmosfer\u0119, kt\u00f3ra zach\u0119ca go\u015bci do odpoczynku, refleksji i delektowania si\u0119 cisz\u0105 \u015bwiata przyrody.<\/p>\n<p style=\"text-align: center;\"><img loading=\"lazy\" decoding=\"async\" class=\"alignnone size-full wp-image-21948\" src=\"https:\/\/holidayexcursion.com\/wp-content\/uploads\/2023\/11\/gazipasa-naturel-pool-2.jpg\" alt=\"\" width=\"265\" height=\"190\" title=\"\"><\/p>\n<p style=\"text-align: center;\">Urok naturalnych basen\u00f3w Gazipa\u015fa wykracza poza ich uspokajaj\u0105ce wody, poniewa\u017c okoliczne krajobrazy zach\u0119caj\u0105 do eksploracji i odkrywania. Przez okolic\u0119 wij\u0105 si\u0119 szlaki turystyczne, kt\u00f3re pozwalaj\u0105 odwiedzaj\u0105cym w\u0119drowa\u0107 przez g\u0119ste lasy, spokojne \u0142\u0105ki i urzekaj\u0105ce krajobrazy, kt\u00f3re stanowi\u0105 podstaw\u0119 niezapomnianych przyg\u00f3d na \u015bwie\u017cym powietrzu.<\/p>\n<p style=\"text-align: center;\">Co wi\u0119cej, naturalne baseny Gazipa\u015fa s\u0105 symbolem zaanga\u017cowania regionu w ochron\u0119 jego nieskazitelnego dziedzictwa naturalnego. Dziewicze krajobrazy otaczaj\u0105ce baseny s\u0105 \u015bwiadectwem zaanga\u017cowania Gazipa\u015fy w ochron\u0119 \u015brodowiska, oferuj\u0105c odwiedzaj\u0105cym mo\u017cliwo\u015b\u0107 po\u0142\u0105czenia si\u0119 z natur\u0105 w jej najczystszej postaci.<\/p>\n<p style=\"text-align: center;\"><img loading=\"lazy\" decoding=\"async\" class=\"alignnone size-medium wp-image-21966\" src=\"https:\/\/holidayexcursion.com\/wp-content\/uploads\/2023\/11\/gazipasa-naturel-pool-5-300x200.jpg\" alt=\"\" width=\"300\" height=\"200\" title=\"\" srcset=\"https:\/\/holidayexcursion.com\/wp-content\/uploads\/2023\/11\/gazipasa-naturel-pool-5-300x200.jpg 300w, https:\/\/holidayexcursion.com\/wp-content\/uploads\/2023\/11\/gazipasa-naturel-pool-5-768x512.jpg 768w, https:\/\/holidayexcursion.com\/wp-content\/uploads\/2023\/11\/gazipasa-naturel-pool-5-600x400.jpg 600w, https:\/\/holidayexcursion.com\/wp-content\/uploads\/2023\/11\/gazipasa-naturel-pool-5.jpg 912w\" sizes=\"auto, (max-width: 300px) 100vw, 300px\" \/><\/p>\n<p style=\"text-align: center;\">Dost\u0119p do naturalnego basenu Gazipa\u015fa to podr\u00f3\u017c, kt\u00f3ra rozgrywa si\u0119 w\u015br\u00f3d surowego pi\u0119kna regionu Antalya. Podr\u00f3\u017cnicy wyruszaj\u0105cy na malownicze trasy i kr\u0119te \u015bcie\u017cki s\u0105 nagradzani odkryciem ukrytych enklaw, w kt\u00f3rych kunszt natury jest prezentowany w jej najbardziej nieska\u017conej formie.<\/p>\n<p style=\"text-align: center;\">Naturalny basen Gazipa\u015fa jest \u015bwiadectwem nieokie\u0142znanego pi\u0119kna regionu, zapraszaj\u0105c podr\u00f3\u017cnych do g\u0142\u0119bokiego i odm\u0142adzaj\u0105cego kontaktu z natur\u0105. Od spokojnych obj\u0119ciach czystych w\u00f3d po malownicze otoczenie inspiruj\u0105ce do kontemplacji i eksploracji, naturalne baseny Gazipa\u015fa oferuj\u0105 wci\u0105gaj\u0105ce wra\u017cenia, kt\u00f3re celebruj\u0105 regeneruj\u0105c\u0105 moc \u015bwiata przyrody. Dla tych, kt\u00f3rzy chc\u0105 uciec od codzienno\u015bci i wyruszy\u0107 w podr\u00f3\u017c pe\u0142n\u0105 spokoju i odkry\u0107, naturalne baseny Gazipa\u015fa stanowi\u0105 kusz\u0105cy cel, w kt\u00f3rym czekaj\u0105 cuda natury.<\/p>\n<p style=\"text-align: center;\"><img loading=\"lazy\" decoding=\"async\" class=\"alignnone size-medium wp-image-21954\" src=\"https:\/\/holidayexcursion.com\/wp-content\/uploads\/2023\/11\/gazipasa-naturel-pool-3-300x165.jpg\" alt=\"\" width=\"300\" height=\"165\" title=\"\" srcset=\"https:\/\/holidayexcursion.com\/wp-content\/uploads\/2023\/11\/gazipasa-naturel-pool-3-300x165.jpg 300w, https:\/\/holidayexcursion.com\/wp-content\/uploads\/2023\/11\/gazipasa-naturel-pool-3-600x330.jpg 600w, https:\/\/holidayexcursion.com\/wp-content\/uploads\/2023\/11\/gazipasa-naturel-pool-3.jpg 690w\" sizes=\"auto, (max-width: 300px) 100vw, 300px\" \/><\/p>\n<p style=\"text-align: center;\">\u017byczymy Pa\u0144stwu niezapomnianych wspomnie\u0144 z wakacji w Turcji.<\/p>\n<p style=\"text-align: center;\">Ps: Aby uzyska\u0107 wi\u0119cej informacji, mo\u017cesz r\u00f3wnie\u017c skontaktowa\u0107 si\u0119 przez aplikacj\u0119 Whats lub wiadomo\u015b\u0107.<\/p>\n<p style=\"text-align: center;\"><a href=\"https:\/\/www.instagram.com\/\" rel=\"nofollow noopener\" target=\"_blank\">Wakacyjny Zesp\u00f3\u0142 Wycieczkowy,<\/a><\/p>\n<p><iframe loading=\"lazy\" title=\"Gazipa\u015fa Koru Plaj\u0131 ( Do\u011fal Havuzlar) Drone G\u00f6r\u00fcnt\u00fcleri 2021\" width=\"1020\" height=\"574\" src=\"https:\/\/www.youtube.com\/embed\/O9GlOSZfdeM?feature=oembed\" frameborder=\"0\" allow=\"accelerometer; autoplay; clipboard-write; encrypted-media; gyroscope; picture-in-picture; web-share\" allowfullscreen><\/iframe><\/p>\n<p><iframe loading=\"lazy\" title=\"Antalya Gazipa\u015fa Do\u011fal Havuz Koru Plaj\u0131\" width=\"1020\" height=\"574\" src=\"https:\/\/www.youtube.com\/embed\/N6VXV9zfGn8?feature=oembed\" frameborder=\"0\" allow=\"accelerometer; autoplay; clipboard-write; encrypted-media; gyroscope; picture-in-picture; web-share\" allowfullscreen><\/iframe><\/p>\n","protected":false},"excerpt":{"rendered":"<p>NATURALNY BASEN GAZ\u0130PA\u015eA Czy wiedzia\u0142e\u015b o miejscu zwanym naturalny\u00a0 basenem Gazipa\u015fa? Gazipa\u015fa nie jest zbyt znana, poza tym, \u017ce jest to miasto nazwane na cze\u015b\u0107 Gazi Mustafy Kemala Paszy, a banany s\u0105 szalenie produkowane. Miasto b\u0119d\u0105ce najbardziej wysuni\u0119t\u0105 na wsch\u00f3d dzielnic\u0105 Antalyi czeka na odkrycie mi\u0142o\u015bnik\u00f3w r\u00f3\u017cnych tras i chc\u0105cych zobaczy\u0107 nowe miejsca z ciekawymi<\/p>\n","protected":false},"featured_media":21951,"comment_status":"open","ping_status":"closed","template":"","meta":[],"product_brand":[],"product_cat":[107],"product_tag":[],"class_list":{"0":"post-21769","1":"product","2":"type-product","3":"status-publish","4":"has-post-thumbnail","6":"product_cat-wycieczki","8":"first","9":"instock","10":"featured","11":"virtual","12":"sold-individually","13":"purchasable","14":"product-type-booking"},"_links":{"self":[{"href":"https:\/\/holidayexcursion.com\/pl\/wp-json\/wp\/v2\/product\/21769","targetHints":{"allow":["GET"]}}],"collection":[{"href":"https:\/\/holidayexcursion.com\/pl\/wp-json\/wp\/v2\/product"}],"about":[{"href":"https:\/\/holidayexcursion.com\/pl\/wp-json\/wp\/v2\/types\/product"}],"replies":[{"embeddable":true,"href":"https:\/\/holidayexcursion.com\/pl\/wp-json\/wp\/v2\/comments?post=21769"}],"wp:featuredmedia":[{"embeddable":true,"href":"https:\/\/holidayexcursion.com\/pl\/wp-json\/wp\/v2\/media\/21951"}],"wp:attachment":[{"href":"https:\/\/holidayexcursion.com\/pl\/wp-json\/wp\/v2\/media?parent=21769"}],"wp:term":[{"taxonomy":"product_brand","embeddable":true,"href":"https:\/\/holidayexcursion.com\/pl\/wp-json\/wp\/v2\/product_brand?post=21769"},{"taxonomy":"product_cat","embeddable":true,"href":"https:\/\/holidayexcursion.com\/pl\/wp-json\/wp\/v2\/product_cat?post=21769"},{"taxonomy":"product_tag","embeddable":true,"href":"https:\/\/holidayexcursion.com\/pl\/wp-json\/wp\/v2\/product_tag?post=21769"}],"curies":[{"name":"wp","href":"https:\/\/api.w.org\/{rel}","templated":true}]}}