{"id":21885,"date":"2023-11-11T21:44:29","date_gmt":"2023-11-11T18:44:30","guid":{"rendered":"https:\/\/holidayexcursion.com\/?post_type=product&#038;p=21885"},"modified":"2023-11-28T00:09:05","modified_gmt":"2023-11-27T21:09:05","slug":"gazipas-king-bay","status":"publish","type":"product","link":"https:\/\/holidayexcursion.com\/pl\/tours-in-alanya\/wycieczki\/gazipas-king-bay\/","title":{"rendered":"Zatoka Kr\u00f3lewska Gazipa\u015fa (Kral koyu)"},"content":{"rendered":"<h2 style=\"text-align: center;\">Zatoka Kr\u00f3lewska Gazipa\u015fa (Kral koyu)<\/h2>\n<p style=\"text-align: center;\">Po\u0142o\u017cona w malowniczym nadmorskim miasteczku Gazipa\u015fa, King Bay oferuje urzekaj\u0105ce po\u0142\u0105czenie naturalnego pi\u0119kna, spokoju i mo\u017cliwo\u015bci rekreacji, kt\u00f3re zaspokajaj\u0105 potrzeby zr\u00f3\u017cnicowanej grupy turyst\u00f3w. Po\u0142o\u017cona na zapieraj\u0105cej dech w piersiach Riwierze Tureckiej zatoka <a href=\"https:\/\/tr.wikipedia.org\/wiki\/Gazipa%C5%9Fa\" rel=\"nofollow noopener\" target=\"_blank\">Gazipa\u015fa<\/a> King Bay s\u0142ynie z dziewiczych pla\u017c, krystalicznie czystej wody i bujnych krajobraz\u00f3w, co czyni j\u0105 idyllicznym miejscem dla mi\u0142o\u015bnik\u00f3w przyrody, mi\u0142o\u015bnik\u00f3w przyg\u00f3d i os\u00f3b poszukuj\u0105cych relaksu w spokojnej nadmorskiej scenerii.<\/p>\n<p style=\"text-align: center;\"> <img loading=\"lazy\" decoding=\"async\" class=\"alignnone size-medium wp-image-21920\" src=\"https:\/\/holidayexcursion.com\/wp-content\/uploads\/2023\/11\/gazipasa-king-bay-300x185.jpg\" alt=\"\" width=\"300\" height=\"185\" title=\"\" srcset=\"https:\/\/holidayexcursion.com\/wp-content\/uploads\/2023\/11\/gazipasa-king-bay-300x185.jpg 300w, https:\/\/holidayexcursion.com\/wp-content\/uploads\/2023\/11\/gazipasa-king-bay-600x370.jpg 600w, https:\/\/holidayexcursion.com\/wp-content\/uploads\/2023\/11\/gazipasa-king-bay.jpg 730w\" sizes=\"auto, (max-width: 300px) 100vw, 300px\" \/><\/p>\n<p style=\"text-align: center;\">W sercu uroku Gazipa\u015fa King Bay znajduje si\u0119 wspania\u0142e wybrze\u017ce, gdzie lazurowe wody spotykaj\u0105 si\u0119 ze z\u0142otymi piaskami, tworz\u0105c idealne jak z poczt\u00f3wki t\u0142o dla s\u0142onecznych dni i spokojnych zaj\u0119\u0107 na pla\u017cy. Odwiedzaj\u0105cy mog\u0105 rozkoszowa\u0107 si\u0119 p\u0142ywaniem, opalaniem i uprawianiem sport\u00f3w wodnych lub po prostu zrelaksowa\u0107 si\u0119 na tle panoramicznych widok\u00f3w, kt\u00f3re ukazuj\u0105 naturalny splendor regionu. Spokojna atmosfera i delikatna morska bryza sprawiaj\u0105, \u017ce Gazipa\u015fa King Bay jest idealnym miejscem dla os\u00f3b poszukuj\u0105cych spokojnej ucieczki od zgie\u0142ku codziennego \u017cycia.<\/p>\n<p style=\"text-align: center;\">Dla tych, kt\u00f3rzy maj\u0105 zami\u0142owanie do eksploracji, Gazipa\u015fa King Bay oferuje mo\u017cliwo\u015bci przygody i odkry\u0107. Otaczaj\u0105ce zatok\u0119 skaliste klify i zielone zbocza zach\u0119caj\u0105 turyst\u00f3w pieszych i mi\u0142o\u015bnik\u00f3w przyrody, udost\u0119pniaj\u0105c malownicze szlaki i punkty widokowe, z kt\u00f3rych roztaczaj\u0105 si\u0119 urzekaj\u0105ce panoramy wybrze\u017ca i <a href=\"https:\/\/simple.wikipedia.org\/wiki\/Mediterranean_Sea\" rel=\"nofollow noopener\" target=\"_blank\">Morza \u015ar\u00f3dziemnego.<\/a> W\u0119dr\u00f3wka przez nadmorskie krajobrazy pozwala odwiedzaj\u0105cym zanurzy\u0107 si\u0119 w bogatej florze i faunie regionu, stwarzaj\u0105c okazj\u0119 do niezapomnianych spotka\u0144 z pi\u0119knem natury.<\/p>\n<p style=\"text-align: center;\"><img loading=\"lazy\" decoding=\"async\" class=\"alignnone size-medium wp-image-21908\" src=\"https:\/\/holidayexcursion.com\/wp-content\/uploads\/2023\/11\/gazipasa-king-bay-holiday-excursion-300x225.jpg\" alt=\"\" width=\"300\" height=\"225\" title=\"\" srcset=\"https:\/\/holidayexcursion.com\/wp-content\/uploads\/2023\/11\/gazipasa-king-bay-holiday-excursion-300x225.jpg 300w, https:\/\/holidayexcursion.com\/wp-content\/uploads\/2023\/11\/gazipasa-king-bay-holiday-excursion-768x576.jpg 768w, https:\/\/holidayexcursion.com\/wp-content\/uploads\/2023\/11\/gazipasa-king-bay-holiday-excursion-600x450.jpg 600w, https:\/\/holidayexcursion.com\/wp-content\/uploads\/2023\/11\/gazipasa-king-bay-holiday-excursion.jpg 800w\" sizes=\"auto, (max-width: 300px) 100vw, 300px\" \/><\/p>\n<p style=\"text-align: center;\">Zatoka Gazipa\u015fa King Bay stanowi tak\u017ce bram\u0119 do eksploracji morza, poniewa\u017c okoliczne wody s\u0105 idealne do snorkelingu i nurkowania. Podwodny ekosystem regionu obfituje w r\u00f3\u017cnorodne \u017cycie morskie, t\u0119tni\u0105ce \u017cyciem formacje koralowc\u00f3w i urzekaj\u0105c\u0105 topografi\u0119 podwodn\u0105, \u200b\u200boferuj\u0105c wci\u0105gaj\u0105ce wra\u017cenia dla snorkeler\u00f3w i nurk\u00f3w na ka\u017cdym poziomie umiej\u0119tno\u015bci. Pod powierzchni\u0105 rozwija si\u0119 \u015bwiat \u017cywych kolor\u00f3w i morskiej r\u00f3\u017cnorodno\u015bci biologicznej, pozwalaj\u0105c odwiedzaj\u0105cym do\u015bwiadczy\u0107 hipnotyzuj\u0105cego pi\u0119kna ukrytych skarb\u00f3w Morza \u015ar\u00f3dziemnego.<\/p>\n<p style=\"text-align: center;\">Opr\u00f3cz naturalnego uroku, Gazipa\u015fa King Bay s\u0142ynie z go\u015bcinno\u015bci i t\u0119tni\u0105cej \u017cyciem kultury, kt\u00f3re definiuj\u0105 ten region. Odwiedzaj\u0105cy maj\u0105 okazj\u0119 do interakcji z przyjaznymi mieszka\u0144cami, delektowania si\u0119 autentyczn\u0105 kuchni\u0105 tureck\u0105 i zanurzenia si\u0119 w tradycjach i zwyczajach, kt\u00f3re odzwierciedlaj\u0105 bogate dziedzictwo tego obszaru. Niezale\u017cnie od tego, czy delektuj\u0105 si\u0119 \u015bwie\u017cymi owocami morza w nadmorskich restauracjach, przegl\u0105daj\u0105 lokalne targi, czy uczestnicz\u0105 w wydarzeniach kulturalnych, odwiedzaj\u0105cy Gazipa\u015fa King Bay mog\u0105 do\u015bwiadczy\u0107 prawdziwego ciep\u0142a i uroku nadmorskiej spo\u0142eczno\u015bci Gazipa\u015fa.<\/p>\n<p style=\"text-align: center;\"><img loading=\"lazy\" decoding=\"async\" class=\"alignnone size-medium wp-image-21914\" src=\"https:\/\/holidayexcursion.com\/wp-content\/uploads\/2023\/11\/Gazipasa-king-bay-holiday-excursion-1-300x185.jpg\" alt=\"\" width=\"300\" height=\"185\" title=\"\" srcset=\"https:\/\/holidayexcursion.com\/wp-content\/uploads\/2023\/11\/Gazipasa-king-bay-holiday-excursion-1-300x185.jpg 300w, https:\/\/holidayexcursion.com\/wp-content\/uploads\/2023\/11\/Gazipasa-king-bay-holiday-excursion-1-600x370.jpg 600w, https:\/\/holidayexcursion.com\/wp-content\/uploads\/2023\/11\/Gazipasa-king-bay-holiday-excursion-1.jpg 730w\" sizes=\"auto, (max-width: 300px) 100vw, 300px\" \/><\/p>\n<p style=\"text-align: center;\">Dost\u0119pno\u015b\u0107 zatoki <a href=\"https:\/\/holidayexcursion.com\/tours-in-alanya\/tours\/natural-pool\/\">Gazipa\u015fa<\/a> King Bay jeszcze bardziej zwi\u0119ksza jej atrakcyjno\u015b\u0107, poniewa\u017c w mie\u015bcie Gazipa\u015fa znajduje si\u0119 nowoczesne <a href=\"https:\/\/gzpairport.com\/\" rel=\"nofollow noopener\" target=\"_blank\">lotnisko<\/a>, dzi\u0119ki kt\u00f3remu podr\u00f3\u017cowanie do regionu jest wygodne dla go\u015bci krajowych i mi\u0119dzynarodowych. Ta dost\u0119pno\u015b\u0107, w po\u0142\u0105czeniu z szerok\u0105 gam\u0105 zakwaterowania, kt\u00f3re zaspokoj\u0105 r\u00f3\u017cne preferencje i bud\u017cety, pozycjonuje King Bay jako zach\u0119caj\u0105cy cel dla turyst\u00f3w poszukuj\u0105cych niezapomnianego wypoczynku nad morzem.<\/p>\n<p style=\"text-align: center;\">Co wi\u0119cej, blisko\u015b\u0107 Gazipa\u015fa King Bay do dodatkowych atrakcji i ciekawych miejsc w regionie Gazipa\u015fa zapewnia odwiedzaj\u0105cym mo\u017cliwo\u015b\u0107 korzystania z r\u00f3\u017cnorodnych wra\u017ce\u0144. Od zwiedzania zabytk\u00f3w i cud\u00f3w archeologicznych po malownicze wycieczki po okolicy, Gazipa\u015fa King Bay s\u0142u\u017cy jako centralny o\u015brodek odkrywania wielu aspekt\u00f3w bogatego dziedzictwa kulturowego i naturalnego Gazipa\u015fa.<\/p>\n<p style=\"text-align: center;\"><img loading=\"lazy\" decoding=\"async\" class=\"alignnone size-medium wp-image-21932\" src=\"https:\/\/holidayexcursion.com\/wp-content\/uploads\/2023\/11\/King-bay-gazipasa-300x216.jpg\" alt=\"\" width=\"300\" height=\"216\" title=\"\" srcset=\"https:\/\/holidayexcursion.com\/wp-content\/uploads\/2023\/11\/King-bay-gazipasa-300x216.jpg 300w, https:\/\/holidayexcursion.com\/wp-content\/uploads\/2023\/11\/King-bay-gazipasa-768x553.jpg 768w, https:\/\/holidayexcursion.com\/wp-content\/uploads\/2023\/11\/King-bay-gazipasa-600x432.jpg 600w, https:\/\/holidayexcursion.com\/wp-content\/uploads\/2023\/11\/King-bay-gazipasa.jpg 900w\" sizes=\"auto, (max-width: 300px) 100vw, 300px\" \/><\/p>\n<p style=\"text-align: center;\">Podsumowuj\u0105c, King Bay w Gazipa\u015fa uciele\u015bnia esencj\u0119 spokojnego nadmorskiego wypoczynku, oferuj\u0105c harmonijne po\u0142\u0105czenie naturalnego pi\u0119kna, mo\u017cliwo\u015bci rekreacji i zanurzenia si\u0119 w kulturze. Niezale\u017cnie od tego, czy chodzi o wygrzewanie si\u0119 na sk\u0105panych w s\u0142o\u0144cu pla\u017cach, zaj\u0119cia na \u015bwie\u017cym powietrzu, czy te\u017c ch\u0142oni\u0119cie lokalnej kultury, Gazipa\u015fa King Bay to zach\u0119caj\u0105ce miejsce, kt\u00f3re zach\u0119ca go\u015bci do poznania tego, co najlepsze na Riwierze Tureckiej. Dzi\u0119ki urzekaj\u0105cej scenerii, go\u015bcinno\u015bci i r\u00f3\u017cnorodnym rozrywkom, King Bay jest spokojn\u0105 przystani\u0105, kt\u00f3ra zach\u0119ca podr\u00f3\u017cnych do odpoczynku, odkrywania i tworzenia trwa\u0142ych wspomnie\u0144 w\u015br\u00f3d wspania\u0142o\u015bci wybrze\u017ca Morza \u015ar\u00f3dziemnego.<\/p>\n<p style=\"text-align: center;\">.<\/p>\n<p style=\"text-align: center;\">\u017byczymy Pa\u0144stwu niezapomnianych wspomnie\u0144 z wakacji w Turcji.<\/p>\n<p style=\"text-align: center;\">Ps: Aby uzyska\u0107 wi\u0119cej informacji, mo\u017cesz r\u00f3wnie\u017c skontaktowa\u0107 si\u0119 przez aplikacj\u0119 Whats lub wiadomo\u015b\u0107.<\/p>\n<p style=\"text-align: center;\">Wakacyjny Zesp\u00f3\u0142 Wycieczkowy,<\/p>\n<p><iframe loading=\"lazy\" title=\"Best Places in Turkey - Gazipa\u015fa, Delikdeniz Kral Koyu\" width=\"1020\" height=\"574\" src=\"https:\/\/www.youtube.com\/embed\/B-HdrRGufzw?feature=oembed\" frameborder=\"0\" allow=\"accelerometer; autoplay; clipboard-write; encrypted-media; gyroscope; picture-in-picture; web-share\" allowfullscreen><\/iframe><\/p>\n<p><iframe loading=\"lazy\" title=\"GAZ\u0130PA\u015eA - KRAL KOYU\" width=\"1020\" height=\"574\" src=\"https:\/\/www.youtube.com\/embed\/htaWCxYEVVw?feature=oembed\" frameborder=\"0\" allow=\"accelerometer; autoplay; clipboard-write; encrypted-media; gyroscope; picture-in-picture; web-share\" allowfullscreen><\/iframe><\/p>\n<p><iframe loading=\"lazy\" title=\"Delik Deniz - Delikli Koy ( Kral Koyu ) - Gazipa\u015fa \/ Antalya  Xiaomi FIMI X8 SE\" width=\"1020\" height=\"574\" src=\"https:\/\/www.youtube.com\/embed\/aR4YItjN_N8?feature=oembed\" frameborder=\"0\" allow=\"accelerometer; autoplay; clipboard-write; encrypted-media; gyroscope; picture-in-picture; web-share\" allowfullscreen><\/iframe><\/p>\n","protected":false},"excerpt":{"rendered":"<p>Zatoka Kr\u00f3lewska Gazipa\u015fa (Kral koyu) Po\u0142o\u017cona w malowniczym nadmorskim miasteczku Gazipa\u015fa, King Bay oferuje urzekaj\u0105ce po\u0142\u0105czenie naturalnego pi\u0119kna, spokoju i mo\u017cliwo\u015bci rekreacji, kt\u00f3re zaspokajaj\u0105 potrzeby zr\u00f3\u017cnicowanej grupy turyst\u00f3w. Po\u0142o\u017cona na zapieraj\u0105cej dech w piersiach Riwierze Tureckiej zatoka Gazipa\u015fa King Bay s\u0142ynie z dziewiczych pla\u017c, krystalicznie czystej wody i bujnych krajobraz\u00f3w, co czyni j\u0105 idyllicznym miejscem<\/p>\n","protected":false},"featured_media":21935,"comment_status":"open","ping_status":"closed","template":"","meta":[],"product_brand":[],"product_cat":[107],"product_tag":[],"class_list":{"0":"post-21885","1":"product","2":"type-product","3":"status-publish","4":"has-post-thumbnail","6":"product_cat-wycieczki","8":"first","9":"instock","10":"featured","11":"virtual","12":"sold-individually","13":"purchasable","14":"product-type-booking"},"_links":{"self":[{"href":"https:\/\/holidayexcursion.com\/pl\/wp-json\/wp\/v2\/product\/21885","targetHints":{"allow":["GET"]}}],"collection":[{"href":"https:\/\/holidayexcursion.com\/pl\/wp-json\/wp\/v2\/product"}],"about":[{"href":"https:\/\/holidayexcursion.com\/pl\/wp-json\/wp\/v2\/types\/product"}],"replies":[{"embeddable":true,"href":"https:\/\/holidayexcursion.com\/pl\/wp-json\/wp\/v2\/comments?post=21885"}],"wp:featuredmedia":[{"embeddable":true,"href":"https:\/\/holidayexcursion.com\/pl\/wp-json\/wp\/v2\/media\/21935"}],"wp:attachment":[{"href":"https:\/\/holidayexcursion.com\/pl\/wp-json\/wp\/v2\/media?parent=21885"}],"wp:term":[{"taxonomy":"product_brand","embeddable":true,"href":"https:\/\/holidayexcursion.com\/pl\/wp-json\/wp\/v2\/product_brand?post=21885"},{"taxonomy":"product_cat","embeddable":true,"href":"https:\/\/holidayexcursion.com\/pl\/wp-json\/wp\/v2\/product_cat?post=21885"},{"taxonomy":"product_tag","embeddable":true,"href":"https:\/\/holidayexcursion.com\/pl\/wp-json\/wp\/v2\/product_tag?post=21885"}],"curies":[{"name":"wp","href":"https:\/\/api.w.org\/{rel}","templated":true}]}}