{"id":22846,"date":"2023-11-12T15:26:07","date_gmt":"2023-11-12T12:26:08","guid":{"rendered":"https:\/\/holidayexcursion.com\/?post_type=product&#038;p=22846"},"modified":"2023-11-28T03:10:27","modified_gmt":"2023-11-28T00:10:27","slug":"katamaranem","status":"publish","type":"product","link":"https:\/\/holidayexcursion.com\/pl\/tours-in-alanya\/wycieczki\/katamaranem\/","title":{"rendered":"WYCIECZKA KATAMARANEM ALANYA"},"content":{"rendered":"<h2 style=\"text-align: center;\"><strong>WYCIECZKA KATAMARANEM ALANYA<\/strong><\/h2>\n<p style=\"text-align: center;\"><strong>\u017begluj w przygod\u0119: odkrywanie rejsu katamaranem po Alanyi<\/strong><\/p>\n<p style=\"text-align: center;\">Poznaj osza\u0142amiaj\u0105ce turkusowe wody <a href=\"https:\/\/simple.wikipedia.org\/wiki\/Mediterranean_Sea\" rel=\"nofollow noopener\" target=\"_blank\">Morza \u015ar\u00f3dziemnego<\/a> w po\u0142\u0105czeniu z urzekaj\u0105cym pi\u0119knem <a href=\"https:\/\/tr.wikipedia.org\/wiki\/Alanya\" rel=\"nofollow noopener\" target=\"_blank\">Alanyi<\/a> w Turcji podczas niezapomnianego rejsu katamaranem. Wyruszenie na wycieczk\u0119 katamaranem do Alanyi nie tylko pozwala uciec od t\u0119tni\u0105cego \u017cyciem miasta, ale tak\u017ce oferuje wyj\u0105tkow\u0105 perspektyw\u0119 na osza\u0142amiaj\u0105ce wybrze\u017ce regionu, ukryte jaskinie i panoramiczne widoki. Do\u0142\u0105cz do nas podczas tej wakacyjnej wycieczki i zanurz si\u0119 w ekscytuj\u0105cy \u015bwiat rejs\u00f3w katamaranem w Alanyi i odkryj czekaj\u0105c\u0105 Ci\u0119 przygod\u0119.<\/p>\n<p style=\"text-align: center;\">1. Wyp\u0142yni\u0119cie do raju:<\/p>\n<p style=\"text-align: center;\">Gdy wejdziesz na pok\u0142ad katamaranu i wyp\u0142yniesz z malowniczego portu w Alanyi, powita Ci\u0119 ciep\u0142a morska bryza i obietnica dnia pe\u0142nego relaksu i eksploracji. Krystalicznie czyste wody l\u015bni\u0105 w pal\u0105cym s\u0142o\u0144cu, oferuj\u0105c wgl\u0105d w \u015bwiat pe\u0142en \u017cycia morskiego i cud\u00f3w natury.<\/p>\n<p style=\"text-align: center;\"><img loading=\"lazy\" decoding=\"async\" class=\"alignnone size-medium wp-image-24517\" src=\"https:\/\/holidayexcursion.com\/wp-content\/uploads\/2023\/11\/Alanya-Catamaran-holiday-excursion-300x225.jpg\" alt=\"\" width=\"300\" height=\"225\" title=\"\" srcset=\"https:\/\/holidayexcursion.com\/wp-content\/uploads\/2023\/11\/Alanya-Catamaran-holiday-excursion-300x225.jpg 300w, https:\/\/holidayexcursion.com\/wp-content\/uploads\/2023\/11\/Alanya-Catamaran-holiday-excursion-768x576.jpg 768w, https:\/\/holidayexcursion.com\/wp-content\/uploads\/2023\/11\/Alanya-Catamaran-holiday-excursion-600x450.jpg 600w, https:\/\/holidayexcursion.com\/wp-content\/uploads\/2023\/11\/Alanya-Catamaran-holiday-excursion.jpg 1000w\" sizes=\"auto, (max-width: 300px) 100vw, 300px\" \/><\/p>\n<p style=\"text-align: center;\">2. Odkryj uroki wybrze\u017ca:<\/p>\n<p style=\"text-align: center;\">Gdy Tw\u00f3j katamaran b\u0119dzie p\u0142yn\u0105\u0142 wzd\u0142u\u017c wybrze\u017ca, b\u0119dziesz mia\u0142 okazj\u0119 odkry\u0107 ukryte skarby, kt\u00f3re Alanya ma do zaoferowania. Podziwiaj spektakularne klify, z\u0142ote piaszczyste pla\u017ce i zaciszne zatoczki, kt\u00f3re czyni\u0105 ten region tak urzekaj\u0105cym. Tw\u00f3j kompetentny przewodnik zapewni fascynuj\u0105cy wgl\u0105d w histori\u0119, kultur\u0119 i cechy naturalne tego obszaru, wzbogacaj\u0105c Twoj\u0105 podr\u00f3\u017c intryguj\u0105cymi faktami i historiami.<\/p>\n<p style=\"text-align: center;\">3. Poznaj czaruj\u0105ce jaskinie:<\/p>\n<p style=\"text-align: center;\">Jedn\u0105 z g\u0142\u00f3wnych atrakcji rejsu katamaranem w Alanyi jest mo\u017cliwo\u015b\u0107 zwiedzania jaski\u0144 morskich rozsianych po wybrze\u017cu. Podziwiaj, jak Tw\u00f3j <a href=\"https:\/\/holidayexcursion.com\/tours-in-alanya\/tours\/boat-tour\/\">katamaran<\/a> bez wysi\u0142ku porusza si\u0119 po pla\u017cach, ods\u0142aniaj\u0105c b\u0142yszcz\u0105ce stalaktyty, po\u0142yskuj\u0105ce turkusowe wody i urokliwe formacje skalne. Te cuda natury dodaj\u0105 Twojej przygodzie odrobin\u0119 tajemniczo\u015bci i zachwytu, zapewniaj\u0105c idealne t\u0142o dla niezapomnianych zdj\u0119\u0107 i niezapomnianych wra\u017ce\u0144.<\/p>\n<p style=\"text-align: center;\"><img loading=\"lazy\" decoding=\"async\" class=\"alignnone size-medium wp-image-22877\" src=\"https:\/\/holidayexcursion.com\/wp-content\/uploads\/2023\/11\/alanya-katamaran-boat-tour-hatch-2.jpg-300x190.webp\" alt=\"\" width=\"300\" height=\"190\" title=\"\" srcset=\"https:\/\/holidayexcursion.com\/wp-content\/uploads\/2023\/11\/alanya-katamaran-boat-tour-hatch-2.jpg-300x190.webp 300w, https:\/\/holidayexcursion.com\/wp-content\/uploads\/2023\/11\/alanya-katamaran-boat-tour-hatch-2.jpg-768x487.webp 768w, https:\/\/holidayexcursion.com\/wp-content\/uploads\/2023\/11\/alanya-katamaran-boat-tour-hatch-2.jpg-600x380.webp 600w, https:\/\/holidayexcursion.com\/wp-content\/uploads\/2023\/11\/alanya-katamaran-boat-tour-hatch-2.jpg.webp 820w\" sizes=\"auto, (max-width: 300px) 100vw, 300px\" \/><\/p>\n<p style=\"text-align: center;\">4. Zanurz si\u0119 w Morzu \u015ar\u00f3dziemnym:<\/p>\n<p style=\"text-align: center;\">Poczuj urok Morza \u015ar\u00f3dziemnego, gdy \u0142\u00f3d\u017a zakotwicza w odosobnionych miejscach, zapraszaj\u0105c Ci\u0119 do nurkowania w orze\u017awiaj\u0105cych wodach. Niezale\u017cnie od tego, czy jeste\u015b do\u015bwiadczonym p\u0142ywakiem, czy nowicjuszem, cz\u0119sto zapewniany jest sprz\u0119t do snorkelingu, dzi\u0119ki kt\u00f3remu mo\u017cesz by\u0107 \u015bwiadkiem podwodnego \u015bwiata t\u0119tni\u0105cego \u017cyciem morskim. P\u0142ywaj obok kolorowych ryb i spotykaj inne fascynuj\u0105ce stworzenia morskie, tworz\u0105c trwa\u0142e wspomnienia z pobytu w Alanyi.<\/p>\n<p style=\"text-align: center;\">5. Delektuj si\u0119 rozkoszami na pok\u0142adzie:<\/p>\n<p style=\"text-align: center;\">Rejs katamaranem do Alanyi to nie tylko przygoda; to tak\u017ce okazja do skosztowania pysznej, lokalnej kuchni. Podczas wielu wycieczek na pok\u0142adzie zapewniany jest przepyszny lunch lub napoje, dzi\u0119ki czemu mo\u017cesz delektowa\u0107 si\u0119 smakami Turcji, podziwiaj\u0105c jednocze\u015bnie malownicze widoki. Usi\u0105d\u017a wygodnie, zrelaksuj si\u0119 i pozw\u00f3l, aby smaki Morza \u015ar\u00f3dziemnego zachwyc\u0105 Twoje kubki smakowe, podziwiaj\u0105c zapieraj\u0105ce dech w piersiach otoczenie.<\/p>\n<p style=\"text-align: center;\"><img loading=\"lazy\" decoding=\"async\" class=\"alignnone size-medium wp-image-22871\" src=\"https:\/\/holidayexcursion.com\/wp-content\/uploads\/2023\/11\/alanya-catamaran-tour-5--300x166.webp\" alt=\"\" width=\"300\" height=\"166\" title=\"\" srcset=\"https:\/\/holidayexcursion.com\/wp-content\/uploads\/2023\/11\/alanya-catamaran-tour-5--300x166.webp 300w, https:\/\/holidayexcursion.com\/wp-content\/uploads\/2023\/11\/alanya-catamaran-tour-5--768x424.webp 768w, https:\/\/holidayexcursion.com\/wp-content\/uploads\/2023\/11\/alanya-catamaran-tour-5--600x331.webp 600w, https:\/\/holidayexcursion.com\/wp-content\/uploads\/2023\/11\/alanya-catamaran-tour-5-.webp 870w\" sizes=\"auto, (max-width: 300px) 100vw, 300px\" \/><\/p>\n<p style=\"text-align: center;\">Wyruszenie w <a href=\"https:\/\/en.wikipedia.org\/wiki\/Catamaran\" rel=\"nofollow noopener\" target=\"_blank\">rejs katamaranem do Alanyi<\/a> to szansa na odkrycie cud\u00f3w l\u0105du i morza, pozwalaj\u0105ca odkry\u0107 osza\u0142amiaj\u0105ce wybrze\u017ce, rozkoszowa\u0107 si\u0119 ukrytymi jaskiniami i zanurzy\u0107 si\u0119 w krystalicznie czystych wodach Morza \u015ar\u00f3dziemnego. To do\u015bwiadczenie \u0142\u0105cz\u0105ce przygod\u0119, relaks i zanurzenie si\u0119 w kulturze w nadmorskim raju Alanyi. Wyrusz wi\u0119c w rejs katamaranem, rozkoszuj si\u0119 s\u0142o\u0144cem i pozw\u00f3l, aby ta niezapomniana podr\u00f3\u017c sta\u0142a si\u0119 g\u0142\u00f3wn\u0105 atrakcj\u0105 Twojego pobytu w Turcji.<\/p>\n<p style=\"text-align: center;\"><img loading=\"lazy\" decoding=\"async\" class=\"alignnone size-medium wp-image-22859\" src=\"https:\/\/holidayexcursion.com\/wp-content\/uploads\/2023\/11\/Alanya-catamaran-tour-300x200.jpg\" alt=\"\" width=\"300\" height=\"200\" title=\"\" srcset=\"https:\/\/holidayexcursion.com\/wp-content\/uploads\/2023\/11\/Alanya-catamaran-tour-300x200.jpg 300w, https:\/\/holidayexcursion.com\/wp-content\/uploads\/2023\/11\/Alanya-catamaran-tour-600x401.jpg 600w, https:\/\/holidayexcursion.com\/wp-content\/uploads\/2023\/11\/Alanya-catamaran-tour.jpg 668w\" sizes=\"auto, (max-width: 300px) 100vw, 300px\" \/>,<\/p>\n<div style=\"text-align: center;\"><strong>PROGRAM WYCIECZKI \u0141ODZI\u0104 ALANYA:<\/strong><\/div>\n<div style=\"text-align: center;\">* Odbi\u00f3r z hoteli\/apartament\u00f3w w Alanyi i okolicach<\/div>\n<div style=\"text-align: center;\">* Transport do portu w Alanyi, wyp\u0142yni\u0119cie z portu w Alanyi o godzinie 18:30<\/div>\n<div style=\"text-align: center;\">* Ogl\u0105danie starej stoczni w Alanyi, czerwonej wie\u017cy ze statku, p\u0142ywanie w pobli\u017cu stoczni<\/div>\n<div style=\"text-align: center;\">* Zobaczysz jaskini\u0119 pirat\u00f3w, jaskini\u0119 kochank\u00f3w, jaskini\u0119 fosforow\u0105, pla\u017c\u0119 Kleopatry<\/div>\n<div style=\"text-align: center;\">* Lunch, p\u0142ywanie na pla\u017cy Ulaslar, jaskinia diab\u0142a, przerwy na p\u0142ywanie,<\/div>\n<div style=\"text-align: center;\">* Je\u015bli masz szcz\u0119\u015bliwy dzie\u0144, czasami mo\u017cesz zobaczy\u0107 te\u017c delfiny.<\/div>\n<div style=\"text-align: center;\">* Powr\u00f3t do portu w Alanyi z otwartego morza, powr\u00f3t do swoich adres\u00f3w w Alanyi i okolicach.<\/div>\n<div><\/div>\n<div style=\"text-align: center;\"><img loading=\"lazy\" decoding=\"async\" class=\"alignnone size-medium wp-image-22883\" src=\"https:\/\/holidayexcursion.com\/wp-content\/uploads\/2023\/11\/Katamaran-alanya-300x292.jpeg\" alt=\"\" width=\"300\" height=\"292\" title=\"\" srcset=\"https:\/\/holidayexcursion.com\/wp-content\/uploads\/2023\/11\/Katamaran-alanya-300x292.jpeg 300w, https:\/\/holidayexcursion.com\/wp-content\/uploads\/2023\/11\/Katamaran-alanya-600x584.jpeg 600w, https:\/\/holidayexcursion.com\/wp-content\/uploads\/2023\/11\/Katamaran-alanya.jpeg 730w\" sizes=\"auto, (max-width: 300px) 100vw, 300px\" \/><\/div>\n<div style=\"text-align: center;\"><strong>CENA ZAWIERA:<\/strong><\/div>\n<div style=\"text-align: center;\">* Odbi\u00f3r i dow\u00f3z z hoteli i apartament\u00f3w w Alanyi, przewodnik, lunch (grillowany kurczak, 3 rodzaje sa\u0142atek, ry\u017c)<\/div>\n<div style=\"text-align: center;\">* Napoje bezalkoholowe (woda, cola, fanta, woda mineralna ex.) Animacje, Rozrywka Impreza w piance.<\/div>\n<div style=\"text-align: center;\"><\/div>\n<div style=\"text-align: center;\"><strong>OPCJONALNE DODATKI:<\/strong><\/div>\n<div style=\"text-align: center;\">* Napoje alkoholowe, lody, zdj\u0119cia<\/div>\n<div style=\"text-align: center;\"><\/div>\n<div style=\"text-align: center;\"><strong>DODATKOWE INFORMACJE I WSKAZ\u00d3WKI:<\/strong><\/div>\n<div style=\"text-align: center;\">* Na naszym jachcie dost\u0119pne s\u0105 przebieralnie, toalety, WC i prysznice.<\/div>\n<div style=\"text-align: center;\">* Dost\u0119pnych jest kilka przerw na p\u0142ywanie. Je\u015bli chcesz p\u0142ywa\u0107,<\/div>\n<div style=\"text-align: center;\">* Powiniene\u015b zabra\u0107 ze sob\u0105 kostium k\u0105pielowy, krem \u200b\u200b\u200b\u200bdo opalania i r\u0119cznik pla\u017cowy.<\/div>\n<div style=\"text-align: center;\">* W przypadku choroby morskiej zaleca si\u0119 zaopatrzenie go\u015bci w trakcie wycieczki w odpowiednie leki.<\/div>\n<p style=\"text-align: center;\">\u017byczymy Pa\u0144stwu niezapomnianych wspomnie\u0144 z wakacji w Alanyi w Turcji.<\/p>\n<p style=\"text-align: center;\">Ps: Aby uzyska\u0107 wi\u0119cej informacji, mo\u017cesz r\u00f3wnie\u017c skontaktowa\u0107 si\u0119 przez aplikacj\u0119 Whats lub wiadomo\u015b\u0107.<\/p>\n<p style=\"text-align: center;\">Wakacyjny Zesp\u00f3\u0142 Wycieczkowy,<\/p>\n<p><iframe loading=\"lazy\" title=\"Alanya Brothers Five Catamaran (4K UHD)\" width=\"1020\" height=\"574\" src=\"https:\/\/www.youtube.com\/embed\/BZzzrSpKWfY?feature=oembed\" frameborder=\"0\" allow=\"accelerometer; autoplay; clipboard-write; encrypted-media; gyroscope; picture-in-picture; web-share\" allowfullscreen><\/iframe><\/p>\n<p><iframe loading=\"lazy\" title=\"Alanya Pirate Ship Boat Trip Turkey 2023 || Big Karal Boat || Manoo Creations\" width=\"1020\" height=\"574\" src=\"https:\/\/www.youtube.com\/embed\/erkiZF0HrCs?feature=oembed\" frameborder=\"0\" allow=\"accelerometer; autoplay; clipboard-write; encrypted-media; gyroscope; picture-in-picture; web-share\" allowfullscreen><\/iframe><\/p>\n<p><iframe loading=\"lazy\" title=\"Alanya&#039;da tekne turu ve k\u00f6p\u00fck partisi\" width=\"1020\" height=\"574\" src=\"https:\/\/www.youtube.com\/embed\/2te7VbiBwpA?feature=oembed\" frameborder=\"0\" allow=\"accelerometer; autoplay; clipboard-write; encrypted-media; gyroscope; picture-in-picture; web-share\" allowfullscreen><\/iframe><\/p>\n","protected":false},"excerpt":{"rendered":"<p>WYCIECZKA KATAMARANEM ALANYA \u017begluj w przygod\u0119: odkrywanie rejsu katamaranem po Alanyi Poznaj osza\u0142amiaj\u0105ce turkusowe wody Morza \u015ar\u00f3dziemnego w po\u0142\u0105czeniu z urzekaj\u0105cym pi\u0119knem Alanyi w Turcji podczas niezapomnianego rejsu katamaranem. Wyruszenie na wycieczk\u0119 katamaranem do Alanyi nie tylko pozwala uciec od t\u0119tni\u0105cego \u017cyciem miasta, ale tak\u017ce oferuje wyj\u0105tkow\u0105 perspektyw\u0119 na osza\u0142amiaj\u0105ce wybrze\u017ce regionu, ukryte jaskinie i<\/p>\n","protected":false},"featured_media":24520,"comment_status":"open","ping_status":"closed","template":"","meta":[],"product_brand":[],"product_cat":[107],"product_tag":[],"class_list":{"0":"post-22846","1":"product","2":"type-product","3":"status-publish","4":"has-post-thumbnail","6":"product_cat-wycieczki","8":"first","9":"instock","10":"featured","11":"virtual","12":"sold-individually","13":"purchasable","14":"product-type-booking"},"_links":{"self":[{"href":"https:\/\/holidayexcursion.com\/pl\/wp-json\/wp\/v2\/product\/22846","targetHints":{"allow":["GET"]}}],"collection":[{"href":"https:\/\/holidayexcursion.com\/pl\/wp-json\/wp\/v2\/product"}],"about":[{"href":"https:\/\/holidayexcursion.com\/pl\/wp-json\/wp\/v2\/types\/product"}],"replies":[{"embeddable":true,"href":"https:\/\/holidayexcursion.com\/pl\/wp-json\/wp\/v2\/comments?post=22846"}],"wp:featuredmedia":[{"embeddable":true,"href":"https:\/\/holidayexcursion.com\/pl\/wp-json\/wp\/v2\/media\/24520"}],"wp:attachment":[{"href":"https:\/\/holidayexcursion.com\/pl\/wp-json\/wp\/v2\/media?parent=22846"}],"wp:term":[{"taxonomy":"product_brand","embeddable":true,"href":"https:\/\/holidayexcursion.com\/pl\/wp-json\/wp\/v2\/product_brand?post=22846"},{"taxonomy":"product_cat","embeddable":true,"href":"https:\/\/holidayexcursion.com\/pl\/wp-json\/wp\/v2\/product_cat?post=22846"},{"taxonomy":"product_tag","embeddable":true,"href":"https:\/\/holidayexcursion.com\/pl\/wp-json\/wp\/v2\/product_tag?post=22846"}],"curies":[{"name":"wp","href":"https:\/\/api.w.org\/{rel}","templated":true}]}}