{"id":24565,"date":"2023-11-22T21:11:57","date_gmt":"2023-11-22T18:11:59","guid":{"rendered":"https:\/\/holidayexcursion.com\/?post_type=product&#038;p=24565"},"modified":"2023-11-27T23:33:01","modified_gmt":"2023-11-27T20:33:01","slug":"lodzia","status":"publish","type":"product","link":"https:\/\/holidayexcursion.com\/pl\/tours-in-alanya\/wycieczki\/lodzia\/","title":{"rendered":"WYCIECZKA \u0141ODZI\u0104 O ZACHODIE S\u0141O\u0143CA ALANYI"},"content":{"rendered":"<h2 style=\"text-align: center;\"><\/h2>\n<h2 style=\"text-align: center;\">WYCIECZKA \u0141ODZI\u0104 O ZACHODIE S\u0141O\u0143CA ALANYI<\/h2>\n<p style=\"text-align: center;\">Ogl\u0105danie zachodu s\u0142o\u0144ca podczas <a href=\"https:\/\/holidayexcursion.com\/tours-in-alanya\/tours\/boat\/\">rejsu \u0142odzi\u0105<\/a> po Alanyi w Turcji jest naprawd\u0119 hipnotyzuj\u0105cym i niezapomnianym prze\u017cyciem. Gdy s\u0142o\u0144ce zaczyna zachodzi\u0107, rzucaj\u0105c \u017cywe kolory na niebo i odbijaj\u0105c si\u0119 w spokojnych wodach, pasa\u017cerowie na pok\u0142adzie \u0142odzi s\u0105 \u015bwiadkami zapieraj\u0105cego dech w piersiach spektaklu, kt\u00f3ry z pewno\u015bci\u0105 pozostawi niezapomniane wspomnienia.<\/p>\n<p style=\"text-align: center;\">Gdy \u0142\u00f3d\u017a wyp\u0142ywa z malowniczego portu w Alanyi, w\u015br\u00f3d go\u015bci ro\u015bnie oczekiwanie. Delikatne ko\u0142ysanie \u0142odzi i koj\u0105cy szum fal tworz\u0105 poczucie spokoju, gdy statek p\u0142ynie po lazurowych wodach Morza \u015ar\u00f3dziemnego. Pasa\u017cerowie s\u0105 otoczeni osza\u0142amiaj\u0105c\u0105 nadmorsk\u0105 sceneri\u0105, z poszarpanymi klifami, bujn\u0105 zieleni\u0105 i staro\u017cytnymi ruinami, kt\u00f3re dodaj\u0105 czaruj\u0105cej atmosfery.<\/p>\n<p style=\"text-align: center;\"><img loading=\"lazy\" decoding=\"async\" class=\"alignnone size-medium wp-image-24578\" src=\"https:\/\/holidayexcursion.com\/wp-content\/uploads\/2023\/11\/Alanya-sunset-boat-tour-2024-300x200.jpg\" alt=\"\" width=\"300\" height=\"200\" title=\"\" srcset=\"https:\/\/holidayexcursion.com\/wp-content\/uploads\/2023\/11\/Alanya-sunset-boat-tour-2024-300x200.jpg 300w, https:\/\/holidayexcursion.com\/wp-content\/uploads\/2023\/11\/Alanya-sunset-boat-tour-2024-600x400.jpg 600w, https:\/\/holidayexcursion.com\/wp-content\/uploads\/2023\/11\/Alanya-sunset-boat-tour-2024.jpg 720w\" sizes=\"auto, (max-width: 300px) 100vw, 300px\" \/><\/p>\n<p style=\"text-align: center;\">Gdy s\u0142o\u0144ce zaczyna stopniowo schodzi\u0107 w stron\u0119 horyzontu, niebo zamienia si\u0119 w p\u0142\u00f3tno o \u017cywych barwach. Ciep\u0142e pomara\u0144cze, g\u0142\u0119bokie czerwienie i delikatne fiolety tworz\u0105 uderzaj\u0105cy kontrast z g\u0142\u0119bokim b\u0142\u0119kitem morza, wywo\u0142uj\u0105c poczucie podziwu i zachwytu. Zmieniaj\u0105ce si\u0119 kolory maluj\u0105 z ka\u017cd\u0105 chwil\u0105 inny obraz, oferuj\u0105c niepowtarzalny i dynamiczny pokaz naturalnego pi\u0119kna.<\/p>\n<p style=\"text-align: center;\">Gdy \u0142\u00f3d\u017a kontynuuje podr\u00f3\u017c, s\u0142o\u0144ce chowa si\u0119 ni\u017cej, rzucaj\u0105c z\u0142oty blask na krajobraz. Mi\u0119kkie, ciep\u0142e \u015bwiat\u0142o o\u015bwietla wszystko na swojej drodze, tworz\u0105c magiczn\u0105 atmosfer\u0119, kt\u00f3ra jest po prostu czaruj\u0105ca. Pasa\u017cerowie cz\u0119sto nie mog\u0105 wyrazi\u0107 s\u0142owa, gdy s\u0105 \u015bwiadkami osza\u0142amiaj\u0105cej transformacji otoczenia i maj\u0105 wra\u017cenie, \u017ce zostali przeniesieni do zupe\u0142nie innego \u015bwiata.<\/p>\n<p style=\"text-align: center;\"><img loading=\"lazy\" decoding=\"async\" class=\"alignnone size-medium wp-image-24584\" src=\"https:\/\/holidayexcursion.com\/wp-content\/uploads\/2023\/11\/Alanya-sunset-boat-tour-holiday-excursion-300x200.jpg\" alt=\"\" width=\"300\" height=\"200\" title=\"\" srcset=\"https:\/\/holidayexcursion.com\/wp-content\/uploads\/2023\/11\/Alanya-sunset-boat-tour-holiday-excursion-300x200.jpg 300w, https:\/\/holidayexcursion.com\/wp-content\/uploads\/2023\/11\/Alanya-sunset-boat-tour-holiday-excursion-600x400.jpg 600w, https:\/\/holidayexcursion.com\/wp-content\/uploads\/2023\/11\/Alanya-sunset-boat-tour-holiday-excursion.jpg 669w\" sizes=\"auto, (max-width: 300px) 100vw, 300px\" \/><\/p>\n<p style=\"text-align: center;\">Gdy s\u0142o\u0144ce zbli\u017ca si\u0119 do horyzontu, kapitan ustawia \u0142\u00f3d\u017a w idealnym punkcie obserwacyjnym, umo\u017cliwiaj\u0105c pasa\u017cerom pe\u0142ne zanurzenie si\u0119 w budz\u0105cej podziw scenie. Ostatnie chwile przed znikni\u0119ciem s\u0142o\u0144ca za horyzontem naznaczone s\u0105 poczuciem zbiorowego zachwytu, gdy wszyscy na pok\u0142adzie podziwiaj\u0105 zapieraj\u0105cy dech w piersiach widok.<\/p>\n<p style=\"text-align: center;\">Po zachodzie s\u0142o\u0144ca \u0142\u00f3d\u017a stopniowo rozpoczyna podr\u00f3\u017c powrotn\u0105 do portu, a gasn\u0105ce \u015bwiat\u0142o rzuca spokojn\u0105 aur\u0119 nad morzem. Do\u015bwiadczenie zachodu s\u0142o\u0144ca podczas rejsu statkiem po Alanyi pozostawia niezatarte wra\u017cenie na wszystkich, kt\u00f3rzy w nim uczestnicz\u0105, s\u0142u\u017c\u0105c jako przejmuj\u0105ce przypomnienie czystego pi\u0119kna i wspania\u0142o\u015bci \u015bwiata przyrody.<\/p>\n<p style=\"text-align: center;\"><img loading=\"lazy\" decoding=\"async\" class=\"alignnone size-full wp-image-24572\" src=\"https:\/\/holidayexcursion.com\/wp-content\/uploads\/2023\/11\/Alanya-sunset-boat-holiday-excursion.jpg\" alt=\"\" width=\"275\" height=\"183\" title=\"\"><\/p>\n<p style=\"text-align: center;\">Podczas rejsu pasa\u017cerowie maj\u0105 mo\u017cliwo\u015b\u0107 delektowania si\u0119 pysznymi przek\u0105skami i daniami kuchni lokalnej, co jeszcze bardziej podnosi og\u00f3ln\u0105 satysfakcj\u0119 z podr\u00f3\u017cy. Niezale\u017cnie od tego, czy s\u0105czysz orze\u017awiaj\u0105cy nap\u00f3j, czy delektujesz si\u0119 wy\u015bmienitymi przek\u0105skami, oferta kulinarna uzupe\u0142nia spokojn\u0105 atmosfer\u0119 i stwarza poczucie rozkoszy i relaksu.<\/p>\n<p style=\"text-align: center;\">Opr\u00f3cz urzekaj\u0105cego zachodu s\u0142o\u0144ca rejs \u0142odzi\u0105 zapewnia go\u015bciom wiele mo\u017cliwo\u015bci sp\u0119dzenia wolnego czasu i spotka\u0144 towarzyskich z innymi pasa\u017cerami. Niezale\u017cnie od tego, czy chodzi o o\u017cywione rozmowy, uczestnictwo w zaj\u0119ciach wodnych, czy po prostu p\u0142awienie si\u0119 w spokojnej atmosferze, rejs statkiem sprzyja poczuciu kole\u017ce\u0144stwa i serdeczno\u015bci w\u015br\u00f3d go\u015bci.<\/p>\n<p style=\"text-align: center;\"><img loading=\"lazy\" decoding=\"async\" class=\"alignnone size-medium wp-image-24596\" src=\"https:\/\/holidayexcursion.com\/wp-content\/uploads\/2023\/11\/alanya-sunset-boat-holidayexcursion-300x188.jpg\" alt=\"\" width=\"300\" height=\"188\" title=\"\" srcset=\"https:\/\/holidayexcursion.com\/wp-content\/uploads\/2023\/11\/alanya-sunset-boat-holidayexcursion-300x188.jpg 300w, https:\/\/holidayexcursion.com\/wp-content\/uploads\/2023\/11\/alanya-sunset-boat-holidayexcursion-600x375.jpg 600w, https:\/\/holidayexcursion.com\/wp-content\/uploads\/2023\/11\/alanya-sunset-boat-holidayexcursion.jpg 720w\" sizes=\"auto, (max-width: 300px) 100vw, 300px\" \/><\/p>\n<p style=\"text-align: center;\">Rejs statkiem o zachodzie s\u0142o\u0144ca w <a href=\"https:\/\/tr.wikipedia.org\/wiki\/Alanya\" rel=\"nofollow noopener\" target=\"_blank\">Alanyi<\/a> to nie tylko spektakl wizualny, ale wszechstronne prze\u017cycie zmys\u0142owe, kt\u00f3re pozwala uczestnikom w pe\u0142ni zanurzy\u0107 si\u0119 w naturalnym pi\u0119knie tureckiego wybrze\u017ca i <a href=\"https:\/\/tr.wikipedia.org\/wiki\/Alanya_Kalesi\" rel=\"nofollow noopener\" target=\"_blank\">zamku w Alanyi.<\/a> Po\u0142\u0105czenie zachwycaj\u0105cych widok\u00f3w, wy\u015bmienitej kuchni i mi\u0142ego towarzystwa tworzy naprawd\u0119 niezapomniane wra\u017cenia, kt\u00f3re pozostaj\u0105 w pami\u0119ci d\u0142ugo po zako\u0144czeniu rejsu.<\/p>\n<p style=\"text-align: center;\">Gdy \u0142\u00f3d\u017a dokuje z powrotem w porcie, pasa\u017cerowie schodz\u0105 na l\u0105d z odnowionym poczuciem zachwytu i uznania dla \u015bwiata przyrody. Zapieraj\u0105ca dech w piersiach podr\u00f3\u017c i urzekaj\u0105cy zach\u00f3d s\u0142o\u0144ca pozostawiaj\u0105 niezatarty \u015blad, inspiruj\u0105c tych, kt\u00f3rzy byli jej \u015bwiadkami, do poszukiwania kolejnych chwil pi\u0119kna i spokoju w swoim \u017cyciu.<\/p>\n<p style=\"text-align: center;\"><img loading=\"lazy\" decoding=\"async\" class=\"alignnone size-medium wp-image-24602\" src=\"https:\/\/holidayexcursion.com\/wp-content\/uploads\/2023\/11\/alanya-sunset-boat-tour-holiday-excursion-300x210.jpeg\" alt=\"\" width=\"300\" height=\"210\" title=\"\" srcset=\"https:\/\/holidayexcursion.com\/wp-content\/uploads\/2023\/11\/alanya-sunset-boat-tour-holiday-excursion-300x210.jpeg 300w, https:\/\/holidayexcursion.com\/wp-content\/uploads\/2023\/11\/alanya-sunset-boat-tour-holiday-excursion-768x538.jpeg 768w, https:\/\/holidayexcursion.com\/wp-content\/uploads\/2023\/11\/alanya-sunset-boat-tour-holiday-excursion-600x420.jpeg 600w, https:\/\/holidayexcursion.com\/wp-content\/uploads\/2023\/11\/alanya-sunset-boat-tour-holiday-excursion.jpeg 800w\" sizes=\"auto, (max-width: 300px) 100vw, 300px\" \/><\/p>\n<p style=\"text-align: center;\">Rejs statkiem o zachodzie s\u0142o\u0144ca w Alanyi oferuje urzekaj\u0105ce po\u0142\u0105czenie naturalnego pi\u0119kna, kulinarnych przysmak\u00f3w i przyjemno\u015bci towarzyskich, dzi\u0119ki czemu jest obowi\u0105zkowym prze\u017cyciem dla ka\u017cdego odwiedzaj\u0105cego ten region. Niezale\u017cnie od tego, czy podr\u00f3\u017cujesz samotnie, para szuka romantycznej eskapady, czy te\u017c grupa przyjaci\u00f3\u0142 szuka przyg\u00f3d, rejs statkiem o zachodzie s\u0142o\u0144ca w Alanyi z pewno\u015bci\u0105 pozostawi niezatarte wra\u017cenie i stworzy cenne wspomnienia na d\u0142ugie lata.<\/p>\n<div style=\"text-align: center;\"><strong>PROGRAM WYCIECZKI \u0141ODZI\u0104 ALANYA:<\/strong><\/div>\n<div style=\"text-align: center;\">* Odbi\u00f3r z hoteli\/apartament\u00f3w w Alanyi i okolicach<\/div>\n<div style=\"text-align: center;\">* Transport do portu w Alanyi, wyp\u0142yni\u0119cie z portu w Alanyi o godzinie 18:30<\/div>\n<div style=\"text-align: center;\">* Ogl\u0105danie starej stoczni w Alanyi, czerwonej wie\u017cy ze statku, p\u0142ywanie w pobli\u017cu stoczni<\/div>\n<div style=\"text-align: center;\">* Zobaczysz jaskini\u0119 pirat\u00f3w, jaskini\u0119 kochank\u00f3w, jaskini\u0119 fosforow\u0105, pla\u017c\u0119 Kleopatry<\/div>\n<div style=\"text-align: center;\">* Lunch, p\u0142ywanie na pla\u017cy Ulaslar, jaskinia diab\u0142a, przerwy na p\u0142ywanie,<\/div>\n<div style=\"text-align: center;\">* Je\u015bli masz szcz\u0119\u015bliwy dzie\u0144, czasami mo\u017cesz zobaczy\u0107 te\u017c delfiny.<\/div>\n<div style=\"text-align: center;\">* Powr\u00f3t do portu w Alanyi z otwartego morza, powr\u00f3t do swoich adres\u00f3w w Alanyi i okolicach.<\/div>\n<div style=\"text-align: center;\"><\/div>\n<div style=\"text-align: center;\"><strong>CENA ZAWIERA:<\/strong><\/div>\n<div style=\"text-align: center;\">* Odbi\u00f3r i dow\u00f3z z hoteli i apartament\u00f3w w Alanyi, przewodnik, lunch (grillowany kurczak, 3 rodzaje sa\u0142atek, ry\u017c)<\/div>\n<div style=\"text-align: center;\">* Napoje bezalkoholowe (woda, cola, fanta, woda mineralna ex.) Animacje, Rozrywka Impreza w piance.<\/div>\n<div style=\"text-align: center;\"><\/div>\n<div style=\"text-align: center;\"><strong>OPCJONALNE DODATKI:<\/strong><\/div>\n<div style=\"text-align: center;\">* Napoje alkoholowe, lody, zdj\u0119cia<\/div>\n<div style=\"text-align: center;\"><\/div>\n<div style=\"text-align: center;\"><strong>DODATKOWE INFORMACJE I WSKAZ\u00d3WKI:<\/strong><\/div>\n<div style=\"text-align: center;\">* Na naszym jachcie dost\u0119pne s\u0105 przebieralnie, toalety, WC i prysznice.<\/div>\n<div style=\"text-align: center;\">* Dost\u0119pnych jest kilka przerw na p\u0142ywanie. Je\u015bli chcesz p\u0142ywa\u0107,<\/div>\n<div style=\"text-align: center;\">* Powiniene\u015b zabra\u0107 ze sob\u0105 kostium k\u0105pielowy, krem \u200b\u200b\u200b\u200bdo opalania i r\u0119cznik pla\u017cowy.<\/div>\n<div style=\"text-align: center;\">* W przypadku choroby morskiej zaleca si\u0119 zaopatrzenie go\u015bci w trakcie wycieczki w odpowiednie leki.<\/div>\n<p style=\"text-align: center;\">\u017byczymy Pa\u0144stwu niezapomnianych wspomnie\u0144 z wakacji w Alanyi w Turcji.<\/p>\n<p style=\"text-align: center;\">Ps: Aby uzyska\u0107 wi\u0119cej informacji, mo\u017cesz r\u00f3wnie\u017c skontaktowa\u0107 si\u0119 przez aplikacj\u0119 Whats lub wiadomo\u015b\u0107.<\/p>\n<p style=\"text-align: center;\">Wakacyjny Zesp\u00f3\u0142 Wycieczkowy,<\/p>\n<p><iframe loading=\"lazy\" title=\"Sunset  Boat Tour  Alanya\" width=\"1020\" height=\"765\" src=\"https:\/\/www.youtube.com\/embed\/TnGhnEvT38c?feature=oembed\" frameborder=\"0\" allow=\"accelerometer; autoplay; clipboard-write; encrypted-media; gyroscope; picture-in-picture; web-share\" allowfullscreen><\/iframe><\/p>\n<p><iframe loading=\"lazy\" title=\"Alanya Pirate Ship Boat Trip Turkey 2023 || Big Karal Boat || Manoo Creations\" width=\"1020\" height=\"574\" src=\"https:\/\/www.youtube.com\/embed\/erkiZF0HrCs?feature=oembed\" frameborder=\"0\" allow=\"accelerometer; autoplay; clipboard-write; encrypted-media; gyroscope; picture-in-picture; web-share\" allowfullscreen><\/iframe><\/p>\n<p><iframe loading=\"lazy\" title=\"Alanya&#039;da tekne turu ve k\u00f6p\u00fck partisi\" width=\"1020\" height=\"574\" src=\"https:\/\/www.youtube.com\/embed\/2te7VbiBwpA?feature=oembed\" frameborder=\"0\" allow=\"accelerometer; autoplay; clipboard-write; encrypted-media; gyroscope; picture-in-picture; web-share\" allowfullscreen><\/iframe><\/p>\n","protected":false},"excerpt":{"rendered":"<p>WYCIECZKA \u0141ODZI\u0104 O ZACHODIE S\u0141O\u0143CA ALANYI Ogl\u0105danie zachodu s\u0142o\u0144ca podczas rejsu \u0142odzi\u0105 po Alanyi w Turcji jest naprawd\u0119 hipnotyzuj\u0105cym i niezapomnianym prze\u017cyciem. Gdy s\u0142o\u0144ce zaczyna zachodzi\u0107, rzucaj\u0105c \u017cywe kolory na niebo i odbijaj\u0105c si\u0119 w spokojnych wodach, pasa\u017cerowie na pok\u0142adzie \u0142odzi s\u0105 \u015bwiadkami zapieraj\u0105cego dech w piersiach spektaklu, kt\u00f3ry z pewno\u015bci\u0105 pozostawi niezapomniane wspomnienia. Gdy<\/p>\n","protected":false},"featured_media":24587,"comment_status":"open","ping_status":"closed","template":"","meta":[],"product_brand":[],"product_cat":[107],"product_tag":[],"class_list":{"0":"post-24565","1":"product","2":"type-product","3":"status-publish","4":"has-post-thumbnail","6":"product_cat-wycieczki","8":"first","9":"instock","10":"featured","11":"virtual","12":"sold-individually","13":"purchasable","14":"product-type-booking"},"_links":{"self":[{"href":"https:\/\/holidayexcursion.com\/pl\/wp-json\/wp\/v2\/product\/24565","targetHints":{"allow":["GET"]}}],"collection":[{"href":"https:\/\/holidayexcursion.com\/pl\/wp-json\/wp\/v2\/product"}],"about":[{"href":"https:\/\/holidayexcursion.com\/pl\/wp-json\/wp\/v2\/types\/product"}],"replies":[{"embeddable":true,"href":"https:\/\/holidayexcursion.com\/pl\/wp-json\/wp\/v2\/comments?post=24565"}],"wp:featuredmedia":[{"embeddable":true,"href":"https:\/\/holidayexcursion.com\/pl\/wp-json\/wp\/v2\/media\/24587"}],"wp:attachment":[{"href":"https:\/\/holidayexcursion.com\/pl\/wp-json\/wp\/v2\/media?parent=24565"}],"wp:term":[{"taxonomy":"product_brand","embeddable":true,"href":"https:\/\/holidayexcursion.com\/pl\/wp-json\/wp\/v2\/product_brand?post=24565"},{"taxonomy":"product_cat","embeddable":true,"href":"https:\/\/holidayexcursion.com\/pl\/wp-json\/wp\/v2\/product_cat?post=24565"},{"taxonomy":"product_tag","embeddable":true,"href":"https:\/\/holidayexcursion.com\/pl\/wp-json\/wp\/v2\/product_tag?post=24565"}],"curies":[{"name":"wp","href":"https:\/\/api.w.org\/{rel}","templated":true}]}}