{"id":26086,"date":"2023-11-26T15:09:16","date_gmt":"2023-11-26T12:09:17","guid":{"rendered":"https:\/\/holidayexcursion.com\/?post_type=product&#038;p=26086"},"modified":"2024-04-23T12:04:46","modified_gmt":"2024-04-23T09:04:46","slug":"yamaha-skuter","status":"publish","type":"product","link":"https:\/\/holidayexcursion.com\/pl\/tours-in-alanya\/rent-a-car-pl\/yamaha-skuter\/","title":{"rendered":"DO WYNAJ\u0118CIA SKUTER YAMAHA 50cc"},"content":{"rendered":"<h2 style=\"text-align: center;\">DO WYNAJ\u0118CIA SKUTER YAMAHA 50cc<\/h2>\n<p style=\"text-align: center;\">1-7 Cena za dzie\u0144: 20 \u20ac 7-14 Cena za dzie\u0144: 15 \u20ac<\/p>\n<p style=\"text-align: center;\">Nasz skuter o pojemno\u015bci 50 cm3 ma dzienny limit u\u017cytkowania wynosz\u0105cy 100 km. Za przejechany kilometr zostanie naliczona op\u0142ata za ka\u017cdy kilometr w wysoko\u015bci 0,25 euro.<\/p>\n<p style=\"text-align: center;\">Odkrywanie Alanyi na k\u00f3\u0142kach: zalety wynajmu <a href=\"https:\/\/holidayexcursion.com\/tours-in-alanya\/rent-a-car\/maxi-scooter\/\">skuter.<\/a><\/p>\n<p style=\"text-align: center;\">1. Wolno\u015b\u0107 i elastyczno\u015b\u0107:<br \/>\n&#8211; Wypo\u017cyczaj\u0105c hulajnog\u0119, masz swobod\u0119 tworzenia w\u0142asnego planu podr\u00f3\u017cy i odkrywania miejsca docelowego we w\u0142asnym tempie. Nie jeste\u015b przywi\u0105zany do sta\u0142ych rozk\u0142ad\u00f3w jazdy ani od tras transportu publicznego, dzi\u0119ki czemu mo\u017cesz odwiedza\u0107 r\u00f3\u017cne atrakcje i lokalizacje zgodnie ze swoimi preferencjami.<\/p>\n<p style=\"text-align: center;\">2. Odkryj ukryte klejnoty:<br \/>\n&#8211; Wypo\u017cyczenie hulajnogi pozwala zej\u015b\u0107 z utartych szlak\u00f3w i odkry\u0107 ukryte skarby w <a href=\"https:\/\/holidayexcursion.com\/tours-in-alanya\/tours\/city-tour\/\">Alanyi.<\/a><br \/>\n&#8211; Najlepszy i naj\u0142atwiejszy spos\u00f3b, aby zobaczy\u0107 mniej znane dzielnice, lokalne restauracje i malownicze punkty widokowe, do kt\u00f3rych nie mo\u017cna \u0142atwo dotrze\u0107 innymi \u015brodkami transportu.<\/p>\n<p style=\"text-align: center;\">   <img loading=\"lazy\" decoding=\"async\" class=\"alignnone wp-image-26108\" src=\"https:\/\/holidayexcursion.com\/wp-content\/uploads\/2023\/11\/yamaha-neos-kiralik-alanya-300x169.png\" alt=\"\" width=\"406\" height=\"229\" title=\"\" srcset=\"https:\/\/holidayexcursion.com\/wp-content\/uploads\/2023\/11\/yamaha-neos-kiralik-alanya-300x169.png 300w, https:\/\/holidayexcursion.com\/wp-content\/uploads\/2023\/11\/yamaha-neos-kiralik-alanya.png 600w\" sizes=\"auto, (max-width: 406px) 100vw, 406px\" \/><\/p>\n<p style=\"text-align: center;\">3. Przeja\u017cd\u017cki widokowe:<br \/>\n&#8211; Ogl\u0105danie widok\u00f3w z zamku w dzie\u0144 i w nocy oraz pi\u0119kno teren\u00f3w <a href=\"https:\/\/tr.wikipedia.org\/wiki\/Dim_%C3%87ay%C4%B1\" rel=\"nofollow noopener\" target=\"_blank\">piknikowych Dimcay<\/a> podr\u00f3\u017cuj\u0105cych po Alanyi i okolicach, kt\u00f3re s\u0105 idealne do przeja\u017cd\u017cek na hulajnodze.<br \/>\n&#8211; , A tak\u017ce wi\u0119cej miejsc, takich jak Pla\u017ca Kleopatry, taras w Alanyi, jaskinia Damlatas i ciemna jaskinia, kt\u00f3re mo\u017cna zwiedza\u0107, podziwiaj\u0105c wspania\u0142e widoki.<\/p>\n<p style=\"text-align: center;\">4. Op\u0142acalno\u015b\u0107:<br \/>\n&#8211; Wynaj\u0119cie <a href=\"https:\/\/holidayexcursion.com\/tours-in-alanya\/rent-a-car\/scooter-2\/\">skuter<\/a> jest cz\u0119sto ta\u0144sze ni\u017c wynaj\u0119cie samochodu lub skorzystanie z innych \u015brodk\u00f3w transportu, takich jak taks\u00f3wki czy transport publiczny. Hulajnogi charakteryzuj\u0105 si\u0119 niskim zu\u017cyciem paliwa, a op\u0142aty za wynajem s\u0105 zwykle ta\u0144sze, co czyni je opcj\u0105 przyjazn\u0105 dla bud\u017cetu.<img loading=\"lazy\" decoding=\"async\" class=\"alignnone size-medium wp-image-26090\" src=\"https:\/\/holidayexcursion.com\/wp-content\/uploads\/2023\/11\/Kiralik-scooter-alanya-300x225.jpg\" alt=\"\" width=\"300\" height=\"225\" title=\"\" srcset=\"https:\/\/holidayexcursion.com\/wp-content\/uploads\/2023\/11\/Kiralik-scooter-alanya-300x225.jpg 300w, https:\/\/holidayexcursion.com\/wp-content\/uploads\/2023\/11\/Kiralik-scooter-alanya.jpg 528w\" sizes=\"auto, (max-width: 300px) 100vw, 300px\" \/><\/p>\n<p style=\"text-align: center;\">5. \u0141atwe parkowanie w mie\u015bcie:<br \/>\n-Skutery to ma\u0142e i zwrotne pojazdy, kt\u00f3re umo\u017cliwiaj\u0105 \u0142atwe poruszanie si\u0119 w ruchu ulicznym i w\u0105skich uliczkach. Zapewniaj\u0105 wygodny \u015brodek transportu, zw\u0142aszcza w zat\u0142oczonych miastach lub miejscowo\u015bciach turystycznych, gdzie parkowanie mo\u017ce by\u0107 trudne.<\/p>\n<p style=\"text-align: center;\">6. Lokalne do\u015bwiadczenia w Turcji Alanya:<br \/>\n&#8211; Hulajnogi daj\u0105 Ci mo\u017cliwo\u015b\u0107 zej\u015bcia z utartych \u015bcie\u017cek i odkrycia ukrytych skarb\u00f3w. Mo\u017cesz odkrywa\u0107 lokalne dzielnice, malownicze trasy i mniej znane atrakcje, do kt\u00f3rych mog\u0105 nie by\u0107 \u0142atwo dost\u0119pne inne \u015brodki transportu, zapewniaj\u0105c bardziej autentyczne i wci\u0105gaj\u0105ce wra\u017cenia z podr\u00f3\u017cy. Wynaj\u0119cie hulajnogi w Alanya Holiday daje szans\u0119 na interakcj\u0119 z mieszka\u0144com \u0142atwiej. Po drodze mo\u017cesz zatrzyma\u0107 si\u0119 na lokalnych targowiskach, kawiarniach lub innych lokalach, co pozwoli ci zanurzy\u0107 si\u0119 w kulturze i nawi\u0105za\u0107 znacz\u0105cy kontakt ze spo\u0142eczno\u015bci\u0105.<\/p>\n<p style=\"text-align: center;\">                                                                 <img loading=\"lazy\" decoding=\"async\" class=\"size-medium wp-image-26114\" src=\"https:\/\/holidayexcursion.com\/wp-content\/uploads\/2023\/11\/Yamaha-Neos-2T_-300x234.jpg\" alt=\"\" width=\"300\" height=\"234\" title=\"\" srcset=\"https:\/\/holidayexcursion.com\/wp-content\/uploads\/2023\/11\/Yamaha-Neos-2T_-300x234.jpg 300w, https:\/\/holidayexcursion.com\/wp-content\/uploads\/2023\/11\/Yamaha-Neos-2T_-768x600.jpg 768w, https:\/\/holidayexcursion.com\/wp-content\/uploads\/2023\/11\/Yamaha-Neos-2T_-600x469.jpg 600w, https:\/\/holidayexcursion.com\/wp-content\/uploads\/2023\/11\/Yamaha-Neos-2T_.jpg 1024w\" sizes=\"auto, (max-width: 300px) 100vw, 300px\" \/><\/p>\n<p style=\"text-align: center;\">Wynajmuj\u0105c hulajnog\u0119, zawsze traktuj bezpiecze\u0144stwo jako priorytet. No\u015b odpowiedni sprz\u0119t ochronny, przestrzegaj przepis\u00f3w ruchu drogowego i zapoznaj si\u0119 z lokalnymi przepisami drogowymi.<\/p>\n<p style=\"text-align: center;\">-\u0130n Alanya Skutery mo\u017cna zazwyczaj wypo\u017cyczy\u0107 na r\u00f3\u017cne okresy, w tym na jednodniowe wycieczki i na d\u0142u\u017csze okresy. Wycieczka wakacyjna Wypo\u017cyczalnie cz\u0119sto oferuj\u0105 elastyczne opcje wynajmu, aby dostosowa\u0107 si\u0119 do r\u00f3\u017cnych plan\u00f3w podr\u00f3\u017cy. Oto kilka typowych czas\u00f3w wynajmu hulajn\u00f3g:<\/p>\n<p style=\"text-align: center;\"><img loading=\"lazy\" decoding=\"async\" class=\"alignnone wp-image-26102\" src=\"https:\/\/holidayexcursion.com\/wp-content\/uploads\/2023\/11\/yamaha-neos-50cc-for-rent-300x169.jpg\" alt=\"\" width=\"410\" height=\"231\" title=\"\" srcset=\"https:\/\/holidayexcursion.com\/wp-content\/uploads\/2023\/11\/yamaha-neos-50cc-for-rent-300x169.jpg 300w, https:\/\/holidayexcursion.com\/wp-content\/uploads\/2023\/11\/yamaha-neos-50cc-for-rent-600x337.jpg 600w, https:\/\/holidayexcursion.com\/wp-content\/uploads\/2023\/11\/yamaha-neos-50cc-for-rent.jpg 660w\" sizes=\"auto, (max-width: 410px) 100vw, 410px\" \/><\/p>\n<p style=\"text-align: center;\">1. Wynajem na godziny: Je\u015bli potrzebujesz hulajnogi tylko na kilka godzin lub na kr\u00f3tszy okres, nasza agencja wynajmu mo\u017ce zaoferowa\u0107 opcje wynajmu na godziny. Jest to przydatne, je\u015bli masz na my\u015bli konkretn\u0105 aktywno\u015b\u0107 lub kr\u00f3tk\u0105 wycieczk\u0119.<\/p>\n<p style=\"text-align: center;\">2. Wypo\u017cyczenie dzienne: Wypo\u017cyczenie dzienne to najcz\u0119stsza opcja wynajmu hulajnogi. Hulajnog\u0119 mo\u017cna wypo\u017cyczy\u0107 na ca\u0142y dzie\u0144, zazwyczaj od 24 do 48 godzin. Dzi\u0119ki temu mo\u017cesz swobodnie zwiedza\u0107 miejsce docelowe, odwiedzaj\u0105c wiele atrakcji lub wybieraj\u0105c si\u0119 na jednodniowe wycieczki.<\/p>\n<p style=\"text-align: center;\">3. Tygodniowy wynajem: Je\u015bli planujesz pobyt w Alanyi w Turcji na tydzie\u0144 lub d\u0142u\u017cej, nasza agencja wynajmu mo\u017ce zaoferowa\u0107 zni\u017cki na tygodniowy wynajem. Ta opcja jest idealna dla podr\u00f3\u017cnych, kt\u00f3rzy chc\u0105 u\u017cywa\u0107 hulajnogi jako podstawowego \u015brodka transportu podczas pobytu.<\/p>\n<p style=\"text-align: center;\">4. Miesi\u0119czny wynajem: Podr\u00f3\u017cnym przebywaj\u0105cym w Alanyi w Turcji przez d\u0142u\u017cszy okres, agencja wynajmu wycieczek wakacyjnych mo\u017ce oferowa\u0107 opcje miesi\u0119cznego wynajmu. Miesi\u0119czny wynajem jest bardziej op\u0142acalny ni\u017c dzienny lub tygodniowy wynajem i mo\u017ce by\u0107 wygodnym wyborem w przypadku d\u0142ugoterminowych plan\u00f3w podr\u00f3\u017cy.<\/p>\n<p style=\"text-align: center;\">Wa\u017cne jest, aby skontaktowa\u0107 si\u0119 z <a href=\"https:\/\/holidayexcursion.com\/rent-a-car-in-alanya\/\">agencj\u0105 wynajmu<\/a> w sprawie konkretnego czasu trwania wynajmu, stawek i wszelkich dodatkowych warunk\u00f3w, kt\u00f3re mog\u0105 mie\u0107 zastosowanie. Ponadto zawsze upewnij si\u0119, \u017ce posiadasz niezb\u0119dn\u0105 licencj\u0119 i wymagania dotycz\u0105ce ubezpieczenia, aby wypo\u017cyczy\u0107 i obs\u0142ugiwa\u0107 hulajnog\u0119 w miejscu docelowym.<\/p>\n<p style=\"text-align: center;\">1. Jakie s\u0105 wymagania dotycz\u0105ce wynajmu hulajnogi?<br \/>\nDo wypo\u017cyczenia hulajnogi zazwyczaj potrzebne b\u0119dzie wa\u017cne prawo jazdy. Niekt\u00f3re wypo\u017cyczalnie mog\u0105 mie\u0107 r\u00f3wnie\u017c wymagania dotycz\u0105ce minimalnego wieku, zwykle 18 lub 21 lat, w zale\u017cno\u015bci od lokalizacji.<\/p>\n<p style=\"text-align: center;\">2. Ile wypo\u017cyczenia hulajnogi?<br \/>\nCeny wynajmu hulajn\u00f3g mog\u0105 si\u0119 r\u00f3\u017cni\u0107 w zale\u017cno\u015bci od lokalizacji, czasu wynajmu i rodzaju hulajnogi. Og\u00f3lnie rzecz bior\u0105c, ceny wahaj\u0105 si\u0119 od 20 $ 100$ dolar\u00f3w dziennie, a stawki tygodniowe i miesi\u0119czne s\u0105 cz\u0119sto dost\u0119pne po obni\u017conej cenie.<\/p>\n<p style=\"text-align: center;\">3. Czy potrzebuj\u0119 ubezpieczenia, aby wypo\u017cyczy\u0107 hulajnog\u0119?<br \/>\nW wielu przypadkach wypo\u017cyczalnie hulajn\u00f3g oferuj\u0105 opcje ubezpieczenia, kt\u00f3re mo\u017cna wykupi\u0107 za dodatkow\u0105 op\u0142at\u0105. Przed wypo\u017cyczeniem hulajnogi wa\u017cne jest, aby zapyta\u0107 o zakres ubezpieczenia i zapozna\u0107 si\u0119 z jego warunkami.<\/p>\n<p style=\"text-align: center;\">4. Czy w ramach wypo\u017cyczenia dostarczane s\u0105 kaski?<br \/>\nHe\u0142my ochronne s\u0105 zwykle dostarczane w wypo\u017cyczalni hulajn\u00f3g. Ze wzgl\u0119du na bezpiecze\u0144stwo osobiste i zgodnie z lokalnymi przepisami noszenie kasku podczas jazdy jest niezb\u0119dne.<\/p>\n<p style=\"text-align: center;\">5. Czy mog\u0119 wypo\u017cyczy\u0107 hulajnog\u0119 bez wcze\u015bniejszego do\u015bwiadczenia w je\u017adzie?<br \/>\nNiekt\u00f3re wypo\u017cyczalnie mog\u0105 wymaga\u0107 od najemc\u00f3w wcze\u015bniejszego do\u015bwiadczenia w je\u017adzie na hulajnogach lub motocyklach, inne natomiast mog\u0105 oferowa\u0107 kr\u00f3tkie sesje szkoleniowe dla pocz\u0105tkuj\u0105cych. Je\u015bli jeste\u015b pocz\u0105tkuj\u0105cym je\u017ad\u017acem, warto o to zapyta\u0107.<\/p>\n<p style=\"text-align: center;\">6. Jak wygl\u0105da proces zwrotu hulajnogi?<br \/>\nZwykle oczekuje si\u0119, \u017ce wypo\u017cyczaj\u0105cy zwr\u00f3ci hulajnog\u0119 do wypo\u017cyczalni w okre\u015blonym terminie, w podobnym stanie, w jakim by\u0142a wypo\u017cyczona. Op\u00f3\u017anione zwroty mog\u0105 wi\u0105za\u0107 si\u0119 z dodatkowymi op\u0142atami, dlatego istotne jest przestrzeganie uzgodnionych warunk\u00f3w.<\/p>\n<p style=\"text-align: center;\">7. Czy istniej\u0105 ograniczenia dotycz\u0105ce miejsc, w kt\u00f3rych mog\u0119 je\u017adzi\u0107 na hulajnodze?<br \/>\nWa\u017cne jest, aby zna\u0107 wszelkie ograniczenia dotycz\u0105ce miejsc, w kt\u00f3rych mo\u017cna je\u017adzi\u0107 wypo\u017cyczon\u0105 hulajnog\u0105. Niekt\u00f3re umowy najmu mog\u0105 ogranicza\u0107 jazd\u0119 na okre\u015blonych obszarach lub po okre\u015blonych rodzajach dr\u00f3g.<\/p>\n<p style=\"text-align: center;\">8. Czy za przekroczenie przebiegu stosowania dodatkowych op\u0142at?<br \/>\nWiele wypo\u017cyczalni hulajn\u00f3g ma limity kilometr\u00f3w i mo\u017ce pobiera\u0107 dodatkowe op\u0142aty za przekroczenie wyznaczonego dystansu. Zrozumienie tych warunk\u00f3w mo\u017ce pom\u00f3c unikn\u0105\u0107 nieoczekiwanych op\u0142at.<\/p>\n<p style=\"text-align: center;\">9. Co dzieje si\u0119 w przypadku wyst\u0105pienia problemu lub choroby?<br \/>\nW przypadku problem\u00f3w mechanicznych lub awarii w okresie wynajmu bardzo wa\u017cne jest, aby zna\u0107 procedury kontaktu z wypo\u017cyczalni\u0105 i uzyskania pomocy lub pojazdu zast\u0119pczego.<\/p>\n<p style=\"text-align: center;\">10. Jakie s\u0105 akceptowane metody p\u0142atno\u015bci za wypo\u017cyczenie hulajnogi?<br \/>\nWi\u0119kszo\u015b\u0107 wypo\u017cyczalni hulajn\u00f3g akceptuje g\u0142\u00f3wne karty kredytowe do p\u0142atno\u015bci, a niekt\u00f3re mog\u0105 r\u00f3wnie\u017c zezwala\u0107 na p\u0142atno\u015bci got\u00f3wk\u0105. Wa\u017cne jest, aby przed wypo\u017cyczeniem hulajnogi wyja\u015bni\u0107 akceptowane metody p\u0142atno\u015bci.<\/p>\n<p style=\"text-align: center;\">Wypo\u017cyczenie hulajnogi mo\u017ce by\u0107 wygodnym i przyjemnym sposobem na poznanie miejsca docelowego, ale przed wyruszeniem w podr\u00f3\u017c wa\u017cne jest, aby by\u0107 dobrze poinformowanym o procesie wynajmu, kwestiach bezpiecze\u0144stwa oraz wszelkich zwi\u0105zanych z nim kosztach i zasadach.<\/p>\n<p style=\"text-align: center;\">Pami\u0119taj, \u017ce mo\u017cesz dowolnie dostosowywa\u0107 i rozszerza\u0107 ten zarys zgodnie ze swoimi potrzebami. Je\u015bli masz jakie\u015b bardziej szczeg\u00f3\u0142owe \u017cyczenia dotycz\u0105ce wakacji w Alanyi, daj mi zna\u0107!<\/p>\n<p style=\"text-align: center;\">\u017byczymy Pa\u0144stwu niezapomnianych wspomnie\u0144 z wakacji w Alanyi w Turcji.<\/p>\n<p style=\"text-align: center;\">Ps: Aby uzyska\u0107 wi\u0119cej informacji, mo\u017cesz r\u00f3wnie\u017c skontaktowa\u0107 si\u0119 przez aplikacj\u0119 Whats lub wiadomo\u015b\u0107.<\/p>\n<p style=\"text-align: center;\">Wakacyjny Zesp\u00f3\u0142 Wycieczkowy,<\/p>\n<p><iframe loading=\"lazy\" title=\"Mopeds and motor scooters: Know the rules before getting on road\" width=\"1020\" height=\"574\" src=\"https:\/\/www.youtube.com\/embed\/fcGHEQy9z3Q?feature=oembed\" frameborder=\"0\" allow=\"accelerometer; autoplay; clipboard-write; encrypted-media; gyroscope; picture-in-picture; web-share\" allowfullscreen><\/iframe><\/p>\n<p><iframe loading=\"lazy\" title=\"How to ride a scooter - tips, tricks, and more\" width=\"1020\" height=\"574\" src=\"https:\/\/www.youtube.com\/embed\/hf1VzN6z1NY?feature=oembed\" frameborder=\"0\" allow=\"accelerometer; autoplay; clipboard-write; encrypted-media; gyroscope; picture-in-picture; web-share\" allowfullscreen><\/iframe><\/p>\n<p><iframe loading=\"lazy\" title=\"Everything You Need to Know to Ride a Scooter\" width=\"1020\" height=\"574\" src=\"https:\/\/www.youtube.com\/embed\/rzvmzKmOaLE?feature=oembed\" frameborder=\"0\" allow=\"accelerometer; autoplay; clipboard-write; encrypted-media; gyroscope; picture-in-picture; web-share\" allowfullscreen><\/iframe><\/p>\n","protected":false},"excerpt":{"rendered":"<p>DO WYNAJ\u0118CIA SKUTER YAMAHA 50cc 1-7 Cena za dzie\u0144: 20 \u20ac 7-14 Cena za dzie\u0144: 15 \u20ac Nasz skuter o pojemno\u015bci 50 cm3 ma dzienny limit u\u017cytkowania wynosz\u0105cy 100 km. Za przejechany kilometr zostanie naliczona op\u0142ata za ka\u017cdy kilometr w wysoko\u015bci 0,25 euro. Odkrywanie Alanyi na k\u00f3\u0142kach: zalety wynajmu skuter. 1. Wolno\u015b\u0107 i elastyczno\u015b\u0107: &#8211;<\/p>\n","protected":false},"featured_media":6911,"comment_status":"open","ping_status":"closed","template":"","meta":[],"product_brand":[],"product_cat":[106],"product_tag":[],"class_list":{"0":"post-26086","1":"product","2":"type-product","3":"status-publish","4":"has-post-thumbnail","6":"product_cat-rent-a-car-pl","8":"first","9":"instock","10":"featured","11":"virtual","12":"sold-individually","13":"purchasable","14":"product-type-booking"},"_links":{"self":[{"href":"https:\/\/holidayexcursion.com\/pl\/wp-json\/wp\/v2\/product\/26086","targetHints":{"allow":["GET"]}}],"collection":[{"href":"https:\/\/holidayexcursion.com\/pl\/wp-json\/wp\/v2\/product"}],"about":[{"href":"https:\/\/holidayexcursion.com\/pl\/wp-json\/wp\/v2\/types\/product"}],"replies":[{"embeddable":true,"href":"https:\/\/holidayexcursion.com\/pl\/wp-json\/wp\/v2\/comments?post=26086"}],"wp:featuredmedia":[{"embeddable":true,"href":"https:\/\/holidayexcursion.com\/pl\/wp-json\/wp\/v2\/media\/6911"}],"wp:attachment":[{"href":"https:\/\/holidayexcursion.com\/pl\/wp-json\/wp\/v2\/media?parent=26086"}],"wp:term":[{"taxonomy":"product_brand","embeddable":true,"href":"https:\/\/holidayexcursion.com\/pl\/wp-json\/wp\/v2\/product_brand?post=26086"},{"taxonomy":"product_cat","embeddable":true,"href":"https:\/\/holidayexcursion.com\/pl\/wp-json\/wp\/v2\/product_cat?post=26086"},{"taxonomy":"product_tag","embeddable":true,"href":"https:\/\/holidayexcursion.com\/pl\/wp-json\/wp\/v2\/product_tag?post=26086"}],"curies":[{"name":"wp","href":"https:\/\/api.w.org\/{rel}","templated":true}]}}